{"id":123193,"date":"2019-12-27T17:06:11","date_gmt":"2019-12-27T17:06:11","guid":{"rendered":"https:\/\/www.trustedtranslations.com\/?page_id=123193"},"modified":"2024-09-02T17:11:17","modified_gmt":"2024-09-02T20:11:17","slug":"tedesco","status":"publish","type":"page","link":"https:\/\/www.trustedtranslations.com\/it\/lingua\/tedesco","title":{"rendered":"Tedesco"},"content":{"rendered":"","protected":false},"excerpt":{"rendered":"","protected":false},"author":1,"featured_media":139629,"parent":123365,"menu_order":0,"comment_status":"closed","ping_status":"closed","template":"","meta":{"site-sidebar-layout":"default","site-content-layout":"default","ast-site-content-layout":"default","site-content-style":"default","site-sidebar-style":"default","ast-global-header-display":"","ast-banner-title-visibility":"","ast-main-header-display":"","ast-hfb-above-header-display":"","ast-hfb-below-header-display":"","ast-hfb-mobile-header-display":"","site-post-title":"disabled","ast-breadcrumbs-content":"","ast-featured-img":"","footer-sml-layout":"","theme-transparent-header-meta":"default","adv-header-id-meta":"","stick-header-meta":"","header-above-stick-meta":"","header-main-stick-meta":"","header-below-stick-meta":"","astra-migrate-meta-layouts":"set","ast-page-background-enabled":"default","ast-page-background-meta":{"desktop":{"background-color":"var(--ast-global-color-4)","background-image":"","background-repeat":"repeat","background-position":"center center","background-size":"auto","background-attachment":"scroll","background-type":"","background-media":"","overlay-type":"","overlay-color":"","overlay-opacity":"","overlay-gradient":""},"tablet":{"background-color":"","background-image":"","background-repeat":"repeat","background-position":"center center","background-size":"auto","background-attachment":"scroll","background-type":"","background-media":"","overlay-type":"","overlay-color":"","overlay-opacity":"","overlay-gradient":""},"mobile":{"background-color":"","background-image":"","background-repeat":"repeat","background-position":"center center","background-size":"auto","background-attachment":"scroll","background-type":"","background-media":"","overlay-type":"","overlay-color":"","overlay-opacity":"","overlay-gradient":""}},"ast-content-background-meta":{"desktop":{"background-color":"var(--ast-global-color-5)","background-image":"","background-repeat":"repeat","background-position":"center center","background-size":"auto","background-attachment":"scroll","background-type":"","background-media":"","overlay-type":"","overlay-color":"","overlay-opacity":"","overlay-gradient":""},"tablet":{"background-color":"var(--ast-global-color-5)","background-image":"","background-repeat":"repeat","background-position":"center center","background-size":"auto","background-attachment":"scroll","background-type":"","background-media":"","overlay-type":"","overlay-color":"","overlay-opacity":"","overlay-gradient":""},"mobile":{"background-color":"var(--ast-global-color-5)","background-image":"","background-repeat":"repeat","background-position":"center center","background-size":"auto","background-attachment":"scroll","background-type":"","background-media":"","overlay-type":"","overlay-color":"","overlay-opacity":"","overlay-gradient":""}},"footnotes":""},"class_list":["post-123193","page","type-page","status-publish","has-post-thumbnail","hentry"],"yoast_head":"<!-- This site is optimized with the Yoast SEO plugin v27.5 - https:\/\/yoast.com\/product\/yoast-seo-wordpress\/ -->\n<title>Servizi di traduzione da e verso il tedesco - Trusted Translations, Inc.<\/title>\n<meta name=\"description\" content=\"Trusted Translations: Leader nei servizi di traduzione in tedesco da parte di team di traduttori esperti in tedesco. Richiedi un preventivo o una consulenza gratuita.\" \/>\n<meta name=\"robots\" content=\"index, follow, max-snippet:-1, max-image-preview:large, max-video-preview:-1\" \/>\n<link rel=\"canonical\" href=\"https:\/\/www.trustedtranslations.com\/it\/lingua\/tedesco\" \/>\n<meta property=\"og:locale\" content=\"it_IT\" \/>\n<meta property=\"og:type\" content=\"article\" \/>\n<meta property=\"og:title\" content=\"Servizi di traduzione da e verso il tedesco - Trusted Translations, Inc.\" \/>\n<meta property=\"og:description\" content=\"Trusted Translations: Leader nei servizi di traduzione in tedesco da parte di team di traduttori esperti in tedesco. Richiedi un preventivo o una consulenza gratuita.\" \/>\n<meta property=\"og:url\" content=\"https:\/\/www.trustedtranslations.com\/it\/lingua\/tedesco\" \/>\n<meta property=\"og:site_name\" content=\"Trusted Translations, Inc.\" \/>\n<meta property=\"article:publisher\" content=\"https:\/\/www.facebook.com\/Trusted.Translations\" \/>\n<meta property=\"article:modified_time\" content=\"2024-09-02T20:11:17+00:00\" \/>\n<meta property=\"og:image\" content=\"https:\/\/static.trustedtranslations.com\/wp-content\/uploads\/2022\/03\/TT_NEW_FB-1.png\" \/>\n\t<meta property=\"og:image:width\" content=\"1038\" \/>\n\t<meta property=\"og:image:height\" content=\"1038\" \/>\n\t<meta property=\"og:image:type\" content=\"image\/png\" \/>\n<meta name=\"twitter:card\" content=\"summary_large_image\" \/>\n<meta name=\"twitter:site\" content=\"@TrustedT9ns\" \/>\n<script type=\"application\/ld+json\" class=\"yoast-schema-graph\">{\"@context\":\"https:\\\/\\\/schema.org\",\"@graph\":[{\"@type\":\"WebPage\",\"@id\":\"https:\\\/\\\/www.trustedtranslations.com\\\/it\\\/lingua\\\/tedesco\",\"url\":\"https:\\\/\\\/www.trustedtranslations.com\\\/it\\\/lingua\\\/tedesco\",\"name\":\"Servizi di traduzione da e verso il tedesco - Trusted Translations, Inc.\",\"isPartOf\":{\"@id\":\"https:\\\/\\\/www.trustedtranslations.com\\\/it\\\/#website\"},\"primaryImageOfPage\":{\"@id\":\"https:\\\/\\\/www.trustedtranslations.com\\\/it\\\/lingua\\\/tedesco#primaryimage\"},\"image\":{\"@id\":\"https:\\\/\\\/www.trustedtranslations.com\\\/it\\\/lingua\\\/tedesco#primaryimage\"},\"thumbnailUrl\":\"https:\\\/\\\/www.trustedtranslations.com\\\/wp-content\\\/uploads\\\/2022\\\/03\\\/TT_NEW_FB-1.png\",\"description\":\"Trusted Translations: Leader nei servizi di traduzione in tedesco da parte di team di traduttori esperti in tedesco. Richiedi un preventivo o una consulenza gratuita.\",\"breadcrumb\":{\"@id\":\"https:\\\/\\\/www.trustedtranslations.com\\\/it\\\/lingua\\\/tedesco#breadcrumb\"},\"inLanguage\":\"it-IT\",\"potentialAction\":[{\"@type\":\"ReadAction\",\"target\":[\"https:\\\/\\\/www.trustedtranslations.com\\\/it\\\/lingua\\\/tedesco\"]}]},{\"@type\":\"ImageObject\",\"inLanguage\":\"it-IT\",\"@id\":\"https:\\\/\\\/www.trustedtranslations.com\\\/it\\\/lingua\\\/tedesco#primaryimage\",\"url\":\"https:\\\/\\\/www.trustedtranslations.com\\\/wp-content\\\/uploads\\\/2022\\\/03\\\/TT_NEW_FB-1.png\",\"contentUrl\":\"https:\\\/\\\/www.trustedtranslations.com\\\/wp-content\\\/uploads\\\/2022\\\/03\\\/TT_NEW_FB-1.png\",\"width\":1038,\"height\":1038,\"caption\":\"TT NEW FB 1\"},{\"@type\":\"BreadcrumbList\",\"@id\":\"https:\\\/\\\/www.trustedtranslations.com\\\/it\\\/lingua\\\/tedesco#breadcrumb\",\"itemListElement\":[{\"@type\":\"ListItem\",\"position\":1,\"name\":\"Home\",\"item\":\"https:\\\/\\\/www.trustedtranslations.com\\\/it\"},{\"@type\":\"ListItem\",\"position\":2,\"name\":\"Lingue\",\"item\":\"https:\\\/\\\/www.trustedtranslations.com\\\/it\\\/lingua\"},{\"@type\":\"ListItem\",\"position\":3,\"name\":\"Tedesco\"}]},{\"@type\":\"WebSite\",\"@id\":\"https:\\\/\\\/www.trustedtranslations.com\\\/it\\\/#website\",\"url\":\"https:\\\/\\\/www.trustedtranslations.com\\\/it\\\/\",\"name\":\"Trusted Translations, Inc.\",\"description\":\"Leader in translation and interpretation services.\",\"publisher\":{\"@id\":\"https:\\\/\\\/www.trustedtranslations.com\\\/it\\\/#organization\"},\"alternateName\":\"Trusted Translations\",\"potentialAction\":[{\"@type\":\"SearchAction\",\"target\":{\"@type\":\"EntryPoint\",\"urlTemplate\":\"https:\\\/\\\/www.trustedtranslations.com\\\/it\\\/?s={search_term_string}\"},\"query-input\":{\"@type\":\"PropertyValueSpecification\",\"valueRequired\":true,\"valueName\":\"search_term_string\"}}],\"inLanguage\":\"it-IT\"},{\"@type\":\"Organization\",\"@id\":\"https:\\\/\\\/www.trustedtranslations.com\\\/it\\\/#organization\",\"name\":\"Trusted Translations\",\"alternateName\":\"Trusted Translations, Inc.\",\"url\":\"https:\\\/\\\/www.trustedtranslations.com\\\/it\\\/\",\"logo\":{\"@type\":\"ImageObject\",\"inLanguage\":\"it-IT\",\"@id\":\"https:\\\/\\\/www.trustedtranslations.com\\\/it\\\/#\\\/schema\\\/logo\\\/image\\\/\",\"url\":\"https:\\\/\\\/static.trustedtranslations.com\\\/wp-content\\\/uploads\\\/2022\\\/01\\\/TT_logo_WSIColors-2.png\",\"contentUrl\":\"https:\\\/\\\/static.trustedtranslations.com\\\/wp-content\\\/uploads\\\/2022\\\/01\\\/TT_logo_WSIColors-2.png\",\"width\":500,\"height\":196,\"caption\":\"Trusted Translations\"},\"image\":{\"@id\":\"https:\\\/\\\/www.trustedtranslations.com\\\/it\\\/#\\\/schema\\\/logo\\\/image\\\/\"},\"sameAs\":[\"https:\\\/\\\/www.facebook.com\\\/Trusted.Translations\",\"https:\\\/\\\/x.com\\\/TrustedT9ns\",\"https:\\\/\\\/www.linkedin.com\\\/company\\\/trusted-translations\"]}]}<\/script>\n<!-- \/ Yoast SEO plugin. -->","yoast_head_json":{"title":"Servizi di traduzione da e verso il tedesco - Trusted Translations, Inc.","description":"Trusted Translations: Leader nei servizi di traduzione in tedesco da parte di team di traduttori esperti in tedesco. Richiedi un preventivo o una consulenza gratuita.","robots":{"index":"index","follow":"follow","max-snippet":"max-snippet:-1","max-image-preview":"max-image-preview:large","max-video-preview":"max-video-preview:-1"},"canonical":"https:\/\/www.trustedtranslations.com\/it\/lingua\/tedesco","og_locale":"it_IT","og_type":"article","og_title":"Servizi di traduzione da e verso il tedesco - Trusted Translations, Inc.","og_description":"Trusted Translations: Leader nei servizi di traduzione in tedesco da parte di team di traduttori esperti in tedesco. Richiedi un preventivo o una consulenza gratuita.","og_url":"https:\/\/www.trustedtranslations.com\/it\/lingua\/tedesco","og_site_name":"Trusted Translations, Inc.","article_publisher":"https:\/\/www.facebook.com\/Trusted.Translations","article_modified_time":"2024-09-02T20:11:17+00:00","og_image":[{"width":1038,"height":1038,"url":"https:\/\/static.trustedtranslations.com\/wp-content\/uploads\/2022\/03\/TT_NEW_FB-1.png","type":"image\/png"}],"twitter_card":"summary_large_image","twitter_site":"@TrustedT9ns","schema":{"@context":"https:\/\/schema.org","@graph":[{"@type":"WebPage","@id":"https:\/\/www.trustedtranslations.com\/it\/lingua\/tedesco","url":"https:\/\/www.trustedtranslations.com\/it\/lingua\/tedesco","name":"Servizi di traduzione da e verso il tedesco - Trusted Translations, Inc.","isPartOf":{"@id":"https:\/\/www.trustedtranslations.com\/it\/#website"},"primaryImageOfPage":{"@id":"https:\/\/www.trustedtranslations.com\/it\/lingua\/tedesco#primaryimage"},"image":{"@id":"https:\/\/www.trustedtranslations.com\/it\/lingua\/tedesco#primaryimage"},"thumbnailUrl":"https:\/\/www.trustedtranslations.com\/wp-content\/uploads\/2022\/03\/TT_NEW_FB-1.png","description":"Trusted Translations: Leader nei servizi di traduzione in tedesco da parte di team di traduttori esperti in tedesco. Richiedi un preventivo o una consulenza gratuita.","breadcrumb":{"@id":"https:\/\/www.trustedtranslations.com\/it\/lingua\/tedesco#breadcrumb"},"inLanguage":"it-IT","potentialAction":[{"@type":"ReadAction","target":["https:\/\/www.trustedtranslations.com\/it\/lingua\/tedesco"]}]},{"@type":"ImageObject","inLanguage":"it-IT","@id":"https:\/\/www.trustedtranslations.com\/it\/lingua\/tedesco#primaryimage","url":"https:\/\/www.trustedtranslations.com\/wp-content\/uploads\/2022\/03\/TT_NEW_FB-1.png","contentUrl":"https:\/\/www.trustedtranslations.com\/wp-content\/uploads\/2022\/03\/TT_NEW_FB-1.png","width":1038,"height":1038,"caption":"TT NEW FB 1"},{"@type":"BreadcrumbList","@id":"https:\/\/www.trustedtranslations.com\/it\/lingua\/tedesco#breadcrumb","itemListElement":[{"@type":"ListItem","position":1,"name":"Home","item":"https:\/\/www.trustedtranslations.com\/it"},{"@type":"ListItem","position":2,"name":"Lingue","item":"https:\/\/www.trustedtranslations.com\/it\/lingua"},{"@type":"ListItem","position":3,"name":"Tedesco"}]},{"@type":"WebSite","@id":"https:\/\/www.trustedtranslations.com\/it\/#website","url":"https:\/\/www.trustedtranslations.com\/it\/","name":"Trusted Translations, Inc.","description":"Leader in translation and interpretation services.","publisher":{"@id":"https:\/\/www.trustedtranslations.com\/it\/#organization"},"alternateName":"Trusted Translations","potentialAction":[{"@type":"SearchAction","target":{"@type":"EntryPoint","urlTemplate":"https:\/\/www.trustedtranslations.com\/it\/?s={search_term_string}"},"query-input":{"@type":"PropertyValueSpecification","valueRequired":true,"valueName":"search_term_string"}}],"inLanguage":"it-IT"},{"@type":"Organization","@id":"https:\/\/www.trustedtranslations.com\/it\/#organization","name":"Trusted Translations","alternateName":"Trusted Translations, Inc.","url":"https:\/\/www.trustedtranslations.com\/it\/","logo":{"@type":"ImageObject","inLanguage":"it-IT","@id":"https:\/\/www.trustedtranslations.com\/it\/#\/schema\/logo\/image\/","url":"https:\/\/static.trustedtranslations.com\/wp-content\/uploads\/2022\/01\/TT_logo_WSIColors-2.png","contentUrl":"https:\/\/static.trustedtranslations.com\/wp-content\/uploads\/2022\/01\/TT_logo_WSIColors-2.png","width":500,"height":196,"caption":"Trusted Translations"},"image":{"@id":"https:\/\/www.trustedtranslations.com\/it\/#\/schema\/logo\/image\/"},"sameAs":["https:\/\/www.facebook.com\/Trusted.Translations","https:\/\/x.com\/TrustedT9ns","https:\/\/www.linkedin.com\/company\/trusted-translations"]}]}},"toolset-meta":{"dyk":{"mensaje-1":{"type":"textfield","raw":"Le migliori aziende con sede in Germania si affidano a Trusted Translations per le proprie esigenze linguistiche."},"mensaje-2":{"type":"textfield","raw":"Superiamo gli standard di qualit\u00e0 ISO 9001:2015 e certifichiamo le nostre traduzioni in tedesco su richiesta."},"mensaje-3":{"type":"textfield","raw":"Forniamo stime accurate che tengono conto dell\u2019espansione del testo nel corso della traduzione in tedesco."},"mensaje-4":{"type":"textfield","raw":"Il 44% dei tedeschi non acquisterebbe da un brand globale che non disponga di una traduzione in tedesco."},"mensaje-5":{"type":"textfield","raw":""},"mensaje-6":{"type":"textfield","raw":""}},"single-page-template-fields":{"imgs-temp":{"type":"image","raw":["https:\/\/static.trustedtranslations.com\/wp-content\/uploads\/2024\/06\/german-final-1.webp"],"repeatable":[{"raw":"https:\/\/static.trustedtranslations.com\/wp-content\/uploads\/2024\/06\/german-final-1.webp"}]},"imgs-temp-cel":{"type":"image","raw":[""],"repeatable":[{"raw":""}]},"img-temp-one-cel":{"type":"image","raw":"https:\/\/static.trustedtranslations.com\/wp-content\/uploads\/2024\/06\/AdobeStock_181670418-1-1.webp","attachment_id":null},"quotes":{"type":"textarea","raw":"<h1 style=\"margin-bottom: 12px;\">Servizi di traduzione in tedesco<\/h1>\r\nIl tedesco \u00e8 la lingua pi\u00f9 parlata nell\u2019Unione Europea, utilizzata in Germania, Austria, Belgio, Svizzera e altri paesi. Essendo la seconda lingua di ricerca pi\u00f9 diffusa al mondo, il tedesco \u00e8 particolarmente importante nel settore scientifico e di ricerca e sviluppo, nonch\u00e9 nel mondo accademico. Con una profonda conoscenza dei complessi dialetti regionali del tedesco, i traduttori professionisti di <em>Trusted Translations<\/em> offrono soluzioni affidabili e convenienti per le vostre esigenze di traduzione in tedesco.\r\n<div style=\"margin-top: 2.5vw;\"><a class=\"tt-btn-main-cta\" href=\"https:\/\/www.trustedtranslations.com\/it\/quote\">Richiedi un preventivo gratuito<\/a><\/div>"},"text-1":{"type":"textarea","raw":"<h2>Traduzioni in tedesco professionali e accurate<\/h2>\r\nForniamo soluzioni di traduzione professionale in tedesco ad alcune delle migliori aziende e organizzazioni del mondo.\u00a0<em>Trusted Translations<\/em> \u00e8 molto orgogliosa di fornire ai propri clienti traduzioni professionali in tedesco di alta qualit\u00e0 a prezzi competitivi.\r\n\r\nCi troviamo in una posizione unica per gestire qualsiasi tipo di progetto di traduzione professionale in tedesco di cui potreste necessitare. Dalle piccole start-up alle grandi multinazionali, <em>Trusted Translations<\/em> porta alla vostra organizzazione una vasta esperienza nelle traduzioni professionali in tedesco.\r\n<h2>Traduzione in lingua tedesca<\/h2>\r\nIl tedesco \u00e8 la lingua ufficiale in Germania e Austria ed \u00e8 anche una delle lingue ufficiali in Belgio, Svizzera, Lussemburgo e Liechtenstein. \u00c8 anche una lingua minoritaria in diversi paesi del mondo. Per via della significativa presenza della lingua tedesca sul mercato globale, i servizi di traduzione professionale in tedesco sono spesso richiesti da qualsiasi organizzazione che voglia davvero destreggiarsi su tale mercato.\r\n\r\nUna delle complessit\u00e0 della lingua tedesca sono i suoi numerosi dialetti regionali. La lingua tedesca pu\u00f2 essere suddivisa in tedesco standard (la lingua scritta), alto tedesco e basso tedesco; ciascuna classificazione comprende una variet\u00e0 di regioni che parlano un particolare dialetto. Sebbene il testo scritto in dialetto sia raro, <em>Trusted Translations<\/em> \u00e8 in grado di gestire molti di questi progetti e di fornire un servizio di traduzione o localizzazione di alta qualit\u00e0 anche in presenza di queste difficolt\u00e0.\r\n\r\nLa qualit\u00e0 delle vostre traduzioni in tedesco \u00e8 un riflesso diretto della vostra attivit\u00e0 e di voi stessi. In qualit\u00e0 di fornitore leader di traduzioni professionali in tedesco, ci concentreremo su ci\u00f2 che sappiamo fare meglio, permettendo a voi di fare lo stesso.\r\n\r\nIndipendentemente dal tipo di contenuto delle vostre traduzioni in tedesco, disponiamo di team di traduttori professionisti specializzati in diversi campi. Ci\u00f2 include competenze nelle seguenti aree: finanza, IT, vendite, marketing, media, diritto, viaggi, software, comunicazioni ai consumatori, affari, telecomunicazioni, aziende, tecniche, PR, servizi medici e sanitari, governo, assicurazioni e letteratura."},"shortcode-map":{"type":"textfield","raw":""},"dyk-shortcode":{"type":"textfield","raw":"[elementor-template id=\"146751\"]"},"text-2":{"type":"textarea","raw":"<h2>Traduzione inglese \u2013 tedesco e traduzione spagnolo \u2013 tedesco<\/h2>\r\nAnche se siamo specializzati nei servizi di traduzione inglese-tedesco e spagnolo-tedesco, traduciamo spesso documenti in tedesco da e verso francese, portoghese, italiano, coreano, cinese e giapponese utilizzando traduttori tedeschi madrelingua esperti e specializzati nel settore.\r\n<h2>Team di esperti di traduzione in tedesco<\/h2>\r\nIl servizio svolto dai nostri team di traduzione professionale in tedesco include la revisione e la correzione di bozze da parte di esperti indipendenti senza costi aggiuntivi. I nostri team di traduttori professionisti in tedesco offrono anche editing e correzione di bozze per traduzioni completate da altri fornitori."},"state":{"type":"textfield","raw":""},"city":{"type":"textarea","raw":[]}}},"_links":{"self":[{"href":"https:\/\/www.trustedtranslations.com\/it\/wp-json\/wp\/v2\/pages\/123193","targetHints":{"allow":["GET"]}}],"collection":[{"href":"https:\/\/www.trustedtranslations.com\/it\/wp-json\/wp\/v2\/pages"}],"about":[{"href":"https:\/\/www.trustedtranslations.com\/it\/wp-json\/wp\/v2\/types\/page"}],"author":[{"embeddable":true,"href":"https:\/\/www.trustedtranslations.com\/it\/wp-json\/wp\/v2\/users\/1"}],"replies":[{"embeddable":true,"href":"https:\/\/www.trustedtranslations.com\/it\/wp-json\/wp\/v2\/comments?post=123193"}],"version-history":[{"count":0,"href":"https:\/\/www.trustedtranslations.com\/it\/wp-json\/wp\/v2\/pages\/123193\/revisions"}],"up":[{"embeddable":true,"href":"https:\/\/www.trustedtranslations.com\/it\/wp-json\/wp\/v2\/pages\/123365"}],"wp:featuredmedia":[{"embeddable":true,"href":"https:\/\/www.trustedtranslations.com\/it\/wp-json\/wp\/v2\/media\/139629"}],"wp:attachment":[{"href":"https:\/\/www.trustedtranslations.com\/it\/wp-json\/wp\/v2\/media?parent=123193"}],"curies":[{"name":"wp","href":"https:\/\/api.w.org\/{rel}","templated":true}]}}