{"id":123195,"date":"2019-12-27T17:05:11","date_gmt":"2019-12-27T17:05:11","guid":{"rendered":"https:\/\/www.trustedtranslations.com\/?page_id=123195"},"modified":"2024-09-02T17:08:48","modified_gmt":"2024-09-02T20:08:48","slug":"inglese","status":"publish","type":"page","link":"https:\/\/www.trustedtranslations.com\/it\/lingua\/inglese","title":{"rendered":"Inglese"},"content":{"rendered":"","protected":false},"excerpt":{"rendered":"","protected":false},"author":1,"featured_media":139629,"parent":123365,"menu_order":0,"comment_status":"closed","ping_status":"closed","template":"","meta":{"site-sidebar-layout":"default","site-content-layout":"default","ast-site-content-layout":"default","site-content-style":"default","site-sidebar-style":"default","ast-global-header-display":"","ast-banner-title-visibility":"","ast-main-header-display":"","ast-hfb-above-header-display":"","ast-hfb-below-header-display":"","ast-hfb-mobile-header-display":"","site-post-title":"disabled","ast-breadcrumbs-content":"","ast-featured-img":"","footer-sml-layout":"","ast-disable-related-posts":"","theme-transparent-header-meta":"default","adv-header-id-meta":"","stick-header-meta":"","header-above-stick-meta":"","header-main-stick-meta":"","header-below-stick-meta":"","astra-migrate-meta-layouts":"set","ast-page-background-enabled":"default","ast-page-background-meta":{"desktop":{"background-color":"var(--ast-global-color-4)","background-image":"","background-repeat":"repeat","background-position":"center center","background-size":"auto","background-attachment":"scroll","background-type":"","background-media":"","overlay-type":"","overlay-color":"","overlay-opacity":"","overlay-gradient":""},"tablet":{"background-color":"","background-image":"","background-repeat":"repeat","background-position":"center center","background-size":"auto","background-attachment":"scroll","background-type":"","background-media":"","overlay-type":"","overlay-color":"","overlay-opacity":"","overlay-gradient":""},"mobile":{"background-color":"","background-image":"","background-repeat":"repeat","background-position":"center center","background-size":"auto","background-attachment":"scroll","background-type":"","background-media":"","overlay-type":"","overlay-color":"","overlay-opacity":"","overlay-gradient":""}},"ast-content-background-meta":{"desktop":{"background-color":"var(--ast-global-color-5)","background-image":"","background-repeat":"repeat","background-position":"center center","background-size":"auto","background-attachment":"scroll","background-type":"","background-media":"","overlay-type":"","overlay-color":"","overlay-opacity":"","overlay-gradient":""},"tablet":{"background-color":"var(--ast-global-color-5)","background-image":"","background-repeat":"repeat","background-position":"center center","background-size":"auto","background-attachment":"scroll","background-type":"","background-media":"","overlay-type":"","overlay-color":"","overlay-opacity":"","overlay-gradient":""},"mobile":{"background-color":"var(--ast-global-color-5)","background-image":"","background-repeat":"repeat","background-position":"center center","background-size":"auto","background-attachment":"scroll","background-type":"","background-media":"","overlay-type":"","overlay-color":"","overlay-opacity":"","overlay-gradient":""}},"footnotes":""},"class_list":["post-123195","page","type-page","status-publish","has-post-thumbnail","hentry"],"yoast_head":"<!-- This site is optimized with the Yoast SEO plugin v27.5 - https:\/\/yoast.com\/product\/yoast-seo-wordpress\/ -->\n<title>Servizi di traduzione da e verso l\u2019inglese - Trusted Translations, Inc.<\/title>\n<meta name=\"description\" content=\"Servizi di traduzione inglese professionale da parte di team di traduttori di lingua inglese esperti alle migliori tariffe. Richiedi un preventivo gratuito o consulta uno dei nostri esperti.\" \/>\n<meta name=\"robots\" content=\"index, follow, max-snippet:-1, max-image-preview:large, max-video-preview:-1\" \/>\n<link rel=\"canonical\" href=\"https:\/\/www.trustedtranslations.com\/it\/lingua\/inglese\" \/>\n<meta property=\"og:locale\" content=\"it_IT\" \/>\n<meta property=\"og:type\" content=\"article\" \/>\n<meta property=\"og:title\" content=\"Servizi di traduzione da e verso l\u2019inglese - Trusted Translations, Inc.\" \/>\n<meta property=\"og:description\" content=\"Servizi di traduzione inglese professionale da parte di team di traduttori di lingua inglese esperti alle migliori tariffe. Richiedi un preventivo gratuito o consulta uno dei nostri esperti.\" \/>\n<meta property=\"og:url\" content=\"https:\/\/www.trustedtranslations.com\/it\/lingua\/inglese\" \/>\n<meta property=\"og:site_name\" content=\"Trusted Translations, Inc.\" \/>\n<meta property=\"article:publisher\" content=\"https:\/\/www.facebook.com\/Trusted.Translations\" \/>\n<meta property=\"article:modified_time\" content=\"2024-09-02T20:08:48+00:00\" \/>\n<meta property=\"og:image\" content=\"https:\/\/static.trustedtranslations.com\/wp-content\/uploads\/2022\/03\/TT_NEW_FB-1.png\" \/>\n\t<meta property=\"og:image:width\" content=\"1038\" \/>\n\t<meta property=\"og:image:height\" content=\"1038\" \/>\n\t<meta property=\"og:image:type\" content=\"image\/png\" \/>\n<meta name=\"twitter:card\" content=\"summary_large_image\" \/>\n<meta name=\"twitter:site\" content=\"@TrustedT9ns\" \/>\n<script type=\"application\/ld+json\" class=\"yoast-schema-graph\">{\"@context\":\"https:\\\/\\\/schema.org\",\"@graph\":[{\"@type\":\"WebPage\",\"@id\":\"https:\\\/\\\/www.trustedtranslations.com\\\/it\\\/lingua\\\/inglese\",\"url\":\"https:\\\/\\\/www.trustedtranslations.com\\\/it\\\/lingua\\\/inglese\",\"name\":\"Servizi di traduzione da e verso l\u2019inglese - Trusted Translations, Inc.\",\"isPartOf\":{\"@id\":\"https:\\\/\\\/www.trustedtranslations.com\\\/it\\\/#website\"},\"primaryImageOfPage\":{\"@id\":\"https:\\\/\\\/www.trustedtranslations.com\\\/it\\\/lingua\\\/inglese#primaryimage\"},\"image\":{\"@id\":\"https:\\\/\\\/www.trustedtranslations.com\\\/it\\\/lingua\\\/inglese#primaryimage\"},\"thumbnailUrl\":\"https:\\\/\\\/www.trustedtranslations.com\\\/wp-content\\\/uploads\\\/2022\\\/03\\\/TT_NEW_FB-1.png\",\"description\":\"Servizi di traduzione inglese professionale da parte di team di traduttori di lingua inglese esperti alle migliori tariffe. Richiedi un preventivo gratuito o consulta uno dei nostri esperti.\",\"breadcrumb\":{\"@id\":\"https:\\\/\\\/www.trustedtranslations.com\\\/it\\\/lingua\\\/inglese#breadcrumb\"},\"inLanguage\":\"it-IT\",\"potentialAction\":[{\"@type\":\"ReadAction\",\"target\":[\"https:\\\/\\\/www.trustedtranslations.com\\\/it\\\/lingua\\\/inglese\"]}]},{\"@type\":\"ImageObject\",\"inLanguage\":\"it-IT\",\"@id\":\"https:\\\/\\\/www.trustedtranslations.com\\\/it\\\/lingua\\\/inglese#primaryimage\",\"url\":\"https:\\\/\\\/www.trustedtranslations.com\\\/wp-content\\\/uploads\\\/2022\\\/03\\\/TT_NEW_FB-1.png\",\"contentUrl\":\"https:\\\/\\\/www.trustedtranslations.com\\\/wp-content\\\/uploads\\\/2022\\\/03\\\/TT_NEW_FB-1.png\",\"width\":1038,\"height\":1038,\"caption\":\"TT NEW FB 1\"},{\"@type\":\"BreadcrumbList\",\"@id\":\"https:\\\/\\\/www.trustedtranslations.com\\\/it\\\/lingua\\\/inglese#breadcrumb\",\"itemListElement\":[{\"@type\":\"ListItem\",\"position\":1,\"name\":\"Home\",\"item\":\"https:\\\/\\\/www.trustedtranslations.com\\\/it\"},{\"@type\":\"ListItem\",\"position\":2,\"name\":\"Lingue\",\"item\":\"https:\\\/\\\/www.trustedtranslations.com\\\/it\\\/lingua\"},{\"@type\":\"ListItem\",\"position\":3,\"name\":\"Inglese\"}]},{\"@type\":\"WebSite\",\"@id\":\"https:\\\/\\\/www.trustedtranslations.com\\\/it\\\/#website\",\"url\":\"https:\\\/\\\/www.trustedtranslations.com\\\/it\\\/\",\"name\":\"Trusted Translations, Inc.\",\"description\":\"Leader in translation and interpretation services.\",\"publisher\":{\"@id\":\"https:\\\/\\\/www.trustedtranslations.com\\\/it\\\/#organization\"},\"alternateName\":\"Trusted Translations\",\"potentialAction\":[{\"@type\":\"SearchAction\",\"target\":{\"@type\":\"EntryPoint\",\"urlTemplate\":\"https:\\\/\\\/www.trustedtranslations.com\\\/it\\\/?s={search_term_string}\"},\"query-input\":{\"@type\":\"PropertyValueSpecification\",\"valueRequired\":true,\"valueName\":\"search_term_string\"}}],\"inLanguage\":\"it-IT\"},{\"@type\":\"Organization\",\"@id\":\"https:\\\/\\\/www.trustedtranslations.com\\\/it\\\/#organization\",\"name\":\"Trusted Translations\",\"alternateName\":\"Trusted Translations, Inc.\",\"url\":\"https:\\\/\\\/www.trustedtranslations.com\\\/it\\\/\",\"logo\":{\"@type\":\"ImageObject\",\"inLanguage\":\"it-IT\",\"@id\":\"https:\\\/\\\/www.trustedtranslations.com\\\/it\\\/#\\\/schema\\\/logo\\\/image\\\/\",\"url\":\"https:\\\/\\\/static.trustedtranslations.com\\\/wp-content\\\/uploads\\\/2022\\\/01\\\/TT_logo_WSIColors-2.png\",\"contentUrl\":\"https:\\\/\\\/static.trustedtranslations.com\\\/wp-content\\\/uploads\\\/2022\\\/01\\\/TT_logo_WSIColors-2.png\",\"width\":500,\"height\":196,\"caption\":\"Trusted Translations\"},\"image\":{\"@id\":\"https:\\\/\\\/www.trustedtranslations.com\\\/it\\\/#\\\/schema\\\/logo\\\/image\\\/\"},\"sameAs\":[\"https:\\\/\\\/www.facebook.com\\\/Trusted.Translations\",\"https:\\\/\\\/x.com\\\/TrustedT9ns\",\"https:\\\/\\\/www.linkedin.com\\\/company\\\/trusted-translations\"]}]}<\/script>\n<!-- \/ Yoast SEO plugin. -->","yoast_head_json":{"title":"Servizi di traduzione da e verso l\u2019inglese - Trusted Translations, Inc.","description":"Servizi di traduzione inglese professionale da parte di team di traduttori di lingua inglese esperti alle migliori tariffe. Richiedi un preventivo gratuito o consulta uno dei nostri esperti.","robots":{"index":"index","follow":"follow","max-snippet":"max-snippet:-1","max-image-preview":"max-image-preview:large","max-video-preview":"max-video-preview:-1"},"canonical":"https:\/\/www.trustedtranslations.com\/it\/lingua\/inglese","og_locale":"it_IT","og_type":"article","og_title":"Servizi di traduzione da e verso l\u2019inglese - Trusted Translations, Inc.","og_description":"Servizi di traduzione inglese professionale da parte di team di traduttori di lingua inglese esperti alle migliori tariffe. Richiedi un preventivo gratuito o consulta uno dei nostri esperti.","og_url":"https:\/\/www.trustedtranslations.com\/it\/lingua\/inglese","og_site_name":"Trusted Translations, Inc.","article_publisher":"https:\/\/www.facebook.com\/Trusted.Translations","article_modified_time":"2024-09-02T20:08:48+00:00","og_image":[{"width":1038,"height":1038,"url":"https:\/\/static.trustedtranslations.com\/wp-content\/uploads\/2022\/03\/TT_NEW_FB-1.png","type":"image\/png"}],"twitter_card":"summary_large_image","twitter_site":"@TrustedT9ns","schema":{"@context":"https:\/\/schema.org","@graph":[{"@type":"WebPage","@id":"https:\/\/www.trustedtranslations.com\/it\/lingua\/inglese","url":"https:\/\/www.trustedtranslations.com\/it\/lingua\/inglese","name":"Servizi di traduzione da e verso l\u2019inglese - Trusted Translations, Inc.","isPartOf":{"@id":"https:\/\/www.trustedtranslations.com\/it\/#website"},"primaryImageOfPage":{"@id":"https:\/\/www.trustedtranslations.com\/it\/lingua\/inglese#primaryimage"},"image":{"@id":"https:\/\/www.trustedtranslations.com\/it\/lingua\/inglese#primaryimage"},"thumbnailUrl":"https:\/\/www.trustedtranslations.com\/wp-content\/uploads\/2022\/03\/TT_NEW_FB-1.png","description":"Servizi di traduzione inglese professionale da parte di team di traduttori di lingua inglese esperti alle migliori tariffe. Richiedi un preventivo gratuito o consulta uno dei nostri esperti.","breadcrumb":{"@id":"https:\/\/www.trustedtranslations.com\/it\/lingua\/inglese#breadcrumb"},"inLanguage":"it-IT","potentialAction":[{"@type":"ReadAction","target":["https:\/\/www.trustedtranslations.com\/it\/lingua\/inglese"]}]},{"@type":"ImageObject","inLanguage":"it-IT","@id":"https:\/\/www.trustedtranslations.com\/it\/lingua\/inglese#primaryimage","url":"https:\/\/www.trustedtranslations.com\/wp-content\/uploads\/2022\/03\/TT_NEW_FB-1.png","contentUrl":"https:\/\/www.trustedtranslations.com\/wp-content\/uploads\/2022\/03\/TT_NEW_FB-1.png","width":1038,"height":1038,"caption":"TT NEW FB 1"},{"@type":"BreadcrumbList","@id":"https:\/\/www.trustedtranslations.com\/it\/lingua\/inglese#breadcrumb","itemListElement":[{"@type":"ListItem","position":1,"name":"Home","item":"https:\/\/www.trustedtranslations.com\/it"},{"@type":"ListItem","position":2,"name":"Lingue","item":"https:\/\/www.trustedtranslations.com\/it\/lingua"},{"@type":"ListItem","position":3,"name":"Inglese"}]},{"@type":"WebSite","@id":"https:\/\/www.trustedtranslations.com\/it\/#website","url":"https:\/\/www.trustedtranslations.com\/it\/","name":"Trusted Translations, Inc.","description":"Leader in translation and interpretation services.","publisher":{"@id":"https:\/\/www.trustedtranslations.com\/it\/#organization"},"alternateName":"Trusted Translations","potentialAction":[{"@type":"SearchAction","target":{"@type":"EntryPoint","urlTemplate":"https:\/\/www.trustedtranslations.com\/it\/?s={search_term_string}"},"query-input":{"@type":"PropertyValueSpecification","valueRequired":true,"valueName":"search_term_string"}}],"inLanguage":"it-IT"},{"@type":"Organization","@id":"https:\/\/www.trustedtranslations.com\/it\/#organization","name":"Trusted Translations","alternateName":"Trusted Translations, Inc.","url":"https:\/\/www.trustedtranslations.com\/it\/","logo":{"@type":"ImageObject","inLanguage":"it-IT","@id":"https:\/\/www.trustedtranslations.com\/it\/#\/schema\/logo\/image\/","url":"https:\/\/static.trustedtranslations.com\/wp-content\/uploads\/2022\/01\/TT_logo_WSIColors-2.png","contentUrl":"https:\/\/static.trustedtranslations.com\/wp-content\/uploads\/2022\/01\/TT_logo_WSIColors-2.png","width":500,"height":196,"caption":"Trusted Translations"},"image":{"@id":"https:\/\/www.trustedtranslations.com\/it\/#\/schema\/logo\/image\/"},"sameAs":["https:\/\/www.facebook.com\/Trusted.Translations","https:\/\/x.com\/TrustedT9ns","https:\/\/www.linkedin.com\/company\/trusted-translations"]}]}},"toolset-meta":{"dyk":{"mensaje-1":{"type":"textfield","raw":"Forniamo traduzioni spagnolo-inglese alle aziende Fortune 500 a tariffe inferiori rispetto al resto del mercato."},"mensaje-2":{"type":"textfield","raw":"Siamo orgogliosi di fornire traduzioni di qualit\u00e0 dallo spagnolo all\u2019inglese alle Nazioni Unite."},"mensaje-3":{"type":"textfield","raw":"Localizziamo anche l\u2019inglese per Regno Unito, Australia, Nuova Zelanda e Irlanda."},"mensaje-4":{"type":"textfield","raw":"Con traduttori britannici e statunitensi nel personale, possiamo assicurare i livelli di precisione pi\u00f9 elevati."},"mensaje-5":{"type":"textfield","raw":""},"mensaje-6":{"type":"textfield","raw":""}},"single-page-template-fields":{"imgs-temp":{"type":"image","raw":["https:\/\/static.trustedtranslations.com\/wp-content\/uploads\/2024\/05\/english-final-1.webp"],"repeatable":[{"raw":"https:\/\/static.trustedtranslations.com\/wp-content\/uploads\/2024\/05\/english-final-1.webp"}]},"imgs-temp-cel":{"type":"image","raw":[""],"repeatable":[{"raw":""}]},"img-temp-one-cel":{"type":"image","raw":"https:\/\/static.trustedtranslations.com\/wp-content\/uploads\/2024\/05\/AdobeStock_57468239-1-1.webp","attachment_id":null},"quotes":{"type":"textarea","raw":"<h1 style=\"margin-bottom: 12px;\">Servizi di traduzione in inglese<\/h1>\r\nL\u2019inglese \u00e8 la lingua pi\u00f9 parlata al mondo (da oltre 1,5 miliardi di persone), nonch\u00e9 la lingua pi\u00f9 utilizzata sul web. Con un numero sempre maggiore di multinazionali che lo adottano come lingua aziendale, l\u2019inglese \u00e8 fondamentale per il successo a livello globale. In qualit\u00e0 di fornitore leader di servizi di traduzione in inglese, <em>Trusted Translations<\/em> \u00e8 specializzata in progetti di traduzione complessi e ad alto volume da e verso l\u2019inglese americano, l\u2019inglese britannico, l\u2019inglese canadese e altro ancora.\r\n<div style=\"margin-top: 2.5vw;\"><a class=\"tt-btn-main-cta\" href=\"https:\/\/www.trustedtranslations.com\/it\/quote\">Richiedi un preventivo gratuito<\/a><\/div>"},"text-1":{"type":"textarea","raw":"<h2>Soluzioni di esperti di traduzione in inglese<\/h2>\r\nForniamo soluzioni di traduzione professionale ad alcune delle migliori aziende e organizzazioni del mondo. Trusted Translations \u00e8 molto orgogliosa di fornire ai propri clienti traduzioni professionali in inglese di alta qualit\u00e0 a prezzi competitivi.\r\n\r\nCi troviamo in una posizione unica per gestire qualsiasi tipo di progetto di traduzione professionale in inglese di cui potreste necessitare. Dalle piccole start-up alle grandi multinazionali, <em>Trusted Translations<\/em> porta alla vostra organizzazione una vasta esperienza nelle traduzioni professionali in inglese.\r\n<h2 style=\"margin-bottom:20px\">Traduzione in lingua inglese<\/h2>\r\nUna comunicazione in inglese fluente e a livello madrelingua \u00e8 una necessit\u00e0 fondamentale per qualsiasi organizzazione che cerchi di avere successo a livello globale, dove l\u2019inglese \u00e8 diventato la lingua franca. La qualit\u00e0 delle vostre traduzioni in inglese \u00e8 un riflesso diretto della vostra attivit\u00e0 e di voi stessi. In qualit\u00e0 di fornitore leader di traduzioni professionali in inglese, ci concentreremo su ci\u00f2 che sappiamo fare meglio, permettendo a voi di fare lo stesso.\r\n\r\nIndipendentemente dal tipo di contenuto delle vostre traduzioni in inglese, disponiamo di team di traduttori professionisti specializzati in diversi campi. Ci\u00f2 include competenze nelle seguenti aree: finanza, IT, vendite, marketing, media, diritto, viaggi, software, comunicazioni ai consumatori, affari, telecomunicazioni, aziende, tecniche, PR, servizi medici e sanitari, governo, assicurazioni e letteratura."},"shortcode-map":{"type":"textfield","raw":""},"dyk-shortcode":{"type":"textfield","raw":"[elementor-template id=\"146751\"]"},"text-2":{"type":"textarea","raw":"<h2 style=\"margin-bottom:20px\">Traduzione dallo spagnolo all\u2019inglese<\/h2>\r\nSebbene siamo specializzati nei servizi di traduzione spagnolo-inglese e portoghese-inglese, traduciamo spesso documenti in inglese da e verso francese, tedesco, italiano, coreano, cinese e giapponese utilizzando traduttori madrelingua inglesi esperti e specifici del settore.\r\n<h2 style=\"margin-bottom:20px\">Traduzione in inglese americano, britannico e canadese<\/h2>\r\nI nostri team di linguisti professionisti dispongono di traduttori madrelingua inglesi con sede negli Stati Uniti, nel Regno Unito, in Canada e in altri paesi di lingua inglese per garantire che le vostre traduzioni siano indirizzate accuratamente nella variante di lingua inglese di cui necessitate.\r\n<h2 style=\"margin-bottom:20px\">Team di esperti di traduzione in inglese<\/h2>\r\nIl servizio svolto dai nostri team di traduzione professionale in inglese include la revisione e la correzione di bozze da parte di esperti indipendenti senza costi aggiuntivi. I nostri team di professionisti offrono anche l\u2019editing e la correzione di bozze in inglese per le traduzioni completate da altri fornitori.\r\n<h2 style=\"margin-bottom:20px\">Varianti della lingua inglese<\/h2>\r\nLa lingua inglese abbraccia molte varianti diverse. Il tipo di inglese che si parla in Stati Uniti, Gran Bretagna, Canada, Australia, Sud Africa o Hong Kong, tra gli altri, pu\u00f2 variare notevolmente in base alla particolare piega linguistica di ciascun paese in termini di ortografia, vocabolario, grammatica, tono, sistema di misurazione, etc. I nostri team di traduzione in inglese possono personalizzare i vostri documenti per adattarli linguisticamente al destinatario o al mercato previsti."},"state":{"type":"textfield","raw":""},"city":{"type":"textarea","raw":[]}}},"_links":{"self":[{"href":"https:\/\/www.trustedtranslations.com\/it\/wp-json\/wp\/v2\/pages\/123195","targetHints":{"allow":["GET"]}}],"collection":[{"href":"https:\/\/www.trustedtranslations.com\/it\/wp-json\/wp\/v2\/pages"}],"about":[{"href":"https:\/\/www.trustedtranslations.com\/it\/wp-json\/wp\/v2\/types\/page"}],"author":[{"embeddable":true,"href":"https:\/\/www.trustedtranslations.com\/it\/wp-json\/wp\/v2\/users\/1"}],"replies":[{"embeddable":true,"href":"https:\/\/www.trustedtranslations.com\/it\/wp-json\/wp\/v2\/comments?post=123195"}],"version-history":[{"count":0,"href":"https:\/\/www.trustedtranslations.com\/it\/wp-json\/wp\/v2\/pages\/123195\/revisions"}],"up":[{"embeddable":true,"href":"https:\/\/www.trustedtranslations.com\/it\/wp-json\/wp\/v2\/pages\/123365"}],"wp:featuredmedia":[{"embeddable":true,"href":"https:\/\/www.trustedtranslations.com\/it\/wp-json\/wp\/v2\/media\/139629"}],"wp:attachment":[{"href":"https:\/\/www.trustedtranslations.com\/it\/wp-json\/wp\/v2\/media?parent=123195"}],"curies":[{"name":"wp","href":"https:\/\/api.w.org\/{rel}","templated":true}]}}