{"id":123201,"date":"2019-12-27T17:04:30","date_gmt":"2019-12-27T17:04:30","guid":{"rendered":"https:\/\/www.trustedtranslations.com\/?page_id=123201"},"modified":"2024-09-23T16:57:58","modified_gmt":"2024-09-23T19:57:58","slug":"cinese","status":"publish","type":"page","link":"https:\/\/www.trustedtranslations.com\/it\/lingua\/cinese","title":{"rendered":"Cinese"},"content":{"rendered":"","protected":false},"excerpt":{"rendered":"","protected":false},"author":1,"featured_media":139629,"parent":123365,"menu_order":0,"comment_status":"closed","ping_status":"closed","template":"","meta":{"site-sidebar-layout":"default","site-content-layout":"default","ast-site-content-layout":"default","site-content-style":"default","site-sidebar-style":"default","ast-global-header-display":"","ast-banner-title-visibility":"","ast-main-header-display":"","ast-hfb-above-header-display":"","ast-hfb-below-header-display":"","ast-hfb-mobile-header-display":"","site-post-title":"disabled","ast-breadcrumbs-content":"","ast-featured-img":"","footer-sml-layout":"","ast-disable-related-posts":"","theme-transparent-header-meta":"default","adv-header-id-meta":"","stick-header-meta":"","header-above-stick-meta":"","header-main-stick-meta":"","header-below-stick-meta":"","astra-migrate-meta-layouts":"set","ast-page-background-enabled":"default","ast-page-background-meta":{"desktop":{"background-color":"var(--ast-global-color-4)","background-image":"","background-repeat":"repeat","background-position":"center center","background-size":"auto","background-attachment":"scroll","background-type":"","background-media":"","overlay-type":"","overlay-color":"","overlay-opacity":"","overlay-gradient":""},"tablet":{"background-color":"","background-image":"","background-repeat":"repeat","background-position":"center center","background-size":"auto","background-attachment":"scroll","background-type":"","background-media":"","overlay-type":"","overlay-color":"","overlay-opacity":"","overlay-gradient":""},"mobile":{"background-color":"","background-image":"","background-repeat":"repeat","background-position":"center center","background-size":"auto","background-attachment":"scroll","background-type":"","background-media":"","overlay-type":"","overlay-color":"","overlay-opacity":"","overlay-gradient":""}},"ast-content-background-meta":{"desktop":{"background-color":"var(--ast-global-color-5)","background-image":"","background-repeat":"repeat","background-position":"center center","background-size":"auto","background-attachment":"scroll","background-type":"","background-media":"","overlay-type":"","overlay-color":"","overlay-opacity":"","overlay-gradient":""},"tablet":{"background-color":"var(--ast-global-color-5)","background-image":"","background-repeat":"repeat","background-position":"center center","background-size":"auto","background-attachment":"scroll","background-type":"","background-media":"","overlay-type":"","overlay-color":"","overlay-opacity":"","overlay-gradient":""},"mobile":{"background-color":"var(--ast-global-color-5)","background-image":"","background-repeat":"repeat","background-position":"center center","background-size":"auto","background-attachment":"scroll","background-type":"","background-media":"","overlay-type":"","overlay-color":"","overlay-opacity":"","overlay-gradient":""}},"footnotes":""},"class_list":["post-123201","page","type-page","status-publish","has-post-thumbnail","hentry"],"yoast_head":"<!-- This site is optimized with the Yoast SEO plugin v27.3 - https:\/\/yoast.com\/product\/yoast-seo-wordpress\/ -->\n<title>Servizi di traduzione da e verso il cinese - Trusted Translations, Inc.<\/title>\n<meta name=\"description\" content=\"Trusted Translations, Inc. Servizi di traduzione in cinese. I nostri traduttori madrelingua forniscono traduzioni precise e puntuali. Contattateci per un preventivo gratuito.\" \/>\n<meta name=\"robots\" content=\"index, follow, max-snippet:-1, max-image-preview:large, max-video-preview:-1\" \/>\n<link rel=\"canonical\" href=\"https:\/\/www.trustedtranslations.com\/it\/lingua\/cinese\" \/>\n<meta property=\"og:locale\" content=\"it_IT\" \/>\n<meta property=\"og:type\" content=\"article\" \/>\n<meta property=\"og:title\" content=\"Servizi di traduzione da e verso il cinese - Trusted Translations, Inc.\" \/>\n<meta property=\"og:description\" content=\"Trusted Translations, Inc. Servizi di traduzione in cinese. I nostri traduttori madrelingua forniscono traduzioni precise e puntuali. Contattateci per un preventivo gratuito.\" \/>\n<meta property=\"og:url\" content=\"https:\/\/www.trustedtranslations.com\/it\/lingua\/cinese\" \/>\n<meta property=\"og:site_name\" content=\"Trusted Translations, Inc.\" \/>\n<meta property=\"article:publisher\" content=\"https:\/\/www.facebook.com\/Trusted.Translations\" \/>\n<meta property=\"article:modified_time\" content=\"2024-09-23T19:57:58+00:00\" \/>\n<meta property=\"og:image\" content=\"https:\/\/static.trustedtranslations.com\/wp-content\/uploads\/2022\/03\/TT_NEW_FB-1.png\" \/>\n\t<meta property=\"og:image:width\" content=\"1038\" \/>\n\t<meta property=\"og:image:height\" content=\"1038\" \/>\n\t<meta property=\"og:image:type\" content=\"image\/png\" \/>\n<meta name=\"twitter:card\" content=\"summary_large_image\" \/>\n<meta name=\"twitter:site\" content=\"@TrustedT9ns\" \/>\n<script type=\"application\/ld+json\" class=\"yoast-schema-graph\">{\"@context\":\"https:\\\/\\\/schema.org\",\"@graph\":[{\"@type\":\"WebPage\",\"@id\":\"https:\\\/\\\/www.trustedtranslations.com\\\/it\\\/lingua\\\/cinese\",\"url\":\"https:\\\/\\\/www.trustedtranslations.com\\\/it\\\/lingua\\\/cinese\",\"name\":\"Servizi di traduzione da e verso il cinese - Trusted Translations, Inc.\",\"isPartOf\":{\"@id\":\"https:\\\/\\\/www.trustedtranslations.com\\\/it\\\/#website\"},\"primaryImageOfPage\":{\"@id\":\"https:\\\/\\\/www.trustedtranslations.com\\\/it\\\/lingua\\\/cinese#primaryimage\"},\"image\":{\"@id\":\"https:\\\/\\\/www.trustedtranslations.com\\\/it\\\/lingua\\\/cinese#primaryimage\"},\"thumbnailUrl\":\"https:\\\/\\\/www.trustedtranslations.com\\\/wp-content\\\/uploads\\\/2022\\\/03\\\/TT_NEW_FB-1.png\",\"description\":\"Trusted Translations, Inc. Servizi di traduzione in cinese. I nostri traduttori madrelingua forniscono traduzioni precise e puntuali. Contattateci per un preventivo gratuito.\",\"breadcrumb\":{\"@id\":\"https:\\\/\\\/www.trustedtranslations.com\\\/it\\\/lingua\\\/cinese#breadcrumb\"},\"inLanguage\":\"it-IT\",\"potentialAction\":[{\"@type\":\"ReadAction\",\"target\":[\"https:\\\/\\\/www.trustedtranslations.com\\\/it\\\/lingua\\\/cinese\"]}]},{\"@type\":\"ImageObject\",\"inLanguage\":\"it-IT\",\"@id\":\"https:\\\/\\\/www.trustedtranslations.com\\\/it\\\/lingua\\\/cinese#primaryimage\",\"url\":\"https:\\\/\\\/www.trustedtranslations.com\\\/wp-content\\\/uploads\\\/2022\\\/03\\\/TT_NEW_FB-1.png\",\"contentUrl\":\"https:\\\/\\\/www.trustedtranslations.com\\\/wp-content\\\/uploads\\\/2022\\\/03\\\/TT_NEW_FB-1.png\",\"width\":1038,\"height\":1038,\"caption\":\"TT NEW FB 1\"},{\"@type\":\"BreadcrumbList\",\"@id\":\"https:\\\/\\\/www.trustedtranslations.com\\\/it\\\/lingua\\\/cinese#breadcrumb\",\"itemListElement\":[{\"@type\":\"ListItem\",\"position\":1,\"name\":\"Home\",\"item\":\"https:\\\/\\\/www.trustedtranslations.com\\\/it\"},{\"@type\":\"ListItem\",\"position\":2,\"name\":\"Lingue\",\"item\":\"https:\\\/\\\/www.trustedtranslations.com\\\/it\\\/lingua\"},{\"@type\":\"ListItem\",\"position\":3,\"name\":\"Cinese\"}]},{\"@type\":\"WebSite\",\"@id\":\"https:\\\/\\\/www.trustedtranslations.com\\\/it\\\/#website\",\"url\":\"https:\\\/\\\/www.trustedtranslations.com\\\/it\\\/\",\"name\":\"Trusted Translations, Inc.\",\"description\":\"Leader in translation and interpretation services.\",\"publisher\":{\"@id\":\"https:\\\/\\\/www.trustedtranslations.com\\\/it\\\/#organization\"},\"alternateName\":\"Trusted Translations\",\"potentialAction\":[{\"@type\":\"SearchAction\",\"target\":{\"@type\":\"EntryPoint\",\"urlTemplate\":\"https:\\\/\\\/www.trustedtranslations.com\\\/it\\\/?s={search_term_string}\"},\"query-input\":{\"@type\":\"PropertyValueSpecification\",\"valueRequired\":true,\"valueName\":\"search_term_string\"}}],\"inLanguage\":\"it-IT\"},{\"@type\":\"Organization\",\"@id\":\"https:\\\/\\\/www.trustedtranslations.com\\\/it\\\/#organization\",\"name\":\"Trusted Translations\",\"alternateName\":\"Trusted Translations, Inc.\",\"url\":\"https:\\\/\\\/www.trustedtranslations.com\\\/it\\\/\",\"logo\":{\"@type\":\"ImageObject\",\"inLanguage\":\"it-IT\",\"@id\":\"https:\\\/\\\/www.trustedtranslations.com\\\/it\\\/#\\\/schema\\\/logo\\\/image\\\/\",\"url\":\"https:\\\/\\\/static.trustedtranslations.com\\\/wp-content\\\/uploads\\\/2022\\\/01\\\/TT_logo_WSIColors-2.png\",\"contentUrl\":\"https:\\\/\\\/static.trustedtranslations.com\\\/wp-content\\\/uploads\\\/2022\\\/01\\\/TT_logo_WSIColors-2.png\",\"width\":500,\"height\":196,\"caption\":\"Trusted Translations\"},\"image\":{\"@id\":\"https:\\\/\\\/www.trustedtranslations.com\\\/it\\\/#\\\/schema\\\/logo\\\/image\\\/\"},\"sameAs\":[\"https:\\\/\\\/www.facebook.com\\\/Trusted.Translations\",\"https:\\\/\\\/x.com\\\/TrustedT9ns\",\"https:\\\/\\\/www.linkedin.com\\\/company\\\/trusted-translations\"]}]}<\/script>\n<!-- \/ Yoast SEO plugin. -->","yoast_head_json":{"title":"Servizi di traduzione da e verso il cinese - Trusted Translations, Inc.","description":"Trusted Translations, Inc. Servizi di traduzione in cinese. I nostri traduttori madrelingua forniscono traduzioni precise e puntuali. Contattateci per un preventivo gratuito.","robots":{"index":"index","follow":"follow","max-snippet":"max-snippet:-1","max-image-preview":"max-image-preview:large","max-video-preview":"max-video-preview:-1"},"canonical":"https:\/\/www.trustedtranslations.com\/it\/lingua\/cinese","og_locale":"it_IT","og_type":"article","og_title":"Servizi di traduzione da e verso il cinese - Trusted Translations, Inc.","og_description":"Trusted Translations, Inc. Servizi di traduzione in cinese. I nostri traduttori madrelingua forniscono traduzioni precise e puntuali. Contattateci per un preventivo gratuito.","og_url":"https:\/\/www.trustedtranslations.com\/it\/lingua\/cinese","og_site_name":"Trusted Translations, Inc.","article_publisher":"https:\/\/www.facebook.com\/Trusted.Translations","article_modified_time":"2024-09-23T19:57:58+00:00","og_image":[{"width":1038,"height":1038,"url":"https:\/\/static.trustedtranslations.com\/wp-content\/uploads\/2022\/03\/TT_NEW_FB-1.png","type":"image\/png"}],"twitter_card":"summary_large_image","twitter_site":"@TrustedT9ns","schema":{"@context":"https:\/\/schema.org","@graph":[{"@type":"WebPage","@id":"https:\/\/www.trustedtranslations.com\/it\/lingua\/cinese","url":"https:\/\/www.trustedtranslations.com\/it\/lingua\/cinese","name":"Servizi di traduzione da e verso il cinese - Trusted Translations, Inc.","isPartOf":{"@id":"https:\/\/www.trustedtranslations.com\/it\/#website"},"primaryImageOfPage":{"@id":"https:\/\/www.trustedtranslations.com\/it\/lingua\/cinese#primaryimage"},"image":{"@id":"https:\/\/www.trustedtranslations.com\/it\/lingua\/cinese#primaryimage"},"thumbnailUrl":"https:\/\/www.trustedtranslations.com\/wp-content\/uploads\/2022\/03\/TT_NEW_FB-1.png","description":"Trusted Translations, Inc. Servizi di traduzione in cinese. I nostri traduttori madrelingua forniscono traduzioni precise e puntuali. Contattateci per un preventivo gratuito.","breadcrumb":{"@id":"https:\/\/www.trustedtranslations.com\/it\/lingua\/cinese#breadcrumb"},"inLanguage":"it-IT","potentialAction":[{"@type":"ReadAction","target":["https:\/\/www.trustedtranslations.com\/it\/lingua\/cinese"]}]},{"@type":"ImageObject","inLanguage":"it-IT","@id":"https:\/\/www.trustedtranslations.com\/it\/lingua\/cinese#primaryimage","url":"https:\/\/www.trustedtranslations.com\/wp-content\/uploads\/2022\/03\/TT_NEW_FB-1.png","contentUrl":"https:\/\/www.trustedtranslations.com\/wp-content\/uploads\/2022\/03\/TT_NEW_FB-1.png","width":1038,"height":1038,"caption":"TT NEW FB 1"},{"@type":"BreadcrumbList","@id":"https:\/\/www.trustedtranslations.com\/it\/lingua\/cinese#breadcrumb","itemListElement":[{"@type":"ListItem","position":1,"name":"Home","item":"https:\/\/www.trustedtranslations.com\/it"},{"@type":"ListItem","position":2,"name":"Lingue","item":"https:\/\/www.trustedtranslations.com\/it\/lingua"},{"@type":"ListItem","position":3,"name":"Cinese"}]},{"@type":"WebSite","@id":"https:\/\/www.trustedtranslations.com\/it\/#website","url":"https:\/\/www.trustedtranslations.com\/it\/","name":"Trusted Translations, Inc.","description":"Leader in translation and interpretation services.","publisher":{"@id":"https:\/\/www.trustedtranslations.com\/it\/#organization"},"alternateName":"Trusted Translations","potentialAction":[{"@type":"SearchAction","target":{"@type":"EntryPoint","urlTemplate":"https:\/\/www.trustedtranslations.com\/it\/?s={search_term_string}"},"query-input":{"@type":"PropertyValueSpecification","valueRequired":true,"valueName":"search_term_string"}}],"inLanguage":"it-IT"},{"@type":"Organization","@id":"https:\/\/www.trustedtranslations.com\/it\/#organization","name":"Trusted Translations","alternateName":"Trusted Translations, Inc.","url":"https:\/\/www.trustedtranslations.com\/it\/","logo":{"@type":"ImageObject","inLanguage":"it-IT","@id":"https:\/\/www.trustedtranslations.com\/it\/#\/schema\/logo\/image\/","url":"https:\/\/static.trustedtranslations.com\/wp-content\/uploads\/2022\/01\/TT_logo_WSIColors-2.png","contentUrl":"https:\/\/static.trustedtranslations.com\/wp-content\/uploads\/2022\/01\/TT_logo_WSIColors-2.png","width":500,"height":196,"caption":"Trusted Translations"},"image":{"@id":"https:\/\/www.trustedtranslations.com\/it\/#\/schema\/logo\/image\/"},"sameAs":["https:\/\/www.facebook.com\/Trusted.Translations","https:\/\/x.com\/TrustedT9ns","https:\/\/www.linkedin.com\/company\/trusted-translations"]}]}},"toolset-meta":{"dyk":{"mensaje-1":{"type":"textfield","raw":"Trusted Translations effettua traduzioni in cinese semplificato, tradizionale, cantonese e mandarino."},"mensaje-2":{"type":"textfield","raw":"Il cinese \u00e8 la lingua pi\u00f9 parlata al mondo, con oltre un miliardo di madrelingua."},"mensaje-3":{"type":"textfield","raw":"Il cinese mandarino \u00e8 la lingua pi\u00f9 usata al mondo, seguito dall\u2019inglese e dallo spagnolo."},"mensaje-4":{"type":"textfield","raw":"Trusted Translations utilizza solo traduttori madrelingua cinesi per garantire il massimo livello di qualit\u00e0."},"mensaje-5":{"type":"textfield","raw":""},"mensaje-6":{"type":"textfield","raw":""}},"single-page-template-fields":{"imgs-temp":{"type":"image","raw":["https:\/\/static.trustedtranslations.com\/wp-content\/uploads\/2024\/05\/chinese-final-1.webp"],"repeatable":[{"raw":"https:\/\/static.trustedtranslations.com\/wp-content\/uploads\/2024\/05\/chinese-final-1.webp"}]},"imgs-temp-cel":{"type":"image","raw":[""],"repeatable":[{"raw":""}]},"img-temp-one-cel":{"type":"image","raw":"https:\/\/static.trustedtranslations.com\/wp-content\/uploads\/2024\/05\/AdobeStock_178794431-1-1.webp","attachment_id":null},"quotes":{"type":"textarea","raw":"<h1 style=\"margin-bottom: 12px;\">Servizi di traduzione in cinese<\/h1>Parlato da oltre 1,3 miliardi di persone in tutto il mondo, il cinese \u00e8 una delle lingue pi\u00f9 utilizzate, nonch\u00e9 la seconda lingua pi\u00f9 usata su Internet. Che si tratti di affari o software, eLearning o intrattenimento, le traduzioni in cinese sono una necessit\u00e0 assoluta per ogni organizzazione globale in qualsiasi settore. Trusted Translations offre servizi di traduzione in cinese di alta qualit\u00e0 a prezzi competitivi sia in cinese tradizionale che in cinese semplificato.<div style=\"margin-top: 2.5vw;\"><a class=\"tt-btn-main-cta\" href=\"\/it\/quote\">RICHIEDI UN PREVENTIVO GRATUITO<\/a><\/div>"},"text-1":{"type":"textarea","raw":"<h2 style=\"margin-bottom:20px\">Dialetti cinesi parlati e lingua cinese scritta \u201cclassica\u201d<\/h2>\r\nL'origine dei caratteri cinesi pu\u00f2 essere fatta risalire alla fine del II millennio A.C., quando questi venivano incisi sulle ossa degli oracoli. La leggenda dice che questi caratteri vennero creati dal leggendario C\u0101ngji\u00e9. Ispirato dalle impronte di uccelli e animali, cerc\u00f2 di imitare la natura nell\u2019espressione scritta. Questi geroglifici primitivi rappresentavano ciascuno un concetto e costituirono la prima apparizione della lingua. Col tempo, questa scrittura si \u00e8 evoluta in caratteri pi\u00f9 diretti formati da una serie di pennellate. Di conseguenza, la calligrafia cinese non \u00e8 semplicemente un sistema di scrittura: \u00e8 anche considerata una forma d\u2019arte complessa e raffinata.\r\n\r\nAttualmente, con oltre un miliardo di persone che parlano una variante di cinese, si tratta della lingua pi\u00f9 parlata al mondo, contando solo i madrelingua. Eppure, all\u2019interno di questa lingua ampiamente diffusa, si sono sviluppati molti dialetti, diversi principalmente nella fonologia a causa delle differenze regionali e solo in misura minore nel vocabolario e nella sintassi. Per quanto riguarda la forma scritta del cinese, si tratta di una forma \u201cclassica\u201d della lingua che non era peculiare di nessun dialetto regionale. Al giorno d\u2019oggi esistono due principali forme scritte di cinese: il cinese tradizionale e il cinese semplificato.\r\n<h2 style=\"margin-bottom:20px\">Cinese semplificato e cinese tradizionale<\/h2>\r\nDagli anni Cinquanta in poi, la lingua scritta classica (\u201ctradizionale\u201d) \u00e8 stata sostituita da una pi\u00f9 \u201csemplificata\u201d al fine di contribuire ad aumentare i livelli di alfabetizzazione in Cina. Il linguaggio \u00e8 stato semplificato riducendo i tratti di penna in molti caratteri. L\u2019utilizzo dei caratteri semplificati \u00e8 ormai diffuso nella Cina continentale, mentre le persone che vivono all\u2019estero continuano a utilizzare i caratteri tradizionali non semplificati (Taiwan, Hong Kong e Macao). La differenza fondamentale tra i due tipi di caratteri \u00e8 che la forma tradizionale \u00e8 ancora basata su caratteri precedenti e utilizza pi\u00f9 tratti, mentre i caratteri pi\u00f9 moderni e semplificati sono molto pi\u00f9 semplici.\r\n\r\nForniamo soluzioni di traduzione professionale in cinese semplificato (utilizzato principalmente nella Cina continentale) e cinese tradizionale (utilizzato principalmente a Taiwan, Hong Kong e Macao) ad alcune delle principali aziende e organizzazioni al mondo.\u00a0<em>Trusted Translations<\/em> \u00e8 molto orgogliosa di fornire ai propri clienti traduzioni professionali in cinese tradizionale e semplificato di alta qualit\u00e0 a prezzi competitivi."},"shortcode-map":{"type":"textfield","raw":""},"dyk-shortcode":{"type":"textfield","raw":"[elementor-template id=\"146751\"]"},"text-2":{"type":"textarea","raw":"<h2 style=\"margin-bottom:20px\">Mandarino e cantonese<\/h2>\r\nBisogna anche notare che il mandarino non \u00e8 il cinese semplificato e il cantonese non \u00e8 il cinese tradizionale. Il mandarino e il cantonese sono lingue parlate. Il mandarino \u00e8 la lingua parlata standard e ufficiale nella Cina continentale e a Taiwan. Il cantonese \u00e8 una lingua parlata in alcune aree della Cina (provincia del Guangdong) e anche a Hong Kong e Macao. Il cantonese \u00e8 un dialetto usato nel Guangdong (appartenente alla Cina continentale). Il cantonese \u00e8 anche una delle lingue parlate ufficiali utilizzate a Hong Kong e Macao. In altre parole, il cinese semplificato \u00e8 la lingua scritta ufficiale utilizzata nella Cina continentale, mentre il cinese tradizionale \u00e8 la lingua scritta ufficiale utilizzata a Hong Kong, Macao e Taiwan.\r\n<h2 style=\"margin-bottom:20px\">Localizzazione in cinese nel vostro mercato di riferimento<\/h2>\r\nI caratteri cinesi semplificati sono usati in quasi tutta la Cina, a Singapore e in Malesia, mentre i caratteri cinesi tradizionali sono usati a Taiwan, Hong Kong e Macao. Si tratta di un aspetto importante da tenere in considerazione perch\u00e9, se insorge la necessit\u00e0 di una traduzione per Taipei, ad esempio, \u00e8 necessario tradurre il proprio materiale in cinese tradizionale. Allo stesso modo, se si ha bisogno di inviare una traduzione a Pechino, questa dovr\u00e0 essere redatta in cinese semplificato. Inoltre, l\u2019utilizzo del cinese tradizionale a Taiwan e Hong Kong \u00e8 leggermente diverso dal cinese tradizionale utilizzato in altre aree. Con tutte queste differenze, \u00e8 essenziale effettuare una localizzazione corretta per il proprio mercato di riferimento. Pertanto, sia che stiate cercando di espandere la vostra attivit\u00e0 in Oriente o di rivolgervi alle comunit\u00e0 cinesi locali, possiamo fornire assistenza grazie al nostro team di traduttori altamente qualificato.\r\n<h2 style=\"margin-bottom:20px\">Team di esperti di traduzione in cinese<\/h2>\r\nAbbiamo riunito team di esperti in cinese semplificato e tradizionale, tutti residenti in luoghi diversi, in modo da poter localizzare correttamente le vostre traduzioni in cinese per il vostro pubblico di destinazione specifico, che si tratti della Cina continentale, di Macao, di Hong Kong o di Taiwan. Tutti i nostri traduttori hanno una vasta gamma di competenze e specialit\u00e0 e conoscono tutte le complessit\u00e0 della lingua cinese. Adattiamo le conoscenze e i punti di forza dei nostri team di traduttori in cinese al vostro specifico progetto e alle vostre specifiche esigenze di mercato di lingua cinese.\r\n\r\nChe abbiate bisogno di una traduzione in cinese semplificato o tradizionale, <em>Trusted Translations<\/em> \u00e8 la soluzione completa per tutte le vostre esigenze linguistiche."},"state":{"type":"textfield","raw":""},"city":{"type":"textarea","raw":[]}}},"_links":{"self":[{"href":"https:\/\/www.trustedtranslations.com\/it\/wp-json\/wp\/v2\/pages\/123201","targetHints":{"allow":["GET"]}}],"collection":[{"href":"https:\/\/www.trustedtranslations.com\/it\/wp-json\/wp\/v2\/pages"}],"about":[{"href":"https:\/\/www.trustedtranslations.com\/it\/wp-json\/wp\/v2\/types\/page"}],"author":[{"embeddable":true,"href":"https:\/\/www.trustedtranslations.com\/it\/wp-json\/wp\/v2\/users\/1"}],"replies":[{"embeddable":true,"href":"https:\/\/www.trustedtranslations.com\/it\/wp-json\/wp\/v2\/comments?post=123201"}],"version-history":[{"count":0,"href":"https:\/\/www.trustedtranslations.com\/it\/wp-json\/wp\/v2\/pages\/123201\/revisions"}],"up":[{"embeddable":true,"href":"https:\/\/www.trustedtranslations.com\/it\/wp-json\/wp\/v2\/pages\/123365"}],"wp:featuredmedia":[{"embeddable":true,"href":"https:\/\/www.trustedtranslations.com\/it\/wp-json\/wp\/v2\/media\/139629"}],"wp:attachment":[{"href":"https:\/\/www.trustedtranslations.com\/it\/wp-json\/wp\/v2\/media?parent=123201"}],"curies":[{"name":"wp","href":"https:\/\/api.w.org\/{rel}","templated":true}]}}