{"id":123209,"date":"2019-12-27T17:01:28","date_gmt":"2019-12-27T17:01:28","guid":{"rendered":"https:\/\/www.trustedtranslations.com\/?page_id=123209"},"modified":"2024-09-06T11:44:36","modified_gmt":"2024-09-06T14:44:36","slug":"volume-elevato","status":"publish","type":"page","link":"https:\/\/www.trustedtranslations.com\/it\/chi-siamo\/tariffe\/volume-elevato","title":{"rendered":"Volume elevato"},"content":{"rendered":"","protected":false},"excerpt":{"rendered":"","protected":false},"author":1,"featured_media":139629,"parent":123242,"menu_order":0,"comment_status":"closed","ping_status":"closed","template":"","meta":{"site-sidebar-layout":"default","site-content-layout":"default","ast-site-content-layout":"default","site-content-style":"default","site-sidebar-style":"default","ast-global-header-display":"","ast-banner-title-visibility":"","ast-main-header-display":"","ast-hfb-above-header-display":"","ast-hfb-below-header-display":"","ast-hfb-mobile-header-display":"","site-post-title":"disabled","ast-breadcrumbs-content":"","ast-featured-img":"","footer-sml-layout":"","theme-transparent-header-meta":"default","adv-header-id-meta":"","stick-header-meta":"","header-above-stick-meta":"","header-main-stick-meta":"","header-below-stick-meta":"","astra-migrate-meta-layouts":"set","ast-page-background-enabled":"default","ast-page-background-meta":{"desktop":{"background-color":"var(--ast-global-color-4)","background-image":"","background-repeat":"repeat","background-position":"center center","background-size":"auto","background-attachment":"scroll","background-type":"","background-media":"","overlay-type":"","overlay-color":"","overlay-opacity":"","overlay-gradient":""},"tablet":{"background-color":"","background-image":"","background-repeat":"repeat","background-position":"center center","background-size":"auto","background-attachment":"scroll","background-type":"","background-media":"","overlay-type":"","overlay-color":"","overlay-opacity":"","overlay-gradient":""},"mobile":{"background-color":"","background-image":"","background-repeat":"repeat","background-position":"center center","background-size":"auto","background-attachment":"scroll","background-type":"","background-media":"","overlay-type":"","overlay-color":"","overlay-opacity":"","overlay-gradient":""}},"ast-content-background-meta":{"desktop":{"background-color":"var(--ast-global-color-5)","background-image":"","background-repeat":"repeat","background-position":"center center","background-size":"auto","background-attachment":"scroll","background-type":"","background-media":"","overlay-type":"","overlay-color":"","overlay-opacity":"","overlay-gradient":""},"tablet":{"background-color":"var(--ast-global-color-5)","background-image":"","background-repeat":"repeat","background-position":"center center","background-size":"auto","background-attachment":"scroll","background-type":"","background-media":"","overlay-type":"","overlay-color":"","overlay-opacity":"","overlay-gradient":""},"mobile":{"background-color":"var(--ast-global-color-5)","background-image":"","background-repeat":"repeat","background-position":"center center","background-size":"auto","background-attachment":"scroll","background-type":"","background-media":"","overlay-type":"","overlay-color":"","overlay-opacity":"","overlay-gradient":""}},"footnotes":""},"class_list":["post-123209","page","type-page","status-publish","has-post-thumbnail","hentry"],"yoast_head":"<!-- This site is optimized with the Yoast SEO plugin v27.5 - https:\/\/yoast.com\/product\/yoast-seo-wordpress\/ -->\n<title>Traduzioni a volume elevato - Trusted Translations, Inc.<\/title>\n<meta name=\"description\" content=\"Trusted Translations \u00e8 un fornitore esperto di servizi di traduzione a volume elevato. Richiedi un preventivo o una consulenza gratuita.\" \/>\n<meta name=\"robots\" content=\"index, follow, max-snippet:-1, max-image-preview:large, max-video-preview:-1\" \/>\n<link rel=\"canonical\" href=\"https:\/\/www.trustedtranslations.com\/it\/chi-siamo\/tariffe\/volume-elevato\" \/>\n<meta property=\"og:locale\" content=\"it_IT\" \/>\n<meta property=\"og:type\" content=\"article\" \/>\n<meta property=\"og:title\" content=\"Traduzioni a volume elevato - Trusted Translations, Inc.\" \/>\n<meta property=\"og:description\" content=\"Trusted Translations \u00e8 un fornitore esperto di servizi di traduzione a volume elevato. Richiedi un preventivo o una consulenza gratuita.\" \/>\n<meta property=\"og:url\" content=\"https:\/\/www.trustedtranslations.com\/it\/chi-siamo\/tariffe\/volume-elevato\" \/>\n<meta property=\"og:site_name\" content=\"Trusted Translations, Inc.\" \/>\n<meta property=\"article:publisher\" content=\"https:\/\/www.facebook.com\/Trusted.Translations\" \/>\n<meta property=\"article:modified_time\" content=\"2024-09-06T14:44:36+00:00\" \/>\n<meta property=\"og:image\" content=\"https:\/\/static.trustedtranslations.com\/wp-content\/uploads\/2022\/03\/TT_NEW_FB-1.png\" \/>\n\t<meta property=\"og:image:width\" content=\"1038\" \/>\n\t<meta property=\"og:image:height\" content=\"1038\" \/>\n\t<meta property=\"og:image:type\" content=\"image\/png\" \/>\n<meta name=\"twitter:card\" content=\"summary_large_image\" \/>\n<meta name=\"twitter:site\" content=\"@TrustedT9ns\" \/>\n<script type=\"application\/ld+json\" class=\"yoast-schema-graph\">{\"@context\":\"https:\\\/\\\/schema.org\",\"@graph\":[{\"@type\":\"WebPage\",\"@id\":\"https:\\\/\\\/www.trustedtranslations.com\\\/it\\\/chi-siamo\\\/tariffe\\\/volume-elevato\",\"url\":\"https:\\\/\\\/www.trustedtranslations.com\\\/it\\\/chi-siamo\\\/tariffe\\\/volume-elevato\",\"name\":\"Traduzioni a volume elevato - Trusted Translations, Inc.\",\"isPartOf\":{\"@id\":\"https:\\\/\\\/www.trustedtranslations.com\\\/it\\\/#website\"},\"primaryImageOfPage\":{\"@id\":\"https:\\\/\\\/www.trustedtranslations.com\\\/it\\\/chi-siamo\\\/tariffe\\\/volume-elevato#primaryimage\"},\"image\":{\"@id\":\"https:\\\/\\\/www.trustedtranslations.com\\\/it\\\/chi-siamo\\\/tariffe\\\/volume-elevato#primaryimage\"},\"thumbnailUrl\":\"https:\\\/\\\/www.trustedtranslations.com\\\/wp-content\\\/uploads\\\/2022\\\/03\\\/TT_NEW_FB-1.png\",\"description\":\"Trusted Translations \u00e8 un fornitore esperto di servizi di traduzione a volume elevato. Richiedi un preventivo o una consulenza gratuita.\",\"breadcrumb\":{\"@id\":\"https:\\\/\\\/www.trustedtranslations.com\\\/it\\\/chi-siamo\\\/tariffe\\\/volume-elevato#breadcrumb\"},\"inLanguage\":\"it-IT\",\"potentialAction\":[{\"@type\":\"ReadAction\",\"target\":[\"https:\\\/\\\/www.trustedtranslations.com\\\/it\\\/chi-siamo\\\/tariffe\\\/volume-elevato\"]}]},{\"@type\":\"ImageObject\",\"inLanguage\":\"it-IT\",\"@id\":\"https:\\\/\\\/www.trustedtranslations.com\\\/it\\\/chi-siamo\\\/tariffe\\\/volume-elevato#primaryimage\",\"url\":\"https:\\\/\\\/www.trustedtranslations.com\\\/wp-content\\\/uploads\\\/2022\\\/03\\\/TT_NEW_FB-1.png\",\"contentUrl\":\"https:\\\/\\\/www.trustedtranslations.com\\\/wp-content\\\/uploads\\\/2022\\\/03\\\/TT_NEW_FB-1.png\",\"width\":1038,\"height\":1038,\"caption\":\"TT NEW FB 1\"},{\"@type\":\"BreadcrumbList\",\"@id\":\"https:\\\/\\\/www.trustedtranslations.com\\\/it\\\/chi-siamo\\\/tariffe\\\/volume-elevato#breadcrumb\",\"itemListElement\":[{\"@type\":\"ListItem\",\"position\":1,\"name\":\"Home\",\"item\":\"https:\\\/\\\/www.trustedtranslations.com\\\/it\"},{\"@type\":\"ListItem\",\"position\":2,\"name\":\"Chi siamo\",\"item\":\"https:\\\/\\\/www.trustedtranslations.com\\\/it\\\/chi-siamo\"},{\"@type\":\"ListItem\",\"position\":3,\"name\":\"Tariffe\",\"item\":\"https:\\\/\\\/www.trustedtranslations.com\\\/it\\\/chi-siamo\\\/tariffe\"},{\"@type\":\"ListItem\",\"position\":4,\"name\":\"Volume elevato\"}]},{\"@type\":\"WebSite\",\"@id\":\"https:\\\/\\\/www.trustedtranslations.com\\\/it\\\/#website\",\"url\":\"https:\\\/\\\/www.trustedtranslations.com\\\/it\\\/\",\"name\":\"Trusted Translations, Inc.\",\"description\":\"Leader in translation and interpretation services.\",\"publisher\":{\"@id\":\"https:\\\/\\\/www.trustedtranslations.com\\\/it\\\/#organization\"},\"alternateName\":\"Trusted Translations\",\"potentialAction\":[{\"@type\":\"SearchAction\",\"target\":{\"@type\":\"EntryPoint\",\"urlTemplate\":\"https:\\\/\\\/www.trustedtranslations.com\\\/it\\\/?s={search_term_string}\"},\"query-input\":{\"@type\":\"PropertyValueSpecification\",\"valueRequired\":true,\"valueName\":\"search_term_string\"}}],\"inLanguage\":\"it-IT\"},{\"@type\":\"Organization\",\"@id\":\"https:\\\/\\\/www.trustedtranslations.com\\\/it\\\/#organization\",\"name\":\"Trusted Translations\",\"alternateName\":\"Trusted Translations, Inc.\",\"url\":\"https:\\\/\\\/www.trustedtranslations.com\\\/it\\\/\",\"logo\":{\"@type\":\"ImageObject\",\"inLanguage\":\"it-IT\",\"@id\":\"https:\\\/\\\/www.trustedtranslations.com\\\/it\\\/#\\\/schema\\\/logo\\\/image\\\/\",\"url\":\"https:\\\/\\\/static.trustedtranslations.com\\\/wp-content\\\/uploads\\\/2022\\\/01\\\/TT_logo_WSIColors-2.png\",\"contentUrl\":\"https:\\\/\\\/static.trustedtranslations.com\\\/wp-content\\\/uploads\\\/2022\\\/01\\\/TT_logo_WSIColors-2.png\",\"width\":500,\"height\":196,\"caption\":\"Trusted Translations\"},\"image\":{\"@id\":\"https:\\\/\\\/www.trustedtranslations.com\\\/it\\\/#\\\/schema\\\/logo\\\/image\\\/\"},\"sameAs\":[\"https:\\\/\\\/www.facebook.com\\\/Trusted.Translations\",\"https:\\\/\\\/x.com\\\/TrustedT9ns\",\"https:\\\/\\\/www.linkedin.com\\\/company\\\/trusted-translations\"]}]}<\/script>\n<!-- \/ Yoast SEO plugin. -->","yoast_head_json":{"title":"Traduzioni a volume elevato - Trusted Translations, Inc.","description":"Trusted Translations \u00e8 un fornitore esperto di servizi di traduzione a volume elevato. Richiedi un preventivo o una consulenza gratuita.","robots":{"index":"index","follow":"follow","max-snippet":"max-snippet:-1","max-image-preview":"max-image-preview:large","max-video-preview":"max-video-preview:-1"},"canonical":"https:\/\/www.trustedtranslations.com\/it\/chi-siamo\/tariffe\/volume-elevato","og_locale":"it_IT","og_type":"article","og_title":"Traduzioni a volume elevato - Trusted Translations, Inc.","og_description":"Trusted Translations \u00e8 un fornitore esperto di servizi di traduzione a volume elevato. Richiedi un preventivo o una consulenza gratuita.","og_url":"https:\/\/www.trustedtranslations.com\/it\/chi-siamo\/tariffe\/volume-elevato","og_site_name":"Trusted Translations, Inc.","article_publisher":"https:\/\/www.facebook.com\/Trusted.Translations","article_modified_time":"2024-09-06T14:44:36+00:00","og_image":[{"width":1038,"height":1038,"url":"https:\/\/static.trustedtranslations.com\/wp-content\/uploads\/2022\/03\/TT_NEW_FB-1.png","type":"image\/png"}],"twitter_card":"summary_large_image","twitter_site":"@TrustedT9ns","schema":{"@context":"https:\/\/schema.org","@graph":[{"@type":"WebPage","@id":"https:\/\/www.trustedtranslations.com\/it\/chi-siamo\/tariffe\/volume-elevato","url":"https:\/\/www.trustedtranslations.com\/it\/chi-siamo\/tariffe\/volume-elevato","name":"Traduzioni a volume elevato - Trusted Translations, Inc.","isPartOf":{"@id":"https:\/\/www.trustedtranslations.com\/it\/#website"},"primaryImageOfPage":{"@id":"https:\/\/www.trustedtranslations.com\/it\/chi-siamo\/tariffe\/volume-elevato#primaryimage"},"image":{"@id":"https:\/\/www.trustedtranslations.com\/it\/chi-siamo\/tariffe\/volume-elevato#primaryimage"},"thumbnailUrl":"https:\/\/www.trustedtranslations.com\/wp-content\/uploads\/2022\/03\/TT_NEW_FB-1.png","description":"Trusted Translations \u00e8 un fornitore esperto di servizi di traduzione a volume elevato. Richiedi un preventivo o una consulenza gratuita.","breadcrumb":{"@id":"https:\/\/www.trustedtranslations.com\/it\/chi-siamo\/tariffe\/volume-elevato#breadcrumb"},"inLanguage":"it-IT","potentialAction":[{"@type":"ReadAction","target":["https:\/\/www.trustedtranslations.com\/it\/chi-siamo\/tariffe\/volume-elevato"]}]},{"@type":"ImageObject","inLanguage":"it-IT","@id":"https:\/\/www.trustedtranslations.com\/it\/chi-siamo\/tariffe\/volume-elevato#primaryimage","url":"https:\/\/www.trustedtranslations.com\/wp-content\/uploads\/2022\/03\/TT_NEW_FB-1.png","contentUrl":"https:\/\/www.trustedtranslations.com\/wp-content\/uploads\/2022\/03\/TT_NEW_FB-1.png","width":1038,"height":1038,"caption":"TT NEW FB 1"},{"@type":"BreadcrumbList","@id":"https:\/\/www.trustedtranslations.com\/it\/chi-siamo\/tariffe\/volume-elevato#breadcrumb","itemListElement":[{"@type":"ListItem","position":1,"name":"Home","item":"https:\/\/www.trustedtranslations.com\/it"},{"@type":"ListItem","position":2,"name":"Chi siamo","item":"https:\/\/www.trustedtranslations.com\/it\/chi-siamo"},{"@type":"ListItem","position":3,"name":"Tariffe","item":"https:\/\/www.trustedtranslations.com\/it\/chi-siamo\/tariffe"},{"@type":"ListItem","position":4,"name":"Volume elevato"}]},{"@type":"WebSite","@id":"https:\/\/www.trustedtranslations.com\/it\/#website","url":"https:\/\/www.trustedtranslations.com\/it\/","name":"Trusted Translations, Inc.","description":"Leader in translation and interpretation services.","publisher":{"@id":"https:\/\/www.trustedtranslations.com\/it\/#organization"},"alternateName":"Trusted Translations","potentialAction":[{"@type":"SearchAction","target":{"@type":"EntryPoint","urlTemplate":"https:\/\/www.trustedtranslations.com\/it\/?s={search_term_string}"},"query-input":{"@type":"PropertyValueSpecification","valueRequired":true,"valueName":"search_term_string"}}],"inLanguage":"it-IT"},{"@type":"Organization","@id":"https:\/\/www.trustedtranslations.com\/it\/#organization","name":"Trusted Translations","alternateName":"Trusted Translations, Inc.","url":"https:\/\/www.trustedtranslations.com\/it\/","logo":{"@type":"ImageObject","inLanguage":"it-IT","@id":"https:\/\/www.trustedtranslations.com\/it\/#\/schema\/logo\/image\/","url":"https:\/\/static.trustedtranslations.com\/wp-content\/uploads\/2022\/01\/TT_logo_WSIColors-2.png","contentUrl":"https:\/\/static.trustedtranslations.com\/wp-content\/uploads\/2022\/01\/TT_logo_WSIColors-2.png","width":500,"height":196,"caption":"Trusted Translations"},"image":{"@id":"https:\/\/www.trustedtranslations.com\/it\/#\/schema\/logo\/image\/"},"sameAs":["https:\/\/www.facebook.com\/Trusted.Translations","https:\/\/x.com\/TrustedT9ns","https:\/\/www.linkedin.com\/company\/trusted-translations"]}]}},"toolset-meta":{"dyk":{"mensaje-1":{"type":"textfield","raw":"Possiamo fornire glossari specifici del dominio per velocizzare i progetti di traduzione."},"mensaje-2":{"type":"textfield","raw":"Quando determiniamo un preventivo, forniamo una prova di traduzione gratuita per stimare accuratamente i progetti di grandi dimensioni."},"mensaje-3":{"type":"textfield","raw":"Trusted Translations \u00e8 specializzata in traduzioni a volume elevato che aiutano i clienti a rispettare le scadenze."},"mensaje-4":{"type":"textfield","raw":"Il nostro processo di revisione in tre fasi consente tempi di consegna rapidi senza compromettere la precisione."},"mensaje-5":{"type":"textfield","raw":""},"mensaje-6":{"type":"textfield","raw":""}},"single-page-template-fields":{"imgs-temp":{"type":"image","raw":["https:\/\/static.trustedtranslations.com\/wp-content\/uploads\/2024\/07\/Group-111-1.webp","https:\/\/static.trustedtranslations.com\/wp-content\/uploads\/2024\/07\/Group-110-1.webp"],"repeatable":[{"raw":"https:\/\/static.trustedtranslations.com\/wp-content\/uploads\/2024\/07\/Group-111-1.webp"},{"raw":"https:\/\/static.trustedtranslations.com\/wp-content\/uploads\/2024\/07\/Group-110-1.webp"}]},"imgs-temp-cel":{"type":"image","raw":[""],"repeatable":[{"raw":""}]},"img-temp-one-cel":{"type":"image","raw":"https:\/\/static.trustedtranslations.com\/wp-content\/uploads\/2024\/07\/AdobeStock_364094736-2-1.webp","attachment_id":null},"quotes":{"type":"textarea","raw":"<h1 style=\"margin-bottom: 12px;\">Traduzione a volume elevato<\/h1>\r\nNoi di <em>Trusted Translations<\/em> abbiamo anni di esperienza nella fornitura di servizi di traduzione professionale a volume elevato. Siamo specializzati in soluzioni di grandi progetti di traduzione in cui implementiamo un processo completo, con particolare attenzione al campo di competenza e alla terminologia specifici dei nostri clienti per garantire accuratezza, coerenza, tempi di consegna rapidi e tariffe molto competitive.\r\n<div style=\"margin-top: 2.5vw;\"><a class=\"tt-btn-main-cta\" href=\"https:\/\/www.trustedtranslations.com\/it\/quote\">Richiedi un preventivo gratuito<\/a><\/div>"},"text-1":{"type":"textarea","raw":"<h2><span class=\"TextRun SCXW143701897 BCX9\" lang=\"EN-US\" xml:lang=\"EN-US\" data-contrast=\"auto\"><span class=\"NormalTextRun SCXW143701897 BCX9\">Flussi di lavoro basati sulla tecnologia<\/span><\/span><span class=\"EOP SCXW143701897 BCX9\" data-ccp-props=\"{\"201341983\":0,\"335559739\":160,\"335559740\":259}\">\u00a0<\/span><\/h2>\r\nNell\u2019ultimo decennio sono stati compiuti grandi progressi nelle <a href=\"https:\/\/www.trustedtranslations.com\/it\/servizi\/automatica\" target=\"_blank\" rel=\"noopener\">tecnologie di traduzione automatica (MT)<\/a>. Sebbene non siano sempre applicabili, i flussi di lavoro con traduzione automatica forniscono una buona soluzione alla sfida dell\u2019elaborazione di contenuti a volume elevato.\r\n\r\nUn altro elemento fondamentale per elaborare con successo contenuti a volume elevato \u00e8 disporre di buone risorse di traduzione. Una memoria di traduzione specifica del cliente richiede tempo per lo sviluppo e mostra i vantaggi legati allo sfruttare i contenuti precedentemente elaborati.\r\n\r\nUn glossario pu\u00f2 essere specifico del progetto e sviluppato come primo passo e come parte cruciale dell\u2019ambito del lavoro. I glossari possono essere successivamente sviluppati nel tempo trasformandosi in database specifici del cliente con la terminologia preferita. Un\u2019alternativa sono i glossari specifici per settore, che possono essere utilizzati fin dall\u2019inizio senza dover attendere l\u2019avvio di un progetto quando anche il tempo \u00e8 essenziale.\r\n<h2>Sviluppo di glossari<\/h2>\r\nIl processo di creazione del glossario \u00e8 guidato da un content manager, che non \u00e8 solo responsabile della creazione di questo strumento di riferimento, ma anche della sua distribuzione tra i team linguistici e del suo mantenimento nel tempo.\r\n\r\nQuando un glossario appena creato viene approvato dal cliente, il project manager invia il testo, il glossario e tutte le considerazioni speciali di cui tenere conto durante il processo di traduzione ai traduttori esperti del settore.\r\n\r\nUna volta tradotti, il project manager trasmette i materiali al team di editing per una revisione dettagliata. Gli editor confrontano il testo tradotto con il testo originale segmento per segmento al fine di garantire l\u2019accuratezza e l\u2019utilizzo corretto e coerente delle regole grammaticali, dell\u2019ortografia, della sintassi, della terminologia e dello stile.<img class=\"wp-image-148492 alignleft\" src=\"https:\/\/static.trustedtranslations.com\/wp-content\/uploads\/2022\/05\/AdobeStock_402004021-1-1-300x206.jpg\" alt=\"\" width=\"500\" height=\"344\" \/>\r\n\r\nNon appena il project manager avr\u00e0 finito di rivedere le modifiche implementate dagli editor, il testo verr\u00e0 inviato al content manager. Il content manager, che per definizione \u00e8 sempre bilingue, con competenze linguistiche nella lingua di partenza e di destinazione per il progetto in questione, nonch\u00e9 un esperto in materia, si concentrer\u00e0 principalmente sulla revisione della terminologia per l\u2019accuratezza tecnica. Oltre a controllare la fedelt\u00e0 del contenuto tradotto, il content manager confermer\u00e0 anche l\u2019assenza di errori grammaticali o di battitura.\r\n\r\nUna volta completata la revisione finale da parte del content manager, il testo tradotto viene quindi restituito al project manager per una valutazione finale della qualit\u00e0. Il project manager esaminer\u00e0 la traduzione finale e il glossario aggiornato prima di trasmettere i file all\u2019account manager e autorizzare la consegna del progetto."},"shortcode-map":{"type":"textfield","raw":""},"dyk-shortcode":{"type":"textfield","raw":"[elementor-template id=\"146751\"]"},"text-2":{"type":"textarea","raw":"<h2>Produzione stimata e tempi di consegna<\/h2>\r\nCome gi\u00e0 menzionato nella nostra pagina <a href=\"https:\/\/www.trustedtranslations.com\/it\/chi-siamo\/tariffe\" target=\"_blank\" rel=\"noopener\">Tariffe di traduzione<\/a>, i tempi di consegna sono un\u2019altra componente fondamentale per la determinazione dei prezzi. Di seguito sono elencati i normali tempi di consegna suggeriti con il dovuto preavviso per l\u2019allineamento delle risorse e in base al conteggio totale delle parole. Questi tempi di consegna rapidi possono anche essere influenzati dal divario di fuso orario relativo alla posizione delle nostre risorse per determinate coppie linguistiche (ad esempio, lingue asiatiche o mediorientali).\r\n<h2>Tempistiche stimate per il processo di traduzione e revisione<\/h2>\r\nQueste cifre sono stime che tengono conto dell\u2019utilizzo di pi\u00f9 linguisti; i numeri possono essere notevolmente ridotti quando un passaggio basato su traduzione automatica \u00e8 incluso nel flusso di lavoro.\r\n\r\n<strong>Tra 0 e 10.000 parole:<\/strong>\r\n\r\n1 giorno\r\n\r\n<strong>Tra 10.000 e 100.000 parole:<\/strong>\r\n\r\n5 giorni\r\n\r\n<strong>Tra 100.000 e 200.000 parole:<\/strong>\r\n\r\n7 giorni\r\n\r\n<strong>Tra 200.000 e 500.000 parole:<\/strong>\r\n\r\n10 giorni\r\n\r\n<strong>Tra 500.000 e 1.000.000 di parole:<\/strong>\r\n\r\n15 giorni\r\n\r\n<strong>Tra 1.000.000 e 2.000.000 di parole:<\/strong>\r\n\r\n30 giorni\r\n\r\n<strong>Tra 2.000.000 e 5.000.000 di parole:<\/strong>\r\n\r\n45-60 giorni\r\n\r\n<strong>Oltre 5.000.000:<\/strong>\r\n\r\nda discutere con il cliente\r\n<h2>Qualit\u00e0 della traduzione per progetti di grandi dimensioni<\/h2>\r\nIl nostro rigoroso ed esauriente processo di revisione tecnica ed editing garantisce l\u2019assoluta accuratezza, coerenza e idoneit\u00e0 dei materiali tradotti. Questo processo supera tutti gli standard internazionali, inclusa la norma ISO 9001:2000. <em>Trusted Translations<\/em> certifica ogni traduzione come conforme a <a href=\"https:\/\/www.trustedtranslations.com\/it\/chi-siamo\/certificazioni\" target=\"_blank\" rel=\"noopener\">ISO<\/a>, in conformit\u00e0 con le norme e i regolamenti standard internazionali, come richiesto."},"state":{"type":"textfield","raw":""},"city":{"type":"textarea","raw":[]}}},"_links":{"self":[{"href":"https:\/\/www.trustedtranslations.com\/it\/wp-json\/wp\/v2\/pages\/123209","targetHints":{"allow":["GET"]}}],"collection":[{"href":"https:\/\/www.trustedtranslations.com\/it\/wp-json\/wp\/v2\/pages"}],"about":[{"href":"https:\/\/www.trustedtranslations.com\/it\/wp-json\/wp\/v2\/types\/page"}],"author":[{"embeddable":true,"href":"https:\/\/www.trustedtranslations.com\/it\/wp-json\/wp\/v2\/users\/1"}],"replies":[{"embeddable":true,"href":"https:\/\/www.trustedtranslations.com\/it\/wp-json\/wp\/v2\/comments?post=123209"}],"version-history":[{"count":0,"href":"https:\/\/www.trustedtranslations.com\/it\/wp-json\/wp\/v2\/pages\/123209\/revisions"}],"up":[{"embeddable":true,"href":"https:\/\/www.trustedtranslations.com\/it\/wp-json\/wp\/v2\/pages\/123242"}],"wp:featuredmedia":[{"embeddable":true,"href":"https:\/\/www.trustedtranslations.com\/it\/wp-json\/wp\/v2\/media\/139629"}],"wp:attachment":[{"href":"https:\/\/www.trustedtranslations.com\/it\/wp-json\/wp\/v2\/media?parent=123209"}],"curies":[{"name":"wp","href":"https:\/\/api.w.org\/{rel}","templated":true}]}}