{"id":123219,"date":"2019-12-09T11:42:50","date_gmt":"2019-12-09T11:42:50","guid":{"rendered":"https:\/\/www.trustedtranslations.com\/?page_id=123219"},"modified":"2024-09-03T15:48:55","modified_gmt":"2024-09-03T18:48:55","slug":"manuale","status":"publish","type":"page","link":"https:\/\/www.trustedtranslations.com\/it\/industrie\/manuale","title":{"rendered":"Manuali per l\u2019utente"},"content":{"rendered":"","protected":false},"excerpt":{"rendered":"","protected":false},"author":1,"featured_media":139629,"parent":123363,"menu_order":0,"comment_status":"closed","ping_status":"closed","template":"","meta":{"site-sidebar-layout":"default","site-content-layout":"default","ast-site-content-layout":"default","site-content-style":"default","site-sidebar-style":"default","ast-global-header-display":"","ast-banner-title-visibility":"","ast-main-header-display":"","ast-hfb-above-header-display":"","ast-hfb-below-header-display":"","ast-hfb-mobile-header-display":"","site-post-title":"disabled","ast-breadcrumbs-content":"","ast-featured-img":"","footer-sml-layout":"","ast-disable-related-posts":"","theme-transparent-header-meta":"default","adv-header-id-meta":"","stick-header-meta":"","header-above-stick-meta":"","header-main-stick-meta":"","header-below-stick-meta":"","astra-migrate-meta-layouts":"set","ast-page-background-enabled":"default","ast-page-background-meta":{"desktop":{"background-color":"var(--ast-global-color-4)","background-image":"","background-repeat":"repeat","background-position":"center center","background-size":"auto","background-attachment":"scroll","background-type":"","background-media":"","overlay-type":"","overlay-color":"","overlay-opacity":"","overlay-gradient":""},"tablet":{"background-color":"","background-image":"","background-repeat":"repeat","background-position":"center center","background-size":"auto","background-attachment":"scroll","background-type":"","background-media":"","overlay-type":"","overlay-color":"","overlay-opacity":"","overlay-gradient":""},"mobile":{"background-color":"","background-image":"","background-repeat":"repeat","background-position":"center center","background-size":"auto","background-attachment":"scroll","background-type":"","background-media":"","overlay-type":"","overlay-color":"","overlay-opacity":"","overlay-gradient":""}},"ast-content-background-meta":{"desktop":{"background-color":"var(--ast-global-color-5)","background-image":"","background-repeat":"repeat","background-position":"center center","background-size":"auto","background-attachment":"scroll","background-type":"","background-media":"","overlay-type":"","overlay-color":"","overlay-opacity":"","overlay-gradient":""},"tablet":{"background-color":"var(--ast-global-color-5)","background-image":"","background-repeat":"repeat","background-position":"center center","background-size":"auto","background-attachment":"scroll","background-type":"","background-media":"","overlay-type":"","overlay-color":"","overlay-opacity":"","overlay-gradient":""},"mobile":{"background-color":"var(--ast-global-color-5)","background-image":"","background-repeat":"repeat","background-position":"center center","background-size":"auto","background-attachment":"scroll","background-type":"","background-media":"","overlay-type":"","overlay-color":"","overlay-opacity":"","overlay-gradient":""}},"footnotes":""},"class_list":["post-123219","page","type-page","status-publish","has-post-thumbnail","hentry"],"yoast_head":"<!-- This site is optimized with the Yoast SEO plugin v27.6 - https:\/\/yoast.com\/product\/yoast-seo-wordpress\/ -->\n<title>Servizi di traduzione di manuali utente - Trusted Translations, Inc.<\/title>\n<meta name=\"description\" content=\"Trusted Translations, Inc. \u00e8 specializzata in servizi di traduzione forniti da esseri umani: guide, manuali e manuali. Richiedi un preventivo o una consulenza gratuita.\" \/>\n<meta name=\"robots\" content=\"index, follow, max-snippet:-1, max-image-preview:large, max-video-preview:-1\" \/>\n<link rel=\"canonical\" href=\"https:\/\/www.trustedtranslations.com\/it\/industrie\/manuale\" \/>\n<meta property=\"og:locale\" content=\"it_IT\" \/>\n<meta property=\"og:type\" content=\"article\" \/>\n<meta property=\"og:title\" content=\"Servizi di traduzione di manuali utente - Trusted Translations, Inc.\" \/>\n<meta property=\"og:description\" content=\"Trusted Translations, Inc. \u00e8 specializzata in servizi di traduzione forniti da esseri umani: guide, manuali e manuali. Richiedi un preventivo o una consulenza gratuita.\" \/>\n<meta property=\"og:url\" content=\"https:\/\/www.trustedtranslations.com\/it\/industrie\/manuale\" \/>\n<meta property=\"og:site_name\" content=\"Trusted Translations, Inc.\" \/>\n<meta property=\"article:publisher\" content=\"https:\/\/www.facebook.com\/Trusted.Translations\" \/>\n<meta property=\"article:modified_time\" content=\"2024-09-03T18:48:55+00:00\" \/>\n<meta property=\"og:image\" content=\"https:\/\/static.trustedtranslations.com\/wp-content\/uploads\/2022\/03\/TT_NEW_FB-1.png\" \/>\n\t<meta property=\"og:image:width\" content=\"1038\" \/>\n\t<meta property=\"og:image:height\" content=\"1038\" \/>\n\t<meta property=\"og:image:type\" content=\"image\/png\" \/>\n<meta name=\"twitter:card\" content=\"summary_large_image\" \/>\n<meta name=\"twitter:site\" content=\"@TrustedT9ns\" \/>\n<script type=\"application\/ld+json\" class=\"yoast-schema-graph\">{\"@context\":\"https:\\\/\\\/schema.org\",\"@graph\":[{\"@type\":\"WebPage\",\"@id\":\"https:\\\/\\\/www.trustedtranslations.com\\\/it\\\/industrie\\\/manuale\",\"url\":\"https:\\\/\\\/www.trustedtranslations.com\\\/it\\\/industrie\\\/manuale\",\"name\":\"Servizi di traduzione di manuali utente - Trusted Translations, Inc.\",\"isPartOf\":{\"@id\":\"https:\\\/\\\/www.trustedtranslations.com\\\/it\\\/#website\"},\"primaryImageOfPage\":{\"@id\":\"https:\\\/\\\/www.trustedtranslations.com\\\/it\\\/industrie\\\/manuale#primaryimage\"},\"image\":{\"@id\":\"https:\\\/\\\/www.trustedtranslations.com\\\/it\\\/industrie\\\/manuale#primaryimage\"},\"thumbnailUrl\":\"https:\\\/\\\/www.trustedtranslations.com\\\/wp-content\\\/uploads\\\/2022\\\/03\\\/TT_NEW_FB-1.png\",\"description\":\"Trusted Translations, Inc. \u00e8 specializzata in servizi di traduzione forniti da esseri umani: guide, manuali e manuali. Richiedi un preventivo o una consulenza gratuita.\",\"breadcrumb\":{\"@id\":\"https:\\\/\\\/www.trustedtranslations.com\\\/it\\\/industrie\\\/manuale#breadcrumb\"},\"inLanguage\":\"it-IT\",\"potentialAction\":[{\"@type\":\"ReadAction\",\"target\":[\"https:\\\/\\\/www.trustedtranslations.com\\\/it\\\/industrie\\\/manuale\"]}]},{\"@type\":\"ImageObject\",\"inLanguage\":\"it-IT\",\"@id\":\"https:\\\/\\\/www.trustedtranslations.com\\\/it\\\/industrie\\\/manuale#primaryimage\",\"url\":\"https:\\\/\\\/www.trustedtranslations.com\\\/wp-content\\\/uploads\\\/2022\\\/03\\\/TT_NEW_FB-1.png\",\"contentUrl\":\"https:\\\/\\\/www.trustedtranslations.com\\\/wp-content\\\/uploads\\\/2022\\\/03\\\/TT_NEW_FB-1.png\",\"width\":1038,\"height\":1038,\"caption\":\"TT NEW FB 1\"},{\"@type\":\"BreadcrumbList\",\"@id\":\"https:\\\/\\\/www.trustedtranslations.com\\\/it\\\/industrie\\\/manuale#breadcrumb\",\"itemListElement\":[{\"@type\":\"ListItem\",\"position\":1,\"name\":\"Home\",\"item\":\"https:\\\/\\\/www.trustedtranslations.com\\\/it\"},{\"@type\":\"ListItem\",\"position\":2,\"name\":\"Competenza nel settore\",\"item\":\"https:\\\/\\\/www.trustedtranslations.com\\\/it\\\/industrie\"},{\"@type\":\"ListItem\",\"position\":3,\"name\":\"Manuali per l\u2019utente\"}]},{\"@type\":\"WebSite\",\"@id\":\"https:\\\/\\\/www.trustedtranslations.com\\\/it\\\/#website\",\"url\":\"https:\\\/\\\/www.trustedtranslations.com\\\/it\\\/\",\"name\":\"Trusted Translations, Inc.\",\"description\":\"Leader in translation and interpretation services.\",\"publisher\":{\"@id\":\"https:\\\/\\\/www.trustedtranslations.com\\\/it\\\/#organization\"},\"alternateName\":\"Trusted Translations\",\"potentialAction\":[{\"@type\":\"SearchAction\",\"target\":{\"@type\":\"EntryPoint\",\"urlTemplate\":\"https:\\\/\\\/www.trustedtranslations.com\\\/it\\\/?s={search_term_string}\"},\"query-input\":{\"@type\":\"PropertyValueSpecification\",\"valueRequired\":true,\"valueName\":\"search_term_string\"}}],\"inLanguage\":\"it-IT\"},{\"@type\":\"Organization\",\"@id\":\"https:\\\/\\\/www.trustedtranslations.com\\\/it\\\/#organization\",\"name\":\"Trusted Translations\",\"alternateName\":\"Trusted Translations, Inc.\",\"url\":\"https:\\\/\\\/www.trustedtranslations.com\\\/it\\\/\",\"logo\":{\"@type\":\"ImageObject\",\"inLanguage\":\"it-IT\",\"@id\":\"https:\\\/\\\/www.trustedtranslations.com\\\/it\\\/#\\\/schema\\\/logo\\\/image\\\/\",\"url\":\"https:\\\/\\\/static.trustedtranslations.com\\\/wp-content\\\/uploads\\\/2022\\\/01\\\/TT_logo_WSIColors-2.png\",\"contentUrl\":\"https:\\\/\\\/static.trustedtranslations.com\\\/wp-content\\\/uploads\\\/2022\\\/01\\\/TT_logo_WSIColors-2.png\",\"width\":500,\"height\":196,\"caption\":\"Trusted Translations\"},\"image\":{\"@id\":\"https:\\\/\\\/www.trustedtranslations.com\\\/it\\\/#\\\/schema\\\/logo\\\/image\\\/\"},\"sameAs\":[\"https:\\\/\\\/www.facebook.com\\\/Trusted.Translations\",\"https:\\\/\\\/x.com\\\/TrustedT9ns\",\"https:\\\/\\\/www.linkedin.com\\\/company\\\/trusted-translations\"]}]}<\/script>\n<!-- \/ Yoast SEO plugin. -->","yoast_head_json":{"title":"Servizi di traduzione di manuali utente - Trusted Translations, Inc.","description":"Trusted Translations, Inc. \u00e8 specializzata in servizi di traduzione forniti da esseri umani: guide, manuali e manuali. Richiedi un preventivo o una consulenza gratuita.","robots":{"index":"index","follow":"follow","max-snippet":"max-snippet:-1","max-image-preview":"max-image-preview:large","max-video-preview":"max-video-preview:-1"},"canonical":"https:\/\/www.trustedtranslations.com\/it\/industrie\/manuale","og_locale":"it_IT","og_type":"article","og_title":"Servizi di traduzione di manuali utente - Trusted Translations, Inc.","og_description":"Trusted Translations, Inc. \u00e8 specializzata in servizi di traduzione forniti da esseri umani: guide, manuali e manuali. Richiedi un preventivo o una consulenza gratuita.","og_url":"https:\/\/www.trustedtranslations.com\/it\/industrie\/manuale","og_site_name":"Trusted Translations, Inc.","article_publisher":"https:\/\/www.facebook.com\/Trusted.Translations","article_modified_time":"2024-09-03T18:48:55+00:00","og_image":[{"width":1038,"height":1038,"url":"https:\/\/static.trustedtranslations.com\/wp-content\/uploads\/2022\/03\/TT_NEW_FB-1.png","type":"image\/png"}],"twitter_card":"summary_large_image","twitter_site":"@TrustedT9ns","schema":{"@context":"https:\/\/schema.org","@graph":[{"@type":"WebPage","@id":"https:\/\/www.trustedtranslations.com\/it\/industrie\/manuale","url":"https:\/\/www.trustedtranslations.com\/it\/industrie\/manuale","name":"Servizi di traduzione di manuali utente - Trusted Translations, Inc.","isPartOf":{"@id":"https:\/\/www.trustedtranslations.com\/it\/#website"},"primaryImageOfPage":{"@id":"https:\/\/www.trustedtranslations.com\/it\/industrie\/manuale#primaryimage"},"image":{"@id":"https:\/\/www.trustedtranslations.com\/it\/industrie\/manuale#primaryimage"},"thumbnailUrl":"https:\/\/www.trustedtranslations.com\/wp-content\/uploads\/2022\/03\/TT_NEW_FB-1.png","description":"Trusted Translations, Inc. \u00e8 specializzata in servizi di traduzione forniti da esseri umani: guide, manuali e manuali. Richiedi un preventivo o una consulenza gratuita.","breadcrumb":{"@id":"https:\/\/www.trustedtranslations.com\/it\/industrie\/manuale#breadcrumb"},"inLanguage":"it-IT","potentialAction":[{"@type":"ReadAction","target":["https:\/\/www.trustedtranslations.com\/it\/industrie\/manuale"]}]},{"@type":"ImageObject","inLanguage":"it-IT","@id":"https:\/\/www.trustedtranslations.com\/it\/industrie\/manuale#primaryimage","url":"https:\/\/www.trustedtranslations.com\/wp-content\/uploads\/2022\/03\/TT_NEW_FB-1.png","contentUrl":"https:\/\/www.trustedtranslations.com\/wp-content\/uploads\/2022\/03\/TT_NEW_FB-1.png","width":1038,"height":1038,"caption":"TT NEW FB 1"},{"@type":"BreadcrumbList","@id":"https:\/\/www.trustedtranslations.com\/it\/industrie\/manuale#breadcrumb","itemListElement":[{"@type":"ListItem","position":1,"name":"Home","item":"https:\/\/www.trustedtranslations.com\/it"},{"@type":"ListItem","position":2,"name":"Competenza nel settore","item":"https:\/\/www.trustedtranslations.com\/it\/industrie"},{"@type":"ListItem","position":3,"name":"Manuali per l\u2019utente"}]},{"@type":"WebSite","@id":"https:\/\/www.trustedtranslations.com\/it\/#website","url":"https:\/\/www.trustedtranslations.com\/it\/","name":"Trusted Translations, Inc.","description":"Leader in translation and interpretation services.","publisher":{"@id":"https:\/\/www.trustedtranslations.com\/it\/#organization"},"alternateName":"Trusted Translations","potentialAction":[{"@type":"SearchAction","target":{"@type":"EntryPoint","urlTemplate":"https:\/\/www.trustedtranslations.com\/it\/?s={search_term_string}"},"query-input":{"@type":"PropertyValueSpecification","valueRequired":true,"valueName":"search_term_string"}}],"inLanguage":"it-IT"},{"@type":"Organization","@id":"https:\/\/www.trustedtranslations.com\/it\/#organization","name":"Trusted Translations","alternateName":"Trusted Translations, Inc.","url":"https:\/\/www.trustedtranslations.com\/it\/","logo":{"@type":"ImageObject","inLanguage":"it-IT","@id":"https:\/\/www.trustedtranslations.com\/it\/#\/schema\/logo\/image\/","url":"https:\/\/static.trustedtranslations.com\/wp-content\/uploads\/2022\/01\/TT_logo_WSIColors-2.png","contentUrl":"https:\/\/static.trustedtranslations.com\/wp-content\/uploads\/2022\/01\/TT_logo_WSIColors-2.png","width":500,"height":196,"caption":"Trusted Translations"},"image":{"@id":"https:\/\/www.trustedtranslations.com\/it\/#\/schema\/logo\/image\/"},"sameAs":["https:\/\/www.facebook.com\/Trusted.Translations","https:\/\/x.com\/TrustedT9ns","https:\/\/www.linkedin.com\/company\/trusted-translations"]}]}},"toolset-meta":{"dyk":{"mensaje-1":{"type":"textfield","raw":"Siamo specializzati in tutti i tipi di traduzioni di manuali per l\u2019utente, incluse guide tecniche e opuscoli."},"mensaje-2":{"type":"textfield","raw":"Trusted Translations \u00e8 tra i fornitori preferiti dai migliori produttori negli Stati Uniti e all\u2019estero."},"mensaje-3":{"type":"textfield","raw":"Superiamo gli standard ISO 9001:2015 e su richiesta certifichiamo le traduzioni dei nostri manuali per gli utenti."},"mensaje-4":{"type":"textfield","raw":"I nostri traduttori tecnici sono esperti del settore e linguisticamente competenti."},"mensaje-5":{"type":"textfield","raw":""},"mensaje-6":{"type":"textfield","raw":""}},"single-page-template-fields":{"imgs-temp":{"type":"image","raw":["https:\/\/static.trustedtranslations.com\/wp-content\/uploads\/2024\/05\/manual-final-8.webp","https:\/\/static.trustedtranslations.com\/wp-content\/uploads\/2024\/05\/manual-final-8.webp","https:\/\/static.trustedtranslations.com\/wp-content\/uploads\/2024\/05\/manual-final-6-1.webp","https:\/\/static.trustedtranslations.com\/wp-content\/uploads\/2024\/05\/manual-final-4-1.webp"],"repeatable":[{"raw":"https:\/\/static.trustedtranslations.com\/wp-content\/uploads\/2024\/05\/manual-final-8.webp"},{"raw":"https:\/\/static.trustedtranslations.com\/wp-content\/uploads\/2024\/05\/manual-final-8.webp"},{"raw":"https:\/\/static.trustedtranslations.com\/wp-content\/uploads\/2024\/05\/manual-final-6-1.webp"},{"raw":"https:\/\/static.trustedtranslations.com\/wp-content\/uploads\/2024\/05\/manual-final-4-1.webp"}]},"imgs-temp-cel":{"type":"image","raw":[""],"repeatable":[{"raw":""}]},"img-temp-one-cel":{"type":"image","raw":"https:\/\/static.trustedtranslations.com\/wp-content\/uploads\/2024\/05\/manual-final-1-1.webp","attachment_id":null},"quotes":{"type":"textarea","raw":"<h1 style=\"margin-bottom: 12px;\">Traduzione di manuali per l\u2019utente\/guide<\/h1>I servizi di traduzione di manuali per l\u2019utente, guide e altri manuali sono un insieme fondamentale di servizi che forniamo ai nostri clienti. Dai manuali operativi altamente tecnici alle linee guida per le risorse umane (HR), abbiamo l\u2019esperienza per gestire progetti di qualsiasi dimensione. Utilizziamo solo linguisti specializzati e grafici di alto livello per garantire traduzioni accurate, formattazione corretta e design visivo per ogni lingua richiesta.<div style=\"margin-top: 2.5vw;\"><a class=\"tt-btn-main-cta\" href=\"\/it\/quote\">RICHIEDI UN PREVENTIVO GRATUITO<\/a><\/div>"},"text-1":{"type":"textarea","raw":"<h2 style=\"margin-bottom: 20px;\">Traduzioni di manuali\/guide per l\u2019utente a prezzi competitivi<\/h2>\r\nLa nostra struttura tariffaria unica per manuali per l\u2019utente e guide offre risparmi dal 20% al 40%, nonch\u00e9 un maggior livello di qualit\u00e0 e coerenza per ogni traduzione. Ci\u00f2 \u00e8 possibile grazie all\u2019utilizzo di processi di qualit\u00e0 accuratamente controllati e certificati in modo indipendente, alla tecnologia di memoria di traduzione all\u2019avanguardia e al software di formattazione pi\u00f9 recente. Trusted Translations\u00a0offre una comprovata esperienza nella traduzione di manuali e guide per le aziende Fortune 500, per le principali agenzie governative e per organizzazioni no-profit di tutto il mondo, fornendo sempre tariffe altamente competitive e livelli di qualit\u00e0 pi\u00f9 elevati che superano gli standard ISO, come certificato da periti ISO indipendenti.\r\n<div class=\"imgs-flex-template\">\r\n    <div>\r\n        <h2 style=\"margin-bottom: 20px;\">Traduzioni di manuali per l\u2019utente<\/h2>\r\n        <p>Le traduzioni di manuali\/guide sono un elemento fondamentale per quasi tutte le organizzazioni. Nell\u2019economia globale di oggi quasi tutti i prodotti vengono venduti a livello internazionale o raggiungono utenti che parlano una lingua diversa. Che vendiate negli Stati Uniti o all\u2019estero, disporre di traduzioni di qualit\u00e0 dei manuali per l\u2019utente \u00e8 una necessit\u00e0.\r\n            Per la traduzione dei manuali <em><em><em><em>Trusted Translations<\/em><\/em><\/em><\/em> si concentra su due elementi: qualit\u00e0 e prezzo. Ci sforziamo di offrire i migliori prezzi del settore impostando una struttura tariffaria unica che aumenter\u00e0 la qualit\u00e0 delle traduzioni e ridurr\u00e0 i costi mantenendo la memoria delle frasi duplicate. Ecco alcuni esempi dei tipi di manuali che traduciamo frequentemente:\r\n            <ul>\r\n                 <li>Manuali di assemblaggio<\/li>\r\n                 <li>Istruzioni per i dipendenti<\/li>\r\n                 <li>Manuali elettronici<\/li>\r\n                 <li>Specifiche ingegneristiche<\/li>\r\n                 <li>Linee guida per la salute<\/li>\r\n                 <li>Manuali di istruzioni<\/li>\r\n                 <li>Manuali di gestione<\/li>\r\n                 <li>Manuali operativi<\/li>\r\n                 <li>Manuali sulla sicurezza<\/li>\r\n                 <li>Manuali di software<\/li>\r\n                 <li>Manuali tecnici<\/li>\r\n            <\/ul><\/p>\r\n    <\/div>\r\n    <img src=\"https:\/\/static.trustedtranslations.com\/wp-content\/uploads\/2022\/03\/AdobeStock_466584002-scaled.jpg\">\r\n<\/div>\r\n<div class=\"imgs-flex-template flex-text-2\" style=\"margin-top: -30px\">\r\n    <img src=\"https:\/\/static.trustedtranslations.com\/wp-content\/uploads\/2022\/03\/AdobeStock_277236933-1-1536x1024.jpeg\">\r\n    <div class=\"p-img-width\">\r\n        <h2 style=\"margin-bottom: 20px;\">Traduzione di guide<\/h2>\r\n        <p>Le traduzioni di guide, come le traduzioni dei manuali, sono un elemento centrale per la maggior parte delle aziende dedite alla produzione o che forniscono servizi. Descrivere l\u2019utilizzo corretto del vostro prodotto o servizio pu\u00f2 fare la differenza in termini di soddisfazione del cliente e sicurezza. In anni di esperienza nella traduzione di tutti i tipi di guide Trusted Translations ha messo a punto un sistema speciale che riduce i costi e aumenta la qualit\u00e0 e la coerenza di ogni guida tradotta in una lingua straniera.\r\n\r\n            Ecco alcuni esempi dei tipi di guide che traduciamo frequentemente:\r\n            <ul>\r\n                 <li>Guide di assemblaggio<\/li>\r\n                 <li>Guide di elettronica<\/li>\r\n                 <li>Guide illustrative<\/li>\r\n                 <li>Richieste di brevetto<\/li>\r\n                 <li>Guide al brevetto<\/li>\r\n                 <li>Guide di prodotti<\/li>\r\n                 <li>Guide di manutenzione<\/li>\r\n            <\/ul><\/p>\r\n    <\/div>\r\n<\/div>"},"shortcode-map":{"type":"textfield","raw":""},"dyk-shortcode":{"type":"textfield","raw":"[elementor-template id=\"146751\"]"},"text-2":{"type":"textarea","raw":"<div class=\"imgs-flex-template\">\r\n    <div>\r\n        <h2 style=\"margin-bottom: 20px;\">Traduzione di istruzioni<\/h2>\r\n        <p>Le traduzioni delle istruzioni sono estremamente utili nell\u2019ambiente di lavoro odierno a vari livelli. Per quanto riguarda le comunicazioni interne, disporre di manuali operativi e per le risorse umane pu\u00f2 aumentare la produttivit\u00e0 e comunicare una cultura aziendale uniforme a un insieme diversificato di dipendenti, a livello locale o globale. Poich\u00e9 sempre pi\u00f9 aziende sono composte da persone provenienti da paesi e culture diverse, disporre di traduzioni di qualit\u00e0 dei manuali \u00e8 necessario per comunicare il proprio messaggio in modo corretto e coerente.\r\n\r\n            All\u2019esterno, invece, i manuali forniscono alle aziende un mezzo utile per educare i propri mercati target. Questa fornitura di informazioni aggiuntive pu\u00f2 aiutare l\u2019azienda a mantenere il rapporto con i clienti ricorrenti. <em><em><em><em>Trusted Translations<\/em><\/em><\/em><\/em> ha esperienza nella traduzione di migliaia di istruzioni per la comunicazione interna ed esterna.\r\n            \r\n            Ecco alcuni esempi dei tipi di istruzioni che traduciamo frequentemente:\r\n            <ul>\r\n                 <li>Etica aziendale<\/li>\r\n                 <li>Codici di condotta<\/li>\r\n                 <li>Manuali didattici<\/li>\r\n                 <li>Istruzioni per i dipendenti<\/li>\r\n                 <li>Istruzioni d\u2019ufficio<\/li>\r\n                 <li>Istruzioni mediche<\/li>\r\n            <\/ul><\/p>\r\n    <\/div>\r\n    <img src=\"https:\/\/static.trustedtranslations.com\/wp-content\/uploads\/2022\/03\/AdobeStock_48658787-1-1429x2048.jpeg\">\r\n<\/div>\r\n\r\n<h2 style=\"margin-bottom: 20px;\">Team di traduttori di manuali\/guide per l\u2019utente<\/h2>\r\nPer ogni progetto, selezioniamo i migliori team di traduttori di manuali appositamente studiati per tradurre al meglio per il vostro settore. Si tratta di un aspetto fondamentale, in quanto molte traduzioni di manuali sono di natura altamente tecnica e richiedono l\u2019utilizzo di una nomenclatura specifica del settore. Per quanto riguarda i prodotti per gli utenti finali, ci assicuriamo che i nostri team di traduttori di manuali utilizzino termini coerenti con il livello di formazione del vostro target di riferimento.\r\n\r\nTutti i nostri traduttori di manuali hanno accesso a memorie di traduzione, dizionari ed elenchi proprietari di termini industriali al fine di assicurare che la traduzione sia accurata e coerente anche nei progetti pi\u00f9 corposi.\r\n\r\nTutti i traduttori <em>Trusted Translations<\/em> sono vincolati da un accordo di riservatezza commerciale e di non divulgazione aziendal<em>Trusted Translations<\/em> prende molto seriamente le questioni di riservatezza e sicurezza. Tutte le traduzioni restano confidenziali. I nostri traduttori sono sensibili alla natura di questo settore e rispettano pienamente la documentazione e le informazioni riservate."},"state":{"type":"textfield","raw":""},"city":{"type":"textarea","raw":[]}}},"_links":{"self":[{"href":"https:\/\/www.trustedtranslations.com\/it\/wp-json\/wp\/v2\/pages\/123219","targetHints":{"allow":["GET"]}}],"collection":[{"href":"https:\/\/www.trustedtranslations.com\/it\/wp-json\/wp\/v2\/pages"}],"about":[{"href":"https:\/\/www.trustedtranslations.com\/it\/wp-json\/wp\/v2\/types\/page"}],"author":[{"embeddable":true,"href":"https:\/\/www.trustedtranslations.com\/it\/wp-json\/wp\/v2\/users\/1"}],"replies":[{"embeddable":true,"href":"https:\/\/www.trustedtranslations.com\/it\/wp-json\/wp\/v2\/comments?post=123219"}],"version-history":[{"count":0,"href":"https:\/\/www.trustedtranslations.com\/it\/wp-json\/wp\/v2\/pages\/123219\/revisions"}],"up":[{"embeddable":true,"href":"https:\/\/www.trustedtranslations.com\/it\/wp-json\/wp\/v2\/pages\/123363"}],"wp:featuredmedia":[{"embeddable":true,"href":"https:\/\/www.trustedtranslations.com\/it\/wp-json\/wp\/v2\/media\/139629"}],"wp:attachment":[{"href":"https:\/\/www.trustedtranslations.com\/it\/wp-json\/wp\/v2\/media?parent=123219"}],"curies":[{"name":"wp","href":"https:\/\/api.w.org\/{rel}","templated":true}]}}