{"id":123227,"date":"2019-12-09T11:41:36","date_gmt":"2019-12-09T11:41:36","guid":{"rendered":"https:\/\/www.trustedtranslations.com\/?page_id=123227"},"modified":"2024-09-18T18:23:06","modified_gmt":"2024-09-18T21:23:06","slug":"produzione","status":"publish","type":"page","link":"https:\/\/www.trustedtranslations.com\/it\/industrie\/produzione","title":{"rendered":"Produzione"},"content":{"rendered":"","protected":false},"excerpt":{"rendered":"","protected":false},"author":1,"featured_media":139629,"parent":123363,"menu_order":0,"comment_status":"closed","ping_status":"closed","template":"","meta":{"site-sidebar-layout":"default","site-content-layout":"default","ast-site-content-layout":"default","site-content-style":"default","site-sidebar-style":"default","ast-global-header-display":"","ast-banner-title-visibility":"","ast-main-header-display":"","ast-hfb-above-header-display":"","ast-hfb-below-header-display":"","ast-hfb-mobile-header-display":"","site-post-title":"disabled","ast-breadcrumbs-content":"","ast-featured-img":"","footer-sml-layout":"","ast-disable-related-posts":"","theme-transparent-header-meta":"default","adv-header-id-meta":"","stick-header-meta":"","header-above-stick-meta":"","header-main-stick-meta":"","header-below-stick-meta":"","astra-migrate-meta-layouts":"set","ast-page-background-enabled":"default","ast-page-background-meta":{"desktop":{"background-color":"var(--ast-global-color-4)","background-image":"","background-repeat":"repeat","background-position":"center center","background-size":"auto","background-attachment":"scroll","background-type":"","background-media":"","overlay-type":"","overlay-color":"","overlay-opacity":"","overlay-gradient":""},"tablet":{"background-color":"","background-image":"","background-repeat":"repeat","background-position":"center center","background-size":"auto","background-attachment":"scroll","background-type":"","background-media":"","overlay-type":"","overlay-color":"","overlay-opacity":"","overlay-gradient":""},"mobile":{"background-color":"","background-image":"","background-repeat":"repeat","background-position":"center center","background-size":"auto","background-attachment":"scroll","background-type":"","background-media":"","overlay-type":"","overlay-color":"","overlay-opacity":"","overlay-gradient":""}},"ast-content-background-meta":{"desktop":{"background-color":"var(--ast-global-color-5)","background-image":"","background-repeat":"repeat","background-position":"center center","background-size":"auto","background-attachment":"scroll","background-type":"","background-media":"","overlay-type":"","overlay-color":"","overlay-opacity":"","overlay-gradient":""},"tablet":{"background-color":"var(--ast-global-color-5)","background-image":"","background-repeat":"repeat","background-position":"center center","background-size":"auto","background-attachment":"scroll","background-type":"","background-media":"","overlay-type":"","overlay-color":"","overlay-opacity":"","overlay-gradient":""},"mobile":{"background-color":"var(--ast-global-color-5)","background-image":"","background-repeat":"repeat","background-position":"center center","background-size":"auto","background-attachment":"scroll","background-type":"","background-media":"","overlay-type":"","overlay-color":"","overlay-opacity":"","overlay-gradient":""}},"footnotes":""},"class_list":["post-123227","page","type-page","status-publish","has-post-thumbnail","hentry"],"yoast_head":"<!-- This site is optimized with the Yoast SEO plugin v27.3 - https:\/\/yoast.com\/product\/yoast-seo-wordpress\/ -->\n<title>Servizi di traduzione per il settore manifatturiero - Trusted Translations, Inc.<\/title>\n<meta name=\"description\" content=\"Trusted Translations \u00e8 il principale fornitore di servizi di traduzione per il settore manifatturiero. Richiedi un preventivo o una consulenza gratuita.\" \/>\n<meta name=\"robots\" content=\"index, follow, max-snippet:-1, max-image-preview:large, max-video-preview:-1\" \/>\n<link rel=\"canonical\" href=\"https:\/\/www.trustedtranslations.com\/it\/industrie\/produzione\" \/>\n<meta property=\"og:locale\" content=\"it_IT\" \/>\n<meta property=\"og:type\" content=\"article\" \/>\n<meta property=\"og:title\" content=\"Servizi di traduzione per il settore manifatturiero - Trusted Translations, Inc.\" \/>\n<meta property=\"og:description\" content=\"Trusted Translations \u00e8 il principale fornitore di servizi di traduzione per il settore manifatturiero. Richiedi un preventivo o una consulenza gratuita.\" \/>\n<meta property=\"og:url\" content=\"https:\/\/www.trustedtranslations.com\/it\/industrie\/produzione\" \/>\n<meta property=\"og:site_name\" content=\"Trusted Translations, Inc.\" \/>\n<meta property=\"article:publisher\" content=\"https:\/\/www.facebook.com\/Trusted.Translations\" \/>\n<meta property=\"article:modified_time\" content=\"2024-09-18T21:23:06+00:00\" \/>\n<meta property=\"og:image\" content=\"https:\/\/static.trustedtranslations.com\/wp-content\/uploads\/2022\/03\/TT_NEW_FB-1.png\" \/>\n\t<meta property=\"og:image:width\" content=\"1038\" \/>\n\t<meta property=\"og:image:height\" content=\"1038\" \/>\n\t<meta property=\"og:image:type\" content=\"image\/png\" \/>\n<meta name=\"twitter:card\" content=\"summary_large_image\" \/>\n<meta name=\"twitter:site\" content=\"@TrustedT9ns\" \/>\n<script type=\"application\/ld+json\" class=\"yoast-schema-graph\">{\"@context\":\"https:\\\/\\\/schema.org\",\"@graph\":[{\"@type\":\"WebPage\",\"@id\":\"https:\\\/\\\/www.trustedtranslations.com\\\/it\\\/industrie\\\/produzione\",\"url\":\"https:\\\/\\\/www.trustedtranslations.com\\\/it\\\/industrie\\\/produzione\",\"name\":\"Servizi di traduzione per il settore manifatturiero - Trusted Translations, Inc.\",\"isPartOf\":{\"@id\":\"https:\\\/\\\/www.trustedtranslations.com\\\/it\\\/#website\"},\"primaryImageOfPage\":{\"@id\":\"https:\\\/\\\/www.trustedtranslations.com\\\/it\\\/industrie\\\/produzione#primaryimage\"},\"image\":{\"@id\":\"https:\\\/\\\/www.trustedtranslations.com\\\/it\\\/industrie\\\/produzione#primaryimage\"},\"thumbnailUrl\":\"https:\\\/\\\/www.trustedtranslations.com\\\/wp-content\\\/uploads\\\/2022\\\/03\\\/TT_NEW_FB-1.png\",\"description\":\"Trusted Translations \u00e8 il principale fornitore di servizi di traduzione per il settore manifatturiero. Richiedi un preventivo o una consulenza gratuita.\",\"breadcrumb\":{\"@id\":\"https:\\\/\\\/www.trustedtranslations.com\\\/it\\\/industrie\\\/produzione#breadcrumb\"},\"inLanguage\":\"it-IT\",\"potentialAction\":[{\"@type\":\"ReadAction\",\"target\":[\"https:\\\/\\\/www.trustedtranslations.com\\\/it\\\/industrie\\\/produzione\"]}]},{\"@type\":\"ImageObject\",\"inLanguage\":\"it-IT\",\"@id\":\"https:\\\/\\\/www.trustedtranslations.com\\\/it\\\/industrie\\\/produzione#primaryimage\",\"url\":\"https:\\\/\\\/www.trustedtranslations.com\\\/wp-content\\\/uploads\\\/2022\\\/03\\\/TT_NEW_FB-1.png\",\"contentUrl\":\"https:\\\/\\\/www.trustedtranslations.com\\\/wp-content\\\/uploads\\\/2022\\\/03\\\/TT_NEW_FB-1.png\",\"width\":1038,\"height\":1038,\"caption\":\"TT NEW FB 1\"},{\"@type\":\"BreadcrumbList\",\"@id\":\"https:\\\/\\\/www.trustedtranslations.com\\\/it\\\/industrie\\\/produzione#breadcrumb\",\"itemListElement\":[{\"@type\":\"ListItem\",\"position\":1,\"name\":\"Home\",\"item\":\"https:\\\/\\\/www.trustedtranslations.com\\\/it\"},{\"@type\":\"ListItem\",\"position\":2,\"name\":\"Competenza nel settore\",\"item\":\"https:\\\/\\\/www.trustedtranslations.com\\\/it\\\/industrie\"},{\"@type\":\"ListItem\",\"position\":3,\"name\":\"Produzione\"}]},{\"@type\":\"WebSite\",\"@id\":\"https:\\\/\\\/www.trustedtranslations.com\\\/it\\\/#website\",\"url\":\"https:\\\/\\\/www.trustedtranslations.com\\\/it\\\/\",\"name\":\"Trusted Translations, Inc.\",\"description\":\"Leader in translation and interpretation services.\",\"publisher\":{\"@id\":\"https:\\\/\\\/www.trustedtranslations.com\\\/it\\\/#organization\"},\"alternateName\":\"Trusted Translations\",\"potentialAction\":[{\"@type\":\"SearchAction\",\"target\":{\"@type\":\"EntryPoint\",\"urlTemplate\":\"https:\\\/\\\/www.trustedtranslations.com\\\/it\\\/?s={search_term_string}\"},\"query-input\":{\"@type\":\"PropertyValueSpecification\",\"valueRequired\":true,\"valueName\":\"search_term_string\"}}],\"inLanguage\":\"it-IT\"},{\"@type\":\"Organization\",\"@id\":\"https:\\\/\\\/www.trustedtranslations.com\\\/it\\\/#organization\",\"name\":\"Trusted Translations\",\"alternateName\":\"Trusted Translations, Inc.\",\"url\":\"https:\\\/\\\/www.trustedtranslations.com\\\/it\\\/\",\"logo\":{\"@type\":\"ImageObject\",\"inLanguage\":\"it-IT\",\"@id\":\"https:\\\/\\\/www.trustedtranslations.com\\\/it\\\/#\\\/schema\\\/logo\\\/image\\\/\",\"url\":\"https:\\\/\\\/static.trustedtranslations.com\\\/wp-content\\\/uploads\\\/2022\\\/01\\\/TT_logo_WSIColors-2.png\",\"contentUrl\":\"https:\\\/\\\/static.trustedtranslations.com\\\/wp-content\\\/uploads\\\/2022\\\/01\\\/TT_logo_WSIColors-2.png\",\"width\":500,\"height\":196,\"caption\":\"Trusted Translations\"},\"image\":{\"@id\":\"https:\\\/\\\/www.trustedtranslations.com\\\/it\\\/#\\\/schema\\\/logo\\\/image\\\/\"},\"sameAs\":[\"https:\\\/\\\/www.facebook.com\\\/Trusted.Translations\",\"https:\\\/\\\/x.com\\\/TrustedT9ns\",\"https:\\\/\\\/www.linkedin.com\\\/company\\\/trusted-translations\"]}]}<\/script>\n<!-- \/ Yoast SEO plugin. -->","yoast_head_json":{"title":"Servizi di traduzione per il settore manifatturiero - Trusted Translations, Inc.","description":"Trusted Translations \u00e8 il principale fornitore di servizi di traduzione per il settore manifatturiero. Richiedi un preventivo o una consulenza gratuita.","robots":{"index":"index","follow":"follow","max-snippet":"max-snippet:-1","max-image-preview":"max-image-preview:large","max-video-preview":"max-video-preview:-1"},"canonical":"https:\/\/www.trustedtranslations.com\/it\/industrie\/produzione","og_locale":"it_IT","og_type":"article","og_title":"Servizi di traduzione per il settore manifatturiero - Trusted Translations, Inc.","og_description":"Trusted Translations \u00e8 il principale fornitore di servizi di traduzione per il settore manifatturiero. Richiedi un preventivo o una consulenza gratuita.","og_url":"https:\/\/www.trustedtranslations.com\/it\/industrie\/produzione","og_site_name":"Trusted Translations, Inc.","article_publisher":"https:\/\/www.facebook.com\/Trusted.Translations","article_modified_time":"2024-09-18T21:23:06+00:00","og_image":[{"width":1038,"height":1038,"url":"https:\/\/static.trustedtranslations.com\/wp-content\/uploads\/2022\/03\/TT_NEW_FB-1.png","type":"image\/png"}],"twitter_card":"summary_large_image","twitter_site":"@TrustedT9ns","schema":{"@context":"https:\/\/schema.org","@graph":[{"@type":"WebPage","@id":"https:\/\/www.trustedtranslations.com\/it\/industrie\/produzione","url":"https:\/\/www.trustedtranslations.com\/it\/industrie\/produzione","name":"Servizi di traduzione per il settore manifatturiero - Trusted Translations, Inc.","isPartOf":{"@id":"https:\/\/www.trustedtranslations.com\/it\/#website"},"primaryImageOfPage":{"@id":"https:\/\/www.trustedtranslations.com\/it\/industrie\/produzione#primaryimage"},"image":{"@id":"https:\/\/www.trustedtranslations.com\/it\/industrie\/produzione#primaryimage"},"thumbnailUrl":"https:\/\/www.trustedtranslations.com\/wp-content\/uploads\/2022\/03\/TT_NEW_FB-1.png","description":"Trusted Translations \u00e8 il principale fornitore di servizi di traduzione per il settore manifatturiero. Richiedi un preventivo o una consulenza gratuita.","breadcrumb":{"@id":"https:\/\/www.trustedtranslations.com\/it\/industrie\/produzione#breadcrumb"},"inLanguage":"it-IT","potentialAction":[{"@type":"ReadAction","target":["https:\/\/www.trustedtranslations.com\/it\/industrie\/produzione"]}]},{"@type":"ImageObject","inLanguage":"it-IT","@id":"https:\/\/www.trustedtranslations.com\/it\/industrie\/produzione#primaryimage","url":"https:\/\/www.trustedtranslations.com\/wp-content\/uploads\/2022\/03\/TT_NEW_FB-1.png","contentUrl":"https:\/\/www.trustedtranslations.com\/wp-content\/uploads\/2022\/03\/TT_NEW_FB-1.png","width":1038,"height":1038,"caption":"TT NEW FB 1"},{"@type":"BreadcrumbList","@id":"https:\/\/www.trustedtranslations.com\/it\/industrie\/produzione#breadcrumb","itemListElement":[{"@type":"ListItem","position":1,"name":"Home","item":"https:\/\/www.trustedtranslations.com\/it"},{"@type":"ListItem","position":2,"name":"Competenza nel settore","item":"https:\/\/www.trustedtranslations.com\/it\/industrie"},{"@type":"ListItem","position":3,"name":"Produzione"}]},{"@type":"WebSite","@id":"https:\/\/www.trustedtranslations.com\/it\/#website","url":"https:\/\/www.trustedtranslations.com\/it\/","name":"Trusted Translations, Inc.","description":"Leader in translation and interpretation services.","publisher":{"@id":"https:\/\/www.trustedtranslations.com\/it\/#organization"},"alternateName":"Trusted Translations","potentialAction":[{"@type":"SearchAction","target":{"@type":"EntryPoint","urlTemplate":"https:\/\/www.trustedtranslations.com\/it\/?s={search_term_string}"},"query-input":{"@type":"PropertyValueSpecification","valueRequired":true,"valueName":"search_term_string"}}],"inLanguage":"it-IT"},{"@type":"Organization","@id":"https:\/\/www.trustedtranslations.com\/it\/#organization","name":"Trusted Translations","alternateName":"Trusted Translations, Inc.","url":"https:\/\/www.trustedtranslations.com\/it\/","logo":{"@type":"ImageObject","inLanguage":"it-IT","@id":"https:\/\/www.trustedtranslations.com\/it\/#\/schema\/logo\/image\/","url":"https:\/\/static.trustedtranslations.com\/wp-content\/uploads\/2022\/01\/TT_logo_WSIColors-2.png","contentUrl":"https:\/\/static.trustedtranslations.com\/wp-content\/uploads\/2022\/01\/TT_logo_WSIColors-2.png","width":500,"height":196,"caption":"Trusted Translations"},"image":{"@id":"https:\/\/www.trustedtranslations.com\/it\/#\/schema\/logo\/image\/"},"sameAs":["https:\/\/www.facebook.com\/Trusted.Translations","https:\/\/x.com\/TrustedT9ns","https:\/\/www.linkedin.com\/company\/trusted-translations"]}]}},"toolset-meta":{"dyk":{"mensaje-1":{"type":"textfield","raw":"Trusted Translations \u00e8 uno dei fornitori preferiti di Goodman Global, Toyota, GE e molte altre aziende di rilievo."},"mensaje-2":{"type":"textfield","raw":"Superiamo gli standard di qualit\u00e0 ISO 9001:2015 e certifichiamo le nostre traduzioni per la produzione."},"mensaje-3":{"type":"textfield","raw":"Trusted Translations dispone di ingegneri bilingue nel personale per progetti di produzione complessi."},"mensaje-4":{"type":"textfield","raw":"Le nostre traduzioni di produzione superano i requisiti linguistici tecnici dei nostri clienti."},"mensaje-5":{"type":"textfield","raw":""},"mensaje-6":{"type":"textfield","raw":""}},"single-page-template-fields":{"imgs-temp":{"type":"image","raw":["https:\/\/static.trustedtranslations.com\/wp-content\/uploads\/2024\/05\/manufacturing-final-1.webp","https:\/\/static.trustedtranslations.com\/wp-content\/uploads\/2024\/05\/manufacturing-final-2-1.webp"],"repeatable":[{"raw":"https:\/\/static.trustedtranslations.com\/wp-content\/uploads\/2024\/05\/manufacturing-final-1.webp"},{"raw":"https:\/\/static.trustedtranslations.com\/wp-content\/uploads\/2024\/05\/manufacturing-final-2-1.webp"}]},"imgs-temp-cel":{"type":"image","raw":[""],"repeatable":[{"raw":""}]},"img-temp-one-cel":{"type":"image","raw":"https:\/\/static.trustedtranslations.com\/wp-content\/uploads\/2024\/05\/AdobeStock_350888164-1-1.webp","attachment_id":null},"quotes":{"type":"textarea","raw":"<h1 style=\"margin-bottom: 12px;\">Servizi di traduzione per il settore manifatturiero<\/h1>Trusted Translations \u00e8 il principale fornitore di servizi di traduzione nel settore manifatturiero, specializzato in traduzioni inglese-spagnolo. Dai manuali di installazione alle specifiche di sistema e alle guide operative, forniamo traduzioni di produzione altamente accurate e affidabili.<div style=\"margin-top: 2.5vw;\"><a class=\"tt-btn-main-cta\" href=\"\/it\/quote\">RICHIEDI UN PREVENTIVO GRATUITO<\/a><\/div>"},"text-1":{"type":"textarea","raw":"<h2>Traduzioni rapide e accurate per il successo competitivo nella produzione<\/h2>\r\nNoi di <em>Trusted Translations<\/em> comprendiamo come la crescente globalizzazione, i rapidi progressi tecnologici e i brevi cicli di vita dei prodotti abbiano creato la necessit\u00e0 per i produttori di ottenere e aggiornare rapidamente materiali localizzati di alta qualit\u00e0. L\u2019unico modo in cui i sofisticati prodotti dei principali produttori possono competere nel mercato globale \u00e8 con il supporto di traduzioni rapide, accurate ed economiche che rispettino rigorosamente gli standard del settore.\r\n\r\nDisponiamo della capacit\u00e0 di tradurre in oltre 200 lingue, ma siamo specializzati in traduzioni di produzione inglese-spagnolo eseguite da team selezionati di traduttori inglese-spagnolo con la necessaria esperienza nel settore.\r\n\r\nTrusted Translations vi aiuter\u00e0 a superare le barriere linguistiche, a trasmettere il vostro messaggio e a semplificare la comunicazione di argomenti tecnici. Siamo la soluzione completa per la traduzione per il settore manifatturiero.\r\n<h2 style=\"margin-bottom:20px\">Traduzione per la produzione<\/h2>\r\nI servizi di traduzione per la produzione di <em>Trusted Translations<\/em> soddisfano costantemente tutti i requisiti linguistici tecnici dei nostri clienti. I nostri traduttori professionisti vengono selezionati in base alle loro capacit\u00e0 linguistiche e alla loro conoscenza del contenuto specifico da tradurre. Questa combinazione di competenze specifiche del settore e fluidit\u00e0 linguistica \u00e8 affidabile e conveniente.\r\n\r\nGarantiamo un processo rigoroso per qualsiasi documento che riguardi il settore della produzione. In primo luogo, assegniamo il progetto a traduttori che dispongono delle credenziali accademiche necessarie e di esperienza reale nella materia specifica.\r\n\r\nQuindi, i nostri esperti project manager e professionisti del desktop publishing collaborano per garantire che il contenuto sia accuratamente tradotto e pubblicato nel formato giusto, nei tempi e nei limiti del budget.\r\nCi\u00f2 consentir\u00e0 a voi e al vostro team di concentrarvi su altre attivit\u00e0, come il lancio di un nuovo prodotto, l\u2019aumento della produttivit\u00e0 o l\u2019incremento dei profitti."},"shortcode-map":{"type":"textfield","raw":""},"dyk-shortcode":{"type":"textfield","raw":"[elementor-template id=\"146751\"]"},"text-2":{"type":"textarea","raw":"<h2 style=\"margin-bottom:20px\">Traduzione di documenti tecnici<\/h2>\r\nDi seguito sono riportati alcuni tipi di documenti tecnici che traduciamo frequentemente:\r\n<ul>\r\n \t<li>manuali di installazione, utilizzo e manutenzione<\/li>\r\n \t<li>manuali di risorse umane<\/li>\r\n \t<li>manuali di manutenzione<\/li>\r\n \t<li>manuali di gestione<\/li>\r\n \t<li>disegni CAD<\/li>\r\n \t<li>imballaggi<\/li>\r\n \t<li>processi di lavoro<\/li>\r\n \t<li>contratti di servizio<\/li>\r\n \t<li>documentazione normativa<\/li>\r\n \t<li>brevetti<\/li>\r\n \t<li>contratti d\u2019affari<\/li>\r\n \t<li>moduli tecnici di e-learning<\/li>\r\n \t<li>materiali di marketing (ad es. siti web e cataloghi di prodotti)<\/li>\r\n<\/ul>\r\nQualunque sia il vostro progetto o settore, il nostro team \u00e8 pronto a offrire una traduzione per la produzione conveniente e altamente affidabile.\r\n<h2 style=\"margin-bottom:20px\">Team di traduzione per la produzione<\/h2>\r\n<em>Trusted Translations<\/em> fornisce ai propri traduttori strumenti di alta qualit\u00e0 per aiutarli a completare con la massima qualit\u00e0 le traduzioni assegnate. Tutti i nostri traduttori per la produzione hanno accesso a memorie di traduzione, dizionari e database terminologici, garantendo che le traduzioni siano accurate e coerenti anche nei progetti pi\u00f9 grandi e tecnicamente complessi.\r\n\r\nTutti i nostri traduttori sono vincolati da un accordo di riservatezza commerciale e di non divulgazione aziendale.\u00a0<em>Trusted Translations<\/em> prende molto seriamente le questioni di riservatezza e sicurezza. Tutte le traduzioni rimangono riservate; i nostri traduttori sono sensibili all\u2019importanza della sicurezza in questo settore e rispettano pienamente la documentazione riservata fornita in relazione a ciascun progetto.\r\n\r\nIn qualit\u00e0 di partner fidato di produttori multinazionali, aziende Fortune 500, forze armate statunitensi e altro ancora, <em>Trusted Translations<\/em> offre servizi di traduzione per la produzione di livello eccellente. \u00a0Per saperne di pi\u00f9, contattateci\u00a0oggi stesso."},"state":{"type":"textfield","raw":""},"city":{"type":"textarea","raw":[]}}},"_links":{"self":[{"href":"https:\/\/www.trustedtranslations.com\/it\/wp-json\/wp\/v2\/pages\/123227","targetHints":{"allow":["GET"]}}],"collection":[{"href":"https:\/\/www.trustedtranslations.com\/it\/wp-json\/wp\/v2\/pages"}],"about":[{"href":"https:\/\/www.trustedtranslations.com\/it\/wp-json\/wp\/v2\/types\/page"}],"author":[{"embeddable":true,"href":"https:\/\/www.trustedtranslations.com\/it\/wp-json\/wp\/v2\/users\/1"}],"replies":[{"embeddable":true,"href":"https:\/\/www.trustedtranslations.com\/it\/wp-json\/wp\/v2\/comments?post=123227"}],"version-history":[{"count":0,"href":"https:\/\/www.trustedtranslations.com\/it\/wp-json\/wp\/v2\/pages\/123227\/revisions"}],"up":[{"embeddable":true,"href":"https:\/\/www.trustedtranslations.com\/it\/wp-json\/wp\/v2\/pages\/123363"}],"wp:featuredmedia":[{"embeddable":true,"href":"https:\/\/www.trustedtranslations.com\/it\/wp-json\/wp\/v2\/media\/139629"}],"wp:attachment":[{"href":"https:\/\/www.trustedtranslations.com\/it\/wp-json\/wp\/v2\/media?parent=123227"}],"curies":[{"name":"wp","href":"https:\/\/api.w.org\/{rel}","templated":true}]}}