{"id":123233,"date":"2019-12-09T11:40:49","date_gmt":"2019-12-09T11:40:49","guid":{"rendered":"https:\/\/www.trustedtranslations.com\/?page_id=123233"},"modified":"2024-09-03T11:57:25","modified_gmt":"2024-09-03T14:57:25","slug":"software","status":"publish","type":"page","link":"https:\/\/www.trustedtranslations.com\/it\/industrie\/software","title":{"rendered":"Software"},"content":{"rendered":"","protected":false},"excerpt":{"rendered":"","protected":false},"author":1,"featured_media":139629,"parent":123363,"menu_order":0,"comment_status":"closed","ping_status":"closed","template":"","meta":{"site-sidebar-layout":"default","site-content-layout":"default","ast-site-content-layout":"default","site-content-style":"default","site-sidebar-style":"default","ast-global-header-display":"","ast-banner-title-visibility":"","ast-main-header-display":"","ast-hfb-above-header-display":"","ast-hfb-below-header-display":"","ast-hfb-mobile-header-display":"","site-post-title":"disabled","ast-breadcrumbs-content":"","ast-featured-img":"","footer-sml-layout":"","ast-disable-related-posts":"","theme-transparent-header-meta":"default","adv-header-id-meta":"","stick-header-meta":"","header-above-stick-meta":"","header-main-stick-meta":"","header-below-stick-meta":"","astra-migrate-meta-layouts":"set","ast-page-background-enabled":"default","ast-page-background-meta":{"desktop":{"background-color":"var(--ast-global-color-4)","background-image":"","background-repeat":"repeat","background-position":"center center","background-size":"auto","background-attachment":"scroll","background-type":"","background-media":"","overlay-type":"","overlay-color":"","overlay-opacity":"","overlay-gradient":""},"tablet":{"background-color":"","background-image":"","background-repeat":"repeat","background-position":"center center","background-size":"auto","background-attachment":"scroll","background-type":"","background-media":"","overlay-type":"","overlay-color":"","overlay-opacity":"","overlay-gradient":""},"mobile":{"background-color":"","background-image":"","background-repeat":"repeat","background-position":"center center","background-size":"auto","background-attachment":"scroll","background-type":"","background-media":"","overlay-type":"","overlay-color":"","overlay-opacity":"","overlay-gradient":""}},"ast-content-background-meta":{"desktop":{"background-color":"var(--ast-global-color-5)","background-image":"","background-repeat":"repeat","background-position":"center center","background-size":"auto","background-attachment":"scroll","background-type":"","background-media":"","overlay-type":"","overlay-color":"","overlay-opacity":"","overlay-gradient":""},"tablet":{"background-color":"var(--ast-global-color-5)","background-image":"","background-repeat":"repeat","background-position":"center center","background-size":"auto","background-attachment":"scroll","background-type":"","background-media":"","overlay-type":"","overlay-color":"","overlay-opacity":"","overlay-gradient":""},"mobile":{"background-color":"var(--ast-global-color-5)","background-image":"","background-repeat":"repeat","background-position":"center center","background-size":"auto","background-attachment":"scroll","background-type":"","background-media":"","overlay-type":"","overlay-color":"","overlay-opacity":"","overlay-gradient":""}},"footnotes":""},"class_list":["post-123233","page","type-page","status-publish","has-post-thumbnail","hentry"],"yoast_head":"<!-- This site is optimized with the Yoast SEO plugin v27.3 - https:\/\/yoast.com\/product\/yoast-seo-wordpress\/ -->\n<title>Servizi di traduzione di software - Trusted Translations, Inc.<\/title>\n<meta name=\"description\" content=\"Trusted Translations lavorer\u00e0 con il vostro team per raggiungere gli obiettivi fondamentali associati alla traduzione, all\u2019internazionalizzazione, alla localizzazione e alla globalizzazione dei software.\" \/>\n<meta name=\"robots\" content=\"index, follow, max-snippet:-1, max-image-preview:large, max-video-preview:-1\" \/>\n<link rel=\"canonical\" href=\"https:\/\/www.trustedtranslations.com\/it\/industrie\/software\" \/>\n<meta property=\"og:locale\" content=\"it_IT\" \/>\n<meta property=\"og:type\" content=\"article\" \/>\n<meta property=\"og:title\" content=\"Servizi di traduzione di software - Trusted Translations, Inc.\" \/>\n<meta property=\"og:description\" content=\"Trusted Translations lavorer\u00e0 con il vostro team per raggiungere gli obiettivi fondamentali associati alla traduzione, all\u2019internazionalizzazione, alla localizzazione e alla globalizzazione dei software.\" \/>\n<meta property=\"og:url\" content=\"https:\/\/www.trustedtranslations.com\/it\/industrie\/software\" \/>\n<meta property=\"og:site_name\" content=\"Trusted Translations, Inc.\" \/>\n<meta property=\"article:publisher\" content=\"https:\/\/www.facebook.com\/Trusted.Translations\" \/>\n<meta property=\"article:modified_time\" content=\"2024-09-03T14:57:25+00:00\" \/>\n<meta property=\"og:image\" content=\"https:\/\/static.trustedtranslations.com\/wp-content\/uploads\/2022\/03\/TT_NEW_FB-1.png\" \/>\n\t<meta property=\"og:image:width\" content=\"1038\" \/>\n\t<meta property=\"og:image:height\" content=\"1038\" \/>\n\t<meta property=\"og:image:type\" content=\"image\/png\" \/>\n<meta name=\"twitter:card\" content=\"summary_large_image\" \/>\n<meta name=\"twitter:site\" content=\"@TrustedT9ns\" \/>\n<script type=\"application\/ld+json\" class=\"yoast-schema-graph\">{\"@context\":\"https:\\\/\\\/schema.org\",\"@graph\":[{\"@type\":\"WebPage\",\"@id\":\"https:\\\/\\\/www.trustedtranslations.com\\\/it\\\/industrie\\\/software\",\"url\":\"https:\\\/\\\/www.trustedtranslations.com\\\/it\\\/industrie\\\/software\",\"name\":\"Servizi di traduzione di software - Trusted Translations, Inc.\",\"isPartOf\":{\"@id\":\"https:\\\/\\\/www.trustedtranslations.com\\\/it\\\/#website\"},\"primaryImageOfPage\":{\"@id\":\"https:\\\/\\\/www.trustedtranslations.com\\\/it\\\/industrie\\\/software#primaryimage\"},\"image\":{\"@id\":\"https:\\\/\\\/www.trustedtranslations.com\\\/it\\\/industrie\\\/software#primaryimage\"},\"thumbnailUrl\":\"https:\\\/\\\/www.trustedtranslations.com\\\/wp-content\\\/uploads\\\/2022\\\/03\\\/TT_NEW_FB-1.png\",\"description\":\"Trusted Translations lavorer\u00e0 con il vostro team per raggiungere gli obiettivi fondamentali associati alla traduzione, all\u2019internazionalizzazione, alla localizzazione e alla globalizzazione dei software.\",\"breadcrumb\":{\"@id\":\"https:\\\/\\\/www.trustedtranslations.com\\\/it\\\/industrie\\\/software#breadcrumb\"},\"inLanguage\":\"it-IT\",\"potentialAction\":[{\"@type\":\"ReadAction\",\"target\":[\"https:\\\/\\\/www.trustedtranslations.com\\\/it\\\/industrie\\\/software\"]}]},{\"@type\":\"ImageObject\",\"inLanguage\":\"it-IT\",\"@id\":\"https:\\\/\\\/www.trustedtranslations.com\\\/it\\\/industrie\\\/software#primaryimage\",\"url\":\"https:\\\/\\\/www.trustedtranslations.com\\\/wp-content\\\/uploads\\\/2022\\\/03\\\/TT_NEW_FB-1.png\",\"contentUrl\":\"https:\\\/\\\/www.trustedtranslations.com\\\/wp-content\\\/uploads\\\/2022\\\/03\\\/TT_NEW_FB-1.png\",\"width\":1038,\"height\":1038,\"caption\":\"TT NEW FB 1\"},{\"@type\":\"BreadcrumbList\",\"@id\":\"https:\\\/\\\/www.trustedtranslations.com\\\/it\\\/industrie\\\/software#breadcrumb\",\"itemListElement\":[{\"@type\":\"ListItem\",\"position\":1,\"name\":\"Home\",\"item\":\"https:\\\/\\\/www.trustedtranslations.com\\\/it\"},{\"@type\":\"ListItem\",\"position\":2,\"name\":\"Competenza nel settore\",\"item\":\"https:\\\/\\\/www.trustedtranslations.com\\\/it\\\/industrie\"},{\"@type\":\"ListItem\",\"position\":3,\"name\":\"Software\"}]},{\"@type\":\"WebSite\",\"@id\":\"https:\\\/\\\/www.trustedtranslations.com\\\/it\\\/#website\",\"url\":\"https:\\\/\\\/www.trustedtranslations.com\\\/it\\\/\",\"name\":\"Trusted Translations, Inc.\",\"description\":\"Leader in translation and interpretation services.\",\"publisher\":{\"@id\":\"https:\\\/\\\/www.trustedtranslations.com\\\/it\\\/#organization\"},\"alternateName\":\"Trusted Translations\",\"potentialAction\":[{\"@type\":\"SearchAction\",\"target\":{\"@type\":\"EntryPoint\",\"urlTemplate\":\"https:\\\/\\\/www.trustedtranslations.com\\\/it\\\/?s={search_term_string}\"},\"query-input\":{\"@type\":\"PropertyValueSpecification\",\"valueRequired\":true,\"valueName\":\"search_term_string\"}}],\"inLanguage\":\"it-IT\"},{\"@type\":\"Organization\",\"@id\":\"https:\\\/\\\/www.trustedtranslations.com\\\/it\\\/#organization\",\"name\":\"Trusted Translations\",\"alternateName\":\"Trusted Translations, Inc.\",\"url\":\"https:\\\/\\\/www.trustedtranslations.com\\\/it\\\/\",\"logo\":{\"@type\":\"ImageObject\",\"inLanguage\":\"it-IT\",\"@id\":\"https:\\\/\\\/www.trustedtranslations.com\\\/it\\\/#\\\/schema\\\/logo\\\/image\\\/\",\"url\":\"https:\\\/\\\/static.trustedtranslations.com\\\/wp-content\\\/uploads\\\/2022\\\/01\\\/TT_logo_WSIColors-2.png\",\"contentUrl\":\"https:\\\/\\\/static.trustedtranslations.com\\\/wp-content\\\/uploads\\\/2022\\\/01\\\/TT_logo_WSIColors-2.png\",\"width\":500,\"height\":196,\"caption\":\"Trusted Translations\"},\"image\":{\"@id\":\"https:\\\/\\\/www.trustedtranslations.com\\\/it\\\/#\\\/schema\\\/logo\\\/image\\\/\"},\"sameAs\":[\"https:\\\/\\\/www.facebook.com\\\/Trusted.Translations\",\"https:\\\/\\\/x.com\\\/TrustedT9ns\",\"https:\\\/\\\/www.linkedin.com\\\/company\\\/trusted-translations\"]}]}<\/script>\n<!-- \/ Yoast SEO plugin. -->","yoast_head_json":{"title":"Servizi di traduzione di software - Trusted Translations, Inc.","description":"Trusted Translations lavorer\u00e0 con il vostro team per raggiungere gli obiettivi fondamentali associati alla traduzione, all\u2019internazionalizzazione, alla localizzazione e alla globalizzazione dei software.","robots":{"index":"index","follow":"follow","max-snippet":"max-snippet:-1","max-image-preview":"max-image-preview:large","max-video-preview":"max-video-preview:-1"},"canonical":"https:\/\/www.trustedtranslations.com\/it\/industrie\/software","og_locale":"it_IT","og_type":"article","og_title":"Servizi di traduzione di software - Trusted Translations, Inc.","og_description":"Trusted Translations lavorer\u00e0 con il vostro team per raggiungere gli obiettivi fondamentali associati alla traduzione, all\u2019internazionalizzazione, alla localizzazione e alla globalizzazione dei software.","og_url":"https:\/\/www.trustedtranslations.com\/it\/industrie\/software","og_site_name":"Trusted Translations, Inc.","article_publisher":"https:\/\/www.facebook.com\/Trusted.Translations","article_modified_time":"2024-09-03T14:57:25+00:00","og_image":[{"width":1038,"height":1038,"url":"https:\/\/static.trustedtranslations.com\/wp-content\/uploads\/2022\/03\/TT_NEW_FB-1.png","type":"image\/png"}],"twitter_card":"summary_large_image","twitter_site":"@TrustedT9ns","schema":{"@context":"https:\/\/schema.org","@graph":[{"@type":"WebPage","@id":"https:\/\/www.trustedtranslations.com\/it\/industrie\/software","url":"https:\/\/www.trustedtranslations.com\/it\/industrie\/software","name":"Servizi di traduzione di software - Trusted Translations, Inc.","isPartOf":{"@id":"https:\/\/www.trustedtranslations.com\/it\/#website"},"primaryImageOfPage":{"@id":"https:\/\/www.trustedtranslations.com\/it\/industrie\/software#primaryimage"},"image":{"@id":"https:\/\/www.trustedtranslations.com\/it\/industrie\/software#primaryimage"},"thumbnailUrl":"https:\/\/www.trustedtranslations.com\/wp-content\/uploads\/2022\/03\/TT_NEW_FB-1.png","description":"Trusted Translations lavorer\u00e0 con il vostro team per raggiungere gli obiettivi fondamentali associati alla traduzione, all\u2019internazionalizzazione, alla localizzazione e alla globalizzazione dei software.","breadcrumb":{"@id":"https:\/\/www.trustedtranslations.com\/it\/industrie\/software#breadcrumb"},"inLanguage":"it-IT","potentialAction":[{"@type":"ReadAction","target":["https:\/\/www.trustedtranslations.com\/it\/industrie\/software"]}]},{"@type":"ImageObject","inLanguage":"it-IT","@id":"https:\/\/www.trustedtranslations.com\/it\/industrie\/software#primaryimage","url":"https:\/\/www.trustedtranslations.com\/wp-content\/uploads\/2022\/03\/TT_NEW_FB-1.png","contentUrl":"https:\/\/www.trustedtranslations.com\/wp-content\/uploads\/2022\/03\/TT_NEW_FB-1.png","width":1038,"height":1038,"caption":"TT NEW FB 1"},{"@type":"BreadcrumbList","@id":"https:\/\/www.trustedtranslations.com\/it\/industrie\/software#breadcrumb","itemListElement":[{"@type":"ListItem","position":1,"name":"Home","item":"https:\/\/www.trustedtranslations.com\/it"},{"@type":"ListItem","position":2,"name":"Competenza nel settore","item":"https:\/\/www.trustedtranslations.com\/it\/industrie"},{"@type":"ListItem","position":3,"name":"Software"}]},{"@type":"WebSite","@id":"https:\/\/www.trustedtranslations.com\/it\/#website","url":"https:\/\/www.trustedtranslations.com\/it\/","name":"Trusted Translations, Inc.","description":"Leader in translation and interpretation services.","publisher":{"@id":"https:\/\/www.trustedtranslations.com\/it\/#organization"},"alternateName":"Trusted Translations","potentialAction":[{"@type":"SearchAction","target":{"@type":"EntryPoint","urlTemplate":"https:\/\/www.trustedtranslations.com\/it\/?s={search_term_string}"},"query-input":{"@type":"PropertyValueSpecification","valueRequired":true,"valueName":"search_term_string"}}],"inLanguage":"it-IT"},{"@type":"Organization","@id":"https:\/\/www.trustedtranslations.com\/it\/#organization","name":"Trusted Translations","alternateName":"Trusted Translations, Inc.","url":"https:\/\/www.trustedtranslations.com\/it\/","logo":{"@type":"ImageObject","inLanguage":"it-IT","@id":"https:\/\/www.trustedtranslations.com\/it\/#\/schema\/logo\/image\/","url":"https:\/\/static.trustedtranslations.com\/wp-content\/uploads\/2022\/01\/TT_logo_WSIColors-2.png","contentUrl":"https:\/\/static.trustedtranslations.com\/wp-content\/uploads\/2022\/01\/TT_logo_WSIColors-2.png","width":500,"height":196,"caption":"Trusted Translations"},"image":{"@id":"https:\/\/www.trustedtranslations.com\/it\/#\/schema\/logo\/image\/"},"sameAs":["https:\/\/www.facebook.com\/Trusted.Translations","https:\/\/x.com\/TrustedT9ns","https:\/\/www.linkedin.com\/company\/trusted-translations"]}]}},"toolset-meta":{"dyk":{"mensaje-1":{"type":"textfield","raw":"Trusted Translations ha fornito traduzioni a IBM, Google, Autodesk e altre importanti aziende."},"mensaje-2":{"type":"textfield","raw":"Forniamo preventivi gratuiti per qualsiasi progetto di localizzazione di documenti, siti web o software."},"mensaje-3":{"type":"textfield","raw":"Il nostro personale di traduzione interno include ingegneri e sviluppatori software."},"mensaje-4":{"type":"textfield","raw":"I nostri team di traduzione software possono assistervi sia nella localizzazione che nell\u2019internazionalizzazione."},"mensaje-5":{"type":"textfield","raw":""},"mensaje-6":{"type":"textfield","raw":""}},"single-page-template-fields":{"imgs-temp":{"type":"image","raw":["https:\/\/static.trustedtranslations.com\/wp-content\/uploads\/2024\/05\/software-final-1.webp","https:\/\/static.trustedtranslations.com\/wp-content\/uploads\/2024\/05\/software-final-2-1.webp","https:\/\/static.trustedtranslations.com\/wp-content\/uploads\/2024\/05\/software-final-3-1.webp"],"repeatable":[{"raw":"https:\/\/static.trustedtranslations.com\/wp-content\/uploads\/2024\/05\/software-final-1.webp"},{"raw":"https:\/\/static.trustedtranslations.com\/wp-content\/uploads\/2024\/05\/software-final-2-1.webp"},{"raw":"https:\/\/static.trustedtranslations.com\/wp-content\/uploads\/2024\/05\/software-final-3-1.webp"}]},"imgs-temp-cel":{"type":"image","raw":[""],"repeatable":[{"raw":""}]},"img-temp-one-cel":{"type":"image","raw":"https:\/\/static.trustedtranslations.com\/wp-content\/uploads\/2024\/05\/AdobeStock_167812893-2-1.webp","attachment_id":null},"quotes":{"type":"textarea","raw":"<h1 style=\"margin-bottom: 12px;\">Servizi di traduzione di software<\/h1>Trusted Translations lavorer\u00e0 con il vostro team per raggiungere gli obiettivi fondamentali associati alla traduzione, all\u2019internazionalizzazione, alla localizzazione o alla globalizzazione dei software o a una qualsiasi combinazione di questi servizi.<div style=\"margin-top: 2.5vw;\"><a class=\"tt-btn-main-cta\" href=\"\/it\/quote\">RICHIEDI UN PREVENTIVO GRATUITO<\/a><\/div>"},"text-1":{"type":"textarea","raw":"<h2>Ottimizzazione di software per mercati multilingue<\/h2>\r\n<em>Trusted Translations<\/em> offre servizi completi di traduzione di software. Siamo pronti ad aiutare la vostra azienda nei seguenti modi:\r\n<ul>\r\n \t<li>realizzando un prodotto completamente funzionale e testato in grado di gestire pi\u00f9 lingue;<\/li>\r\n \t<li>disponendo di uno staff preparato in grado di gestire aggiornamenti o modifiche in molte lingue;<\/li>\r\n \t<li>creando una piattaforma che consentir\u00e0 l\u2019introduzione di nuovi mercati ai costi incrementali pi\u00f9 bassi;<\/li>\r\n \t<li>creando processi e procedure che miglioreranno la funzionalit\u00e0 e la soddisfazione del cliente, aumentando inoltre le vendite;<\/li>\r\n<\/ul>\r\nComprendiamo le sfumature specifiche relative alla modifica di un programma software in un prodotto multilingue. Per questo motivo, ci occupiamo di una vasta gamma di elementi nei nostri servizi di traduzione e localizzazione, come ad esempio:\r\n<ul>\r\n \t<li>software\/codice dell\u2019interfaccia utente<\/li>\r\n \t<li>schermate di aiuto, istruzioni, menu, tasti di scelta rapida<\/li>\r\n \t<li>manuali di software<\/li>\r\n \t<li>contratti di licenza<\/li>\r\n \t<li>avvertenze legali e sulla sicurezza delle informazioni<\/li>\r\n \t<li>accordi di garanzia<\/li>\r\n \t<li>materiale di marketing e contenuto della confezione<\/li>\r\n \t<li>contenuti legati alla cultura e abitudini degli utenti finali<\/li>\r\n<\/ul>\r\n<h2 style=\"margin-bottom:20px\">Internazionalizzazione del software<\/h2>\r\nInternazionalizzazione (i18n) \u00e8 una definizione di settore che comporta lo sviluppo di un nuovo prodotto o la modifica di un progetto esistente per consentire a tale progetto di essere utilizzato in molte lingue ed essere venduto in diversi paesi. Durante il processo di sviluppo viene utilizzata una codifica speciale per consentire la gestione senza soluzione di continuit\u00e0 delle informazioni in pi\u00f9 lingue, ad esempio assicurandosi che il codice sorgente riconosca diversi formati di data-ora e sistemi di scrittura.\r\n\r\nAttraverso il nostro servizio di internazionalizzazione completo, <em>Trusted Translations<\/em> si assicurer\u00e0 che il vostro programma software sia configurato per essere utilizzato e condiviso a livello globale."},"shortcode-map":{"type":"textfield","raw":""},"dyk-shortcode":{"type":"textfield","raw":"[elementor-template id=\"146751\"]"},"text-2":{"type":"textarea","raw":"<h2 style=\"margin-bottom:20px\">Localizzazione del software<\/h2>\r\nLa localizzazione del software (l10n) comporta l\u2019adattamento del prodotto alle sfumature linguistiche e culturali di un mercato target specifico. La localizzazione pu\u00f2 decuplicare il vostro mercato di riferimento e aumentare il vostro impatto sugli utenti stranieri.\r\n\r\nLa localizzazione \u00e8 un processo complesso che va oltre la semplice traduzione dei contenuti per affrontare funzionalit\u00e0 come usabilit\u00e0\/UX, grafica, dimensioni, posizionamento e molto altro. Ad esempio, la localizzazione per una regione di lingua araba potrebbe comportare la modifica del layout dei menu, dei moduli compilabili, della posizione dei pulsanti e altro per adattarsi a una lingua che si legge da destra a sinistra.\r\n\r\nLa localizzazione presenta anche difficolt\u00e0 uniche. Ad esempio, il testo da tradurre o localizzare, sia visibile che nascosto, deve essere separato dal codice sorgente in modo da preservare l\u2019integrit\u00e0 del codice originale. Pertanto, \u00e8 estremamente importante che tutta la documentazione e il testo dell\u2019interfaccia utente vengano tradotti utilizzando termini tecnici e nomenclatura accurati. Inoltre, ancora prima di iniziare, il processo di localizzazione dovrebbe essere supportato da un\u2019ampia ricerca sulle preferenze degli utenti del mercato di riferimento.\r\n\r\nIl team di <em>Trusted Translations<\/em> ha l\u2019esperienza nel settore e il <em>know-how<\/em> linguistico per gestire queste sfide logistiche dall\u2019inizio alla fine.\r\n<h2 style=\"margin-bottom:20px\">Globalizzazione del software<\/h2>\r\nLa globalizzazione si comprende meglio attraverso questa semplice formula: globalizzazione = internazionalizzazione + localizzazione. In termini di globalizzazione del software, ci\u00f2 significa rendere i propri prodotti software disponibili e utilizzabili da chiunque, in qualsiasi lingua e in qualsiasi parte del mondo.\r\n\r\nIdealmente, la globalizzazione dovrebbe essere inclusa nel normale ciclo di sviluppo del prodotto. Se preso in considerazione durante lo sviluppo, il codice principale verr\u00e0 scritto in modo da consentire la gestione efficiente di pi\u00f9 lingue, inclusa la possibilit\u00e0 di modificare, tracciare e caricare nuovo testo. Ci\u00f2 pone le basi per una localizzazione di successo mentre si inizia a identificare e ad espandersi in mercati specifici in tutto il mondo.\r\n\r\nCon esperienza in ogni fase di questo processo, <em>Trusted Translation<\/em>s \u00e8 pronta a diventare la vostra soluzione completa per la globalizzazione di qualsiasi software."},"state":{"type":"textfield","raw":""},"city":{"type":"textarea","raw":[]}}},"_links":{"self":[{"href":"https:\/\/www.trustedtranslations.com\/it\/wp-json\/wp\/v2\/pages\/123233","targetHints":{"allow":["GET"]}}],"collection":[{"href":"https:\/\/www.trustedtranslations.com\/it\/wp-json\/wp\/v2\/pages"}],"about":[{"href":"https:\/\/www.trustedtranslations.com\/it\/wp-json\/wp\/v2\/types\/page"}],"author":[{"embeddable":true,"href":"https:\/\/www.trustedtranslations.com\/it\/wp-json\/wp\/v2\/users\/1"}],"replies":[{"embeddable":true,"href":"https:\/\/www.trustedtranslations.com\/it\/wp-json\/wp\/v2\/comments?post=123233"}],"version-history":[{"count":0,"href":"https:\/\/www.trustedtranslations.com\/it\/wp-json\/wp\/v2\/pages\/123233\/revisions"}],"up":[{"embeddable":true,"href":"https:\/\/www.trustedtranslations.com\/it\/wp-json\/wp\/v2\/pages\/123363"}],"wp:featuredmedia":[{"embeddable":true,"href":"https:\/\/www.trustedtranslations.com\/it\/wp-json\/wp\/v2\/media\/139629"}],"wp:attachment":[{"href":"https:\/\/www.trustedtranslations.com\/it\/wp-json\/wp\/v2\/media?parent=123233"}],"curies":[{"name":"wp","href":"https:\/\/api.w.org\/{rel}","templated":true}]}}