{"id":123234,"date":"2019-12-09T11:40:29","date_gmt":"2019-12-09T11:40:29","guid":{"rendered":"https:\/\/www.trustedtranslations.com\/?page_id=123234"},"modified":"2024-09-03T15:55:04","modified_gmt":"2024-09-03T18:55:04","slug":"medico","status":"publish","type":"page","link":"https:\/\/www.trustedtranslations.com\/it\/industrie\/medico","title":{"rendered":"Medico"},"content":{"rendered":"","protected":false},"excerpt":{"rendered":"","protected":false},"author":1,"featured_media":0,"parent":123363,"menu_order":0,"comment_status":"closed","ping_status":"closed","template":"","meta":{"site-sidebar-layout":"default","site-content-layout":"default","ast-site-content-layout":"default","site-content-style":"default","site-sidebar-style":"default","ast-global-header-display":"","ast-banner-title-visibility":"","ast-main-header-display":"","ast-hfb-above-header-display":"","ast-hfb-below-header-display":"","ast-hfb-mobile-header-display":"","site-post-title":"disabled","ast-breadcrumbs-content":"","ast-featured-img":"","footer-sml-layout":"","ast-disable-related-posts":"","theme-transparent-header-meta":"default","adv-header-id-meta":"","stick-header-meta":"","header-above-stick-meta":"","header-main-stick-meta":"","header-below-stick-meta":"","astra-migrate-meta-layouts":"set","ast-page-background-enabled":"default","ast-page-background-meta":{"desktop":{"background-color":"var(--ast-global-color-4)","background-image":"","background-repeat":"repeat","background-position":"center center","background-size":"auto","background-attachment":"scroll","background-type":"","background-media":"","overlay-type":"","overlay-color":"","overlay-opacity":"","overlay-gradient":""},"tablet":{"background-color":"","background-image":"","background-repeat":"repeat","background-position":"center center","background-size":"auto","background-attachment":"scroll","background-type":"","background-media":"","overlay-type":"","overlay-color":"","overlay-opacity":"","overlay-gradient":""},"mobile":{"background-color":"","background-image":"","background-repeat":"repeat","background-position":"center center","background-size":"auto","background-attachment":"scroll","background-type":"","background-media":"","overlay-type":"","overlay-color":"","overlay-opacity":"","overlay-gradient":""}},"ast-content-background-meta":{"desktop":{"background-color":"var(--ast-global-color-5)","background-image":"","background-repeat":"repeat","background-position":"center center","background-size":"auto","background-attachment":"scroll","background-type":"","background-media":"","overlay-type":"","overlay-color":"","overlay-opacity":"","overlay-gradient":""},"tablet":{"background-color":"var(--ast-global-color-5)","background-image":"","background-repeat":"repeat","background-position":"center center","background-size":"auto","background-attachment":"scroll","background-type":"","background-media":"","overlay-type":"","overlay-color":"","overlay-opacity":"","overlay-gradient":""},"mobile":{"background-color":"var(--ast-global-color-5)","background-image":"","background-repeat":"repeat","background-position":"center center","background-size":"auto","background-attachment":"scroll","background-type":"","background-media":"","overlay-type":"","overlay-color":"","overlay-opacity":"","overlay-gradient":""}},"footnotes":""},"class_list":["post-123234","page","type-page","status-publish","hentry"],"yoast_head":"<!-- This site is optimized with the Yoast SEO plugin v27.3 - https:\/\/yoast.com\/product\/yoast-seo-wordpress\/ -->\n<title>Servizi di traduzione medica - Trusted Translations, Inc.<\/title>\n<meta name=\"description\" content=\"Scoprite le soluzioni linguistiche affidabili in ambito medico e sanitario di Trusted Translations, Inc. I nostri traduttori esperti forniscono traduzioni accurate e riservate per il settore medico. Richiedete oggi stesso un preventivo gratuito.\" \/>\n<meta name=\"robots\" content=\"index, follow, max-snippet:-1, max-image-preview:large, max-video-preview:-1\" \/>\n<link rel=\"canonical\" href=\"https:\/\/www.trustedtranslations.com\/it\/industrie\/medico\" \/>\n<meta property=\"og:locale\" content=\"it_IT\" \/>\n<meta property=\"og:type\" content=\"article\" \/>\n<meta property=\"og:title\" content=\"Servizi di traduzione medica - Trusted Translations, Inc.\" \/>\n<meta property=\"og:description\" content=\"Scoprite le soluzioni linguistiche affidabili in ambito medico e sanitario di Trusted Translations, Inc. I nostri traduttori esperti forniscono traduzioni accurate e riservate per il settore medico. Richiedete oggi stesso un preventivo gratuito.\" \/>\n<meta property=\"og:url\" content=\"https:\/\/www.trustedtranslations.com\/it\/industrie\/medico\" \/>\n<meta property=\"og:site_name\" content=\"Trusted Translations, Inc.\" \/>\n<meta property=\"article:publisher\" content=\"https:\/\/www.facebook.com\/Trusted.Translations\" \/>\n<meta property=\"article:modified_time\" content=\"2024-09-03T18:55:04+00:00\" \/>\n<meta property=\"og:image\" content=\"https:\/\/www.trustedtranslations.com\/wp-content\/uploads\/2022\/06\/tt-logo-2-1.webp\" \/>\n\t<meta property=\"og:image:width\" content=\"216\" \/>\n\t<meta property=\"og:image:height\" content=\"94\" \/>\n\t<meta property=\"og:image:type\" content=\"image\/webp\" \/>\n<meta name=\"twitter:card\" content=\"summary_large_image\" \/>\n<meta name=\"twitter:site\" content=\"@TrustedT9ns\" \/>\n<script type=\"application\/ld+json\" class=\"yoast-schema-graph\">{\"@context\":\"https:\\\/\\\/schema.org\",\"@graph\":[{\"@type\":\"WebPage\",\"@id\":\"https:\\\/\\\/www.trustedtranslations.com\\\/it\\\/industrie\\\/medico\",\"url\":\"https:\\\/\\\/www.trustedtranslations.com\\\/it\\\/industrie\\\/medico\",\"name\":\"Servizi di traduzione medica - Trusted Translations, Inc.\",\"isPartOf\":{\"@id\":\"https:\\\/\\\/www.trustedtranslations.com\\\/it\\\/#website\"},\"description\":\"Scoprite le soluzioni linguistiche affidabili in ambito medico e sanitario di Trusted Translations, Inc. I nostri traduttori esperti forniscono traduzioni accurate e riservate per il settore medico. Richiedete oggi stesso un preventivo gratuito.\",\"breadcrumb\":{\"@id\":\"https:\\\/\\\/www.trustedtranslations.com\\\/it\\\/industrie\\\/medico#breadcrumb\"},\"inLanguage\":\"it-IT\",\"potentialAction\":[{\"@type\":\"ReadAction\",\"target\":[\"https:\\\/\\\/www.trustedtranslations.com\\\/it\\\/industrie\\\/medico\"]}]},{\"@type\":\"BreadcrumbList\",\"@id\":\"https:\\\/\\\/www.trustedtranslations.com\\\/it\\\/industrie\\\/medico#breadcrumb\",\"itemListElement\":[{\"@type\":\"ListItem\",\"position\":1,\"name\":\"Home\",\"item\":\"https:\\\/\\\/www.trustedtranslations.com\\\/it\"},{\"@type\":\"ListItem\",\"position\":2,\"name\":\"Competenza nel settore\",\"item\":\"https:\\\/\\\/www.trustedtranslations.com\\\/it\\\/industrie\"},{\"@type\":\"ListItem\",\"position\":3,\"name\":\"Medico\"}]},{\"@type\":\"WebSite\",\"@id\":\"https:\\\/\\\/www.trustedtranslations.com\\\/it\\\/#website\",\"url\":\"https:\\\/\\\/www.trustedtranslations.com\\\/it\\\/\",\"name\":\"Trusted Translations, Inc.\",\"description\":\"Leader in translation and interpretation services.\",\"publisher\":{\"@id\":\"https:\\\/\\\/www.trustedtranslations.com\\\/it\\\/#organization\"},\"alternateName\":\"Trusted Translations\",\"potentialAction\":[{\"@type\":\"SearchAction\",\"target\":{\"@type\":\"EntryPoint\",\"urlTemplate\":\"https:\\\/\\\/www.trustedtranslations.com\\\/it\\\/?s={search_term_string}\"},\"query-input\":{\"@type\":\"PropertyValueSpecification\",\"valueRequired\":true,\"valueName\":\"search_term_string\"}}],\"inLanguage\":\"it-IT\"},{\"@type\":\"Organization\",\"@id\":\"https:\\\/\\\/www.trustedtranslations.com\\\/it\\\/#organization\",\"name\":\"Trusted Translations\",\"alternateName\":\"Trusted Translations, Inc.\",\"url\":\"https:\\\/\\\/www.trustedtranslations.com\\\/it\\\/\",\"logo\":{\"@type\":\"ImageObject\",\"inLanguage\":\"it-IT\",\"@id\":\"https:\\\/\\\/www.trustedtranslations.com\\\/it\\\/#\\\/schema\\\/logo\\\/image\\\/\",\"url\":\"https:\\\/\\\/static.trustedtranslations.com\\\/wp-content\\\/uploads\\\/2022\\\/01\\\/TT_logo_WSIColors-2.png\",\"contentUrl\":\"https:\\\/\\\/static.trustedtranslations.com\\\/wp-content\\\/uploads\\\/2022\\\/01\\\/TT_logo_WSIColors-2.png\",\"width\":500,\"height\":196,\"caption\":\"Trusted Translations\"},\"image\":{\"@id\":\"https:\\\/\\\/www.trustedtranslations.com\\\/it\\\/#\\\/schema\\\/logo\\\/image\\\/\"},\"sameAs\":[\"https:\\\/\\\/www.facebook.com\\\/Trusted.Translations\",\"https:\\\/\\\/x.com\\\/TrustedT9ns\",\"https:\\\/\\\/www.linkedin.com\\\/company\\\/trusted-translations\"]}]}<\/script>\n<!-- \/ Yoast SEO plugin. -->","yoast_head_json":{"title":"Servizi di traduzione medica - Trusted Translations, Inc.","description":"Scoprite le soluzioni linguistiche affidabili in ambito medico e sanitario di Trusted Translations, Inc. I nostri traduttori esperti forniscono traduzioni accurate e riservate per il settore medico. Richiedete oggi stesso un preventivo gratuito.","robots":{"index":"index","follow":"follow","max-snippet":"max-snippet:-1","max-image-preview":"max-image-preview:large","max-video-preview":"max-video-preview:-1"},"canonical":"https:\/\/www.trustedtranslations.com\/it\/industrie\/medico","og_locale":"it_IT","og_type":"article","og_title":"Servizi di traduzione medica - Trusted Translations, Inc.","og_description":"Scoprite le soluzioni linguistiche affidabili in ambito medico e sanitario di Trusted Translations, Inc. I nostri traduttori esperti forniscono traduzioni accurate e riservate per il settore medico. Richiedete oggi stesso un preventivo gratuito.","og_url":"https:\/\/www.trustedtranslations.com\/it\/industrie\/medico","og_site_name":"Trusted Translations, Inc.","article_publisher":"https:\/\/www.facebook.com\/Trusted.Translations","article_modified_time":"2024-09-03T18:55:04+00:00","og_image":[{"width":216,"height":94,"url":"https:\/\/www.trustedtranslations.com\/wp-content\/uploads\/2022\/06\/tt-logo-2-1.webp","type":"image\/webp"}],"twitter_card":"summary_large_image","twitter_site":"@TrustedT9ns","schema":{"@context":"https:\/\/schema.org","@graph":[{"@type":"WebPage","@id":"https:\/\/www.trustedtranslations.com\/it\/industrie\/medico","url":"https:\/\/www.trustedtranslations.com\/it\/industrie\/medico","name":"Servizi di traduzione medica - Trusted Translations, Inc.","isPartOf":{"@id":"https:\/\/www.trustedtranslations.com\/it\/#website"},"description":"Scoprite le soluzioni linguistiche affidabili in ambito medico e sanitario di Trusted Translations, Inc. I nostri traduttori esperti forniscono traduzioni accurate e riservate per il settore medico. Richiedete oggi stesso un preventivo gratuito.","breadcrumb":{"@id":"https:\/\/www.trustedtranslations.com\/it\/industrie\/medico#breadcrumb"},"inLanguage":"it-IT","potentialAction":[{"@type":"ReadAction","target":["https:\/\/www.trustedtranslations.com\/it\/industrie\/medico"]}]},{"@type":"BreadcrumbList","@id":"https:\/\/www.trustedtranslations.com\/it\/industrie\/medico#breadcrumb","itemListElement":[{"@type":"ListItem","position":1,"name":"Home","item":"https:\/\/www.trustedtranslations.com\/it"},{"@type":"ListItem","position":2,"name":"Competenza nel settore","item":"https:\/\/www.trustedtranslations.com\/it\/industrie"},{"@type":"ListItem","position":3,"name":"Medico"}]},{"@type":"WebSite","@id":"https:\/\/www.trustedtranslations.com\/it\/#website","url":"https:\/\/www.trustedtranslations.com\/it\/","name":"Trusted Translations, Inc.","description":"Leader in translation and interpretation services.","publisher":{"@id":"https:\/\/www.trustedtranslations.com\/it\/#organization"},"alternateName":"Trusted Translations","potentialAction":[{"@type":"SearchAction","target":{"@type":"EntryPoint","urlTemplate":"https:\/\/www.trustedtranslations.com\/it\/?s={search_term_string}"},"query-input":{"@type":"PropertyValueSpecification","valueRequired":true,"valueName":"search_term_string"}}],"inLanguage":"it-IT"},{"@type":"Organization","@id":"https:\/\/www.trustedtranslations.com\/it\/#organization","name":"Trusted Translations","alternateName":"Trusted Translations, Inc.","url":"https:\/\/www.trustedtranslations.com\/it\/","logo":{"@type":"ImageObject","inLanguage":"it-IT","@id":"https:\/\/www.trustedtranslations.com\/it\/#\/schema\/logo\/image\/","url":"https:\/\/static.trustedtranslations.com\/wp-content\/uploads\/2022\/01\/TT_logo_WSIColors-2.png","contentUrl":"https:\/\/static.trustedtranslations.com\/wp-content\/uploads\/2022\/01\/TT_logo_WSIColors-2.png","width":500,"height":196,"caption":"Trusted Translations"},"image":{"@id":"https:\/\/www.trustedtranslations.com\/it\/#\/schema\/logo\/image\/"},"sameAs":["https:\/\/www.facebook.com\/Trusted.Translations","https:\/\/x.com\/TrustedT9ns","https:\/\/www.linkedin.com\/company\/trusted-translations"]}]}},"toolset-meta":{"dyk":{"mensaje-1":{"type":"textfield","raw":"Trusted Translations dispone di medici bilingue con lauree e certificazioni in medicina."},"mensaje-2":{"type":"textfield","raw":"Forniamo traduzioni mediche alle migliori istituzioni sanitarie a tariffe inferiori del 25-50% rispetto al mercato."},"mensaje-3":{"type":"textfield","raw":"Trusted Translations ha ricevuto incarichi di collaborazione da oltre 160 ospedali negli Stati Uniti."},"mensaje-4":{"type":"textfield","raw":"Trusted Translations \u00e8 un fornitore comprovato dei Centers for Disease Control (CDC) e altro ancora."},"mensaje-5":{"type":"textfield","raw":""},"mensaje-6":{"type":"textfield","raw":""}},"single-page-template-fields":{"imgs-temp":{"type":"image","raw":["https:\/\/static.trustedtranslations.com\/wp-content\/uploads\/2024\/06\/medical-final-10.webp","https:\/\/static.trustedtranslations.com\/wp-content\/uploads\/2024\/06\/medical-final-2-1.webp","https:\/\/static.trustedtranslations.com\/wp-content\/uploads\/2024\/06\/medical-final-4-1.webp","https:\/\/static.trustedtranslations.com\/wp-content\/uploads\/2024\/06\/medical-final-6-1.webp","https:\/\/static.trustedtranslations.com\/wp-content\/uploads\/2024\/06\/medical-final-8-1.webp"],"repeatable":[{"raw":"https:\/\/static.trustedtranslations.com\/wp-content\/uploads\/2024\/06\/medical-final-10.webp"},{"raw":"https:\/\/static.trustedtranslations.com\/wp-content\/uploads\/2024\/06\/medical-final-2-1.webp"},{"raw":"https:\/\/static.trustedtranslations.com\/wp-content\/uploads\/2024\/06\/medical-final-4-1.webp"},{"raw":"https:\/\/static.trustedtranslations.com\/wp-content\/uploads\/2024\/06\/medical-final-6-1.webp"},{"raw":"https:\/\/static.trustedtranslations.com\/wp-content\/uploads\/2024\/06\/medical-final-8-1.webp"}]},"imgs-temp-cel":{"type":"image","raw":[""],"repeatable":[{"raw":""}]},"img-temp-one-cel":{"type":"image","raw":"https:\/\/static.trustedtranslations.com\/wp-content\/uploads\/2024\/06\/medical-final-9-1.webp","attachment_id":null},"quotes":{"type":"textarea","raw":"<h1 style=\"margin-bottom: 12px;\">Servizi di traduzione medica<\/h1>Dai libri di testo medici ai protocolli di sicurezza sul lavoro, Trusted Translations ha l\u2019esperienza necessaria a fornire traduzioni di documenti medici e sanitari generali di cui voi, il vostro personale e i pazienti potrete fidarvi. Abbiamo la fiducia delle istituzioni mediche, dei produttori di apparecchiature, delle compagnie assicurative e delle agenzie governative pi\u00f9 rispettate, inclusi i Centers for Disease Control and Prevention, Harvard Medical, Pfizer, Siemens, General Electric e Blue Cross e Blue Shield.<div style=\"margin-top: 2.5vw;\"><a class=\"tt-btn-main-cta\" href=\"\/it\/quote\">RICHIEDI UN PREVENTIVO GRATUITO<\/a><\/div>"},"text-1":{"type":"textarea","raw":"<h2 style=\"padding-bottom:20px\">Terminologia medica specializzata<\/h2>\r\nLe traduzioni mediche richiedono un linguaggio e una terminologia tecnica altamente specifici. Molti dei nostri traduttori in ambito medico hanno diplomi in medicina, certificazioni, accreditamenti e diplomi avanzati nella loro professione per garantire un utilizzo accurato e coerente della terminologia corretta. Trusted Translations esamina i propri team di traduzione in ambito medico da oltre vent\u2019anni e ha una comprovata esperienza nel settore medico.\r\n<h2 style=\"padding-bottom:20px\">Traduzioni mediche<\/h2>\r\nL\u2019area delle traduzioni mediche \u00e8 molto ampia e copre vari settori e industrie. Di seguito sono riportate solo alcune delle nostre aree di competenza nelle traduzioni mediche.\r\n<h2 style=\"padding-bottom:20px\">Documenti medici di istituzioni sanitarie:<\/h2>\r\nInclude traduzioni specialistiche delle seguenti informazioni: relazioni di studi clinici, documenti normativi generali e legislazione, manuali di istruzioni e domande di brevetto sanitario, documenti di dimissioni ospedaliere, documenti assicurativi, manoscritti, materiali marketing, schede e resoconti medici, manuali di istruzioni per apparecchiature mediche, software relativi al settore medico, informazioni sui pazienti e anamnesi, specifiche dei prodotti, documenti scientifici e saggi, etc.\r\n<div class=\"imgs-flex-template\">\r\n    <div>\r\n        <h2 style=\"margin-bottom: 20px;\">Traduzione per attrezzature mediche, strumenti e documenti di fornitura:<\/h2>\r\n        <p>Nel contesto di apparecchiature, forniture e servizi medici, Trusted Translations traduce i seguenti materiali: descrizione del prodotto e schede tecniche, brochure, cataloghi e materiale di marketing. In particolare, i nostri team hanno una vasta esperienza nella traduzione di testi per: aiuti ambulatoriali, unit\u00e0 per anestesia, apparecchiature artroscopiche, unit\u00e0 di auto-trasfusione, caricabatterie, unit\u00e0 di portata cardiaca, unit\u00e0 di assistenza circolatoria, forniture per colostomia, stampelle, apparecchiature per diabetici, apparecchiature diagnostiche, letti ospedalieri elettrici, sistemi elettronici di irrigazione\/distensione, unit\u00e0 elettro-chirurgiche, strumenti manuali, apparecchi acustici, unit\u00e0 di emodialisi, ascensori domestici, pacemaker cardiaci impiantabili, pompe per infusione, laser intermittenti, prodotti per mastectomia, apparecchiature mobili\/portatili, attrezzature neurochirurgiche, impianti ortopedici, concentratori di ossigeno, attrezzature per camere di degenza, attrezzature pediatriche, compressioni periferiche, unit\u00e0 di pressione delle vie aeree positive, attrezzature per la riabilitazione, prodotti per la riabilitazione respiratoria, sistemi di evacuazione dei fumi, montascale, impianti stereotassici, stetoscopi, macchine di aspirazione, pompe chirurgiche, attrezzatura e strumenti chirurgici, diluizione termica, attrezzature per toilette, deambulatori e ausili alla mobilit\u00e0 come rampe, scooter per disabili e sedie a rotelle.<\/p>\r\n    <\/div>\r\n    <img src=\"https:\/\/static.trustedtranslations.com\/wp-content\/uploads\/2022\/03\/medical-1-1629x2048.jpg\">\r\n<\/div>"},"shortcode-map":{"type":"textfield","raw":""},"dyk-shortcode":{"type":"textfield","raw":"[elementor-template id=\"146751\"]"},"text-2":{"type":"textarea","raw":"<div class=\"imgs-flex-template flex-text-2\" style=\"margin-top: 10px\">\r\n    <img src=\"https:\/\/static.trustedtranslations.com\/wp-content\/uploads\/2022\/03\/medical-1536x1239.jpg\">\r\n    <div class=\"p-img-width\">\r\n        <h2 style=\"margin-bottom: 20px;\">Traduzione di documenti farmaceutici<\/h2>\r\n        <p>Disponiamo di team di esperti che traducono descrizioni dei prodotti e schede tecniche, brochure, CD, siti web, cataloghi e altro materiale di marketing relativo ad: anticorpi, farmaci anticoncezionali, farmaci antinfettivi, farmaci antivirali, farmaci per il sistema nervoso autonomo, biomateriali, biofarmaci, farmaci cardiovascolari, farmaci per il sistema nervoso centrale, prodotti chimici, farmaci chemioterapici, sistemi di rivestimento, farmaci per il sistema gastrointestinale, ormoni e farmaci antagonisti degli ormoni, prodotti chimici inorganici, farmaci per il sistema respiratorio, test, etc.<\/p>\r\n    <\/div>\r\n<\/div>\r\n<div class=\"imgs-flex-template\">\r\n    <div>\r\n        <h2 style=\"margin-bottom: 20px;\">Letteratura aziendale per apparecchiature mediche e produttori di forniture<\/h2>\r\n        <p>Trusted Translations traduce materiale medico e sanitario aziendale, tra cui: brochure, cataloghi, materiali di marketing, schede tecniche, relazioni annuali, resoconti SEC, informazioni sui marchi, articoli costitutivi e statuti e altri documenti aziendali relativi a strumenti e forniture mediche, dentistiche e farmaceutiche per Stati Uniti, Europa, Caraibi e Paesi dell\u2019America Latina.<\/p>\r\n    <\/div>\r\n    <img src=\"https:\/\/static.trustedtranslations.com\/wp-content\/uploads\/2022\/03\/medical-2-1536x1024.jpg\">\r\n<\/div>\r\n<h2 style=\"padding-bottom:20px\">HIPAA (Health Insurance Portability and Accountability Act of 1996):<\/h2>\r\nLe norme sulla privacy HIPAA richiedono che i piani sanitari, la maggior parte degli operatori sanitari e le stanze di compensazione sanitaria rispettino gli standard stabiliti. L\u2019Ufficio per i diritti civili del Dipartimento della sanit\u00e0 e dei Servizi Umani (HHS) applica le norme relative all\u2019HIPAA. Queste normative possono richiedere la traduzione di alcuni documenti di carattere medico. Trusted Translations \u00e8 la soluzione a tali requisiti di traduzione relativi all\u2019HIPAA.\r\n<h2 style=\"padding-bottom:20px\">Team di traduttori in ambito medico e riservatezza<\/h2>\r\nTutti i nostri traduttori in ambito medico hanno accesso alle memorie di traduzione, ai dizionari e alla terminologia tecnica specifica per garantire che ogni traduzione sia accurata e coerente anche nei progetti pi\u00f9 corposi. Tutti i nostri traduttori sono vincolati da un accordo di riservatezza commerciale e non divulgazione aziendale. Trusted Translations prende molto seriamente le questioni di riservatezza e sicurezza. Tutte le traduzioni restano confidenziali."},"state":{"type":"textfield","raw":""},"city":{"type":"textarea","raw":[]}}},"_links":{"self":[{"href":"https:\/\/www.trustedtranslations.com\/it\/wp-json\/wp\/v2\/pages\/123234","targetHints":{"allow":["GET"]}}],"collection":[{"href":"https:\/\/www.trustedtranslations.com\/it\/wp-json\/wp\/v2\/pages"}],"about":[{"href":"https:\/\/www.trustedtranslations.com\/it\/wp-json\/wp\/v2\/types\/page"}],"author":[{"embeddable":true,"href":"https:\/\/www.trustedtranslations.com\/it\/wp-json\/wp\/v2\/users\/1"}],"replies":[{"embeddable":true,"href":"https:\/\/www.trustedtranslations.com\/it\/wp-json\/wp\/v2\/comments?post=123234"}],"version-history":[{"count":0,"href":"https:\/\/www.trustedtranslations.com\/it\/wp-json\/wp\/v2\/pages\/123234\/revisions"}],"up":[{"embeddable":true,"href":"https:\/\/www.trustedtranslations.com\/it\/wp-json\/wp\/v2\/pages\/123363"}],"wp:attachment":[{"href":"https:\/\/www.trustedtranslations.com\/it\/wp-json\/wp\/v2\/media?parent=123234"}],"curies":[{"name":"wp","href":"https:\/\/api.w.org\/{rel}","templated":true}]}}