{"id":123242,"date":"2019-12-09T11:38:36","date_gmt":"2019-12-09T11:38:36","guid":{"rendered":"https:\/\/www.trustedtranslations.com\/?page_id=123242"},"modified":"2024-09-03T15:30:43","modified_gmt":"2024-09-03T18:30:43","slug":"tariffe","status":"publish","type":"page","link":"https:\/\/www.trustedtranslations.com\/it\/chi-siamo\/tariffe","title":{"rendered":"Tariffe"},"content":{"rendered":"","protected":false},"excerpt":{"rendered":"","protected":false},"author":1,"featured_media":139629,"parent":123362,"menu_order":0,"comment_status":"closed","ping_status":"closed","template":"","meta":{"site-sidebar-layout":"default","site-content-layout":"default","ast-site-content-layout":"default","site-content-style":"default","site-sidebar-style":"default","ast-global-header-display":"","ast-banner-title-visibility":"","ast-main-header-display":"","ast-hfb-above-header-display":"","ast-hfb-below-header-display":"","ast-hfb-mobile-header-display":"","site-post-title":"disabled","ast-breadcrumbs-content":"","ast-featured-img":"","footer-sml-layout":"","ast-disable-related-posts":"","theme-transparent-header-meta":"default","adv-header-id-meta":"","stick-header-meta":"","header-above-stick-meta":"","header-main-stick-meta":"","header-below-stick-meta":"","astra-migrate-meta-layouts":"set","ast-page-background-enabled":"default","ast-page-background-meta":{"desktop":{"background-color":"var(--ast-global-color-4)","background-image":"","background-repeat":"repeat","background-position":"center center","background-size":"auto","background-attachment":"scroll","background-type":"","background-media":"","overlay-type":"","overlay-color":"","overlay-opacity":"","overlay-gradient":""},"tablet":{"background-color":"","background-image":"","background-repeat":"repeat","background-position":"center center","background-size":"auto","background-attachment":"scroll","background-type":"","background-media":"","overlay-type":"","overlay-color":"","overlay-opacity":"","overlay-gradient":""},"mobile":{"background-color":"","background-image":"","background-repeat":"repeat","background-position":"center center","background-size":"auto","background-attachment":"scroll","background-type":"","background-media":"","overlay-type":"","overlay-color":"","overlay-opacity":"","overlay-gradient":""}},"ast-content-background-meta":{"desktop":{"background-color":"var(--ast-global-color-5)","background-image":"","background-repeat":"repeat","background-position":"center center","background-size":"auto","background-attachment":"scroll","background-type":"","background-media":"","overlay-type":"","overlay-color":"","overlay-opacity":"","overlay-gradient":""},"tablet":{"background-color":"var(--ast-global-color-5)","background-image":"","background-repeat":"repeat","background-position":"center center","background-size":"auto","background-attachment":"scroll","background-type":"","background-media":"","overlay-type":"","overlay-color":"","overlay-opacity":"","overlay-gradient":""},"mobile":{"background-color":"var(--ast-global-color-5)","background-image":"","background-repeat":"repeat","background-position":"center center","background-size":"auto","background-attachment":"scroll","background-type":"","background-media":"","overlay-type":"","overlay-color":"","overlay-opacity":"","overlay-gradient":""}},"footnotes":""},"class_list":["post-123242","page","type-page","status-publish","has-post-thumbnail","hentry"],"yoast_head":"<!-- This site is optimized with the Yoast SEO plugin v27.5 - https:\/\/yoast.com\/product\/yoast-seo-wordpress\/ -->\n<title>Tariffe di traduzione: Costi, tariffe, prezzi e metodologia di calcolo.<\/title>\n<meta name=\"description\" content=\"Trusted Translations offre le tariffe di traduzione pi\u00f9 competitive. La nostra metodologia di calcolo dei prezzi offre l\u2019equilibrio ideale tra qualit\u00e0 e costo.\" \/>\n<meta name=\"robots\" content=\"index, follow, max-snippet:-1, max-image-preview:large, max-video-preview:-1\" \/>\n<link rel=\"canonical\" href=\"https:\/\/www.trustedtranslations.com\/it\/chi-siamo\/tariffe\" \/>\n<meta property=\"og:locale\" content=\"it_IT\" \/>\n<meta property=\"og:type\" content=\"article\" \/>\n<meta property=\"og:title\" content=\"Tariffe di traduzione: Costi, tariffe, prezzi e metodologia di calcolo.\" \/>\n<meta property=\"og:description\" content=\"Trusted Translations offre le tariffe di traduzione pi\u00f9 competitive. La nostra metodologia di calcolo dei prezzi offre l\u2019equilibrio ideale tra qualit\u00e0 e costo.\" \/>\n<meta property=\"og:url\" content=\"https:\/\/www.trustedtranslations.com\/it\/chi-siamo\/tariffe\" \/>\n<meta property=\"og:site_name\" content=\"Trusted Translations, Inc.\" \/>\n<meta property=\"article:publisher\" content=\"https:\/\/www.facebook.com\/Trusted.Translations\" \/>\n<meta property=\"article:modified_time\" content=\"2024-09-03T18:30:43+00:00\" \/>\n<meta property=\"og:image\" content=\"https:\/\/static.trustedtranslations.com\/wp-content\/uploads\/2022\/03\/TT_NEW_FB-1.png\" \/>\n\t<meta property=\"og:image:width\" content=\"1038\" \/>\n\t<meta property=\"og:image:height\" content=\"1038\" \/>\n\t<meta property=\"og:image:type\" content=\"image\/png\" \/>\n<meta name=\"twitter:card\" content=\"summary_large_image\" \/>\n<meta name=\"twitter:site\" content=\"@TrustedT9ns\" \/>\n<script type=\"application\/ld+json\" class=\"yoast-schema-graph\">{\"@context\":\"https:\\\/\\\/schema.org\",\"@graph\":[{\"@type\":\"WebPage\",\"@id\":\"https:\\\/\\\/www.trustedtranslations.com\\\/it\\\/chi-siamo\\\/tariffe\",\"url\":\"https:\\\/\\\/www.trustedtranslations.com\\\/it\\\/chi-siamo\\\/tariffe\",\"name\":\"Tariffe di traduzione: Costi, tariffe, prezzi e metodologia di calcolo.\",\"isPartOf\":{\"@id\":\"https:\\\/\\\/www.trustedtranslations.com\\\/it\\\/#website\"},\"primaryImageOfPage\":{\"@id\":\"https:\\\/\\\/www.trustedtranslations.com\\\/it\\\/chi-siamo\\\/tariffe#primaryimage\"},\"image\":{\"@id\":\"https:\\\/\\\/www.trustedtranslations.com\\\/it\\\/chi-siamo\\\/tariffe#primaryimage\"},\"thumbnailUrl\":\"https:\\\/\\\/www.trustedtranslations.com\\\/wp-content\\\/uploads\\\/2022\\\/03\\\/TT_NEW_FB-1.png\",\"description\":\"Trusted Translations offre le tariffe di traduzione pi\u00f9 competitive. La nostra metodologia di calcolo dei prezzi offre l\u2019equilibrio ideale tra qualit\u00e0 e costo.\",\"breadcrumb\":{\"@id\":\"https:\\\/\\\/www.trustedtranslations.com\\\/it\\\/chi-siamo\\\/tariffe#breadcrumb\"},\"inLanguage\":\"it-IT\",\"potentialAction\":[{\"@type\":\"ReadAction\",\"target\":[\"https:\\\/\\\/www.trustedtranslations.com\\\/it\\\/chi-siamo\\\/tariffe\"]}]},{\"@type\":\"ImageObject\",\"inLanguage\":\"it-IT\",\"@id\":\"https:\\\/\\\/www.trustedtranslations.com\\\/it\\\/chi-siamo\\\/tariffe#primaryimage\",\"url\":\"https:\\\/\\\/www.trustedtranslations.com\\\/wp-content\\\/uploads\\\/2022\\\/03\\\/TT_NEW_FB-1.png\",\"contentUrl\":\"https:\\\/\\\/www.trustedtranslations.com\\\/wp-content\\\/uploads\\\/2022\\\/03\\\/TT_NEW_FB-1.png\",\"width\":1038,\"height\":1038,\"caption\":\"TT NEW FB 1\"},{\"@type\":\"BreadcrumbList\",\"@id\":\"https:\\\/\\\/www.trustedtranslations.com\\\/it\\\/chi-siamo\\\/tariffe#breadcrumb\",\"itemListElement\":[{\"@type\":\"ListItem\",\"position\":1,\"name\":\"Home\",\"item\":\"https:\\\/\\\/www.trustedtranslations.com\\\/it\"},{\"@type\":\"ListItem\",\"position\":2,\"name\":\"Chi siamo\",\"item\":\"https:\\\/\\\/www.trustedtranslations.com\\\/it\\\/chi-siamo\"},{\"@type\":\"ListItem\",\"position\":3,\"name\":\"Tariffe\"}]},{\"@type\":\"WebSite\",\"@id\":\"https:\\\/\\\/www.trustedtranslations.com\\\/it\\\/#website\",\"url\":\"https:\\\/\\\/www.trustedtranslations.com\\\/it\\\/\",\"name\":\"Trusted Translations, Inc.\",\"description\":\"Leader in translation and interpretation services.\",\"publisher\":{\"@id\":\"https:\\\/\\\/www.trustedtranslations.com\\\/it\\\/#organization\"},\"alternateName\":\"Trusted Translations\",\"potentialAction\":[{\"@type\":\"SearchAction\",\"target\":{\"@type\":\"EntryPoint\",\"urlTemplate\":\"https:\\\/\\\/www.trustedtranslations.com\\\/it\\\/?s={search_term_string}\"},\"query-input\":{\"@type\":\"PropertyValueSpecification\",\"valueRequired\":true,\"valueName\":\"search_term_string\"}}],\"inLanguage\":\"it-IT\"},{\"@type\":\"Organization\",\"@id\":\"https:\\\/\\\/www.trustedtranslations.com\\\/it\\\/#organization\",\"name\":\"Trusted Translations\",\"alternateName\":\"Trusted Translations, Inc.\",\"url\":\"https:\\\/\\\/www.trustedtranslations.com\\\/it\\\/\",\"logo\":{\"@type\":\"ImageObject\",\"inLanguage\":\"it-IT\",\"@id\":\"https:\\\/\\\/www.trustedtranslations.com\\\/it\\\/#\\\/schema\\\/logo\\\/image\\\/\",\"url\":\"https:\\\/\\\/static.trustedtranslations.com\\\/wp-content\\\/uploads\\\/2022\\\/01\\\/TT_logo_WSIColors-2.png\",\"contentUrl\":\"https:\\\/\\\/static.trustedtranslations.com\\\/wp-content\\\/uploads\\\/2022\\\/01\\\/TT_logo_WSIColors-2.png\",\"width\":500,\"height\":196,\"caption\":\"Trusted Translations\"},\"image\":{\"@id\":\"https:\\\/\\\/www.trustedtranslations.com\\\/it\\\/#\\\/schema\\\/logo\\\/image\\\/\"},\"sameAs\":[\"https:\\\/\\\/www.facebook.com\\\/Trusted.Translations\",\"https:\\\/\\\/x.com\\\/TrustedT9ns\",\"https:\\\/\\\/www.linkedin.com\\\/company\\\/trusted-translations\"]}]}<\/script>\n<!-- \/ Yoast SEO plugin. -->","yoast_head_json":{"title":"Tariffe di traduzione: Costi, tariffe, prezzi e metodologia di calcolo.","description":"Trusted Translations offre le tariffe di traduzione pi\u00f9 competitive. La nostra metodologia di calcolo dei prezzi offre l\u2019equilibrio ideale tra qualit\u00e0 e costo.","robots":{"index":"index","follow":"follow","max-snippet":"max-snippet:-1","max-image-preview":"max-image-preview:large","max-video-preview":"max-video-preview:-1"},"canonical":"https:\/\/www.trustedtranslations.com\/it\/chi-siamo\/tariffe","og_locale":"it_IT","og_type":"article","og_title":"Tariffe di traduzione: Costi, tariffe, prezzi e metodologia di calcolo.","og_description":"Trusted Translations offre le tariffe di traduzione pi\u00f9 competitive. La nostra metodologia di calcolo dei prezzi offre l\u2019equilibrio ideale tra qualit\u00e0 e costo.","og_url":"https:\/\/www.trustedtranslations.com\/it\/chi-siamo\/tariffe","og_site_name":"Trusted Translations, Inc.","article_publisher":"https:\/\/www.facebook.com\/Trusted.Translations","article_modified_time":"2024-09-03T18:30:43+00:00","og_image":[{"width":1038,"height":1038,"url":"https:\/\/static.trustedtranslations.com\/wp-content\/uploads\/2022\/03\/TT_NEW_FB-1.png","type":"image\/png"}],"twitter_card":"summary_large_image","twitter_site":"@TrustedT9ns","schema":{"@context":"https:\/\/schema.org","@graph":[{"@type":"WebPage","@id":"https:\/\/www.trustedtranslations.com\/it\/chi-siamo\/tariffe","url":"https:\/\/www.trustedtranslations.com\/it\/chi-siamo\/tariffe","name":"Tariffe di traduzione: Costi, tariffe, prezzi e metodologia di calcolo.","isPartOf":{"@id":"https:\/\/www.trustedtranslations.com\/it\/#website"},"primaryImageOfPage":{"@id":"https:\/\/www.trustedtranslations.com\/it\/chi-siamo\/tariffe#primaryimage"},"image":{"@id":"https:\/\/www.trustedtranslations.com\/it\/chi-siamo\/tariffe#primaryimage"},"thumbnailUrl":"https:\/\/www.trustedtranslations.com\/wp-content\/uploads\/2022\/03\/TT_NEW_FB-1.png","description":"Trusted Translations offre le tariffe di traduzione pi\u00f9 competitive. La nostra metodologia di calcolo dei prezzi offre l\u2019equilibrio ideale tra qualit\u00e0 e costo.","breadcrumb":{"@id":"https:\/\/www.trustedtranslations.com\/it\/chi-siamo\/tariffe#breadcrumb"},"inLanguage":"it-IT","potentialAction":[{"@type":"ReadAction","target":["https:\/\/www.trustedtranslations.com\/it\/chi-siamo\/tariffe"]}]},{"@type":"ImageObject","inLanguage":"it-IT","@id":"https:\/\/www.trustedtranslations.com\/it\/chi-siamo\/tariffe#primaryimage","url":"https:\/\/www.trustedtranslations.com\/wp-content\/uploads\/2022\/03\/TT_NEW_FB-1.png","contentUrl":"https:\/\/www.trustedtranslations.com\/wp-content\/uploads\/2022\/03\/TT_NEW_FB-1.png","width":1038,"height":1038,"caption":"TT NEW FB 1"},{"@type":"BreadcrumbList","@id":"https:\/\/www.trustedtranslations.com\/it\/chi-siamo\/tariffe#breadcrumb","itemListElement":[{"@type":"ListItem","position":1,"name":"Home","item":"https:\/\/www.trustedtranslations.com\/it"},{"@type":"ListItem","position":2,"name":"Chi siamo","item":"https:\/\/www.trustedtranslations.com\/it\/chi-siamo"},{"@type":"ListItem","position":3,"name":"Tariffe"}]},{"@type":"WebSite","@id":"https:\/\/www.trustedtranslations.com\/it\/#website","url":"https:\/\/www.trustedtranslations.com\/it\/","name":"Trusted Translations, Inc.","description":"Leader in translation and interpretation services.","publisher":{"@id":"https:\/\/www.trustedtranslations.com\/it\/#organization"},"alternateName":"Trusted Translations","potentialAction":[{"@type":"SearchAction","target":{"@type":"EntryPoint","urlTemplate":"https:\/\/www.trustedtranslations.com\/it\/?s={search_term_string}"},"query-input":{"@type":"PropertyValueSpecification","valueRequired":true,"valueName":"search_term_string"}}],"inLanguage":"it-IT"},{"@type":"Organization","@id":"https:\/\/www.trustedtranslations.com\/it\/#organization","name":"Trusted Translations","alternateName":"Trusted Translations, Inc.","url":"https:\/\/www.trustedtranslations.com\/it\/","logo":{"@type":"ImageObject","inLanguage":"it-IT","@id":"https:\/\/www.trustedtranslations.com\/it\/#\/schema\/logo\/image\/","url":"https:\/\/static.trustedtranslations.com\/wp-content\/uploads\/2022\/01\/TT_logo_WSIColors-2.png","contentUrl":"https:\/\/static.trustedtranslations.com\/wp-content\/uploads\/2022\/01\/TT_logo_WSIColors-2.png","width":500,"height":196,"caption":"Trusted Translations"},"image":{"@id":"https:\/\/www.trustedtranslations.com\/it\/#\/schema\/logo\/image\/"},"sameAs":["https:\/\/www.facebook.com\/Trusted.Translations","https:\/\/x.com\/TrustedT9ns","https:\/\/www.linkedin.com\/company\/trusted-translations"]}]}},"toolset-meta":{"dyk":{"mensaje-1":{"type":"textfield","raw":"Forniamo traduzioni della massima qualit\u00e0 a societ\u00e0 Fortune 500 a tariffe inferiori del 25-50% rispetto al mercato."},"mensaje-2":{"type":"textfield","raw":"Trusted Translations \u00e8 il subappaltatore preferito di molte altre societ\u00e0 di traduzione."},"mensaje-3":{"type":"textfield","raw":"Le nostre tariffe includono un processo di controllo della qualit\u00e0 in tre fasi che offre il massimo livello di qualit\u00e0."},"mensaje-4":{"type":"textfield","raw":"Trusted Translations offre le tariffe di traduzione pi\u00f9 competitive del settore."},"mensaje-5":{"type":"textfield","raw":""},"mensaje-6":{"type":"textfield","raw":""}},"single-page-template-fields":{"imgs-temp":{"type":"image","raw":["https:\/\/static.trustedtranslations.com\/wp-content\/uploads\/2024\/07\/Group-128-2-1.webp"],"repeatable":[{"raw":"https:\/\/static.trustedtranslations.com\/wp-content\/uploads\/2024\/07\/Group-128-2-1.webp"}]},"imgs-temp-cel":{"type":"image","raw":[""],"repeatable":[{"raw":""}]},"img-temp-one-cel":{"type":"image","raw":"https:\/\/static.trustedtranslations.com\/wp-content\/uploads\/2024\/07\/office-with-documents-money-acco-1.webp","attachment_id":null},"quotes":{"type":"textarea","raw":"<h1 style=\"margin-bottom: 12px;\">Tariffe di traduzione<\/h1>\r\n<em>Trusted Translations<\/em> ha sempre cercato di fornire ai clienti traduzioni di alta qualit\u00e0 ai prezzi pi\u00f9 competitivi del settore. Siamo in grado di farlo perch\u00e9 abbiamo semplificato le nostre operazioni in modo da eliminare i costi aggiunti da molte altre societ\u00e0 di traduzione, tra cui la gestione dei progetti e le spese generali. Fornire prezzi semplici e competitivi e fornire servizi di traduzione della massima qualit\u00e0 \u00e8 una componente chiave della nostra missione.\r\n<div style=\"margin-top: 2.5vw;\"><a class=\"tt-btn-main-cta\" href=\"https:\/\/www.trustedtranslations.com\/it\/quote\">Richiedi un preventivo gratuito<\/a><\/div>"},"text-1":{"type":"textarea","raw":"<h2>Cosa include il prezzo<\/h2>\r\nIl nostro prezzo per i progetti di traduzione \u00e8 determinato da diversi fattori:\r\n<ul>\r\n \t<li>Numero di parole del testo sorgente<\/li>\r\n \t<li>Complessit\u00e0 della materia<\/li>\r\n \t<li>Formattazione<\/li>\r\n \t<li>Combinazione linguistica<\/li>\r\n \t<li>Tempo necessario per completare l\u2019incarico<\/li>\r\n \t<li>Certificazione (se richiesta)<\/li>\r\n \t<li>Soluzione consigliata in base all\u2019usabilit\u00e0 del contenuto localizzato (tradotto)<\/li>\r\n<\/ul>\r\nNoi di <em>Trusted Translations<\/em> crediamo anche nel principio che \u201cnessuno \u00e8 perfetto per tutto\u201d e che un\u2019offerta competitiva \u00e8 legata all\u2019uso finale del materiale.\r\n<h2>Servizi di traduzione umana: <em>Trusted Translations<\/em><\/h2>\r\nIn questo video <em>Trusted Translations<\/em> vi guider\u00e0 attraverso gli elementi chiave di un servizio di traduzione umana di alta qualit\u00e0: <a href=\"https:\/\/www.youtube.com\/watch?v=9gPqGecPUZI&amp;ab_channel=TrustedTranslations\" target=\"_blank\" rel=\"noopener\">Come richiedere un preventivo o una consulenza gratuita<\/a>.\r\n\r\nNonostante una significativa adozione di soluzioni di traduzione automatica, il processo di traduzione svolto da professionisti umani \u00e8 ancora il gold standard del settore. I linguisti umani sono comunque necessari per garantire non solo l\u2019accuratezza della traduzione, ma anche la leggibilit\u00e0 e il flusso complessivi.\r\n<h2>Incluso nel nostro prezzo<\/h2>\r\nA differenza di molte altre societ\u00e0 di traduzione, le nostre tariffe di traduzione includono:\r\n<ul>\r\n \t<li>Consulenza sulla migliore soluzione possibile adattata alle vostre aspettative ed esigenze<\/li>\r\n \t<li>Utilizzo della tecnologia e delle risorse umane pi\u00f9 idonee<\/li>\r\n \t<li>Utilizzo di uno specialista del settore come gestore dei contenuti<\/li>\r\n \t<li>Formattazione generale nei programmi software di uso comune (Word, PowerPoint, Excel)<\/li>\r\n \t<li>Gestione del progetto e gestione dei file<\/li>\r\n \t<li>Gestione contabile<\/li>\r\n<\/ul>\r\n<h2>Costo della traduzione<\/h2>\r\nLe tariffe applicate per le traduzioni vengono concordate all\u2019inizio di un determinato progetto. A seconda delle esigenze del cliente, le stesse tariffe possono essere applicate a molti progetti diversi. Se l\u2019ambito di un progetto cambia, lavoreremo con voi per concordare nuove tariffe pi\u00f9 appropriate per il nuovo progetto o ambito. Richiedendo un preventivo gratuito e senza impegno vi forniremo uno schema tariffario dettagliato suddiviso per documento e combinazione linguistica.\r\n<h2>Prezzo di traduzione per parola del documento sorgente<\/h2>\r\nIl fattore principale nella determinazione del prezzo \u00e8 il numero di parole nel documento sorgente. La lingua sorgente \u00e8 la lingua originale del documento, mentre la lingua di destinazione \u00e8 la lingua in cui il documento verr\u00e0 tradotto. Come regola generale e standard comune del settore, quando si traduce in una lingua romanza (francese, spagnolo, italiano, portoghese, etc.) dall\u2019inglese, il conteggio delle parole target sar\u00e0 normalmente superiore di circa il 20% rispetto al conteggio delle parole della lingua sorgente. Dal momento che il preventivo viene effettuato secondo le parole del documento sorgente, la stima dei costi sar\u00e0 precisa fin dall\u2019inizio del progetto, rispetto a quando viene effettuato il calcolo secondo le parole della lingua di destinazione.\r\n<h2>Tariffe di traduzione basate sul conteggio delle parole<\/h2>\r\nIl prezzo per i progetti di traduzione pu\u00f2 essere stabilito come tariffa fissa in base a diversi tipi di unit\u00e0, come il prezzo per pagina o la tariffa oraria. Tuttavia, questo non \u00e8 uno standard del settore n\u00e9 \u00e8 raccomandato per molte ragioni. Innanzitutto, poich\u00e9 ogni documento \u00e8 diverso, il numero di parole per pagina pu\u00f2 variare in modo significativo. Per quanto riguarda le tariffe orarie, ogni traduttore ha il proprio ritmo. I traduttori pi\u00f9 esperti tendono a tradurre pi\u00f9 velocemente, mentre i traduttori meno esperti impiegano pi\u00f9 tempo. Per motivi di trasparenza e definizione del budget, una metodologia basata sul prezzo per parola \u00e8 un modo molto pi\u00f9 affidabile e prevedibile per garantire prezzi equi e accurati."},"shortcode-map":{"type":"textfield","raw":""},"dyk-shortcode":{"type":"textfield","raw":"[elementor-template id=\"146751\"]"},"text-2":{"type":"textarea","raw":"<h2>Tariffe di traduzione basate sulla complessit\u00e0 del testo di origine<\/h2>\r\nIl prezzo della traduzione (prezzo per parola) dipende anche dal livello di complessit\u00e0 di ciascun documento. La complessit\u00e0 pu\u00f2 essere valutata in diversi modi. Una valutazione basata sullo stile potrebbe essere riassunta come confronto tra contenuto creativo e pi\u00f9 letterale. Un\u2019altra potrebbe avere a che fare con un testo altamente tecnico rispetto a un testo pi\u00f9 semplice. Ad esempio, una lettera commerciale generica (con termini non tecnici) avr\u00e0 un prezzo inferiore a un brevetto tecnico, un testo medico, un contratto legale complesso, un documento relativo al settore farmaceutico o un manuale di software. Una lettera generica avr\u00e0 il prezzo pi\u00f9 basso per parola, mentre documenti legali complessi e testi altamente tecnici avranno un prezzo pi\u00f9 alto. Un altro aspetto da considerare \u00e8 la formattazione, poich\u00e9 richiede uno sforzo ulteriore. Il formato si riflette nella forma di tag che il linguista deve riposizionare all\u2019interno del contenuto di destinazione per evitare di modificare il formato di origine.\r\n<h2>Prezzi di traduzione per combinazione linguistica<\/h2>\r\nLe combinazioni o le coppie linguistiche sono un fattore determinante per il calcolo del prezzo di un progetto di traduzione. Le lingue dell\u2019Europa occidentale tendono ad essere meno costose, mentre le lingue asiatiche sono pi\u00f9 costose a causa della complessit\u00e0 dei caratteri e del numero limitato di risorse linguistiche di qualit\u00e0. Le lingue che si scrivono da destra a sinistra pongono ulteriori difficolt\u00e0 che hanno un impatto sulle tariffe di riformattazione.\r\n<h2>Tariffe di traduzione per consegne normali<\/h2>\r\nUn altro componente chiave per la determinazione del prezzo \u00e8 legato ai requisiti di tempo di consegna. Un\u2019accurata pianificazione e, soprattutto, il tempo sufficiente per recuperare le risorse ci consentono di fornire produzioni ad alto volume alle tariffe pi\u00f9 competitive del mercato. Per avere un\u2019idea migliore dei normali tempi di consegna con il dovuto preavviso e in base al conteggio totale delle parole, fare riferimento alla nostra pagina <a href=\"https:\/\/www.trustedtranslations.com\/it\/chi-siamo\/tariffe\/volume-elevato\" target=\"_blank\" rel=\"noopener\">Traduzioni ad alto volume<\/a>.\r\n<h2>Tariffe di traduzione per consegne urgenti<\/h2>\r\nUn progetto di traduzione che deve essere consegnato in un lasso di tempo pi\u00f9 breve pu\u00f2 comportare un supplemento fino al 50% rispetto alle tariffe normali. Nonostante questo potenziale sovrapprezzo, <em>Trusted Translations<\/em> vi aiuter\u00e0 sempre fornendovi il personale e le risorse per soddisfare i vostri progetti urgenti. Il programma \u00e8 uno dei primi elementi discussi prima di realizzare un preventivo per il progetto. <em>Trusted Translations<\/em> lavorer\u00e0 con il vostro team per strutturare un programma di consegna che massimizzer\u00e0 la qualit\u00e0 e minimizzer\u00e0 i costi dovuti all\u2019urgenza del progetto. Se necessario, consegneremo i progetti su base continuativa con la consegna dei documenti pi\u00f9 importanti per primi.\r\n<h2>Prezzi di revisione e correzione di bozze<\/h2>\r\nLa revisione e la correzione di bozze sono servizi correlati e possono essere valutati separatamente in casi specifici. In particolare, se avete fatto eseguire una traduzione da un\u2019altra azienda o persona, possiamo fornirvi un tasso di revisione e correzione di bozze inferiore a quello per la traduzione completa. Normalmente il costo per la revisione e la correzione di bozze \u00e8 inferiore del 50% rispetto alla traduzione completa.\r\n<h2>Tariffe per desktop publishing<\/h2>\r\nLe tariffe per i servizi di desktop publishing sono gestite in modo diverso e si basano sul numero di pagine o immagini del materiale di destinazione. Ancora una volta, questo \u00e8 uno standard del settore e il modo pi\u00f9 efficiente per garantire un\u2019offerta chiara e prevedibile.\r\n<h2>Prezzo per la localizzazione di siti web<\/h2>\r\nLe tariffe per i progetti di localizzazione di siti web che richiedono l\u2019elaborazione del codice possono essere determinate dalle pagine di destinazione. Tuttavia, ci\u00f2 pu\u00f2 rendere il progetto pi\u00f9 costoso per il cliente poich\u00e9 molte pagine vengono generate automaticamente da un database. In questi casi, \u00e8 meglio addebitare il lavoro di sviluppo su base oraria.\r\n<h2>Prezzo di localizzazione di software<\/h2>\r\nLa pre-elaborazione dell'input e la post-elaborazione dell\u2019output per alcuni servizi di localizzazione di software o sistemi di gestione dei contenuti (CMS) possono essere addebitate su base oraria o a un prezzo fisso per l\u2019intero progetto.\r\n<h2>Prezzi competitivi <em>di Trusted Translations<\/em><\/h2>\r\nLe nostre traduzioni di alta qualit\u00e0 e le nostre tariffe competitive sono il risultato diretto dei nostri linguisti altamente qualificati. La maggior parte delle societ\u00e0 di traduzione esternalizza le traduzioni ad altre societ\u00e0. Preferiamo sempre trattare direttamente con i linguisti per assicurarci di ottenere un prodotto di prim\u2019ordine al miglior prezzo.\r\n\r\nRispettiamo tutte le traduzioni eseguite dai nostri linguisti. Se non siete completamente soddisfatti del nostro lavoro, lavoreremo con voi o con il vostro team finch\u00e9 il risultato non raggiunger\u00e0 la vostra completa soddisfazione.\r\n<h2>Fatturazione<\/h2>\r\n<em>Trusted Translations<\/em> normalmente richiede il pagamento parziale in anticipo e il restante alla consegna del prodotto finale. Per i clienti con comprovato buon credito o che hanno una buona cronologia dei pagamenti possiamo fatturare in arretrato su base mensile. Nonostante quanto sopra, <em>Trusted Translations<\/em> collaborer\u00e0 con la vostra azienda caso per caso per gestire eventuali problemi di budget o le esigenze di fatturazione."},"state":{"type":"textfield","raw":""},"city":{"type":"textarea","raw":[]}}},"_links":{"self":[{"href":"https:\/\/www.trustedtranslations.com\/it\/wp-json\/wp\/v2\/pages\/123242","targetHints":{"allow":["GET"]}}],"collection":[{"href":"https:\/\/www.trustedtranslations.com\/it\/wp-json\/wp\/v2\/pages"}],"about":[{"href":"https:\/\/www.trustedtranslations.com\/it\/wp-json\/wp\/v2\/types\/page"}],"author":[{"embeddable":true,"href":"https:\/\/www.trustedtranslations.com\/it\/wp-json\/wp\/v2\/users\/1"}],"replies":[{"embeddable":true,"href":"https:\/\/www.trustedtranslations.com\/it\/wp-json\/wp\/v2\/comments?post=123242"}],"version-history":[{"count":0,"href":"https:\/\/www.trustedtranslations.com\/it\/wp-json\/wp\/v2\/pages\/123242\/revisions"}],"up":[{"embeddable":true,"href":"https:\/\/www.trustedtranslations.com\/it\/wp-json\/wp\/v2\/pages\/123362"}],"wp:featuredmedia":[{"embeddable":true,"href":"https:\/\/www.trustedtranslations.com\/it\/wp-json\/wp\/v2\/media\/139629"}],"wp:attachment":[{"href":"https:\/\/www.trustedtranslations.com\/it\/wp-json\/wp\/v2\/media?parent=123242"}],"curies":[{"name":"wp","href":"https:\/\/api.w.org\/{rel}","templated":true}]}}