{"id":123243,"date":"2019-12-09T11:38:05","date_gmt":"2019-12-09T11:38:05","guid":{"rendered":"https:\/\/www.trustedtranslations.com\/?page_id=123243"},"modified":"2024-09-06T12:14:10","modified_gmt":"2024-09-06T15:14:10","slug":"processi","status":"publish","type":"page","link":"https:\/\/www.trustedtranslations.com\/it\/chi-siamo\/processi","title":{"rendered":"Processi"},"content":{"rendered":"","protected":false},"excerpt":{"rendered":"","protected":false},"author":1,"featured_media":139629,"parent":123362,"menu_order":0,"comment_status":"closed","ping_status":"closed","template":"","meta":{"site-sidebar-layout":"default","site-content-layout":"default","ast-site-content-layout":"default","site-content-style":"default","site-sidebar-style":"default","ast-global-header-display":"","ast-banner-title-visibility":"","ast-main-header-display":"","ast-hfb-above-header-display":"","ast-hfb-below-header-display":"","ast-hfb-mobile-header-display":"","site-post-title":"disabled","ast-breadcrumbs-content":"","ast-featured-img":"","footer-sml-layout":"","ast-disable-related-posts":"","theme-transparent-header-meta":"default","adv-header-id-meta":"","stick-header-meta":"","header-above-stick-meta":"","header-main-stick-meta":"","header-below-stick-meta":"","astra-migrate-meta-layouts":"set","ast-page-background-enabled":"default","ast-page-background-meta":{"desktop":{"background-color":"var(--ast-global-color-4)","background-image":"","background-repeat":"repeat","background-position":"center center","background-size":"auto","background-attachment":"scroll","background-type":"","background-media":"","overlay-type":"","overlay-color":"","overlay-opacity":"","overlay-gradient":""},"tablet":{"background-color":"","background-image":"","background-repeat":"repeat","background-position":"center center","background-size":"auto","background-attachment":"scroll","background-type":"","background-media":"","overlay-type":"","overlay-color":"","overlay-opacity":"","overlay-gradient":""},"mobile":{"background-color":"","background-image":"","background-repeat":"repeat","background-position":"center center","background-size":"auto","background-attachment":"scroll","background-type":"","background-media":"","overlay-type":"","overlay-color":"","overlay-opacity":"","overlay-gradient":""}},"ast-content-background-meta":{"desktop":{"background-color":"var(--ast-global-color-5)","background-image":"","background-repeat":"repeat","background-position":"center center","background-size":"auto","background-attachment":"scroll","background-type":"","background-media":"","overlay-type":"","overlay-color":"","overlay-opacity":"","overlay-gradient":""},"tablet":{"background-color":"var(--ast-global-color-5)","background-image":"","background-repeat":"repeat","background-position":"center center","background-size":"auto","background-attachment":"scroll","background-type":"","background-media":"","overlay-type":"","overlay-color":"","overlay-opacity":"","overlay-gradient":""},"mobile":{"background-color":"var(--ast-global-color-5)","background-image":"","background-repeat":"repeat","background-position":"center center","background-size":"auto","background-attachment":"scroll","background-type":"","background-media":"","overlay-type":"","overlay-color":"","overlay-opacity":"","overlay-gradient":""}},"footnotes":""},"class_list":["post-123243","page","type-page","status-publish","has-post-thumbnail","hentry"],"yoast_head":"<!-- This site is optimized with the Yoast SEO plugin v27.6 - https:\/\/yoast.com\/product\/yoast-seo-wordpress\/ -->\n<title>Processo di traduzione: gestione delle attivit\u00e0 di Trusted Translations.<\/title>\n<meta name=\"description\" content=\"Il processo di traduzione di Trusted Translations consiste in traduzione, revisione e correzione di bozze (TEP) eseguite da tre diversi team linguistici certificati. Richiedi un preventivo o una consulenza gratuita.\" \/>\n<meta name=\"robots\" content=\"index, follow, max-snippet:-1, max-image-preview:large, max-video-preview:-1\" \/>\n<link rel=\"canonical\" href=\"https:\/\/www.trustedtranslations.com\/it\/chi-siamo\/processi\" \/>\n<meta property=\"og:locale\" content=\"it_IT\" \/>\n<meta property=\"og:type\" content=\"article\" \/>\n<meta property=\"og:title\" content=\"Processo di traduzione: gestione delle attivit\u00e0 di Trusted Translations.\" \/>\n<meta property=\"og:description\" content=\"Il processo di traduzione di Trusted Translations consiste in traduzione, revisione e correzione di bozze (TEP) eseguite da tre diversi team linguistici certificati. Richiedi un preventivo o una consulenza gratuita.\" \/>\n<meta property=\"og:url\" content=\"https:\/\/www.trustedtranslations.com\/it\/chi-siamo\/processi\" \/>\n<meta property=\"og:site_name\" content=\"Trusted Translations, Inc.\" \/>\n<meta property=\"article:publisher\" content=\"https:\/\/www.facebook.com\/Trusted.Translations\" \/>\n<meta property=\"article:modified_time\" content=\"2024-09-06T15:14:10+00:00\" \/>\n<meta property=\"og:image\" content=\"https:\/\/static.trustedtranslations.com\/wp-content\/uploads\/2022\/03\/TT_NEW_FB-1.png\" \/>\n\t<meta property=\"og:image:width\" content=\"1038\" \/>\n\t<meta property=\"og:image:height\" content=\"1038\" \/>\n\t<meta property=\"og:image:type\" content=\"image\/png\" \/>\n<meta name=\"twitter:card\" content=\"summary_large_image\" \/>\n<meta name=\"twitter:site\" content=\"@TrustedT9ns\" \/>\n<script type=\"application\/ld+json\" class=\"yoast-schema-graph\">{\"@context\":\"https:\\\/\\\/schema.org\",\"@graph\":[{\"@type\":\"WebPage\",\"@id\":\"https:\\\/\\\/www.trustedtranslations.com\\\/it\\\/chi-siamo\\\/processi\",\"url\":\"https:\\\/\\\/www.trustedtranslations.com\\\/it\\\/chi-siamo\\\/processi\",\"name\":\"Processo di traduzione: gestione delle attivit\u00e0 di Trusted Translations.\",\"isPartOf\":{\"@id\":\"https:\\\/\\\/www.trustedtranslations.com\\\/it\\\/#website\"},\"primaryImageOfPage\":{\"@id\":\"https:\\\/\\\/www.trustedtranslations.com\\\/it\\\/chi-siamo\\\/processi#primaryimage\"},\"image\":{\"@id\":\"https:\\\/\\\/www.trustedtranslations.com\\\/it\\\/chi-siamo\\\/processi#primaryimage\"},\"thumbnailUrl\":\"https:\\\/\\\/www.trustedtranslations.com\\\/wp-content\\\/uploads\\\/2022\\\/03\\\/TT_NEW_FB-1.png\",\"description\":\"Il processo di traduzione di Trusted Translations consiste in traduzione, revisione e correzione di bozze (TEP) eseguite da tre diversi team linguistici certificati. Richiedi un preventivo o una consulenza gratuita.\",\"breadcrumb\":{\"@id\":\"https:\\\/\\\/www.trustedtranslations.com\\\/it\\\/chi-siamo\\\/processi#breadcrumb\"},\"inLanguage\":\"it-IT\",\"potentialAction\":[{\"@type\":\"ReadAction\",\"target\":[\"https:\\\/\\\/www.trustedtranslations.com\\\/it\\\/chi-siamo\\\/processi\"]}]},{\"@type\":\"ImageObject\",\"inLanguage\":\"it-IT\",\"@id\":\"https:\\\/\\\/www.trustedtranslations.com\\\/it\\\/chi-siamo\\\/processi#primaryimage\",\"url\":\"https:\\\/\\\/www.trustedtranslations.com\\\/wp-content\\\/uploads\\\/2022\\\/03\\\/TT_NEW_FB-1.png\",\"contentUrl\":\"https:\\\/\\\/www.trustedtranslations.com\\\/wp-content\\\/uploads\\\/2022\\\/03\\\/TT_NEW_FB-1.png\",\"width\":1038,\"height\":1038,\"caption\":\"TT NEW FB 1\"},{\"@type\":\"BreadcrumbList\",\"@id\":\"https:\\\/\\\/www.trustedtranslations.com\\\/it\\\/chi-siamo\\\/processi#breadcrumb\",\"itemListElement\":[{\"@type\":\"ListItem\",\"position\":1,\"name\":\"Home\",\"item\":\"https:\\\/\\\/www.trustedtranslations.com\\\/it\"},{\"@type\":\"ListItem\",\"position\":2,\"name\":\"Chi siamo\",\"item\":\"https:\\\/\\\/www.trustedtranslations.com\\\/it\\\/chi-siamo\"},{\"@type\":\"ListItem\",\"position\":3,\"name\":\"Processi\"}]},{\"@type\":\"WebSite\",\"@id\":\"https:\\\/\\\/www.trustedtranslations.com\\\/it\\\/#website\",\"url\":\"https:\\\/\\\/www.trustedtranslations.com\\\/it\\\/\",\"name\":\"Trusted Translations, Inc.\",\"description\":\"Leader in translation and interpretation services.\",\"publisher\":{\"@id\":\"https:\\\/\\\/www.trustedtranslations.com\\\/it\\\/#organization\"},\"alternateName\":\"Trusted Translations\",\"potentialAction\":[{\"@type\":\"SearchAction\",\"target\":{\"@type\":\"EntryPoint\",\"urlTemplate\":\"https:\\\/\\\/www.trustedtranslations.com\\\/it\\\/?s={search_term_string}\"},\"query-input\":{\"@type\":\"PropertyValueSpecification\",\"valueRequired\":true,\"valueName\":\"search_term_string\"}}],\"inLanguage\":\"it-IT\"},{\"@type\":\"Organization\",\"@id\":\"https:\\\/\\\/www.trustedtranslations.com\\\/it\\\/#organization\",\"name\":\"Trusted Translations\",\"alternateName\":\"Trusted Translations, Inc.\",\"url\":\"https:\\\/\\\/www.trustedtranslations.com\\\/it\\\/\",\"logo\":{\"@type\":\"ImageObject\",\"inLanguage\":\"it-IT\",\"@id\":\"https:\\\/\\\/www.trustedtranslations.com\\\/it\\\/#\\\/schema\\\/logo\\\/image\\\/\",\"url\":\"https:\\\/\\\/static.trustedtranslations.com\\\/wp-content\\\/uploads\\\/2022\\\/01\\\/TT_logo_WSIColors-2.png\",\"contentUrl\":\"https:\\\/\\\/static.trustedtranslations.com\\\/wp-content\\\/uploads\\\/2022\\\/01\\\/TT_logo_WSIColors-2.png\",\"width\":500,\"height\":196,\"caption\":\"Trusted Translations\"},\"image\":{\"@id\":\"https:\\\/\\\/www.trustedtranslations.com\\\/it\\\/#\\\/schema\\\/logo\\\/image\\\/\"},\"sameAs\":[\"https:\\\/\\\/www.facebook.com\\\/Trusted.Translations\",\"https:\\\/\\\/x.com\\\/TrustedT9ns\",\"https:\\\/\\\/www.linkedin.com\\\/company\\\/trusted-translations\"]}]}<\/script>\n<!-- \/ Yoast SEO plugin. -->","yoast_head_json":{"title":"Processo di traduzione: gestione delle attivit\u00e0 di Trusted Translations.","description":"Il processo di traduzione di Trusted Translations consiste in traduzione, revisione e correzione di bozze (TEP) eseguite da tre diversi team linguistici certificati. Richiedi un preventivo o una consulenza gratuita.","robots":{"index":"index","follow":"follow","max-snippet":"max-snippet:-1","max-image-preview":"max-image-preview:large","max-video-preview":"max-video-preview:-1"},"canonical":"https:\/\/www.trustedtranslations.com\/it\/chi-siamo\/processi","og_locale":"it_IT","og_type":"article","og_title":"Processo di traduzione: gestione delle attivit\u00e0 di Trusted Translations.","og_description":"Il processo di traduzione di Trusted Translations consiste in traduzione, revisione e correzione di bozze (TEP) eseguite da tre diversi team linguistici certificati. Richiedi un preventivo o una consulenza gratuita.","og_url":"https:\/\/www.trustedtranslations.com\/it\/chi-siamo\/processi","og_site_name":"Trusted Translations, Inc.","article_publisher":"https:\/\/www.facebook.com\/Trusted.Translations","article_modified_time":"2024-09-06T15:14:10+00:00","og_image":[{"width":1038,"height":1038,"url":"https:\/\/static.trustedtranslations.com\/wp-content\/uploads\/2022\/03\/TT_NEW_FB-1.png","type":"image\/png"}],"twitter_card":"summary_large_image","twitter_site":"@TrustedT9ns","schema":{"@context":"https:\/\/schema.org","@graph":[{"@type":"WebPage","@id":"https:\/\/www.trustedtranslations.com\/it\/chi-siamo\/processi","url":"https:\/\/www.trustedtranslations.com\/it\/chi-siamo\/processi","name":"Processo di traduzione: gestione delle attivit\u00e0 di Trusted Translations.","isPartOf":{"@id":"https:\/\/www.trustedtranslations.com\/it\/#website"},"primaryImageOfPage":{"@id":"https:\/\/www.trustedtranslations.com\/it\/chi-siamo\/processi#primaryimage"},"image":{"@id":"https:\/\/www.trustedtranslations.com\/it\/chi-siamo\/processi#primaryimage"},"thumbnailUrl":"https:\/\/www.trustedtranslations.com\/wp-content\/uploads\/2022\/03\/TT_NEW_FB-1.png","description":"Il processo di traduzione di Trusted Translations consiste in traduzione, revisione e correzione di bozze (TEP) eseguite da tre diversi team linguistici certificati. Richiedi un preventivo o una consulenza gratuita.","breadcrumb":{"@id":"https:\/\/www.trustedtranslations.com\/it\/chi-siamo\/processi#breadcrumb"},"inLanguage":"it-IT","potentialAction":[{"@type":"ReadAction","target":["https:\/\/www.trustedtranslations.com\/it\/chi-siamo\/processi"]}]},{"@type":"ImageObject","inLanguage":"it-IT","@id":"https:\/\/www.trustedtranslations.com\/it\/chi-siamo\/processi#primaryimage","url":"https:\/\/www.trustedtranslations.com\/wp-content\/uploads\/2022\/03\/TT_NEW_FB-1.png","contentUrl":"https:\/\/www.trustedtranslations.com\/wp-content\/uploads\/2022\/03\/TT_NEW_FB-1.png","width":1038,"height":1038,"caption":"TT NEW FB 1"},{"@type":"BreadcrumbList","@id":"https:\/\/www.trustedtranslations.com\/it\/chi-siamo\/processi#breadcrumb","itemListElement":[{"@type":"ListItem","position":1,"name":"Home","item":"https:\/\/www.trustedtranslations.com\/it"},{"@type":"ListItem","position":2,"name":"Chi siamo","item":"https:\/\/www.trustedtranslations.com\/it\/chi-siamo"},{"@type":"ListItem","position":3,"name":"Processi"}]},{"@type":"WebSite","@id":"https:\/\/www.trustedtranslations.com\/it\/#website","url":"https:\/\/www.trustedtranslations.com\/it\/","name":"Trusted Translations, Inc.","description":"Leader in translation and interpretation services.","publisher":{"@id":"https:\/\/www.trustedtranslations.com\/it\/#organization"},"alternateName":"Trusted Translations","potentialAction":[{"@type":"SearchAction","target":{"@type":"EntryPoint","urlTemplate":"https:\/\/www.trustedtranslations.com\/it\/?s={search_term_string}"},"query-input":{"@type":"PropertyValueSpecification","valueRequired":true,"valueName":"search_term_string"}}],"inLanguage":"it-IT"},{"@type":"Organization","@id":"https:\/\/www.trustedtranslations.com\/it\/#organization","name":"Trusted Translations","alternateName":"Trusted Translations, Inc.","url":"https:\/\/www.trustedtranslations.com\/it\/","logo":{"@type":"ImageObject","inLanguage":"it-IT","@id":"https:\/\/www.trustedtranslations.com\/it\/#\/schema\/logo\/image\/","url":"https:\/\/static.trustedtranslations.com\/wp-content\/uploads\/2022\/01\/TT_logo_WSIColors-2.png","contentUrl":"https:\/\/static.trustedtranslations.com\/wp-content\/uploads\/2022\/01\/TT_logo_WSIColors-2.png","width":500,"height":196,"caption":"Trusted Translations"},"image":{"@id":"https:\/\/www.trustedtranslations.com\/it\/#\/schema\/logo\/image\/"},"sameAs":["https:\/\/www.facebook.com\/Trusted.Translations","https:\/\/x.com\/TrustedT9ns","https:\/\/www.linkedin.com\/company\/trusted-translations"]}]}},"toolset-meta":{"dyk":{"mensaje-1":{"type":"textfield","raw":"Forniamo un desktop publishing manager (DTP) per progetti che coinvolgono arte o design grafico."},"mensaje-2":{"type":"textfield","raw":"Disponiamo di manager di terminologia\/contenuti dedicati esclusivamente alla revisione dei glossari per i progetti."},"mensaje-3":{"type":"textfield","raw":"Un editor, un correttore di bozze e un content manager revisionano ogni fase di ogni progetto."},"mensaje-4":{"type":"textfield","raw":"Ognuna delle nostre traduzioni viene revisionata da professionisti umani, indipendentemente dal volume del progetto."},"mensaje-5":{"type":"textfield","raw":""},"mensaje-6":{"type":"textfield","raw":""}},"single-page-template-fields":{"imgs-temp":{"type":"image","raw":["https:\/\/static.trustedtranslations.com\/wp-content\/uploads\/2024\/07\/Group-124-1.webp","https:\/\/static.trustedtranslations.com\/wp-content\/uploads\/2024\/07\/Group-123-1.webp"],"repeatable":[{"raw":"https:\/\/static.trustedtranslations.com\/wp-content\/uploads\/2024\/07\/Group-124-1.webp"},{"raw":"https:\/\/static.trustedtranslations.com\/wp-content\/uploads\/2024\/07\/Group-123-1.webp"}]},"imgs-temp-cel":{"type":"image","raw":[""],"repeatable":[{"raw":""}]},"img-temp-one-cel":{"type":"image","raw":"https:\/\/static.trustedtranslations.com\/wp-content\/uploads\/2024\/07\/AdobeStock_482079081-1-1.webp","attachment_id":null},"quotes":{"type":"textarea","raw":"<h1 style=\"margin-bottom: 12px;\">Il nostro processo di traduzione<\/h1>\r\nAnche se offriamo varie opzioni di traduzione basate su specifiche esigenze di budget e tempistiche, i nostri clienti richiedono spesso un processo di traduzione standard composto da traduzione, editing e correzione di bozze (TEP) eseguito da tre diversi team linguistici certificati. Al termine di questo processo in tre fasi viene eseguito un controllo di qualit\u00e0 finale dal Project Manager prima della consegna.\r\n<div style=\"margin-top: 2.5vw;\"><a class=\"tt-btn-main-cta\" href=\"https:\/\/www.trustedtranslations.com\/it\/quote\">Richiedi un preventivo gratuito<\/a><\/div>"},"text-1":{"type":"textarea","raw":"<h2>Trusted Translations: qualit\u00e0 garantita<\/h2>Il processo di traduzione di <em>Trusted Translations<\/em> \u00e8 progettato per dare priorit\u00e0 alla garanzia della qualit\u00e0. Tre successivi punti di verifica della qualit\u00e0 seguono la prima fase di ogni traduzione per garantire la massima qualit\u00e0 possibile. Se sono coinvolti artwork o grafica e se il progetto richiede di rispecchiare i materiali originali, un responsabile esperto di desktop publishing (DTP) supervisioner\u00e0 il completamento di tutto il lavoro di progettazione e formattazione necessario.\r\n<h2>Gestione delle attivit\u00e0 del processo di traduzione<\/h2>\r\nLa strategia di traduzione a volume elevato di <em>Trusted Translations<\/em> si basa su un approccio di gestione integrale delle attivit\u00e0. Il nostro sistema collaudato facilita la comunicazione e la collaborazione tra tutti i nostri team di traduzione per assicurarvi di ricevere un output coerente e di alta qualit\u00e0.\r\n\r\nAd ogni progetto viene assegnato un project manager senior, che supervisiona i seguenti aspetti:\r\n<ul>\r\n \t<li>\r\n<h3>Selezione dei gruppi di traduttori<\/h3>\r\n<\/li>\r\n<\/ul>\r\nI team di linguisti assegnati vengono determinati in base all\u2019esperienza e alla specialit\u00e0. Tutti i nostri traduttori sono madrelingua nella lingua di destinazione. Per contenuti altamente tecnici ci affidiamo a esperti in materia per garantire l\u2019utilizzo corretto dei termini del settore. Lavoriamo in stretta collaborazione con i rappresentanti del cliente per garantire che la traduzione venga completata in conformit\u00e0 con la terminologia preferita dal cliente.\r\n<ul>\r\n \t<li>\r\n<h2>Gestione della terminologia<\/h2>\r\n<\/li>\r\n<\/ul>\r\nA seconda delle specificit\u00e0 del progetto, su richiesta, viene creato in collaborazione con il cliente un glossario completo di termini specifici per il progetto. Questo processo viene gestito da un gestore di terminologia\/contenuti la cui unica funzione \u00e8 ricevere, interpretare, convertire e implementare i termini tramite un glossario dinamico che viene distribuito ai nostri team di linguisti. Questo processo fornisce coerenza durante tutto il progetto ed \u00e8 fondamentale per mantenere un alto livello di qualit\u00e0 su progetti di grandi dimensioni."},"shortcode-map":{"type":"textfield","raw":""},"dyk-shortcode":{"type":"textfield","raw":"[elementor-template id=\"146751\"]"},"text-2":{"type":"textarea","raw":"<ul>\r\n \t<li>\r\n<h3>Verifica della qualit\u00e0 e controlli di processo<\/h3>\r\n<\/li>\r\n<\/ul>\r\nLe nostre procedure e strumenti di verifica tengono traccia della qualit\u00e0 di tutti i documenti, consentendoci di fornire traduzioni accurate con tempi di consegna rapidi. Ogni documento verr\u00e0 rivisto da un editor, un correttore di bozze e un content manager. Inoltre, questi professionisti avranno accesso a tutte le nostre risorse interne per la consultazione.\r\n<ul>\r\n \t<li>\r\n<h3>Gestione del desktop publishing<\/h3>\r\n<\/li>\r\n<\/ul>\r\nSe viene richiesto il servizio di desktop publishing (DTP), verr\u00e0 assegnato un responsabile DTP. Questi supervisioner\u00e0 un team di progettazione responsabile della restituzione di tutti i documenti tradotti nel formato di progettazione richiesto.\r\n<ul>\r\n \t<li>\r\n<h3>Memorie di traduzione<\/h3>\r\n<\/li>\r\n<\/ul>\r\nTutte le nostre traduzioni sono eseguite da traduttori umani e, per i progetti in cui il post-editing della traduzione automatica \u00e8 stato approvato in base alla qualit\u00e0 della memoria di traduzione e all\u2019accordo con il cliente, i contenuti vengono comunque sempre accuratamente revisionati e rivisti dai nostri linguisti.\r\n\r\nA seconda delle scadenze previste, utilizziamo strumenti di memoria computerizzata per risparmiare tempo sulle traduzioni a volume elevato con traduzioni verificate dai linguisti. I nostri linguisti incaricati delle varie fasi di revisione valutano accuratamente ogni traduzione. Prendiamo molto sul serio le risorse linguistiche e non esternalizziamo la qualit\u00e0 per risparmiare tempo.\r\n\r\nContattateci oggi stesso per saperne di pi\u00f9 sul rigoroso processo di traduzione in tre fasi di <em>Trusted Translations<\/em> \u00a0o sulle altre opzioni che offriamo."},"state":{"type":"textfield","raw":""},"city":{"type":"textarea","raw":[]}}},"_links":{"self":[{"href":"https:\/\/www.trustedtranslations.com\/it\/wp-json\/wp\/v2\/pages\/123243","targetHints":{"allow":["GET"]}}],"collection":[{"href":"https:\/\/www.trustedtranslations.com\/it\/wp-json\/wp\/v2\/pages"}],"about":[{"href":"https:\/\/www.trustedtranslations.com\/it\/wp-json\/wp\/v2\/types\/page"}],"author":[{"embeddable":true,"href":"https:\/\/www.trustedtranslations.com\/it\/wp-json\/wp\/v2\/users\/1"}],"replies":[{"embeddable":true,"href":"https:\/\/www.trustedtranslations.com\/it\/wp-json\/wp\/v2\/comments?post=123243"}],"version-history":[{"count":0,"href":"https:\/\/www.trustedtranslations.com\/it\/wp-json\/wp\/v2\/pages\/123243\/revisions"}],"up":[{"embeddable":true,"href":"https:\/\/www.trustedtranslations.com\/it\/wp-json\/wp\/v2\/pages\/123362"}],"wp:featuredmedia":[{"embeddable":true,"href":"https:\/\/www.trustedtranslations.com\/it\/wp-json\/wp\/v2\/media\/139629"}],"wp:attachment":[{"href":"https:\/\/www.trustedtranslations.com\/it\/wp-json\/wp\/v2\/media?parent=123243"}],"curies":[{"name":"wp","href":"https:\/\/api.w.org\/{rel}","templated":true}]}}