{"id":123259,"date":"2019-11-28T16:51:53","date_gmt":"2019-11-28T16:51:53","guid":{"rendered":"https:\/\/www.trustedtranslations.com\/?page_id=123259"},"modified":"2024-09-02T17:17:02","modified_gmt":"2024-09-02T20:17:02","slug":"localizzazione-di-app","status":"publish","type":"page","link":"https:\/\/www.trustedtranslations.com\/it\/servizi\/localizzazione-di-app","title":{"rendered":"Localizzazione di app"},"content":{"rendered":"","protected":false},"excerpt":{"rendered":"","protected":false},"author":1,"featured_media":177437,"parent":123364,"menu_order":0,"comment_status":"closed","ping_status":"closed","template":"","meta":{"site-sidebar-layout":"default","site-content-layout":"default","ast-site-content-layout":"default","site-content-style":"default","site-sidebar-style":"default","ast-global-header-display":"","ast-banner-title-visibility":"","ast-main-header-display":"","ast-hfb-above-header-display":"","ast-hfb-below-header-display":"","ast-hfb-mobile-header-display":"","site-post-title":"disabled","ast-breadcrumbs-content":"","ast-featured-img":"","footer-sml-layout":"","ast-disable-related-posts":"","theme-transparent-header-meta":"default","adv-header-id-meta":"","stick-header-meta":"","header-above-stick-meta":"","header-main-stick-meta":"","header-below-stick-meta":"","astra-migrate-meta-layouts":"set","ast-page-background-enabled":"default","ast-page-background-meta":{"desktop":{"background-color":"var(--ast-global-color-4)","background-image":"","background-repeat":"repeat","background-position":"center center","background-size":"auto","background-attachment":"scroll","background-type":"","background-media":"","overlay-type":"","overlay-color":"","overlay-opacity":"","overlay-gradient":""},"tablet":{"background-color":"","background-image":"","background-repeat":"repeat","background-position":"center center","background-size":"auto","background-attachment":"scroll","background-type":"","background-media":"","overlay-type":"","overlay-color":"","overlay-opacity":"","overlay-gradient":""},"mobile":{"background-color":"","background-image":"","background-repeat":"repeat","background-position":"center center","background-size":"auto","background-attachment":"scroll","background-type":"","background-media":"","overlay-type":"","overlay-color":"","overlay-opacity":"","overlay-gradient":""}},"ast-content-background-meta":{"desktop":{"background-color":"var(--ast-global-color-5)","background-image":"","background-repeat":"repeat","background-position":"center center","background-size":"auto","background-attachment":"scroll","background-type":"","background-media":"","overlay-type":"","overlay-color":"","overlay-opacity":"","overlay-gradient":""},"tablet":{"background-color":"var(--ast-global-color-5)","background-image":"","background-repeat":"repeat","background-position":"center center","background-size":"auto","background-attachment":"scroll","background-type":"","background-media":"","overlay-type":"","overlay-color":"","overlay-opacity":"","overlay-gradient":""},"mobile":{"background-color":"var(--ast-global-color-5)","background-image":"","background-repeat":"repeat","background-position":"center center","background-size":"auto","background-attachment":"scroll","background-type":"","background-media":"","overlay-type":"","overlay-color":"","overlay-opacity":"","overlay-gradient":""}},"footnotes":""},"class_list":["post-123259","page","type-page","status-publish","has-post-thumbnail","hentry"],"yoast_head":"<!-- This site is optimized with the Yoast SEO plugin v27.5 - https:\/\/yoast.com\/product\/yoast-seo-wordpress\/ -->\n<title>Servizi di localizzazione di app. Traduzione di applicazioni per sviluppatori. Trusted Translations, Inc.<\/title>\n<meta name=\"description\" content=\"Trusted Translations \u00e8 un fornitore leader di servizi di localizzazione di app. Localizziamo e traduciamo qualsiasi app mobile, virtualmente per qualsiasi mercato e dispositivo.\" \/>\n<meta name=\"robots\" content=\"index, follow, max-snippet:-1, max-image-preview:large, max-video-preview:-1\" \/>\n<link rel=\"canonical\" href=\"https:\/\/www.trustedtranslations.com\/it\/servizi\/localizzazione-di-app\" \/>\n<meta property=\"og:locale\" content=\"it_IT\" \/>\n<meta property=\"og:type\" content=\"article\" \/>\n<meta property=\"og:title\" content=\"Servizi di localizzazione di app. Traduzione di applicazioni per sviluppatori. Trusted Translations, Inc.\" \/>\n<meta property=\"og:description\" content=\"Trusted Translations \u00e8 un fornitore leader di servizi di localizzazione di app. Localizziamo e traduciamo qualsiasi app mobile, virtualmente per qualsiasi mercato e dispositivo.\" \/>\n<meta property=\"og:url\" content=\"https:\/\/www.trustedtranslations.com\/it\/servizi\/localizzazione-di-app\" \/>\n<meta property=\"og:site_name\" content=\"Trusted Translations, Inc.\" \/>\n<meta property=\"article:publisher\" content=\"https:\/\/www.facebook.com\/Trusted.Translations\" \/>\n<meta property=\"article:modified_time\" content=\"2024-09-02T20:17:02+00:00\" \/>\n<meta property=\"og:image\" content=\"https:\/\/www.trustedtranslations.com\/wp-content\/uploads\/2022\/06\/tt-logo-2-1.webp\" \/>\n\t<meta property=\"og:image:width\" content=\"216\" \/>\n\t<meta property=\"og:image:height\" content=\"94\" \/>\n\t<meta property=\"og:image:type\" content=\"image\/webp\" \/>\n<meta name=\"twitter:card\" content=\"summary_large_image\" \/>\n<meta name=\"twitter:site\" content=\"@TrustedT9ns\" \/>\n<script type=\"application\/ld+json\" class=\"yoast-schema-graph\">{\"@context\":\"https:\\\/\\\/schema.org\",\"@graph\":[{\"@type\":\"WebPage\",\"@id\":\"https:\\\/\\\/www.trustedtranslations.com\\\/it\\\/servizi\\\/localizzazione-di-app\",\"url\":\"https:\\\/\\\/www.trustedtranslations.com\\\/it\\\/servizi\\\/localizzazione-di-app\",\"name\":\"Servizi di localizzazione di app. Traduzione di applicazioni per sviluppatori. Trusted Translations, Inc.\",\"isPartOf\":{\"@id\":\"https:\\\/\\\/www.trustedtranslations.com\\\/it\\\/#website\"},\"primaryImageOfPage\":{\"@id\":\"https:\\\/\\\/www.trustedtranslations.com\\\/it\\\/servizi\\\/localizzazione-di-app#primaryimage\"},\"image\":{\"@id\":\"https:\\\/\\\/www.trustedtranslations.com\\\/it\\\/servizi\\\/localizzazione-di-app#primaryimage\"},\"thumbnailUrl\":\"\",\"description\":\"Trusted Translations \u00e8 un fornitore leader di servizi di localizzazione di app. Localizziamo e traduciamo qualsiasi app mobile, virtualmente per qualsiasi mercato e dispositivo.\",\"breadcrumb\":{\"@id\":\"https:\\\/\\\/www.trustedtranslations.com\\\/it\\\/servizi\\\/localizzazione-di-app#breadcrumb\"},\"inLanguage\":\"it-IT\",\"potentialAction\":[{\"@type\":\"ReadAction\",\"target\":[\"https:\\\/\\\/www.trustedtranslations.com\\\/it\\\/servizi\\\/localizzazione-di-app\"]}]},{\"@type\":\"ImageObject\",\"inLanguage\":\"it-IT\",\"@id\":\"https:\\\/\\\/www.trustedtranslations.com\\\/it\\\/servizi\\\/localizzazione-di-app#primaryimage\",\"url\":\"\",\"contentUrl\":\"\"},{\"@type\":\"BreadcrumbList\",\"@id\":\"https:\\\/\\\/www.trustedtranslations.com\\\/it\\\/servizi\\\/localizzazione-di-app#breadcrumb\",\"itemListElement\":[{\"@type\":\"ListItem\",\"position\":1,\"name\":\"Home\",\"item\":\"https:\\\/\\\/www.trustedtranslations.com\\\/it\"},{\"@type\":\"ListItem\",\"position\":2,\"name\":\"Servizi\",\"item\":\"https:\\\/\\\/www.trustedtranslations.com\\\/it\\\/servizi\"},{\"@type\":\"ListItem\",\"position\":3,\"name\":\"Localizzazione di app\"}]},{\"@type\":\"WebSite\",\"@id\":\"https:\\\/\\\/www.trustedtranslations.com\\\/it\\\/#website\",\"url\":\"https:\\\/\\\/www.trustedtranslations.com\\\/it\\\/\",\"name\":\"Trusted Translations, Inc.\",\"description\":\"Leader in translation and interpretation services.\",\"publisher\":{\"@id\":\"https:\\\/\\\/www.trustedtranslations.com\\\/it\\\/#organization\"},\"alternateName\":\"Trusted Translations\",\"potentialAction\":[{\"@type\":\"SearchAction\",\"target\":{\"@type\":\"EntryPoint\",\"urlTemplate\":\"https:\\\/\\\/www.trustedtranslations.com\\\/it\\\/?s={search_term_string}\"},\"query-input\":{\"@type\":\"PropertyValueSpecification\",\"valueRequired\":true,\"valueName\":\"search_term_string\"}}],\"inLanguage\":\"it-IT\"},{\"@type\":\"Organization\",\"@id\":\"https:\\\/\\\/www.trustedtranslations.com\\\/it\\\/#organization\",\"name\":\"Trusted Translations\",\"alternateName\":\"Trusted Translations, Inc.\",\"url\":\"https:\\\/\\\/www.trustedtranslations.com\\\/it\\\/\",\"logo\":{\"@type\":\"ImageObject\",\"inLanguage\":\"it-IT\",\"@id\":\"https:\\\/\\\/www.trustedtranslations.com\\\/it\\\/#\\\/schema\\\/logo\\\/image\\\/\",\"url\":\"https:\\\/\\\/static.trustedtranslations.com\\\/wp-content\\\/uploads\\\/2022\\\/01\\\/TT_logo_WSIColors-2.png\",\"contentUrl\":\"https:\\\/\\\/static.trustedtranslations.com\\\/wp-content\\\/uploads\\\/2022\\\/01\\\/TT_logo_WSIColors-2.png\",\"width\":500,\"height\":196,\"caption\":\"Trusted Translations\"},\"image\":{\"@id\":\"https:\\\/\\\/www.trustedtranslations.com\\\/it\\\/#\\\/schema\\\/logo\\\/image\\\/\"},\"sameAs\":[\"https:\\\/\\\/www.facebook.com\\\/Trusted.Translations\",\"https:\\\/\\\/x.com\\\/TrustedT9ns\",\"https:\\\/\\\/www.linkedin.com\\\/company\\\/trusted-translations\"]}]}<\/script>\n<!-- \/ Yoast SEO plugin. -->","yoast_head_json":{"title":"Servizi di localizzazione di app. Traduzione di applicazioni per sviluppatori. Trusted Translations, Inc.","description":"Trusted Translations \u00e8 un fornitore leader di servizi di localizzazione di app. Localizziamo e traduciamo qualsiasi app mobile, virtualmente per qualsiasi mercato e dispositivo.","robots":{"index":"index","follow":"follow","max-snippet":"max-snippet:-1","max-image-preview":"max-image-preview:large","max-video-preview":"max-video-preview:-1"},"canonical":"https:\/\/www.trustedtranslations.com\/it\/servizi\/localizzazione-di-app","og_locale":"it_IT","og_type":"article","og_title":"Servizi di localizzazione di app. Traduzione di applicazioni per sviluppatori. Trusted Translations, Inc.","og_description":"Trusted Translations \u00e8 un fornitore leader di servizi di localizzazione di app. Localizziamo e traduciamo qualsiasi app mobile, virtualmente per qualsiasi mercato e dispositivo.","og_url":"https:\/\/www.trustedtranslations.com\/it\/servizi\/localizzazione-di-app","og_site_name":"Trusted Translations, Inc.","article_publisher":"https:\/\/www.facebook.com\/Trusted.Translations","article_modified_time":"2024-09-02T20:17:02+00:00","og_image":[{"width":216,"height":94,"url":"https:\/\/www.trustedtranslations.com\/wp-content\/uploads\/2022\/06\/tt-logo-2-1.webp","type":"image\/webp"}],"twitter_card":"summary_large_image","twitter_site":"@TrustedT9ns","schema":{"@context":"https:\/\/schema.org","@graph":[{"@type":"WebPage","@id":"https:\/\/www.trustedtranslations.com\/it\/servizi\/localizzazione-di-app","url":"https:\/\/www.trustedtranslations.com\/it\/servizi\/localizzazione-di-app","name":"Servizi di localizzazione di app. Traduzione di applicazioni per sviluppatori. Trusted Translations, Inc.","isPartOf":{"@id":"https:\/\/www.trustedtranslations.com\/it\/#website"},"primaryImageOfPage":{"@id":"https:\/\/www.trustedtranslations.com\/it\/servizi\/localizzazione-di-app#primaryimage"},"image":{"@id":"https:\/\/www.trustedtranslations.com\/it\/servizi\/localizzazione-di-app#primaryimage"},"thumbnailUrl":"","description":"Trusted Translations \u00e8 un fornitore leader di servizi di localizzazione di app. Localizziamo e traduciamo qualsiasi app mobile, virtualmente per qualsiasi mercato e dispositivo.","breadcrumb":{"@id":"https:\/\/www.trustedtranslations.com\/it\/servizi\/localizzazione-di-app#breadcrumb"},"inLanguage":"it-IT","potentialAction":[{"@type":"ReadAction","target":["https:\/\/www.trustedtranslations.com\/it\/servizi\/localizzazione-di-app"]}]},{"@type":"ImageObject","inLanguage":"it-IT","@id":"https:\/\/www.trustedtranslations.com\/it\/servizi\/localizzazione-di-app#primaryimage","url":"","contentUrl":""},{"@type":"BreadcrumbList","@id":"https:\/\/www.trustedtranslations.com\/it\/servizi\/localizzazione-di-app#breadcrumb","itemListElement":[{"@type":"ListItem","position":1,"name":"Home","item":"https:\/\/www.trustedtranslations.com\/it"},{"@type":"ListItem","position":2,"name":"Servizi","item":"https:\/\/www.trustedtranslations.com\/it\/servizi"},{"@type":"ListItem","position":3,"name":"Localizzazione di app"}]},{"@type":"WebSite","@id":"https:\/\/www.trustedtranslations.com\/it\/#website","url":"https:\/\/www.trustedtranslations.com\/it\/","name":"Trusted Translations, Inc.","description":"Leader in translation and interpretation services.","publisher":{"@id":"https:\/\/www.trustedtranslations.com\/it\/#organization"},"alternateName":"Trusted Translations","potentialAction":[{"@type":"SearchAction","target":{"@type":"EntryPoint","urlTemplate":"https:\/\/www.trustedtranslations.com\/it\/?s={search_term_string}"},"query-input":{"@type":"PropertyValueSpecification","valueRequired":true,"valueName":"search_term_string"}}],"inLanguage":"it-IT"},{"@type":"Organization","@id":"https:\/\/www.trustedtranslations.com\/it\/#organization","name":"Trusted Translations","alternateName":"Trusted Translations, Inc.","url":"https:\/\/www.trustedtranslations.com\/it\/","logo":{"@type":"ImageObject","inLanguage":"it-IT","@id":"https:\/\/www.trustedtranslations.com\/it\/#\/schema\/logo\/image\/","url":"https:\/\/static.trustedtranslations.com\/wp-content\/uploads\/2022\/01\/TT_logo_WSIColors-2.png","contentUrl":"https:\/\/static.trustedtranslations.com\/wp-content\/uploads\/2022\/01\/TT_logo_WSIColors-2.png","width":500,"height":196,"caption":"Trusted Translations"},"image":{"@id":"https:\/\/www.trustedtranslations.com\/it\/#\/schema\/logo\/image\/"},"sameAs":["https:\/\/www.facebook.com\/Trusted.Translations","https:\/\/x.com\/TrustedT9ns","https:\/\/www.linkedin.com\/company\/trusted-translations"]}]}},"toolset-meta":{"dyk":{"mensaje-1":{"type":"textfield","raw":"Gli ispanici sono il segmento demografico pi\u00f9 coinvolto nell\u2019utilizzo dei dispositivi mobili."},"mensaje-2":{"type":"textfield","raw":"Aspettatevi una forte crescita dei download di app dal mercato ispanico."},"mensaje-3":{"type":"textfield","raw":"La traduzione di app per iPhone, iPad e Android potrebbe facilmente raddoppiare le vostre entrate."},"mensaje-4":{"type":"textfield","raw":"Cina e Giappone rappresentano il 25% dei download totali di iOS."},"mensaje-5":{"type":"textfield","raw":"Il mercato di giochi mobili in Brasile conta oltre 88 milioni di giocatori."},"mensaje-6":{"type":"textfield","raw":"Apple Store \u00e8 disponibile in oltre 150 paesi e 40 lingue."}},"single-page-template-fields":{"imgs-temp":{"type":"image","raw":["https:\/\/static.trustedtranslations.com\/wp-content\/uploads\/2024\/04\/services-final-3-1.webp"],"repeatable":[{"raw":"https:\/\/static.trustedtranslations.com\/wp-content\/uploads\/2024\/04\/services-final-3-1.webp"}]},"imgs-temp-cel":{"type":"image","raw":[""],"repeatable":[{"raw":""}]},"img-temp-one-cel":{"type":"image","raw":"https:\/\/static.trustedtranslations.com\/wp-content\/uploads\/2024\/04\/AdobeStock_207246398-5-1.webp","attachment_id":null},"quotes":{"type":"textarea","raw":"<h1 style=\"margin-bottom: 12px;\">Localizzazione di app per sviluppatori e product manager internazionali<\/h1>In qualit\u00e0 di fornitore leader del settore di servizi di localizzazione di app, Trusted Translations \u00e8 in grado di localizzare qualsiasi applicazione mobile per qualsiasi mercato e\/o dispositivo. I nostri servizi di localizzazione di app consentono agli sviluppatori e ai product manager internazionali di raggiungere facilmente nuovi mercati traducendo\/localizzando direttamente le loro app senza influire sul codice sottostante.<div style=\"margin-top: 2.5vw;\"><a class=\"tt-btn-main-cta\" href=\"\/it\/quote\">RICHIEDI UN PREVENTIVO GRATUITO<\/a><\/div>"},"text-1":{"type":"textarea","raw":"<h2 style=\"margin-top: -10px; padding-bottom:10px\">Servizi di localizzazione di app<\/h2>La localizzazione delle app \u00e8 una delle migliori decisioni che potete prendere per il vostro prodotto. Con un investimento minimo, una localizzazione ben riuscita si ripaga aumentando il pubblico dell\u2019app e il numero di download, aiutando a superare le barriere linguistiche e locali per entrare in un nuovo mercato.\r\nLa ricerca ha dimostrato che gli utenti preferiscono di gran lunga utilizzare le app nella loro lingua madre e sono maggiormente disposti a pagare per questa esperienza personalizzata. Di conseguenza,  i brand con app localizzate, ovvero adattate alla lingua e alle sfumature culturali di una precisa localit\u00e0, vedono aumentare le vendite, far crescere il proprio marchio e fidelizzare i clienti fornendo un utilizzo migliorato sia ai nuovi utenti che a quelli esistenti.\r\n\r\n<h2 style=\"margin-top: -10px;padding-bottom:10px\">App Android e Apple iOS<\/h2>Pioniere nella traduzione di app, <em>Trusted Translations<\/em> \u00e8 stata selezionata da Google per aiutarlo a sviluppare la sua piattaforma di traduzione specifica per la <a href=\"https:\/\/www.trustedtranslations.com\/it\/servizi\/localizzazione-di-app\/android\" target=\"_blank\" rel=\"noopener\">localizzazione di app Android<\/a> offerta tramite Google Play. In effetti, siamo uno dei soli tre fornitori che forniscono servizi di localizzazione delle app sulla piattaforma Google Console.\r\nOltre alle app Android, localizziamo anche applicazioni realizzate per Apple. Vi aiuteremo a navigare nelle complessit\u00e0 uniche del <a href=\"https:\/\/www.trustedtranslations.com\/it\/servizi\/localizzazione-di-app\/ios\" target=\"_blank\" rel=\"noopener\">sistema operativo Apple (iOS)<\/a>.\r\n\r\n<h2 style=\"padding-bottom:20px\">Dove dovreste localizzare la vostra app?<\/h2>\r\n<div class=\"imgs-flex-template flex-text-2\">\r\n    <img src=\"https:\/\/static.trustedtranslations.com\/wp-content\/uploads\/2022\/08\/woman-hands-using-mobile-smart-phone-1-1.jpg\">\r\n    <div style=\"width: 100%; padding-top:20px\">Quando si decide in quali mercati localizzare un\u2019app, \u00e8 necessario prendere in considerazione diversi fattori. Ad esempio, \u00e8 necessario analizzare quali paesi o regioni producono pi\u00f9 traffico di mercato. Se vediamo una quantit\u00e0 significativa di traffico da un determinato Paese, consigliamo di localizzare app e descrizione in tale paese e nelle relative lingue.\r\n\r\nGli sviluppatori devono anche valutare le dimensioni del mercato dell\u2019app in altri paesi e lingue. Ad esempio, Trusted Translations ha competenze speciali nell\u2019aiutare i clienti a localizzare le app in spagnolo per il mercato ispanico degli Stati Uniti, nonch\u00e9 per il pi\u00f9 grande mercato latinoamericano (LATAM). Possiamo aiutarvi a valutare dove la vostra app trover\u00e0 la sua nicchia pi\u00f9 efficace.<\/div>\r\n<\/div>"},"shortcode-map":{"type":"textfield","raw":""},"dyk-shortcode":{"type":"textfield","raw":"[elementor-template id=\"146751\"]"},"text-2":{"type":"textarea","raw":"<h2>Quali parti dell\u2019app localizzare?<\/h2>\r\nPer fornire la migliore esperienza di utilizzo utente, consigliamo di localizzare tutte le diverse parti (es. descrizione, app, istruzioni, nomi, etc.).\r\nLe parti localizzabili o traducibili di un\u2019app includono:\r\n<ul>\r\n \t<li>Descrizione dell\u2019app<\/li>\r\n \t<li>Nome<\/li>\r\n \t<li>Interfaccia utente\/Esperienza utente<\/li>\r\n \t<li>Immagini<\/li>\r\n \t<li>Istruzioni<\/li>\r\n \t<li>Pagine di aiuto e informazioni di contatto<\/li>\r\n \t<li>Interfaccia per acquisti in-app<\/li>\r\n<\/ul>\r\nTuttavia, \u00e8 anche possibile valutare caso per caso le esigenze di localizzazione di un\u2019app. <em>Trusted Translations<\/em> \u00e8 lieta di offrire indicazioni per i vostri prodotti specifici.\r\n<h2>Traduzione app o localizzazione app?<\/h2>\r\n<em>Trusted Translations<\/em> lavorer\u00e0 con voi per comprendere la localizzazione richiesta per il vostro progetto. Oltre a tradurre il contenuto nella lingua di destinazione, altri elementi di localizzazione potrebbero includere unit\u00e0 di misura, valute, formati di data e ora, gergo legale e altro, a seconda della lingua e delle caratteristiche culturali della regione di destinazione. Possiamo aiutarvi a determinare la portata delle vostre esigenze di localizzazione.\r\n<h2>Localizzazione di app per diversi dispositivi<\/h2>\r\n<img class=\"wp-image-157733 alignleft\" src=\"https:\/\/static.trustedtranslations.com\/wp-content\/uploads\/2022\/08\/close-up-man-s-hand-using-his-mobile-phone-1-1-300x200.jpg\" alt=\"\" width=\"500\" height=\"334\" \/>Tutti i dispositivi sono diversi, soprattutto nelle dimensioni. Ecco perch\u00e9 la localizzazione spesso richiede la misurazione dello spazio dei caratteri: se una singola parola in una lingua diventa una frase di quattro parole in una nuova lingua, occorre controllare che essa non venga tagliata sulla nuova schermata. Applichiamo i principi del responsive design alla localizzazione delle vostre app per assicurarci che funzionino con qualsiasi versione e qualsiasi dimensione dello schermo.\r\n\r\nLa coerenza \u00e8 un fattore chiave per il successo della vostra app. La stragrande maggioranza degli utenti ha pi\u00f9 di un dispositivo, ad esempio un telefono cellulare e un tablet, e li utilizza frequentemente nell'arco della giornata. Pertanto, \u00e8 fondamentale fornire la stessa traduzione e un\u2019esperienza di utilizzo ugualmente fluide su tutte le piattaforme.\r\n<h2><\/h2>\r\n<h2>Traduzione, localizzazione e test delle app<\/h2>\r\nOltre a tradurre e localizzare, possiamo anche testare la nuova applicazione localizzata per diversi mercati. Gli esperti di <em>Trusted Translations<\/em> si assicureranno che vengano condotti rigorosi test di localizzazione prima del lancio completo del prodotto.\r\nContattateci oggi stesso per conoscere meglio i nostri servizi di traduzione, localizzazione e test di app convenienti e di alta qualit\u00e0."},"state":{"type":"textfield","raw":""},"city":{"type":"textarea","raw":[]}}},"_links":{"self":[{"href":"https:\/\/www.trustedtranslations.com\/it\/wp-json\/wp\/v2\/pages\/123259","targetHints":{"allow":["GET"]}}],"collection":[{"href":"https:\/\/www.trustedtranslations.com\/it\/wp-json\/wp\/v2\/pages"}],"about":[{"href":"https:\/\/www.trustedtranslations.com\/it\/wp-json\/wp\/v2\/types\/page"}],"author":[{"embeddable":true,"href":"https:\/\/www.trustedtranslations.com\/it\/wp-json\/wp\/v2\/users\/1"}],"replies":[{"embeddable":true,"href":"https:\/\/www.trustedtranslations.com\/it\/wp-json\/wp\/v2\/comments?post=123259"}],"version-history":[{"count":0,"href":"https:\/\/www.trustedtranslations.com\/it\/wp-json\/wp\/v2\/pages\/123259\/revisions"}],"up":[{"embeddable":true,"href":"https:\/\/www.trustedtranslations.com\/it\/wp-json\/wp\/v2\/pages\/123364"}],"wp:featuredmedia":[{"embeddable":true,"href":"https:\/\/www.trustedtranslations.com\/it\/wp-json\/"}],"wp:attachment":[{"href":"https:\/\/www.trustedtranslations.com\/it\/wp-json\/wp\/v2\/media?parent=123259"}],"curies":[{"name":"wp","href":"https:\/\/api.w.org\/{rel}","templated":true}]}}