{"id":123260,"date":"2019-11-28T16:51:40","date_gmt":"2019-11-28T16:51:40","guid":{"rendered":"https:\/\/www.trustedtranslations.com\/?page_id=123260"},"modified":"2024-09-04T18:20:30","modified_gmt":"2024-09-04T21:20:30","slug":"multimedia","status":"publish","type":"page","link":"https:\/\/www.trustedtranslations.com\/it\/servizi\/human\/multimedia","title":{"rendered":"Multimedia"},"content":{"rendered":"","protected":false},"excerpt":{"rendered":"","protected":false},"author":1,"featured_media":235738,"parent":123306,"menu_order":14,"comment_status":"closed","ping_status":"closed","template":"","meta":{"site-sidebar-layout":"default","site-content-layout":"default","ast-site-content-layout":"default","site-content-style":"default","site-sidebar-style":"default","ast-global-header-display":"","ast-banner-title-visibility":"","ast-main-header-display":"","ast-hfb-above-header-display":"","ast-hfb-below-header-display":"","ast-hfb-mobile-header-display":"","site-post-title":"disabled","ast-breadcrumbs-content":"","ast-featured-img":"","footer-sml-layout":"","ast-disable-related-posts":"","theme-transparent-header-meta":"default","adv-header-id-meta":"","stick-header-meta":"","header-above-stick-meta":"","header-main-stick-meta":"","header-below-stick-meta":"","astra-migrate-meta-layouts":"set","ast-page-background-enabled":"default","ast-page-background-meta":{"desktop":{"background-color":"var(--ast-global-color-4)","background-image":"","background-repeat":"repeat","background-position":"center center","background-size":"auto","background-attachment":"scroll","background-type":"","background-media":"","overlay-type":"","overlay-color":"","overlay-opacity":"","overlay-gradient":""},"tablet":{"background-color":"","background-image":"","background-repeat":"repeat","background-position":"center center","background-size":"auto","background-attachment":"scroll","background-type":"","background-media":"","overlay-type":"","overlay-color":"","overlay-opacity":"","overlay-gradient":""},"mobile":{"background-color":"","background-image":"","background-repeat":"repeat","background-position":"center center","background-size":"auto","background-attachment":"scroll","background-type":"","background-media":"","overlay-type":"","overlay-color":"","overlay-opacity":"","overlay-gradient":""}},"ast-content-background-meta":{"desktop":{"background-color":"var(--ast-global-color-5)","background-image":"","background-repeat":"repeat","background-position":"center center","background-size":"auto","background-attachment":"scroll","background-type":"","background-media":"","overlay-type":"","overlay-color":"","overlay-opacity":"","overlay-gradient":""},"tablet":{"background-color":"var(--ast-global-color-5)","background-image":"","background-repeat":"repeat","background-position":"center center","background-size":"auto","background-attachment":"scroll","background-type":"","background-media":"","overlay-type":"","overlay-color":"","overlay-opacity":"","overlay-gradient":""},"mobile":{"background-color":"var(--ast-global-color-5)","background-image":"","background-repeat":"repeat","background-position":"center center","background-size":"auto","background-attachment":"scroll","background-type":"","background-media":"","overlay-type":"","overlay-color":"","overlay-opacity":"","overlay-gradient":""}},"footnotes":""},"class_list":["post-123260","page","type-page","status-publish","has-post-thumbnail","hentry"],"yoast_head":"<!-- This site is optimized with the Yoast SEO plugin v27.5 - https:\/\/yoast.com\/product\/yoast-seo-wordpress\/ -->\n<title>Servizi di traduzione multimediale - Trusted Translations, Inc.<\/title>\n<meta name=\"description\" content=\"Trusted Translations \u00e8 leader nei servizi multimediali: sottotitoli, doppiaggio\/sincronizzazione labiale e voce fuori campo. Chiamateci per un preventivo gratuito.\" \/>\n<meta name=\"robots\" content=\"index, follow, max-snippet:-1, max-image-preview:large, max-video-preview:-1\" \/>\n<link rel=\"canonical\" href=\"https:\/\/www.trustedtranslations.com\/it\/servizi\/human\/multimedia\" \/>\n<meta property=\"og:locale\" content=\"it_IT\" \/>\n<meta property=\"og:type\" content=\"article\" \/>\n<meta property=\"og:title\" content=\"Servizi di traduzione multimediale - Trusted Translations, Inc.\" \/>\n<meta property=\"og:description\" content=\"Trusted Translations \u00e8 leader nei servizi multimediali: sottotitoli, doppiaggio\/sincronizzazione labiale e voce fuori campo. Chiamateci per un preventivo gratuito.\" \/>\n<meta property=\"og:url\" content=\"https:\/\/www.trustedtranslations.com\/it\/servizi\/human\/multimedia\" \/>\n<meta property=\"og:site_name\" content=\"Trusted Translations, Inc.\" \/>\n<meta property=\"article:publisher\" content=\"https:\/\/www.facebook.com\/Trusted.Translations\" \/>\n<meta property=\"article:modified_time\" content=\"2024-09-04T21:20:30+00:00\" \/>\n<meta property=\"og:image\" content=\"https:\/\/static.trustedtranslations.com\/wp-content\/uploads\/2024\/02\/TT-ICON_Multimedia-Translation.webp\" \/>\n\t<meta property=\"og:image:width\" content=\"151\" \/>\n\t<meta property=\"og:image:height\" content=\"151\" \/>\n\t<meta property=\"og:image:type\" content=\"image\/webp\" \/>\n<meta name=\"twitter:card\" content=\"summary_large_image\" \/>\n<meta name=\"twitter:site\" content=\"@TrustedT9ns\" \/>\n<script type=\"application\/ld+json\" class=\"yoast-schema-graph\">{\"@context\":\"https:\\\/\\\/schema.org\",\"@graph\":[{\"@type\":\"WebPage\",\"@id\":\"https:\\\/\\\/www.trustedtranslations.com\\\/it\\\/servizi\\\/human\\\/multimedia\",\"url\":\"https:\\\/\\\/www.trustedtranslations.com\\\/it\\\/servizi\\\/human\\\/multimedia\",\"name\":\"Servizi di traduzione multimediale - Trusted Translations, Inc.\",\"isPartOf\":{\"@id\":\"https:\\\/\\\/www.trustedtranslations.com\\\/it\\\/#website\"},\"primaryImageOfPage\":{\"@id\":\"https:\\\/\\\/www.trustedtranslations.com\\\/it\\\/servizi\\\/human\\\/multimedia#primaryimage\"},\"image\":{\"@id\":\"https:\\\/\\\/www.trustedtranslations.com\\\/it\\\/servizi\\\/human\\\/multimedia#primaryimage\"},\"thumbnailUrl\":\"https:\\\/\\\/www.trustedtranslations.com\\\/wp-content\\\/uploads\\\/2024\\\/02\\\/TT-ICON_Multimedia-Translation.webp\",\"description\":\"Trusted Translations \u00e8 leader nei servizi multimediali: sottotitoli, doppiaggio\\\/sincronizzazione labiale e voce fuori campo. Chiamateci per un preventivo gratuito.\",\"breadcrumb\":{\"@id\":\"https:\\\/\\\/www.trustedtranslations.com\\\/it\\\/servizi\\\/human\\\/multimedia#breadcrumb\"},\"inLanguage\":\"it-IT\",\"potentialAction\":[{\"@type\":\"ReadAction\",\"target\":[\"https:\\\/\\\/www.trustedtranslations.com\\\/it\\\/servizi\\\/human\\\/multimedia\"]}]},{\"@type\":\"ImageObject\",\"inLanguage\":\"it-IT\",\"@id\":\"https:\\\/\\\/www.trustedtranslations.com\\\/it\\\/servizi\\\/human\\\/multimedia#primaryimage\",\"url\":\"https:\\\/\\\/www.trustedtranslations.com\\\/wp-content\\\/uploads\\\/2024\\\/02\\\/TT-ICON_Multimedia-Translation.webp\",\"contentUrl\":\"https:\\\/\\\/www.trustedtranslations.com\\\/wp-content\\\/uploads\\\/2024\\\/02\\\/TT-ICON_Multimedia-Translation.webp\",\"width\":151,\"height\":151,\"caption\":\"TT ICON Multimedia Translation\"},{\"@type\":\"BreadcrumbList\",\"@id\":\"https:\\\/\\\/www.trustedtranslations.com\\\/it\\\/servizi\\\/human\\\/multimedia#breadcrumb\",\"itemListElement\":[{\"@type\":\"ListItem\",\"position\":1,\"name\":\"Home\",\"item\":\"https:\\\/\\\/www.trustedtranslations.com\\\/it\"},{\"@type\":\"ListItem\",\"position\":2,\"name\":\"Servizi\",\"item\":\"https:\\\/\\\/www.trustedtranslations.com\\\/it\\\/servizi\"},{\"@type\":\"ListItem\",\"position\":3,\"name\":\"Traduzione umana\",\"item\":\"https:\\\/\\\/www.trustedtranslations.com\\\/it\\\/servizi\\\/human\"},{\"@type\":\"ListItem\",\"position\":4,\"name\":\"Multimedia\"}]},{\"@type\":\"WebSite\",\"@id\":\"https:\\\/\\\/www.trustedtranslations.com\\\/it\\\/#website\",\"url\":\"https:\\\/\\\/www.trustedtranslations.com\\\/it\\\/\",\"name\":\"Trusted Translations, Inc.\",\"description\":\"Leader in translation and interpretation services.\",\"publisher\":{\"@id\":\"https:\\\/\\\/www.trustedtranslations.com\\\/it\\\/#organization\"},\"alternateName\":\"Trusted Translations\",\"potentialAction\":[{\"@type\":\"SearchAction\",\"target\":{\"@type\":\"EntryPoint\",\"urlTemplate\":\"https:\\\/\\\/www.trustedtranslations.com\\\/it\\\/?s={search_term_string}\"},\"query-input\":{\"@type\":\"PropertyValueSpecification\",\"valueRequired\":true,\"valueName\":\"search_term_string\"}}],\"inLanguage\":\"it-IT\"},{\"@type\":\"Organization\",\"@id\":\"https:\\\/\\\/www.trustedtranslations.com\\\/it\\\/#organization\",\"name\":\"Trusted Translations\",\"alternateName\":\"Trusted Translations, Inc.\",\"url\":\"https:\\\/\\\/www.trustedtranslations.com\\\/it\\\/\",\"logo\":{\"@type\":\"ImageObject\",\"inLanguage\":\"it-IT\",\"@id\":\"https:\\\/\\\/www.trustedtranslations.com\\\/it\\\/#\\\/schema\\\/logo\\\/image\\\/\",\"url\":\"https:\\\/\\\/static.trustedtranslations.com\\\/wp-content\\\/uploads\\\/2022\\\/01\\\/TT_logo_WSIColors-2.png\",\"contentUrl\":\"https:\\\/\\\/static.trustedtranslations.com\\\/wp-content\\\/uploads\\\/2022\\\/01\\\/TT_logo_WSIColors-2.png\",\"width\":500,\"height\":196,\"caption\":\"Trusted Translations\"},\"image\":{\"@id\":\"https:\\\/\\\/www.trustedtranslations.com\\\/it\\\/#\\\/schema\\\/logo\\\/image\\\/\"},\"sameAs\":[\"https:\\\/\\\/www.facebook.com\\\/Trusted.Translations\",\"https:\\\/\\\/x.com\\\/TrustedT9ns\",\"https:\\\/\\\/www.linkedin.com\\\/company\\\/trusted-translations\"]}]}<\/script>\n<!-- \/ Yoast SEO plugin. -->","yoast_head_json":{"title":"Servizi di traduzione multimediale - Trusted Translations, Inc.","description":"Trusted Translations \u00e8 leader nei servizi multimediali: sottotitoli, doppiaggio\/sincronizzazione labiale e voce fuori campo. Chiamateci per un preventivo gratuito.","robots":{"index":"index","follow":"follow","max-snippet":"max-snippet:-1","max-image-preview":"max-image-preview:large","max-video-preview":"max-video-preview:-1"},"canonical":"https:\/\/www.trustedtranslations.com\/it\/servizi\/human\/multimedia","og_locale":"it_IT","og_type":"article","og_title":"Servizi di traduzione multimediale - Trusted Translations, Inc.","og_description":"Trusted Translations \u00e8 leader nei servizi multimediali: sottotitoli, doppiaggio\/sincronizzazione labiale e voce fuori campo. Chiamateci per un preventivo gratuito.","og_url":"https:\/\/www.trustedtranslations.com\/it\/servizi\/human\/multimedia","og_site_name":"Trusted Translations, Inc.","article_publisher":"https:\/\/www.facebook.com\/Trusted.Translations","article_modified_time":"2024-09-04T21:20:30+00:00","og_image":[{"width":151,"height":151,"url":"https:\/\/static.trustedtranslations.com\/wp-content\/uploads\/2024\/02\/TT-ICON_Multimedia-Translation.webp","type":"image\/webp"}],"twitter_card":"summary_large_image","twitter_site":"@TrustedT9ns","schema":{"@context":"https:\/\/schema.org","@graph":[{"@type":"WebPage","@id":"https:\/\/www.trustedtranslations.com\/it\/servizi\/human\/multimedia","url":"https:\/\/www.trustedtranslations.com\/it\/servizi\/human\/multimedia","name":"Servizi di traduzione multimediale - Trusted Translations, Inc.","isPartOf":{"@id":"https:\/\/www.trustedtranslations.com\/it\/#website"},"primaryImageOfPage":{"@id":"https:\/\/www.trustedtranslations.com\/it\/servizi\/human\/multimedia#primaryimage"},"image":{"@id":"https:\/\/www.trustedtranslations.com\/it\/servizi\/human\/multimedia#primaryimage"},"thumbnailUrl":"https:\/\/www.trustedtranslations.com\/wp-content\/uploads\/2024\/02\/TT-ICON_Multimedia-Translation.webp","description":"Trusted Translations \u00e8 leader nei servizi multimediali: sottotitoli, doppiaggio\/sincronizzazione labiale e voce fuori campo. Chiamateci per un preventivo gratuito.","breadcrumb":{"@id":"https:\/\/www.trustedtranslations.com\/it\/servizi\/human\/multimedia#breadcrumb"},"inLanguage":"it-IT","potentialAction":[{"@type":"ReadAction","target":["https:\/\/www.trustedtranslations.com\/it\/servizi\/human\/multimedia"]}]},{"@type":"ImageObject","inLanguage":"it-IT","@id":"https:\/\/www.trustedtranslations.com\/it\/servizi\/human\/multimedia#primaryimage","url":"https:\/\/www.trustedtranslations.com\/wp-content\/uploads\/2024\/02\/TT-ICON_Multimedia-Translation.webp","contentUrl":"https:\/\/www.trustedtranslations.com\/wp-content\/uploads\/2024\/02\/TT-ICON_Multimedia-Translation.webp","width":151,"height":151,"caption":"TT ICON Multimedia Translation"},{"@type":"BreadcrumbList","@id":"https:\/\/www.trustedtranslations.com\/it\/servizi\/human\/multimedia#breadcrumb","itemListElement":[{"@type":"ListItem","position":1,"name":"Home","item":"https:\/\/www.trustedtranslations.com\/it"},{"@type":"ListItem","position":2,"name":"Servizi","item":"https:\/\/www.trustedtranslations.com\/it\/servizi"},{"@type":"ListItem","position":3,"name":"Traduzione umana","item":"https:\/\/www.trustedtranslations.com\/it\/servizi\/human"},{"@type":"ListItem","position":4,"name":"Multimedia"}]},{"@type":"WebSite","@id":"https:\/\/www.trustedtranslations.com\/it\/#website","url":"https:\/\/www.trustedtranslations.com\/it\/","name":"Trusted Translations, Inc.","description":"Leader in translation and interpretation services.","publisher":{"@id":"https:\/\/www.trustedtranslations.com\/it\/#organization"},"alternateName":"Trusted Translations","potentialAction":[{"@type":"SearchAction","target":{"@type":"EntryPoint","urlTemplate":"https:\/\/www.trustedtranslations.com\/it\/?s={search_term_string}"},"query-input":{"@type":"PropertyValueSpecification","valueRequired":true,"valueName":"search_term_string"}}],"inLanguage":"it-IT"},{"@type":"Organization","@id":"https:\/\/www.trustedtranslations.com\/it\/#organization","name":"Trusted Translations","alternateName":"Trusted Translations, Inc.","url":"https:\/\/www.trustedtranslations.com\/it\/","logo":{"@type":"ImageObject","inLanguage":"it-IT","@id":"https:\/\/www.trustedtranslations.com\/it\/#\/schema\/logo\/image\/","url":"https:\/\/static.trustedtranslations.com\/wp-content\/uploads\/2022\/01\/TT_logo_WSIColors-2.png","contentUrl":"https:\/\/static.trustedtranslations.com\/wp-content\/uploads\/2022\/01\/TT_logo_WSIColors-2.png","width":500,"height":196,"caption":"Trusted Translations"},"image":{"@id":"https:\/\/www.trustedtranslations.com\/it\/#\/schema\/logo\/image\/"},"sameAs":["https:\/\/www.facebook.com\/Trusted.Translations","https:\/\/x.com\/TrustedT9ns","https:\/\/www.linkedin.com\/company\/trusted-translations"]}]}},"toolset-meta":{"dyk":{"mensaje-1":{"type":"textfield","raw":"Le visualizzazioni di Netflix in lingue diverse dall\u2019inglese sono aumentate del 71% dal 2019."},"mensaje-2":{"type":"textfield","raw":"Circa l\u201986% delle aziende utilizza i video come strumento di marketing."},"mensaje-3":{"type":"textfield","raw":"La met\u00e0 dei telespettatori americani usa i sottotitoli per la maggior parte del tempo."},"mensaje-4":{"type":"textfield","raw":"Per la maggior parte degli utenti e-Learner, i video contribuiscono ad aumentare la fidelizzazione e a ricordare meglio."},"mensaje-5":{"type":"textfield","raw":""},"mensaje-6":{"type":"textfield","raw":""}},"single-page-template-fields":{"imgs-temp":{"type":"image","raw":["https:\/\/static.trustedtranslations.com\/wp-content\/uploads\/2024\/06\/multimedia-final-1.webp","https:\/\/static.trustedtranslations.com\/wp-content\/uploads\/2024\/06\/multimedia-final-2-1.webp"],"repeatable":[{"raw":"https:\/\/static.trustedtranslations.com\/wp-content\/uploads\/2024\/06\/multimedia-final-1.webp"},{"raw":"https:\/\/static.trustedtranslations.com\/wp-content\/uploads\/2024\/06\/multimedia-final-2-1.webp"}]},"imgs-temp-cel":{"type":"image","raw":[""],"repeatable":[{"raw":""}]},"img-temp-one-cel":{"type":"image","raw":"https:\/\/static.trustedtranslations.com\/wp-content\/uploads\/2024\/06\/AdobeStock_317226118-2-1.webp","attachment_id":null},"quotes":{"type":"textarea","raw":"<h1 style=\"margin-bottom: 12px;\">Servizi di traduzione multimediale<\/h1>\r\nLe traduzioni multimediali di alta qualit\u00e0 sono un <i>must<\/i> per il settore dell\u2019intrattenimento e dei media. Avendo lavorato con le migliori aziende in entrambi questi settori, <em>Trusted Translations<\/em> ha sviluppato un'esperienza unica in vari tipi di traduzioni multimediali specializzate, tra cui sottotitolaggio, doppiaggio, voce fuori campo e sincronizzazione labiale.\r\n<div style=\"margin-top: 2.5vw;\"><a class=\"tt-btn-main-cta\" href=\"https:\/\/www.trustedtranslations.com\/it\/quote\">Richiedi un preventivo gratuito<\/a><\/div>"},"text-1":{"type":"textarea","raw":"<h2>Perch\u00e9 il video e l\u2019audio stanno rivoluzionando la comunicazione<\/h2>Il video e l\u2019audio sono diventati i nuovi pilastri della comunicazione: se un\u2019immagine vale pi\u00f9 di mille parole, un video ne vale un milione. Man mano che gli utenti in tutto il mondo si sentono pi\u00f9 a proprio agio nell\u2019utilizzo di video e audio e ottengono un maggiore accesso agli strumenti multimediali, le multinazionali e le organizzazioni governative si affidano sempre di pi\u00f9 alle piattaforme multimediali per formare ed educare il proprio pubblico target.\r\n\r\n<em>Trusted Translations<\/em> ha sviluppato una divisione specializzata dedicata alla gestione di tutti i tipi di servizi di traduzione multimediale.\r\n<h2>Sottotitolaggio<\/h2>\r\nQuasi ogni forma di video richiede sottotitoli in pi\u00f9 lingue per avere una portata pi\u00f9 ampia. I mercati internazionali sono particolarmente importanti per il successo dei contenuti video educativi e di intrattenimento; la popolarit\u00e0 di servizi di streaming come Netflix e Hulu ha portato a un aumento della domanda di sottotitoli in tutto il mondo. La ricerca ha persino dimostrato che gli spettatori di et\u00e0 compresa tra 18 e 25 anni preferiscono effettivamente <a href=\"https:\/\/www.trustedtranslations.com\/blog\/the-latest-trends-in-subtitling-and-captioning\" rel=\"noopener\">guardare i media con i sottotitoli attivati<\/a>.\r\n\r\nIl sottotitolaggio implica molto pi\u00f9 della semplice traduzione: richiede un processo altamente tecnico e preciso per garantire che il pubblico possa comprendere ogni scena con contenuto parlato o scritto. Il sottotitolaggio presenta anche sfide uniche, come lavorare entro i limiti dei caratteri per assicurarsi che i sottotitoli non richiedano pi\u00f9 tempo per essere letti rispetto alla lunghezza della scena.\r\n\r\nI team di traduzione multimediale specializzati di <em>Trusted Translations<\/em> hanno collaborato con le migliori societ\u00e0 di intrattenimento e istruzione per gestire tutte le loro esigenze di sottotitolaggio.\r\n<h2>Doppiaggio<\/h2>\r\nIl doppiaggio \u00e8 il processo di aggiunta di nuovi contenuti audio parlati per sostituire il sonoro esistente in una produzione video. Ampiamente utilizzato nei mercati in cui il sottotitolaggio non raggiunge pienamente gli obiettivi dei produttori, il doppiaggio \u00e8 un metodo pi\u00f9 universale per convertire le produzioni video per i mercati internazionali. Poich\u00e9 non richiede lettura, \u00e8 ideale per i bambini e per i mercati con livelli di istruzione generale inferiori. Molte aziende preferiscono il doppiaggio anche perch\u00e9 riflette pi\u00f9 da vicino l\u2019esperienza visiva e di ascolto della produzione originale.\r\n\r\nAffinch\u00e9 i contenuti video siano correttamente doppiati, i dialoghi devono essere tradotti da un team di esperti per produrre un testo che, una volta pronunciato, corrisponda al labiale dell\u2019attore originale. <em>Trusted Translations<\/em> ha doppiato migliaia di ore di contenuti video per quasi tutti i mercati ed \u00e8 pronta a supportare tutte le vostre esigenze di doppiaggio."},"shortcode-map":{"type":"textfield","raw":""},"dyk-shortcode":{"type":"textfield","raw":"[elementor-template id=\"146751\"]"},"text-2":{"type":"textarea","raw":"<h2>Sincronizzazione labiale<\/h2>\r\nLa sincronizzazione labiale \u00e8 un processo in cui viene inserito l\u2019audio facendo corrispondere le parole al movimento labiale degli attori originali. La sincronizzazione labiale \u00e8 la chiave di molti lungometraggi, poich\u00e9 aiuta il pubblico a comprendere meglio il contenuto e crea l\u2019illusione che questo sia stato girato nella lingua doppiata.\r\n\r\nLa sincronizzazione labiale e il doppiaggio vanno di pari passo, poich\u00e9 \u00e8 fondamentale abbinare l\u2019audio ri-registrato con le labbra degli attori o dei personaggi animati per offrire la qualit\u00e0 di produzione che il pubblico si aspetta. Spesso \u00e8 anche necessario modificare la traduzione originale per accorciare i tempi di pronuncia delle battute. Ci\u00f2 pu\u00f2 rappresentare un problema durante il doppiaggio tra lingue che utilizzano un numero assai diverso di parole per trasmettere lo stesso significato, come nel passaggio dall\u2019inglese allo spagnolo.\r\n\r\nLa competenza linguistica di <em>Trusted Translations<\/em>, in particolare nei servizi di traduzione in spagnolo, consente ai nostri traduttori multimediali di affrontare queste sfide con facilit\u00e0.\r\n<h2>Voce fuoricampo<\/h2>\r\nI servizi di traduzione di voce fuoricampo vengono comunemente utilizzati nelle produzioni video per sostituire i contenuti audio non pronunciati da un attore in una scena particolare. I documentari, ad esempio, usano comunemente la voce fuori campo, poich\u00e9 di solito la voce di un narratore in sottofondo descrive la scena.\r\n\r\nI servizi di traduzione di voce fuoricampo non richiedono lo stesso livello di precisione richiesto per il doppiaggio o la sottotitolaggio; tuttavia, devono comunque prestare particolare attenzione alla lunghezza del testo tradotto e alla sua corrispondenza con il video originale. Pertanto, una voce fuori campo tradotta in modo efficace richiede attrezzatura adeguata e una vasta esperienza.\r\n\r\nNoi di <em>Trusted Translations<\/em> abbiamo anni di esperienza nella fornitura di servizi di doppiaggio e lavoreremo con la vostra organizzazione per garantire la massima qualit\u00e0. Contattateci oggi stesso per saperne di pi\u00f9 sui nostri servizi di traduzione multimediale."},"state":{"type":"textfield","raw":""},"city":{"type":"textarea","raw":[]}}},"_links":{"self":[{"href":"https:\/\/www.trustedtranslations.com\/it\/wp-json\/wp\/v2\/pages\/123260","targetHints":{"allow":["GET"]}}],"collection":[{"href":"https:\/\/www.trustedtranslations.com\/it\/wp-json\/wp\/v2\/pages"}],"about":[{"href":"https:\/\/www.trustedtranslations.com\/it\/wp-json\/wp\/v2\/types\/page"}],"author":[{"embeddable":true,"href":"https:\/\/www.trustedtranslations.com\/it\/wp-json\/wp\/v2\/users\/1"}],"replies":[{"embeddable":true,"href":"https:\/\/www.trustedtranslations.com\/it\/wp-json\/wp\/v2\/comments?post=123260"}],"version-history":[{"count":0,"href":"https:\/\/www.trustedtranslations.com\/it\/wp-json\/wp\/v2\/pages\/123260\/revisions"}],"up":[{"embeddable":true,"href":"https:\/\/www.trustedtranslations.com\/it\/wp-json\/wp\/v2\/pages\/123306"}],"wp:featuredmedia":[{"embeddable":true,"href":"https:\/\/www.trustedtranslations.com\/it\/wp-json\/wp\/v2\/media\/235738"}],"wp:attachment":[{"href":"https:\/\/www.trustedtranslations.com\/it\/wp-json\/wp\/v2\/media?parent=123260"}],"curies":[{"name":"wp","href":"https:\/\/api.w.org\/{rel}","templated":true}]}}