{"id":123261,"date":"2019-11-28T16:50:59","date_gmt":"2019-11-28T16:50:59","guid":{"rendered":"https:\/\/www.trustedtranslations.com\/?page_id=123261"},"modified":"2024-09-03T15:50:10","modified_gmt":"2024-09-03T18:50:10","slug":"interpretariato-telefonico","status":"publish","type":"page","link":"https:\/\/www.trustedtranslations.com\/it\/servizi\/interpretariato-telefonico","title":{"rendered":"Interpretariato telefonico"},"content":{"rendered":"","protected":false},"excerpt":{"rendered":"","protected":false},"author":1,"featured_media":177437,"parent":123364,"menu_order":0,"comment_status":"closed","ping_status":"closed","template":"","meta":{"site-sidebar-layout":"default","site-content-layout":"default","ast-site-content-layout":"default","site-content-style":"default","site-sidebar-style":"default","ast-global-header-display":"","ast-banner-title-visibility":"","ast-main-header-display":"","ast-hfb-above-header-display":"","ast-hfb-below-header-display":"","ast-hfb-mobile-header-display":"","site-post-title":"disabled","ast-breadcrumbs-content":"","ast-featured-img":"","footer-sml-layout":"","ast-disable-related-posts":"","theme-transparent-header-meta":"default","adv-header-id-meta":"","stick-header-meta":"","header-above-stick-meta":"","header-main-stick-meta":"","header-below-stick-meta":"","astra-migrate-meta-layouts":"set","ast-page-background-enabled":"default","ast-page-background-meta":{"desktop":{"background-color":"var(--ast-global-color-4)","background-image":"","background-repeat":"repeat","background-position":"center center","background-size":"auto","background-attachment":"scroll","background-type":"","background-media":"","overlay-type":"","overlay-color":"","overlay-opacity":"","overlay-gradient":""},"tablet":{"background-color":"","background-image":"","background-repeat":"repeat","background-position":"center center","background-size":"auto","background-attachment":"scroll","background-type":"","background-media":"","overlay-type":"","overlay-color":"","overlay-opacity":"","overlay-gradient":""},"mobile":{"background-color":"","background-image":"","background-repeat":"repeat","background-position":"center center","background-size":"auto","background-attachment":"scroll","background-type":"","background-media":"","overlay-type":"","overlay-color":"","overlay-opacity":"","overlay-gradient":""}},"ast-content-background-meta":{"desktop":{"background-color":"var(--ast-global-color-5)","background-image":"","background-repeat":"repeat","background-position":"center center","background-size":"auto","background-attachment":"scroll","background-type":"","background-media":"","overlay-type":"","overlay-color":"","overlay-opacity":"","overlay-gradient":""},"tablet":{"background-color":"var(--ast-global-color-5)","background-image":"","background-repeat":"repeat","background-position":"center center","background-size":"auto","background-attachment":"scroll","background-type":"","background-media":"","overlay-type":"","overlay-color":"","overlay-opacity":"","overlay-gradient":""},"mobile":{"background-color":"var(--ast-global-color-5)","background-image":"","background-repeat":"repeat","background-position":"center center","background-size":"auto","background-attachment":"scroll","background-type":"","background-media":"","overlay-type":"","overlay-color":"","overlay-opacity":"","overlay-gradient":""}},"footnotes":""},"class_list":["post-123261","page","type-page","status-publish","has-post-thumbnail","hentry"],"yoast_head":"<!-- This site is optimized with the Yoast SEO plugin v27.5 - https:\/\/yoast.com\/product\/yoast-seo-wordpress\/ -->\n<title>Servizi di interpretariato telefonico - Trusted Translations, Inc.<\/title>\n<meta name=\"description\" content=\"Trusted Translations, Inc. \u00e8 leader nei servizi di interpretariato telefonico. Chiamateci per richiedere un preventivo o una consulenza gratuita.\" \/>\n<meta name=\"robots\" content=\"index, follow, max-snippet:-1, max-image-preview:large, max-video-preview:-1\" \/>\n<link rel=\"canonical\" href=\"https:\/\/www.trustedtranslations.com\/it\/servizi\/interpretariato-telefonico\" \/>\n<meta property=\"og:locale\" content=\"it_IT\" \/>\n<meta property=\"og:type\" content=\"article\" \/>\n<meta property=\"og:title\" content=\"Servizi di interpretariato telefonico - Trusted Translations, Inc.\" \/>\n<meta property=\"og:description\" content=\"Trusted Translations, Inc. \u00e8 leader nei servizi di interpretariato telefonico. Chiamateci per richiedere un preventivo o una consulenza gratuita.\" \/>\n<meta property=\"og:url\" content=\"https:\/\/www.trustedtranslations.com\/it\/servizi\/interpretariato-telefonico\" \/>\n<meta property=\"og:site_name\" content=\"Trusted Translations, Inc.\" \/>\n<meta property=\"article:publisher\" content=\"https:\/\/www.facebook.com\/Trusted.Translations\" \/>\n<meta property=\"article:modified_time\" content=\"2024-09-03T18:50:10+00:00\" \/>\n<meta property=\"og:image\" content=\"https:\/\/www.trustedtranslations.com\/wp-content\/uploads\/2022\/06\/tt-logo-2-1.webp\" \/>\n\t<meta property=\"og:image:width\" content=\"216\" \/>\n\t<meta property=\"og:image:height\" content=\"94\" \/>\n\t<meta property=\"og:image:type\" content=\"image\/webp\" \/>\n<meta name=\"twitter:card\" content=\"summary_large_image\" \/>\n<meta name=\"twitter:site\" content=\"@TrustedT9ns\" \/>\n<script type=\"application\/ld+json\" class=\"yoast-schema-graph\">{\"@context\":\"https:\\\/\\\/schema.org\",\"@graph\":[{\"@type\":\"WebPage\",\"@id\":\"https:\\\/\\\/www.trustedtranslations.com\\\/it\\\/servizi\\\/interpretariato-telefonico\",\"url\":\"https:\\\/\\\/www.trustedtranslations.com\\\/it\\\/servizi\\\/interpretariato-telefonico\",\"name\":\"Servizi di interpretariato telefonico - Trusted Translations, Inc.\",\"isPartOf\":{\"@id\":\"https:\\\/\\\/www.trustedtranslations.com\\\/it\\\/#website\"},\"primaryImageOfPage\":{\"@id\":\"https:\\\/\\\/www.trustedtranslations.com\\\/it\\\/servizi\\\/interpretariato-telefonico#primaryimage\"},\"image\":{\"@id\":\"https:\\\/\\\/www.trustedtranslations.com\\\/it\\\/servizi\\\/interpretariato-telefonico#primaryimage\"},\"thumbnailUrl\":\"\",\"description\":\"Trusted Translations, Inc. \u00e8 leader nei servizi di interpretariato telefonico. Chiamateci per richiedere un preventivo o una consulenza gratuita.\",\"breadcrumb\":{\"@id\":\"https:\\\/\\\/www.trustedtranslations.com\\\/it\\\/servizi\\\/interpretariato-telefonico#breadcrumb\"},\"inLanguage\":\"it-IT\",\"potentialAction\":[{\"@type\":\"ReadAction\",\"target\":[\"https:\\\/\\\/www.trustedtranslations.com\\\/it\\\/servizi\\\/interpretariato-telefonico\"]}]},{\"@type\":\"ImageObject\",\"inLanguage\":\"it-IT\",\"@id\":\"https:\\\/\\\/www.trustedtranslations.com\\\/it\\\/servizi\\\/interpretariato-telefonico#primaryimage\",\"url\":\"\",\"contentUrl\":\"\"},{\"@type\":\"BreadcrumbList\",\"@id\":\"https:\\\/\\\/www.trustedtranslations.com\\\/it\\\/servizi\\\/interpretariato-telefonico#breadcrumb\",\"itemListElement\":[{\"@type\":\"ListItem\",\"position\":1,\"name\":\"Home\",\"item\":\"https:\\\/\\\/www.trustedtranslations.com\\\/it\"},{\"@type\":\"ListItem\",\"position\":2,\"name\":\"Servizi\",\"item\":\"https:\\\/\\\/www.trustedtranslations.com\\\/it\\\/servizi\"},{\"@type\":\"ListItem\",\"position\":3,\"name\":\"Interpretariato telefonico\"}]},{\"@type\":\"WebSite\",\"@id\":\"https:\\\/\\\/www.trustedtranslations.com\\\/it\\\/#website\",\"url\":\"https:\\\/\\\/www.trustedtranslations.com\\\/it\\\/\",\"name\":\"Trusted Translations, Inc.\",\"description\":\"Leader in translation and interpretation services.\",\"publisher\":{\"@id\":\"https:\\\/\\\/www.trustedtranslations.com\\\/it\\\/#organization\"},\"alternateName\":\"Trusted Translations\",\"potentialAction\":[{\"@type\":\"SearchAction\",\"target\":{\"@type\":\"EntryPoint\",\"urlTemplate\":\"https:\\\/\\\/www.trustedtranslations.com\\\/it\\\/?s={search_term_string}\"},\"query-input\":{\"@type\":\"PropertyValueSpecification\",\"valueRequired\":true,\"valueName\":\"search_term_string\"}}],\"inLanguage\":\"it-IT\"},{\"@type\":\"Organization\",\"@id\":\"https:\\\/\\\/www.trustedtranslations.com\\\/it\\\/#organization\",\"name\":\"Trusted Translations\",\"alternateName\":\"Trusted Translations, Inc.\",\"url\":\"https:\\\/\\\/www.trustedtranslations.com\\\/it\\\/\",\"logo\":{\"@type\":\"ImageObject\",\"inLanguage\":\"it-IT\",\"@id\":\"https:\\\/\\\/www.trustedtranslations.com\\\/it\\\/#\\\/schema\\\/logo\\\/image\\\/\",\"url\":\"https:\\\/\\\/static.trustedtranslations.com\\\/wp-content\\\/uploads\\\/2022\\\/01\\\/TT_logo_WSIColors-2.png\",\"contentUrl\":\"https:\\\/\\\/static.trustedtranslations.com\\\/wp-content\\\/uploads\\\/2022\\\/01\\\/TT_logo_WSIColors-2.png\",\"width\":500,\"height\":196,\"caption\":\"Trusted Translations\"},\"image\":{\"@id\":\"https:\\\/\\\/www.trustedtranslations.com\\\/it\\\/#\\\/schema\\\/logo\\\/image\\\/\"},\"sameAs\":[\"https:\\\/\\\/www.facebook.com\\\/Trusted.Translations\",\"https:\\\/\\\/x.com\\\/TrustedT9ns\",\"https:\\\/\\\/www.linkedin.com\\\/company\\\/trusted-translations\"]}]}<\/script>\n<!-- \/ Yoast SEO plugin. -->","yoast_head_json":{"title":"Servizi di interpretariato telefonico - Trusted Translations, Inc.","description":"Trusted Translations, Inc. \u00e8 leader nei servizi di interpretariato telefonico. Chiamateci per richiedere un preventivo o una consulenza gratuita.","robots":{"index":"index","follow":"follow","max-snippet":"max-snippet:-1","max-image-preview":"max-image-preview:large","max-video-preview":"max-video-preview:-1"},"canonical":"https:\/\/www.trustedtranslations.com\/it\/servizi\/interpretariato-telefonico","og_locale":"it_IT","og_type":"article","og_title":"Servizi di interpretariato telefonico - Trusted Translations, Inc.","og_description":"Trusted Translations, Inc. \u00e8 leader nei servizi di interpretariato telefonico. Chiamateci per richiedere un preventivo o una consulenza gratuita.","og_url":"https:\/\/www.trustedtranslations.com\/it\/servizi\/interpretariato-telefonico","og_site_name":"Trusted Translations, Inc.","article_publisher":"https:\/\/www.facebook.com\/Trusted.Translations","article_modified_time":"2024-09-03T18:50:10+00:00","og_image":[{"width":216,"height":94,"url":"https:\/\/www.trustedtranslations.com\/wp-content\/uploads\/2022\/06\/tt-logo-2-1.webp","type":"image\/webp"}],"twitter_card":"summary_large_image","twitter_site":"@TrustedT9ns","schema":{"@context":"https:\/\/schema.org","@graph":[{"@type":"WebPage","@id":"https:\/\/www.trustedtranslations.com\/it\/servizi\/interpretariato-telefonico","url":"https:\/\/www.trustedtranslations.com\/it\/servizi\/interpretariato-telefonico","name":"Servizi di interpretariato telefonico - Trusted Translations, Inc.","isPartOf":{"@id":"https:\/\/www.trustedtranslations.com\/it\/#website"},"primaryImageOfPage":{"@id":"https:\/\/www.trustedtranslations.com\/it\/servizi\/interpretariato-telefonico#primaryimage"},"image":{"@id":"https:\/\/www.trustedtranslations.com\/it\/servizi\/interpretariato-telefonico#primaryimage"},"thumbnailUrl":"","description":"Trusted Translations, Inc. \u00e8 leader nei servizi di interpretariato telefonico. Chiamateci per richiedere un preventivo o una consulenza gratuita.","breadcrumb":{"@id":"https:\/\/www.trustedtranslations.com\/it\/servizi\/interpretariato-telefonico#breadcrumb"},"inLanguage":"it-IT","potentialAction":[{"@type":"ReadAction","target":["https:\/\/www.trustedtranslations.com\/it\/servizi\/interpretariato-telefonico"]}]},{"@type":"ImageObject","inLanguage":"it-IT","@id":"https:\/\/www.trustedtranslations.com\/it\/servizi\/interpretariato-telefonico#primaryimage","url":"","contentUrl":""},{"@type":"BreadcrumbList","@id":"https:\/\/www.trustedtranslations.com\/it\/servizi\/interpretariato-telefonico#breadcrumb","itemListElement":[{"@type":"ListItem","position":1,"name":"Home","item":"https:\/\/www.trustedtranslations.com\/it"},{"@type":"ListItem","position":2,"name":"Servizi","item":"https:\/\/www.trustedtranslations.com\/it\/servizi"},{"@type":"ListItem","position":3,"name":"Interpretariato telefonico"}]},{"@type":"WebSite","@id":"https:\/\/www.trustedtranslations.com\/it\/#website","url":"https:\/\/www.trustedtranslations.com\/it\/","name":"Trusted Translations, Inc.","description":"Leader in translation and interpretation services.","publisher":{"@id":"https:\/\/www.trustedtranslations.com\/it\/#organization"},"alternateName":"Trusted Translations","potentialAction":[{"@type":"SearchAction","target":{"@type":"EntryPoint","urlTemplate":"https:\/\/www.trustedtranslations.com\/it\/?s={search_term_string}"},"query-input":{"@type":"PropertyValueSpecification","valueRequired":true,"valueName":"search_term_string"}}],"inLanguage":"it-IT"},{"@type":"Organization","@id":"https:\/\/www.trustedtranslations.com\/it\/#organization","name":"Trusted Translations","alternateName":"Trusted Translations, Inc.","url":"https:\/\/www.trustedtranslations.com\/it\/","logo":{"@type":"ImageObject","inLanguage":"it-IT","@id":"https:\/\/www.trustedtranslations.com\/it\/#\/schema\/logo\/image\/","url":"https:\/\/static.trustedtranslations.com\/wp-content\/uploads\/2022\/01\/TT_logo_WSIColors-2.png","contentUrl":"https:\/\/static.trustedtranslations.com\/wp-content\/uploads\/2022\/01\/TT_logo_WSIColors-2.png","width":500,"height":196,"caption":"Trusted Translations"},"image":{"@id":"https:\/\/www.trustedtranslations.com\/it\/#\/schema\/logo\/image\/"},"sameAs":["https:\/\/www.facebook.com\/Trusted.Translations","https:\/\/x.com\/TrustedT9ns","https:\/\/www.linkedin.com\/company\/trusted-translations"]}]}},"toolset-meta":{"dyk":{"mensaje-1":{"type":"textfield","raw":"L\u2019interpretariato telefonico (OPI) ha subito un notevole incremento durante la pandemia di COVID-19."},"mensaje-2":{"type":"textfield","raw":"L\u2019interpretariato telefonico pu\u00f2 essere facilmente integrato negli appuntamenti di telemedicina."},"mensaje-3":{"type":"textfield","raw":"L\u2019interpretariato telefonico aiuta a ridurre i costi di viaggio e di assicurazione."},"mensaje-4":{"type":"textfield","raw":"L\u2019interpretariato telefonico consente di accedere in modo rapido e conveniente all\u2019assistenza linguistica."},"mensaje-5":{"type":"textfield","raw":""},"mensaje-6":{"type":"textfield","raw":""}},"single-page-template-fields":{"imgs-temp":{"type":"image","raw":["https:\/\/static.trustedtranslations.com\/wp-content\/uploads\/2022\/02\/phone-final-4.jpg","https:\/\/static.trustedtranslations.com\/wp-content\/uploads\/2022\/02\/phone-final-2-1.jpg","https:\/\/static.trustedtranslations.com\/wp-content\/uploads\/2022\/02\/phone-final-3-1.jpg"],"repeatable":[{"raw":"https:\/\/static.trustedtranslations.com\/wp-content\/uploads\/2022\/02\/phone-final-4.jpg"},{"raw":"https:\/\/static.trustedtranslations.com\/wp-content\/uploads\/2022\/02\/phone-final-2-1.jpg"},{"raw":"https:\/\/static.trustedtranslations.com\/wp-content\/uploads\/2022\/02\/phone-final-3-1.jpg"}]},"imgs-temp-cel":{"type":"image","raw":[""],"repeatable":[{"raw":""}]},"img-temp-one-cel":{"type":"image","raw":"https:\/\/static.trustedtranslations.com\/wp-content\/uploads\/2022\/02\/smiling-male-business-consultant-with-headphones-sitting-modern-office-video-call-looking-laptop-screen-man-customer-service-support-agent-helpline-talking-online-chat-4-1.jpg","attachment_id":null},"quotes":{"type":"textarea","raw":"<h1 style=\"margin-bottom: 12px;\">Servizi di interpretariato telefonico<\/h1>Trusted Translations dispone di una divisione speciale dedicata ai servizi di interpretariato telefonico in tempo reale di alta qualit\u00e0 e a costi contenuti. Forniamo regolarmente ai nostri clienti interpretariato telefonico in oltre 150 lingue; siamo disponibili 24 ore su 24, 7 giorni su 7, 365 giorni all\u2019anno e utilizziamo le tecnologie di telecomunicazione pi\u00f9 recenti.<div style=\"margin-top: 2.5vw;\"><a class=\"tt-btn-main-cta\" href=\"\/it\/quote\">RICHIEDI UN PREVENTIVO GRATUITO<\/a><\/div>"},"text-1":{"type":"textarea","raw":"<h2 style=\"margin-top: -10px;\">Su chiamata 24\/7\/365<\/h2>Che siate direttamente integrati con la nostra rete di interpreti o che chiamiate utilizzando un numero di telefono personalizzato, i nostri operatori sono formati per gestire interpretariato telefonico umano in tempo reale da e verso oltre 150 lingue che coprono tutti gli argomenti. Da argomenti medici complessi a deposizioni legali, gli interpreti telefonici (OPI) di Trusted Translations sono disponibili 24 ore su 24, 7 giorni su 7, 365 giorni l\u2019anno per assicurarvi riunioni multilingue produttive e di successo. Come per tutte le nostre offerte di servizi, Trusted Translations aderisce a rigorosi standard di riservatezza e qualit\u00e0, comprese le normative sulla privacy di HIPAA.\r\n<div class=\"imgs-flex-template\">\r\n    <div>\r\n        <h2>Interpretariato telefonico in lingua (OPI)<\/h2>\r\n        <p>Trusted Translations fornisce una suite completa di servizi per soddisfare le vostre esigenze linguistiche, inclusi i nostri servizi di interpretariato linguistico telefonico in tempo reale, spesso indicati come OPI, servizi di traduzione telefonica umana o semplicemente traduzioni telefoniche. Questo servizio offre ai nostri clienti la comodit\u00e0 unica di chiamare una linea privata sicura per accedere ai nostri interpreti in tempo reale da e verso oltre 150 lingue.\r\n\r\nIl nostro servizio di interpretariato telefonico principale \u00e8 in realt\u00e0 molto semplice. Potete integrare direttamente il vostro call center con la nostra rete OPI o chiamare un numero verde personalizzato di interpretariato. In pochi secondi uno dei nostri assistenti vi fornir\u00e0 un interprete telefonico esperto nella lingua richiesta per aiutarvi con le vostre esigenze di comunicazione.<\/p>\r\n    <\/div>\r\n    <img src=\"https:\/\/static.trustedtranslations.com\/wp-content\/uploads\/2022\/02\/AdobeStock_455815973-1-1.jpg\">\r\n<\/div>\r\nPossono beneficiare di questo servizio di interpretariato telefonico conveniente e facile da usare tutti i tipi di organizzazioni, inclusi ospedali, societ\u00e0 Fortune 500, studi legali, enti non profit, etc. \u00c8 anche possibile accedere al nostro numero dall\u2019estero per aiutarvi a comunicare quando viaggiate e lavorate in paesi non anglofoni. Trusted Translations pu\u00f2 anche registrare la chiamata, trascriverla e inviarla via e-mail in modo che possiate documentarla."},"shortcode-map":{"type":"textfield","raw":""},"dyk-shortcode":{"type":"textfield","raw":""},"text-2":{"type":"textarea","raw":"<div class=\"imgs-flex-template flex-text-2\" style=\"margin-top: -30px\">\r\n    <img src=\"https:\/\/static.trustedtranslations.com\/wp-content\/uploads\/2022\/02\/AdobeStock_206755016-1-1.jpg\">\r\n    <div class=\"p-img-width\">\r\n        <h2>Servizi di interpretariato telefonico<\/h2>\r\n        <p>Trusted Translations applica un approccio collaudato per fornire servizi di interpretariato telefonico di alta qualit\u00e0. Il nostro processo prevede l\u2019utilizzo di interpreti esperti insieme alle migliori tecnologie di telecomunicazione. L\u2019impegno di Trusted Translations nei confronti dei propri clienti consiste nel fornire servizi di interpretariato telefonico ininterrotti 24 ore su 24, 7 giorni su 7, tutto l\u2019anno. Su vostra richiesta, gestiremo la vostra conferenza con un interprete specializzato in un particolare argomento. I servizi di interpretariato telefonico di Trusted Translations si basano su una solida base di risorse umane con la giusta esperienza in settori specializzati e dalla comprovata esperienza nell\u2019interpretariato in ambiente professionale.<\/p>\r\n    <\/div>\r\n<\/div>\r\n<div class=\"imgs-flex-template\">\r\n    <div>\r\n        <h2>Cosa aspettarsi dai nostri interpreti telefonici<\/h2>\r\n        <p>Ogni volta che richiedete a Trusted Translations servizi professionali di interpretariato telefonico, potete aspettarvi un interprete con le seguenti caratteristiche:<\/p>\r\n        <p style=\"padding-left: 40px;\">\u2022 Professionale e cortese\r\n        \u2022 Dotato di competenze in materia\r\n        \u2022 In grado di esprimersi chiaramente nelle lingue richieste\r\n        \u2022 Vincolato da rigidi accordi di riservatezza\r\n        \u2022 Tecnologicamente attrezzato per trascrivere e registrare la chiamata su richiesta<\/p>\r\n    <\/div>\r\n    <img src=\"https:\/\/static.trustedtranslations.com\/wp-content\/uploads\/2022\/02\/AdobeStock_266285934-1-1.jpg\">\r\n<\/div>\r\n<h2 style=\"margin-top: -10px;\">Tariffe dell\u2019interpretariato telefonico in lingua<\/h2>Le tariffe per l\u2019interpretariato telefonico di Trusted Translations si basano su un prezzo al minuto che varia a seconda della lingua, della complessit\u00e0 dell\u2019argomento e del volume complessivo in minuti. \u00c8 importante comprendere la diversa terminologia utilizzata in relazione alle tariffe e ai prezzi dell\u2019interpretariato telefonico in tempo reale. L\u2019interpretariato telefonico \u00e8 anche denominato: servizi di interpretariato telefonico umano, traduzione telefonica, servizi di traduzione telefonica umana e servizi di interpretariato telefonico.\r\n\r\nMentre i servizi di interpretariato di persona vengono normalmente addebitati all\u2019ora con un numero minimo di ore, la maggior parte dei servizi di interpretariato telefonico \u00e8 su richiesta e viene addebitato al minuto. Pu\u00f2 essere applicata una tariffa aggiuntiva al prezzo dell\u2019interpretariato telefonico nel caso in cui sia necessario connettersi a terzi via telefono. Questa tariffa \u00e8 normale ed \u00e8 destinata a coprire le spese di connessione a lunga distanza a un altro telefono. \u00c8 possibile evitare queste spese installando un supporto per audio-conferenza prima della chiamata. Chiamateci oggi stesso per un preventivo gratuito e per trovare il modo di ridurre al minimo il costo delle vostre esigenze di interpretariato telefonico.\r\n\r\nNoi di Trusted Translations siamo consapevoli del fatto che voi e la vostra organizzazione avete obiettivi chiari, ma anche vincoli di budget. Per questo motivo abbiamo strutturato il nostro servizio di interpretariato telefonico in modo che non sia solo facile da usare, ma anche estremamente conveniente. Applichiamo una tariffa fissa al minuto in base alla coppia linguistica. Quindi, se tutto ci\u00f2 di cui avete bisogno sono 17 minuti, vi saranno addebitati solo 17 minuti. Inoltre, risparmierete evitando anche i costi di viaggio e di assicurazione, spesso associati ai servizi di interpretariato di persona."},"state":{"type":"textfield","raw":""},"city":{"type":"textarea","raw":[]}}},"_links":{"self":[{"href":"https:\/\/www.trustedtranslations.com\/it\/wp-json\/wp\/v2\/pages\/123261","targetHints":{"allow":["GET"]}}],"collection":[{"href":"https:\/\/www.trustedtranslations.com\/it\/wp-json\/wp\/v2\/pages"}],"about":[{"href":"https:\/\/www.trustedtranslations.com\/it\/wp-json\/wp\/v2\/types\/page"}],"author":[{"embeddable":true,"href":"https:\/\/www.trustedtranslations.com\/it\/wp-json\/wp\/v2\/users\/1"}],"replies":[{"embeddable":true,"href":"https:\/\/www.trustedtranslations.com\/it\/wp-json\/wp\/v2\/comments?post=123261"}],"version-history":[{"count":0,"href":"https:\/\/www.trustedtranslations.com\/it\/wp-json\/wp\/v2\/pages\/123261\/revisions"}],"up":[{"embeddable":true,"href":"https:\/\/www.trustedtranslations.com\/it\/wp-json\/wp\/v2\/pages\/123364"}],"wp:featuredmedia":[{"embeddable":true,"href":"https:\/\/www.trustedtranslations.com\/it\/wp-json\/"}],"wp:attachment":[{"href":"https:\/\/www.trustedtranslations.com\/it\/wp-json\/wp\/v2\/media?parent=123261"}],"curies":[{"name":"wp","href":"https:\/\/api.w.org\/{rel}","templated":true}]}}