{"id":123266,"date":"2019-11-28T16:50:44","date_gmt":"2019-11-28T16:50:44","guid":{"rendered":"https:\/\/www.trustedtranslations.com\/?page_id=123266"},"modified":"2024-09-04T18:39:38","modified_gmt":"2024-09-04T21:39:38","slug":"marketing-online","status":"publish","type":"page","link":"https:\/\/www.trustedtranslations.com\/it\/servizi\/human\/marketing-online","title":{"rendered":"Marketing online"},"content":{"rendered":"","protected":false},"excerpt":{"rendered":"","protected":false},"author":1,"featured_media":235685,"parent":123306,"menu_order":12,"comment_status":"closed","ping_status":"closed","template":"","meta":{"site-sidebar-layout":"default","site-content-layout":"default","ast-site-content-layout":"default","site-content-style":"default","site-sidebar-style":"default","ast-global-header-display":"","ast-banner-title-visibility":"","ast-main-header-display":"","ast-hfb-above-header-display":"","ast-hfb-below-header-display":"","ast-hfb-mobile-header-display":"","site-post-title":"disabled","ast-breadcrumbs-content":"","ast-featured-img":"","footer-sml-layout":"","ast-disable-related-posts":"","theme-transparent-header-meta":"default","adv-header-id-meta":"","stick-header-meta":"","header-above-stick-meta":"","header-main-stick-meta":"","header-below-stick-meta":"","astra-migrate-meta-layouts":"set","ast-page-background-enabled":"default","ast-page-background-meta":{"desktop":{"background-color":"var(--ast-global-color-4)","background-image":"","background-repeat":"repeat","background-position":"center center","background-size":"auto","background-attachment":"scroll","background-type":"","background-media":"","overlay-type":"","overlay-color":"","overlay-opacity":"","overlay-gradient":""},"tablet":{"background-color":"","background-image":"","background-repeat":"repeat","background-position":"center center","background-size":"auto","background-attachment":"scroll","background-type":"","background-media":"","overlay-type":"","overlay-color":"","overlay-opacity":"","overlay-gradient":""},"mobile":{"background-color":"","background-image":"","background-repeat":"repeat","background-position":"center center","background-size":"auto","background-attachment":"scroll","background-type":"","background-media":"","overlay-type":"","overlay-color":"","overlay-opacity":"","overlay-gradient":""}},"ast-content-background-meta":{"desktop":{"background-color":"var(--ast-global-color-5)","background-image":"","background-repeat":"repeat","background-position":"center center","background-size":"auto","background-attachment":"scroll","background-type":"","background-media":"","overlay-type":"","overlay-color":"","overlay-opacity":"","overlay-gradient":""},"tablet":{"background-color":"var(--ast-global-color-5)","background-image":"","background-repeat":"repeat","background-position":"center center","background-size":"auto","background-attachment":"scroll","background-type":"","background-media":"","overlay-type":"","overlay-color":"","overlay-opacity":"","overlay-gradient":""},"mobile":{"background-color":"var(--ast-global-color-5)","background-image":"","background-repeat":"repeat","background-position":"center center","background-size":"auto","background-attachment":"scroll","background-type":"","background-media":"","overlay-type":"","overlay-color":"","overlay-opacity":"","overlay-gradient":""}},"footnotes":""},"class_list":["post-123266","page","type-page","status-publish","has-post-thumbnail","hentry"],"yoast_head":"<!-- This site is optimized with the Yoast SEO plugin v27.5 - https:\/\/yoast.com\/product\/yoast-seo-wordpress\/ -->\n<title>Servizi di traduzione di marketing online - Trusted Translations, Inc.<\/title>\n<meta name=\"description\" content=\"Trusted Translations \u00e8 una soluzione unica per tutte le vostre esigenze di marketing online (SEO, SEM, social media marketing e ottimizzazione del sito web) in oltre 150 lingue. Preventivo o consulenza gratuita.\" \/>\n<meta name=\"robots\" content=\"index, follow, max-snippet:-1, max-image-preview:large, max-video-preview:-1\" \/>\n<link rel=\"canonical\" href=\"https:\/\/www.trustedtranslations.com\/it\/servizi\/human\/marketing-online\" \/>\n<meta property=\"og:locale\" content=\"it_IT\" \/>\n<meta property=\"og:type\" content=\"article\" \/>\n<meta property=\"og:title\" content=\"Servizi di traduzione di marketing online - Trusted Translations, Inc.\" \/>\n<meta property=\"og:description\" content=\"Trusted Translations \u00e8 una soluzione unica per tutte le vostre esigenze di marketing online (SEO, SEM, social media marketing e ottimizzazione del sito web) in oltre 150 lingue. Preventivo o consulenza gratuita.\" \/>\n<meta property=\"og:url\" content=\"https:\/\/www.trustedtranslations.com\/it\/servizi\/human\/marketing-online\" \/>\n<meta property=\"og:site_name\" content=\"Trusted Translations, Inc.\" \/>\n<meta property=\"article:publisher\" content=\"https:\/\/www.facebook.com\/Trusted.Translations\" \/>\n<meta property=\"article:modified_time\" content=\"2024-09-04T21:39:38+00:00\" \/>\n<meta property=\"og:image\" content=\"https:\/\/static.trustedtranslations.com\/wp-content\/uploads\/2024\/02\/TT-ICON_Online-Marketing-Service.webp\" \/>\n\t<meta property=\"og:image:width\" content=\"151\" \/>\n\t<meta property=\"og:image:height\" content=\"151\" \/>\n\t<meta property=\"og:image:type\" content=\"image\/webp\" \/>\n<meta name=\"twitter:card\" content=\"summary_large_image\" \/>\n<meta name=\"twitter:site\" content=\"@TrustedT9ns\" \/>\n<script type=\"application\/ld+json\" class=\"yoast-schema-graph\">{\"@context\":\"https:\\\/\\\/schema.org\",\"@graph\":[{\"@type\":\"WebPage\",\"@id\":\"https:\\\/\\\/www.trustedtranslations.com\\\/it\\\/servizi\\\/human\\\/marketing-online\",\"url\":\"https:\\\/\\\/www.trustedtranslations.com\\\/it\\\/servizi\\\/human\\\/marketing-online\",\"name\":\"Servizi di traduzione di marketing online - Trusted Translations, Inc.\",\"isPartOf\":{\"@id\":\"https:\\\/\\\/www.trustedtranslations.com\\\/it\\\/#website\"},\"primaryImageOfPage\":{\"@id\":\"https:\\\/\\\/www.trustedtranslations.com\\\/it\\\/servizi\\\/human\\\/marketing-online#primaryimage\"},\"image\":{\"@id\":\"https:\\\/\\\/www.trustedtranslations.com\\\/it\\\/servizi\\\/human\\\/marketing-online#primaryimage\"},\"thumbnailUrl\":\"https:\\\/\\\/www.trustedtranslations.com\\\/wp-content\\\/uploads\\\/2024\\\/02\\\/TT-ICON_Online-Marketing-Service.webp\",\"description\":\"Trusted Translations \u00e8 una soluzione unica per tutte le vostre esigenze di marketing online (SEO, SEM, social media marketing e ottimizzazione del sito web) in oltre 150 lingue. Preventivo o consulenza gratuita.\",\"breadcrumb\":{\"@id\":\"https:\\\/\\\/www.trustedtranslations.com\\\/it\\\/servizi\\\/human\\\/marketing-online#breadcrumb\"},\"inLanguage\":\"it-IT\",\"potentialAction\":[{\"@type\":\"ReadAction\",\"target\":[\"https:\\\/\\\/www.trustedtranslations.com\\\/it\\\/servizi\\\/human\\\/marketing-online\"]}]},{\"@type\":\"ImageObject\",\"inLanguage\":\"it-IT\",\"@id\":\"https:\\\/\\\/www.trustedtranslations.com\\\/it\\\/servizi\\\/human\\\/marketing-online#primaryimage\",\"url\":\"https:\\\/\\\/www.trustedtranslations.com\\\/wp-content\\\/uploads\\\/2024\\\/02\\\/TT-ICON_Online-Marketing-Service.webp\",\"contentUrl\":\"https:\\\/\\\/www.trustedtranslations.com\\\/wp-content\\\/uploads\\\/2024\\\/02\\\/TT-ICON_Online-Marketing-Service.webp\",\"width\":151,\"height\":151,\"caption\":\"TT ICON Online Marketing Service\"},{\"@type\":\"BreadcrumbList\",\"@id\":\"https:\\\/\\\/www.trustedtranslations.com\\\/it\\\/servizi\\\/human\\\/marketing-online#breadcrumb\",\"itemListElement\":[{\"@type\":\"ListItem\",\"position\":1,\"name\":\"Home\",\"item\":\"https:\\\/\\\/www.trustedtranslations.com\\\/it\"},{\"@type\":\"ListItem\",\"position\":2,\"name\":\"Servizi\",\"item\":\"https:\\\/\\\/www.trustedtranslations.com\\\/it\\\/servizi\"},{\"@type\":\"ListItem\",\"position\":3,\"name\":\"Traduzione umana\",\"item\":\"https:\\\/\\\/www.trustedtranslations.com\\\/it\\\/servizi\\\/human\"},{\"@type\":\"ListItem\",\"position\":4,\"name\":\"Marketing online\"}]},{\"@type\":\"WebSite\",\"@id\":\"https:\\\/\\\/www.trustedtranslations.com\\\/it\\\/#website\",\"url\":\"https:\\\/\\\/www.trustedtranslations.com\\\/it\\\/\",\"name\":\"Trusted Translations, Inc.\",\"description\":\"Leader in translation and interpretation services.\",\"publisher\":{\"@id\":\"https:\\\/\\\/www.trustedtranslations.com\\\/it\\\/#organization\"},\"alternateName\":\"Trusted Translations\",\"potentialAction\":[{\"@type\":\"SearchAction\",\"target\":{\"@type\":\"EntryPoint\",\"urlTemplate\":\"https:\\\/\\\/www.trustedtranslations.com\\\/it\\\/?s={search_term_string}\"},\"query-input\":{\"@type\":\"PropertyValueSpecification\",\"valueRequired\":true,\"valueName\":\"search_term_string\"}}],\"inLanguage\":\"it-IT\"},{\"@type\":\"Organization\",\"@id\":\"https:\\\/\\\/www.trustedtranslations.com\\\/it\\\/#organization\",\"name\":\"Trusted Translations\",\"alternateName\":\"Trusted Translations, Inc.\",\"url\":\"https:\\\/\\\/www.trustedtranslations.com\\\/it\\\/\",\"logo\":{\"@type\":\"ImageObject\",\"inLanguage\":\"it-IT\",\"@id\":\"https:\\\/\\\/www.trustedtranslations.com\\\/it\\\/#\\\/schema\\\/logo\\\/image\\\/\",\"url\":\"https:\\\/\\\/static.trustedtranslations.com\\\/wp-content\\\/uploads\\\/2022\\\/01\\\/TT_logo_WSIColors-2.png\",\"contentUrl\":\"https:\\\/\\\/static.trustedtranslations.com\\\/wp-content\\\/uploads\\\/2022\\\/01\\\/TT_logo_WSIColors-2.png\",\"width\":500,\"height\":196,\"caption\":\"Trusted Translations\"},\"image\":{\"@id\":\"https:\\\/\\\/www.trustedtranslations.com\\\/it\\\/#\\\/schema\\\/logo\\\/image\\\/\"},\"sameAs\":[\"https:\\\/\\\/www.facebook.com\\\/Trusted.Translations\",\"https:\\\/\\\/x.com\\\/TrustedT9ns\",\"https:\\\/\\\/www.linkedin.com\\\/company\\\/trusted-translations\"]}]}<\/script>\n<!-- \/ Yoast SEO plugin. -->","yoast_head_json":{"title":"Servizi di traduzione di marketing online - Trusted Translations, Inc.","description":"Trusted Translations \u00e8 una soluzione unica per tutte le vostre esigenze di marketing online (SEO, SEM, social media marketing e ottimizzazione del sito web) in oltre 150 lingue. Preventivo o consulenza gratuita.","robots":{"index":"index","follow":"follow","max-snippet":"max-snippet:-1","max-image-preview":"max-image-preview:large","max-video-preview":"max-video-preview:-1"},"canonical":"https:\/\/www.trustedtranslations.com\/it\/servizi\/human\/marketing-online","og_locale":"it_IT","og_type":"article","og_title":"Servizi di traduzione di marketing online - Trusted Translations, Inc.","og_description":"Trusted Translations \u00e8 una soluzione unica per tutte le vostre esigenze di marketing online (SEO, SEM, social media marketing e ottimizzazione del sito web) in oltre 150 lingue. Preventivo o consulenza gratuita.","og_url":"https:\/\/www.trustedtranslations.com\/it\/servizi\/human\/marketing-online","og_site_name":"Trusted Translations, Inc.","article_publisher":"https:\/\/www.facebook.com\/Trusted.Translations","article_modified_time":"2024-09-04T21:39:38+00:00","og_image":[{"width":151,"height":151,"url":"https:\/\/static.trustedtranslations.com\/wp-content\/uploads\/2024\/02\/TT-ICON_Online-Marketing-Service.webp","type":"image\/webp"}],"twitter_card":"summary_large_image","twitter_site":"@TrustedT9ns","schema":{"@context":"https:\/\/schema.org","@graph":[{"@type":"WebPage","@id":"https:\/\/www.trustedtranslations.com\/it\/servizi\/human\/marketing-online","url":"https:\/\/www.trustedtranslations.com\/it\/servizi\/human\/marketing-online","name":"Servizi di traduzione di marketing online - Trusted Translations, Inc.","isPartOf":{"@id":"https:\/\/www.trustedtranslations.com\/it\/#website"},"primaryImageOfPage":{"@id":"https:\/\/www.trustedtranslations.com\/it\/servizi\/human\/marketing-online#primaryimage"},"image":{"@id":"https:\/\/www.trustedtranslations.com\/it\/servizi\/human\/marketing-online#primaryimage"},"thumbnailUrl":"https:\/\/www.trustedtranslations.com\/wp-content\/uploads\/2024\/02\/TT-ICON_Online-Marketing-Service.webp","description":"Trusted Translations \u00e8 una soluzione unica per tutte le vostre esigenze di marketing online (SEO, SEM, social media marketing e ottimizzazione del sito web) in oltre 150 lingue. Preventivo o consulenza gratuita.","breadcrumb":{"@id":"https:\/\/www.trustedtranslations.com\/it\/servizi\/human\/marketing-online#breadcrumb"},"inLanguage":"it-IT","potentialAction":[{"@type":"ReadAction","target":["https:\/\/www.trustedtranslations.com\/it\/servizi\/human\/marketing-online"]}]},{"@type":"ImageObject","inLanguage":"it-IT","@id":"https:\/\/www.trustedtranslations.com\/it\/servizi\/human\/marketing-online#primaryimage","url":"https:\/\/www.trustedtranslations.com\/wp-content\/uploads\/2024\/02\/TT-ICON_Online-Marketing-Service.webp","contentUrl":"https:\/\/www.trustedtranslations.com\/wp-content\/uploads\/2024\/02\/TT-ICON_Online-Marketing-Service.webp","width":151,"height":151,"caption":"TT ICON Online Marketing Service"},{"@type":"BreadcrumbList","@id":"https:\/\/www.trustedtranslations.com\/it\/servizi\/human\/marketing-online#breadcrumb","itemListElement":[{"@type":"ListItem","position":1,"name":"Home","item":"https:\/\/www.trustedtranslations.com\/it"},{"@type":"ListItem","position":2,"name":"Servizi","item":"https:\/\/www.trustedtranslations.com\/it\/servizi"},{"@type":"ListItem","position":3,"name":"Traduzione umana","item":"https:\/\/www.trustedtranslations.com\/it\/servizi\/human"},{"@type":"ListItem","position":4,"name":"Marketing online"}]},{"@type":"WebSite","@id":"https:\/\/www.trustedtranslations.com\/it\/#website","url":"https:\/\/www.trustedtranslations.com\/it\/","name":"Trusted Translations, Inc.","description":"Leader in translation and interpretation services.","publisher":{"@id":"https:\/\/www.trustedtranslations.com\/it\/#organization"},"alternateName":"Trusted Translations","potentialAction":[{"@type":"SearchAction","target":{"@type":"EntryPoint","urlTemplate":"https:\/\/www.trustedtranslations.com\/it\/?s={search_term_string}"},"query-input":{"@type":"PropertyValueSpecification","valueRequired":true,"valueName":"search_term_string"}}],"inLanguage":"it-IT"},{"@type":"Organization","@id":"https:\/\/www.trustedtranslations.com\/it\/#organization","name":"Trusted Translations","alternateName":"Trusted Translations, Inc.","url":"https:\/\/www.trustedtranslations.com\/it\/","logo":{"@type":"ImageObject","inLanguage":"it-IT","@id":"https:\/\/www.trustedtranslations.com\/it\/#\/schema\/logo\/image\/","url":"https:\/\/static.trustedtranslations.com\/wp-content\/uploads\/2022\/01\/TT_logo_WSIColors-2.png","contentUrl":"https:\/\/static.trustedtranslations.com\/wp-content\/uploads\/2022\/01\/TT_logo_WSIColors-2.png","width":500,"height":196,"caption":"Trusted Translations"},"image":{"@id":"https:\/\/www.trustedtranslations.com\/it\/#\/schema\/logo\/image\/"},"sameAs":["https:\/\/www.facebook.com\/Trusted.Translations","https:\/\/x.com\/TrustedT9ns","https:\/\/www.linkedin.com\/company\/trusted-translations"]}]}},"toolset-meta":{"dyk":{"mensaje-1":{"type":"textfield","raw":"Il 75% degli esperti di marketing considera estremamente efficaci le proprie strategie SEO."},"mensaje-2":{"type":"textfield","raw":"Il 46% di tutte le ricerche su Google riguarda attivit\u00e0 e servizi locali."},"mensaje-3":{"type":"textfield","raw":"La ricerca organica genera oltre la met\u00e0 di tutto il traffico web in tutto il mondo."},"mensaje-4":{"type":"textfield","raw":"Oltre il 92% di tutte le ricerche globali avviene tramite Google."},"mensaje-5":{"type":"textfield","raw":""},"mensaje-6":{"type":"textfield","raw":""}},"single-page-template-fields":{"imgs-temp":{"type":"image","raw":["https:\/\/static.trustedtranslations.com\/wp-content\/uploads\/2024\/06\/online-marketing-final-1.webp"],"repeatable":[{"raw":"https:\/\/static.trustedtranslations.com\/wp-content\/uploads\/2024\/06\/online-marketing-final-1.webp"}]},"imgs-temp-cel":{"type":"image","raw":[""],"repeatable":[{"raw":""}]},"img-temp-one-cel":{"type":"image","raw":"https:\/\/static.trustedtranslations.com\/wp-content\/uploads\/2024\/06\/AdobeStock_106624043-1-1.webp","attachment_id":null},"quotes":{"type":"textarea","raw":"<h1 style=\"margin-bottom: 12px;\">Servizi di traduzione per il marketing online<\/h1>\r\n<em>Trusted Translations<\/em> \u00e8 leader in tutti gli aspetti del marketing di siti web, tra cui l\u2019ottimizzazione per i motori di ricerca (SEO), il marketing per i motori di ricerca (SEM), la pubblicit\u00e0 pay-per-click, il social media marketing, i servizi di reputazione online, le inserzioni locali e altro ancora.\r\n<div style=\"margin-top: 2.5vw;\"><a class=\"tt-btn-main-cta\" href=\"https:\/\/www.trustedtranslations.com\/it\/quote\">Richiedi un preventivo gratuito<\/a><\/div>"},"text-1":{"type":"textarea","raw":"<h2>Trusted Translations: il vostro partner nel marketing online multilingue in oltre 150 lingue<\/h2>In qualit\u00e0 di fornitore multilingue leader, <em>Trusted Translations<\/em> \u00e8 specializzata nella fornitura di servizi di marketing online in oltre 150 lingue. Grazie ai nostri oltre 15 anni di esperienza nel marketing e nello sviluppo di Internet multilingue, offriamo soluzioni su misura che tengono conto dell\u2019espansione dei mercati globali e delle ultime tendenze online. Possiamo offrirvi l\u2019ottimizzazione per i motori di ricerca e il marketing per i motori di ricerca, insieme a un piano di marketing online integrato per tutti i vostri mercati target.\r\n<h2>Ottimizzazione della lingua del sito web<\/h2>\r\nOttimizzare il vostro sito per i motori di ricerca (es. Google, Bing, Yahoo) \u00e8 uno dei modi pi\u00f9 importanti ed efficaci per indirizzare il traffico web verso il vostro sito, aumentare le vendite e migliorare la vostra presenza online. Avere un sito multilingue \u00e8 un ottimo inizio, ma \u00e8 necessaria una strategia di ottimizzazione online per massimizzare l\u2019investimento in una piattaforma multilingue.\r\n\r\nIn particolare, l\u2019ottimizzazione del sito web in altre lingue pu\u00f2 essere un segreto per il successo. Senza dubbio l\u2019inglese \u00e8 la lingua dominante nel mondo online, ma disporre di contenuti in altre lingue consente di approfittare dell\u2019opportunit\u00e0 di indirizzare il traffico di utenti multilingue dai principali motori di ricerca al proprio sito.\r\n<h2>Ottimizzazione del motore di ricerca<\/h2>\r\nL\u2019ottimizzazione per i motori di ricerca (SEO) \u00e8 la pietra angolare dell\u2019ottimizzazione del sito web. Il SEO utilizza parole chiave popolari per massimizzare il posizionamento del sito nei motori di ricerca attraverso ricerche naturali.\r\n\r\nL\u2019utilizzo delle parole chiave nel marketing online va oltre la traduzione diretta delle parole chiave dall\u2019inglese. Innanzitutto, \u00e8 necessario effettuare una ricerca di parole chiave multilingue per determinare le parole chiave principali in ciascuna lingua di destinazione. Quindi, dovrete assicurarvi che tali parole chiave siano posizionate correttamente all\u2019interno della struttura del sito: ad esempio, avere le parole chiave giuste negli indirizzi URL e nei titoli del sito pu\u00f2 portare a notevoli miglioramenti nel posizionamento con i principali motori di ricerca. Ricevere collegamenti ipertestuali al sito da altri siti (\u201clink building\u201d) \u00e8 un altro modo fondamentale per migliorare il traffico web. Infine, un SEO efficace deve essere incorporato in modo fluido e sottile nei contenuti in modo da non distrarre l'utente.\r\n\r\nNoi di <em>Trusted Translations<\/em> abbiamo assunto i migliori esperti SEO del mondo per assistervi in questo processo critico. I nostri servizi SEO includono consulenza, ottimizzazione dei motori di ricerca \u201con-site\u201d e ottimizzazione dei motori di ricerca \u201coff-site\u201d:\r\n<ul>\r\n \t<li>i nostri <strong>servizi di consulenza SEO<\/strong> includono la ricerca di parole chiave per massimizzare il tasso di conversione per lead, potenziali clienti e vendite;<\/li>\r\n \t<li>il servizio di <strong>ottimizzazione per i motori di ricerca \u201cOn-Site\u201d<\/strong> include anche l\u2019efficace posizionamento dei contenuti e del codice per ottenere risultati esponenzialmente migliori;<\/li>\r\n \t<li>il servizio di <strong>Search Engine Optimization \u201cOff-Site\u201d<\/strong> include la creazione di link in inglese e altre lingue, nonch\u00e9 la creazione di elenchi locali per tutti i vostri uffici in diverse citt\u00e0 e paesi.<\/li>\r\n<\/ul>"},"shortcode-map":{"type":"textfield","raw":""},"dyk-shortcode":{"type":"textfield","raw":"[elementor-template id=\"146751\"]"},"text-2":{"type":"textarea","raw":"<h2>Marketing sui motori di ricerca<\/h2>\r\nOffriamo anche Search Engine Marketing (SEM), che commercializza la vostra attivit\u00e0 utilizzando annunci a pagamento per aumentare la visibilit\u00e0 del sito web nelle pagine dei risultati dei motori di ricerca (SERP). Il SEM \u00e8 una forma di marketing online attenta al budget e ampiamente utilizzata.\r\n\r\nPossiamo aiutarvi a impiegare meglio il vostro budget online in inglese, spagnolo e altre lingue con un SEM efficiente. Ad esempio, possiamo gestire il vostro account Google AdWords in tutte le lingue o in una lingua specifica, lasciandovi il tempo di concentrarvi su altri aspetti del vostro piano di marketing.\r\n<h2>Ottimizzazione dei siti web in spagnolo<\/h2>\r\nLa popolazione ispanica \u00e8 una potenza in termini di potere d\u2019acquisto negli Stati Uniti e all\u2019estero. Le aziende che non riescono ad attingere a questo enorme mercato lasciano sul tavolo miliardi di potenziali entrate.\r\n\r\nSe siete nuovi nel grande gioco globale delle lingue, vi consigliamo di iniziare traducendo e ottimizzando il vostro sito in spagnolo. Praticamente ogni azienda e organizzazione pu\u00f2 trarre vantaggio dalla pubblicazione del proprio sito in spagnolo. In qualit\u00e0 di <a href=\"https:\/\/www.trustedtranslations.com\/it\/chi-siamo\/agenzia-per-la-lingua-spagnola\" rel=\"noopener\">leader nel settore delle traduzioni in spagnolo<\/a>, <em>Trusted Translations<\/em> vi fornir\u00e0 un supporto specializzato nell\u2019ottimizzazione dei siti web in spagnolo.\r\n<h2>Marketing online in spagnolo e altre lingue<\/h2>\r\nNon solo i nostri linguisti esperti di marketing online sono specializzati in SEO e SEM in spagnolo, ma <em>Trusted Translations<\/em> \u00e8 anche un\u2019autorit\u00e0 nel mercato ispanico degli Stati Uniti. Ad esempio, se il vostro obiettivo \u00e8 raggiungere il pubblico ispanico negli Stati Uniti, abbiamo accesso a modalit\u00e0 di ricerca online proprietarie che aumenteranno le vostre possibilit\u00e0 di espansione in questo mercato redditizio.\r\n\r\nCome parte dei nostri servizi di traduzione di siti web, i nostri esperti SEM e SEO condurranno anche un ampio servizio di ricerca di parole chiave in spagnolo (o nella lingua che desiderate) per assicurarvi di scegliere come target le parole chiave multilingue corrette.\r\n\r\nSe siete in cerca di servizi multilingue SEO, SEM o di ottimizzazione di siti web, non esitare a contattare uno dei nostri esperti di marketing online per richiedere un preventivo o una consulenza gratuita."},"state":{"type":"textfield","raw":""},"city":{"type":"textarea","raw":[]}}},"_links":{"self":[{"href":"https:\/\/www.trustedtranslations.com\/it\/wp-json\/wp\/v2\/pages\/123266","targetHints":{"allow":["GET"]}}],"collection":[{"href":"https:\/\/www.trustedtranslations.com\/it\/wp-json\/wp\/v2\/pages"}],"about":[{"href":"https:\/\/www.trustedtranslations.com\/it\/wp-json\/wp\/v2\/types\/page"}],"author":[{"embeddable":true,"href":"https:\/\/www.trustedtranslations.com\/it\/wp-json\/wp\/v2\/users\/1"}],"replies":[{"embeddable":true,"href":"https:\/\/www.trustedtranslations.com\/it\/wp-json\/wp\/v2\/comments?post=123266"}],"version-history":[{"count":0,"href":"https:\/\/www.trustedtranslations.com\/it\/wp-json\/wp\/v2\/pages\/123266\/revisions"}],"up":[{"embeddable":true,"href":"https:\/\/www.trustedtranslations.com\/it\/wp-json\/wp\/v2\/pages\/123306"}],"wp:featuredmedia":[{"embeddable":true,"href":"https:\/\/www.trustedtranslations.com\/it\/wp-json\/wp\/v2\/media\/235685"}],"wp:attachment":[{"href":"https:\/\/www.trustedtranslations.com\/it\/wp-json\/wp\/v2\/media?parent=123266"}],"curies":[{"name":"wp","href":"https:\/\/api.w.org\/{rel}","templated":true}]}}