{"id":123267,"date":"2019-11-28T16:50:30","date_gmt":"2019-11-28T16:50:30","guid":{"rendered":"https:\/\/www.trustedtranslations.com\/?page_id=123267"},"modified":"2024-09-18T18:08:54","modified_gmt":"2024-09-18T21:08:54","slug":"cat-tools","status":"publish","type":"page","link":"https:\/\/www.trustedtranslations.com\/it\/servizi\/human\/qualita\/cat-tools","title":{"rendered":"Strumenti CAT"},"content":{"rendered":"","protected":false},"excerpt":{"rendered":"","protected":false},"author":1,"featured_media":177437,"parent":123269,"menu_order":0,"comment_status":"closed","ping_status":"closed","template":"","meta":{"site-sidebar-layout":"default","site-content-layout":"default","ast-site-content-layout":"default","site-content-style":"default","site-sidebar-style":"default","ast-global-header-display":"","ast-banner-title-visibility":"","ast-main-header-display":"","ast-hfb-above-header-display":"","ast-hfb-below-header-display":"","ast-hfb-mobile-header-display":"","site-post-title":"disabled","ast-breadcrumbs-content":"","ast-featured-img":"","footer-sml-layout":"","theme-transparent-header-meta":"default","adv-header-id-meta":"","stick-header-meta":"","header-above-stick-meta":"","header-main-stick-meta":"","header-below-stick-meta":"","astra-migrate-meta-layouts":"set","ast-page-background-enabled":"default","ast-page-background-meta":{"desktop":{"background-color":"var(--ast-global-color-4)","background-image":"","background-repeat":"repeat","background-position":"center center","background-size":"auto","background-attachment":"scroll","background-type":"","background-media":"","overlay-type":"","overlay-color":"","overlay-opacity":"","overlay-gradient":""},"tablet":{"background-color":"","background-image":"","background-repeat":"repeat","background-position":"center center","background-size":"auto","background-attachment":"scroll","background-type":"","background-media":"","overlay-type":"","overlay-color":"","overlay-opacity":"","overlay-gradient":""},"mobile":{"background-color":"","background-image":"","background-repeat":"repeat","background-position":"center center","background-size":"auto","background-attachment":"scroll","background-type":"","background-media":"","overlay-type":"","overlay-color":"","overlay-opacity":"","overlay-gradient":""}},"ast-content-background-meta":{"desktop":{"background-color":"var(--ast-global-color-5)","background-image":"","background-repeat":"repeat","background-position":"center center","background-size":"auto","background-attachment":"scroll","background-type":"","background-media":"","overlay-type":"","overlay-color":"","overlay-opacity":"","overlay-gradient":""},"tablet":{"background-color":"var(--ast-global-color-5)","background-image":"","background-repeat":"repeat","background-position":"center center","background-size":"auto","background-attachment":"scroll","background-type":"","background-media":"","overlay-type":"","overlay-color":"","overlay-opacity":"","overlay-gradient":""},"mobile":{"background-color":"var(--ast-global-color-5)","background-image":"","background-repeat":"repeat","background-position":"center center","background-size":"auto","background-attachment":"scroll","background-type":"","background-media":"","overlay-type":"","overlay-color":"","overlay-opacity":"","overlay-gradient":""}},"footnotes":""},"class_list":["post-123267","page","type-page","status-publish","has-post-thumbnail","hentry"],"yoast_head":"<!-- This site is optimized with the Yoast SEO plugin v27.5 - https:\/\/yoast.com\/product\/yoast-seo-wordpress\/ -->\n<title>Strumenti di traduzione assistita da computer per migliorare le traduzioni<\/title>\n<meta name=\"description\" content=\"Trusted Translations pu\u00f2 sfruttare le traduzioni umane effettuate in precedenza attraverso l\u2019utilizzo di strumenti di traduzione assistita da computer per migliorare la qualit\u00e0 e ridurre i costi.\" \/>\n<meta name=\"robots\" content=\"index, follow, max-snippet:-1, max-image-preview:large, max-video-preview:-1\" \/>\n<link rel=\"canonical\" href=\"https:\/\/www.trustedtranslations.com\/it\/servizi\/human\/qualita\/cat-tools\" \/>\n<meta property=\"og:locale\" content=\"it_IT\" \/>\n<meta property=\"og:type\" content=\"article\" \/>\n<meta property=\"og:title\" content=\"Strumenti di traduzione assistita da computer per migliorare le traduzioni\" \/>\n<meta property=\"og:description\" content=\"Trusted Translations pu\u00f2 sfruttare le traduzioni umane effettuate in precedenza attraverso l\u2019utilizzo di strumenti di traduzione assistita da computer per migliorare la qualit\u00e0 e ridurre i costi.\" \/>\n<meta property=\"og:url\" content=\"https:\/\/www.trustedtranslations.com\/it\/servizi\/human\/qualita\/cat-tools\" \/>\n<meta property=\"og:site_name\" content=\"Trusted Translations, Inc.\" \/>\n<meta property=\"article:publisher\" content=\"https:\/\/www.facebook.com\/Trusted.Translations\" \/>\n<meta property=\"article:modified_time\" content=\"2024-09-18T21:08:54+00:00\" \/>\n<meta property=\"og:image\" content=\"https:\/\/www.trustedtranslations.com\/wp-content\/uploads\/2022\/06\/tt-logo-2-1.webp\" \/>\n\t<meta property=\"og:image:width\" content=\"216\" \/>\n\t<meta property=\"og:image:height\" content=\"94\" \/>\n\t<meta property=\"og:image:type\" content=\"image\/webp\" \/>\n<meta name=\"twitter:card\" content=\"summary_large_image\" \/>\n<meta name=\"twitter:site\" content=\"@TrustedT9ns\" \/>\n<script type=\"application\/ld+json\" class=\"yoast-schema-graph\">{\"@context\":\"https:\\\/\\\/schema.org\",\"@graph\":[{\"@type\":\"WebPage\",\"@id\":\"https:\\\/\\\/www.trustedtranslations.com\\\/it\\\/servizi\\\/human\\\/qualita\\\/cat-tools\",\"url\":\"https:\\\/\\\/www.trustedtranslations.com\\\/it\\\/servizi\\\/human\\\/qualita\\\/cat-tools\",\"name\":\"Strumenti di traduzione assistita da computer per migliorare le traduzioni\",\"isPartOf\":{\"@id\":\"https:\\\/\\\/www.trustedtranslations.com\\\/it\\\/#website\"},\"primaryImageOfPage\":{\"@id\":\"https:\\\/\\\/www.trustedtranslations.com\\\/it\\\/servizi\\\/human\\\/qualita\\\/cat-tools#primaryimage\"},\"image\":{\"@id\":\"https:\\\/\\\/www.trustedtranslations.com\\\/it\\\/servizi\\\/human\\\/qualita\\\/cat-tools#primaryimage\"},\"thumbnailUrl\":\"\",\"description\":\"Trusted Translations pu\u00f2 sfruttare le traduzioni umane effettuate in precedenza attraverso l\u2019utilizzo di strumenti di traduzione assistita da computer per migliorare la qualit\u00e0 e ridurre i costi.\",\"breadcrumb\":{\"@id\":\"https:\\\/\\\/www.trustedtranslations.com\\\/it\\\/servizi\\\/human\\\/qualita\\\/cat-tools#breadcrumb\"},\"inLanguage\":\"it-IT\",\"potentialAction\":[{\"@type\":\"ReadAction\",\"target\":[\"https:\\\/\\\/www.trustedtranslations.com\\\/it\\\/servizi\\\/human\\\/qualita\\\/cat-tools\"]}]},{\"@type\":\"ImageObject\",\"inLanguage\":\"it-IT\",\"@id\":\"https:\\\/\\\/www.trustedtranslations.com\\\/it\\\/servizi\\\/human\\\/qualita\\\/cat-tools#primaryimage\",\"url\":\"\",\"contentUrl\":\"\"},{\"@type\":\"BreadcrumbList\",\"@id\":\"https:\\\/\\\/www.trustedtranslations.com\\\/it\\\/servizi\\\/human\\\/qualita\\\/cat-tools#breadcrumb\",\"itemListElement\":[{\"@type\":\"ListItem\",\"position\":1,\"name\":\"Home\",\"item\":\"https:\\\/\\\/www.trustedtranslations.com\\\/it\"},{\"@type\":\"ListItem\",\"position\":2,\"name\":\"Servizi\",\"item\":\"https:\\\/\\\/www.trustedtranslations.com\\\/it\\\/servizi\"},{\"@type\":\"ListItem\",\"position\":3,\"name\":\"Traduzione umana\",\"item\":\"https:\\\/\\\/www.trustedtranslations.com\\\/it\\\/servizi\\\/human\"},{\"@type\":\"ListItem\",\"position\":4,\"name\":\"Qualit\u00e0\",\"item\":\"https:\\\/\\\/www.trustedtranslations.com\\\/it\\\/servizi\\\/human\\\/qualita\"},{\"@type\":\"ListItem\",\"position\":5,\"name\":\"Strumenti CAT\"}]},{\"@type\":\"WebSite\",\"@id\":\"https:\\\/\\\/www.trustedtranslations.com\\\/it\\\/#website\",\"url\":\"https:\\\/\\\/www.trustedtranslations.com\\\/it\\\/\",\"name\":\"Trusted Translations, Inc.\",\"description\":\"Leader in translation and interpretation services.\",\"publisher\":{\"@id\":\"https:\\\/\\\/www.trustedtranslations.com\\\/it\\\/#organization\"},\"alternateName\":\"Trusted Translations\",\"potentialAction\":[{\"@type\":\"SearchAction\",\"target\":{\"@type\":\"EntryPoint\",\"urlTemplate\":\"https:\\\/\\\/www.trustedtranslations.com\\\/it\\\/?s={search_term_string}\"},\"query-input\":{\"@type\":\"PropertyValueSpecification\",\"valueRequired\":true,\"valueName\":\"search_term_string\"}}],\"inLanguage\":\"it-IT\"},{\"@type\":\"Organization\",\"@id\":\"https:\\\/\\\/www.trustedtranslations.com\\\/it\\\/#organization\",\"name\":\"Trusted Translations\",\"alternateName\":\"Trusted Translations, Inc.\",\"url\":\"https:\\\/\\\/www.trustedtranslations.com\\\/it\\\/\",\"logo\":{\"@type\":\"ImageObject\",\"inLanguage\":\"it-IT\",\"@id\":\"https:\\\/\\\/www.trustedtranslations.com\\\/it\\\/#\\\/schema\\\/logo\\\/image\\\/\",\"url\":\"https:\\\/\\\/static.trustedtranslations.com\\\/wp-content\\\/uploads\\\/2022\\\/01\\\/TT_logo_WSIColors-2.png\",\"contentUrl\":\"https:\\\/\\\/static.trustedtranslations.com\\\/wp-content\\\/uploads\\\/2022\\\/01\\\/TT_logo_WSIColors-2.png\",\"width\":500,\"height\":196,\"caption\":\"Trusted Translations\"},\"image\":{\"@id\":\"https:\\\/\\\/www.trustedtranslations.com\\\/it\\\/#\\\/schema\\\/logo\\\/image\\\/\"},\"sameAs\":[\"https:\\\/\\\/www.facebook.com\\\/Trusted.Translations\",\"https:\\\/\\\/x.com\\\/TrustedT9ns\",\"https:\\\/\\\/www.linkedin.com\\\/company\\\/trusted-translations\"]}]}<\/script>\n<!-- \/ Yoast SEO plugin. -->","yoast_head_json":{"title":"Strumenti di traduzione assistita da computer per migliorare le traduzioni","description":"Trusted Translations pu\u00f2 sfruttare le traduzioni umane effettuate in precedenza attraverso l\u2019utilizzo di strumenti di traduzione assistita da computer per migliorare la qualit\u00e0 e ridurre i costi.","robots":{"index":"index","follow":"follow","max-snippet":"max-snippet:-1","max-image-preview":"max-image-preview:large","max-video-preview":"max-video-preview:-1"},"canonical":"https:\/\/www.trustedtranslations.com\/it\/servizi\/human\/qualita\/cat-tools","og_locale":"it_IT","og_type":"article","og_title":"Strumenti di traduzione assistita da computer per migliorare le traduzioni","og_description":"Trusted Translations pu\u00f2 sfruttare le traduzioni umane effettuate in precedenza attraverso l\u2019utilizzo di strumenti di traduzione assistita da computer per migliorare la qualit\u00e0 e ridurre i costi.","og_url":"https:\/\/www.trustedtranslations.com\/it\/servizi\/human\/qualita\/cat-tools","og_site_name":"Trusted Translations, Inc.","article_publisher":"https:\/\/www.facebook.com\/Trusted.Translations","article_modified_time":"2024-09-18T21:08:54+00:00","og_image":[{"width":216,"height":94,"url":"https:\/\/www.trustedtranslations.com\/wp-content\/uploads\/2022\/06\/tt-logo-2-1.webp","type":"image\/webp"}],"twitter_card":"summary_large_image","twitter_site":"@TrustedT9ns","schema":{"@context":"https:\/\/schema.org","@graph":[{"@type":"WebPage","@id":"https:\/\/www.trustedtranslations.com\/it\/servizi\/human\/qualita\/cat-tools","url":"https:\/\/www.trustedtranslations.com\/it\/servizi\/human\/qualita\/cat-tools","name":"Strumenti di traduzione assistita da computer per migliorare le traduzioni","isPartOf":{"@id":"https:\/\/www.trustedtranslations.com\/it\/#website"},"primaryImageOfPage":{"@id":"https:\/\/www.trustedtranslations.com\/it\/servizi\/human\/qualita\/cat-tools#primaryimage"},"image":{"@id":"https:\/\/www.trustedtranslations.com\/it\/servizi\/human\/qualita\/cat-tools#primaryimage"},"thumbnailUrl":"","description":"Trusted Translations pu\u00f2 sfruttare le traduzioni umane effettuate in precedenza attraverso l\u2019utilizzo di strumenti di traduzione assistita da computer per migliorare la qualit\u00e0 e ridurre i costi.","breadcrumb":{"@id":"https:\/\/www.trustedtranslations.com\/it\/servizi\/human\/qualita\/cat-tools#breadcrumb"},"inLanguage":"it-IT","potentialAction":[{"@type":"ReadAction","target":["https:\/\/www.trustedtranslations.com\/it\/servizi\/human\/qualita\/cat-tools"]}]},{"@type":"ImageObject","inLanguage":"it-IT","@id":"https:\/\/www.trustedtranslations.com\/it\/servizi\/human\/qualita\/cat-tools#primaryimage","url":"","contentUrl":""},{"@type":"BreadcrumbList","@id":"https:\/\/www.trustedtranslations.com\/it\/servizi\/human\/qualita\/cat-tools#breadcrumb","itemListElement":[{"@type":"ListItem","position":1,"name":"Home","item":"https:\/\/www.trustedtranslations.com\/it"},{"@type":"ListItem","position":2,"name":"Servizi","item":"https:\/\/www.trustedtranslations.com\/it\/servizi"},{"@type":"ListItem","position":3,"name":"Traduzione umana","item":"https:\/\/www.trustedtranslations.com\/it\/servizi\/human"},{"@type":"ListItem","position":4,"name":"Qualit\u00e0","item":"https:\/\/www.trustedtranslations.com\/it\/servizi\/human\/qualita"},{"@type":"ListItem","position":5,"name":"Strumenti CAT"}]},{"@type":"WebSite","@id":"https:\/\/www.trustedtranslations.com\/it\/#website","url":"https:\/\/www.trustedtranslations.com\/it\/","name":"Trusted Translations, Inc.","description":"Leader in translation and interpretation services.","publisher":{"@id":"https:\/\/www.trustedtranslations.com\/it\/#organization"},"alternateName":"Trusted Translations","potentialAction":[{"@type":"SearchAction","target":{"@type":"EntryPoint","urlTemplate":"https:\/\/www.trustedtranslations.com\/it\/?s={search_term_string}"},"query-input":{"@type":"PropertyValueSpecification","valueRequired":true,"valueName":"search_term_string"}}],"inLanguage":"it-IT"},{"@type":"Organization","@id":"https:\/\/www.trustedtranslations.com\/it\/#organization","name":"Trusted Translations","alternateName":"Trusted Translations, Inc.","url":"https:\/\/www.trustedtranslations.com\/it\/","logo":{"@type":"ImageObject","inLanguage":"it-IT","@id":"https:\/\/www.trustedtranslations.com\/it\/#\/schema\/logo\/image\/","url":"https:\/\/static.trustedtranslations.com\/wp-content\/uploads\/2022\/01\/TT_logo_WSIColors-2.png","contentUrl":"https:\/\/static.trustedtranslations.com\/wp-content\/uploads\/2022\/01\/TT_logo_WSIColors-2.png","width":500,"height":196,"caption":"Trusted Translations"},"image":{"@id":"https:\/\/www.trustedtranslations.com\/it\/#\/schema\/logo\/image\/"},"sameAs":["https:\/\/www.facebook.com\/Trusted.Translations","https:\/\/x.com\/TrustedT9ns","https:\/\/www.linkedin.com\/company\/trusted-translations"]}]}},"toolset-meta":{"dyk":{"mensaje-1":{"type":"textfield","raw":"La maggior parte dei traduttori stima che gli strumenti CAT migliorino la loro efficienza almeno del 30%."},"mensaje-2":{"type":"textfield","raw":"Gli strumenti CAT consentono di cercare frasi tradotte in precedenza per migliorare la coerenza."},"mensaje-3":{"type":"textfield","raw":"Gli strumenti CAT aiutano a ridurre i tempi di consegna e ci\u00f2 comporta una riduzione dei costi complessivi."},"mensaje-4":{"type":"textfield","raw":"Utilizzando gli strumenti CAT i traduttori possono individuare pi\u00f9 facilmente errori o frasi non tradotte."},"mensaje-5":{"type":"textfield","raw":"CATT \u00e8 l\u2019acronimo di Computer-Assisted Translation Tools, ovvero Strumenti di traduzione assistita da computer."},"mensaje-6":{"type":"textfield","raw":""}},"single-page-template-fields":{"imgs-temp":{"type":"image","raw":["https:\/\/static.trustedtranslations.com\/wp-content\/uploads\/2024\/06\/cat-tools-final-1.webp"],"repeatable":[{"raw":"https:\/\/static.trustedtranslations.com\/wp-content\/uploads\/2024\/06\/cat-tools-final-1.webp"}]},"imgs-temp-cel":{"type":"image","raw":[""],"repeatable":[{"raw":""}]},"img-temp-one-cel":{"type":"image","raw":"https:\/\/static.trustedtranslations.com\/wp-content\/uploads\/2024\/06\/AdobeStock_415877766-1-1.webp","attachment_id":null},"quotes":{"type":"textarea","raw":"<h1 style=\"margin-bottom: 12px;\">Servizi di traduzione assistita da computer<\/h1>\r\n<em>Trusted Translations<\/em> utilizza strumenti di traduzione assistita da computer (CAT) di alto livello per integrare, ma mai per sostituire, il lavoro dei nostri traduttori umani. I nostri strumenti CAT ci aiutano a migliorare la qualit\u00e0 della traduzione e a ridurre i costi.\r\n<div style=\"margin-top: 2.5vw;\"><a class=\"tt-btn-main-cta\" href=\"https:\/\/www.trustedtranslations.com\/it\/quote\">Richiedi un preventivo gratuito<\/a><\/div>"},"text-1":{"type":"textarea","raw":"<h2>Migliorare la traduzione umana con strumenti avanzati<\/h2>La traduzione assistita da computer (CAT) \u00e8 un termine ampio e alquanto impreciso che copre una gamma di strumenti di traduzione, da quelli pi\u00f9 semplici a quelli pi\u00f9 complessi. In generale, il procedimento CAT incorpora una fase di editing manuale insieme all\u2019utilizzo di software, rendendo la traduzione un processo interattivo tra i linguisti umani e i loro computer.\r\n\r\nGli strumenti CAT non devono essere scambiati per motori di traduzione automatica generici. Invece, la traduzione assistita sfrutta la potenza di elaborazione dei computer per potenziare l\u2019abilit\u00e0 dei traduttori umani. Esempi di strumenti CAT che i nostri traduttori possono utilizzare includono: correttori ortografici, correttori grammaticali, gestori di terminologia, dizionari elettronici, database terminologici, memorie di traduzione e strumenti di conservazione della formattazione, tra gli altri.\r\n<h2>Strumenti CAT e memorie di traduzione<\/h2>\r\nUno strumento CAT salva le unit\u00e0 di traduzione (TU) in una memoria di traduzione (TM). La traduzione di ogni segmento, normalmente un blocco (o una stringa) di parole che pu\u00f2 essere una parte di frase o una frase completa, viene salvata insieme al testo di origine. Ci\u00f2 rende le memorie di traduzione diverse dagli strumenti terminologici come i glossari, sebbene vengano spesso usati insieme; i glossari sono database di parole come nomi, verbi, aggettivi, avverbi o espressioni idiomatiche pi\u00f9 lunghe che devono essere tradotte in un certo modo a seconda del contesto.\r\n\r\nLe memorie di traduzione sono un file di database o un insieme di file, quindi necessitano di un\u2019interfaccia software per essere utilizzate e modificate. Tale interfaccia software \u00e8 ci\u00f2 che viene comunemente chiamato nel settore \u201cstrumento CAT\u201d e pu\u00f2 trattarsi di un programma software autonomo o di un\u2019applicazione basata sul web. Lo strumento CAT presenta i segmenti al linguista in un modo comodo che facilita e sveltisce il processo di traduzione.\r\n\r\nGli strumenti CAT consentono ai traduttori umani di sfruttare traduzioni di qualit\u00e0 precedentemente approvate in un ambiente che consente accesso rapido e semplice alle memorie di traduzione. Gli strumenti CAT forniscono anche un mezzo per costruire memorie di traduzione passate o per creare nuove memorie attraverso correzioni e\/o la traduzione di nuovi segmenti.\u00a0Questo processo iterativo \u00e8 la chiave per migliorare costantemente la qualit\u00e0 e i tempi di consegna."},"shortcode-map":{"type":"textfield","raw":""},"dyk-shortcode":{"type":"textfield","raw":"[elementor-template id=\"146751\"]"},"text-2":{"type":"textarea","raw":"<h2>Strumenti CAT e ripetizioni<\/h2>\r\nCome funzionano gli strumenti CAT e le memorie di traduzione? Quando un traduttore applica la memoria di traduzione a nuovi contenuti, vi sono diversi risultati possibili. Un possibile risultato \u00e8 \u201cNessuna corrispondenza\u201d, che significa semplicemente che non ci sono segmenti corrispondenti nella memoria. In questo caso la frase deve essere tradotta da zero da un traduttore umano esperto.\r\n\r\n\u201cCorrispondenza completa\u201d (corrispondenza al 100%) significa che nel nuovo testo \u00e8 presente una frase (o segmento) identica a una frase gi\u00e0 tradotta archiviata nella memoria di traduzione. Il traduttore deve verificare che il segmento venga utilizzato correttamente nel contesto della nuova traduzione e semplicemente approvarlo se corretto.\r\n\r\nInfine, \u201cCorrispondenza parziale\u201d indica una frase o un segmento nel nuovo contenuto che \u00e8 simile, ma non identico, a un segmento archiviato nella memoria di traduzione. Il traduttore umano deve quindi rivedere i risultati e probabilmente modificarli per tradurre la frase in modo accurato.\r\n\r\nUna \u201cripetizione\u201d \u00e8 un segmento che si ripete pi\u00f9 volte nel documento in questione; l\u2019utilizzo di una memoria di traduzione significa che il segmento\/la frase deve essere tradotto solo una volta, dopodich\u00e9 la traduzione verr\u00e0 generata automaticamente.\r\n\r\nCome possiamo vedere, gli strumenti CAT sono un modo eccellente per aiutare i traduttori ad applicare al meglio la loro esperienza a diverse sezioni di contenuto.\r\n\r\n<em>Trusted Translations<\/em> utilizza strumenti CAT e strumenti terminologici come ausilio per i propri traduttori umani contribuendo a migliorare la qualit\u00e0 complessiva di progetti di traduzione medio-grandi. Contattateci oggi stesso se siete interessati a saperne di pi\u00f9 sull\u2019utilizzo degli strumenti CAT."},"state":{"type":"textfield","raw":""},"city":{"type":"textarea","raw":[]}}},"_links":{"self":[{"href":"https:\/\/www.trustedtranslations.com\/it\/wp-json\/wp\/v2\/pages\/123267","targetHints":{"allow":["GET"]}}],"collection":[{"href":"https:\/\/www.trustedtranslations.com\/it\/wp-json\/wp\/v2\/pages"}],"about":[{"href":"https:\/\/www.trustedtranslations.com\/it\/wp-json\/wp\/v2\/types\/page"}],"author":[{"embeddable":true,"href":"https:\/\/www.trustedtranslations.com\/it\/wp-json\/wp\/v2\/users\/1"}],"replies":[{"embeddable":true,"href":"https:\/\/www.trustedtranslations.com\/it\/wp-json\/wp\/v2\/comments?post=123267"}],"version-history":[{"count":0,"href":"https:\/\/www.trustedtranslations.com\/it\/wp-json\/wp\/v2\/pages\/123267\/revisions"}],"up":[{"embeddable":true,"href":"https:\/\/www.trustedtranslations.com\/it\/wp-json\/wp\/v2\/pages\/123269"}],"wp:featuredmedia":[{"embeddable":true,"href":"https:\/\/www.trustedtranslations.com\/it\/wp-json\/"}],"wp:attachment":[{"href":"https:\/\/www.trustedtranslations.com\/it\/wp-json\/wp\/v2\/media?parent=123267"}],"curies":[{"name":"wp","href":"https:\/\/api.w.org\/{rel}","templated":true}]}}