{"id":123268,"date":"2019-11-28T16:50:13","date_gmt":"2019-11-28T16:50:13","guid":{"rendered":"https:\/\/www.trustedtranslations.com\/?page_id=123268"},"modified":"2024-09-06T11:27:24","modified_gmt":"2024-09-06T14:27:24","slug":"memorie-di-traduzione","status":"publish","type":"page","link":"https:\/\/www.trustedtranslations.com\/it\/servizi\/human\/qualita\/memorie-di-traduzione","title":{"rendered":"Memorie di traduzione"},"content":{"rendered":"","protected":false},"excerpt":{"rendered":"","protected":false},"author":1,"featured_media":177437,"parent":123269,"menu_order":0,"comment_status":"closed","ping_status":"closed","template":"","meta":{"site-sidebar-layout":"default","site-content-layout":"default","ast-site-content-layout":"default","site-content-style":"default","site-sidebar-style":"default","ast-global-header-display":"","ast-banner-title-visibility":"","ast-main-header-display":"","ast-hfb-above-header-display":"","ast-hfb-below-header-display":"","ast-hfb-mobile-header-display":"","site-post-title":"disabled","ast-breadcrumbs-content":"","ast-featured-img":"","footer-sml-layout":"","ast-disable-related-posts":"","theme-transparent-header-meta":"default","adv-header-id-meta":"","stick-header-meta":"","header-above-stick-meta":"","header-main-stick-meta":"","header-below-stick-meta":"","astra-migrate-meta-layouts":"set","ast-page-background-enabled":"default","ast-page-background-meta":{"desktop":{"background-color":"var(--ast-global-color-4)","background-image":"","background-repeat":"repeat","background-position":"center center","background-size":"auto","background-attachment":"scroll","background-type":"","background-media":"","overlay-type":"","overlay-color":"","overlay-opacity":"","overlay-gradient":""},"tablet":{"background-color":"","background-image":"","background-repeat":"repeat","background-position":"center center","background-size":"auto","background-attachment":"scroll","background-type":"","background-media":"","overlay-type":"","overlay-color":"","overlay-opacity":"","overlay-gradient":""},"mobile":{"background-color":"","background-image":"","background-repeat":"repeat","background-position":"center center","background-size":"auto","background-attachment":"scroll","background-type":"","background-media":"","overlay-type":"","overlay-color":"","overlay-opacity":"","overlay-gradient":""}},"ast-content-background-meta":{"desktop":{"background-color":"var(--ast-global-color-5)","background-image":"","background-repeat":"repeat","background-position":"center center","background-size":"auto","background-attachment":"scroll","background-type":"","background-media":"","overlay-type":"","overlay-color":"","overlay-opacity":"","overlay-gradient":""},"tablet":{"background-color":"var(--ast-global-color-5)","background-image":"","background-repeat":"repeat","background-position":"center center","background-size":"auto","background-attachment":"scroll","background-type":"","background-media":"","overlay-type":"","overlay-color":"","overlay-opacity":"","overlay-gradient":""},"mobile":{"background-color":"var(--ast-global-color-5)","background-image":"","background-repeat":"repeat","background-position":"center center","background-size":"auto","background-attachment":"scroll","background-type":"","background-media":"","overlay-type":"","overlay-color":"","overlay-opacity":"","overlay-gradient":""}},"footnotes":""},"class_list":["post-123268","page","type-page","status-publish","has-post-thumbnail","hentry"],"yoast_head":"<!-- This site is optimized with the Yoast SEO plugin v27.5 - https:\/\/yoast.com\/product\/yoast-seo-wordpress\/ -->\n<title>Memorie di traduzione - Trusted Translations, Inc.<\/title>\n<meta name=\"description\" content=\"Trusted Translations pu\u00f2 sfruttare le traduzioni umane effettuate in precedenza attraverso l\u2019utilizzo di memorie di traduzione e server di memorie di traduzione per migliorare la qualit\u00e0 e ridurre i costi.\" \/>\n<meta name=\"robots\" content=\"index, follow, max-snippet:-1, max-image-preview:large, max-video-preview:-1\" \/>\n<link rel=\"canonical\" href=\"https:\/\/www.trustedtranslations.com\/it\/servizi\/human\/qualita\/memorie-di-traduzione\" \/>\n<meta property=\"og:locale\" content=\"it_IT\" \/>\n<meta property=\"og:type\" content=\"article\" \/>\n<meta property=\"og:title\" content=\"Memorie di traduzione - Trusted Translations, Inc.\" \/>\n<meta property=\"og:description\" content=\"Trusted Translations pu\u00f2 sfruttare le traduzioni umane effettuate in precedenza attraverso l\u2019utilizzo di memorie di traduzione e server di memorie di traduzione per migliorare la qualit\u00e0 e ridurre i costi.\" \/>\n<meta property=\"og:url\" content=\"https:\/\/www.trustedtranslations.com\/it\/servizi\/human\/qualita\/memorie-di-traduzione\" \/>\n<meta property=\"og:site_name\" content=\"Trusted Translations, Inc.\" \/>\n<meta property=\"article:publisher\" content=\"https:\/\/www.facebook.com\/Trusted.Translations\" \/>\n<meta property=\"article:modified_time\" content=\"2024-09-06T14:27:24+00:00\" \/>\n<meta property=\"og:image\" content=\"https:\/\/www.trustedtranslations.com\/wp-content\/uploads\/2022\/06\/tt-logo-2-1.webp\" \/>\n\t<meta property=\"og:image:width\" content=\"216\" \/>\n\t<meta property=\"og:image:height\" content=\"94\" \/>\n\t<meta property=\"og:image:type\" content=\"image\/webp\" \/>\n<meta name=\"twitter:card\" content=\"summary_large_image\" \/>\n<meta name=\"twitter:site\" content=\"@TrustedT9ns\" \/>\n<script type=\"application\/ld+json\" class=\"yoast-schema-graph\">{\"@context\":\"https:\\\/\\\/schema.org\",\"@graph\":[{\"@type\":\"WebPage\",\"@id\":\"https:\\\/\\\/www.trustedtranslations.com\\\/it\\\/servizi\\\/human\\\/qualita\\\/memorie-di-traduzione\",\"url\":\"https:\\\/\\\/www.trustedtranslations.com\\\/it\\\/servizi\\\/human\\\/qualita\\\/memorie-di-traduzione\",\"name\":\"Memorie di traduzione - Trusted Translations, Inc.\",\"isPartOf\":{\"@id\":\"https:\\\/\\\/www.trustedtranslations.com\\\/it\\\/#website\"},\"primaryImageOfPage\":{\"@id\":\"https:\\\/\\\/www.trustedtranslations.com\\\/it\\\/servizi\\\/human\\\/qualita\\\/memorie-di-traduzione#primaryimage\"},\"image\":{\"@id\":\"https:\\\/\\\/www.trustedtranslations.com\\\/it\\\/servizi\\\/human\\\/qualita\\\/memorie-di-traduzione#primaryimage\"},\"thumbnailUrl\":\"\",\"description\":\"Trusted Translations pu\u00f2 sfruttare le traduzioni umane effettuate in precedenza attraverso l\u2019utilizzo di memorie di traduzione e server di memorie di traduzione per migliorare la qualit\u00e0 e ridurre i costi.\",\"breadcrumb\":{\"@id\":\"https:\\\/\\\/www.trustedtranslations.com\\\/it\\\/servizi\\\/human\\\/qualita\\\/memorie-di-traduzione#breadcrumb\"},\"inLanguage\":\"it-IT\",\"potentialAction\":[{\"@type\":\"ReadAction\",\"target\":[\"https:\\\/\\\/www.trustedtranslations.com\\\/it\\\/servizi\\\/human\\\/qualita\\\/memorie-di-traduzione\"]}]},{\"@type\":\"ImageObject\",\"inLanguage\":\"it-IT\",\"@id\":\"https:\\\/\\\/www.trustedtranslations.com\\\/it\\\/servizi\\\/human\\\/qualita\\\/memorie-di-traduzione#primaryimage\",\"url\":\"\",\"contentUrl\":\"\"},{\"@type\":\"BreadcrumbList\",\"@id\":\"https:\\\/\\\/www.trustedtranslations.com\\\/it\\\/servizi\\\/human\\\/qualita\\\/memorie-di-traduzione#breadcrumb\",\"itemListElement\":[{\"@type\":\"ListItem\",\"position\":1,\"name\":\"Home\",\"item\":\"https:\\\/\\\/www.trustedtranslations.com\\\/it\"},{\"@type\":\"ListItem\",\"position\":2,\"name\":\"Servizi\",\"item\":\"https:\\\/\\\/www.trustedtranslations.com\\\/it\\\/servizi\"},{\"@type\":\"ListItem\",\"position\":3,\"name\":\"Traduzione umana\",\"item\":\"https:\\\/\\\/www.trustedtranslations.com\\\/it\\\/servizi\\\/human\"},{\"@type\":\"ListItem\",\"position\":4,\"name\":\"Qualit\u00e0\",\"item\":\"https:\\\/\\\/www.trustedtranslations.com\\\/it\\\/servizi\\\/human\\\/qualita\"},{\"@type\":\"ListItem\",\"position\":5,\"name\":\"Memorie di traduzione\"}]},{\"@type\":\"WebSite\",\"@id\":\"https:\\\/\\\/www.trustedtranslations.com\\\/it\\\/#website\",\"url\":\"https:\\\/\\\/www.trustedtranslations.com\\\/it\\\/\",\"name\":\"Trusted Translations, Inc.\",\"description\":\"Leader in translation and interpretation services.\",\"publisher\":{\"@id\":\"https:\\\/\\\/www.trustedtranslations.com\\\/it\\\/#organization\"},\"alternateName\":\"Trusted Translations\",\"potentialAction\":[{\"@type\":\"SearchAction\",\"target\":{\"@type\":\"EntryPoint\",\"urlTemplate\":\"https:\\\/\\\/www.trustedtranslations.com\\\/it\\\/?s={search_term_string}\"},\"query-input\":{\"@type\":\"PropertyValueSpecification\",\"valueRequired\":true,\"valueName\":\"search_term_string\"}}],\"inLanguage\":\"it-IT\"},{\"@type\":\"Organization\",\"@id\":\"https:\\\/\\\/www.trustedtranslations.com\\\/it\\\/#organization\",\"name\":\"Trusted Translations\",\"alternateName\":\"Trusted Translations, Inc.\",\"url\":\"https:\\\/\\\/www.trustedtranslations.com\\\/it\\\/\",\"logo\":{\"@type\":\"ImageObject\",\"inLanguage\":\"it-IT\",\"@id\":\"https:\\\/\\\/www.trustedtranslations.com\\\/it\\\/#\\\/schema\\\/logo\\\/image\\\/\",\"url\":\"https:\\\/\\\/static.trustedtranslations.com\\\/wp-content\\\/uploads\\\/2022\\\/01\\\/TT_logo_WSIColors-2.png\",\"contentUrl\":\"https:\\\/\\\/static.trustedtranslations.com\\\/wp-content\\\/uploads\\\/2022\\\/01\\\/TT_logo_WSIColors-2.png\",\"width\":500,\"height\":196,\"caption\":\"Trusted Translations\"},\"image\":{\"@id\":\"https:\\\/\\\/www.trustedtranslations.com\\\/it\\\/#\\\/schema\\\/logo\\\/image\\\/\"},\"sameAs\":[\"https:\\\/\\\/www.facebook.com\\\/Trusted.Translations\",\"https:\\\/\\\/x.com\\\/TrustedT9ns\",\"https:\\\/\\\/www.linkedin.com\\\/company\\\/trusted-translations\"]}]}<\/script>\n<!-- \/ Yoast SEO plugin. -->","yoast_head_json":{"title":"Memorie di traduzione - Trusted Translations, Inc.","description":"Trusted Translations pu\u00f2 sfruttare le traduzioni umane effettuate in precedenza attraverso l\u2019utilizzo di memorie di traduzione e server di memorie di traduzione per migliorare la qualit\u00e0 e ridurre i costi.","robots":{"index":"index","follow":"follow","max-snippet":"max-snippet:-1","max-image-preview":"max-image-preview:large","max-video-preview":"max-video-preview:-1"},"canonical":"https:\/\/www.trustedtranslations.com\/it\/servizi\/human\/qualita\/memorie-di-traduzione","og_locale":"it_IT","og_type":"article","og_title":"Memorie di traduzione - Trusted Translations, Inc.","og_description":"Trusted Translations pu\u00f2 sfruttare le traduzioni umane effettuate in precedenza attraverso l\u2019utilizzo di memorie di traduzione e server di memorie di traduzione per migliorare la qualit\u00e0 e ridurre i costi.","og_url":"https:\/\/www.trustedtranslations.com\/it\/servizi\/human\/qualita\/memorie-di-traduzione","og_site_name":"Trusted Translations, Inc.","article_publisher":"https:\/\/www.facebook.com\/Trusted.Translations","article_modified_time":"2024-09-06T14:27:24+00:00","og_image":[{"width":216,"height":94,"url":"https:\/\/www.trustedtranslations.com\/wp-content\/uploads\/2022\/06\/tt-logo-2-1.webp","type":"image\/webp"}],"twitter_card":"summary_large_image","twitter_site":"@TrustedT9ns","schema":{"@context":"https:\/\/schema.org","@graph":[{"@type":"WebPage","@id":"https:\/\/www.trustedtranslations.com\/it\/servizi\/human\/qualita\/memorie-di-traduzione","url":"https:\/\/www.trustedtranslations.com\/it\/servizi\/human\/qualita\/memorie-di-traduzione","name":"Memorie di traduzione - Trusted Translations, Inc.","isPartOf":{"@id":"https:\/\/www.trustedtranslations.com\/it\/#website"},"primaryImageOfPage":{"@id":"https:\/\/www.trustedtranslations.com\/it\/servizi\/human\/qualita\/memorie-di-traduzione#primaryimage"},"image":{"@id":"https:\/\/www.trustedtranslations.com\/it\/servizi\/human\/qualita\/memorie-di-traduzione#primaryimage"},"thumbnailUrl":"","description":"Trusted Translations pu\u00f2 sfruttare le traduzioni umane effettuate in precedenza attraverso l\u2019utilizzo di memorie di traduzione e server di memorie di traduzione per migliorare la qualit\u00e0 e ridurre i costi.","breadcrumb":{"@id":"https:\/\/www.trustedtranslations.com\/it\/servizi\/human\/qualita\/memorie-di-traduzione#breadcrumb"},"inLanguage":"it-IT","potentialAction":[{"@type":"ReadAction","target":["https:\/\/www.trustedtranslations.com\/it\/servizi\/human\/qualita\/memorie-di-traduzione"]}]},{"@type":"ImageObject","inLanguage":"it-IT","@id":"https:\/\/www.trustedtranslations.com\/it\/servizi\/human\/qualita\/memorie-di-traduzione#primaryimage","url":"","contentUrl":""},{"@type":"BreadcrumbList","@id":"https:\/\/www.trustedtranslations.com\/it\/servizi\/human\/qualita\/memorie-di-traduzione#breadcrumb","itemListElement":[{"@type":"ListItem","position":1,"name":"Home","item":"https:\/\/www.trustedtranslations.com\/it"},{"@type":"ListItem","position":2,"name":"Servizi","item":"https:\/\/www.trustedtranslations.com\/it\/servizi"},{"@type":"ListItem","position":3,"name":"Traduzione umana","item":"https:\/\/www.trustedtranslations.com\/it\/servizi\/human"},{"@type":"ListItem","position":4,"name":"Qualit\u00e0","item":"https:\/\/www.trustedtranslations.com\/it\/servizi\/human\/qualita"},{"@type":"ListItem","position":5,"name":"Memorie di traduzione"}]},{"@type":"WebSite","@id":"https:\/\/www.trustedtranslations.com\/it\/#website","url":"https:\/\/www.trustedtranslations.com\/it\/","name":"Trusted Translations, Inc.","description":"Leader in translation and interpretation services.","publisher":{"@id":"https:\/\/www.trustedtranslations.com\/it\/#organization"},"alternateName":"Trusted Translations","potentialAction":[{"@type":"SearchAction","target":{"@type":"EntryPoint","urlTemplate":"https:\/\/www.trustedtranslations.com\/it\/?s={search_term_string}"},"query-input":{"@type":"PropertyValueSpecification","valueRequired":true,"valueName":"search_term_string"}}],"inLanguage":"it-IT"},{"@type":"Organization","@id":"https:\/\/www.trustedtranslations.com\/it\/#organization","name":"Trusted Translations","alternateName":"Trusted Translations, Inc.","url":"https:\/\/www.trustedtranslations.com\/it\/","logo":{"@type":"ImageObject","inLanguage":"it-IT","@id":"https:\/\/www.trustedtranslations.com\/it\/#\/schema\/logo\/image\/","url":"https:\/\/static.trustedtranslations.com\/wp-content\/uploads\/2022\/01\/TT_logo_WSIColors-2.png","contentUrl":"https:\/\/static.trustedtranslations.com\/wp-content\/uploads\/2022\/01\/TT_logo_WSIColors-2.png","width":500,"height":196,"caption":"Trusted Translations"},"image":{"@id":"https:\/\/www.trustedtranslations.com\/it\/#\/schema\/logo\/image\/"},"sameAs":["https:\/\/www.facebook.com\/Trusted.Translations","https:\/\/x.com\/TrustedT9ns","https:\/\/www.linkedin.com\/company\/trusted-translations"]}]}},"toolset-meta":{"dyk":{"mensaje-1":{"type":"textfield","raw":"L\u201982,5% dei traduttori professionisti utilizza memorie di traduzione come supporto."},"mensaje-2":{"type":"textfield","raw":"Gli strumenti di memoria di traduzione possono ridurre i costi di localizzazione aumentando la precisione."},"mensaje-3":{"type":"textfield","raw":"Il software di memoria di traduzione pu\u00f2 aumentare la produttivit\u00e0 dei traduttori fino al 60%."},"mensaje-4":{"type":"textfield","raw":"I traduttori menzionano una maggiore coerenza come uno dei principali vantaggi dell\u2019utilizzo delle memorie di traduzione."},"mensaje-5":{"type":"textfield","raw":""},"mensaje-6":{"type":"textfield","raw":""}},"single-page-template-fields":{"imgs-temp":{"type":"image","raw":["https:\/\/static.trustedtranslations.com\/wp-content\/uploads\/2024\/06\/memory-final-1.webp","https:\/\/static.trustedtranslations.com\/wp-content\/uploads\/2024\/06\/memory-final-2-1.webp"],"repeatable":[{"raw":"https:\/\/static.trustedtranslations.com\/wp-content\/uploads\/2024\/06\/memory-final-1.webp"},{"raw":"https:\/\/static.trustedtranslations.com\/wp-content\/uploads\/2024\/06\/memory-final-2-1.webp"}]},"imgs-temp-cel":{"type":"image","raw":[""],"repeatable":[{"raw":""}]},"img-temp-one-cel":{"type":"image","raw":"https:\/\/static.trustedtranslations.com\/wp-content\/uploads\/2024\/06\/AdobeStock_462107662-2-1-1.webp","attachment_id":null},"quotes":{"type":"textarea","raw":"<h1 style=\"margin-bottom: 12px;\">Memorie di traduzione<\/h1>\r\n<em>Trusted Translations<\/em> mira ad essere all\u2019avanguardia nella tecnologia di traduzione e ci\u00f2 include l\u2019utilizzo di strumenti di memoria di traduzione e server di memoria di traduzione. Utilizziamo le memorie di traduzione per contribuire a migliorare la qualit\u00e0, ridurre i costi e accelerare l\u2019intero processo di traduzione per i nostri clienti.\r\n<div style=\"margin-top: 2.5vw;\"><a class=\"tt-btn-main-cta\" href=\"https:\/\/www.trustedtranslations.com\/it\/quote\">Richiedi un preventivo gratuito<\/a><\/div>"},"text-1":{"type":"textarea","raw":"<h2>Memoria di traduzione: traduzioni pi\u00f9 veloci e convenienti<\/h2>In poche parole, una memoria di traduzione \u00e8 un database di frasi o segmenti precedentemente tradotti utilizzabili per aiutare a tradurre nuovo testo. Ad esempio, quando in un nuovo progetto di traduzione viene rilevata una frase gi\u00e0 tradotta in precedenza, il traduttore potr\u00e0 riutilizzare il segmento precedentemente tradotto, approvato e memorizzato nella memoria di traduzione. Man mano che una particolare memoria di traduzione cresce, i progetti successivi possono essere completati pi\u00f9 rapidamente e a un costo decisamente inferiore.\r\n<h2>Vantaggi delle memorie di traduzione<\/h2>\r\nNel complesso, l\u2019utilizzo dei sistemi di memoria di traduzione rende l\u2019intero processo di traduzione pi\u00f9 semplice, pi\u00f9 conveniente e anche pi\u00f9 coerente.\r\n\r\nQuando si aggiorna una parte della documentazione software, ad esempio, un traduttore pu\u00f2 accedere a contenuti gi\u00e0 tradotti durante una versione precedente e ci\u00f2 gli consente di concentrarsi sul nuovo materiale. Le memorie di traduzione supportano anche un utilizzo coerente della terminologia in tutti i progetti, soprattutto se utilizzate insieme a glossari specializzati o database terminologici. Infine, riducendo la quantit\u00e0 di traduzioni da eseguire \u201cda zero\u201d, il progetto richieder\u00e0 un budget inferiore.\r\n<h2>Server di memoria di traduzione<\/h2>\r\nCome funzionano le memorie di traduzione? Le memorie possono essere archiviate su un server separato (un \u201cTranslation Memory Server\u201d) dove i traduttori possono accedervi in tempo reale non appena vengono create.\r\n\r\nSe ben gestite, le memorie di traduzione e i server delle memorie di traduzione sono risorse preziose. Una gestione professionale implica mantenere aggiornate le memorie di traduzione ed evitarne l\u2019inquinamento, che pu\u00f2 verificarsi per diversi motivi. Ad esempio, quando per la produzione di contenuti sono stati utilizzati pi\u00f9 fornitori di traduzioni decentralizzati, talvolta ci\u00f2 porta incoerenze all\u2019interno della memoria di traduzione. Ancora pi\u00f9 comunemente, la terminologia aziendale pu\u00f2 evolversi in modo non sincronizzato con la memoria di traduzione; pertanto, le frasi appena aggiornate potrebbero non entrare nella TM, dando adito a errori.\r\n\r\nIl modo migliore per garantire memorie di traduzione non inquinate \u00e8 lavorare con un\u2019agenzia di traduzione a servizio completo che disponga di competenze professionali per una gestione attenta delle memorie di traduzione. In questo modo, tutti i problemi possono essere identificati e risolti; le nuove traduzioni saranno basate su traduzioni precedenti di buon livello e non ripeteranno gli errori pi\u00f9 e pi\u00f9 volte."},"shortcode-map":{"type":"textfield","raw":""},"dyk-shortcode":{"type":"textfield","raw":"[elementor-template id=\"146751\"]"},"text-2":{"type":"textarea","raw":"<h2>Quando utilizzare le memorie di traduzione<\/h2>\r\nNoi di <em>Trusted Translations<\/em> innoviamo costantemente. Lavoriamo con nuove soluzioni di memoria di traduzione per garantire che le organizzazioni traggano vantaggio da una tecnologia all\u2019avanguardia in grado di migliorare la qualit\u00e0 e la coerenza riducendo al contempo i costi di traduzione e accelerando le tempistiche.\r\n\r\nPer sfruttare tutti i vantaggi delle proprie memorie di traduzione, \u00e8 importante capire come funzionano e in quali circostanze vengono utilizzate.\r\n\r\nLe memorie di traduzione, insieme all\u2019accesso a un server di memoria di traduzione, possono aggiungere valore alla maggior parte dei progetti di traduzione medio-grandi, principalmente quelli che coinvolgono materiali contenuti in un formato elettronico utilizzabile. Idealmente, tale contenuto esiste in un formato standard, come Word, Excel, InDesign, XML, etc. Una volta ottenuto il contenuto in un formato riconoscibile e utilizzabile, il traduttore potr\u00e0 aprirlo all\u2019interno di un ambiente di traduzione, su un\u2019applicazione autonoma o basata sul web.\r\n\r\nAl contrario, documenti scansionati male, fax o immagini di documenti di solito non sono i migliori candidati, poich\u00e9 la maggior parte dei programmi software di memoria di traduzione non \u00e8 in grado di leggerli abbastanza bene da sfruttare una memoria di traduzione.\r\n\r\nVi state chiedendo se le memorie di traduzione sono adatte al vostro progetto? Sebbene questa tecnologia possa creare confusione, il nostro team \u00e8 pronto a fornire ulteriori spiegazioni o anche una dimostrazione. Noi di <em>Trusted Translations<\/em> disponiamo di esperti di memorie di traduzione interni adeguatamente formati che possono spiegare a voi e alla vostra organizzazione come e quando sfruttare al meglio questa tecnologia."},"state":{"type":"textfield","raw":""},"city":{"type":"textarea","raw":[]}}},"_links":{"self":[{"href":"https:\/\/www.trustedtranslations.com\/it\/wp-json\/wp\/v2\/pages\/123268","targetHints":{"allow":["GET"]}}],"collection":[{"href":"https:\/\/www.trustedtranslations.com\/it\/wp-json\/wp\/v2\/pages"}],"about":[{"href":"https:\/\/www.trustedtranslations.com\/it\/wp-json\/wp\/v2\/types\/page"}],"author":[{"embeddable":true,"href":"https:\/\/www.trustedtranslations.com\/it\/wp-json\/wp\/v2\/users\/1"}],"replies":[{"embeddable":true,"href":"https:\/\/www.trustedtranslations.com\/it\/wp-json\/wp\/v2\/comments?post=123268"}],"version-history":[{"count":0,"href":"https:\/\/www.trustedtranslations.com\/it\/wp-json\/wp\/v2\/pages\/123268\/revisions"}],"up":[{"embeddable":true,"href":"https:\/\/www.trustedtranslations.com\/it\/wp-json\/wp\/v2\/pages\/123269"}],"wp:featuredmedia":[{"embeddable":true,"href":"https:\/\/www.trustedtranslations.com\/it\/wp-json\/"}],"wp:attachment":[{"href":"https:\/\/www.trustedtranslations.com\/it\/wp-json\/wp\/v2\/media?parent=123268"}],"curies":[{"name":"wp","href":"https:\/\/api.w.org\/{rel}","templated":true}]}}