{"id":123277,"date":"2019-11-28T16:47:28","date_gmt":"2019-11-28T16:47:28","guid":{"rendered":"https:\/\/www.trustedtranslations.com\/?page_id=123277"},"modified":"2023-05-09T20:56:51","modified_gmt":"2023-05-09T23:56:51","slug":"termini-e-condizioni","status":"publish","type":"page","link":"https:\/\/www.trustedtranslations.com\/it\/termini-e-condizioni","title":{"rendered":"Termini e Condizioni"},"content":{"rendered":"\t\t<div data-elementor-type=\"wp-page\" data-elementor-id=\"123277\" class=\"elementor elementor-123277 elementor-6530\" data-elementor-post-type=\"page\">\n\t\t\t\t\t\t<section class=\"elementor-section elementor-top-section elementor-element elementor-element-4324d7a elementor-section-boxed elementor-section-height-default elementor-section-height-default\" data-id=\"4324d7a\" data-element_type=\"section\" data-e-type=\"section\">\n\t\t\t\t\t\t<div class=\"elementor-container elementor-column-gap-default\">\n\t\t\t\t\t<div class=\"elementor-column elementor-col-100 elementor-top-column elementor-element elementor-element-5df00a3\" data-id=\"5df00a3\" data-element_type=\"column\" data-e-type=\"column\">\n\t\t\t<div class=\"elementor-widget-wrap elementor-element-populated\">\n\t\t\t\t\t\t<div class=\"elementor-element elementor-element-3a9c1e4 elementor-widget elementor-widget-text-editor\" data-id=\"3a9c1e4\" data-element_type=\"widget\" data-e-type=\"widget\" data-widget_type=\"text-editor.default\">\n\t\t\t\t\t\t\t\t\t<h1><em><em><em>Trusted Translations<\/em><\/em><\/em> &#8211; Termini e Condizioni<\/h1><p><em><em><em>Trusted Translations<\/em><\/em><\/em> (\u201cTTI\u201d) fornir\u00e0 al cliente le traduzioni dei file inviati come richiesto dal cliente stesso ai sensi dei seguenti Termini e Condizioni.<\/p><h2>Completezza del lavoro<\/h2><p>TTI si impegna a completare il progetto con la massima qualit\u00e0 e a livello professionale con tempistiche ragionevoli e concordate con il cliente. TTI fornir\u00e0 traduzioni di qualit\u00e0 pari o superiore agli standard del settore o in base a qualsiasi altro accordo stretto tra le parti.<\/p><h2>Riservatezza<\/h2><p>Per \u00abDati Riservati\u00bb si intendono tutti i dati non di pubblico dominio rivelati a od ottenuti da TTI e che si riferiscono a prodotti, programmi e attivit\u00e0 commerciali del passato, del presente e del futuro. TTI si impegna trattare tali dati riservati in modo affidabile e sicuro per il cliente e a non utilizzare tali dati riservati per altri scopi diversi dall\u2019erogazione del servizio e, fatti salvi i casi in cui ci\u00f2 sia autorizzato dal cliente a mezzo scritto, TTI si impegna a non divulgare dati riservati, tramite pubblicazione o in qualsiasi altro modo, a qualsiasi persona che non sia un dipendente TTI o un\u2019altra figura necessaria al completamento del progetto del cliente.<\/p><h2>Propriet\u00e0<\/h2><p>Tutti i materiali grafici, documenti, trascrizioni, file elettronici e informatici relativi al progetto sviluppato da TTI per il cliente sono considerati trasmessi a mero scopo lavorativo e rimangono sola ed esclusiva propriet\u00e0 del cliente. TTI restituir\u00e0 tali materiali al cliente su richiesta e si impegna a non utilizzarli per s\u00e9 o per terze parti senza la previa autorizzazione scritta del cliente. Il cliente ha diritto a ottenere la registrazione del copyright a proprio nome per tutti i materiali affidati o per una parte di essi; inoltre, il cliente rimane proprietario di qualsiasi copyright o altro diritto di propriet\u00e0 intellettuale per gli stessi.<\/p><h2>Fornitore indipendente<\/h2><p>TTI dichiara di essere un fornitore indipendente e non un agente o un dipendente del cliente o di qualsiasi altra parte. TTI si impegna ad aderire a tutte le leggi sul compenso dei lavoratori e sui sussidi di disoccupazione e a qualsiasi altra legge, regolamento e direttiva alla quale \u00e8 soggetta.<\/p><h2>Arbitrato<\/h2><p>Qualsiasi controversia relativa al presente contratto viene risolta amichevolmente tramite discussione tra le parti. Qualora non venga raggiunto un accordo entro quarantacinque giorni dalla notifica scritta della controversia, questa deve essere risolta tramite arbitrato. L\u2019arbitrato si svolge presso il Commonwealth of Virginia o qualsiasi altro luogo concordato tra le parti che aderisca alle norme stabilite dalla American Arbitration Association. Le spese dell\u2019arbitrato vengono sostenute da entrambe le parti in egual misura. Qualsiasi decisione dell\u2019arbitrato pu\u00f2 essere impugnata da qualsiasi tribunale con giurisdizione competente.<\/p><h2>Inter accordo<\/h2><p>Il presente documento costituisce l\u2019intero accordo delle tra le parti e sostituisce qualsiasi dichiarazione e intesa precedente tra il cliente e TTI. Nessuna intesa, alterazione o modifica nei termini e nelle condizioni del presente accordo pu\u00f2 essere considerata valida o vincolante, a meno che la stessa non sia prodotta in forma scritta e firmata da entrambe le parti. Il presente documento deve essere interpretato secondo la legge della Virginia e governato dalla stessa.<\/p><h2>Condizioni<\/h2><p>Poich\u00e9 la traduzione \u00e8 un processo soggettivo attraverso il quale \u00e8 possibile esprimere lo stesso concetto scegliendo diverse parole, <em><em><em>Trusted Translations<\/em><\/em><\/em> non sar\u00e0 considerata responsabile di tali variazioni.<\/p><h2>Danni indiretti e conseguenti<\/h2><p><em><em><em>Trusted Translations<\/em><\/em><\/em> non pu\u00f2 essere considerata responsabile in base a nessuna legge per qualsiasi danno speciale, esemplare, punitivo, incidentale, indiretto o conseguente (anche se <em><em><em>Trusted Translations<\/em><\/em><\/em> \u00e8 stata preventivamente avvisata), inclusa la perdita di profitti o rendite senza alcun limite. L\u2019intera responsabilit\u00e0 di <em><em><em>Trusted Translations<\/em><\/em><\/em> per qualsiasi danno accertato ai sensi di qualsiasi teoria di legge, in via equitativa o altro modo, inclusa la responsabilit\u00e0 contrattuale, in caso di torto, negligenza o responsabilit\u00e0 oggettiva, derivante dal presente contratto o dal coinvolgimento di <em><em><em>Trusted Translations<\/em><\/em><\/em> relativamente al progetto in questione, lo svolgimento o la violazione dello stesso o qualsivoglia materia prevista non pu\u00f2 in alcun caso superare la somma dei pagamenti effettuati dal cliente a <em><em><em>Trusted Translations<\/em><\/em><\/em> ai sensi del contratto.<\/p><h2>Modifica<\/h2><p>Il presente contratto non pu\u00f2 essere modificato oralmente. Solo le modifiche scritte, concordate da entrambe le parti, sono considerate valide. L\u2019autorizzazione via e-mail pu\u00f2 costituire accordo scritto.<\/p><h2>Clausola di divisibilit\u00e0<\/h2><p>Se qualsiasi termine, clausola o disposizione del presente Contratto \u00e8 ritenuta non valida o inapplicabile da un tribunale della giurisdizione competente, tale invalidit\u00e0 non pregiudica la validit\u00e0 o l\u2019effetto di qualsiasi altro termine, clausola o disposizione e il termine, clausola o disposizione non valida sar\u00e0 considerata come divisa dal Contratto.<\/p><h2>Approvazione<\/h2><p>Accettando le presenti condizioni, il Cliente (a) accetta di essere vincolato a tutte le relative disposizioni (inclusi tutti i termini e le condizioni enunciate nel presente documento) e (b) riconosce la piena responsabilit\u00e0 di versare tutti i pagamenti relativi al progetto come concordato tra le parti.<\/p>\t\t\t\t\t\t\t\t<\/div>\n\t\t\t\t\t<\/div>\n\t\t<\/div>\n\t\t\t\t\t<\/div>\n\t\t<\/section>\n\t\t\t\t<\/div>\n\t\t","protected":false},"excerpt":{"rendered":"Trusted Translations \u2013 Termini e Condizioni Trusted Translations (\u201cTTI\u201d) fornir\u00e0 al cliente le traduzioni dei file inviati come richiesto dal cliente stesso ai sensi dei seguenti Termini e Condizioni. Completezza\u2026\n","protected":false},"author":1,"featured_media":177437,"parent":0,"menu_order":0,"comment_status":"closed","ping_status":"closed","template":"page-simple.php","meta":{"site-sidebar-layout":"default","site-content-layout":"default","ast-site-content-layout":"default","site-content-style":"default","site-sidebar-style":"default","ast-global-header-display":"","ast-banner-title-visibility":"","ast-main-header-display":"","ast-hfb-above-header-display":"","ast-hfb-below-header-display":"","ast-hfb-mobile-header-display":"","site-post-title":"disabled","ast-breadcrumbs-content":"","ast-featured-img":"","footer-sml-layout":"","ast-disable-related-posts":"","theme-transparent-header-meta":"","adv-header-id-meta":null,"stick-header-meta":null,"header-above-stick-meta":null,"header-main-stick-meta":null,"header-below-stick-meta":null,"astra-migrate-meta-layouts":"default","ast-page-background-enabled":"default","ast-page-background-meta":{"desktop":{"background-color":"var(--ast-global-color-4)","background-image":"","background-repeat":"repeat","background-position":"center center","background-size":"auto","background-attachment":"scroll","background-type":"","background-media":"","overlay-type":"","overlay-color":"","overlay-opacity":"","overlay-gradient":""},"tablet":{"background-color":"","background-image":"","background-repeat":"repeat","background-position":"center center","background-size":"auto","background-attachment":"scroll","background-type":"","background-media":"","overlay-type":"","overlay-color":"","overlay-opacity":"","overlay-gradient":""},"mobile":{"background-color":"","background-image":"","background-repeat":"repeat","background-position":"center center","background-size":"auto","background-attachment":"scroll","background-type":"","background-media":"","overlay-type":"","overlay-color":"","overlay-opacity":"","overlay-gradient":""}},"ast-content-background-meta":{"desktop":{"background-color":"var(--ast-global-color-5)","background-image":"","background-repeat":"repeat","background-position":"center center","background-size":"auto","background-attachment":"scroll","background-type":"","background-media":"","overlay-type":"","overlay-color":"","overlay-opacity":"","overlay-gradient":""},"tablet":{"background-color":"var(--ast-global-color-5)","background-image":"","background-repeat":"repeat","background-position":"center center","background-size":"auto","background-attachment":"scroll","background-type":"","background-media":"","overlay-type":"","overlay-color":"","overlay-opacity":"","overlay-gradient":""},"mobile":{"background-color":"var(--ast-global-color-5)","background-image":"","background-repeat":"repeat","background-position":"center center","background-size":"auto","background-attachment":"scroll","background-type":"","background-media":"","overlay-type":"","overlay-color":"","overlay-opacity":"","overlay-gradient":""}},"footnotes":""},"class_list":["post-123277","page","type-page","status-publish","has-post-thumbnail","hentry"],"yoast_head":"<!-- This site is optimized with the Yoast SEO plugin v27.3 - https:\/\/yoast.com\/product\/yoast-seo-wordpress\/ -->\n<title>Termini e condizioni - Trusted Translations<\/title>\n<meta name=\"description\" content=\"Termini e condizioni - Trusted Translations\" \/>\n<meta name=\"robots\" content=\"noindex, nofollow\" \/>\n<meta property=\"og:locale\" content=\"it_IT\" \/>\n<meta property=\"og:type\" content=\"article\" \/>\n<meta property=\"og:title\" content=\"Termini e condizioni - Trusted Translations\" \/>\n<meta property=\"og:description\" content=\"Termini e condizioni - Trusted Translations\" \/>\n<meta property=\"og:url\" content=\"https:\/\/www.trustedtranslations.com\/it\/termini-e-condizioni\" \/>\n<meta property=\"og:site_name\" content=\"Trusted Translations, Inc.\" \/>\n<meta property=\"article:publisher\" content=\"https:\/\/www.facebook.com\/Trusted.Translations\" \/>\n<meta property=\"article:modified_time\" content=\"2023-05-09T23:56:51+00:00\" \/>\n<meta property=\"og:image\" content=\"https:\/\/www.trustedtranslations.com\/wp-content\/uploads\/2022\/06\/tt-logo-2-1.webp\" \/>\n\t<meta property=\"og:image:width\" content=\"216\" \/>\n\t<meta property=\"og:image:height\" content=\"94\" \/>\n\t<meta property=\"og:image:type\" content=\"image\/webp\" \/>\n<meta name=\"twitter:card\" content=\"summary_large_image\" \/>\n<meta name=\"twitter:site\" content=\"@TrustedT9ns\" \/>\n<script type=\"application\/ld+json\" class=\"yoast-schema-graph\">{\"@context\":\"https:\\\/\\\/schema.org\",\"@graph\":[{\"@type\":\"WebPage\",\"@id\":\"https:\\\/\\\/www.trustedtranslations.com\\\/it\\\/termini-e-condizioni\",\"url\":\"https:\\\/\\\/www.trustedtranslations.com\\\/it\\\/termini-e-condizioni\",\"name\":\"Termini e condizioni - Trusted Translations\",\"isPartOf\":{\"@id\":\"https:\\\/\\\/www.trustedtranslations.com\\\/it\\\/#website\"},\"primaryImageOfPage\":{\"@id\":\"https:\\\/\\\/www.trustedtranslations.com\\\/it\\\/termini-e-condizioni#primaryimage\"},\"image\":{\"@id\":\"https:\\\/\\\/www.trustedtranslations.com\\\/it\\\/termini-e-condizioni#primaryimage\"},\"thumbnailUrl\":\"\",\"description\":\"Termini e condizioni - Trusted Translations\",\"breadcrumb\":{\"@id\":\"https:\\\/\\\/www.trustedtranslations.com\\\/it\\\/termini-e-condizioni#breadcrumb\"},\"inLanguage\":\"it-IT\",\"potentialAction\":[{\"@type\":\"ReadAction\",\"target\":[\"https:\\\/\\\/www.trustedtranslations.com\\\/it\\\/termini-e-condizioni\"]}]},{\"@type\":\"ImageObject\",\"inLanguage\":\"it-IT\",\"@id\":\"https:\\\/\\\/www.trustedtranslations.com\\\/it\\\/termini-e-condizioni#primaryimage\",\"url\":\"\",\"contentUrl\":\"\"},{\"@type\":\"BreadcrumbList\",\"@id\":\"https:\\\/\\\/www.trustedtranslations.com\\\/it\\\/termini-e-condizioni#breadcrumb\",\"itemListElement\":[{\"@type\":\"ListItem\",\"position\":1,\"name\":\"Home\",\"item\":\"https:\\\/\\\/www.trustedtranslations.com\\\/it\"},{\"@type\":\"ListItem\",\"position\":2,\"name\":\"Termini e Condizioni\"}]},{\"@type\":\"WebSite\",\"@id\":\"https:\\\/\\\/www.trustedtranslations.com\\\/it\\\/#website\",\"url\":\"https:\\\/\\\/www.trustedtranslations.com\\\/it\\\/\",\"name\":\"Trusted Translations, Inc.\",\"description\":\"Leader in translation and interpretation services.\",\"publisher\":{\"@id\":\"https:\\\/\\\/www.trustedtranslations.com\\\/it\\\/#organization\"},\"alternateName\":\"Trusted Translations\",\"potentialAction\":[{\"@type\":\"SearchAction\",\"target\":{\"@type\":\"EntryPoint\",\"urlTemplate\":\"https:\\\/\\\/www.trustedtranslations.com\\\/it\\\/?s={search_term_string}\"},\"query-input\":{\"@type\":\"PropertyValueSpecification\",\"valueRequired\":true,\"valueName\":\"search_term_string\"}}],\"inLanguage\":\"it-IT\"},{\"@type\":\"Organization\",\"@id\":\"https:\\\/\\\/www.trustedtranslations.com\\\/it\\\/#organization\",\"name\":\"Trusted Translations\",\"alternateName\":\"Trusted Translations, Inc.\",\"url\":\"https:\\\/\\\/www.trustedtranslations.com\\\/it\\\/\",\"logo\":{\"@type\":\"ImageObject\",\"inLanguage\":\"it-IT\",\"@id\":\"https:\\\/\\\/www.trustedtranslations.com\\\/it\\\/#\\\/schema\\\/logo\\\/image\\\/\",\"url\":\"https:\\\/\\\/static.trustedtranslations.com\\\/wp-content\\\/uploads\\\/2022\\\/01\\\/TT_logo_WSIColors-2.png\",\"contentUrl\":\"https:\\\/\\\/static.trustedtranslations.com\\\/wp-content\\\/uploads\\\/2022\\\/01\\\/TT_logo_WSIColors-2.png\",\"width\":500,\"height\":196,\"caption\":\"Trusted Translations\"},\"image\":{\"@id\":\"https:\\\/\\\/www.trustedtranslations.com\\\/it\\\/#\\\/schema\\\/logo\\\/image\\\/\"},\"sameAs\":[\"https:\\\/\\\/www.facebook.com\\\/Trusted.Translations\",\"https:\\\/\\\/x.com\\\/TrustedT9ns\",\"https:\\\/\\\/www.linkedin.com\\\/company\\\/trusted-translations\"]}]}<\/script>\n<!-- \/ Yoast SEO plugin. -->","yoast_head_json":{"title":"Termini e condizioni - Trusted Translations","description":"Termini e condizioni - Trusted Translations","robots":{"index":"noindex","follow":"nofollow"},"og_locale":"it_IT","og_type":"article","og_title":"Termini e condizioni - Trusted Translations","og_description":"Termini e condizioni - Trusted Translations","og_url":"https:\/\/www.trustedtranslations.com\/it\/termini-e-condizioni","og_site_name":"Trusted Translations, Inc.","article_publisher":"https:\/\/www.facebook.com\/Trusted.Translations","article_modified_time":"2023-05-09T23:56:51+00:00","og_image":[{"width":216,"height":94,"url":"https:\/\/www.trustedtranslations.com\/wp-content\/uploads\/2022\/06\/tt-logo-2-1.webp","type":"image\/webp"}],"twitter_card":"summary_large_image","twitter_site":"@TrustedT9ns","schema":{"@context":"https:\/\/schema.org","@graph":[{"@type":"WebPage","@id":"https:\/\/www.trustedtranslations.com\/it\/termini-e-condizioni","url":"https:\/\/www.trustedtranslations.com\/it\/termini-e-condizioni","name":"Termini e condizioni - Trusted Translations","isPartOf":{"@id":"https:\/\/www.trustedtranslations.com\/it\/#website"},"primaryImageOfPage":{"@id":"https:\/\/www.trustedtranslations.com\/it\/termini-e-condizioni#primaryimage"},"image":{"@id":"https:\/\/www.trustedtranslations.com\/it\/termini-e-condizioni#primaryimage"},"thumbnailUrl":"","description":"Termini e condizioni - Trusted Translations","breadcrumb":{"@id":"https:\/\/www.trustedtranslations.com\/it\/termini-e-condizioni#breadcrumb"},"inLanguage":"it-IT","potentialAction":[{"@type":"ReadAction","target":["https:\/\/www.trustedtranslations.com\/it\/termini-e-condizioni"]}]},{"@type":"ImageObject","inLanguage":"it-IT","@id":"https:\/\/www.trustedtranslations.com\/it\/termini-e-condizioni#primaryimage","url":"","contentUrl":""},{"@type":"BreadcrumbList","@id":"https:\/\/www.trustedtranslations.com\/it\/termini-e-condizioni#breadcrumb","itemListElement":[{"@type":"ListItem","position":1,"name":"Home","item":"https:\/\/www.trustedtranslations.com\/it"},{"@type":"ListItem","position":2,"name":"Termini e Condizioni"}]},{"@type":"WebSite","@id":"https:\/\/www.trustedtranslations.com\/it\/#website","url":"https:\/\/www.trustedtranslations.com\/it\/","name":"Trusted Translations, Inc.","description":"Leader in translation and interpretation services.","publisher":{"@id":"https:\/\/www.trustedtranslations.com\/it\/#organization"},"alternateName":"Trusted Translations","potentialAction":[{"@type":"SearchAction","target":{"@type":"EntryPoint","urlTemplate":"https:\/\/www.trustedtranslations.com\/it\/?s={search_term_string}"},"query-input":{"@type":"PropertyValueSpecification","valueRequired":true,"valueName":"search_term_string"}}],"inLanguage":"it-IT"},{"@type":"Organization","@id":"https:\/\/www.trustedtranslations.com\/it\/#organization","name":"Trusted Translations","alternateName":"Trusted Translations, Inc.","url":"https:\/\/www.trustedtranslations.com\/it\/","logo":{"@type":"ImageObject","inLanguage":"it-IT","@id":"https:\/\/www.trustedtranslations.com\/it\/#\/schema\/logo\/image\/","url":"https:\/\/static.trustedtranslations.com\/wp-content\/uploads\/2022\/01\/TT_logo_WSIColors-2.png","contentUrl":"https:\/\/static.trustedtranslations.com\/wp-content\/uploads\/2022\/01\/TT_logo_WSIColors-2.png","width":500,"height":196,"caption":"Trusted Translations"},"image":{"@id":"https:\/\/www.trustedtranslations.com\/it\/#\/schema\/logo\/image\/"},"sameAs":["https:\/\/www.facebook.com\/Trusted.Translations","https:\/\/x.com\/TrustedT9ns","https:\/\/www.linkedin.com\/company\/trusted-translations"]}]}},"toolset-meta":{"dyk":{"mensaje-1":{"type":"textfield","raw":""},"mensaje-2":{"type":"textfield","raw":""},"mensaje-3":{"type":"textfield","raw":""},"mensaje-4":{"type":"textfield","raw":""},"mensaje-5":{"type":"textfield","raw":""},"mensaje-6":{"type":"textfield","raw":""}},"single-page-template-fields":{"imgs-temp":{"type":"image","raw":[],"repeatable":[]},"imgs-temp-cel":{"type":"image","raw":[],"repeatable":[]},"img-temp-one-cel":{"type":"image","raw":"","attachment_id":null},"quotes":{"type":"textarea","raw":""},"text-1":{"type":"textarea","raw":""},"shortcode-map":{"type":"textfield","raw":""},"dyk-shortcode":{"type":"textfield","raw":""},"text-2":{"type":"textarea","raw":""},"state":{"type":"textfield","raw":""},"city":{"type":"textarea","raw":[]}}},"_links":{"self":[{"href":"https:\/\/www.trustedtranslations.com\/it\/wp-json\/wp\/v2\/pages\/123277","targetHints":{"allow":["GET"]}}],"collection":[{"href":"https:\/\/www.trustedtranslations.com\/it\/wp-json\/wp\/v2\/pages"}],"about":[{"href":"https:\/\/www.trustedtranslations.com\/it\/wp-json\/wp\/v2\/types\/page"}],"author":[{"embeddable":true,"href":"https:\/\/www.trustedtranslations.com\/it\/wp-json\/wp\/v2\/users\/1"}],"replies":[{"embeddable":true,"href":"https:\/\/www.trustedtranslations.com\/it\/wp-json\/wp\/v2\/comments?post=123277"}],"version-history":[{"count":0,"href":"https:\/\/www.trustedtranslations.com\/it\/wp-json\/wp\/v2\/pages\/123277\/revisions"}],"wp:featuredmedia":[{"embeddable":true,"href":"https:\/\/www.trustedtranslations.com\/it\/wp-json\/"}],"wp:attachment":[{"href":"https:\/\/www.trustedtranslations.com\/it\/wp-json\/wp\/v2\/media?parent=123277"}],"curies":[{"name":"wp","href":"https:\/\/api.w.org\/{rel}","templated":true}]}}