{"id":123282,"date":"2019-11-28T16:46:45","date_gmt":"2019-11-28T16:46:45","guid":{"rendered":"https:\/\/www.trustedtranslations.com\/?page_id=123282"},"modified":"2024-09-18T17:41:40","modified_gmt":"2024-09-18T20:41:40","slug":"elearning-and-localization","status":"publish","type":"page","link":"https:\/\/www.trustedtranslations.com\/it\/industrie\/elearning-and-localization","title":{"rendered":"eLearning"},"content":{"rendered":"","protected":false},"excerpt":{"rendered":"","protected":false},"author":1,"featured_media":139629,"parent":123363,"menu_order":0,"comment_status":"closed","ping_status":"closed","template":"","meta":{"site-sidebar-layout":"default","site-content-layout":"default","ast-site-content-layout":"default","site-content-style":"default","site-sidebar-style":"default","ast-global-header-display":"","ast-banner-title-visibility":"","ast-main-header-display":"","ast-hfb-above-header-display":"","ast-hfb-below-header-display":"","ast-hfb-mobile-header-display":"","site-post-title":"disabled","ast-breadcrumbs-content":"","ast-featured-img":"","footer-sml-layout":"","ast-disable-related-posts":"","theme-transparent-header-meta":"default","adv-header-id-meta":"","stick-header-meta":"","header-above-stick-meta":"","header-main-stick-meta":"","header-below-stick-meta":"","astra-migrate-meta-layouts":"set","ast-page-background-enabled":"default","ast-page-background-meta":{"desktop":{"background-color":"var(--ast-global-color-4)","background-image":"","background-repeat":"repeat","background-position":"center center","background-size":"auto","background-attachment":"scroll","background-type":"","background-media":"","overlay-type":"","overlay-color":"","overlay-opacity":"","overlay-gradient":""},"tablet":{"background-color":"","background-image":"","background-repeat":"repeat","background-position":"center center","background-size":"auto","background-attachment":"scroll","background-type":"","background-media":"","overlay-type":"","overlay-color":"","overlay-opacity":"","overlay-gradient":""},"mobile":{"background-color":"","background-image":"","background-repeat":"repeat","background-position":"center center","background-size":"auto","background-attachment":"scroll","background-type":"","background-media":"","overlay-type":"","overlay-color":"","overlay-opacity":"","overlay-gradient":""}},"ast-content-background-meta":{"desktop":{"background-color":"var(--ast-global-color-5)","background-image":"","background-repeat":"repeat","background-position":"center center","background-size":"auto","background-attachment":"scroll","background-type":"","background-media":"","overlay-type":"","overlay-color":"","overlay-opacity":"","overlay-gradient":""},"tablet":{"background-color":"var(--ast-global-color-5)","background-image":"","background-repeat":"repeat","background-position":"center center","background-size":"auto","background-attachment":"scroll","background-type":"","background-media":"","overlay-type":"","overlay-color":"","overlay-opacity":"","overlay-gradient":""},"mobile":{"background-color":"var(--ast-global-color-5)","background-image":"","background-repeat":"repeat","background-position":"center center","background-size":"auto","background-attachment":"scroll","background-type":"","background-media":"","overlay-type":"","overlay-color":"","overlay-opacity":"","overlay-gradient":""}},"footnotes":""},"class_list":["post-123282","page","type-page","status-publish","has-post-thumbnail","hentry"],"yoast_head":"<!-- This site is optimized with the Yoast SEO plugin v27.3 - https:\/\/yoast.com\/product\/yoast-seo-wordpress\/ -->\n<title>Servizi di traduzione e localizzazione per l\u2019eLearning - Trusted Translations, Inc.<\/title>\n<meta name=\"description\" content=\"Trusted Translations offre servizi di traduzione e localizzazione esperti per l\u2019eLearning in tutti i formati, da e verso tutte le lingue. Preventivo o consulenza gratuita.\" \/>\n<meta name=\"robots\" content=\"index, follow, max-snippet:-1, max-image-preview:large, max-video-preview:-1\" \/>\n<link rel=\"canonical\" href=\"https:\/\/www.trustedtranslations.com\/it\/industrie\/elearning-and-localization\" \/>\n<meta property=\"og:locale\" content=\"it_IT\" \/>\n<meta property=\"og:type\" content=\"article\" \/>\n<meta property=\"og:title\" content=\"Servizi di traduzione e localizzazione per l\u2019eLearning - Trusted Translations, Inc.\" \/>\n<meta property=\"og:description\" content=\"Trusted Translations offre servizi di traduzione e localizzazione esperti per l\u2019eLearning in tutti i formati, da e verso tutte le lingue. Preventivo o consulenza gratuita.\" \/>\n<meta property=\"og:url\" content=\"https:\/\/www.trustedtranslations.com\/it\/industrie\/elearning-and-localization\" \/>\n<meta property=\"og:site_name\" content=\"Trusted Translations, Inc.\" \/>\n<meta property=\"article:publisher\" content=\"https:\/\/www.facebook.com\/Trusted.Translations\" \/>\n<meta property=\"article:modified_time\" content=\"2024-09-18T20:41:40+00:00\" \/>\n<meta property=\"og:image\" content=\"https:\/\/static.trustedtranslations.com\/wp-content\/uploads\/2022\/03\/TT_NEW_FB-1.png\" \/>\n\t<meta property=\"og:image:width\" content=\"1038\" \/>\n\t<meta property=\"og:image:height\" content=\"1038\" \/>\n\t<meta property=\"og:image:type\" content=\"image\/png\" \/>\n<meta name=\"twitter:card\" content=\"summary_large_image\" \/>\n<meta name=\"twitter:site\" content=\"@TrustedT9ns\" \/>\n<script type=\"application\/ld+json\" class=\"yoast-schema-graph\">{\"@context\":\"https:\\\/\\\/schema.org\",\"@graph\":[{\"@type\":\"WebPage\",\"@id\":\"https:\\\/\\\/www.trustedtranslations.com\\\/it\\\/industrie\\\/elearning-and-localization\",\"url\":\"https:\\\/\\\/www.trustedtranslations.com\\\/it\\\/industrie\\\/elearning-and-localization\",\"name\":\"Servizi di traduzione e localizzazione per l\u2019eLearning - Trusted Translations, Inc.\",\"isPartOf\":{\"@id\":\"https:\\\/\\\/www.trustedtranslations.com\\\/it\\\/#website\"},\"primaryImageOfPage\":{\"@id\":\"https:\\\/\\\/www.trustedtranslations.com\\\/it\\\/industrie\\\/elearning-and-localization#primaryimage\"},\"image\":{\"@id\":\"https:\\\/\\\/www.trustedtranslations.com\\\/it\\\/industrie\\\/elearning-and-localization#primaryimage\"},\"thumbnailUrl\":\"https:\\\/\\\/www.trustedtranslations.com\\\/wp-content\\\/uploads\\\/2022\\\/03\\\/TT_NEW_FB-1.png\",\"description\":\"Trusted Translations offre servizi di traduzione e localizzazione esperti per l\u2019eLearning in tutti i formati, da e verso tutte le lingue. Preventivo o consulenza gratuita.\",\"breadcrumb\":{\"@id\":\"https:\\\/\\\/www.trustedtranslations.com\\\/it\\\/industrie\\\/elearning-and-localization#breadcrumb\"},\"inLanguage\":\"it-IT\",\"potentialAction\":[{\"@type\":\"ReadAction\",\"target\":[\"https:\\\/\\\/www.trustedtranslations.com\\\/it\\\/industrie\\\/elearning-and-localization\"]}]},{\"@type\":\"ImageObject\",\"inLanguage\":\"it-IT\",\"@id\":\"https:\\\/\\\/www.trustedtranslations.com\\\/it\\\/industrie\\\/elearning-and-localization#primaryimage\",\"url\":\"https:\\\/\\\/www.trustedtranslations.com\\\/wp-content\\\/uploads\\\/2022\\\/03\\\/TT_NEW_FB-1.png\",\"contentUrl\":\"https:\\\/\\\/www.trustedtranslations.com\\\/wp-content\\\/uploads\\\/2022\\\/03\\\/TT_NEW_FB-1.png\",\"width\":1038,\"height\":1038,\"caption\":\"TT NEW FB 1\"},{\"@type\":\"BreadcrumbList\",\"@id\":\"https:\\\/\\\/www.trustedtranslations.com\\\/it\\\/industrie\\\/elearning-and-localization#breadcrumb\",\"itemListElement\":[{\"@type\":\"ListItem\",\"position\":1,\"name\":\"Home\",\"item\":\"https:\\\/\\\/www.trustedtranslations.com\\\/it\"},{\"@type\":\"ListItem\",\"position\":2,\"name\":\"Competenza nel settore\",\"item\":\"https:\\\/\\\/www.trustedtranslations.com\\\/it\\\/industrie\"},{\"@type\":\"ListItem\",\"position\":3,\"name\":\"eLearning\"}]},{\"@type\":\"WebSite\",\"@id\":\"https:\\\/\\\/www.trustedtranslations.com\\\/it\\\/#website\",\"url\":\"https:\\\/\\\/www.trustedtranslations.com\\\/it\\\/\",\"name\":\"Trusted Translations, Inc.\",\"description\":\"Leader in translation and interpretation services.\",\"publisher\":{\"@id\":\"https:\\\/\\\/www.trustedtranslations.com\\\/it\\\/#organization\"},\"alternateName\":\"Trusted Translations\",\"potentialAction\":[{\"@type\":\"SearchAction\",\"target\":{\"@type\":\"EntryPoint\",\"urlTemplate\":\"https:\\\/\\\/www.trustedtranslations.com\\\/it\\\/?s={search_term_string}\"},\"query-input\":{\"@type\":\"PropertyValueSpecification\",\"valueRequired\":true,\"valueName\":\"search_term_string\"}}],\"inLanguage\":\"it-IT\"},{\"@type\":\"Organization\",\"@id\":\"https:\\\/\\\/www.trustedtranslations.com\\\/it\\\/#organization\",\"name\":\"Trusted Translations\",\"alternateName\":\"Trusted Translations, Inc.\",\"url\":\"https:\\\/\\\/www.trustedtranslations.com\\\/it\\\/\",\"logo\":{\"@type\":\"ImageObject\",\"inLanguage\":\"it-IT\",\"@id\":\"https:\\\/\\\/www.trustedtranslations.com\\\/it\\\/#\\\/schema\\\/logo\\\/image\\\/\",\"url\":\"https:\\\/\\\/static.trustedtranslations.com\\\/wp-content\\\/uploads\\\/2022\\\/01\\\/TT_logo_WSIColors-2.png\",\"contentUrl\":\"https:\\\/\\\/static.trustedtranslations.com\\\/wp-content\\\/uploads\\\/2022\\\/01\\\/TT_logo_WSIColors-2.png\",\"width\":500,\"height\":196,\"caption\":\"Trusted Translations\"},\"image\":{\"@id\":\"https:\\\/\\\/www.trustedtranslations.com\\\/it\\\/#\\\/schema\\\/logo\\\/image\\\/\"},\"sameAs\":[\"https:\\\/\\\/www.facebook.com\\\/Trusted.Translations\",\"https:\\\/\\\/x.com\\\/TrustedT9ns\",\"https:\\\/\\\/www.linkedin.com\\\/company\\\/trusted-translations\"]}]}<\/script>\n<!-- \/ Yoast SEO plugin. -->","yoast_head_json":{"title":"Servizi di traduzione e localizzazione per l\u2019eLearning - Trusted Translations, Inc.","description":"Trusted Translations offre servizi di traduzione e localizzazione esperti per l\u2019eLearning in tutti i formati, da e verso tutte le lingue. Preventivo o consulenza gratuita.","robots":{"index":"index","follow":"follow","max-snippet":"max-snippet:-1","max-image-preview":"max-image-preview:large","max-video-preview":"max-video-preview:-1"},"canonical":"https:\/\/www.trustedtranslations.com\/it\/industrie\/elearning-and-localization","og_locale":"it_IT","og_type":"article","og_title":"Servizi di traduzione e localizzazione per l\u2019eLearning - Trusted Translations, Inc.","og_description":"Trusted Translations offre servizi di traduzione e localizzazione esperti per l\u2019eLearning in tutti i formati, da e verso tutte le lingue. Preventivo o consulenza gratuita.","og_url":"https:\/\/www.trustedtranslations.com\/it\/industrie\/elearning-and-localization","og_site_name":"Trusted Translations, Inc.","article_publisher":"https:\/\/www.facebook.com\/Trusted.Translations","article_modified_time":"2024-09-18T20:41:40+00:00","og_image":[{"width":1038,"height":1038,"url":"https:\/\/static.trustedtranslations.com\/wp-content\/uploads\/2022\/03\/TT_NEW_FB-1.png","type":"image\/png"}],"twitter_card":"summary_large_image","twitter_site":"@TrustedT9ns","schema":{"@context":"https:\/\/schema.org","@graph":[{"@type":"WebPage","@id":"https:\/\/www.trustedtranslations.com\/it\/industrie\/elearning-and-localization","url":"https:\/\/www.trustedtranslations.com\/it\/industrie\/elearning-and-localization","name":"Servizi di traduzione e localizzazione per l\u2019eLearning - Trusted Translations, Inc.","isPartOf":{"@id":"https:\/\/www.trustedtranslations.com\/it\/#website"},"primaryImageOfPage":{"@id":"https:\/\/www.trustedtranslations.com\/it\/industrie\/elearning-and-localization#primaryimage"},"image":{"@id":"https:\/\/www.trustedtranslations.com\/it\/industrie\/elearning-and-localization#primaryimage"},"thumbnailUrl":"https:\/\/www.trustedtranslations.com\/wp-content\/uploads\/2022\/03\/TT_NEW_FB-1.png","description":"Trusted Translations offre servizi di traduzione e localizzazione esperti per l\u2019eLearning in tutti i formati, da e verso tutte le lingue. Preventivo o consulenza gratuita.","breadcrumb":{"@id":"https:\/\/www.trustedtranslations.com\/it\/industrie\/elearning-and-localization#breadcrumb"},"inLanguage":"it-IT","potentialAction":[{"@type":"ReadAction","target":["https:\/\/www.trustedtranslations.com\/it\/industrie\/elearning-and-localization"]}]},{"@type":"ImageObject","inLanguage":"it-IT","@id":"https:\/\/www.trustedtranslations.com\/it\/industrie\/elearning-and-localization#primaryimage","url":"https:\/\/www.trustedtranslations.com\/wp-content\/uploads\/2022\/03\/TT_NEW_FB-1.png","contentUrl":"https:\/\/www.trustedtranslations.com\/wp-content\/uploads\/2022\/03\/TT_NEW_FB-1.png","width":1038,"height":1038,"caption":"TT NEW FB 1"},{"@type":"BreadcrumbList","@id":"https:\/\/www.trustedtranslations.com\/it\/industrie\/elearning-and-localization#breadcrumb","itemListElement":[{"@type":"ListItem","position":1,"name":"Home","item":"https:\/\/www.trustedtranslations.com\/it"},{"@type":"ListItem","position":2,"name":"Competenza nel settore","item":"https:\/\/www.trustedtranslations.com\/it\/industrie"},{"@type":"ListItem","position":3,"name":"eLearning"}]},{"@type":"WebSite","@id":"https:\/\/www.trustedtranslations.com\/it\/#website","url":"https:\/\/www.trustedtranslations.com\/it\/","name":"Trusted Translations, Inc.","description":"Leader in translation and interpretation services.","publisher":{"@id":"https:\/\/www.trustedtranslations.com\/it\/#organization"},"alternateName":"Trusted Translations","potentialAction":[{"@type":"SearchAction","target":{"@type":"EntryPoint","urlTemplate":"https:\/\/www.trustedtranslations.com\/it\/?s={search_term_string}"},"query-input":{"@type":"PropertyValueSpecification","valueRequired":true,"valueName":"search_term_string"}}],"inLanguage":"it-IT"},{"@type":"Organization","@id":"https:\/\/www.trustedtranslations.com\/it\/#organization","name":"Trusted Translations","alternateName":"Trusted Translations, Inc.","url":"https:\/\/www.trustedtranslations.com\/it\/","logo":{"@type":"ImageObject","inLanguage":"it-IT","@id":"https:\/\/www.trustedtranslations.com\/it\/#\/schema\/logo\/image\/","url":"https:\/\/static.trustedtranslations.com\/wp-content\/uploads\/2022\/01\/TT_logo_WSIColors-2.png","contentUrl":"https:\/\/static.trustedtranslations.com\/wp-content\/uploads\/2022\/01\/TT_logo_WSIColors-2.png","width":500,"height":196,"caption":"Trusted Translations"},"image":{"@id":"https:\/\/www.trustedtranslations.com\/it\/#\/schema\/logo\/image\/"},"sameAs":["https:\/\/www.facebook.com\/Trusted.Translations","https:\/\/x.com\/TrustedT9ns","https:\/\/www.linkedin.com\/company\/trusted-translations"]}]}},"toolset-meta":{"dyk":{"mensaje-1":{"type":"textfield","raw":"Trusted Translations \u00e8 in grado di localizzare qualsiasi soluzione di eLearning preservandone il formato originale."},"mensaje-2":{"type":"textfield","raw":"Trusted Translations \u00e8 leader nella traduzione e localizzazione di soluzioni di eLearning."},"mensaje-3":{"type":"textfield","raw":"Le soluzioni di eLearning sono una scelta sempre pi\u00f9 diffusa per la formazione di una forza lavoro multilingue."},"mensaje-4":{"type":"textfield","raw":"L\u2019apprendimento tramite e-Learning aumenta notevolmente se presentato nella lingua madre dello studente."},"mensaje-5":{"type":"textfield","raw":""},"mensaje-6":{"type":"textfield","raw":""}},"single-page-template-fields":{"imgs-temp":{"type":"image","raw":["https:\/\/static.trustedtranslations.com\/wp-content\/uploads\/2024\/05\/elearning-final-1.webp","https:\/\/static.trustedtranslations.com\/wp-content\/uploads\/2024\/05\/elearning-final-2-1.webp"],"repeatable":[{"raw":"https:\/\/static.trustedtranslations.com\/wp-content\/uploads\/2024\/05\/elearning-final-1.webp"},{"raw":"https:\/\/static.trustedtranslations.com\/wp-content\/uploads\/2024\/05\/elearning-final-2-1.webp"}]},"imgs-temp-cel":{"type":"image","raw":[""],"repeatable":[{"raw":""}]},"img-temp-one-cel":{"type":"image","raw":"https:\/\/static.trustedtranslations.com\/wp-content\/uploads\/2024\/05\/young-asia-financial-student-lad.webp","attachment_id":null},"quotes":{"type":"textarea","raw":"<h1 style=\"margin-bottom: 12px;\">Servizi di traduzione per eLearning<\/h1>L\u2019eLearning \u00e8 un settore in rapida espansione con un enorme potenziale non sfruttato nei molti mercati in cui l\u2019inglese non \u00e8 la lingua dominante. Per aiutarvi a raggiungere questi mercati Trusted Translations dispone di un team di professionisti dedicati per tradurre, localizzare e persino creare risorse di eLearning in qualsiasi formato e in qualsiasi lingua.<div style=\"margin-top: 2.5vw;\"><a class=\"tt-btn-main-cta\" href=\"\/it\/quote\">RICHIEDI UN PREVENTIVO GRATUITO<\/a><\/div>"},"text-1":{"type":"textarea","raw":"<h2 style=\"margin-bottom:20px\">Onboarding e formazione multilingue<\/h2>\r\nPerch\u00e9 l\u2019eLearning? La globalizzazione sta cambiando il modo in cui si fanno affari, aprendo nuovi mercati e forza lavoro che devono integrarsi per massimizzare il proprio potenziale. La maggior parte delle grandi aziende (e molte di quelle pi\u00f9 piccole) hanno, o aspirano ad avere, una portata multinazionale, il che significa che devono anche adottare un approccio multilingue e multiculturale.\r\n\r\n<img class=\"wp-image-99011 alignright\" src=\"https:\/\/static.trustedtranslations.com\/wp-content\/uploads\/2022\/01\/e-learning-online-education-student-university-concept-1-1-1-300x200.png\" alt=\"\" width=\"500\" height=\"334\" \/>L\u2019eLearning \u00e8 il metodo ideale per l\u2019onboarding, la formazione e l\u2019istruzione di forza lavoro multilingue e multiculturale in tutto il mondo. Ci\u00f2 non \u00e8 mai stato pi\u00f9 vero che negli ultimi anni: a causa del passaggio a una forza lavoro ibrida o completamente in remoto, sempre pi\u00f9 settori hanno richiesto nuovi adattamenti innovativi per reclutare, trattenere e formare i migliori talenti. Poich\u00e9 ora la posizione geografica \u00e8 un ostacolo decisamente inferiore per i dipendenti, le aziende hanno ampliato le proprie reti per includere professionisti di molte lingue, paesi e background culturali diversi.\r\n\r\nCon l\u2019aiuto degli esperti di localizzazione di <em>Trusted Translations<\/em> i programmi di eLearning possono consentire ai dipendenti di espandere e sviluppare le proprie competenze. Ci\u00f2, a sua volta, aiuta a incrementare la produttivit\u00e0 complessiva per qualsiasi forza lavoro, in qualsiasi parte del mondo e in qualsiasi lingua. Dalla formazione standard sugli strumenti di produttivit\u00e0, come Office e Adobe Creative Suite, ai corsi specializzati su sicurezza, competenze trasversali, alfabetizzazione tecnica e altro ancora, i servizi di localizzazione dell\u2019eLearning <em>di Trusted Translations<\/em> possono aiutare le aziende a ridurre i costi, migliorare la produttivit\u00e0 e ampliare le risorse umane a propria disposizione."},"shortcode-map":{"type":"textfield","raw":""},"dyk-shortcode":{"type":"textfield","raw":"[elementor-template id=\"146751\"]"},"text-2":{"type":"textarea","raw":"<h2 style=\"margin-bottom:20px\">Servizi di localizzazione di eLearning<\/h2>\r\n<img class=\"alignright wp-image-99012\" src=\"https:\/\/static.trustedtranslations.com\/wp-content\/uploads\/2022\/01\/e-book-online-learning-education-knowledge-graphic-1-1-1-300x200.png\" alt=\"\" width=\"500\" height=\"334\" \/>\r\nNell\u2019eLearning c'\u00e8 molto di pi\u00f9 del testo - davvero molto di pi\u00f9 - il che significa localizzazione dell\u2019eLearning comporta ben pi\u00f9 del semplice atto di tradurre il testo. Video, strumenti di coinvolgimento, scenari interattivi e una variet\u00e0 di altre risorse multimediali sono solo alcune delle opzioni incluse nelle esperienze di eLearning all\u2019avanguardia di oggi. Naturalmente, con cos\u00ec tante funzionalit\u00e0 disponibili, \u00e8 essenziale lavorare con un team preparato a eseguire ogni elemento di un programma di eLearning secondo standard elevati.\r\n\r\nGrazie ai nostri team integrati di linguisti, grafici, doppiatori e altri specialisti multimediali, <em>Trusted Translations<\/em> \u00e8 in grado di fornire risorse di eLearning complete e pronte per l\u2019uso ai nostri stimati clienti.\r\n\r\nQueste sono solo alcune delle moderne soluzioni di eLearning che <em>Trusted Translations<\/em> ha fornito a clienti soddisfatti:\r\n\r\n<div class=\"elearning-container\">\r\n        <div>\r\n            <i class=\"fa fa-video-camera fa-3\" aria-hidden=\"true\"><\/i>\r\n            <h4 style=\"text-align: center;\">Video di apprendimento<\/h4>\r\n        <\/div>\r\n        <div>\r\n            <i class=\"fa fa-users fa-3\" aria-hidden=\"true\"><\/i>\r\n            <h4 style=\"text-align: center;\">Scenari interattivi<\/h4>\r\n        <\/div>\r\n        <div>\r\n            <i class=\"fa fa-file-pdf-o fa-3\" aria-hidden=\"true\"><\/i>\r\n            <h4 style=\"text-align: center;\">Infografiche, pdf interattivi<\/h4>\r\n        <\/div>\r\n        <div>\r\n            <i class=\"fa fa-mouse-pointer fa-3\" aria-hidden=\"true\"><\/i>\r\n            <h4 style=\"text-align: center;\">Storytelling<\/h4>\r\n        <\/div>\r\n        <div>\r\n            <i class=\"fa fa-desktop fa-3\" aria-hidden=\"true\"><\/i>\r\n            <h4 style=\"text-align: center;\">Programmi di apprendimento misto<\/h4>\r\n        <\/div>\r\n        <div>\r\n            <i class=\"fa fa-pencil-square-o fa-3\" aria-hidden=\"true\"><\/i>\r\n            <h4 style=\"text-align: center;\">Corsi di eLearning<\/h4>\r\n        <\/div>\r\n    <\/div>\r\n\r\n<h2 style=\"margin-bottom:20px\">Competenza di eLearning di <em>Trusted Translations<\/em><\/h2>\r\nAgilit\u00e0, innovazione, integrit\u00e0 e un impegno instancabile per la soddisfazione del cliente sono fondamentali per tutto ci\u00f2 che facciamo a <i><em>Trusted Translations<\/em><\/i>. I nostri appassionati linguisti, grafici, esperti multimediali e specialisti delle vendite e del servizio clienti collaborano da oltre 15 anni per fornire contenuti su misura di alta qualit\u00e0.\r\n\r\nQuando lavorate con <em>Trusted Translations<\/em>, questo team di professionisti dedicati \u00e8 al vostro servizio dall\u2019inizio alla fine, dalla pianificazione alla consegna. Contattate <em>Trusted Translations<\/em> per tutte le vostre esigenze di traduzione e localizzazione di eLearning, grandi o piccole che siano."},"state":{"type":"textfield","raw":""},"city":{"type":"textarea","raw":[]}}},"_links":{"self":[{"href":"https:\/\/www.trustedtranslations.com\/it\/wp-json\/wp\/v2\/pages\/123282","targetHints":{"allow":["GET"]}}],"collection":[{"href":"https:\/\/www.trustedtranslations.com\/it\/wp-json\/wp\/v2\/pages"}],"about":[{"href":"https:\/\/www.trustedtranslations.com\/it\/wp-json\/wp\/v2\/types\/page"}],"author":[{"embeddable":true,"href":"https:\/\/www.trustedtranslations.com\/it\/wp-json\/wp\/v2\/users\/1"}],"replies":[{"embeddable":true,"href":"https:\/\/www.trustedtranslations.com\/it\/wp-json\/wp\/v2\/comments?post=123282"}],"version-history":[{"count":0,"href":"https:\/\/www.trustedtranslations.com\/it\/wp-json\/wp\/v2\/pages\/123282\/revisions"}],"up":[{"embeddable":true,"href":"https:\/\/www.trustedtranslations.com\/it\/wp-json\/wp\/v2\/pages\/123363"}],"wp:featuredmedia":[{"embeddable":true,"href":"https:\/\/www.trustedtranslations.com\/it\/wp-json\/wp\/v2\/media\/139629"}],"wp:attachment":[{"href":"https:\/\/www.trustedtranslations.com\/it\/wp-json\/wp\/v2\/media?parent=123282"}],"curies":[{"name":"wp","href":"https:\/\/api.w.org\/{rel}","templated":true}]}}