{"id":123283,"date":"2019-10-30T15:34:51","date_gmt":"2019-10-30T15:34:51","guid":{"rendered":"https:\/\/www.trustedtranslations.com\/?page_id=123283"},"modified":"2024-09-03T11:46:58","modified_gmt":"2024-09-03T14:46:58","slug":"custom-mt","status":"publish","type":"page","link":"https:\/\/www.trustedtranslations.com\/it\/servizi\/automatica\/custom-mt","title":{"rendered":"Creazione di MT personalizzate"},"content":{"rendered":"","protected":false},"excerpt":{"rendered":"","protected":false},"author":1,"featured_media":248046,"parent":123299,"menu_order":2,"comment_status":"closed","ping_status":"closed","template":"","meta":{"site-sidebar-layout":"default","site-content-layout":"default","ast-site-content-layout":"default","site-content-style":"default","site-sidebar-style":"default","ast-global-header-display":"","ast-banner-title-visibility":"","ast-main-header-display":"","ast-hfb-above-header-display":"","ast-hfb-below-header-display":"","ast-hfb-mobile-header-display":"","site-post-title":"disabled","ast-breadcrumbs-content":"","ast-featured-img":"","footer-sml-layout":"","theme-transparent-header-meta":"default","adv-header-id-meta":"","stick-header-meta":"","header-above-stick-meta":"","header-main-stick-meta":"","header-below-stick-meta":"","astra-migrate-meta-layouts":"set","ast-page-background-enabled":"default","ast-page-background-meta":{"desktop":{"background-color":"var(--ast-global-color-4)","background-image":"","background-repeat":"repeat","background-position":"center center","background-size":"auto","background-attachment":"scroll","background-type":"","background-media":"","overlay-type":"","overlay-color":"","overlay-opacity":"","overlay-gradient":""},"tablet":{"background-color":"","background-image":"","background-repeat":"repeat","background-position":"center center","background-size":"auto","background-attachment":"scroll","background-type":"","background-media":"","overlay-type":"","overlay-color":"","overlay-opacity":"","overlay-gradient":""},"mobile":{"background-color":"","background-image":"","background-repeat":"repeat","background-position":"center center","background-size":"auto","background-attachment":"scroll","background-type":"","background-media":"","overlay-type":"","overlay-color":"","overlay-opacity":"","overlay-gradient":""}},"ast-content-background-meta":{"desktop":{"background-color":"var(--ast-global-color-5)","background-image":"","background-repeat":"repeat","background-position":"center center","background-size":"auto","background-attachment":"scroll","background-type":"","background-media":"","overlay-type":"","overlay-color":"","overlay-opacity":"","overlay-gradient":""},"tablet":{"background-color":"var(--ast-global-color-5)","background-image":"","background-repeat":"repeat","background-position":"center center","background-size":"auto","background-attachment":"scroll","background-type":"","background-media":"","overlay-type":"","overlay-color":"","overlay-opacity":"","overlay-gradient":""},"mobile":{"background-color":"var(--ast-global-color-5)","background-image":"","background-repeat":"repeat","background-position":"center center","background-size":"auto","background-attachment":"scroll","background-type":"","background-media":"","overlay-type":"","overlay-color":"","overlay-opacity":"","overlay-gradient":""}},"footnotes":""},"class_list":["post-123283","page","type-page","status-publish","has-post-thumbnail","hentry"],"yoast_head":"<!-- This site is optimized with the Yoast SEO plugin v27.5 - https:\/\/yoast.com\/product\/yoast-seo-wordpress\/ -->\n<title>Processo di sviluppo di traduzioni automatiche personalizzate: Traduzioni affidabili<\/title>\n<meta name=\"description\" content=\"Per lanciare un nuovo motore di traduzione automatica personalizzato, Trusted Translations richiede una formazione iniziale e una configurazione per creare un nuovo motore MT.\" \/>\n<meta name=\"robots\" content=\"index, follow, max-snippet:-1, max-image-preview:large, max-video-preview:-1\" \/>\n<link rel=\"canonical\" href=\"https:\/\/www.trustedtranslations.com\/it\/servizi\/automatica\/custom-mt\" \/>\n<meta property=\"og:locale\" content=\"it_IT\" \/>\n<meta property=\"og:type\" content=\"article\" \/>\n<meta property=\"og:title\" content=\"Processo di sviluppo di traduzioni automatiche personalizzate: Traduzioni affidabili\" \/>\n<meta property=\"og:description\" content=\"Per lanciare un nuovo motore di traduzione automatica personalizzato, Trusted Translations richiede una formazione iniziale e una configurazione per creare un nuovo motore MT.\" \/>\n<meta property=\"og:url\" content=\"https:\/\/www.trustedtranslations.com\/it\/servizi\/automatica\/custom-mt\" \/>\n<meta property=\"og:site_name\" content=\"Trusted Translations, Inc.\" \/>\n<meta property=\"article:publisher\" content=\"https:\/\/www.facebook.com\/Trusted.Translations\" \/>\n<meta property=\"article:modified_time\" content=\"2024-09-03T14:46:58+00:00\" \/>\n<meta property=\"og:image\" content=\"https:\/\/static.trustedtranslations.com\/wp-content\/uploads\/2024\/02\/Recurso-16-1.png\" \/>\n\t<meta property=\"og:image:width\" content=\"150\" \/>\n\t<meta property=\"og:image:height\" content=\"150\" \/>\n\t<meta property=\"og:image:type\" content=\"image\/png\" \/>\n<meta name=\"twitter:card\" content=\"summary_large_image\" \/>\n<meta name=\"twitter:site\" content=\"@TrustedT9ns\" \/>\n<script type=\"application\/ld+json\" class=\"yoast-schema-graph\">{\"@context\":\"https:\\\/\\\/schema.org\",\"@graph\":[{\"@type\":\"WebPage\",\"@id\":\"https:\\\/\\\/www.trustedtranslations.com\\\/it\\\/servizi\\\/automatica\\\/custom-mt\",\"url\":\"https:\\\/\\\/www.trustedtranslations.com\\\/it\\\/servizi\\\/automatica\\\/custom-mt\",\"name\":\"Processo di sviluppo di traduzioni automatiche personalizzate: Traduzioni affidabili\",\"isPartOf\":{\"@id\":\"https:\\\/\\\/www.trustedtranslations.com\\\/it\\\/#website\"},\"primaryImageOfPage\":{\"@id\":\"https:\\\/\\\/www.trustedtranslations.com\\\/it\\\/servizi\\\/automatica\\\/custom-mt#primaryimage\"},\"image\":{\"@id\":\"https:\\\/\\\/www.trustedtranslations.com\\\/it\\\/servizi\\\/automatica\\\/custom-mt#primaryimage\"},\"thumbnailUrl\":\"https:\\\/\\\/www.trustedtranslations.com\\\/wp-content\\\/uploads\\\/2024\\\/02\\\/Recurso-16-1.png\",\"description\":\"Per lanciare un nuovo motore di traduzione automatica personalizzato, Trusted Translations richiede una formazione iniziale e una configurazione per creare un nuovo motore MT.\",\"breadcrumb\":{\"@id\":\"https:\\\/\\\/www.trustedtranslations.com\\\/it\\\/servizi\\\/automatica\\\/custom-mt#breadcrumb\"},\"inLanguage\":\"it-IT\",\"potentialAction\":[{\"@type\":\"ReadAction\",\"target\":[\"https:\\\/\\\/www.trustedtranslations.com\\\/it\\\/servizi\\\/automatica\\\/custom-mt\"]}]},{\"@type\":\"ImageObject\",\"inLanguage\":\"it-IT\",\"@id\":\"https:\\\/\\\/www.trustedtranslations.com\\\/it\\\/servizi\\\/automatica\\\/custom-mt#primaryimage\",\"url\":\"https:\\\/\\\/www.trustedtranslations.com\\\/wp-content\\\/uploads\\\/2024\\\/02\\\/Recurso-16-1.png\",\"contentUrl\":\"https:\\\/\\\/www.trustedtranslations.com\\\/wp-content\\\/uploads\\\/2024\\\/02\\\/Recurso-16-1.png\",\"width\":150,\"height\":150,\"caption\":\"Recurso 16 1\"},{\"@type\":\"BreadcrumbList\",\"@id\":\"https:\\\/\\\/www.trustedtranslations.com\\\/it\\\/servizi\\\/automatica\\\/custom-mt#breadcrumb\",\"itemListElement\":[{\"@type\":\"ListItem\",\"position\":1,\"name\":\"Home\",\"item\":\"https:\\\/\\\/www.trustedtranslations.com\\\/it\"},{\"@type\":\"ListItem\",\"position\":2,\"name\":\"Servizi\",\"item\":\"https:\\\/\\\/www.trustedtranslations.com\\\/it\\\/servizi\"},{\"@type\":\"ListItem\",\"position\":3,\"name\":\"Traduzione automatica\",\"item\":\"https:\\\/\\\/www.trustedtranslations.com\\\/it\\\/servizi\\\/automatica\"},{\"@type\":\"ListItem\",\"position\":4,\"name\":\"Creazione di MT personalizzate\"}]},{\"@type\":\"WebSite\",\"@id\":\"https:\\\/\\\/www.trustedtranslations.com\\\/it\\\/#website\",\"url\":\"https:\\\/\\\/www.trustedtranslations.com\\\/it\\\/\",\"name\":\"Trusted Translations, Inc.\",\"description\":\"Leader in translation and interpretation services.\",\"publisher\":{\"@id\":\"https:\\\/\\\/www.trustedtranslations.com\\\/it\\\/#organization\"},\"alternateName\":\"Trusted Translations\",\"potentialAction\":[{\"@type\":\"SearchAction\",\"target\":{\"@type\":\"EntryPoint\",\"urlTemplate\":\"https:\\\/\\\/www.trustedtranslations.com\\\/it\\\/?s={search_term_string}\"},\"query-input\":{\"@type\":\"PropertyValueSpecification\",\"valueRequired\":true,\"valueName\":\"search_term_string\"}}],\"inLanguage\":\"it-IT\"},{\"@type\":\"Organization\",\"@id\":\"https:\\\/\\\/www.trustedtranslations.com\\\/it\\\/#organization\",\"name\":\"Trusted Translations\",\"alternateName\":\"Trusted Translations, Inc.\",\"url\":\"https:\\\/\\\/www.trustedtranslations.com\\\/it\\\/\",\"logo\":{\"@type\":\"ImageObject\",\"inLanguage\":\"it-IT\",\"@id\":\"https:\\\/\\\/www.trustedtranslations.com\\\/it\\\/#\\\/schema\\\/logo\\\/image\\\/\",\"url\":\"https:\\\/\\\/static.trustedtranslations.com\\\/wp-content\\\/uploads\\\/2022\\\/01\\\/TT_logo_WSIColors-2.png\",\"contentUrl\":\"https:\\\/\\\/static.trustedtranslations.com\\\/wp-content\\\/uploads\\\/2022\\\/01\\\/TT_logo_WSIColors-2.png\",\"width\":500,\"height\":196,\"caption\":\"Trusted Translations\"},\"image\":{\"@id\":\"https:\\\/\\\/www.trustedtranslations.com\\\/it\\\/#\\\/schema\\\/logo\\\/image\\\/\"},\"sameAs\":[\"https:\\\/\\\/www.facebook.com\\\/Trusted.Translations\",\"https:\\\/\\\/x.com\\\/TrustedT9ns\",\"https:\\\/\\\/www.linkedin.com\\\/company\\\/trusted-translations\"]}]}<\/script>\n<!-- \/ Yoast SEO plugin. -->","yoast_head_json":{"title":"Processo di sviluppo di traduzioni automatiche personalizzate: Traduzioni affidabili","description":"Per lanciare un nuovo motore di traduzione automatica personalizzato, Trusted Translations richiede una formazione iniziale e una configurazione per creare un nuovo motore MT.","robots":{"index":"index","follow":"follow","max-snippet":"max-snippet:-1","max-image-preview":"max-image-preview:large","max-video-preview":"max-video-preview:-1"},"canonical":"https:\/\/www.trustedtranslations.com\/it\/servizi\/automatica\/custom-mt","og_locale":"it_IT","og_type":"article","og_title":"Processo di sviluppo di traduzioni automatiche personalizzate: Traduzioni affidabili","og_description":"Per lanciare un nuovo motore di traduzione automatica personalizzato, Trusted Translations richiede una formazione iniziale e una configurazione per creare un nuovo motore MT.","og_url":"https:\/\/www.trustedtranslations.com\/it\/servizi\/automatica\/custom-mt","og_site_name":"Trusted Translations, Inc.","article_publisher":"https:\/\/www.facebook.com\/Trusted.Translations","article_modified_time":"2024-09-03T14:46:58+00:00","og_image":[{"width":150,"height":150,"url":"https:\/\/static.trustedtranslations.com\/wp-content\/uploads\/2024\/02\/Recurso-16-1.png","type":"image\/png"}],"twitter_card":"summary_large_image","twitter_site":"@TrustedT9ns","schema":{"@context":"https:\/\/schema.org","@graph":[{"@type":"WebPage","@id":"https:\/\/www.trustedtranslations.com\/it\/servizi\/automatica\/custom-mt","url":"https:\/\/www.trustedtranslations.com\/it\/servizi\/automatica\/custom-mt","name":"Processo di sviluppo di traduzioni automatiche personalizzate: Traduzioni affidabili","isPartOf":{"@id":"https:\/\/www.trustedtranslations.com\/it\/#website"},"primaryImageOfPage":{"@id":"https:\/\/www.trustedtranslations.com\/it\/servizi\/automatica\/custom-mt#primaryimage"},"image":{"@id":"https:\/\/www.trustedtranslations.com\/it\/servizi\/automatica\/custom-mt#primaryimage"},"thumbnailUrl":"https:\/\/www.trustedtranslations.com\/wp-content\/uploads\/2024\/02\/Recurso-16-1.png","description":"Per lanciare un nuovo motore di traduzione automatica personalizzato, Trusted Translations richiede una formazione iniziale e una configurazione per creare un nuovo motore MT.","breadcrumb":{"@id":"https:\/\/www.trustedtranslations.com\/it\/servizi\/automatica\/custom-mt#breadcrumb"},"inLanguage":"it-IT","potentialAction":[{"@type":"ReadAction","target":["https:\/\/www.trustedtranslations.com\/it\/servizi\/automatica\/custom-mt"]}]},{"@type":"ImageObject","inLanguage":"it-IT","@id":"https:\/\/www.trustedtranslations.com\/it\/servizi\/automatica\/custom-mt#primaryimage","url":"https:\/\/www.trustedtranslations.com\/wp-content\/uploads\/2024\/02\/Recurso-16-1.png","contentUrl":"https:\/\/www.trustedtranslations.com\/wp-content\/uploads\/2024\/02\/Recurso-16-1.png","width":150,"height":150,"caption":"Recurso 16 1"},{"@type":"BreadcrumbList","@id":"https:\/\/www.trustedtranslations.com\/it\/servizi\/automatica\/custom-mt#breadcrumb","itemListElement":[{"@type":"ListItem","position":1,"name":"Home","item":"https:\/\/www.trustedtranslations.com\/it"},{"@type":"ListItem","position":2,"name":"Servizi","item":"https:\/\/www.trustedtranslations.com\/it\/servizi"},{"@type":"ListItem","position":3,"name":"Traduzione automatica","item":"https:\/\/www.trustedtranslations.com\/it\/servizi\/automatica"},{"@type":"ListItem","position":4,"name":"Creazione di MT personalizzate"}]},{"@type":"WebSite","@id":"https:\/\/www.trustedtranslations.com\/it\/#website","url":"https:\/\/www.trustedtranslations.com\/it\/","name":"Trusted Translations, Inc.","description":"Leader in translation and interpretation services.","publisher":{"@id":"https:\/\/www.trustedtranslations.com\/it\/#organization"},"alternateName":"Trusted Translations","potentialAction":[{"@type":"SearchAction","target":{"@type":"EntryPoint","urlTemplate":"https:\/\/www.trustedtranslations.com\/it\/?s={search_term_string}"},"query-input":{"@type":"PropertyValueSpecification","valueRequired":true,"valueName":"search_term_string"}}],"inLanguage":"it-IT"},{"@type":"Organization","@id":"https:\/\/www.trustedtranslations.com\/it\/#organization","name":"Trusted Translations","alternateName":"Trusted Translations, Inc.","url":"https:\/\/www.trustedtranslations.com\/it\/","logo":{"@type":"ImageObject","inLanguage":"it-IT","@id":"https:\/\/www.trustedtranslations.com\/it\/#\/schema\/logo\/image\/","url":"https:\/\/static.trustedtranslations.com\/wp-content\/uploads\/2022\/01\/TT_logo_WSIColors-2.png","contentUrl":"https:\/\/static.trustedtranslations.com\/wp-content\/uploads\/2022\/01\/TT_logo_WSIColors-2.png","width":500,"height":196,"caption":"Trusted Translations"},"image":{"@id":"https:\/\/www.trustedtranslations.com\/it\/#\/schema\/logo\/image\/"},"sameAs":["https:\/\/www.facebook.com\/Trusted.Translations","https:\/\/x.com\/TrustedT9ns","https:\/\/www.linkedin.com\/company\/trusted-translations"]}]}},"toolset-meta":{"dyk":{"mensaje-1":{"type":"textfield","raw":"Il nostro processo CNMT pu\u00f2 essere integrato direttamente nel vostro sistema di gestione dei contenuti."},"mensaje-2":{"type":"textfield","raw":"Trusted Translations offre consulenze informatiche gratuite per determinare se il CNMT \u00e8 adatto a voi."},"mensaje-3":{"type":"textfield","raw":"La personalizzazione aiuta a garantire che le traduzioni corrispondano al settore, al tono e alla terminologia della vostra azienda."},"mensaje-4":{"type":"textfield","raw":"Le soluzioni CNMTE di Trusted Translations garantiscono il massimo livello di sicurezza per i progetti."},"mensaje-5":{"type":"textfield","raw":""},"mensaje-6":{"type":"textfield","raw":""}},"single-page-template-fields":{"imgs-temp":{"type":"image","raw":["https:\/\/static.trustedtranslations.com\/wp-content\/uploads\/2024\/07\/machine-ok-3-1-1.webp","https:\/\/static.trustedtranslations.com\/wp-content\/uploads\/2024\/07\/machine-ok-1.webp","https:\/\/static.trustedtranslations.com\/wp-content\/uploads\/2024\/07\/machine-ok-2-1-1.webp"],"repeatable":[{"raw":"https:\/\/static.trustedtranslations.com\/wp-content\/uploads\/2024\/07\/machine-ok-3-1-1.webp"},{"raw":"https:\/\/static.trustedtranslations.com\/wp-content\/uploads\/2024\/07\/machine-ok-1.webp"},{"raw":"https:\/\/static.trustedtranslations.com\/wp-content\/uploads\/2024\/07\/machine-ok-2-1-1.webp"}]},"imgs-temp-cel":{"type":"image","raw":[""],"repeatable":[{"raw":""}]},"img-temp-one-cel":{"type":"image","raw":"https:\/\/static.trustedtranslations.com\/wp-content\/uploads\/2024\/07\/AdobeStock_445707123-2-1.webp","attachment_id":null},"quotes":{"type":"textarea","raw":"<h1 style=\"margin-bottom: 12px;\">Processo di sviluppo della traduzione automatica neurale personalizzata<\/h1>\r\nOgni ambiente \u00e8 diverso. Il nostro primo passo \u00e8 comprendere i materiali e gli obiettivi del cliente. Quali sono le esigenze specifiche dei vostri materiali? Che tipo di flusso di lavoro \u00e8 adatto ai vostri contenuti e alla vostra organizzazione? Avete dei requisiti di sicurezza e\/o IT che dobbiamo tenere in considerazione? Le risposte a questo tipo di domande aiuteranno a definire non solo la tecnologia appropriata da impiegare, ma anche il processo pertinente e i criteri per il successo del progetto.\r\n<div style=\"margin-top: 2.5vw;\"><a class=\"tt-btn-main-cta\" href=\"\/it\/quote\">RICHIEDI UN PREVENTIVO GRATUITO<\/a><\/div>"},"text-1":{"type":"textarea","raw":"<h2>Selezione di un motore di base<\/h2>\r\nIl motore di base \u00e8 la base su cui costruiremo il progetto. Sono disponibili diverse offerte sul mercato, come Google, Microsoft, Amazon e persino Apple, insieme ad altri attori del settore pi\u00f9 piccoli ma efficaci. Collaboriamo con il cliente per determinare quale motore sia pi\u00f9 adatto alle sue esigenze. A tal fine, offriamo un'API multipla e un sistema di test automatizzato che ci consentir\u00e0 di selezionare il motore giusto per i vostri contenuti in base alle vostre esigenze.\r\n<h2>Selezione dei dati e preparazione del corpus<\/h2>\r\nIl punto di partenza per un motore di traduzione automatica neurale personalizzato \u00e8 trovare e utilizzare materiali tradotti in precedenza che coinvolgono contenuti pi\u00f9 simili possibile a ci\u00f2 che deve essere tradotto. Maggiore \u00e8 il materiale precedentemente tradotto disponibile, pi\u00f9 veloce ed economico sar\u00e0 il processo. Se la fonte e il target non sono gi\u00e0 associati come unit\u00e0 di memoria di traduzione, \u00e8 possibile eseguire un allineamento per ottenere il contenuto bilingue necessario per aumentare le prestazioni del motore.\r\n\r\n<strong>Passo successivo: Contenuto monolingue (target)<\/strong>\r\nSe esistono quantit\u00e0 sufficienti di contenuti per il target di riferimento, \u00e8 possibile sfruttare sia lo stile che la terminologia aggiungendoli al mix.\r\n<strong>Ultimo passo: Corpus specializzato da fonti aggiuntive<\/strong>\r\nCercheremo sul web materiali pi\u00f9 vicini possibile al contenuto che verr\u00e0 eseguito attraverso il motore. Investire tempo nella ricerca dei corpora della migliore qualit\u00e0 ripaga sempre. Lo stesso vale per i dati bilingui ottenibili dai mercati di dati."},"shortcode-map":{"type":"textfield","raw":""},"dyk-shortcode":{"type":"textfield","raw":"[elementor-template id=\"146751\"]"},"text-2":{"type":"textarea","raw":"<h2>Riaddestramento: I nuovi CNMTE migliorano con il post-editing umano<\/h2>\r\nUna configurazione comune consiste nell\u2019integrare il post-editing umano nel processo per migliorare i risultati. In questo flusso di lavoro, l\u2019output del motore di traduzione automatica neurale personalizzato viene modificato dai nostri linguisti esperti per migliorarne la qualit\u00e0 e riaddestrare il motore per traduzioni future. Quando il revisore modifica l\u2019output, il motore diventa pi\u00f9 intelligente utilizzando un modello dinamico adattivo. Inoltre, man mano che pi\u00f9 traduzioni fluiscono attraverso il motore, questo diventa ancora pi\u00f9 intelligente con il tempo. In altre parole, il divario di qualit\u00e0 tra la traduzione umana completa e questa soluzione si riduce drasticamente, mentre i tempi e i costi di consegna risultano notevolmente ridotti. A nostro avviso, questi motori diventeranno una risorsa e un differenziatore di mercato per qualsiasi cliente con esigenze ricorrenti."},"state":{"type":"textfield","raw":""},"city":{"type":"textarea","raw":[]}}},"_links":{"self":[{"href":"https:\/\/www.trustedtranslations.com\/it\/wp-json\/wp\/v2\/pages\/123283","targetHints":{"allow":["GET"]}}],"collection":[{"href":"https:\/\/www.trustedtranslations.com\/it\/wp-json\/wp\/v2\/pages"}],"about":[{"href":"https:\/\/www.trustedtranslations.com\/it\/wp-json\/wp\/v2\/types\/page"}],"author":[{"embeddable":true,"href":"https:\/\/www.trustedtranslations.com\/it\/wp-json\/wp\/v2\/users\/1"}],"replies":[{"embeddable":true,"href":"https:\/\/www.trustedtranslations.com\/it\/wp-json\/wp\/v2\/comments?post=123283"}],"version-history":[{"count":0,"href":"https:\/\/www.trustedtranslations.com\/it\/wp-json\/wp\/v2\/pages\/123283\/revisions"}],"up":[{"embeddable":true,"href":"https:\/\/www.trustedtranslations.com\/it\/wp-json\/wp\/v2\/pages\/123299"}],"wp:featuredmedia":[{"embeddable":true,"href":"https:\/\/www.trustedtranslations.com\/it\/wp-json\/wp\/v2\/media\/248046"}],"wp:attachment":[{"href":"https:\/\/www.trustedtranslations.com\/it\/wp-json\/wp\/v2\/media?parent=123283"}],"curies":[{"name":"wp","href":"https:\/\/api.w.org\/{rel}","templated":true}]}}