{"id":123284,"date":"2019-10-30T15:34:28","date_gmt":"2019-10-30T15:34:28","guid":{"rendered":"https:\/\/www.trustedtranslations.com\/?page_id=123284"},"modified":"2024-09-04T17:58:36","modified_gmt":"2024-09-04T20:58:36","slug":"motori-mt-personalizzati","status":"publish","type":"page","link":"https:\/\/www.trustedtranslations.com\/it\/servizi\/automatica\/motori-mt-personalizzati","title":{"rendered":"Motori MT neurali personalizzati"},"content":{"rendered":"","protected":false},"excerpt":{"rendered":"","protected":false},"author":1,"featured_media":248034,"parent":123299,"menu_order":1,"comment_status":"closed","ping_status":"closed","template":"","meta":{"site-sidebar-layout":"default","site-content-layout":"default","ast-site-content-layout":"default","site-content-style":"default","site-sidebar-style":"default","ast-global-header-display":"","ast-banner-title-visibility":"","ast-main-header-display":"","ast-hfb-above-header-display":"","ast-hfb-below-header-display":"","ast-hfb-mobile-header-display":"","site-post-title":"disabled","ast-breadcrumbs-content":"","ast-featured-img":"","footer-sml-layout":"","ast-disable-related-posts":"","theme-transparent-header-meta":"default","adv-header-id-meta":"","stick-header-meta":"","header-above-stick-meta":"","header-main-stick-meta":"","header-below-stick-meta":"","astra-migrate-meta-layouts":"set","ast-page-background-enabled":"default","ast-page-background-meta":{"desktop":{"background-color":"var(--ast-global-color-4)","background-image":"","background-repeat":"repeat","background-position":"center center","background-size":"auto","background-attachment":"scroll","background-type":"","background-media":"","overlay-type":"","overlay-color":"","overlay-opacity":"","overlay-gradient":""},"tablet":{"background-color":"","background-image":"","background-repeat":"repeat","background-position":"center center","background-size":"auto","background-attachment":"scroll","background-type":"","background-media":"","overlay-type":"","overlay-color":"","overlay-opacity":"","overlay-gradient":""},"mobile":{"background-color":"","background-image":"","background-repeat":"repeat","background-position":"center center","background-size":"auto","background-attachment":"scroll","background-type":"","background-media":"","overlay-type":"","overlay-color":"","overlay-opacity":"","overlay-gradient":""}},"ast-content-background-meta":{"desktop":{"background-color":"var(--ast-global-color-5)","background-image":"","background-repeat":"repeat","background-position":"center center","background-size":"auto","background-attachment":"scroll","background-type":"","background-media":"","overlay-type":"","overlay-color":"","overlay-opacity":"","overlay-gradient":""},"tablet":{"background-color":"var(--ast-global-color-5)","background-image":"","background-repeat":"repeat","background-position":"center center","background-size":"auto","background-attachment":"scroll","background-type":"","background-media":"","overlay-type":"","overlay-color":"","overlay-opacity":"","overlay-gradient":""},"mobile":{"background-color":"var(--ast-global-color-5)","background-image":"","background-repeat":"repeat","background-position":"center center","background-size":"auto","background-attachment":"scroll","background-type":"","background-media":"","overlay-type":"","overlay-color":"","overlay-opacity":"","overlay-gradient":""}},"footnotes":""},"class_list":["post-123284","page","type-page","status-publish","has-post-thumbnail","hentry"],"yoast_head":"<!-- This site is optimized with the Yoast SEO plugin v27.6 - https:\/\/yoast.com\/product\/yoast-seo-wordpress\/ -->\n<title>Motori di traduzione automatica personalizzati: Traduzioni affidabili<\/title>\n<meta name=\"description\" content=\"Trusted Translations \u00e8 un leader globale nell\u2019implementazione di motori di traduzione automatica personalizzati (CMTE) per produrre traduzioni di alta qualit\u00e0.\" \/>\n<meta name=\"robots\" content=\"index, follow, max-snippet:-1, max-image-preview:large, max-video-preview:-1\" \/>\n<link rel=\"canonical\" href=\"https:\/\/www.trustedtranslations.com\/it\/servizi\/automatica\/motori-mt-personalizzati\" \/>\n<meta property=\"og:locale\" content=\"it_IT\" \/>\n<meta property=\"og:type\" content=\"article\" \/>\n<meta property=\"og:title\" content=\"Motori di traduzione automatica personalizzati: Traduzioni affidabili\" \/>\n<meta property=\"og:description\" content=\"Trusted Translations \u00e8 un leader globale nell\u2019implementazione di motori di traduzione automatica personalizzati (CMTE) per produrre traduzioni di alta qualit\u00e0.\" \/>\n<meta property=\"og:url\" content=\"https:\/\/www.trustedtranslations.com\/it\/servizi\/automatica\/motori-mt-personalizzati\" \/>\n<meta property=\"og:site_name\" content=\"Trusted Translations, Inc.\" \/>\n<meta property=\"article:publisher\" content=\"https:\/\/www.facebook.com\/Trusted.Translations\" \/>\n<meta property=\"article:modified_time\" content=\"2024-09-04T20:58:36+00:00\" \/>\n<meta property=\"og:image\" content=\"https:\/\/static.trustedtranslations.com\/wp-content\/uploads\/2024\/02\/Recurso-15-1.png\" \/>\n\t<meta property=\"og:image:width\" content=\"150\" \/>\n\t<meta property=\"og:image:height\" content=\"150\" \/>\n\t<meta property=\"og:image:type\" content=\"image\/png\" \/>\n<meta name=\"twitter:card\" content=\"summary_large_image\" \/>\n<meta name=\"twitter:site\" content=\"@TrustedT9ns\" \/>\n<script type=\"application\/ld+json\" class=\"yoast-schema-graph\">{\"@context\":\"https:\\\/\\\/schema.org\",\"@graph\":[{\"@type\":\"WebPage\",\"@id\":\"https:\\\/\\\/www.trustedtranslations.com\\\/it\\\/servizi\\\/automatica\\\/motori-mt-personalizzati\",\"url\":\"https:\\\/\\\/www.trustedtranslations.com\\\/it\\\/servizi\\\/automatica\\\/motori-mt-personalizzati\",\"name\":\"Motori di traduzione automatica personalizzati: Traduzioni affidabili\",\"isPartOf\":{\"@id\":\"https:\\\/\\\/www.trustedtranslations.com\\\/it\\\/#website\"},\"primaryImageOfPage\":{\"@id\":\"https:\\\/\\\/www.trustedtranslations.com\\\/it\\\/servizi\\\/automatica\\\/motori-mt-personalizzati#primaryimage\"},\"image\":{\"@id\":\"https:\\\/\\\/www.trustedtranslations.com\\\/it\\\/servizi\\\/automatica\\\/motori-mt-personalizzati#primaryimage\"},\"thumbnailUrl\":\"https:\\\/\\\/www.trustedtranslations.com\\\/wp-content\\\/uploads\\\/2024\\\/02\\\/Recurso-15-1.png\",\"description\":\"Trusted Translations \u00e8 un leader globale nell\u2019implementazione di motori di traduzione automatica personalizzati (CMTE) per produrre traduzioni di alta qualit\u00e0.\",\"breadcrumb\":{\"@id\":\"https:\\\/\\\/www.trustedtranslations.com\\\/it\\\/servizi\\\/automatica\\\/motori-mt-personalizzati#breadcrumb\"},\"inLanguage\":\"it-IT\",\"potentialAction\":[{\"@type\":\"ReadAction\",\"target\":[\"https:\\\/\\\/www.trustedtranslations.com\\\/it\\\/servizi\\\/automatica\\\/motori-mt-personalizzati\"]}]},{\"@type\":\"ImageObject\",\"inLanguage\":\"it-IT\",\"@id\":\"https:\\\/\\\/www.trustedtranslations.com\\\/it\\\/servizi\\\/automatica\\\/motori-mt-personalizzati#primaryimage\",\"url\":\"https:\\\/\\\/www.trustedtranslations.com\\\/wp-content\\\/uploads\\\/2024\\\/02\\\/Recurso-15-1.png\",\"contentUrl\":\"https:\\\/\\\/www.trustedtranslations.com\\\/wp-content\\\/uploads\\\/2024\\\/02\\\/Recurso-15-1.png\",\"width\":150,\"height\":150,\"caption\":\"Recurso 15 1\"},{\"@type\":\"BreadcrumbList\",\"@id\":\"https:\\\/\\\/www.trustedtranslations.com\\\/it\\\/servizi\\\/automatica\\\/motori-mt-personalizzati#breadcrumb\",\"itemListElement\":[{\"@type\":\"ListItem\",\"position\":1,\"name\":\"Home\",\"item\":\"https:\\\/\\\/www.trustedtranslations.com\\\/it\"},{\"@type\":\"ListItem\",\"position\":2,\"name\":\"Servizi\",\"item\":\"https:\\\/\\\/www.trustedtranslations.com\\\/it\\\/servizi\"},{\"@type\":\"ListItem\",\"position\":3,\"name\":\"Traduzione automatica\",\"item\":\"https:\\\/\\\/www.trustedtranslations.com\\\/it\\\/servizi\\\/automatica\"},{\"@type\":\"ListItem\",\"position\":4,\"name\":\"Motori MT neurali personalizzati\"}]},{\"@type\":\"WebSite\",\"@id\":\"https:\\\/\\\/www.trustedtranslations.com\\\/it\\\/#website\",\"url\":\"https:\\\/\\\/www.trustedtranslations.com\\\/it\\\/\",\"name\":\"Trusted Translations, Inc.\",\"description\":\"Leader in translation and interpretation services.\",\"publisher\":{\"@id\":\"https:\\\/\\\/www.trustedtranslations.com\\\/it\\\/#organization\"},\"alternateName\":\"Trusted Translations\",\"potentialAction\":[{\"@type\":\"SearchAction\",\"target\":{\"@type\":\"EntryPoint\",\"urlTemplate\":\"https:\\\/\\\/www.trustedtranslations.com\\\/it\\\/?s={search_term_string}\"},\"query-input\":{\"@type\":\"PropertyValueSpecification\",\"valueRequired\":true,\"valueName\":\"search_term_string\"}}],\"inLanguage\":\"it-IT\"},{\"@type\":\"Organization\",\"@id\":\"https:\\\/\\\/www.trustedtranslations.com\\\/it\\\/#organization\",\"name\":\"Trusted Translations\",\"alternateName\":\"Trusted Translations, Inc.\",\"url\":\"https:\\\/\\\/www.trustedtranslations.com\\\/it\\\/\",\"logo\":{\"@type\":\"ImageObject\",\"inLanguage\":\"it-IT\",\"@id\":\"https:\\\/\\\/www.trustedtranslations.com\\\/it\\\/#\\\/schema\\\/logo\\\/image\\\/\",\"url\":\"https:\\\/\\\/static.trustedtranslations.com\\\/wp-content\\\/uploads\\\/2022\\\/01\\\/TT_logo_WSIColors-2.png\",\"contentUrl\":\"https:\\\/\\\/static.trustedtranslations.com\\\/wp-content\\\/uploads\\\/2022\\\/01\\\/TT_logo_WSIColors-2.png\",\"width\":500,\"height\":196,\"caption\":\"Trusted Translations\"},\"image\":{\"@id\":\"https:\\\/\\\/www.trustedtranslations.com\\\/it\\\/#\\\/schema\\\/logo\\\/image\\\/\"},\"sameAs\":[\"https:\\\/\\\/www.facebook.com\\\/Trusted.Translations\",\"https:\\\/\\\/x.com\\\/TrustedT9ns\",\"https:\\\/\\\/www.linkedin.com\\\/company\\\/trusted-translations\"]}]}<\/script>\n<!-- \/ Yoast SEO plugin. -->","yoast_head_json":{"title":"Motori di traduzione automatica personalizzati: Traduzioni affidabili","description":"Trusted Translations \u00e8 un leader globale nell\u2019implementazione di motori di traduzione automatica personalizzati (CMTE) per produrre traduzioni di alta qualit\u00e0.","robots":{"index":"index","follow":"follow","max-snippet":"max-snippet:-1","max-image-preview":"max-image-preview:large","max-video-preview":"max-video-preview:-1"},"canonical":"https:\/\/www.trustedtranslations.com\/it\/servizi\/automatica\/motori-mt-personalizzati","og_locale":"it_IT","og_type":"article","og_title":"Motori di traduzione automatica personalizzati: Traduzioni affidabili","og_description":"Trusted Translations \u00e8 un leader globale nell\u2019implementazione di motori di traduzione automatica personalizzati (CMTE) per produrre traduzioni di alta qualit\u00e0.","og_url":"https:\/\/www.trustedtranslations.com\/it\/servizi\/automatica\/motori-mt-personalizzati","og_site_name":"Trusted Translations, Inc.","article_publisher":"https:\/\/www.facebook.com\/Trusted.Translations","article_modified_time":"2024-09-04T20:58:36+00:00","og_image":[{"width":150,"height":150,"url":"https:\/\/static.trustedtranslations.com\/wp-content\/uploads\/2024\/02\/Recurso-15-1.png","type":"image\/png"}],"twitter_card":"summary_large_image","twitter_site":"@TrustedT9ns","schema":{"@context":"https:\/\/schema.org","@graph":[{"@type":"WebPage","@id":"https:\/\/www.trustedtranslations.com\/it\/servizi\/automatica\/motori-mt-personalizzati","url":"https:\/\/www.trustedtranslations.com\/it\/servizi\/automatica\/motori-mt-personalizzati","name":"Motori di traduzione automatica personalizzati: Traduzioni affidabili","isPartOf":{"@id":"https:\/\/www.trustedtranslations.com\/it\/#website"},"primaryImageOfPage":{"@id":"https:\/\/www.trustedtranslations.com\/it\/servizi\/automatica\/motori-mt-personalizzati#primaryimage"},"image":{"@id":"https:\/\/www.trustedtranslations.com\/it\/servizi\/automatica\/motori-mt-personalizzati#primaryimage"},"thumbnailUrl":"https:\/\/www.trustedtranslations.com\/wp-content\/uploads\/2024\/02\/Recurso-15-1.png","description":"Trusted Translations \u00e8 un leader globale nell\u2019implementazione di motori di traduzione automatica personalizzati (CMTE) per produrre traduzioni di alta qualit\u00e0.","breadcrumb":{"@id":"https:\/\/www.trustedtranslations.com\/it\/servizi\/automatica\/motori-mt-personalizzati#breadcrumb"},"inLanguage":"it-IT","potentialAction":[{"@type":"ReadAction","target":["https:\/\/www.trustedtranslations.com\/it\/servizi\/automatica\/motori-mt-personalizzati"]}]},{"@type":"ImageObject","inLanguage":"it-IT","@id":"https:\/\/www.trustedtranslations.com\/it\/servizi\/automatica\/motori-mt-personalizzati#primaryimage","url":"https:\/\/www.trustedtranslations.com\/wp-content\/uploads\/2024\/02\/Recurso-15-1.png","contentUrl":"https:\/\/www.trustedtranslations.com\/wp-content\/uploads\/2024\/02\/Recurso-15-1.png","width":150,"height":150,"caption":"Recurso 15 1"},{"@type":"BreadcrumbList","@id":"https:\/\/www.trustedtranslations.com\/it\/servizi\/automatica\/motori-mt-personalizzati#breadcrumb","itemListElement":[{"@type":"ListItem","position":1,"name":"Home","item":"https:\/\/www.trustedtranslations.com\/it"},{"@type":"ListItem","position":2,"name":"Servizi","item":"https:\/\/www.trustedtranslations.com\/it\/servizi"},{"@type":"ListItem","position":3,"name":"Traduzione automatica","item":"https:\/\/www.trustedtranslations.com\/it\/servizi\/automatica"},{"@type":"ListItem","position":4,"name":"Motori MT neurali personalizzati"}]},{"@type":"WebSite","@id":"https:\/\/www.trustedtranslations.com\/it\/#website","url":"https:\/\/www.trustedtranslations.com\/it\/","name":"Trusted Translations, Inc.","description":"Leader in translation and interpretation services.","publisher":{"@id":"https:\/\/www.trustedtranslations.com\/it\/#organization"},"alternateName":"Trusted Translations","potentialAction":[{"@type":"SearchAction","target":{"@type":"EntryPoint","urlTemplate":"https:\/\/www.trustedtranslations.com\/it\/?s={search_term_string}"},"query-input":{"@type":"PropertyValueSpecification","valueRequired":true,"valueName":"search_term_string"}}],"inLanguage":"it-IT"},{"@type":"Organization","@id":"https:\/\/www.trustedtranslations.com\/it\/#organization","name":"Trusted Translations","alternateName":"Trusted Translations, Inc.","url":"https:\/\/www.trustedtranslations.com\/it\/","logo":{"@type":"ImageObject","inLanguage":"it-IT","@id":"https:\/\/www.trustedtranslations.com\/it\/#\/schema\/logo\/image\/","url":"https:\/\/static.trustedtranslations.com\/wp-content\/uploads\/2022\/01\/TT_logo_WSIColors-2.png","contentUrl":"https:\/\/static.trustedtranslations.com\/wp-content\/uploads\/2022\/01\/TT_logo_WSIColors-2.png","width":500,"height":196,"caption":"Trusted Translations"},"image":{"@id":"https:\/\/www.trustedtranslations.com\/it\/#\/schema\/logo\/image\/"},"sameAs":["https:\/\/www.facebook.com\/Trusted.Translations","https:\/\/x.com\/TrustedT9ns","https:\/\/www.linkedin.com\/company\/trusted-translations"]}]}},"toolset-meta":{"dyk":{"mensaje-1":{"type":"textfield","raw":"L\u2019Ufficio europeo dei brevetti utilizza un motore basato su rete neurale personalizzato per la traduzione dei brevetti."},"mensaje-2":{"type":"textfield","raw":"La traduzione automatica tramite reti neurali si basa sul deep learning per facilitare il processo di traduzione."},"mensaje-3":{"type":"textfield","raw":"Gli MTE personalizzati sono di gran lunga preferibili all\u2019addestramento di motori generici da zero."},"mensaje-4":{"type":"textfield","raw":"Gli MTE neurali \u201cimparano\u201d e migliorano nel tempo, soprattutto con progetti a volume elevato."},"mensaje-5":{"type":"textfield","raw":""},"mensaje-6":{"type":"textfield","raw":""}},"single-page-template-fields":{"imgs-temp":{"type":"image","raw":["https:\/\/static.trustedtranslations.com\/wp-content\/uploads\/2024\/07\/custom-neural-2-1.webp","https:\/\/static.trustedtranslations.com\/wp-content\/uploads\/2024\/07\/custom-neural-1.webp"],"repeatable":[{"raw":"https:\/\/static.trustedtranslations.com\/wp-content\/uploads\/2024\/07\/custom-neural-2-1.webp"},{"raw":"https:\/\/static.trustedtranslations.com\/wp-content\/uploads\/2024\/07\/custom-neural-1.webp"}]},"imgs-temp-cel":{"type":"image","raw":[""],"repeatable":[{"raw":""}]},"img-temp-one-cel":{"type":"image","raw":"https:\/\/static.trustedtranslations.com\/wp-content\/uploads\/2024\/07\/AdobeStock_222912660-2-1.webp","attachment_id":null},"quotes":{"type":"textarea","raw":"<h1 style=\"margin-bottom: 12px;\">Motori di traduzione automatica neurale personalizzati<\/h1>\r\nI motori di traduzione automatica neurale personalizzati (CNMTE) vengono creati appositamente per clienti che dispongono di un grande volume di traduzioni in un dominio specifico (ad esempio, verticale dei contenuti). Questi motori personalizzati possono costituire una risorsa significativa per qualsiasi organizzazione che debba tradurre un grande volume di contenuti altamente specializzati.\r\n<div style=\"margin-top: 2.5vw;\"><a class=\"tt-btn-main-cta\" href=\"\/it\/quote\">RICHIEDI UN PREVENTIVO GRATUITO<\/a><\/div>"},"text-1":{"type":"textarea","raw":"<h2>Leader nelle traduzioni di alta qualit\u00e0 con motori di traduzione automatica neurale personalizzati<\/h2><em><em><em>Trusted Translations<\/em><\/em><\/em> \u00e8 un\u2019azienda all\u2019avanguardia in questa tecnologia, essendo uno dei leader mondiali nella fornitura di traduzioni di alta qualit\u00e0 tramite l\u2019utilizzo di motori di traduzione automatica neurale personalizzati. Sfruttando la nostra tecnologia le aziende possono ottenere traduzioni sicure e di alta qualit\u00e0 di grandi quantit\u00e0 di informazioni, il tutto a una frazione del costo e del tempo necessari per un tipico processo di traduzione umana.\r\nDi seguito sono elencate alcune delle caratteristiche e degli obiettivi tipici dei progetti di traduzione che possono essere buoni candidati per la nostra offerta di traduzione automatica neurale personalizzata:\r\n<p style=\"padding-left: 40px;\">\u2022 Grande volume di contenuti\r\n\u2022 Contenuti altamente specializzati\r\n\u2022 Necessit\u00e0 di tempi di consegna rapidi\r\n\u2022 Necessit\u00e0 di ROI pi\u00f9 elevato<\/p>\r\nProgetti che una volta erano ritenuti impossibili o proibitivi in termini di costi utilizzando un processo di traduzione umana tradizionale sono ora possibili attraverso l\u2019implementazione di una soluzione di traduzione automatica neurale personalizzata. <em>Trusted Translations<\/em> dispone di un team IT dedicato all\u2019implementazione di queste soluzioni specifiche per il cliente; i nostri esperti sono disponibili per una consulenza gratuita per aiutarvi a determinare se l\u2019intero volume della traduzione, o forse solo gli ambiti specifici di questa, possa trarre vantaggio da questa tecnologia.\r\n\r\nTenete presente che un CNMTE non \u00e8 un sogno impossibile. Tecnologie migliorate, piattaforme e servizi pi\u00f9 accessibili e volumi ridotti di corpora sono tutti fattori che contribuiscono a portare questa potente soluzione alla vostra portata.\r\nQuando la sicurezza \u00e8 un problema, il CNMTE offre il modo pi\u00f9 sicuro per tradurre il materiale; pu\u00f2 essere adattato per soddisfare i requisiti pi\u00f9 severi sia del settore privato che di quello pubblico. Abbiamo esperienza nell\u2019implementazione di queste soluzioni in ambienti governativi altamente sicuri, nel rispetto delle pi\u00f9 severe normative del settore e IT."},"shortcode-map":{"type":"textfield","raw":""},"dyk-shortcode":{"type":"textfield","raw":"[elementor-template id=\"146751\"]"},"text-2":{"type":"textarea","raw":"<h2>Traduzione automatica personalizzata e flusso di lavoro di post-editing umano<\/h2>\r\n<img class=\"wp-image-7224 size-full alignleft\" src=\"https:\/\/www.trustedtranslations.com\/wp-content\/uploads\/2020\/01\/custom-mt-engines.jpg\" alt=\"\" width=\"535\" height=\"288\" \/>\r\nCome potete vedere nell\u2019illustrazione di un esempio di flusso di lavoro di Custom Machine Translation Engine, il processo pu\u00f2 essere integrato direttamente nel Content Management System (CMS) del cliente. Ci\u00f2 ne facilita l\u2019implementazione e porta a tempi di consegna pi\u00f9 rapidi e consegne senza problemi. In questo caso, il sistema di gestione della traduzione unisce la traduzione automatica personalizzata e il post-editing umano in un unico ambiente. Inoltre, le correzioni applicate dal post-editor all\u2019output della traduzione automatica non solo tornano al CMS del cliente per la pubblicazione finale, ma vengono anche reintrodotte nel motore MT neurale personalizzato per l\u2019apprendimento automatico e il riaddestramento incrementale, rendendo il motore pi\u00f9 \u201cintelligente\u201d. Pertanto la qualit\u00e0 migliora notevolmente nel tempo. Ci\u00f2 \u00e8 particolarmente vero per i progetti che coinvolgono elevati volumi di contenuti nello stesso dominio (verticale di settore).\r\n\r\nL\u2019integrazione di una terminologia specifica per completare questo processo, come glossari specifici del dominio o del cliente, pu\u00f2 contribuire a una maggior precisione e coerenza. Tali integrazioni comportano l\u2019inserimento dei termini nel contesto appropriato, in modo da garantire che siano sempre espressi nella loro forma pi\u00f9 accurata, tenendo conto di categorie flessive prototipiche, come numero, tempo, persona, caso, genere, etc. Questa terminologia applicata correttamente finisce per far parte del processo di riaddestramento che ne garantisce l\u2019utilizzo accurato nelle traduzioni.\r\n\r\nLo sviluppo di un motore di traduzione automatica neurale personalizzato (CNMTE) migliorer\u00e0 in modo incrementale la qualit\u00e0 del risultato nel corso del tempo, creando una risorsa che vi distinguer\u00e0 dalla concorrenza. Il CNMTE sfrutta tecnologia all\u2019avanguardia per migliorare i contenuti automatizzati utilizzando post-editor, linguisti e ingegneri umani esperti.\r\nContattateci subito: pianificheremo una valutazione gratuita per aiutarvi a determinare se questa soluzione \u00e8 adatta a voi e alla vostra organizzazione."},"state":{"type":"textfield","raw":""},"city":{"type":"textarea","raw":[]}}},"_links":{"self":[{"href":"https:\/\/www.trustedtranslations.com\/it\/wp-json\/wp\/v2\/pages\/123284","targetHints":{"allow":["GET"]}}],"collection":[{"href":"https:\/\/www.trustedtranslations.com\/it\/wp-json\/wp\/v2\/pages"}],"about":[{"href":"https:\/\/www.trustedtranslations.com\/it\/wp-json\/wp\/v2\/types\/page"}],"author":[{"embeddable":true,"href":"https:\/\/www.trustedtranslations.com\/it\/wp-json\/wp\/v2\/users\/1"}],"replies":[{"embeddable":true,"href":"https:\/\/www.trustedtranslations.com\/it\/wp-json\/wp\/v2\/comments?post=123284"}],"version-history":[{"count":0,"href":"https:\/\/www.trustedtranslations.com\/it\/wp-json\/wp\/v2\/pages\/123284\/revisions"}],"up":[{"embeddable":true,"href":"https:\/\/www.trustedtranslations.com\/it\/wp-json\/wp\/v2\/pages\/123299"}],"wp:featuredmedia":[{"embeddable":true,"href":"https:\/\/www.trustedtranslations.com\/it\/wp-json\/wp\/v2\/media\/248034"}],"wp:attachment":[{"href":"https:\/\/www.trustedtranslations.com\/it\/wp-json\/wp\/v2\/media?parent=123284"}],"curies":[{"name":"wp","href":"https:\/\/api.w.org\/{rel}","templated":true}]}}