{"id":123285,"date":"2019-10-30T15:34:17","date_gmt":"2019-10-30T15:34:17","guid":{"rendered":"https:\/\/www.trustedtranslations.com\/?page_id=123285"},"modified":"2025-08-14T13:07:06","modified_gmt":"2025-08-14T16:07:06","slug":"documenti","status":"publish","type":"page","link":"https:\/\/www.trustedtranslations.com\/it\/servizi\/human\/documenti","title":{"rendered":"Documenti"},"content":{"rendered":"","protected":false},"excerpt":{"rendered":"","protected":false},"author":1,"featured_media":236272,"parent":123306,"menu_order":1,"comment_status":"closed","ping_status":"closed","template":"","meta":{"site-sidebar-layout":"default","site-content-layout":"default","ast-site-content-layout":"default","site-content-style":"default","site-sidebar-style":"default","ast-global-header-display":"","ast-banner-title-visibility":"","ast-main-header-display":"","ast-hfb-above-header-display":"","ast-hfb-below-header-display":"","ast-hfb-mobile-header-display":"","site-post-title":"disabled","ast-breadcrumbs-content":"","ast-featured-img":"","footer-sml-layout":"","ast-disable-related-posts":"","theme-transparent-header-meta":"default","adv-header-id-meta":"","stick-header-meta":"","header-above-stick-meta":"","header-main-stick-meta":"","header-below-stick-meta":"","astra-migrate-meta-layouts":"set","ast-page-background-enabled":"default","ast-page-background-meta":{"desktop":{"background-color":"var(--ast-global-color-4)","background-image":"","background-repeat":"repeat","background-position":"center center","background-size":"auto","background-attachment":"scroll","background-type":"","background-media":"","overlay-type":"","overlay-color":"","overlay-opacity":"","overlay-gradient":""},"tablet":{"background-color":"","background-image":"","background-repeat":"repeat","background-position":"center center","background-size":"auto","background-attachment":"scroll","background-type":"","background-media":"","overlay-type":"","overlay-color":"","overlay-opacity":"","overlay-gradient":""},"mobile":{"background-color":"","background-image":"","background-repeat":"repeat","background-position":"center center","background-size":"auto","background-attachment":"scroll","background-type":"","background-media":"","overlay-type":"","overlay-color":"","overlay-opacity":"","overlay-gradient":""}},"ast-content-background-meta":{"desktop":{"background-color":"var(--ast-global-color-5)","background-image":"","background-repeat":"repeat","background-position":"center center","background-size":"auto","background-attachment":"scroll","background-type":"","background-media":"","overlay-type":"","overlay-color":"","overlay-opacity":"","overlay-gradient":""},"tablet":{"background-color":"var(--ast-global-color-5)","background-image":"","background-repeat":"repeat","background-position":"center center","background-size":"auto","background-attachment":"scroll","background-type":"","background-media":"","overlay-type":"","overlay-color":"","overlay-opacity":"","overlay-gradient":""},"mobile":{"background-color":"var(--ast-global-color-5)","background-image":"","background-repeat":"repeat","background-position":"center center","background-size":"auto","background-attachment":"scroll","background-type":"","background-media":"","overlay-type":"","overlay-color":"","overlay-opacity":"","overlay-gradient":""}},"footnotes":""},"class_list":["post-123285","page","type-page","status-publish","has-post-thumbnail","hentry"],"yoast_head":"<!-- This site is optimized with the Yoast SEO plugin v27.3 - https:\/\/yoast.com\/product\/yoast-seo-wordpress\/ -->\n<title>Traduzioni di documenti - Trusted Translations, Inc.<\/title>\n<meta name=\"description\" content=\"Cerchi il miglior servizio di traduzione di documenti? Hai gi\u00e0 trovato la tua soluzione: hai trovato noi! Clicca qui e richiedi un preventivo gratuito.\" \/>\n<meta name=\"robots\" content=\"index, follow, max-snippet:-1, max-image-preview:large, max-video-preview:-1\" \/>\n<link rel=\"canonical\" href=\"https:\/\/www.trustedtranslations.com\/it\/servizi\/human\/documenti\" \/>\n<meta property=\"og:locale\" content=\"it_IT\" \/>\n<meta property=\"og:type\" content=\"article\" \/>\n<meta property=\"og:title\" content=\"Traduzioni di documenti - Trusted Translations, Inc.\" \/>\n<meta property=\"og:description\" content=\"Cerchi il miglior servizio di traduzione di documenti? Hai gi\u00e0 trovato la tua soluzione: hai trovato noi! Clicca qui e richiedi un preventivo gratuito.\" \/>\n<meta property=\"og:url\" content=\"https:\/\/www.trustedtranslations.com\/it\/servizi\/human\/documenti\" \/>\n<meta property=\"og:site_name\" content=\"Trusted Translations, Inc.\" \/>\n<meta property=\"article:publisher\" content=\"https:\/\/www.facebook.com\/Trusted.Translations\" \/>\n<meta property=\"article:modified_time\" content=\"2025-08-14T16:07:06+00:00\" \/>\n<meta property=\"og:image\" content=\"https:\/\/static.trustedtranslations.com\/wp-content\/uploads\/2024\/02\/TT-ICON_Document-Translations.webp\" \/>\n\t<meta property=\"og:image:width\" content=\"150\" \/>\n\t<meta property=\"og:image:height\" content=\"151\" \/>\n\t<meta property=\"og:image:type\" content=\"image\/webp\" \/>\n<meta name=\"twitter:card\" content=\"summary_large_image\" \/>\n<meta name=\"twitter:site\" content=\"@TrustedT9ns\" \/>\n<script type=\"application\/ld+json\" class=\"yoast-schema-graph\">{\"@context\":\"https:\\\/\\\/schema.org\",\"@graph\":[{\"@type\":\"WebPage\",\"@id\":\"https:\\\/\\\/www.trustedtranslations.com\\\/it\\\/servizi\\\/human\\\/documenti\",\"url\":\"https:\\\/\\\/www.trustedtranslations.com\\\/it\\\/servizi\\\/human\\\/documenti\",\"name\":\"Traduzioni di documenti - Trusted Translations, Inc.\",\"isPartOf\":{\"@id\":\"https:\\\/\\\/www.trustedtranslations.com\\\/it\\\/#website\"},\"primaryImageOfPage\":{\"@id\":\"https:\\\/\\\/www.trustedtranslations.com\\\/it\\\/servizi\\\/human\\\/documenti#primaryimage\"},\"image\":{\"@id\":\"https:\\\/\\\/www.trustedtranslations.com\\\/it\\\/servizi\\\/human\\\/documenti#primaryimage\"},\"thumbnailUrl\":\"https:\\\/\\\/www.trustedtranslations.com\\\/wp-content\\\/uploads\\\/2024\\\/02\\\/TT-ICON_Document-Translations.webp\",\"description\":\"Cerchi il miglior servizio di traduzione di documenti? Hai gi\u00e0 trovato la tua soluzione: hai trovato noi! Clicca qui e richiedi un preventivo gratuito.\",\"breadcrumb\":{\"@id\":\"https:\\\/\\\/www.trustedtranslations.com\\\/it\\\/servizi\\\/human\\\/documenti#breadcrumb\"},\"inLanguage\":\"it-IT\",\"potentialAction\":[{\"@type\":\"ReadAction\",\"target\":[\"https:\\\/\\\/www.trustedtranslations.com\\\/it\\\/servizi\\\/human\\\/documenti\"]}]},{\"@type\":\"ImageObject\",\"inLanguage\":\"it-IT\",\"@id\":\"https:\\\/\\\/www.trustedtranslations.com\\\/it\\\/servizi\\\/human\\\/documenti#primaryimage\",\"url\":\"https:\\\/\\\/www.trustedtranslations.com\\\/wp-content\\\/uploads\\\/2024\\\/02\\\/TT-ICON_Document-Translations.webp\",\"contentUrl\":\"https:\\\/\\\/www.trustedtranslations.com\\\/wp-content\\\/uploads\\\/2024\\\/02\\\/TT-ICON_Document-Translations.webp\",\"width\":150,\"height\":151,\"caption\":\"TT ICON Document Translations\"},{\"@type\":\"BreadcrumbList\",\"@id\":\"https:\\\/\\\/www.trustedtranslations.com\\\/it\\\/servizi\\\/human\\\/documenti#breadcrumb\",\"itemListElement\":[{\"@type\":\"ListItem\",\"position\":1,\"name\":\"Home\",\"item\":\"https:\\\/\\\/www.trustedtranslations.com\\\/it\"},{\"@type\":\"ListItem\",\"position\":2,\"name\":\"Servizi\",\"item\":\"https:\\\/\\\/www.trustedtranslations.com\\\/it\\\/servizi\"},{\"@type\":\"ListItem\",\"position\":3,\"name\":\"Traduzione umana\",\"item\":\"https:\\\/\\\/www.trustedtranslations.com\\\/it\\\/servizi\\\/human\"},{\"@type\":\"ListItem\",\"position\":4,\"name\":\"Documenti\"}]},{\"@type\":\"WebSite\",\"@id\":\"https:\\\/\\\/www.trustedtranslations.com\\\/it\\\/#website\",\"url\":\"https:\\\/\\\/www.trustedtranslations.com\\\/it\\\/\",\"name\":\"Trusted Translations, Inc.\",\"description\":\"Leader in translation and interpretation services.\",\"publisher\":{\"@id\":\"https:\\\/\\\/www.trustedtranslations.com\\\/it\\\/#organization\"},\"alternateName\":\"Trusted Translations\",\"potentialAction\":[{\"@type\":\"SearchAction\",\"target\":{\"@type\":\"EntryPoint\",\"urlTemplate\":\"https:\\\/\\\/www.trustedtranslations.com\\\/it\\\/?s={search_term_string}\"},\"query-input\":{\"@type\":\"PropertyValueSpecification\",\"valueRequired\":true,\"valueName\":\"search_term_string\"}}],\"inLanguage\":\"it-IT\"},{\"@type\":\"Organization\",\"@id\":\"https:\\\/\\\/www.trustedtranslations.com\\\/it\\\/#organization\",\"name\":\"Trusted Translations\",\"alternateName\":\"Trusted Translations, Inc.\",\"url\":\"https:\\\/\\\/www.trustedtranslations.com\\\/it\\\/\",\"logo\":{\"@type\":\"ImageObject\",\"inLanguage\":\"it-IT\",\"@id\":\"https:\\\/\\\/www.trustedtranslations.com\\\/it\\\/#\\\/schema\\\/logo\\\/image\\\/\",\"url\":\"https:\\\/\\\/static.trustedtranslations.com\\\/wp-content\\\/uploads\\\/2022\\\/01\\\/TT_logo_WSIColors-2.png\",\"contentUrl\":\"https:\\\/\\\/static.trustedtranslations.com\\\/wp-content\\\/uploads\\\/2022\\\/01\\\/TT_logo_WSIColors-2.png\",\"width\":500,\"height\":196,\"caption\":\"Trusted Translations\"},\"image\":{\"@id\":\"https:\\\/\\\/www.trustedtranslations.com\\\/it\\\/#\\\/schema\\\/logo\\\/image\\\/\"},\"sameAs\":[\"https:\\\/\\\/www.facebook.com\\\/Trusted.Translations\",\"https:\\\/\\\/x.com\\\/TrustedT9ns\",\"https:\\\/\\\/www.linkedin.com\\\/company\\\/trusted-translations\"]}]}<\/script>\n<!-- \/ Yoast SEO plugin. -->","yoast_head_json":{"title":"Traduzioni di documenti - Trusted Translations, Inc.","description":"Cerchi il miglior servizio di traduzione di documenti? Hai gi\u00e0 trovato la tua soluzione: hai trovato noi! Clicca qui e richiedi un preventivo gratuito.","robots":{"index":"index","follow":"follow","max-snippet":"max-snippet:-1","max-image-preview":"max-image-preview:large","max-video-preview":"max-video-preview:-1"},"canonical":"https:\/\/www.trustedtranslations.com\/it\/servizi\/human\/documenti","og_locale":"it_IT","og_type":"article","og_title":"Traduzioni di documenti - Trusted Translations, Inc.","og_description":"Cerchi il miglior servizio di traduzione di documenti? Hai gi\u00e0 trovato la tua soluzione: hai trovato noi! Clicca qui e richiedi un preventivo gratuito.","og_url":"https:\/\/www.trustedtranslations.com\/it\/servizi\/human\/documenti","og_site_name":"Trusted Translations, Inc.","article_publisher":"https:\/\/www.facebook.com\/Trusted.Translations","article_modified_time":"2025-08-14T16:07:06+00:00","og_image":[{"width":150,"height":151,"url":"https:\/\/static.trustedtranslations.com\/wp-content\/uploads\/2024\/02\/TT-ICON_Document-Translations.webp","type":"image\/webp"}],"twitter_card":"summary_large_image","twitter_site":"@TrustedT9ns","schema":{"@context":"https:\/\/schema.org","@graph":[{"@type":"WebPage","@id":"https:\/\/www.trustedtranslations.com\/it\/servizi\/human\/documenti","url":"https:\/\/www.trustedtranslations.com\/it\/servizi\/human\/documenti","name":"Traduzioni di documenti - Trusted Translations, Inc.","isPartOf":{"@id":"https:\/\/www.trustedtranslations.com\/it\/#website"},"primaryImageOfPage":{"@id":"https:\/\/www.trustedtranslations.com\/it\/servizi\/human\/documenti#primaryimage"},"image":{"@id":"https:\/\/www.trustedtranslations.com\/it\/servizi\/human\/documenti#primaryimage"},"thumbnailUrl":"https:\/\/www.trustedtranslations.com\/wp-content\/uploads\/2024\/02\/TT-ICON_Document-Translations.webp","description":"Cerchi il miglior servizio di traduzione di documenti? Hai gi\u00e0 trovato la tua soluzione: hai trovato noi! Clicca qui e richiedi un preventivo gratuito.","breadcrumb":{"@id":"https:\/\/www.trustedtranslations.com\/it\/servizi\/human\/documenti#breadcrumb"},"inLanguage":"it-IT","potentialAction":[{"@type":"ReadAction","target":["https:\/\/www.trustedtranslations.com\/it\/servizi\/human\/documenti"]}]},{"@type":"ImageObject","inLanguage":"it-IT","@id":"https:\/\/www.trustedtranslations.com\/it\/servizi\/human\/documenti#primaryimage","url":"https:\/\/www.trustedtranslations.com\/wp-content\/uploads\/2024\/02\/TT-ICON_Document-Translations.webp","contentUrl":"https:\/\/www.trustedtranslations.com\/wp-content\/uploads\/2024\/02\/TT-ICON_Document-Translations.webp","width":150,"height":151,"caption":"TT ICON Document Translations"},{"@type":"BreadcrumbList","@id":"https:\/\/www.trustedtranslations.com\/it\/servizi\/human\/documenti#breadcrumb","itemListElement":[{"@type":"ListItem","position":1,"name":"Home","item":"https:\/\/www.trustedtranslations.com\/it"},{"@type":"ListItem","position":2,"name":"Servizi","item":"https:\/\/www.trustedtranslations.com\/it\/servizi"},{"@type":"ListItem","position":3,"name":"Traduzione umana","item":"https:\/\/www.trustedtranslations.com\/it\/servizi\/human"},{"@type":"ListItem","position":4,"name":"Documenti"}]},{"@type":"WebSite","@id":"https:\/\/www.trustedtranslations.com\/it\/#website","url":"https:\/\/www.trustedtranslations.com\/it\/","name":"Trusted Translations, Inc.","description":"Leader in translation and interpretation services.","publisher":{"@id":"https:\/\/www.trustedtranslations.com\/it\/#organization"},"alternateName":"Trusted Translations","potentialAction":[{"@type":"SearchAction","target":{"@type":"EntryPoint","urlTemplate":"https:\/\/www.trustedtranslations.com\/it\/?s={search_term_string}"},"query-input":{"@type":"PropertyValueSpecification","valueRequired":true,"valueName":"search_term_string"}}],"inLanguage":"it-IT"},{"@type":"Organization","@id":"https:\/\/www.trustedtranslations.com\/it\/#organization","name":"Trusted Translations","alternateName":"Trusted Translations, Inc.","url":"https:\/\/www.trustedtranslations.com\/it\/","logo":{"@type":"ImageObject","inLanguage":"it-IT","@id":"https:\/\/www.trustedtranslations.com\/it\/#\/schema\/logo\/image\/","url":"https:\/\/static.trustedtranslations.com\/wp-content\/uploads\/2022\/01\/TT_logo_WSIColors-2.png","contentUrl":"https:\/\/static.trustedtranslations.com\/wp-content\/uploads\/2022\/01\/TT_logo_WSIColors-2.png","width":500,"height":196,"caption":"Trusted Translations"},"image":{"@id":"https:\/\/www.trustedtranslations.com\/it\/#\/schema\/logo\/image\/"},"sameAs":["https:\/\/www.facebook.com\/Trusted.Translations","https:\/\/x.com\/TrustedT9ns","https:\/\/www.linkedin.com\/company\/trusted-translations"]}]}},"toolset-meta":{"dyk":{"mensaje-1":{"type":"textfield","raw":"Trusted Translations \u00e8 leader nelle traduzioni di qualit\u00e0 di documenti a prezzi competitivi."},"mensaje-2":{"type":"textfield","raw":"Siamo un comprovato fornitore di servizi di traduzione di documenti da e verso oltre 150 lingue."},"mensaje-3":{"type":"textfield","raw":"Trusted Translations ha tradotto documentazione di ogni tipo per le aziende Fortune 500."},"mensaje-4":{"type":"textfield","raw":"Il nostro processo di verifica in tre passaggi garantisce il massimo livello di qualit\u00e0 dei documenti tradotti."},"mensaje-5":{"type":"textfield","raw":""},"mensaje-6":{"type":"textfield","raw":""}},"single-page-template-fields":{"imgs-temp":{"type":"image","raw":["https:\/\/static.trustedtranslations.com\/wp-content\/uploads\/2024\/03\/document-final-2-1.webp","https:\/\/static.trustedtranslations.com\/wp-content\/uploads\/2024\/03\/document-final-1-1.webp","https:\/\/static.trustedtranslations.com\/wp-content\/uploads\/2024\/03\/document-final-6.webp"],"repeatable":[{"raw":"https:\/\/static.trustedtranslations.com\/wp-content\/uploads\/2024\/03\/document-final-2-1.webp"},{"raw":"https:\/\/static.trustedtranslations.com\/wp-content\/uploads\/2024\/03\/document-final-1-1.webp"},{"raw":"https:\/\/static.trustedtranslations.com\/wp-content\/uploads\/2024\/03\/document-final-6.webp"}]},"imgs-temp-cel":{"type":"image","raw":[""],"repeatable":[{"raw":""}]},"img-temp-one-cel":{"type":"image","raw":"https:\/\/static.trustedtranslations.com\/wp-content\/uploads\/2024\/03\/document-final-5-1.webp","attachment_id":null},"quotes":{"type":"textarea","raw":"<h1 style=\"margin-bottom: 12px;\">Servizi di traduzione di documenti<\/h1>\r\nIl nostro obiettivo principale \u00e8 comprendere i vostri obiettivi per qualsiasi traduzione di documenti particolari. Grazie a questa comprensione, personalizziamo le soluzioni con prezzi competitivi, qualit\u00e0 garantita e tempi di consegna pi\u00f9 rapidi.\r\n<div style=\"margin-top: 2.5vw;\"><a class=\"tt-btn-main-cta\" href=\"\/it\/quote\">RICHIEDI UN PREVENTIVO GRATUITO<\/a><\/div>"},"text-1":{"type":"textarea","raw":"<div class=\"imgs-flex-template\">\r\n    <div>\r\n        <h2 style=\"margin-bottom: 20px;\">Competenza comprovata<\/h2>\r\n        <p>Grazie alla nostra grande esperienza in questo servizio fondamentale, siamo in grado di fornire ai nostri clienti:\r\n            <ul>\r\n                 <li>Preventivi veloci e accurati per progetti grandi e piccoli.<\/li>\r\n                 <li>Tempi di consegna rapidi anche per progetti di grande volume.<\/li>\r\n                 <li>Traduzioni di alta qualit\u00e0 eseguite da professionisti del settore qualificati e testati.<\/li>\r\n                 <li>Accesso alla pi\u00f9 recente tecnologia relativa a memorie di traduzione e software linguistici.<\/li>\r\n                 <li>Account manager e project manager dedicati per mantenere i nostri clienti aggiornati sui progetti e apportare eventuali modifiche o aggiunte.<\/li>\r\n                 <li>Il prezzo pi\u00f9 basso del settore per livello di qualit\u00e0 equivalente.<\/li>\r\n                 <li>Oltre vent\u2019anni di esperienza nella traduzione di documenti in pi\u00f9 lingue.<\/li>\r\n            <\/ul><\/p>\r\n    <\/div>\r\n    <img src=\"https:\/\/static.trustedtranslations.com\/wp-content\/uploads\/elementor\/thumbs\/document-qkqfs5dro4ekw18ry8hjl9urjjoxus3w0dki5ixa50.webp\">\r\n<\/div>\r\n\r\n<h2>Componenti principali di un progetto di traduzione di documenti<\/h2>\r\nComprendere i componenti principali di un progetto di traduzione di documenti pu\u00f2 aiutare voi e la vostra organizzazione a pianificare e a stanziare il budget di conseguenza. Ecco gli elementi chiave che analizziamo per ciascun progetto di traduzione di documenti.\r\n\r\n<strong>Scopo e destinatario della traduzione:<\/strong> La prima domanda che ci poniamo \u00e8: \u201cQual \u00e8 lo scopo del documento da tradurre e qual \u00e8 il pubblico di destinazione?\u201d Collaboriamo spesso con i nostri clienti per valutare il pubblico di destinazione e l\u2019obiettivo della traduzione del documento. Ad esempio, nel caso di documenti governativi o legali, sappiamo per esperienza che questi tipi di traduzione hanno requisiti di formattazione, rigide scadenze di archiviazione e spesso richiedono un certificato di accuratezza.\r\n\r\n<strong>Volume e tempistiche:<\/strong> Altri due elementi fondamentali sono la lunghezza del documento e la scadenza della traduzione. Conoscere il volume del documento e la data di scadenza pu\u00f2 aiutare i nostri esperti project manager a impiegare il numero corretto di risorse in modo che il progetto venga consegnato in tempo garantendo un utilizzo accurato e coerente della terminologia.\r\n\r\n<strong>Combinazioni linguistiche:<\/strong> Comprendere tutte le lingue target \u00e8 un altro elemento fondamentale. Se un progetto richiede la traduzione di un documento in pi\u00f9 lingue, i nostri project manager sono formati nell\u2019utilizzo di determinati flussi di lavoro che assicurano la precisione in tutte le lingue di destinazione.\r\n\r\n<strong>L\u2019argomento \u00e8 importante:<\/strong> Identificare l\u2019argomento di ogni traduzione \u00e8 essenziale per fornire un risultato di alta qualit\u00e0 ai nostri clienti. Abbiniamo ad ogni traduzione un linguista esperto che abbia esperienza nella traduzione dell\u2019argomento. Una traduzione medica, ad esempio, richieder\u00e0 molto probabilmente competenze specifiche per garantire che nella traduzione venga utilizzata la terminologia corretta. A seconda dell\u2019argomento, i nostri project manager selezioneranno il team giusto per ogni progetto.\r\n\r\n<strong>Formato del file:<\/strong> Un altro elemento da considerare \u00e8 il formato del file del documento originale, nonch\u00e9 il formato di output richiesto. <em><em><em><em>Trusted Translations<\/em><\/em><\/em><\/em> dispone di un team interno dedicato di programmatori che si concentra esclusivamente sulla formattazione delle traduzioni dei documenti dei nostri clienti. Dai documenti scansionati ai formati MS Office e Adobe Illustrator, valutiamo in anticipo il formato di file richiesto e lo consegniamo di conseguenza ai nostri clienti.\r\n\r\nA prescindere dal volume o dal tipo di progetto di traduzione di documenti, <em><em><em><em>Trusted Translations, Inc.<\/em><\/em><\/em><\/em> ha l\u2019esperienza necessaria per fornire risultati di alta qualit\u00e0 alle migliori tariffe sul mercato. I nostri esperti account manager possono facilmente guidarvi nel processo e consegnare il progetto rapidamente. Non esitate a <a href=\"https:\/\/www.trustedtranslations.com\/it\/chi-siamo\/contatti\">contattarci<\/a> oggi stesso per una consulenza e\/o un <a href=\"https:\/\/www.trustedtranslations.com\/it\/quote\">preventivo<\/a>."},"shortcode-map":{"type":"textfield","raw":""},"dyk-shortcode":{"type":"textfield","raw":"[elementor-template id=\"146751\"]"},"text-2":{"type":"textarea","raw":"<div class=\"imgs-flex-template\">\r\n    <div>\r\n        <h2 style=\"margin-bottom: 20px;\">Traduzione di alta qualit\u00e0 di documenti a un prezzo accessibile<\/h2>\r\n        <p>I progetti di traduzione linguistica di Trusted Translations sono gestiti dai professionisti pi\u00f9 qualificati nel campo della traduzione e della localizzazione. Uno dei nostri esperti Account Manager gestir\u00e0 la vostra richiesta di progetto e si assicurer\u00e0 che la traduzione venga consegnata in tempo con il pi\u00f9 alto livello di qualit\u00e0 del settore.\r\n\r\n            Un Project Manager dedicato si occupa della pianificazione, guida l\u2019esecuzione e sovrintende al controllo del progetto. Ove applicabile, viene utilizzato un responsabile IT per rivedere tutti i requisiti tecnici del progetto. Il Desktop Publishing (DTP) Manager garantisce il completamento di grafica o formattazione, se necessario, affinch\u00e9 il documento tradotto rispecchi il documento originale.\r\n            \r\n            Il nostro esclusivo processo di garanzia della qualit\u00e0 \u00e8 progettato per garantire che ogni traduzione venga verificata da tre risorse esperte separate: traduttore, editor e correttore di bozze. Di conseguenza, la versione finale raggiunge il livello di qualit\u00e0 pi\u00f9 elevato.<\/p>\r\n    <\/div>\r\n    <img src=\"https:\/\/static.trustedtranslations.com\/wp-content\/uploads\/elementor\/thumbs\/document-1-qkqfsq292c06ackwiib70v8a84qy4pkh78r3wgcaxk.webp\">\r\n<\/div>"},"state":{"type":"textfield","raw":""},"city":{"type":"textarea","raw":[""]}}},"_links":{"self":[{"href":"https:\/\/www.trustedtranslations.com\/it\/wp-json\/wp\/v2\/pages\/123285","targetHints":{"allow":["GET"]}}],"collection":[{"href":"https:\/\/www.trustedtranslations.com\/it\/wp-json\/wp\/v2\/pages"}],"about":[{"href":"https:\/\/www.trustedtranslations.com\/it\/wp-json\/wp\/v2\/types\/page"}],"author":[{"embeddable":true,"href":"https:\/\/www.trustedtranslations.com\/it\/wp-json\/wp\/v2\/users\/1"}],"replies":[{"embeddable":true,"href":"https:\/\/www.trustedtranslations.com\/it\/wp-json\/wp\/v2\/comments?post=123285"}],"version-history":[{"count":0,"href":"https:\/\/www.trustedtranslations.com\/it\/wp-json\/wp\/v2\/pages\/123285\/revisions"}],"up":[{"embeddable":true,"href":"https:\/\/www.trustedtranslations.com\/it\/wp-json\/wp\/v2\/pages\/123306"}],"wp:featuredmedia":[{"embeddable":true,"href":"https:\/\/www.trustedtranslations.com\/it\/wp-json\/wp\/v2\/media\/236272"}],"wp:attachment":[{"href":"https:\/\/www.trustedtranslations.com\/it\/wp-json\/wp\/v2\/media?parent=123285"}],"curies":[{"name":"wp","href":"https:\/\/api.w.org\/{rel}","templated":true}]}}