{"id":123290,"date":"2019-10-30T15:34:08","date_gmt":"2019-10-30T15:34:08","guid":{"rendered":"https:\/\/www.trustedtranslations.com\/?page_id=123290"},"modified":"2024-09-04T17:16:41","modified_gmt":"2024-09-04T20:16:41","slug":"siti-web","status":"publish","type":"page","link":"https:\/\/www.trustedtranslations.com\/it\/servizi\/human\/siti-web","title":{"rendered":"Siti web"},"content":{"rendered":"","protected":false},"excerpt":{"rendered":"","protected":false},"author":1,"featured_media":235824,"parent":123306,"menu_order":2,"comment_status":"closed","ping_status":"closed","template":"","meta":{"site-sidebar-layout":"default","site-content-layout":"default","ast-site-content-layout":"default","site-content-style":"default","site-sidebar-style":"default","ast-global-header-display":"","ast-banner-title-visibility":"","ast-main-header-display":"","ast-hfb-above-header-display":"","ast-hfb-below-header-display":"","ast-hfb-mobile-header-display":"","site-post-title":"disabled","ast-breadcrumbs-content":"","ast-featured-img":"","footer-sml-layout":"","ast-disable-related-posts":"","theme-transparent-header-meta":"default","adv-header-id-meta":"","stick-header-meta":"","header-above-stick-meta":"","header-main-stick-meta":"","header-below-stick-meta":"","astra-migrate-meta-layouts":"set","ast-page-background-enabled":"default","ast-page-background-meta":{"desktop":{"background-color":"var(--ast-global-color-4)","background-image":"","background-repeat":"repeat","background-position":"center center","background-size":"auto","background-attachment":"scroll","background-type":"","background-media":"","overlay-type":"","overlay-color":"","overlay-opacity":"","overlay-gradient":""},"tablet":{"background-color":"","background-image":"","background-repeat":"repeat","background-position":"center center","background-size":"auto","background-attachment":"scroll","background-type":"","background-media":"","overlay-type":"","overlay-color":"","overlay-opacity":"","overlay-gradient":""},"mobile":{"background-color":"","background-image":"","background-repeat":"repeat","background-position":"center center","background-size":"auto","background-attachment":"scroll","background-type":"","background-media":"","overlay-type":"","overlay-color":"","overlay-opacity":"","overlay-gradient":""}},"ast-content-background-meta":{"desktop":{"background-color":"var(--ast-global-color-5)","background-image":"","background-repeat":"repeat","background-position":"center center","background-size":"auto","background-attachment":"scroll","background-type":"","background-media":"","overlay-type":"","overlay-color":"","overlay-opacity":"","overlay-gradient":""},"tablet":{"background-color":"var(--ast-global-color-5)","background-image":"","background-repeat":"repeat","background-position":"center center","background-size":"auto","background-attachment":"scroll","background-type":"","background-media":"","overlay-type":"","overlay-color":"","overlay-opacity":"","overlay-gradient":""},"mobile":{"background-color":"var(--ast-global-color-5)","background-image":"","background-repeat":"repeat","background-position":"center center","background-size":"auto","background-attachment":"scroll","background-type":"","background-media":"","overlay-type":"","overlay-color":"","overlay-opacity":"","overlay-gradient":""}},"footnotes":""},"class_list":["post-123290","page","type-page","status-publish","has-post-thumbnail","hentry"],"yoast_head":"<!-- This site is optimized with the Yoast SEO plugin v27.3 - https:\/\/yoast.com\/product\/yoast-seo-wordpress\/ -->\n<title>Traduzione e localizzazione di siti web - Trusted Translations, Inc.<\/title>\n<meta name=\"description\" content=\"Trusted Translations pu\u00f2 aiutarvi a sviluppare una presenza Internet veramente globale traducendo il vostro intero sito web o solo le pagine pi\u00f9 importanti.\" \/>\n<meta name=\"robots\" content=\"index, follow, max-snippet:-1, max-image-preview:large, max-video-preview:-1\" \/>\n<link rel=\"canonical\" href=\"https:\/\/www.trustedtranslations.com\/it\/servizi\/human\/siti-web\" \/>\n<meta property=\"og:locale\" content=\"it_IT\" \/>\n<meta property=\"og:type\" content=\"article\" \/>\n<meta property=\"og:title\" content=\"Traduzione e localizzazione di siti web - Trusted Translations, Inc.\" \/>\n<meta property=\"og:description\" content=\"Trusted Translations pu\u00f2 aiutarvi a sviluppare una presenza Internet veramente globale traducendo il vostro intero sito web o solo le pagine pi\u00f9 importanti.\" \/>\n<meta property=\"og:url\" content=\"https:\/\/www.trustedtranslations.com\/it\/servizi\/human\/siti-web\" \/>\n<meta property=\"og:site_name\" content=\"Trusted Translations, Inc.\" \/>\n<meta property=\"article:publisher\" content=\"https:\/\/www.facebook.com\/Trusted.Translations\" \/>\n<meta property=\"article:modified_time\" content=\"2024-09-04T20:16:41+00:00\" \/>\n<meta property=\"og:image\" content=\"https:\/\/static.trustedtranslations.com\/wp-content\/uploads\/2024\/02\/TT-ICON_Human-translation.webp\" \/>\n\t<meta property=\"og:image:width\" content=\"150\" \/>\n\t<meta property=\"og:image:height\" content=\"150\" \/>\n\t<meta property=\"og:image:type\" content=\"image\/webp\" \/>\n<meta name=\"twitter:card\" content=\"summary_large_image\" \/>\n<meta name=\"twitter:site\" content=\"@TrustedT9ns\" \/>\n<script type=\"application\/ld+json\" class=\"yoast-schema-graph\">{\"@context\":\"https:\\\/\\\/schema.org\",\"@graph\":[{\"@type\":\"WebPage\",\"@id\":\"https:\\\/\\\/www.trustedtranslations.com\\\/it\\\/servizi\\\/human\\\/siti-web\",\"url\":\"https:\\\/\\\/www.trustedtranslations.com\\\/it\\\/servizi\\\/human\\\/siti-web\",\"name\":\"Traduzione e localizzazione di siti web - Trusted Translations, Inc.\",\"isPartOf\":{\"@id\":\"https:\\\/\\\/www.trustedtranslations.com\\\/it\\\/#website\"},\"primaryImageOfPage\":{\"@id\":\"https:\\\/\\\/www.trustedtranslations.com\\\/it\\\/servizi\\\/human\\\/siti-web#primaryimage\"},\"image\":{\"@id\":\"https:\\\/\\\/www.trustedtranslations.com\\\/it\\\/servizi\\\/human\\\/siti-web#primaryimage\"},\"thumbnailUrl\":\"https:\\\/\\\/www.trustedtranslations.com\\\/wp-content\\\/uploads\\\/2024\\\/02\\\/TT-ICON_Human-translation.webp\",\"description\":\"Trusted Translations pu\u00f2 aiutarvi a sviluppare una presenza Internet veramente globale traducendo il vostro intero sito web o solo le pagine pi\u00f9 importanti.\",\"breadcrumb\":{\"@id\":\"https:\\\/\\\/www.trustedtranslations.com\\\/it\\\/servizi\\\/human\\\/siti-web#breadcrumb\"},\"inLanguage\":\"it-IT\",\"potentialAction\":[{\"@type\":\"ReadAction\",\"target\":[\"https:\\\/\\\/www.trustedtranslations.com\\\/it\\\/servizi\\\/human\\\/siti-web\"]}]},{\"@type\":\"ImageObject\",\"inLanguage\":\"it-IT\",\"@id\":\"https:\\\/\\\/www.trustedtranslations.com\\\/it\\\/servizi\\\/human\\\/siti-web#primaryimage\",\"url\":\"https:\\\/\\\/www.trustedtranslations.com\\\/wp-content\\\/uploads\\\/2024\\\/02\\\/TT-ICON_Human-translation.webp\",\"contentUrl\":\"https:\\\/\\\/www.trustedtranslations.com\\\/wp-content\\\/uploads\\\/2024\\\/02\\\/TT-ICON_Human-translation.webp\",\"width\":150,\"height\":150,\"caption\":\"TT ICON Human translation\"},{\"@type\":\"BreadcrumbList\",\"@id\":\"https:\\\/\\\/www.trustedtranslations.com\\\/it\\\/servizi\\\/human\\\/siti-web#breadcrumb\",\"itemListElement\":[{\"@type\":\"ListItem\",\"position\":1,\"name\":\"Home\",\"item\":\"https:\\\/\\\/www.trustedtranslations.com\\\/it\"},{\"@type\":\"ListItem\",\"position\":2,\"name\":\"Servizi\",\"item\":\"https:\\\/\\\/www.trustedtranslations.com\\\/it\\\/servizi\"},{\"@type\":\"ListItem\",\"position\":3,\"name\":\"Traduzione umana\",\"item\":\"https:\\\/\\\/www.trustedtranslations.com\\\/it\\\/servizi\\\/human\"},{\"@type\":\"ListItem\",\"position\":4,\"name\":\"Siti web\"}]},{\"@type\":\"WebSite\",\"@id\":\"https:\\\/\\\/www.trustedtranslations.com\\\/it\\\/#website\",\"url\":\"https:\\\/\\\/www.trustedtranslations.com\\\/it\\\/\",\"name\":\"Trusted Translations, Inc.\",\"description\":\"Leader in translation and interpretation services.\",\"publisher\":{\"@id\":\"https:\\\/\\\/www.trustedtranslations.com\\\/it\\\/#organization\"},\"alternateName\":\"Trusted Translations\",\"potentialAction\":[{\"@type\":\"SearchAction\",\"target\":{\"@type\":\"EntryPoint\",\"urlTemplate\":\"https:\\\/\\\/www.trustedtranslations.com\\\/it\\\/?s={search_term_string}\"},\"query-input\":{\"@type\":\"PropertyValueSpecification\",\"valueRequired\":true,\"valueName\":\"search_term_string\"}}],\"inLanguage\":\"it-IT\"},{\"@type\":\"Organization\",\"@id\":\"https:\\\/\\\/www.trustedtranslations.com\\\/it\\\/#organization\",\"name\":\"Trusted Translations\",\"alternateName\":\"Trusted Translations, Inc.\",\"url\":\"https:\\\/\\\/www.trustedtranslations.com\\\/it\\\/\",\"logo\":{\"@type\":\"ImageObject\",\"inLanguage\":\"it-IT\",\"@id\":\"https:\\\/\\\/www.trustedtranslations.com\\\/it\\\/#\\\/schema\\\/logo\\\/image\\\/\",\"url\":\"https:\\\/\\\/static.trustedtranslations.com\\\/wp-content\\\/uploads\\\/2022\\\/01\\\/TT_logo_WSIColors-2.png\",\"contentUrl\":\"https:\\\/\\\/static.trustedtranslations.com\\\/wp-content\\\/uploads\\\/2022\\\/01\\\/TT_logo_WSIColors-2.png\",\"width\":500,\"height\":196,\"caption\":\"Trusted Translations\"},\"image\":{\"@id\":\"https:\\\/\\\/www.trustedtranslations.com\\\/it\\\/#\\\/schema\\\/logo\\\/image\\\/\"},\"sameAs\":[\"https:\\\/\\\/www.facebook.com\\\/Trusted.Translations\",\"https:\\\/\\\/x.com\\\/TrustedT9ns\",\"https:\\\/\\\/www.linkedin.com\\\/company\\\/trusted-translations\"]}]}<\/script>\n<!-- \/ Yoast SEO plugin. -->","yoast_head_json":{"title":"Traduzione e localizzazione di siti web - Trusted Translations, Inc.","description":"Trusted Translations pu\u00f2 aiutarvi a sviluppare una presenza Internet veramente globale traducendo il vostro intero sito web o solo le pagine pi\u00f9 importanti.","robots":{"index":"index","follow":"follow","max-snippet":"max-snippet:-1","max-image-preview":"max-image-preview:large","max-video-preview":"max-video-preview:-1"},"canonical":"https:\/\/www.trustedtranslations.com\/it\/servizi\/human\/siti-web","og_locale":"it_IT","og_type":"article","og_title":"Traduzione e localizzazione di siti web - Trusted Translations, Inc.","og_description":"Trusted Translations pu\u00f2 aiutarvi a sviluppare una presenza Internet veramente globale traducendo il vostro intero sito web o solo le pagine pi\u00f9 importanti.","og_url":"https:\/\/www.trustedtranslations.com\/it\/servizi\/human\/siti-web","og_site_name":"Trusted Translations, Inc.","article_publisher":"https:\/\/www.facebook.com\/Trusted.Translations","article_modified_time":"2024-09-04T20:16:41+00:00","og_image":[{"width":150,"height":150,"url":"https:\/\/static.trustedtranslations.com\/wp-content\/uploads\/2024\/02\/TT-ICON_Human-translation.webp","type":"image\/webp"}],"twitter_card":"summary_large_image","twitter_site":"@TrustedT9ns","schema":{"@context":"https:\/\/schema.org","@graph":[{"@type":"WebPage","@id":"https:\/\/www.trustedtranslations.com\/it\/servizi\/human\/siti-web","url":"https:\/\/www.trustedtranslations.com\/it\/servizi\/human\/siti-web","name":"Traduzione e localizzazione di siti web - Trusted Translations, Inc.","isPartOf":{"@id":"https:\/\/www.trustedtranslations.com\/it\/#website"},"primaryImageOfPage":{"@id":"https:\/\/www.trustedtranslations.com\/it\/servizi\/human\/siti-web#primaryimage"},"image":{"@id":"https:\/\/www.trustedtranslations.com\/it\/servizi\/human\/siti-web#primaryimage"},"thumbnailUrl":"https:\/\/www.trustedtranslations.com\/wp-content\/uploads\/2024\/02\/TT-ICON_Human-translation.webp","description":"Trusted Translations pu\u00f2 aiutarvi a sviluppare una presenza Internet veramente globale traducendo il vostro intero sito web o solo le pagine pi\u00f9 importanti.","breadcrumb":{"@id":"https:\/\/www.trustedtranslations.com\/it\/servizi\/human\/siti-web#breadcrumb"},"inLanguage":"it-IT","potentialAction":[{"@type":"ReadAction","target":["https:\/\/www.trustedtranslations.com\/it\/servizi\/human\/siti-web"]}]},{"@type":"ImageObject","inLanguage":"it-IT","@id":"https:\/\/www.trustedtranslations.com\/it\/servizi\/human\/siti-web#primaryimage","url":"https:\/\/www.trustedtranslations.com\/wp-content\/uploads\/2024\/02\/TT-ICON_Human-translation.webp","contentUrl":"https:\/\/www.trustedtranslations.com\/wp-content\/uploads\/2024\/02\/TT-ICON_Human-translation.webp","width":150,"height":150,"caption":"TT ICON Human translation"},{"@type":"BreadcrumbList","@id":"https:\/\/www.trustedtranslations.com\/it\/servizi\/human\/siti-web#breadcrumb","itemListElement":[{"@type":"ListItem","position":1,"name":"Home","item":"https:\/\/www.trustedtranslations.com\/it"},{"@type":"ListItem","position":2,"name":"Servizi","item":"https:\/\/www.trustedtranslations.com\/it\/servizi"},{"@type":"ListItem","position":3,"name":"Traduzione umana","item":"https:\/\/www.trustedtranslations.com\/it\/servizi\/human"},{"@type":"ListItem","position":4,"name":"Siti web"}]},{"@type":"WebSite","@id":"https:\/\/www.trustedtranslations.com\/it\/#website","url":"https:\/\/www.trustedtranslations.com\/it\/","name":"Trusted Translations, Inc.","description":"Leader in translation and interpretation services.","publisher":{"@id":"https:\/\/www.trustedtranslations.com\/it\/#organization"},"alternateName":"Trusted Translations","potentialAction":[{"@type":"SearchAction","target":{"@type":"EntryPoint","urlTemplate":"https:\/\/www.trustedtranslations.com\/it\/?s={search_term_string}"},"query-input":{"@type":"PropertyValueSpecification","valueRequired":true,"valueName":"search_term_string"}}],"inLanguage":"it-IT"},{"@type":"Organization","@id":"https:\/\/www.trustedtranslations.com\/it\/#organization","name":"Trusted Translations","alternateName":"Trusted Translations, Inc.","url":"https:\/\/www.trustedtranslations.com\/it\/","logo":{"@type":"ImageObject","inLanguage":"it-IT","@id":"https:\/\/www.trustedtranslations.com\/it\/#\/schema\/logo\/image\/","url":"https:\/\/static.trustedtranslations.com\/wp-content\/uploads\/2022\/01\/TT_logo_WSIColors-2.png","contentUrl":"https:\/\/static.trustedtranslations.com\/wp-content\/uploads\/2022\/01\/TT_logo_WSIColors-2.png","width":500,"height":196,"caption":"Trusted Translations"},"image":{"@id":"https:\/\/www.trustedtranslations.com\/it\/#\/schema\/logo\/image\/"},"sameAs":["https:\/\/www.facebook.com\/Trusted.Translations","https:\/\/x.com\/TrustedT9ns","https:\/\/www.linkedin.com\/company\/trusted-translations"]}]}},"toolset-meta":{"dyk":{"mensaje-1":{"type":"textfield","raw":"Pi\u00f9 della met\u00e0 del traffico web globale proviene da paesi in cui l\u2019inglese non \u00e8 una lingua ufficiale."},"mensaje-2":{"type":"textfield","raw":"Oltre il 70% dei consumatori d\u00e0 la priorit\u00e0 alla visita di siti web nella propria lingua madre."},"mensaje-3":{"type":"textfield","raw":"I nostri traduttori esperti hanno familiarit\u00e0 con gli script HTML, PHP, ASP, JavaScript e CGI."},"mensaje-4":{"type":"textfield","raw":"L\u201984% dei consumatori ritiene che un sito web professionale mostri credibilit\u00e0."},"mensaje-5":{"type":"textfield","raw":""},"mensaje-6":{"type":"textfield","raw":""}},"single-page-template-fields":{"imgs-temp":{"type":"image","raw":["https:\/\/static.trustedtranslations.com\/wp-content\/uploads\/2024\/06\/website-final-1.webp"],"repeatable":[{"raw":"https:\/\/static.trustedtranslations.com\/wp-content\/uploads\/2024\/06\/website-final-1.webp"}]},"imgs-temp-cel":{"type":"image","raw":[""],"repeatable":[{"raw":""}]},"img-temp-one-cel":{"type":"image","raw":"https:\/\/static.trustedtranslations.com\/wp-content\/uploads\/2024\/06\/AdobeStock_115834323-3-1.webp","attachment_id":null},"quotes":{"type":"textarea","raw":"<h1 style=\"margin-bottom: 12px;\">Siti web multilingue<\/h1>\r\nCome pietra angolare della nuova economia, il vostro sito web si pone come uno dei vostri strumenti di marketing pi\u00f9 preziosi. Pertanto, disporre di un sito distribuito in pi\u00f9 lingue pu\u00f2 avere un effetto esponenziale sulle vendite e sulla presenza online. Trusted Translations ha lavorato con grandi, medie e piccole imprese traducendo con successo i loro siti web e creando piattaforme multilingue.\r\n<div style=\"margin-top: 2.5vw;\"><a class=\"tt-btn-main-cta\" href=\"https:\/\/www.trustedtranslations.com\/it\/quote\">Richiedi un preventivo gratuito<\/a><\/div>"},"text-1":{"type":"textarea","raw":"<h2>Rendere multilingue il vostro sito web<\/h2>\r\nPer tradurre in modo efficace il vostro sito web, i nostri professionisti sono specializzati nella traduzione di contenuti che includono termini altamente tecnici in aree quali ingegneria, informatica, macchinari industriali, elettronica, meccanica, elettricit\u00e0, produzione, automazione, marketing, finanza e molti altri. Oltre il 50% di tutto il traffico internet proviene da paesi non anglofoni. Disponiamo di un team dedicato che pu\u00f2 aiutarvi a sviluppare una presenza Internet veramente globale. Il mercato online \u00e8 cresciuto a tassi a doppia cifra ogni anno negli ultimi anni e probabilmente continuer\u00e0 a farlo.\r\n<h2>Traduzione di siti web in spagnolo<\/h2>\r\n<em>Trusted Translations<\/em> pu\u00f2 tradurre qualsiasi elemento, da una singola pagina web (come la vostra home page) all\u2019intero sito web, da e verso lo spagnolo e l\u2019inglese, senza perdere nessuna funzionalit\u00e0. Poich\u00e9 i nostri esperti interni gestiscono quotidianamente script HTML, PHP, ASP, JavaScript e CGI, possiamo garantire che l\u2019integrit\u00e0 della codifica originale rimanga intatta. La traduzione di siti web richiede precisione totale, conoscenze culturali specializzate e un alto livello di organizzazione. Lavoriamo a stretto contatto con i nostri clienti per garantire che questi requisiti siano soddisfatti. I clienti web spaziano dai distributori di moda ai produttori di apparecchiature. Che il testo sia tecnico, di marketing, orientato allo stile di vita o abbia elementi di tutti e tre, <em>Trusted Translations<\/em> mette insieme un team con l\u2019ampiezza e la profondit\u00e0 necessarie per produrre contenuti accurati e accattivanti adatti al vostro mercato di riferimento.\r\n<h2>Localizzazione di siti web<\/h2>\r\nLa localizzazione di siti web \u00e8 definita come il processo di conversione del formato e del contenuto di un sito web in una forma linguisticamente e culturalmente appropriata per un altro mercato linguistico. Si tratta quindi di gestire l\u2019adattamento della grafica, del sistema di navigazione, dell\u2019ottimizzazione e molto altro. La fiducia \u00e8 molto importante per i clienti internet e, a tal fine, il vostro sito deve avere un aspetto, un suono e un\u2019atmosfera adatti allo specifico mercato di riferimento."},"shortcode-map":{"type":"textfield","raw":""},"dyk-shortcode":{"type":"textfield","raw":"[elementor-template id=\"146751\"]"},"text-2":{"type":"textarea","raw":"<h2>Localizzate il vostro sito<\/h2>\r\nQuando prendete la decisione di localizzare il vostro sito web, c\u2019\u00e8 molto di pi\u00f9 dietro della semplice traduzione dei contenuti. La localizzazione web richiede un modo diverso di progettare il sito. Potrebbe essere necessario ripensare al vostro sito, dall\u2019indirizzare un pubblico particolare all\u2019affrontarne uno completamente diverso. Il nostro team di localizzazione pu\u00f2 supportarvi in ogni fase del percorso: i nostri servizi includono la traduzione di testi unita ai necessari cambi di formato, la creazione di link corretti, URL (indirizzi web) e, infine, l\u2019implementazione di una sensibilit\u00e0 vitale alle differenze culturali. Di seguito \u00e8 riportato un elenco di prodotti di localizzazione comuni:\r\n<ul>\r\n \t<li><a href=\"https:\/\/www.trustedtranslations.com\/it\/servizi\/formati-di-file\/wordpress\" target=\"_blank\" rel=\"noopener\">Contenuto del sito web<\/a><\/li>\r\n \t<li>Traduzioni web friendly (evitano la doppia codifica)<\/li>\r\n \t<li>Localizzazione di grafica 2D e 3D<\/li>\r\n \t<li>Applicazioni web e multimediali<\/li>\r\n \t<li>Componenti audio e video<\/li>\r\n \t<li>Web publishing<\/li>\r\n \t<li>XML publishing<\/li>\r\n \t<li>Adattamento valuta per negozi online<\/li>\r\n<\/ul>\r\n<h2>Localizzazione di siti web in spagnolo<\/h2>\r\nIn qualit\u00e0 di fornitore leader di globalizzazione in spagnolo, disponiamo dell\u2019esperienza necessaria per aiutarvi a localizzare il vostro messaggio per rivolgervi a qualsiasi mercato specifico di lingua spagnola o a tutti i mercati di lingua spagnola attraverso un unico sito web scritto in spagnolo neutro."},"state":{"type":"textfield","raw":""},"city":{"type":"textarea","raw":[]}}},"_links":{"self":[{"href":"https:\/\/www.trustedtranslations.com\/it\/wp-json\/wp\/v2\/pages\/123290","targetHints":{"allow":["GET"]}}],"collection":[{"href":"https:\/\/www.trustedtranslations.com\/it\/wp-json\/wp\/v2\/pages"}],"about":[{"href":"https:\/\/www.trustedtranslations.com\/it\/wp-json\/wp\/v2\/types\/page"}],"author":[{"embeddable":true,"href":"https:\/\/www.trustedtranslations.com\/it\/wp-json\/wp\/v2\/users\/1"}],"replies":[{"embeddable":true,"href":"https:\/\/www.trustedtranslations.com\/it\/wp-json\/wp\/v2\/comments?post=123290"}],"version-history":[{"count":0,"href":"https:\/\/www.trustedtranslations.com\/it\/wp-json\/wp\/v2\/pages\/123290\/revisions"}],"up":[{"embeddable":true,"href":"https:\/\/www.trustedtranslations.com\/it\/wp-json\/wp\/v2\/pages\/123306"}],"wp:featuredmedia":[{"embeddable":true,"href":"https:\/\/www.trustedtranslations.com\/it\/wp-json\/wp\/v2\/media\/235824"}],"wp:attachment":[{"href":"https:\/\/www.trustedtranslations.com\/it\/wp-json\/wp\/v2\/media?parent=123290"}],"curies":[{"name":"wp","href":"https:\/\/api.w.org\/{rel}","templated":true}]}}