{"id":123291,"date":"2019-10-30T15:33:36","date_gmt":"2019-10-30T15:33:36","guid":{"rendered":"https:\/\/www.trustedtranslations.com\/?page_id=123291"},"modified":"2024-09-04T17:40:21","modified_gmt":"2024-09-04T20:40:21","slug":"motori-generali-mt","status":"publish","type":"page","link":"https:\/\/www.trustedtranslations.com\/it\/servizi\/automatica\/motori-generali-mt","title":{"rendered":"Motori generali MT"},"content":{"rendered":"","protected":false},"excerpt":{"rendered":"","protected":false},"author":1,"featured_media":248058,"parent":123299,"menu_order":3,"comment_status":"closed","ping_status":"closed","template":"","meta":{"site-sidebar-layout":"default","site-content-layout":"default","ast-site-content-layout":"default","site-content-style":"default","site-sidebar-style":"default","ast-global-header-display":"","ast-banner-title-visibility":"","ast-main-header-display":"","ast-hfb-above-header-display":"","ast-hfb-below-header-display":"","ast-hfb-mobile-header-display":"","site-post-title":"disabled","ast-breadcrumbs-content":"","ast-featured-img":"","footer-sml-layout":"","ast-disable-related-posts":"","theme-transparent-header-meta":"default","adv-header-id-meta":"","stick-header-meta":"","header-above-stick-meta":"","header-main-stick-meta":"","header-below-stick-meta":"","astra-migrate-meta-layouts":"set","ast-page-background-enabled":"default","ast-page-background-meta":{"desktop":{"background-color":"var(--ast-global-color-4)","background-image":"","background-repeat":"repeat","background-position":"center center","background-size":"auto","background-attachment":"scroll","background-type":"","background-media":"","overlay-type":"","overlay-color":"","overlay-opacity":"","overlay-gradient":""},"tablet":{"background-color":"","background-image":"","background-repeat":"repeat","background-position":"center center","background-size":"auto","background-attachment":"scroll","background-type":"","background-media":"","overlay-type":"","overlay-color":"","overlay-opacity":"","overlay-gradient":""},"mobile":{"background-color":"","background-image":"","background-repeat":"repeat","background-position":"center center","background-size":"auto","background-attachment":"scroll","background-type":"","background-media":"","overlay-type":"","overlay-color":"","overlay-opacity":"","overlay-gradient":""}},"ast-content-background-meta":{"desktop":{"background-color":"var(--ast-global-color-5)","background-image":"","background-repeat":"repeat","background-position":"center center","background-size":"auto","background-attachment":"scroll","background-type":"","background-media":"","overlay-type":"","overlay-color":"","overlay-opacity":"","overlay-gradient":""},"tablet":{"background-color":"var(--ast-global-color-5)","background-image":"","background-repeat":"repeat","background-position":"center center","background-size":"auto","background-attachment":"scroll","background-type":"","background-media":"","overlay-type":"","overlay-color":"","overlay-opacity":"","overlay-gradient":""},"mobile":{"background-color":"var(--ast-global-color-5)","background-image":"","background-repeat":"repeat","background-position":"center center","background-size":"auto","background-attachment":"scroll","background-type":"","background-media":"","overlay-type":"","overlay-color":"","overlay-opacity":"","overlay-gradient":""}},"footnotes":""},"class_list":["post-123291","page","type-page","status-publish","has-post-thumbnail","hentry"],"yoast_head":"<!-- This site is optimized with the Yoast SEO plugin v27.6 - https:\/\/yoast.com\/product\/yoast-seo-wordpress\/ -->\n<title>Motori di traduzione automatica generici: Trusted Translations<\/title>\n<meta name=\"description\" content=\"Trusted Translations integra motori di traduzione automatica con server di memoria di traduzione e post-editing per fornire traduzioni affidabili e di alta qualit\u00e0, personalizzate in base alle esigenze del cliente.\" \/>\n<meta name=\"robots\" content=\"index, follow, max-snippet:-1, max-image-preview:large, max-video-preview:-1\" \/>\n<link rel=\"canonical\" href=\"https:\/\/www.trustedtranslations.com\/it\/servizi\/automatica\/motori-generali-mt\" \/>\n<meta property=\"og:locale\" content=\"it_IT\" \/>\n<meta property=\"og:type\" content=\"article\" \/>\n<meta property=\"og:title\" content=\"Motori di traduzione automatica generici: Trusted Translations\" \/>\n<meta property=\"og:description\" content=\"Trusted Translations integra motori di traduzione automatica con server di memoria di traduzione e post-editing per fornire traduzioni affidabili e di alta qualit\u00e0, personalizzate in base alle esigenze del cliente.\" \/>\n<meta property=\"og:url\" content=\"https:\/\/www.trustedtranslations.com\/it\/servizi\/automatica\/motori-generali-mt\" \/>\n<meta property=\"og:site_name\" content=\"Trusted Translations, Inc.\" \/>\n<meta property=\"article:publisher\" content=\"https:\/\/www.facebook.com\/Trusted.Translations\" \/>\n<meta property=\"article:modified_time\" content=\"2024-09-04T20:40:21+00:00\" \/>\n<meta property=\"og:image\" content=\"https:\/\/static.trustedtranslations.com\/wp-content\/uploads\/2024\/02\/Recurso-11-1.png\" \/>\n\t<meta property=\"og:image:width\" content=\"150\" \/>\n\t<meta property=\"og:image:height\" content=\"150\" \/>\n\t<meta property=\"og:image:type\" content=\"image\/png\" \/>\n<meta name=\"twitter:card\" content=\"summary_large_image\" \/>\n<meta name=\"twitter:site\" content=\"@TrustedT9ns\" \/>\n<script type=\"application\/ld+json\" class=\"yoast-schema-graph\">{\"@context\":\"https:\\\/\\\/schema.org\",\"@graph\":[{\"@type\":\"WebPage\",\"@id\":\"https:\\\/\\\/www.trustedtranslations.com\\\/it\\\/servizi\\\/automatica\\\/motori-generali-mt\",\"url\":\"https:\\\/\\\/www.trustedtranslations.com\\\/it\\\/servizi\\\/automatica\\\/motori-generali-mt\",\"name\":\"Motori di traduzione automatica generici: Trusted Translations\",\"isPartOf\":{\"@id\":\"https:\\\/\\\/www.trustedtranslations.com\\\/it\\\/#website\"},\"primaryImageOfPage\":{\"@id\":\"https:\\\/\\\/www.trustedtranslations.com\\\/it\\\/servizi\\\/automatica\\\/motori-generali-mt#primaryimage\"},\"image\":{\"@id\":\"https:\\\/\\\/www.trustedtranslations.com\\\/it\\\/servizi\\\/automatica\\\/motori-generali-mt#primaryimage\"},\"thumbnailUrl\":\"https:\\\/\\\/www.trustedtranslations.com\\\/wp-content\\\/uploads\\\/2024\\\/02\\\/Recurso-11-1.png\",\"description\":\"Trusted Translations integra motori di traduzione automatica con server di memoria di traduzione e post-editing per fornire traduzioni affidabili e di alta qualit\u00e0, personalizzate in base alle esigenze del cliente.\",\"breadcrumb\":{\"@id\":\"https:\\\/\\\/www.trustedtranslations.com\\\/it\\\/servizi\\\/automatica\\\/motori-generali-mt#breadcrumb\"},\"inLanguage\":\"it-IT\",\"potentialAction\":[{\"@type\":\"ReadAction\",\"target\":[\"https:\\\/\\\/www.trustedtranslations.com\\\/it\\\/servizi\\\/automatica\\\/motori-generali-mt\"]}]},{\"@type\":\"ImageObject\",\"inLanguage\":\"it-IT\",\"@id\":\"https:\\\/\\\/www.trustedtranslations.com\\\/it\\\/servizi\\\/automatica\\\/motori-generali-mt#primaryimage\",\"url\":\"https:\\\/\\\/www.trustedtranslations.com\\\/wp-content\\\/uploads\\\/2024\\\/02\\\/Recurso-11-1.png\",\"contentUrl\":\"https:\\\/\\\/www.trustedtranslations.com\\\/wp-content\\\/uploads\\\/2024\\\/02\\\/Recurso-11-1.png\",\"width\":150,\"height\":150,\"caption\":\"Recurso 11 1\"},{\"@type\":\"BreadcrumbList\",\"@id\":\"https:\\\/\\\/www.trustedtranslations.com\\\/it\\\/servizi\\\/automatica\\\/motori-generali-mt#breadcrumb\",\"itemListElement\":[{\"@type\":\"ListItem\",\"position\":1,\"name\":\"Home\",\"item\":\"https:\\\/\\\/www.trustedtranslations.com\\\/it\"},{\"@type\":\"ListItem\",\"position\":2,\"name\":\"Servizi\",\"item\":\"https:\\\/\\\/www.trustedtranslations.com\\\/it\\\/servizi\"},{\"@type\":\"ListItem\",\"position\":3,\"name\":\"Traduzione automatica\",\"item\":\"https:\\\/\\\/www.trustedtranslations.com\\\/it\\\/servizi\\\/automatica\"},{\"@type\":\"ListItem\",\"position\":4,\"name\":\"Motori generali MT\"}]},{\"@type\":\"WebSite\",\"@id\":\"https:\\\/\\\/www.trustedtranslations.com\\\/it\\\/#website\",\"url\":\"https:\\\/\\\/www.trustedtranslations.com\\\/it\\\/\",\"name\":\"Trusted Translations, Inc.\",\"description\":\"Leader in translation and interpretation services.\",\"publisher\":{\"@id\":\"https:\\\/\\\/www.trustedtranslations.com\\\/it\\\/#organization\"},\"alternateName\":\"Trusted Translations\",\"potentialAction\":[{\"@type\":\"SearchAction\",\"target\":{\"@type\":\"EntryPoint\",\"urlTemplate\":\"https:\\\/\\\/www.trustedtranslations.com\\\/it\\\/?s={search_term_string}\"},\"query-input\":{\"@type\":\"PropertyValueSpecification\",\"valueRequired\":true,\"valueName\":\"search_term_string\"}}],\"inLanguage\":\"it-IT\"},{\"@type\":\"Organization\",\"@id\":\"https:\\\/\\\/www.trustedtranslations.com\\\/it\\\/#organization\",\"name\":\"Trusted Translations\",\"alternateName\":\"Trusted Translations, Inc.\",\"url\":\"https:\\\/\\\/www.trustedtranslations.com\\\/it\\\/\",\"logo\":{\"@type\":\"ImageObject\",\"inLanguage\":\"it-IT\",\"@id\":\"https:\\\/\\\/www.trustedtranslations.com\\\/it\\\/#\\\/schema\\\/logo\\\/image\\\/\",\"url\":\"https:\\\/\\\/static.trustedtranslations.com\\\/wp-content\\\/uploads\\\/2022\\\/01\\\/TT_logo_WSIColors-2.png\",\"contentUrl\":\"https:\\\/\\\/static.trustedtranslations.com\\\/wp-content\\\/uploads\\\/2022\\\/01\\\/TT_logo_WSIColors-2.png\",\"width\":500,\"height\":196,\"caption\":\"Trusted Translations\"},\"image\":{\"@id\":\"https:\\\/\\\/www.trustedtranslations.com\\\/it\\\/#\\\/schema\\\/logo\\\/image\\\/\"},\"sameAs\":[\"https:\\\/\\\/www.facebook.com\\\/Trusted.Translations\",\"https:\\\/\\\/x.com\\\/TrustedT9ns\",\"https:\\\/\\\/www.linkedin.com\\\/company\\\/trusted-translations\"]}]}<\/script>\n<!-- \/ Yoast SEO plugin. -->","yoast_head_json":{"title":"Motori di traduzione automatica generici: Trusted Translations","description":"Trusted Translations integra motori di traduzione automatica con server di memoria di traduzione e post-editing per fornire traduzioni affidabili e di alta qualit\u00e0, personalizzate in base alle esigenze del cliente.","robots":{"index":"index","follow":"follow","max-snippet":"max-snippet:-1","max-image-preview":"max-image-preview:large","max-video-preview":"max-video-preview:-1"},"canonical":"https:\/\/www.trustedtranslations.com\/it\/servizi\/automatica\/motori-generali-mt","og_locale":"it_IT","og_type":"article","og_title":"Motori di traduzione automatica generici: Trusted Translations","og_description":"Trusted Translations integra motori di traduzione automatica con server di memoria di traduzione e post-editing per fornire traduzioni affidabili e di alta qualit\u00e0, personalizzate in base alle esigenze del cliente.","og_url":"https:\/\/www.trustedtranslations.com\/it\/servizi\/automatica\/motori-generali-mt","og_site_name":"Trusted Translations, Inc.","article_publisher":"https:\/\/www.facebook.com\/Trusted.Translations","article_modified_time":"2024-09-04T20:40:21+00:00","og_image":[{"width":150,"height":150,"url":"https:\/\/static.trustedtranslations.com\/wp-content\/uploads\/2024\/02\/Recurso-11-1.png","type":"image\/png"}],"twitter_card":"summary_large_image","twitter_site":"@TrustedT9ns","schema":{"@context":"https:\/\/schema.org","@graph":[{"@type":"WebPage","@id":"https:\/\/www.trustedtranslations.com\/it\/servizi\/automatica\/motori-generali-mt","url":"https:\/\/www.trustedtranslations.com\/it\/servizi\/automatica\/motori-generali-mt","name":"Motori di traduzione automatica generici: Trusted Translations","isPartOf":{"@id":"https:\/\/www.trustedtranslations.com\/it\/#website"},"primaryImageOfPage":{"@id":"https:\/\/www.trustedtranslations.com\/it\/servizi\/automatica\/motori-generali-mt#primaryimage"},"image":{"@id":"https:\/\/www.trustedtranslations.com\/it\/servizi\/automatica\/motori-generali-mt#primaryimage"},"thumbnailUrl":"https:\/\/www.trustedtranslations.com\/wp-content\/uploads\/2024\/02\/Recurso-11-1.png","description":"Trusted Translations integra motori di traduzione automatica con server di memoria di traduzione e post-editing per fornire traduzioni affidabili e di alta qualit\u00e0, personalizzate in base alle esigenze del cliente.","breadcrumb":{"@id":"https:\/\/www.trustedtranslations.com\/it\/servizi\/automatica\/motori-generali-mt#breadcrumb"},"inLanguage":"it-IT","potentialAction":[{"@type":"ReadAction","target":["https:\/\/www.trustedtranslations.com\/it\/servizi\/automatica\/motori-generali-mt"]}]},{"@type":"ImageObject","inLanguage":"it-IT","@id":"https:\/\/www.trustedtranslations.com\/it\/servizi\/automatica\/motori-generali-mt#primaryimage","url":"https:\/\/www.trustedtranslations.com\/wp-content\/uploads\/2024\/02\/Recurso-11-1.png","contentUrl":"https:\/\/www.trustedtranslations.com\/wp-content\/uploads\/2024\/02\/Recurso-11-1.png","width":150,"height":150,"caption":"Recurso 11 1"},{"@type":"BreadcrumbList","@id":"https:\/\/www.trustedtranslations.com\/it\/servizi\/automatica\/motori-generali-mt#breadcrumb","itemListElement":[{"@type":"ListItem","position":1,"name":"Home","item":"https:\/\/www.trustedtranslations.com\/it"},{"@type":"ListItem","position":2,"name":"Servizi","item":"https:\/\/www.trustedtranslations.com\/it\/servizi"},{"@type":"ListItem","position":3,"name":"Traduzione automatica","item":"https:\/\/www.trustedtranslations.com\/it\/servizi\/automatica"},{"@type":"ListItem","position":4,"name":"Motori generali MT"}]},{"@type":"WebSite","@id":"https:\/\/www.trustedtranslations.com\/it\/#website","url":"https:\/\/www.trustedtranslations.com\/it\/","name":"Trusted Translations, Inc.","description":"Leader in translation and interpretation services.","publisher":{"@id":"https:\/\/www.trustedtranslations.com\/it\/#organization"},"alternateName":"Trusted Translations","potentialAction":[{"@type":"SearchAction","target":{"@type":"EntryPoint","urlTemplate":"https:\/\/www.trustedtranslations.com\/it\/?s={search_term_string}"},"query-input":{"@type":"PropertyValueSpecification","valueRequired":true,"valueName":"search_term_string"}}],"inLanguage":"it-IT"},{"@type":"Organization","@id":"https:\/\/www.trustedtranslations.com\/it\/#organization","name":"Trusted Translations","alternateName":"Trusted Translations, Inc.","url":"https:\/\/www.trustedtranslations.com\/it\/","logo":{"@type":"ImageObject","inLanguage":"it-IT","@id":"https:\/\/www.trustedtranslations.com\/it\/#\/schema\/logo\/image\/","url":"https:\/\/static.trustedtranslations.com\/wp-content\/uploads\/2022\/01\/TT_logo_WSIColors-2.png","contentUrl":"https:\/\/static.trustedtranslations.com\/wp-content\/uploads\/2022\/01\/TT_logo_WSIColors-2.png","width":500,"height":196,"caption":"Trusted Translations"},"image":{"@id":"https:\/\/www.trustedtranslations.com\/it\/#\/schema\/logo\/image\/"},"sameAs":["https:\/\/www.facebook.com\/Trusted.Translations","https:\/\/x.com\/TrustedT9ns","https:\/\/www.linkedin.com\/company\/trusted-translations"]}]}},"toolset-meta":{"dyk":{"mensaje-1":{"type":"textfield","raw":"Le prime proposte relative alla traduzione automatica basata su computer risalgono al 1949."},"mensaje-2":{"type":"textfield","raw":"Il GMTE pi\u00f9 utilizzato, Google Translate, supporta oltre 130 lingue."},"mensaje-3":{"type":"textfield","raw":"Trusted Translations fornisce post-editor esperti per rivedere tutto l\u2019output della traduzione automatica."},"mensaje-4":{"type":"textfield","raw":"La traduzione automatica generica pu\u00f2 essere un utile primo passo per ridurre i costi e i tempi di consegna."},"mensaje-5":{"type":"textfield","raw":""},"mensaje-6":{"type":"textfield","raw":""}},"single-page-template-fields":{"imgs-temp":{"type":"image","raw":["https:\/\/static.trustedtranslations.com\/wp-content\/uploads\/2024\/07\/general-final-1.webp"],"repeatable":[{"raw":"https:\/\/static.trustedtranslations.com\/wp-content\/uploads\/2024\/07\/general-final-1.webp"}]},"imgs-temp-cel":{"type":"image","raw":[""],"repeatable":[{"raw":""}]},"img-temp-one-cel":{"type":"image","raw":"https:\/\/static.trustedtranslations.com\/wp-content\/uploads\/2024\/07\/AdobeStock_283707126_Editorial_U.webp","attachment_id":null},"quotes":{"type":"textarea","raw":"<h1 style=\"margin-bottom: 12px;\">Soluzioni di traduzione automatica neurale generale (di base)<\/h1>\r\n<em>Trusted Translations<\/em> ha sviluppato un processo tecnologico che integra motori di traduzione automatica (MT) di base di leader dell\u2019IA come Google, Microsoft, Amazon, DeepL e altri, con server di memoria di traduzione (TM) e servizi di post-editing per produrre traduzioni ad alto volume della massima qualit\u00e0 nel settore.\r\n<div style=\"margin-top: 2.5vw;\"><a class=\"tt-btn-main-cta\" href=\"https:\/\/www.trustedtranslations.com\/it\/quote\">Richiedi un preventivo gratuito<\/a><\/div>"},"text-1":{"type":"textarea","raw":"<h2>Processo semplificato<\/h2>\r\nSulla base della richiesta e delle specifiche dei nostri clienti, integreremo una soluzione MT di base al nostro processo di controllo della qualit\u00e0 per produrre traduzioni altamente affidabili e accurate. \u00c8 stato dimostrato che questo processo proprietario migliora significativamente i tempi di consegna e riduce i costi, mantenendo un livello di qualit\u00e0 della traduzione molto elevato.\r\n<h2>Motori di traduzione automatica di domini generali<\/h2>\r\nUn motore di traduzione automatica di dominio generale (a volte chiamato \u201cGMTE\u201d) \u00e8 un programma software in grado di tradurre il testo da e verso una determinata lingua con intervento umano minimo o nullo. Sebbene ciascuno di questi motori di base sia costruito in modo diverso, la maggior parte di essi \u00e8 progettata per tradurre contenuti generali che non coinvolgono terminologia specializzata; da qui il nome. I pi\u00f9 diffusi sono Google Translate, Systran, Microsoft Translator, Microsoft Hub e Amazon.\r\n\r\nPer la comprensione generale di contenuti relativamente basilari, i motori di base possono effettuare un lavoro discreto. Tuttavia, ad oggi, i motori personalizzati hanno ancora un vantaggio competitivo. Vale a dire che le traduzioni prodotte da un GMTE non sono di per s\u00e9 abbastanza affidabili per l\u2019utilizzo professionale, perch\u00e9 gli errori sono inevitabili anche per documenti semplici.\r\n\r\nDetto questo, un GMTE pu\u00f2 costituire una parte utile di un processo di traduzione, a seconda degli obiettivi del cliente e della natura del progetto. Noi di <em>Trusted Translations<\/em> abbiamo imparato a sfruttare i GMTE e integrarli in base alle esigenze e agli obiettivi dei nostri clienti. Se riteniamo che un determinato progetto sia un buon candidato per incorporare i GMTE nel processo, discutiamo tale possibilit\u00e0 con il cliente e progettiamo una soluzione che combini tutti i vantaggi di GMTE, server di memoria e traduzione e revisione svolte da esseri umani (HT).\r\n<h2>Server di memoria di traduzione e MT di dominio generale<\/h2>\r\nL\u2019utilizzo di un server di memoria di traduzione (\u201cTMS\u201d) insieme al GMTE \u00e8 un modo per migliorare la qualit\u00e0 complessiva dell\u2019output della traduzione, in quanto sfrutta i segmenti legacy tradotti da esseri umani come parte dell\u2019output. L\u2019utilizzo di tali contenuti legacy aiuta a garantire la qualit\u00e0, che si riflette in una miglior fedelt\u00e0 alle linee guida di stile specifiche del cliente, e aiuta anche con la terminologia nei casi in cui i glossari non costituiscano una risorsa importante. Una possibile configurazione del flusso di lavoro per la preparazione dei contenuti pu\u00f2 prevedere che ogni segmento di contenuto venga prima tradotto per mezzo di un TMS. Se in questo primo passaggio non viene trovato un segmento identico o simile (corrispondenza completa o fuzzy), il contenuto viene inserito nel motore di traduzione automatica generale.\r\n\r\nAttualmente la maggior parte dei TMS consente di completare questi due passaggi contemporaneamente. Infine, il contenuto bilingue generato da una memoria di traduzione o da un puro output di traduzione automatica pu\u00f2 anche essere modificato da un post-editor esperto, ovvero un linguista appositamente addestrato per lavorare con l\u2019output MT. Successivamente, eventuali modifiche"},"shortcode-map":{"type":"textfield","raw":""},"dyk-shortcode":{"type":"textfield","raw":"[elementor-template id=\"146751\"]"},"text-2":{"type":"textarea","raw":"<h2>Flusso di lavoro con server di memoria di traduzione, motori MT di dominio generale e\r\npost-editing umano<\/h2>\r\nPoich\u00e9 le soluzioni di traduzione automatica sono ancora in fase di sviluppo e miglioramento, <em>Trusted Translations<\/em> affronta ogni progetto come un caso unico. Tuttavia, sulla base della nostra esperienza, abbiamo sviluppato e testato diversi flussi di lavoro che integrano con successo la traduzione automatica. Quello che segue \u00e8 un flusso di lavoro comunemente utilizzato che integra i GMTE con una memoria di traduzione e una soluzione di post-editing umano.\r\n\r\n<img class=\"wp-image-7224 size-full alignright\" src=\"https:\/\/www.trustedtranslations.com\/wp-content\/uploads\/2020\/01\/general-mt-engines-1.jpg\" alt=\"\" width=\"535\" height=\"288\" \/>\r\n\r\nCome illustrato sopra, il contenuto verr\u00e0 sottoposto a tutte le fasi del processo tramite un\u2019API o altri tipi di integrazioni. Ogni segmento di contenuto fluir\u00e0 attraverso il TMS e il motore di traduzione automatica del dominio generale per raggiungere l\u2019ambiente di post-editing. In altre parole, i risultati di ogni segmento in uscita dal nostro server di memoria di traduzione e\/o dal motore di traduzione automatica generale verranno post-editati online da uno dei nostri post-editor professionisti nel nostro ambiente di post-editing basato su cloud. Il processo pu\u00f2 essere eseguito contemporaneamente per pi\u00f9 lingue. Il processo arriva quasi istantaneamente all\u2019ambiente di post-editing. Il retro-feedback derivante dall\u2019attivit\u00e0 di post-editing umano genera aggiornamenti automatici sul TMS.\r\n<h2>Motore di traduzione di dominio generale vs. motore di traduzione personalizzato<\/h2>\r\nL\u2019utilizzo di un motore di traduzione automatica di dominio generale combinato con i server di memoria di traduzione riduce significativamente i costi utilizzando il post-editing umano al posto della traduzione umana da zero e della successiva revisione. I tempi di consegna migliorano notevolmente. Gli svantaggi di questa opzione sono che la qualit\u00e0 non sar\u00e0 cos\u00ec elevata e che il motore di traduzione automatica non dispone della capacit\u00e0 dinamica di apprendere e auto-migliorarsi nel modo in cui pu\u00f2 farlo un motore di traduzione automatica personalizzato."},"state":{"type":"textfield","raw":""},"city":{"type":"textarea","raw":[]}}},"_links":{"self":[{"href":"https:\/\/www.trustedtranslations.com\/it\/wp-json\/wp\/v2\/pages\/123291","targetHints":{"allow":["GET"]}}],"collection":[{"href":"https:\/\/www.trustedtranslations.com\/it\/wp-json\/wp\/v2\/pages"}],"about":[{"href":"https:\/\/www.trustedtranslations.com\/it\/wp-json\/wp\/v2\/types\/page"}],"author":[{"embeddable":true,"href":"https:\/\/www.trustedtranslations.com\/it\/wp-json\/wp\/v2\/users\/1"}],"replies":[{"embeddable":true,"href":"https:\/\/www.trustedtranslations.com\/it\/wp-json\/wp\/v2\/comments?post=123291"}],"version-history":[{"count":0,"href":"https:\/\/www.trustedtranslations.com\/it\/wp-json\/wp\/v2\/pages\/123291\/revisions"}],"up":[{"embeddable":true,"href":"https:\/\/www.trustedtranslations.com\/it\/wp-json\/wp\/v2\/pages\/123299"}],"wp:featuredmedia":[{"embeddable":true,"href":"https:\/\/www.trustedtranslations.com\/it\/wp-json\/wp\/v2\/media\/248058"}],"wp:attachment":[{"href":"https:\/\/www.trustedtranslations.com\/it\/wp-json\/wp\/v2\/media?parent=123291"}],"curies":[{"name":"wp","href":"https:\/\/api.w.org\/{rel}","templated":true}]}}