{"id":123292,"date":"2019-10-30T15:33:08","date_gmt":"2019-10-30T15:33:08","guid":{"rendered":"https:\/\/www.trustedtranslations.com\/?page_id=123292"},"modified":"2024-11-06T16:11:50","modified_gmt":"2024-11-06T19:11:50","slug":"multilingue","status":"publish","type":"page","link":"https:\/\/www.trustedtranslations.com\/it\/lingua\/multilingue","title":{"rendered":"Multilingue"},"content":{"rendered":"","protected":false},"excerpt":{"rendered":"","protected":false},"author":1,"featured_media":139629,"parent":123365,"menu_order":0,"comment_status":"closed","ping_status":"closed","template":"","meta":{"site-sidebar-layout":"default","site-content-layout":"default","ast-site-content-layout":"default","site-content-style":"default","site-sidebar-style":"default","ast-global-header-display":"","ast-banner-title-visibility":"","ast-main-header-display":"","ast-hfb-above-header-display":"","ast-hfb-below-header-display":"","ast-hfb-mobile-header-display":"","site-post-title":"disabled","ast-breadcrumbs-content":"","ast-featured-img":"","footer-sml-layout":"","ast-disable-related-posts":"","theme-transparent-header-meta":"default","adv-header-id-meta":"","stick-header-meta":"","header-above-stick-meta":"","header-main-stick-meta":"","header-below-stick-meta":"","astra-migrate-meta-layouts":"set","ast-page-background-enabled":"default","ast-page-background-meta":{"desktop":{"background-color":"var(--ast-global-color-4)","background-image":"","background-repeat":"repeat","background-position":"center center","background-size":"auto","background-attachment":"scroll","background-type":"","background-media":"","overlay-type":"","overlay-color":"","overlay-opacity":"","overlay-gradient":""},"tablet":{"background-color":"","background-image":"","background-repeat":"repeat","background-position":"center center","background-size":"auto","background-attachment":"scroll","background-type":"","background-media":"","overlay-type":"","overlay-color":"","overlay-opacity":"","overlay-gradient":""},"mobile":{"background-color":"","background-image":"","background-repeat":"repeat","background-position":"center center","background-size":"auto","background-attachment":"scroll","background-type":"","background-media":"","overlay-type":"","overlay-color":"","overlay-opacity":"","overlay-gradient":""}},"ast-content-background-meta":{"desktop":{"background-color":"var(--ast-global-color-5)","background-image":"","background-repeat":"repeat","background-position":"center center","background-size":"auto","background-attachment":"scroll","background-type":"","background-media":"","overlay-type":"","overlay-color":"","overlay-opacity":"","overlay-gradient":""},"tablet":{"background-color":"var(--ast-global-color-5)","background-image":"","background-repeat":"repeat","background-position":"center center","background-size":"auto","background-attachment":"scroll","background-type":"","background-media":"","overlay-type":"","overlay-color":"","overlay-opacity":"","overlay-gradient":""},"mobile":{"background-color":"var(--ast-global-color-5)","background-image":"","background-repeat":"repeat","background-position":"center center","background-size":"auto","background-attachment":"scroll","background-type":"","background-media":"","overlay-type":"","overlay-color":"","overlay-opacity":"","overlay-gradient":""}},"footnotes":""},"class_list":["post-123292","page","type-page","status-publish","has-post-thumbnail","hentry"],"yoast_head":"<!-- This site is optimized with the Yoast SEO plugin v27.3 - https:\/\/yoast.com\/product\/yoast-seo-wordpress\/ -->\n<title>Traduzione multilingue: Trusted Translations<\/title>\n<meta name=\"description\" content=\"Servizi di traduzione multilingue in oltre 140 lingue da parte di team di traduttori esperti ai migliori prezzi. Richiedi un preventivo o una consulenza gratuita.\" \/>\n<meta name=\"robots\" content=\"index, follow, max-snippet:-1, max-image-preview:large, max-video-preview:-1\" \/>\n<link rel=\"canonical\" href=\"https:\/\/www.trustedtranslations.com\/it\/lingua\/multilingue\" \/>\n<meta property=\"og:locale\" content=\"it_IT\" \/>\n<meta property=\"og:type\" content=\"article\" \/>\n<meta property=\"og:title\" content=\"Traduzione multilingue: Trusted Translations\" \/>\n<meta property=\"og:description\" content=\"Servizi di traduzione multilingue in oltre 140 lingue da parte di team di traduttori esperti ai migliori prezzi. Richiedi un preventivo o una consulenza gratuita.\" \/>\n<meta property=\"og:url\" content=\"https:\/\/www.trustedtranslations.com\/it\/lingua\/multilingue\" \/>\n<meta property=\"og:site_name\" content=\"Trusted Translations, Inc.\" \/>\n<meta property=\"article:publisher\" content=\"https:\/\/www.facebook.com\/Trusted.Translations\" \/>\n<meta property=\"article:modified_time\" content=\"2024-11-06T19:11:50+00:00\" \/>\n<meta property=\"og:image\" content=\"https:\/\/static.trustedtranslations.com\/wp-content\/uploads\/2022\/03\/TT_NEW_FB-1.png\" \/>\n\t<meta property=\"og:image:width\" content=\"1038\" \/>\n\t<meta property=\"og:image:height\" content=\"1038\" \/>\n\t<meta property=\"og:image:type\" content=\"image\/png\" \/>\n<meta name=\"twitter:card\" content=\"summary_large_image\" \/>\n<meta name=\"twitter:site\" content=\"@TrustedT9ns\" \/>\n<script type=\"application\/ld+json\" class=\"yoast-schema-graph\">{\"@context\":\"https:\\\/\\\/schema.org\",\"@graph\":[{\"@type\":\"WebPage\",\"@id\":\"https:\\\/\\\/www.trustedtranslations.com\\\/it\\\/lingua\\\/multilingue\",\"url\":\"https:\\\/\\\/www.trustedtranslations.com\\\/it\\\/lingua\\\/multilingue\",\"name\":\"Traduzione multilingue: Trusted Translations\",\"isPartOf\":{\"@id\":\"https:\\\/\\\/www.trustedtranslations.com\\\/it\\\/#website\"},\"primaryImageOfPage\":{\"@id\":\"https:\\\/\\\/www.trustedtranslations.com\\\/it\\\/lingua\\\/multilingue#primaryimage\"},\"image\":{\"@id\":\"https:\\\/\\\/www.trustedtranslations.com\\\/it\\\/lingua\\\/multilingue#primaryimage\"},\"thumbnailUrl\":\"https:\\\/\\\/www.trustedtranslations.com\\\/wp-content\\\/uploads\\\/2022\\\/03\\\/TT_NEW_FB-1.png\",\"description\":\"Servizi di traduzione multilingue in oltre 140 lingue da parte di team di traduttori esperti ai migliori prezzi. Richiedi un preventivo o una consulenza gratuita.\",\"breadcrumb\":{\"@id\":\"https:\\\/\\\/www.trustedtranslations.com\\\/it\\\/lingua\\\/multilingue#breadcrumb\"},\"inLanguage\":\"it-IT\",\"potentialAction\":[{\"@type\":\"ReadAction\",\"target\":[\"https:\\\/\\\/www.trustedtranslations.com\\\/it\\\/lingua\\\/multilingue\"]}]},{\"@type\":\"ImageObject\",\"inLanguage\":\"it-IT\",\"@id\":\"https:\\\/\\\/www.trustedtranslations.com\\\/it\\\/lingua\\\/multilingue#primaryimage\",\"url\":\"https:\\\/\\\/www.trustedtranslations.com\\\/wp-content\\\/uploads\\\/2022\\\/03\\\/TT_NEW_FB-1.png\",\"contentUrl\":\"https:\\\/\\\/www.trustedtranslations.com\\\/wp-content\\\/uploads\\\/2022\\\/03\\\/TT_NEW_FB-1.png\",\"width\":1038,\"height\":1038,\"caption\":\"TT NEW FB 1\"},{\"@type\":\"BreadcrumbList\",\"@id\":\"https:\\\/\\\/www.trustedtranslations.com\\\/it\\\/lingua\\\/multilingue#breadcrumb\",\"itemListElement\":[{\"@type\":\"ListItem\",\"position\":1,\"name\":\"Home\",\"item\":\"https:\\\/\\\/www.trustedtranslations.com\\\/it\"},{\"@type\":\"ListItem\",\"position\":2,\"name\":\"Lingue\",\"item\":\"https:\\\/\\\/www.trustedtranslations.com\\\/it\\\/lingua\"},{\"@type\":\"ListItem\",\"position\":3,\"name\":\"Multilingue\"}]},{\"@type\":\"WebSite\",\"@id\":\"https:\\\/\\\/www.trustedtranslations.com\\\/it\\\/#website\",\"url\":\"https:\\\/\\\/www.trustedtranslations.com\\\/it\\\/\",\"name\":\"Trusted Translations, Inc.\",\"description\":\"Leader in translation and interpretation services.\",\"publisher\":{\"@id\":\"https:\\\/\\\/www.trustedtranslations.com\\\/it\\\/#organization\"},\"alternateName\":\"Trusted Translations\",\"potentialAction\":[{\"@type\":\"SearchAction\",\"target\":{\"@type\":\"EntryPoint\",\"urlTemplate\":\"https:\\\/\\\/www.trustedtranslations.com\\\/it\\\/?s={search_term_string}\"},\"query-input\":{\"@type\":\"PropertyValueSpecification\",\"valueRequired\":true,\"valueName\":\"search_term_string\"}}],\"inLanguage\":\"it-IT\"},{\"@type\":\"Organization\",\"@id\":\"https:\\\/\\\/www.trustedtranslations.com\\\/it\\\/#organization\",\"name\":\"Trusted Translations\",\"alternateName\":\"Trusted Translations, Inc.\",\"url\":\"https:\\\/\\\/www.trustedtranslations.com\\\/it\\\/\",\"logo\":{\"@type\":\"ImageObject\",\"inLanguage\":\"it-IT\",\"@id\":\"https:\\\/\\\/www.trustedtranslations.com\\\/it\\\/#\\\/schema\\\/logo\\\/image\\\/\",\"url\":\"https:\\\/\\\/static.trustedtranslations.com\\\/wp-content\\\/uploads\\\/2022\\\/01\\\/TT_logo_WSIColors-2.png\",\"contentUrl\":\"https:\\\/\\\/static.trustedtranslations.com\\\/wp-content\\\/uploads\\\/2022\\\/01\\\/TT_logo_WSIColors-2.png\",\"width\":500,\"height\":196,\"caption\":\"Trusted Translations\"},\"image\":{\"@id\":\"https:\\\/\\\/www.trustedtranslations.com\\\/it\\\/#\\\/schema\\\/logo\\\/image\\\/\"},\"sameAs\":[\"https:\\\/\\\/www.facebook.com\\\/Trusted.Translations\",\"https:\\\/\\\/x.com\\\/TrustedT9ns\",\"https:\\\/\\\/www.linkedin.com\\\/company\\\/trusted-translations\"]}]}<\/script>\n<!-- \/ Yoast SEO plugin. -->","yoast_head_json":{"title":"Traduzione multilingue: Trusted Translations","description":"Servizi di traduzione multilingue in oltre 140 lingue da parte di team di traduttori esperti ai migliori prezzi. Richiedi un preventivo o una consulenza gratuita.","robots":{"index":"index","follow":"follow","max-snippet":"max-snippet:-1","max-image-preview":"max-image-preview:large","max-video-preview":"max-video-preview:-1"},"canonical":"https:\/\/www.trustedtranslations.com\/it\/lingua\/multilingue","og_locale":"it_IT","og_type":"article","og_title":"Traduzione multilingue: Trusted Translations","og_description":"Servizi di traduzione multilingue in oltre 140 lingue da parte di team di traduttori esperti ai migliori prezzi. Richiedi un preventivo o una consulenza gratuita.","og_url":"https:\/\/www.trustedtranslations.com\/it\/lingua\/multilingue","og_site_name":"Trusted Translations, Inc.","article_publisher":"https:\/\/www.facebook.com\/Trusted.Translations","article_modified_time":"2024-11-06T19:11:50+00:00","og_image":[{"width":1038,"height":1038,"url":"https:\/\/static.trustedtranslations.com\/wp-content\/uploads\/2022\/03\/TT_NEW_FB-1.png","type":"image\/png"}],"twitter_card":"summary_large_image","twitter_site":"@TrustedT9ns","schema":{"@context":"https:\/\/schema.org","@graph":[{"@type":"WebPage","@id":"https:\/\/www.trustedtranslations.com\/it\/lingua\/multilingue","url":"https:\/\/www.trustedtranslations.com\/it\/lingua\/multilingue","name":"Traduzione multilingue: Trusted Translations","isPartOf":{"@id":"https:\/\/www.trustedtranslations.com\/it\/#website"},"primaryImageOfPage":{"@id":"https:\/\/www.trustedtranslations.com\/it\/lingua\/multilingue#primaryimage"},"image":{"@id":"https:\/\/www.trustedtranslations.com\/it\/lingua\/multilingue#primaryimage"},"thumbnailUrl":"https:\/\/www.trustedtranslations.com\/wp-content\/uploads\/2022\/03\/TT_NEW_FB-1.png","description":"Servizi di traduzione multilingue in oltre 140 lingue da parte di team di traduttori esperti ai migliori prezzi. Richiedi un preventivo o una consulenza gratuita.","breadcrumb":{"@id":"https:\/\/www.trustedtranslations.com\/it\/lingua\/multilingue#breadcrumb"},"inLanguage":"it-IT","potentialAction":[{"@type":"ReadAction","target":["https:\/\/www.trustedtranslations.com\/it\/lingua\/multilingue"]}]},{"@type":"ImageObject","inLanguage":"it-IT","@id":"https:\/\/www.trustedtranslations.com\/it\/lingua\/multilingue#primaryimage","url":"https:\/\/www.trustedtranslations.com\/wp-content\/uploads\/2022\/03\/TT_NEW_FB-1.png","contentUrl":"https:\/\/www.trustedtranslations.com\/wp-content\/uploads\/2022\/03\/TT_NEW_FB-1.png","width":1038,"height":1038,"caption":"TT NEW FB 1"},{"@type":"BreadcrumbList","@id":"https:\/\/www.trustedtranslations.com\/it\/lingua\/multilingue#breadcrumb","itemListElement":[{"@type":"ListItem","position":1,"name":"Home","item":"https:\/\/www.trustedtranslations.com\/it"},{"@type":"ListItem","position":2,"name":"Lingue","item":"https:\/\/www.trustedtranslations.com\/it\/lingua"},{"@type":"ListItem","position":3,"name":"Multilingue"}]},{"@type":"WebSite","@id":"https:\/\/www.trustedtranslations.com\/it\/#website","url":"https:\/\/www.trustedtranslations.com\/it\/","name":"Trusted Translations, Inc.","description":"Leader in translation and interpretation services.","publisher":{"@id":"https:\/\/www.trustedtranslations.com\/it\/#organization"},"alternateName":"Trusted Translations","potentialAction":[{"@type":"SearchAction","target":{"@type":"EntryPoint","urlTemplate":"https:\/\/www.trustedtranslations.com\/it\/?s={search_term_string}"},"query-input":{"@type":"PropertyValueSpecification","valueRequired":true,"valueName":"search_term_string"}}],"inLanguage":"it-IT"},{"@type":"Organization","@id":"https:\/\/www.trustedtranslations.com\/it\/#organization","name":"Trusted Translations","alternateName":"Trusted Translations, Inc.","url":"https:\/\/www.trustedtranslations.com\/it\/","logo":{"@type":"ImageObject","inLanguage":"it-IT","@id":"https:\/\/www.trustedtranslations.com\/it\/#\/schema\/logo\/image\/","url":"https:\/\/static.trustedtranslations.com\/wp-content\/uploads\/2022\/01\/TT_logo_WSIColors-2.png","contentUrl":"https:\/\/static.trustedtranslations.com\/wp-content\/uploads\/2022\/01\/TT_logo_WSIColors-2.png","width":500,"height":196,"caption":"Trusted Translations"},"image":{"@id":"https:\/\/www.trustedtranslations.com\/it\/#\/schema\/logo\/image\/"},"sameAs":["https:\/\/www.facebook.com\/Trusted.Translations","https:\/\/x.com\/TrustedT9ns","https:\/\/www.linkedin.com\/company\/trusted-translations"]}]}},"toolset-meta":{"dyk":{"mensaje-1":{"type":"textfield","raw":"Il 40% degli acquirenti non acquista un prodotto o un servizio a meno che non sia nella propria lingua."},"mensaje-2":{"type":"textfield","raw":"Con l\u2019aumento della popolarit\u00e0 dei podcast, \u00e8 aumentata anche la domanda di contenuti multilingue."},"mensaje-3":{"type":"textfield","raw":"Una traduzione di alta qualit\u00e0 garantisce l\u2019integrit\u00e0 del marchio quando si diventa globali."},"mensaje-4":{"type":"textfield","raw":"Circa il 74% degli utenti internet non \u00e8 di madrelingua inglese."},"mensaje-5":{"type":"textfield","raw":""},"mensaje-6":{"type":"textfield","raw":""}},"single-page-template-fields":{"imgs-temp":{"type":"image","raw":["https:\/\/static.trustedtranslations.com\/wp-content\/uploads\/2024\/06\/multilingual-1.webp","https:\/\/static.trustedtranslations.com\/wp-content\/uploads\/2024\/06\/multilingual-2-1.webp","https:\/\/static.trustedtranslations.com\/wp-content\/uploads\/2024\/06\/multilingual-3-1.webp","https:\/\/static.trustedtranslations.com\/wp-content\/uploads\/2024\/06\/multilingual-4-1.webp"],"repeatable":[{"raw":"https:\/\/static.trustedtranslations.com\/wp-content\/uploads\/2024\/06\/multilingual-1.webp"},{"raw":"https:\/\/static.trustedtranslations.com\/wp-content\/uploads\/2024\/06\/multilingual-2-1.webp"},{"raw":"https:\/\/static.trustedtranslations.com\/wp-content\/uploads\/2024\/06\/multilingual-3-1.webp"},{"raw":"https:\/\/static.trustedtranslations.com\/wp-content\/uploads\/2024\/06\/multilingual-4-1.webp"}]},"imgs-temp-cel":{"type":"image","raw":[""],"repeatable":[{"raw":""}]},"img-temp-one-cel":{"type":"image","raw":"https:\/\/static.trustedtranslations.com\/wp-content\/uploads\/2024\/06\/AdobeStock_284692807-3-1.jpg","attachment_id":null},"quotes":{"type":"textarea","raw":"<h1 style=\"margin-bottom: 12px;\">Servizi di traduzione multilingue<\/h1>Trusted Translations, leader riconosciuto nei servizi di traduzione multilingue, ha soddisfatto le esigenze di traduzione delle principali organizzazioni internazionali in oltre 140 lingue. I nostri team di esperti forniscono l\u2019intera gamma di servizi di traduzione multilingue, tra cui traduzione di documenti, localizzazione di siti web, localizzazione e globalizzazione di software, doppiaggio e sottotitoli e altro ancora.<div style=\"margin-top: 2.5vw;\"><a class=\"tt-btn-main-cta\" href=\"\/it\/quote\">RICHIEDI UN PREVENTIVO GRATUITO<\/a><\/div>"},"text-1":{"type":"textarea","raw":"<h2 style=\"margin-bottom:20px\">Competenza comprovata<\/h2>\r\nOrganizzazioni di fama mondiale, come le Nazioni Unite e la NASA, si rivolgono a <em>Trusted Translations<\/em> per la nostra capacit\u00e0 di tradurre da e verso molteplici lingue. Anche numerose multinazionali si affidano a <em>Trusted Translations<\/em> per le loro complesse traduzioni multilingue e tra i nostri clienti figurano Sony, Kyocera Mita, General Electric, Goodman Global, Kraft Foods Global, Toyota, State Farm, Delta Airlines, Coca-Cola, Citigroup e altri ancora.\r\n<h2 style=\"margin-bottom:20px\">Qualit\u00e0 di cui vi potete fidare<\/h2>\r\nPer ogni progetto di traduzione multilingue utilizziamo solo traduttori esperti con conoscenze specialistiche nell\u2019argomento in questione. Utilizziamo anche la nostra esclusiva procedura di tripla verifica, che richiede che ogni traduzione venga rivista da tre esperti diversi. Il prodotto finale viene quindi esaminato da un content manager, che si assicura che le informazioni non solo siano tradotte accuratamente, ma anche che contengano la terminologia e la nomenclatura specifiche del settore. Aderiamo ai pi\u00f9 elevati standard del settore, inclusi quelli delineati dalla norma ISO 9001:2000.\r\n<h2 style=\"margin-bottom:20px\">Prezzi altamente competitivi<\/h2>\r\nLa nostra missione \u00e8 fornire traduzioni multilingue della massima qualit\u00e0 ai prezzi pi\u00f9 competitivi del settore. Disporre di una soluzione unica per le vostre esigenze di traduzione non solo vi far\u00e0 risparmiare tempo, ma pu\u00f2 anche far risparmiare denaro alla vostra azienda.\r\n\r\nAd esempio, a differenza di molti dei nostri concorrenti, non addebitiamo \u201ccommissioni di gestione del progetto\u201d per i contratti multilingue; questo pu\u00f2 farvi risparmiare oltre il 15% sull\u2019importo totale del progetto. Inoltre, grazie al nostro utilizzo efficiente delle risorse interne e alle operazioni semplificate, le nostre tariffe risultano inferiori del 25-50% rispetto a quelle dei nostri concorrenti. Possiamo aiutarvi a superare le barriera linguistiche, trasmettere il vostro messaggio e semplificare la comunicazione senza spendere una fortuna."},"shortcode-map":{"type":"textfield","raw":""},"dyk-shortcode":{"type":"textfield","raw":"[elementor-template id=\"146751\"]"},"text-2":{"type":"textarea","raw":"<h2 style=\"margin-bottom:20px\">Traduzione da e verso qualsiasi lingua<\/h2>\r\nDi seguito \u00e8 riportato un elenco di alcune delle lingue con cui lavoriamo regolarmente:\r\n<ul>\r\n \t<li>\r\n<h3>le 20 lingue pi\u00f9 parlate al mondo<\/h3>\r\n<\/li>\r\n<\/ul>\r\n<em><a href=\"https:\/\/www.trustedtranslations.com\/it\/lingua\/cinese\">Mandarino<\/a>, <a href=\"https:\/\/www.trustedtranslations.com\/it\/lingua\/inglese\">Inglese<\/a>, <a href=\"https:\/\/www.trustedtranslations.com\/it\/lingua\/spagnolo\">Spagnolo<\/a>, <a href=\"https:\/\/www.trustedtranslations.com\/it\/lingua\/hindi\">Indostano<\/a>, <a href=\"https:\/\/www.trustedtranslations.com\/it\/lingua\/arabo\">Arabo<\/a>, <a href=\"https:\/\/www.trustedtranslations.com\/it\/lingua\/portoghese\">Portoghese<\/a>, <a href=\"https:\/\/www.trustedtranslations.com\/it\/lingua\/bengalese\">Bengalese<\/a>, <a href=\"https:\/\/www.trustedtranslations.com\/it\/lingua\/russo\">Russo<\/a>, <a href=\"https:\/\/www.trustedtranslations.com\/it\/lingua\/giapponese\">Giapponese<\/a>, <a href=\"https:\/\/www.trustedtranslations.com\/it\/lingua\/tedesco\">Tedesco<\/a>, Punjabi, <a href=\"https:\/\/www.trustedtranslations.com\/it\/lingua\/francese\">Francese<\/a>, Wu, Giavanese, Telugu, <a href=\"https:\/\/www.trustedtranslations.com\/it\/lingua\/marathi\">Marathi<\/a>, <a href=\"https:\/\/www.trustedtranslations.com\/it\/lingua\/vietnamita\">Vietnamita<\/a>, <a href=\"https:\/\/www.trustedtranslations.com\/it\/lingua\/coreano\">Coreano<\/a>, Tamil, <a href=\"https:\/\/www.trustedtranslations.com\/it\/lingua\/italiano\">Italiano<\/a>.<\/em>\r\n<ul>\r\n \t<li>\r\n<h3>da 10 a 60 milioni di madrelingua<\/h3>\r\n<\/li>\r\n<\/ul>\r\n<em>cantonese, sindhi, turco, min, gujarati, maithili, polacco, ucraino, persiano, malayalam, kannada, tamazight (berbero), oriya, azero, hakka, bhojpuri, birmano, gan, tailandese, sudanese, rumeno, haussa, pashtu, serbo-croato, uzbeco, olandese, yoruba, amarico, oromo, indonesiano, filippino, curdo, somalo, laotiano, cebuano, greco, malese, igbo, malgascio, nepalese, assamese, shona, khmer, zhuang, madurese, ungherese, singalese, fula, ceco;<\/em>\r\n<ul>\r\n \t<li>\r\n<h3>da 2 a 10 milioni di madrelingua<\/h3>\r\n<\/li>\r\n<\/ul>\r\n<em>zulu, quechua, kazako, tibetano, tajik, chichewa (nyanja), creolo haitiano, bielorusso, lombardo, ebraico, svedese, kongo, akan, albanese, hmong, yi, tshiluba, ilokano, uiguro, napoletano, bulgaro, kinyarwanda, xhosa, balochi, hiligaynon, tigrinya, catalano, armeno, minangkabau, turkmeno, makhuwa, santali, batak, afrikaans, mongolo, bhili, danese, finlandese, tataro, gikuyu, slovacco, lingua more, swahili, quechua meridionale, guarani, kirundi, lingua sotho del sud, lingua romani, norvegese, pahari-potwari, tibetano, tswana, kanuri, kashmir, bikol, georgiano, qusqu-qullaw, umbundu, konkani, balinese, sotho del nord (sepedi), luyia, wolof, bemba, buginese, luo (dholuo), maninka, mazanderani, gilaki, shan, tsonga, galiziano, sukuma, yiddish, creolo giamaicano, piemontese, kirghiso, waray-waray, ewe, quechua boliviano, lituano, luganda, lusoga, acehnese, kimbundu, hindko, efik, rajbangsi, garhwali, bambara, ometo, lingua dei segni indiana, lingua batava, karen, gondi, senoufo, kalenjin, kumauni, kamba, luri, lingua k'iche', kapampangan, aymara centrale, tiv, brahui, gbaya, zarma, baoul\u00e9, dogri, lingala, sasak, kurux, mundari, dinka, sloveno, macedone, buyei, beti-pahuin;<\/em>\r\n<ul>\r\n \t<li>\r\n<h3>da 1 a 2 milioni di madrelingua<\/h3>\r\n<\/li>\r\n<\/ul>\r\n<em>zazaki, occitano, tulu, ligure, sidamo, bashkiro, yao, chuvash, ijaw (izon), fon, siswati, irlandese, lettone, nyankore, makasar, gusii, khandesi, ndebele, chin, romani vlax, sara, pangasinan, tonga, lampung, sardo, scozzese, dong, mende, t\u00e0y, nahuatl, afar, dagbani, koli, chiga, ceceno, tumbuka, iu mien, meru, gogo, teso, meithei, tamang, makonde, bai, tuareg, mandinka, lingua dioula, temne, haya, serer, beja, nyamwezi, abron, alur, sena, azande, walloon, anyi, malvi, kinaray-a, soninke, ho, estone, nyakyusa, gwari, lugbara, basco, naga, susu, tausug, chokwe, lingua cabarda, lingue ryukyuane, maguindanao, maranao, lingua quechua\u00a0ancashina, gallese, songe, rejang, bini, ebira, dagaare, gujari, tharu, venda, arakanese.<\/em>"},"state":{"type":"textfield","raw":""},"city":{"type":"textarea","raw":[]}}},"_links":{"self":[{"href":"https:\/\/www.trustedtranslations.com\/it\/wp-json\/wp\/v2\/pages\/123292","targetHints":{"allow":["GET"]}}],"collection":[{"href":"https:\/\/www.trustedtranslations.com\/it\/wp-json\/wp\/v2\/pages"}],"about":[{"href":"https:\/\/www.trustedtranslations.com\/it\/wp-json\/wp\/v2\/types\/page"}],"author":[{"embeddable":true,"href":"https:\/\/www.trustedtranslations.com\/it\/wp-json\/wp\/v2\/users\/1"}],"replies":[{"embeddable":true,"href":"https:\/\/www.trustedtranslations.com\/it\/wp-json\/wp\/v2\/comments?post=123292"}],"version-history":[{"count":0,"href":"https:\/\/www.trustedtranslations.com\/it\/wp-json\/wp\/v2\/pages\/123292\/revisions"}],"up":[{"embeddable":true,"href":"https:\/\/www.trustedtranslations.com\/it\/wp-json\/wp\/v2\/pages\/123365"}],"wp:featuredmedia":[{"embeddable":true,"href":"https:\/\/www.trustedtranslations.com\/it\/wp-json\/wp\/v2\/media\/139629"}],"wp:attachment":[{"href":"https:\/\/www.trustedtranslations.com\/it\/wp-json\/wp\/v2\/media?parent=123292"}],"curies":[{"name":"wp","href":"https:\/\/api.w.org\/{rel}","templated":true}]}}