{"id":123299,"date":"2019-10-30T15:31:48","date_gmt":"2019-10-30T15:31:48","guid":{"rendered":"https:\/\/www.trustedtranslations.com\/?page_id=123299"},"modified":"2024-09-03T11:35:54","modified_gmt":"2024-09-03T14:35:54","slug":"automatica","status":"publish","type":"page","link":"https:\/\/www.trustedtranslations.com\/it\/servizi\/automatica","title":{"rendered":"Traduzione automatica"},"content":{"rendered":"","protected":false},"excerpt":{"rendered":"","protected":false},"author":1,"featured_media":177437,"parent":123364,"menu_order":0,"comment_status":"closed","ping_status":"closed","template":"","meta":{"site-sidebar-layout":"default","site-content-layout":"default","ast-site-content-layout":"default","site-content-style":"default","site-sidebar-style":"default","ast-global-header-display":"","ast-banner-title-visibility":"","ast-main-header-display":"","ast-hfb-above-header-display":"","ast-hfb-below-header-display":"","ast-hfb-mobile-header-display":"","site-post-title":"disabled","ast-breadcrumbs-content":"","ast-featured-img":"","footer-sml-layout":"","ast-disable-related-posts":"","theme-transparent-header-meta":"default","adv-header-id-meta":"","stick-header-meta":"","header-above-stick-meta":"","header-main-stick-meta":"","header-below-stick-meta":"","astra-migrate-meta-layouts":"set","ast-page-background-enabled":"default","ast-page-background-meta":{"desktop":{"background-color":"var(--ast-global-color-4)","background-image":"","background-repeat":"repeat","background-position":"center center","background-size":"auto","background-attachment":"scroll","background-type":"","background-media":"","overlay-type":"","overlay-color":"","overlay-opacity":"","overlay-gradient":""},"tablet":{"background-color":"","background-image":"","background-repeat":"repeat","background-position":"center center","background-size":"auto","background-attachment":"scroll","background-type":"","background-media":"","overlay-type":"","overlay-color":"","overlay-opacity":"","overlay-gradient":""},"mobile":{"background-color":"","background-image":"","background-repeat":"repeat","background-position":"center center","background-size":"auto","background-attachment":"scroll","background-type":"","background-media":"","overlay-type":"","overlay-color":"","overlay-opacity":"","overlay-gradient":""}},"ast-content-background-meta":{"desktop":{"background-color":"var(--ast-global-color-5)","background-image":"","background-repeat":"repeat","background-position":"center center","background-size":"auto","background-attachment":"scroll","background-type":"","background-media":"","overlay-type":"","overlay-color":"","overlay-opacity":"","overlay-gradient":""},"tablet":{"background-color":"var(--ast-global-color-5)","background-image":"","background-repeat":"repeat","background-position":"center center","background-size":"auto","background-attachment":"scroll","background-type":"","background-media":"","overlay-type":"","overlay-color":"","overlay-opacity":"","overlay-gradient":""},"mobile":{"background-color":"var(--ast-global-color-5)","background-image":"","background-repeat":"repeat","background-position":"center center","background-size":"auto","background-attachment":"scroll","background-type":"","background-media":"","overlay-type":"","overlay-color":"","overlay-opacity":"","overlay-gradient":""}},"footnotes":""},"class_list":["post-123299","page","type-page","status-publish","has-post-thumbnail","hentry"],"yoast_head":"<!-- This site is optimized with the Yoast SEO plugin v27.5 - https:\/\/yoast.com\/product\/yoast-seo-wordpress\/ -->\n<title>Servizi di traduzione automatica - Trusted Translations - Richiedi un preventivo gratuito ora.<\/title>\n<meta name=\"description\" content=\"Trusted Translations fornisce due diversi tipi di soluzioni per la traduzione automatica: Motori di traduzione automatica generali (GMTE) e Motori di traduzione automatica personalizzati (CMTE).\" \/>\n<meta name=\"robots\" content=\"index, follow, max-snippet:-1, max-image-preview:large, max-video-preview:-1\" \/>\n<link rel=\"canonical\" href=\"https:\/\/www.trustedtranslations.com\/it\/servizi\/automatica\" \/>\n<meta property=\"og:locale\" content=\"it_IT\" \/>\n<meta property=\"og:type\" content=\"article\" \/>\n<meta property=\"og:title\" content=\"Servizi di traduzione automatica - Trusted Translations - Richiedi un preventivo gratuito ora.\" \/>\n<meta property=\"og:description\" content=\"Trusted Translations fornisce due diversi tipi di soluzioni per la traduzione automatica: Motori di traduzione automatica generali (GMTE) e Motori di traduzione automatica personalizzati (CMTE).\" \/>\n<meta property=\"og:url\" content=\"https:\/\/www.trustedtranslations.com\/it\/servizi\/automatica\" \/>\n<meta property=\"og:site_name\" content=\"Trusted Translations, Inc.\" \/>\n<meta property=\"article:publisher\" content=\"https:\/\/www.facebook.com\/Trusted.Translations\" \/>\n<meta property=\"article:modified_time\" content=\"2024-09-03T14:35:54+00:00\" \/>\n<meta property=\"og:image\" content=\"https:\/\/www.trustedtranslations.com\/wp-content\/uploads\/2022\/06\/tt-logo-2-1.webp\" \/>\n\t<meta property=\"og:image:width\" content=\"216\" \/>\n\t<meta property=\"og:image:height\" content=\"94\" \/>\n\t<meta property=\"og:image:type\" content=\"image\/webp\" \/>\n<meta name=\"twitter:card\" content=\"summary_large_image\" \/>\n<meta name=\"twitter:site\" content=\"@TrustedT9ns\" \/>\n<script type=\"application\/ld+json\" class=\"yoast-schema-graph\">{\"@context\":\"https:\\\/\\\/schema.org\",\"@graph\":[{\"@type\":\"WebPage\",\"@id\":\"https:\\\/\\\/www.trustedtranslations.com\\\/it\\\/servizi\\\/automatica\",\"url\":\"https:\\\/\\\/www.trustedtranslations.com\\\/it\\\/servizi\\\/automatica\",\"name\":\"Servizi di traduzione automatica - Trusted Translations - Richiedi un preventivo gratuito ora.\",\"isPartOf\":{\"@id\":\"https:\\\/\\\/www.trustedtranslations.com\\\/it\\\/#website\"},\"primaryImageOfPage\":{\"@id\":\"https:\\\/\\\/www.trustedtranslations.com\\\/it\\\/servizi\\\/automatica#primaryimage\"},\"image\":{\"@id\":\"https:\\\/\\\/www.trustedtranslations.com\\\/it\\\/servizi\\\/automatica#primaryimage\"},\"thumbnailUrl\":\"\",\"description\":\"Trusted Translations fornisce due diversi tipi di soluzioni per la traduzione automatica: Motori di traduzione automatica generali (GMTE) e Motori di traduzione automatica personalizzati (CMTE).\",\"breadcrumb\":{\"@id\":\"https:\\\/\\\/www.trustedtranslations.com\\\/it\\\/servizi\\\/automatica#breadcrumb\"},\"inLanguage\":\"it-IT\",\"potentialAction\":[{\"@type\":\"ReadAction\",\"target\":[\"https:\\\/\\\/www.trustedtranslations.com\\\/it\\\/servizi\\\/automatica\"]}]},{\"@type\":\"ImageObject\",\"inLanguage\":\"it-IT\",\"@id\":\"https:\\\/\\\/www.trustedtranslations.com\\\/it\\\/servizi\\\/automatica#primaryimage\",\"url\":\"\",\"contentUrl\":\"\"},{\"@type\":\"BreadcrumbList\",\"@id\":\"https:\\\/\\\/www.trustedtranslations.com\\\/it\\\/servizi\\\/automatica#breadcrumb\",\"itemListElement\":[{\"@type\":\"ListItem\",\"position\":1,\"name\":\"Home\",\"item\":\"https:\\\/\\\/www.trustedtranslations.com\\\/it\"},{\"@type\":\"ListItem\",\"position\":2,\"name\":\"Servizi\",\"item\":\"https:\\\/\\\/www.trustedtranslations.com\\\/it\\\/servizi\"},{\"@type\":\"ListItem\",\"position\":3,\"name\":\"Traduzione automatica\"}]},{\"@type\":\"WebSite\",\"@id\":\"https:\\\/\\\/www.trustedtranslations.com\\\/it\\\/#website\",\"url\":\"https:\\\/\\\/www.trustedtranslations.com\\\/it\\\/\",\"name\":\"Trusted Translations, Inc.\",\"description\":\"Leader in translation and interpretation services.\",\"publisher\":{\"@id\":\"https:\\\/\\\/www.trustedtranslations.com\\\/it\\\/#organization\"},\"alternateName\":\"Trusted Translations\",\"potentialAction\":[{\"@type\":\"SearchAction\",\"target\":{\"@type\":\"EntryPoint\",\"urlTemplate\":\"https:\\\/\\\/www.trustedtranslations.com\\\/it\\\/?s={search_term_string}\"},\"query-input\":{\"@type\":\"PropertyValueSpecification\",\"valueRequired\":true,\"valueName\":\"search_term_string\"}}],\"inLanguage\":\"it-IT\"},{\"@type\":\"Organization\",\"@id\":\"https:\\\/\\\/www.trustedtranslations.com\\\/it\\\/#organization\",\"name\":\"Trusted Translations\",\"alternateName\":\"Trusted Translations, Inc.\",\"url\":\"https:\\\/\\\/www.trustedtranslations.com\\\/it\\\/\",\"logo\":{\"@type\":\"ImageObject\",\"inLanguage\":\"it-IT\",\"@id\":\"https:\\\/\\\/www.trustedtranslations.com\\\/it\\\/#\\\/schema\\\/logo\\\/image\\\/\",\"url\":\"https:\\\/\\\/static.trustedtranslations.com\\\/wp-content\\\/uploads\\\/2022\\\/01\\\/TT_logo_WSIColors-2.png\",\"contentUrl\":\"https:\\\/\\\/static.trustedtranslations.com\\\/wp-content\\\/uploads\\\/2022\\\/01\\\/TT_logo_WSIColors-2.png\",\"width\":500,\"height\":196,\"caption\":\"Trusted Translations\"},\"image\":{\"@id\":\"https:\\\/\\\/www.trustedtranslations.com\\\/it\\\/#\\\/schema\\\/logo\\\/image\\\/\"},\"sameAs\":[\"https:\\\/\\\/www.facebook.com\\\/Trusted.Translations\",\"https:\\\/\\\/x.com\\\/TrustedT9ns\",\"https:\\\/\\\/www.linkedin.com\\\/company\\\/trusted-translations\"]}]}<\/script>\n<!-- \/ Yoast SEO plugin. -->","yoast_head_json":{"title":"Servizi di traduzione automatica - Trusted Translations - Richiedi un preventivo gratuito ora.","description":"Trusted Translations fornisce due diversi tipi di soluzioni per la traduzione automatica: Motori di traduzione automatica generali (GMTE) e Motori di traduzione automatica personalizzati (CMTE).","robots":{"index":"index","follow":"follow","max-snippet":"max-snippet:-1","max-image-preview":"max-image-preview:large","max-video-preview":"max-video-preview:-1"},"canonical":"https:\/\/www.trustedtranslations.com\/it\/servizi\/automatica","og_locale":"it_IT","og_type":"article","og_title":"Servizi di traduzione automatica - Trusted Translations - Richiedi un preventivo gratuito ora.","og_description":"Trusted Translations fornisce due diversi tipi di soluzioni per la traduzione automatica: Motori di traduzione automatica generali (GMTE) e Motori di traduzione automatica personalizzati (CMTE).","og_url":"https:\/\/www.trustedtranslations.com\/it\/servizi\/automatica","og_site_name":"Trusted Translations, Inc.","article_publisher":"https:\/\/www.facebook.com\/Trusted.Translations","article_modified_time":"2024-09-03T14:35:54+00:00","og_image":[{"width":216,"height":94,"url":"https:\/\/www.trustedtranslations.com\/wp-content\/uploads\/2022\/06\/tt-logo-2-1.webp","type":"image\/webp"}],"twitter_card":"summary_large_image","twitter_site":"@TrustedT9ns","schema":{"@context":"https:\/\/schema.org","@graph":[{"@type":"WebPage","@id":"https:\/\/www.trustedtranslations.com\/it\/servizi\/automatica","url":"https:\/\/www.trustedtranslations.com\/it\/servizi\/automatica","name":"Servizi di traduzione automatica - Trusted Translations - Richiedi un preventivo gratuito ora.","isPartOf":{"@id":"https:\/\/www.trustedtranslations.com\/it\/#website"},"primaryImageOfPage":{"@id":"https:\/\/www.trustedtranslations.com\/it\/servizi\/automatica#primaryimage"},"image":{"@id":"https:\/\/www.trustedtranslations.com\/it\/servizi\/automatica#primaryimage"},"thumbnailUrl":"","description":"Trusted Translations fornisce due diversi tipi di soluzioni per la traduzione automatica: Motori di traduzione automatica generali (GMTE) e Motori di traduzione automatica personalizzati (CMTE).","breadcrumb":{"@id":"https:\/\/www.trustedtranslations.com\/it\/servizi\/automatica#breadcrumb"},"inLanguage":"it-IT","potentialAction":[{"@type":"ReadAction","target":["https:\/\/www.trustedtranslations.com\/it\/servizi\/automatica"]}]},{"@type":"ImageObject","inLanguage":"it-IT","@id":"https:\/\/www.trustedtranslations.com\/it\/servizi\/automatica#primaryimage","url":"","contentUrl":""},{"@type":"BreadcrumbList","@id":"https:\/\/www.trustedtranslations.com\/it\/servizi\/automatica#breadcrumb","itemListElement":[{"@type":"ListItem","position":1,"name":"Home","item":"https:\/\/www.trustedtranslations.com\/it"},{"@type":"ListItem","position":2,"name":"Servizi","item":"https:\/\/www.trustedtranslations.com\/it\/servizi"},{"@type":"ListItem","position":3,"name":"Traduzione automatica"}]},{"@type":"WebSite","@id":"https:\/\/www.trustedtranslations.com\/it\/#website","url":"https:\/\/www.trustedtranslations.com\/it\/","name":"Trusted Translations, Inc.","description":"Leader in translation and interpretation services.","publisher":{"@id":"https:\/\/www.trustedtranslations.com\/it\/#organization"},"alternateName":"Trusted Translations","potentialAction":[{"@type":"SearchAction","target":{"@type":"EntryPoint","urlTemplate":"https:\/\/www.trustedtranslations.com\/it\/?s={search_term_string}"},"query-input":{"@type":"PropertyValueSpecification","valueRequired":true,"valueName":"search_term_string"}}],"inLanguage":"it-IT"},{"@type":"Organization","@id":"https:\/\/www.trustedtranslations.com\/it\/#organization","name":"Trusted Translations","alternateName":"Trusted Translations, Inc.","url":"https:\/\/www.trustedtranslations.com\/it\/","logo":{"@type":"ImageObject","inLanguage":"it-IT","@id":"https:\/\/www.trustedtranslations.com\/it\/#\/schema\/logo\/image\/","url":"https:\/\/static.trustedtranslations.com\/wp-content\/uploads\/2022\/01\/TT_logo_WSIColors-2.png","contentUrl":"https:\/\/static.trustedtranslations.com\/wp-content\/uploads\/2022\/01\/TT_logo_WSIColors-2.png","width":500,"height":196,"caption":"Trusted Translations"},"image":{"@id":"https:\/\/www.trustedtranslations.com\/it\/#\/schema\/logo\/image\/"},"sameAs":["https:\/\/www.facebook.com\/Trusted.Translations","https:\/\/x.com\/TrustedT9ns","https:\/\/www.linkedin.com\/company\/trusted-translations"]}]}},"toolset-meta":{"dyk":{"mensaje-1":{"type":"textfield","raw":"La traduzione automatica \u00e8 diffusa in settori come quello automobilistico, elettronico e sanitario."},"mensaje-2":{"type":"textfield","raw":"Trusted Translations offre soluzioni di traduzione automatica generiche e personalizzate."},"mensaje-3":{"type":"textfield","raw":"Le prime origini della traduzione automatica risalgono alla crittografia araba del IX secolo."},"mensaje-4":{"type":"textfield","raw":"Il contenuto tecnico \u00e8 il tipo pi\u00f9 comune di contenuto tradotto utilizzando le MT."},"mensaje-5":{"type":"textfield","raw":""},"mensaje-6":{"type":"textfield","raw":""}},"single-page-template-fields":{"imgs-temp":{"type":"image","raw":["https:\/\/static.trustedtranslations.com\/wp-content\/uploads\/2024\/01\/Group-79-3-2.webp","https:\/\/static.trustedtranslations.com\/wp-content\/uploads\/2024\/04\/machine-translation-1.webp"],"repeatable":[{"raw":"https:\/\/static.trustedtranslations.com\/wp-content\/uploads\/2024\/01\/Group-79-3-2.webp"},{"raw":"https:\/\/static.trustedtranslations.com\/wp-content\/uploads\/2024\/04\/machine-translation-1.webp"}]},"imgs-temp-cel":{"type":"image","raw":[""],"repeatable":[{"raw":""}]},"img-temp-one-cel":{"type":"image","raw":"https:\/\/static.trustedtranslations.com\/wp-content\/uploads\/2024\/01\/AdobeStock_408659909-1-1.webp","attachment_id":null},"quotes":{"type":"textarea","raw":"<h1 style=\"margin-bottom: 12px;\">Servizi di traduzione automatica<\/h1>La traduzione automatica (MT) implica l\u2019utilizzo di computer e programmi software per generare output tradotto. Questa tecnologia si \u00e8 evoluta al punto che, nelle giuste condizioni, pu\u00f2 costituire una risorsa preziosa e uno strumento potente.<div style=\"margin-top: 2.5vw;\"><a class=\"tt-btn-main-cta\" href=\"\/it\/quote\">RICHIEDI UN PREVENTIVO GRATUITO<\/a><\/div>"},"text-1":{"type":"textarea","raw":"<h2 style=\"margin-top: -10px; padding-bottom: 10px\">Servizi di traduzione automatica<\/h2>Trusted Translations dispone di team specializzati dedicati all\u2019implementazione di diversi tipi di soluzioni di traduzione automatica. Disponiamo di team all\u2019avanguardia nelle nuove tecnologie, che capiscono esattamente come integrare le soluzioni di traduzione automatica con altri strumenti di traduzione oltre che con il lavoro umano, combinandoli nel modo giusto per sfruttare la velocit\u00e0, la sicurezza e l\u2019accuratezza della macchina con l\u2019esperienza umana nel post-editing e nella revisione. Comprendendo a fondo i vantaggi e i limiti della pi\u00f9 recente tecnologia di traduzione automatica, possiamo determinare in che modo quest\u2019ultima possa essere utilizzata in modo efficace in quasi tutti gli scenari di traduzione. I nostri esperti agiscono come consulenti per valutare se una soluzione MT \u00e8 adatta a un particolare cliente, dominio e ambito di progetto. Dopo alcuni passaggi di test di esempio e dopo che sia il cliente che i nostri esperti hanno determinato la soluzione e l\u2019architettura MT giuste, i nostri team inizieranno a lavorare per implementare il flusso di lavoro e la tecnologia pi\u00f9 adatti. Questo sforzo iniziale vale l\u2019investimento, perch\u00e9 garantir\u00e0 un eccellente ROI per i nostri clienti, producendo al contempo la massima qualit\u00e0 dei risultati, adattata alle esigenze dell\u2019utente finale. Per i clienti importanti che necessitano di elaborare frequentemente contenuti dai volumi elevati, i nostri team analizzeranno ulteriormente tutte le fasi per implementare la migliore offerta di servizi MT. Ci\u00f2 include un\u2019analisi a medio e lungo termine per garantire che gli obiettivi del cliente siano raggiunti in ogni fase. In altre parole, fasi diverse possono richiedere un diverso insieme di strumenti per raggiungere il livello ottimale di coerenza e affidabilit\u00e0.\r\n<h2 style=\"margin-top: -10px; padding-bottom: 10px\">Traduzione automatica neurale<\/h2>L\u2019evoluzione della MT ha coinvolto due tecnologie molto distintive: la MT basata su regole e quella statistica. Gli sviluppi della MT hanno seguito un percorso logico. All\u2019inizio, gli esperti della nascente scienza della linguistica computazionale consideravano le regole grammaticali la base per lavorare con i corpora. Alcuni anni dopo, statistiche e modelli statistici iniziarono a integrarsi nel processo. Successivamente si \u00e8 arrivati alla fusione di entrambi i concetti in modelli ibridi (basati su regole e statistici). La legge dei rendimenti decrescenti in vigore ha cominciato a riflettersi in piccoli miglioramenti incrementali, tuttavia molti non sono rimasti convinti della produzione ottenuta.\r\n\r\nProprio quando molti dei primi utenti di MT stavano iniziando a perdere fiducia, si \u00e8 verificato un salto di qualit\u00e0 grazie all\u2019applicazione dei concetti di rete neurale e all\u2019elaborazione del linguaggio naturale. La Neural Machine Translation (NMT) ha fatto il suo ingresso alla grande nel mercato. La NMT ha mostrato un vantaggio competitivo dimostrando che tutte le combinazioni linguistiche funzionavano molto meglio rispetto alle vecchie tecnologie. Un altro vantaggio straordinario \u00e8 stato eliminare la resistenza che impediva l\u2019adozione della traduzione automatica da parte di tutti gli attori, nel complesso ottenendo un passaggio psicologico grazie a questa nuova tecnologia. Gli utenti hanno iniziato ad apprezzare la fruibilit\u00e0 di questa soluzione pi\u00f9 rapida ed economica. I clienti che acquistavano servizi di traduzione hanno iniziato a sfidare i propri fornitori con un\u2019affermazione incredibile: \u201cLa traduzione automatica mi sta fornendo qualit\u00e0 pari o addirittura migliore di quella che avete fornito.\u201d Nel frattempo, i linguisti hanno iniziato a lodare gli output della macchina ricevuti per l\u2019elaborazione dai project manager."},"shortcode-map":{"type":"textfield","raw":""},"dyk-shortcode":{"type":"textfield","raw":"[elementor-template id=\"146751\"]"},"text-2":{"type":"textarea","raw":"<h2 style=\"padding-bottom: 10px\">Motori di traduzione automatica di Trusted Translations<\/h2>Le traduzioni automatiche si basano su testo precedentemente tradotto, comunemente indicato come corpora testuale bilingue. Per le tecnologie precedenti, un corpora sufficientemente grande ha aiutato a costruire un motore di traduzione automatica che poteva essere utilizzato con una precisione impressionante. Con l\u2019avvento della NMT i corpora di alta qualit\u00e0 sono ci\u00f2 che conta davvero. Non sono pi\u00f9 necessari grandi volumi di unit\u00e0 di traduzione, in quanto questi non sono pi\u00f9 gli effettivi differenziatori degli algoritmi. In sintesi, la democratizzazione della MT \u00e8 giunta per restare.\r\n\r\nTrusted Translations \u00e8 in grado di offrire un motore personalizzato basato su Neural MT nel caso in cui una Neural MT di dominio generale non soddisfi le vostre esigenze. I nostri esperti vi aiuteranno in primo luogo a determinare se una soluzione MT \u00e8 un percorso praticabile per soddisfare le vostre esigenze. Successivamente, vi aiuteremo a definire quale dei due principali tipi di motore si adatta meglio alla vostra strategia di globalizzazione: una soluzione di traduzione automatica neurale di dominio generale basata sull\u2019utilizzo di un motore di traduzione automatica generale (GNMTE) o una soluzione di traduzione automatica personalizzata basata su un motore di traduzione automatica personalizzato (CNMTE). La principale differenza tra un GNMTE e un CNMTE \u00e8 che un GNMTE \u00e8 solitamente un motore \u201coff-the-shelf\u201d, senza personalizzazione per le esigenze di un cliente specifico. Al contrario, un CNMTE \u00e8 un motore personalizzato costruito su misura per un cliente specifico. Entrambe le opzioni possono essere integrate con post-editing umano e ulteriori passaggi di revisione per migliorare la qualit\u00e0. Inoltre, una soluzione di traduzione automatica personalizzata consente al motore stesso di diventare pi\u00f9 intelligente nel corso del tempo, in base alle esigenze e ai contenuti specifici del cliente. Le soluzioni generali di traduzione automatica possono normalmente essere in qualche modo migliorate per un cliente specifico integrandole con l\u2019utilizzo di un server di memoria di traduzione, ma mai allo stesso livello di quello ottenuto addestrando motori personalizzati.\r\n\r\nIn base ai vostri obiettivi determineremo l\u2019approccio migliore, creeremo un piano e implementeremo la soluzione MT appropriata per voi dalla A alla Z. Trusted Translations \u00e8 una delle poche aziende al mondo che comprende questa tecnologia e ha le conoscenze per implementare una soluzione che produce traduzioni automatiche di alta qualit\u00e0 che migliorano nel tempo grazie alla personalizzazione umana e al post-editing. Contattateci oggi stesso per una valutazione gratuita e per verificare se il vostro progetto \u00e8 adatto a una soluzione MT.\r\n<h2 style=\"padding-bottom: 10px\">Server di memoria di traduzione e motori MT di dominio generale<\/h2>Come accennato in precedenza, i server di memoria di traduzione combinati con i motori di MT neurale di dominio generale possono creare una soluzione pi\u00f9 semplice ed economica rispetto a una MT neurale personalizzata di alta qualit\u00e0. Ci\u00f2 si ottiene integrando un server di memoria di traduzione con la memoria di traduzione appropriata nel processo di traduzione. Con server di memoria di traduzione (Translation Memory Server \u2013 TMS) ci si riferisce a un server che memorizza le memorie di traduzione per l\u2019accesso da parte di altri traduttori. Il server ospita la memoria di traduzione in una posizione centralizzata, consentendo ai traduttori umani di accedere alle traduzioni precedenti e, in alcuni casi, concedendo loro la possibilit\u00e0 di modificare e migliorare la memoria di traduzione. Un TMS non deve essere confuso con un motore di traduzione automatica neurale di dominio generale (GNMTE). Si tratta di due strumenti separati che possono essere combinati o utilizzati separatamente. Poich\u00e9 i risultati dei GNMTE di per s\u00e9 non sono generalmente cos\u00ec affidabili per un argomento specifico (anche con l\u2019editing umano), spesso consigliamo di integrare un server di memoria di traduzione nel flusso di lavoro per migliorare la qualit\u00e0 del risultato. Trusted Translations dispone di uno dei team pi\u00f9 esperti del settore nell\u2019implementazione delle memorie di traduzione e nella gestione di server di memorie di traduzione come parte di una soluzione General-Domain Neural MT."},"state":{"type":"textfield","raw":""},"city":{"type":"textarea","raw":[]}}},"_links":{"self":[{"href":"https:\/\/www.trustedtranslations.com\/it\/wp-json\/wp\/v2\/pages\/123299","targetHints":{"allow":["GET"]}}],"collection":[{"href":"https:\/\/www.trustedtranslations.com\/it\/wp-json\/wp\/v2\/pages"}],"about":[{"href":"https:\/\/www.trustedtranslations.com\/it\/wp-json\/wp\/v2\/types\/page"}],"author":[{"embeddable":true,"href":"https:\/\/www.trustedtranslations.com\/it\/wp-json\/wp\/v2\/users\/1"}],"replies":[{"embeddable":true,"href":"https:\/\/www.trustedtranslations.com\/it\/wp-json\/wp\/v2\/comments?post=123299"}],"version-history":[{"count":0,"href":"https:\/\/www.trustedtranslations.com\/it\/wp-json\/wp\/v2\/pages\/123299\/revisions"}],"up":[{"embeddable":true,"href":"https:\/\/www.trustedtranslations.com\/it\/wp-json\/wp\/v2\/pages\/123364"}],"wp:featuredmedia":[{"embeddable":true,"href":"https:\/\/www.trustedtranslations.com\/it\/wp-json\/"}],"wp:attachment":[{"href":"https:\/\/www.trustedtranslations.com\/it\/wp-json\/wp\/v2\/media?parent=123299"}],"curies":[{"name":"wp","href":"https:\/\/api.w.org\/{rel}","templated":true}]}}