{"id":123300,"date":"2019-10-30T15:31:27","date_gmt":"2019-10-30T15:31:27","guid":{"rendered":"https:\/\/www.trustedtranslations.com\/?page_id=123300"},"modified":"2024-09-04T17:54:03","modified_gmt":"2024-09-04T20:54:03","slug":"localizzazione","status":"publish","type":"page","link":"https:\/\/www.trustedtranslations.com\/it\/servizi\/human\/localizzazione","title":{"rendered":"Localizzazione"},"content":{"rendered":"","protected":false},"excerpt":{"rendered":"","protected":false},"author":1,"featured_media":235761,"parent":123306,"menu_order":3,"comment_status":"closed","ping_status":"closed","template":"","meta":{"site-sidebar-layout":"default","site-content-layout":"default","ast-site-content-layout":"default","site-content-style":"default","site-sidebar-style":"default","ast-global-header-display":"","ast-banner-title-visibility":"","ast-main-header-display":"","ast-hfb-above-header-display":"","ast-hfb-below-header-display":"","ast-hfb-mobile-header-display":"","site-post-title":"disabled","ast-breadcrumbs-content":"","ast-featured-img":"","footer-sml-layout":"","ast-disable-related-posts":"","theme-transparent-header-meta":"default","adv-header-id-meta":"","stick-header-meta":"","header-above-stick-meta":"","header-main-stick-meta":"","header-below-stick-meta":"","astra-migrate-meta-layouts":"set","ast-page-background-enabled":"default","ast-page-background-meta":{"desktop":{"background-color":"var(--ast-global-color-4)","background-image":"","background-repeat":"repeat","background-position":"center center","background-size":"auto","background-attachment":"scroll","background-type":"","background-media":"","overlay-type":"","overlay-color":"","overlay-opacity":"","overlay-gradient":""},"tablet":{"background-color":"","background-image":"","background-repeat":"repeat","background-position":"center center","background-size":"auto","background-attachment":"scroll","background-type":"","background-media":"","overlay-type":"","overlay-color":"","overlay-opacity":"","overlay-gradient":""},"mobile":{"background-color":"","background-image":"","background-repeat":"repeat","background-position":"center center","background-size":"auto","background-attachment":"scroll","background-type":"","background-media":"","overlay-type":"","overlay-color":"","overlay-opacity":"","overlay-gradient":""}},"ast-content-background-meta":{"desktop":{"background-color":"var(--ast-global-color-5)","background-image":"","background-repeat":"repeat","background-position":"center center","background-size":"auto","background-attachment":"scroll","background-type":"","background-media":"","overlay-type":"","overlay-color":"","overlay-opacity":"","overlay-gradient":""},"tablet":{"background-color":"var(--ast-global-color-5)","background-image":"","background-repeat":"repeat","background-position":"center center","background-size":"auto","background-attachment":"scroll","background-type":"","background-media":"","overlay-type":"","overlay-color":"","overlay-opacity":"","overlay-gradient":""},"mobile":{"background-color":"var(--ast-global-color-5)","background-image":"","background-repeat":"repeat","background-position":"center center","background-size":"auto","background-attachment":"scroll","background-type":"","background-media":"","overlay-type":"","overlay-color":"","overlay-opacity":"","overlay-gradient":""}},"footnotes":""},"class_list":["post-123300","page","type-page","status-publish","has-post-thumbnail","hentry"],"yoast_head":"<!-- This site is optimized with the Yoast SEO plugin v27.6 - https:\/\/yoast.com\/product\/yoast-seo-wordpress\/ -->\n<title>Servizi di localizzazione - Trusted Translations, Inc.<\/title>\n<meta name=\"description\" content=\"Trusted Translations \u00e8 conosciuta nel settore come uno dei leader nella localizzazione di prodotti e contenuti. Richiedi un preventivo o una consulenza gratuita.\" \/>\n<meta name=\"robots\" content=\"index, follow, max-snippet:-1, max-image-preview:large, max-video-preview:-1\" \/>\n<link rel=\"canonical\" href=\"https:\/\/www.trustedtranslations.com\/it\/servizi\/human\/localizzazione\" \/>\n<meta property=\"og:locale\" content=\"it_IT\" \/>\n<meta property=\"og:type\" content=\"article\" \/>\n<meta property=\"og:title\" content=\"Servizi di localizzazione - Trusted Translations, Inc.\" \/>\n<meta property=\"og:description\" content=\"Trusted Translations \u00e8 conosciuta nel settore come uno dei leader nella localizzazione di prodotti e contenuti. Richiedi un preventivo o una consulenza gratuita.\" \/>\n<meta property=\"og:url\" content=\"https:\/\/www.trustedtranslations.com\/it\/servizi\/human\/localizzazione\" \/>\n<meta property=\"og:site_name\" content=\"Trusted Translations, Inc.\" \/>\n<meta property=\"article:publisher\" content=\"https:\/\/www.facebook.com\/Trusted.Translations\" \/>\n<meta property=\"article:modified_time\" content=\"2024-09-04T20:54:03+00:00\" \/>\n<meta property=\"og:image\" content=\"https:\/\/static.trustedtranslations.com\/wp-content\/uploads\/2024\/02\/TT-ICON_Localization.webp\" \/>\n\t<meta property=\"og:image:width\" content=\"151\" \/>\n\t<meta property=\"og:image:height\" content=\"151\" \/>\n\t<meta property=\"og:image:type\" content=\"image\/webp\" \/>\n<meta name=\"twitter:card\" content=\"summary_large_image\" \/>\n<meta name=\"twitter:site\" content=\"@TrustedT9ns\" \/>\n<script type=\"application\/ld+json\" class=\"yoast-schema-graph\">{\"@context\":\"https:\\\/\\\/schema.org\",\"@graph\":[{\"@type\":\"WebPage\",\"@id\":\"https:\\\/\\\/www.trustedtranslations.com\\\/it\\\/servizi\\\/human\\\/localizzazione\",\"url\":\"https:\\\/\\\/www.trustedtranslations.com\\\/it\\\/servizi\\\/human\\\/localizzazione\",\"name\":\"Servizi di localizzazione - Trusted Translations, Inc.\",\"isPartOf\":{\"@id\":\"https:\\\/\\\/www.trustedtranslations.com\\\/it\\\/#website\"},\"primaryImageOfPage\":{\"@id\":\"https:\\\/\\\/www.trustedtranslations.com\\\/it\\\/servizi\\\/human\\\/localizzazione#primaryimage\"},\"image\":{\"@id\":\"https:\\\/\\\/www.trustedtranslations.com\\\/it\\\/servizi\\\/human\\\/localizzazione#primaryimage\"},\"thumbnailUrl\":\"https:\\\/\\\/www.trustedtranslations.com\\\/wp-content\\\/uploads\\\/2024\\\/02\\\/TT-ICON_Localization.webp\",\"description\":\"Trusted Translations \u00e8 conosciuta nel settore come uno dei leader nella localizzazione di prodotti e contenuti. Richiedi un preventivo o una consulenza gratuita.\",\"breadcrumb\":{\"@id\":\"https:\\\/\\\/www.trustedtranslations.com\\\/it\\\/servizi\\\/human\\\/localizzazione#breadcrumb\"},\"inLanguage\":\"it-IT\",\"potentialAction\":[{\"@type\":\"ReadAction\",\"target\":[\"https:\\\/\\\/www.trustedtranslations.com\\\/it\\\/servizi\\\/human\\\/localizzazione\"]}]},{\"@type\":\"ImageObject\",\"inLanguage\":\"it-IT\",\"@id\":\"https:\\\/\\\/www.trustedtranslations.com\\\/it\\\/servizi\\\/human\\\/localizzazione#primaryimage\",\"url\":\"https:\\\/\\\/www.trustedtranslations.com\\\/wp-content\\\/uploads\\\/2024\\\/02\\\/TT-ICON_Localization.webp\",\"contentUrl\":\"https:\\\/\\\/www.trustedtranslations.com\\\/wp-content\\\/uploads\\\/2024\\\/02\\\/TT-ICON_Localization.webp\",\"width\":151,\"height\":151,\"caption\":\"TT ICON Localization\"},{\"@type\":\"BreadcrumbList\",\"@id\":\"https:\\\/\\\/www.trustedtranslations.com\\\/it\\\/servizi\\\/human\\\/localizzazione#breadcrumb\",\"itemListElement\":[{\"@type\":\"ListItem\",\"position\":1,\"name\":\"Home\",\"item\":\"https:\\\/\\\/www.trustedtranslations.com\\\/it\"},{\"@type\":\"ListItem\",\"position\":2,\"name\":\"Servizi\",\"item\":\"https:\\\/\\\/www.trustedtranslations.com\\\/it\\\/servizi\"},{\"@type\":\"ListItem\",\"position\":3,\"name\":\"Traduzione umana\",\"item\":\"https:\\\/\\\/www.trustedtranslations.com\\\/it\\\/servizi\\\/human\"},{\"@type\":\"ListItem\",\"position\":4,\"name\":\"Localizzazione\"}]},{\"@type\":\"WebSite\",\"@id\":\"https:\\\/\\\/www.trustedtranslations.com\\\/it\\\/#website\",\"url\":\"https:\\\/\\\/www.trustedtranslations.com\\\/it\\\/\",\"name\":\"Trusted Translations, Inc.\",\"description\":\"Leader in translation and interpretation services.\",\"publisher\":{\"@id\":\"https:\\\/\\\/www.trustedtranslations.com\\\/it\\\/#organization\"},\"alternateName\":\"Trusted Translations\",\"potentialAction\":[{\"@type\":\"SearchAction\",\"target\":{\"@type\":\"EntryPoint\",\"urlTemplate\":\"https:\\\/\\\/www.trustedtranslations.com\\\/it\\\/?s={search_term_string}\"},\"query-input\":{\"@type\":\"PropertyValueSpecification\",\"valueRequired\":true,\"valueName\":\"search_term_string\"}}],\"inLanguage\":\"it-IT\"},{\"@type\":\"Organization\",\"@id\":\"https:\\\/\\\/www.trustedtranslations.com\\\/it\\\/#organization\",\"name\":\"Trusted Translations\",\"alternateName\":\"Trusted Translations, Inc.\",\"url\":\"https:\\\/\\\/www.trustedtranslations.com\\\/it\\\/\",\"logo\":{\"@type\":\"ImageObject\",\"inLanguage\":\"it-IT\",\"@id\":\"https:\\\/\\\/www.trustedtranslations.com\\\/it\\\/#\\\/schema\\\/logo\\\/image\\\/\",\"url\":\"https:\\\/\\\/static.trustedtranslations.com\\\/wp-content\\\/uploads\\\/2022\\\/01\\\/TT_logo_WSIColors-2.png\",\"contentUrl\":\"https:\\\/\\\/static.trustedtranslations.com\\\/wp-content\\\/uploads\\\/2022\\\/01\\\/TT_logo_WSIColors-2.png\",\"width\":500,\"height\":196,\"caption\":\"Trusted Translations\"},\"image\":{\"@id\":\"https:\\\/\\\/www.trustedtranslations.com\\\/it\\\/#\\\/schema\\\/logo\\\/image\\\/\"},\"sameAs\":[\"https:\\\/\\\/www.facebook.com\\\/Trusted.Translations\",\"https:\\\/\\\/x.com\\\/TrustedT9ns\",\"https:\\\/\\\/www.linkedin.com\\\/company\\\/trusted-translations\"]}]}<\/script>\n<!-- \/ Yoast SEO plugin. -->","yoast_head_json":{"title":"Servizi di localizzazione - Trusted Translations, Inc.","description":"Trusted Translations \u00e8 conosciuta nel settore come uno dei leader nella localizzazione di prodotti e contenuti. Richiedi un preventivo o una consulenza gratuita.","robots":{"index":"index","follow":"follow","max-snippet":"max-snippet:-1","max-image-preview":"max-image-preview:large","max-video-preview":"max-video-preview:-1"},"canonical":"https:\/\/www.trustedtranslations.com\/it\/servizi\/human\/localizzazione","og_locale":"it_IT","og_type":"article","og_title":"Servizi di localizzazione - Trusted Translations, Inc.","og_description":"Trusted Translations \u00e8 conosciuta nel settore come uno dei leader nella localizzazione di prodotti e contenuti. Richiedi un preventivo o una consulenza gratuita.","og_url":"https:\/\/www.trustedtranslations.com\/it\/servizi\/human\/localizzazione","og_site_name":"Trusted Translations, Inc.","article_publisher":"https:\/\/www.facebook.com\/Trusted.Translations","article_modified_time":"2024-09-04T20:54:03+00:00","og_image":[{"width":151,"height":151,"url":"https:\/\/static.trustedtranslations.com\/wp-content\/uploads\/2024\/02\/TT-ICON_Localization.webp","type":"image\/webp"}],"twitter_card":"summary_large_image","twitter_site":"@TrustedT9ns","schema":{"@context":"https:\/\/schema.org","@graph":[{"@type":"WebPage","@id":"https:\/\/www.trustedtranslations.com\/it\/servizi\/human\/localizzazione","url":"https:\/\/www.trustedtranslations.com\/it\/servizi\/human\/localizzazione","name":"Servizi di localizzazione - Trusted Translations, Inc.","isPartOf":{"@id":"https:\/\/www.trustedtranslations.com\/it\/#website"},"primaryImageOfPage":{"@id":"https:\/\/www.trustedtranslations.com\/it\/servizi\/human\/localizzazione#primaryimage"},"image":{"@id":"https:\/\/www.trustedtranslations.com\/it\/servizi\/human\/localizzazione#primaryimage"},"thumbnailUrl":"https:\/\/www.trustedtranslations.com\/wp-content\/uploads\/2024\/02\/TT-ICON_Localization.webp","description":"Trusted Translations \u00e8 conosciuta nel settore come uno dei leader nella localizzazione di prodotti e contenuti. Richiedi un preventivo o una consulenza gratuita.","breadcrumb":{"@id":"https:\/\/www.trustedtranslations.com\/it\/servizi\/human\/localizzazione#breadcrumb"},"inLanguage":"it-IT","potentialAction":[{"@type":"ReadAction","target":["https:\/\/www.trustedtranslations.com\/it\/servizi\/human\/localizzazione"]}]},{"@type":"ImageObject","inLanguage":"it-IT","@id":"https:\/\/www.trustedtranslations.com\/it\/servizi\/human\/localizzazione#primaryimage","url":"https:\/\/www.trustedtranslations.com\/wp-content\/uploads\/2024\/02\/TT-ICON_Localization.webp","contentUrl":"https:\/\/www.trustedtranslations.com\/wp-content\/uploads\/2024\/02\/TT-ICON_Localization.webp","width":151,"height":151,"caption":"TT ICON Localization"},{"@type":"BreadcrumbList","@id":"https:\/\/www.trustedtranslations.com\/it\/servizi\/human\/localizzazione#breadcrumb","itemListElement":[{"@type":"ListItem","position":1,"name":"Home","item":"https:\/\/www.trustedtranslations.com\/it"},{"@type":"ListItem","position":2,"name":"Servizi","item":"https:\/\/www.trustedtranslations.com\/it\/servizi"},{"@type":"ListItem","position":3,"name":"Traduzione umana","item":"https:\/\/www.trustedtranslations.com\/it\/servizi\/human"},{"@type":"ListItem","position":4,"name":"Localizzazione"}]},{"@type":"WebSite","@id":"https:\/\/www.trustedtranslations.com\/it\/#website","url":"https:\/\/www.trustedtranslations.com\/it\/","name":"Trusted Translations, Inc.","description":"Leader in translation and interpretation services.","publisher":{"@id":"https:\/\/www.trustedtranslations.com\/it\/#organization"},"alternateName":"Trusted Translations","potentialAction":[{"@type":"SearchAction","target":{"@type":"EntryPoint","urlTemplate":"https:\/\/www.trustedtranslations.com\/it\/?s={search_term_string}"},"query-input":{"@type":"PropertyValueSpecification","valueRequired":true,"valueName":"search_term_string"}}],"inLanguage":"it-IT"},{"@type":"Organization","@id":"https:\/\/www.trustedtranslations.com\/it\/#organization","name":"Trusted Translations","alternateName":"Trusted Translations, Inc.","url":"https:\/\/www.trustedtranslations.com\/it\/","logo":{"@type":"ImageObject","inLanguage":"it-IT","@id":"https:\/\/www.trustedtranslations.com\/it\/#\/schema\/logo\/image\/","url":"https:\/\/static.trustedtranslations.com\/wp-content\/uploads\/2022\/01\/TT_logo_WSIColors-2.png","contentUrl":"https:\/\/static.trustedtranslations.com\/wp-content\/uploads\/2022\/01\/TT_logo_WSIColors-2.png","width":500,"height":196,"caption":"Trusted Translations"},"image":{"@id":"https:\/\/www.trustedtranslations.com\/it\/#\/schema\/logo\/image\/"},"sameAs":["https:\/\/www.facebook.com\/Trusted.Translations","https:\/\/x.com\/TrustedT9ns","https:\/\/www.linkedin.com\/company\/trusted-translations"]}]}},"toolset-meta":{"dyk":{"mensaje-1":{"type":"textfield","raw":"<em>Trusted Translations<\/em> fornisce servizi di localizzazione in spagnolo a tariffe inferiori del 25-50% rispetto al mercato."},"mensaje-2":{"type":"textfield","raw":"Uno degli errori pi\u00f9 comuni nella localizzazione \u00e8 l\u2019applicazione di una formattazione numerica errata."},"mensaje-3":{"type":"textfield","raw":"L\u2019utilizzo di strumenti di memoria di traduzione aiuta a risparmiare tempo e a migliorare la coerenza dei progetti di localizzazione."},"mensaje-4":{"type":"textfield","raw":"I nostri servizi spaziano da semplici traduzioni di documenti a complesse localizzazioni di software."},"mensaje-5":{"type":"textfield","raw":""},"mensaje-6":{"type":"textfield","raw":""}},"single-page-template-fields":{"imgs-temp":{"type":"image","raw":["https:\/\/static.trustedtranslations.com\/wp-content\/uploads\/2024\/06\/industry-53-1.webp"],"repeatable":[{"raw":"https:\/\/static.trustedtranslations.com\/wp-content\/uploads\/2024\/06\/industry-53-1.webp"}]},"imgs-temp-cel":{"type":"image","raw":[""],"repeatable":[{"raw":""}]},"img-temp-one-cel":{"type":"image","raw":"https:\/\/static.trustedtranslations.com\/wp-content\/uploads\/2024\/06\/businessman-analyzing-company-fi.webp","attachment_id":null},"quotes":{"type":"textarea","raw":"<h1 style=\"margin-bottom: 12px;\">Servizi di localizzazione<\/h1>\r\nCos'\u00e8 la localizzazione? In che cosa differisce dall\u2019internazionalizzazione? Lasciate che i nostri esperti di <em>Trusted Translations<\/em> vi aiutino a comprendere e padroneggiare il processo di localizzazione dall\u2019inizio alla fine.\r\n<div style=\"margin-top: 2.5vw;\"><a class=\"tt-btn-main-cta\" href=\"https:\/\/www.trustedtranslations.com\/it\/quote\">Richiedi un preventivo gratuito<\/a><\/div>"},"text-1":{"type":"textarea","raw":"<h2>Internazionalizzazione<\/h2>\r\n<strong>L\u2019internazionalizzazione<\/strong> (a volte abbreviata in <em>i18n<\/em> ) \u00e8 un passaggio fondamentale che entra in gioco all\u2019inizio della fase di pianificazione e sviluppo del prodotto. \u00c8 un\u2019impresa che necessita di creare un \u201cquadro d'insieme\u201d che prevede la preparazione dei prodotti a livello macro in modo che possano essere eventualmente localizzati in numerosi mercati senza ampie riprogettazioni, ci\u00f2 che alcune aziende chiamano \u201cworld-readiness\u201d. Ad esempio, la decisione di IKEA di utilizzare solo diagrammi e illustrazioni nelle istruzioni di montaggio ha eliminato la necessit\u00e0 di tradurre diversi set di istruzioni per ogni regione.\r\n<h2>Localizzazione<\/h2>\r\nLa <strong>localizzazione<\/strong> (a volte indicata come <em>L10n)<\/em> avviene una volta che il prodotto raggiunge effettivamente mercati specifici. La localizzazione implica l\u2019adattamento del prodotto o servizio per tenere conto delle differenze di tali mercati particolari, generalmente attraverso traduzioni, modifiche tecniche, modifiche normative e altro ancora.\r\n\r\nLa localizzazione va oltre la semplice traduzione linguistica in questioni di sfumature culturali, funzionalit\u00e0 e attrattiva per target demografici. Potrebbe essere, ad esempio, la personalizzazione che effettua Netflix sui suoi contenuti per le diverse regioni del mondo o come il menu principale di McDonald\u2019s viene adattato alle cucine uniche di vari paesi."},"shortcode-map":{"type":"textfield","raw":""},"dyk-shortcode":{"type":"textfield","raw":"[elementor-template id=\"146751\"]"},"text-2":{"type":"textarea","raw":"<h2>Perch\u00e9 la localizzazione \u00e8 cos\u00ec importante?<\/h2>\r\n\u00c8 complicato, ma cruciale, assicurarsi che i vostri prodotti e servizi \u201cfacciano centro\u201d presso il vostro pubblico di destinazione. Ci\u00f2 \u00e8 tanto pi\u00f9 vero quando la vostra azienda cerca di espandersi in nuove regioni, culture e lingue. La localizzazione aiuta a garantire che la vostra azienda passi senza intoppi a un nuovo mercato senza il rischio di offendere, alienare potenziali acquirenti o incontrare errori degli utenti e mancanza di funzionalit\u00e0.\r\n<h2>Servizi di localizzazione in spagnolo<\/h2>\r\n<em>Trusted Translations<\/em> dispone di una particolare esperienza nella localizzazione in spagnolo, lavorando con numerosi clienti che si affidano a noi per aiutarli a vincere le sfide rappresentate dal mercato ispanico degli Stati Uniti. Poich\u00e9 questo mercato \u00e8 costituito da pi\u00f9 nazionalit\u00e0 e background culturali distinti di diversi continenti, il processo di localizzazione in spagnolo richiede un\u2019attenzione speciale.\r\n\r\nEcco alcune delle varie attivit\u00e0 incluse nella localizzazione in spagnolo:\r\n<ul>\r\n \t<li>Traduzione di software, traduzione di siti Web e desktop publishing in spagnolo<\/li>\r\n \t<li>Garanzia che la lingua venga adattata per affrontare la variante nativa o il dialetto di ogni paese di destinazione<\/li>\r\n \t<li>Revisione di tutti gli elementi grafici e utilizzo dei servizi di desktop publishing per adattarli a ciascun mercato locale<\/li>\r\n \t<li>Test approfonditi del software in spagnolo per garantire che tutte le applicazioni siano adeguatamente adattate e funzionino in tutti gli ambienti<\/li>\r\n<\/ul>\r\nCon una notevole esperienza nei servizi di localizzazione in spagnolo, <em>Trusted Translations<\/em> sa come rendere il processo efficiente ed economico per la vostra organizzazione.\r\n\r\nPoich\u00e9 la localizzazione richiede tempo e una conoscenza di alto livello di lingue, culture e settori, \u00e8 importante collaborare con esperti competenti per produrre risultati\u00a0 di alta qualit\u00e0. Contattate <em>Trusted Translations<\/em> oggi stesso per scoprire come possiamo soddisfare le vostre esigenze di localizzazione."},"state":{"type":"textfield","raw":""},"city":{"type":"textarea","raw":[]}}},"_links":{"self":[{"href":"https:\/\/www.trustedtranslations.com\/it\/wp-json\/wp\/v2\/pages\/123300","targetHints":{"allow":["GET"]}}],"collection":[{"href":"https:\/\/www.trustedtranslations.com\/it\/wp-json\/wp\/v2\/pages"}],"about":[{"href":"https:\/\/www.trustedtranslations.com\/it\/wp-json\/wp\/v2\/types\/page"}],"author":[{"embeddable":true,"href":"https:\/\/www.trustedtranslations.com\/it\/wp-json\/wp\/v2\/users\/1"}],"replies":[{"embeddable":true,"href":"https:\/\/www.trustedtranslations.com\/it\/wp-json\/wp\/v2\/comments?post=123300"}],"version-history":[{"count":0,"href":"https:\/\/www.trustedtranslations.com\/it\/wp-json\/wp\/v2\/pages\/123300\/revisions"}],"up":[{"embeddable":true,"href":"https:\/\/www.trustedtranslations.com\/it\/wp-json\/wp\/v2\/pages\/123306"}],"wp:featuredmedia":[{"embeddable":true,"href":"https:\/\/www.trustedtranslations.com\/it\/wp-json\/wp\/v2\/media\/235761"}],"wp:attachment":[{"href":"https:\/\/www.trustedtranslations.com\/it\/wp-json\/wp\/v2\/media?parent=123300"}],"curies":[{"name":"wp","href":"https:\/\/api.w.org\/{rel}","templated":true}]}}