{"id":123306,"date":"2019-10-30T15:30:30","date_gmt":"2019-10-30T15:30:30","guid":{"rendered":"https:\/\/www.trustedtranslations.com\/?page_id=123306"},"modified":"2024-09-03T11:33:27","modified_gmt":"2024-09-03T14:33:27","slug":"human","status":"publish","type":"page","link":"https:\/\/www.trustedtranslations.com\/it\/servizi\/human","title":{"rendered":"Traduzione umana"},"content":{"rendered":"","protected":false},"excerpt":{"rendered":"","protected":false},"author":1,"featured_media":177437,"parent":123364,"menu_order":0,"comment_status":"closed","ping_status":"closed","template":"","meta":{"site-sidebar-layout":"default","site-content-layout":"default","ast-site-content-layout":"default","site-content-style":"default","site-sidebar-style":"default","ast-global-header-display":"","ast-banner-title-visibility":"","ast-main-header-display":"","ast-hfb-above-header-display":"","ast-hfb-below-header-display":"","ast-hfb-mobile-header-display":"","site-post-title":"disabled","ast-breadcrumbs-content":"","ast-featured-img":"","footer-sml-layout":"","ast-disable-related-posts":"","theme-transparent-header-meta":"default","adv-header-id-meta":"","stick-header-meta":"","header-above-stick-meta":"","header-main-stick-meta":"","header-below-stick-meta":"","astra-migrate-meta-layouts":"set","ast-page-background-enabled":"default","ast-page-background-meta":{"desktop":{"background-color":"var(--ast-global-color-4)","background-image":"","background-repeat":"repeat","background-position":"center center","background-size":"auto","background-attachment":"scroll","background-type":"","background-media":"","overlay-type":"","overlay-color":"","overlay-opacity":"","overlay-gradient":""},"tablet":{"background-color":"","background-image":"","background-repeat":"repeat","background-position":"center center","background-size":"auto","background-attachment":"scroll","background-type":"","background-media":"","overlay-type":"","overlay-color":"","overlay-opacity":"","overlay-gradient":""},"mobile":{"background-color":"","background-image":"","background-repeat":"repeat","background-position":"center center","background-size":"auto","background-attachment":"scroll","background-type":"","background-media":"","overlay-type":"","overlay-color":"","overlay-opacity":"","overlay-gradient":""}},"ast-content-background-meta":{"desktop":{"background-color":"var(--ast-global-color-5)","background-image":"","background-repeat":"repeat","background-position":"center center","background-size":"auto","background-attachment":"scroll","background-type":"","background-media":"","overlay-type":"","overlay-color":"","overlay-opacity":"","overlay-gradient":""},"tablet":{"background-color":"var(--ast-global-color-5)","background-image":"","background-repeat":"repeat","background-position":"center center","background-size":"auto","background-attachment":"scroll","background-type":"","background-media":"","overlay-type":"","overlay-color":"","overlay-opacity":"","overlay-gradient":""},"mobile":{"background-color":"var(--ast-global-color-5)","background-image":"","background-repeat":"repeat","background-position":"center center","background-size":"auto","background-attachment":"scroll","background-type":"","background-media":"","overlay-type":"","overlay-color":"","overlay-opacity":"","overlay-gradient":""}},"footnotes":""},"class_list":["post-123306","page","type-page","status-publish","has-post-thumbnail","hentry"],"yoast_head":"<!-- This site is optimized with the Yoast SEO plugin v27.3 - https:\/\/yoast.com\/product\/yoast-seo-wordpress\/ -->\n<title>Servizi di traduzione umana - Trusted Translations, Inc. - Richiedi un preventivo gratuito ora<\/title>\n<meta name=\"description\" content=\"Trusted Translations offre servizi di traduzione umana professionale per tutti i tipi di documenti, siti web e software in tutti i formati, volumi e lingue.\" \/>\n<meta name=\"robots\" content=\"index, follow, max-snippet:-1, max-image-preview:large, max-video-preview:-1\" \/>\n<link rel=\"canonical\" href=\"https:\/\/www.trustedtranslations.com\/it\/servizi\/human\" \/>\n<meta property=\"og:locale\" content=\"it_IT\" \/>\n<meta property=\"og:type\" content=\"article\" \/>\n<meta property=\"og:title\" content=\"Servizi di traduzione umana - Trusted Translations, Inc. - Richiedi un preventivo gratuito ora\" \/>\n<meta property=\"og:description\" content=\"Trusted Translations offre servizi di traduzione umana professionale per tutti i tipi di documenti, siti web e software in tutti i formati, volumi e lingue.\" \/>\n<meta property=\"og:url\" content=\"https:\/\/www.trustedtranslations.com\/it\/servizi\/human\" \/>\n<meta property=\"og:site_name\" content=\"Trusted Translations, Inc.\" \/>\n<meta property=\"article:publisher\" content=\"https:\/\/www.facebook.com\/Trusted.Translations\" \/>\n<meta property=\"article:modified_time\" content=\"2024-09-03T14:33:27+00:00\" \/>\n<meta property=\"og:image\" content=\"https:\/\/www.trustedtranslations.com\/wp-content\/uploads\/2022\/06\/tt-logo-2-1.webp\" \/>\n\t<meta property=\"og:image:width\" content=\"216\" \/>\n\t<meta property=\"og:image:height\" content=\"94\" \/>\n\t<meta property=\"og:image:type\" content=\"image\/webp\" \/>\n<meta name=\"twitter:card\" content=\"summary_large_image\" \/>\n<meta name=\"twitter:site\" content=\"@TrustedT9ns\" \/>\n<script type=\"application\/ld+json\" class=\"yoast-schema-graph\">{\"@context\":\"https:\\\/\\\/schema.org\",\"@graph\":[{\"@type\":\"WebPage\",\"@id\":\"https:\\\/\\\/www.trustedtranslations.com\\\/it\\\/servizi\\\/human\",\"url\":\"https:\\\/\\\/www.trustedtranslations.com\\\/it\\\/servizi\\\/human\",\"name\":\"Servizi di traduzione umana - Trusted Translations, Inc. - Richiedi un preventivo gratuito ora\",\"isPartOf\":{\"@id\":\"https:\\\/\\\/www.trustedtranslations.com\\\/it\\\/#website\"},\"primaryImageOfPage\":{\"@id\":\"https:\\\/\\\/www.trustedtranslations.com\\\/it\\\/servizi\\\/human#primaryimage\"},\"image\":{\"@id\":\"https:\\\/\\\/www.trustedtranslations.com\\\/it\\\/servizi\\\/human#primaryimage\"},\"thumbnailUrl\":\"\",\"description\":\"Trusted Translations offre servizi di traduzione umana professionale per tutti i tipi di documenti, siti web e software in tutti i formati, volumi e lingue.\",\"breadcrumb\":{\"@id\":\"https:\\\/\\\/www.trustedtranslations.com\\\/it\\\/servizi\\\/human#breadcrumb\"},\"inLanguage\":\"it-IT\",\"potentialAction\":[{\"@type\":\"ReadAction\",\"target\":[\"https:\\\/\\\/www.trustedtranslations.com\\\/it\\\/servizi\\\/human\"]}]},{\"@type\":\"ImageObject\",\"inLanguage\":\"it-IT\",\"@id\":\"https:\\\/\\\/www.trustedtranslations.com\\\/it\\\/servizi\\\/human#primaryimage\",\"url\":\"\",\"contentUrl\":\"\"},{\"@type\":\"BreadcrumbList\",\"@id\":\"https:\\\/\\\/www.trustedtranslations.com\\\/it\\\/servizi\\\/human#breadcrumb\",\"itemListElement\":[{\"@type\":\"ListItem\",\"position\":1,\"name\":\"Home\",\"item\":\"https:\\\/\\\/www.trustedtranslations.com\\\/it\"},{\"@type\":\"ListItem\",\"position\":2,\"name\":\"Servizi\",\"item\":\"https:\\\/\\\/www.trustedtranslations.com\\\/it\\\/servizi\"},{\"@type\":\"ListItem\",\"position\":3,\"name\":\"Traduzione umana\"}]},{\"@type\":\"WebSite\",\"@id\":\"https:\\\/\\\/www.trustedtranslations.com\\\/it\\\/#website\",\"url\":\"https:\\\/\\\/www.trustedtranslations.com\\\/it\\\/\",\"name\":\"Trusted Translations, Inc.\",\"description\":\"Leader in translation and interpretation services.\",\"publisher\":{\"@id\":\"https:\\\/\\\/www.trustedtranslations.com\\\/it\\\/#organization\"},\"alternateName\":\"Trusted Translations\",\"potentialAction\":[{\"@type\":\"SearchAction\",\"target\":{\"@type\":\"EntryPoint\",\"urlTemplate\":\"https:\\\/\\\/www.trustedtranslations.com\\\/it\\\/?s={search_term_string}\"},\"query-input\":{\"@type\":\"PropertyValueSpecification\",\"valueRequired\":true,\"valueName\":\"search_term_string\"}}],\"inLanguage\":\"it-IT\"},{\"@type\":\"Organization\",\"@id\":\"https:\\\/\\\/www.trustedtranslations.com\\\/it\\\/#organization\",\"name\":\"Trusted Translations\",\"alternateName\":\"Trusted Translations, Inc.\",\"url\":\"https:\\\/\\\/www.trustedtranslations.com\\\/it\\\/\",\"logo\":{\"@type\":\"ImageObject\",\"inLanguage\":\"it-IT\",\"@id\":\"https:\\\/\\\/www.trustedtranslations.com\\\/it\\\/#\\\/schema\\\/logo\\\/image\\\/\",\"url\":\"https:\\\/\\\/static.trustedtranslations.com\\\/wp-content\\\/uploads\\\/2022\\\/01\\\/TT_logo_WSIColors-2.png\",\"contentUrl\":\"https:\\\/\\\/static.trustedtranslations.com\\\/wp-content\\\/uploads\\\/2022\\\/01\\\/TT_logo_WSIColors-2.png\",\"width\":500,\"height\":196,\"caption\":\"Trusted Translations\"},\"image\":{\"@id\":\"https:\\\/\\\/www.trustedtranslations.com\\\/it\\\/#\\\/schema\\\/logo\\\/image\\\/\"},\"sameAs\":[\"https:\\\/\\\/www.facebook.com\\\/Trusted.Translations\",\"https:\\\/\\\/x.com\\\/TrustedT9ns\",\"https:\\\/\\\/www.linkedin.com\\\/company\\\/trusted-translations\"]}]}<\/script>\n<!-- \/ Yoast SEO plugin. -->","yoast_head_json":{"title":"Servizi di traduzione umana - Trusted Translations, Inc. - Richiedi un preventivo gratuito ora","description":"Trusted Translations offre servizi di traduzione umana professionale per tutti i tipi di documenti, siti web e software in tutti i formati, volumi e lingue.","robots":{"index":"index","follow":"follow","max-snippet":"max-snippet:-1","max-image-preview":"max-image-preview:large","max-video-preview":"max-video-preview:-1"},"canonical":"https:\/\/www.trustedtranslations.com\/it\/servizi\/human","og_locale":"it_IT","og_type":"article","og_title":"Servizi di traduzione umana - Trusted Translations, Inc. - Richiedi un preventivo gratuito ora","og_description":"Trusted Translations offre servizi di traduzione umana professionale per tutti i tipi di documenti, siti web e software in tutti i formati, volumi e lingue.","og_url":"https:\/\/www.trustedtranslations.com\/it\/servizi\/human","og_site_name":"Trusted Translations, Inc.","article_publisher":"https:\/\/www.facebook.com\/Trusted.Translations","article_modified_time":"2024-09-03T14:33:27+00:00","og_image":[{"width":216,"height":94,"url":"https:\/\/www.trustedtranslations.com\/wp-content\/uploads\/2022\/06\/tt-logo-2-1.webp","type":"image\/webp"}],"twitter_card":"summary_large_image","twitter_site":"@TrustedT9ns","schema":{"@context":"https:\/\/schema.org","@graph":[{"@type":"WebPage","@id":"https:\/\/www.trustedtranslations.com\/it\/servizi\/human","url":"https:\/\/www.trustedtranslations.com\/it\/servizi\/human","name":"Servizi di traduzione umana - Trusted Translations, Inc. - Richiedi un preventivo gratuito ora","isPartOf":{"@id":"https:\/\/www.trustedtranslations.com\/it\/#website"},"primaryImageOfPage":{"@id":"https:\/\/www.trustedtranslations.com\/it\/servizi\/human#primaryimage"},"image":{"@id":"https:\/\/www.trustedtranslations.com\/it\/servizi\/human#primaryimage"},"thumbnailUrl":"","description":"Trusted Translations offre servizi di traduzione umana professionale per tutti i tipi di documenti, siti web e software in tutti i formati, volumi e lingue.","breadcrumb":{"@id":"https:\/\/www.trustedtranslations.com\/it\/servizi\/human#breadcrumb"},"inLanguage":"it-IT","potentialAction":[{"@type":"ReadAction","target":["https:\/\/www.trustedtranslations.com\/it\/servizi\/human"]}]},{"@type":"ImageObject","inLanguage":"it-IT","@id":"https:\/\/www.trustedtranslations.com\/it\/servizi\/human#primaryimage","url":"","contentUrl":""},{"@type":"BreadcrumbList","@id":"https:\/\/www.trustedtranslations.com\/it\/servizi\/human#breadcrumb","itemListElement":[{"@type":"ListItem","position":1,"name":"Home","item":"https:\/\/www.trustedtranslations.com\/it"},{"@type":"ListItem","position":2,"name":"Servizi","item":"https:\/\/www.trustedtranslations.com\/it\/servizi"},{"@type":"ListItem","position":3,"name":"Traduzione umana"}]},{"@type":"WebSite","@id":"https:\/\/www.trustedtranslations.com\/it\/#website","url":"https:\/\/www.trustedtranslations.com\/it\/","name":"Trusted Translations, Inc.","description":"Leader in translation and interpretation services.","publisher":{"@id":"https:\/\/www.trustedtranslations.com\/it\/#organization"},"alternateName":"Trusted Translations","potentialAction":[{"@type":"SearchAction","target":{"@type":"EntryPoint","urlTemplate":"https:\/\/www.trustedtranslations.com\/it\/?s={search_term_string}"},"query-input":{"@type":"PropertyValueSpecification","valueRequired":true,"valueName":"search_term_string"}}],"inLanguage":"it-IT"},{"@type":"Organization","@id":"https:\/\/www.trustedtranslations.com\/it\/#organization","name":"Trusted Translations","alternateName":"Trusted Translations, Inc.","url":"https:\/\/www.trustedtranslations.com\/it\/","logo":{"@type":"ImageObject","inLanguage":"it-IT","@id":"https:\/\/www.trustedtranslations.com\/it\/#\/schema\/logo\/image\/","url":"https:\/\/static.trustedtranslations.com\/wp-content\/uploads\/2022\/01\/TT_logo_WSIColors-2.png","contentUrl":"https:\/\/static.trustedtranslations.com\/wp-content\/uploads\/2022\/01\/TT_logo_WSIColors-2.png","width":500,"height":196,"caption":"Trusted Translations"},"image":{"@id":"https:\/\/www.trustedtranslations.com\/it\/#\/schema\/logo\/image\/"},"sameAs":["https:\/\/www.facebook.com\/Trusted.Translations","https:\/\/x.com\/TrustedT9ns","https:\/\/www.linkedin.com\/company\/trusted-translations"]}]}},"toolset-meta":{"dyk":{"mensaje-1":{"type":"textfield","raw":"I traduttori umani sono impareggiabili in aspetti come lo stile e il tono della traduzione, nonch\u00e9 nella traduzione di slang ed espressioni idiomatiche."},"mensaje-2":{"type":"textfield","raw":"I traduttori umani sono particolarmente importanti per i messaggi di marketing e pubblicitari."},"mensaje-3":{"type":"textfield","raw":"Tutti i progetti di Trusted Translations vengono esaminati da traduttori umani madrelingua."},"mensaje-4":{"type":"textfield","raw":"Disponiamo di traduttori interni e ci\u00f2 comporta costi inferiori e tempi di consegna pi\u00f9 rapidi."},"mensaje-5":{"type":"textfield","raw":""},"mensaje-6":{"type":"textfield","raw":""}},"single-page-template-fields":{"imgs-temp":{"type":"image","raw":["https:\/\/static.trustedtranslations.com\/wp-content\/uploads\/2024\/03\/human-final-1.webp"],"repeatable":[{"raw":"https:\/\/static.trustedtranslations.com\/wp-content\/uploads\/2024\/03\/human-final-1.webp"}]},"imgs-temp-cel":{"type":"image","raw":[""],"repeatable":[{"raw":""}]},"img-temp-one-cel":{"type":"image","raw":"https:\/\/static.trustedtranslations.com\/wp-content\/uploads\/2024\/03\/AdobeStock_385542563-2-1.webp","attachment_id":null},"quotes":{"type":"textarea","raw":"<h1 style=\"margin-bottom: 12px;\">Servizi di traduzione umana<\/h1>Quando si tratta di leggibilit\u00e0 e qualit\u00e0, i servizi di traduzione umana sono a tutt\u2019oggi insuperabili. Trusted Translations offre servizi di traduzione umana professionale per tutti i tipi di documenti, siti web e software in tutti i formati, volumi e lingue. Disponibili in oltre 200 lingue, i nostri servizi di traduzione umana professionale sono rapidi, accurati e convenienti.<div style=\"margin-top: 2.5vw;\"><a class=\"tt-btn-main-cta\" href=\"\/it\/quote\">RICHIEDI UN PREVENTIVO GRATUITO<\/a><\/div>"},"text-1":{"type":"textarea","raw":"<h2>Servizi di traduzione professionale svolta da esseri umani<\/h2>\r\nIl nostro servizio di traduzione umana \u00e8 la nostra offerta principale e fornisce il massimo livello di comprensione per l\u2019utente finale. Per questi servizi utilizziamo un sistema di controllo della qualit\u00e0 in tre fasi effettuato da professionisti umani in cui ogni traduzione viene rivista da tre linguisti diversi. Questo triplo processo di verifica aiuta a garantire qualit\u00e0 e coerenza durante l\u2019intero processo di traduzione. Inoltre, i nostri linguisti sfruttano la migliore tecnologia di memoria di traduzione del settore che migliora non solo la qualit\u00e0, ma anche i tempi di consegna e il costo complessivo dei progetti di traduzione.\r\n<h2>Flusso di lavoro della traduzione umana<\/h2>\r\nQuello che segue \u00e8 il flusso di lavoro tipico per un progetto di traduzione umana:\r\n<div class=\"imgs-flex-template flex-text-2\" style=\"margin-top: -30px;\">\r\n    <img src=\"https:\/\/www.trustedtranslations.com\/wp-content\/uploads\/img\/our-process.jpg\">\r\n    <div>\r\n        <p>Trusted Translations fornisce competenze collaudate nella gestione di ogni fase di questo complesso ciclo a pi\u00f9 fasi. Il nostro team si impegna a garantire che i vostri progetti di traduzione soddisfino tutti i vostri obiettivi e standard e procedano nel modo pi\u00f9 fluido possibile.\r\n\r\nPiuttosto che dipendere dalla traduzione automatica, dove \u00e8 facile introdurre errori linguistici e ritardi nel processo, il nostro servizio di traduzione umana \u00e8 progettato per massimizzare la leggibilit\u00e0, la qualit\u00e0 e la coerenza. Per raggiungere questo obiettivo sfruttiamo l\u2019esperienza e la conoscenza dei migliori linguisti di tutto il mondo.<\/p>\r\n    <\/div>\r\n<\/div>"},"shortcode-map":{"type":"textfield","raw":""},"dyk-shortcode":{"type":"textfield","raw":"[elementor-template id=\"146751\"]"},"text-2":{"type":"textarea","raw":"<h2>Processo di traduzione umana<\/h2>I nostri progetti di traduzione umana sono gestiti dal personale pi\u00f9 qualificato nel campo delle traduzioni e della localizzazione. Il processo inizia con uno dei nostri esperti Account Manager, il cui compito principale \u00e8 garantire che la traduzione soddisfi le specifiche e gli obiettivi del cliente. L\u2019Account Manager gestisce il progetto in ogni fase del processo e si assicura che la traduzione venga consegnata in tempo con il pi\u00f9 alto livello di qualit\u00e0 del settore.\r\n\r\nQuasi contemporaneamente, uno dei nostri Senior Project Manager si occupa della pianificazione, guida l\u2019esecuzione e sovrintende al controllo del progetto. Ove applicabile, il responsabile IT ha il compito di rivedere tutti i requisiti tecnici del progetto. Il Desktop Publishing (DTP) Manager supervisiona il completamento di qualsiasi grafica o formattazione necessaria affinch\u00e9 il documento tradotto rispecchi il documento di origine fino all\u2019ultimo dettaglio.\r\n\r\nI nostri team interni hanno una notevole esperienza nella gestione di progetti di traduzione umana e sono in grado di risolvere quasi tutti gli ostacoli, inclusi formati o lingue rari e scadenze molto ravvicinate.\r\n\r\n<h2>Traduzione umana di qualit\u00e0<\/h2>\r\nUno degli elementi fondamentali di ogni progetto di traduzione umana \u00e8 il processo di garanzia della qualit\u00e0. Il nostro esclusivo processo di garanzia della qualit\u00e0 \u00e8 progettato per garantire che ogni traduzione venga verificata da tre risorse separate.\r\n\r\nDi conseguenza, la nostra produzione finale raggiunge il massimo livello di qualit\u00e0 possibile. I processi di qualit\u00e0 di Trusted Translations sono stati verificati da un registrar indipendente e sono stati ritenuti conformi a tutti gli standard ISO 9001:2015. Su richiesta \u00e8 disponibile una copia del certificato di Trusted Translations.\r\n\r\nContattateci per saperne di pi\u00f9 sulle nostre soluzioni esperte e convenienti per le vostre esigenze di traduzione umana."},"state":{"type":"textfield","raw":""},"city":{"type":"textarea","raw":[]}}},"_links":{"self":[{"href":"https:\/\/www.trustedtranslations.com\/it\/wp-json\/wp\/v2\/pages\/123306","targetHints":{"allow":["GET"]}}],"collection":[{"href":"https:\/\/www.trustedtranslations.com\/it\/wp-json\/wp\/v2\/pages"}],"about":[{"href":"https:\/\/www.trustedtranslations.com\/it\/wp-json\/wp\/v2\/types\/page"}],"author":[{"embeddable":true,"href":"https:\/\/www.trustedtranslations.com\/it\/wp-json\/wp\/v2\/users\/1"}],"replies":[{"embeddable":true,"href":"https:\/\/www.trustedtranslations.com\/it\/wp-json\/wp\/v2\/comments?post=123306"}],"version-history":[{"count":0,"href":"https:\/\/www.trustedtranslations.com\/it\/wp-json\/wp\/v2\/pages\/123306\/revisions"}],"up":[{"embeddable":true,"href":"https:\/\/www.trustedtranslations.com\/it\/wp-json\/wp\/v2\/pages\/123364"}],"wp:featuredmedia":[{"embeddable":true,"href":"https:\/\/www.trustedtranslations.com\/it\/wp-json\/"}],"wp:attachment":[{"href":"https:\/\/www.trustedtranslations.com\/it\/wp-json\/wp\/v2\/media?parent=123306"}],"curies":[{"name":"wp","href":"https:\/\/api.w.org\/{rel}","templated":true}]}}