{"id":123308,"date":"2019-10-16T15:01:07","date_gmt":"2019-10-16T15:01:07","guid":{"rendered":"https:\/\/www.trustedtranslations.com\/?page_id=123308"},"modified":"2024-09-23T16:59:05","modified_gmt":"2024-09-23T19:59:05","slug":"editing-correzione-di-bozze","status":"publish","type":"page","link":"https:\/\/www.trustedtranslations.com\/it\/servizi\/human\/editing-correzione-di-bozze","title":{"rendered":"Editing\/Correzione di bozze"},"content":{"rendered":"","protected":false},"excerpt":{"rendered":"","protected":false},"author":1,"featured_media":235904,"parent":123306,"menu_order":10,"comment_status":"closed","ping_status":"closed","template":"","meta":{"site-sidebar-layout":"default","site-content-layout":"default","ast-site-content-layout":"default","site-content-style":"default","site-sidebar-style":"default","ast-global-header-display":"","ast-banner-title-visibility":"","ast-main-header-display":"","ast-hfb-above-header-display":"","ast-hfb-below-header-display":"","ast-hfb-mobile-header-display":"","site-post-title":"disabled","ast-breadcrumbs-content":"","ast-featured-img":"","footer-sml-layout":"","theme-transparent-header-meta":"default","adv-header-id-meta":"","stick-header-meta":"","header-above-stick-meta":"","header-main-stick-meta":"","header-below-stick-meta":"","astra-migrate-meta-layouts":"set","ast-page-background-enabled":"default","ast-page-background-meta":{"desktop":{"background-color":"var(--ast-global-color-4)","background-image":"","background-repeat":"repeat","background-position":"center center","background-size":"auto","background-attachment":"scroll","background-type":"","background-media":"","overlay-type":"","overlay-color":"","overlay-opacity":"","overlay-gradient":""},"tablet":{"background-color":"","background-image":"","background-repeat":"repeat","background-position":"center center","background-size":"auto","background-attachment":"scroll","background-type":"","background-media":"","overlay-type":"","overlay-color":"","overlay-opacity":"","overlay-gradient":""},"mobile":{"background-color":"","background-image":"","background-repeat":"repeat","background-position":"center center","background-size":"auto","background-attachment":"scroll","background-type":"","background-media":"","overlay-type":"","overlay-color":"","overlay-opacity":"","overlay-gradient":""}},"ast-content-background-meta":{"desktop":{"background-color":"var(--ast-global-color-5)","background-image":"","background-repeat":"repeat","background-position":"center center","background-size":"auto","background-attachment":"scroll","background-type":"","background-media":"","overlay-type":"","overlay-color":"","overlay-opacity":"","overlay-gradient":""},"tablet":{"background-color":"var(--ast-global-color-5)","background-image":"","background-repeat":"repeat","background-position":"center center","background-size":"auto","background-attachment":"scroll","background-type":"","background-media":"","overlay-type":"","overlay-color":"","overlay-opacity":"","overlay-gradient":""},"mobile":{"background-color":"var(--ast-global-color-5)","background-image":"","background-repeat":"repeat","background-position":"center center","background-size":"auto","background-attachment":"scroll","background-type":"","background-media":"","overlay-type":"","overlay-color":"","overlay-opacity":"","overlay-gradient":""}},"footnotes":""},"class_list":["post-123308","page","type-page","status-publish","has-post-thumbnail","hentry"],"yoast_head":"<!-- This site is optimized with the Yoast SEO plugin v27.5 - https:\/\/yoast.com\/product\/yoast-seo-wordpress\/ -->\n<title>Servizi di traduzione, editing e correzione di bozze - Trusted Translations, Inc.<\/title>\n<meta name=\"description\" content=\"Tutti i progetti di Trusted Translations, Inc. vengono sottoposti a processo TEP (traduzione, editing, correzione di bozze). Offriamo anche servizi di revisione ed editing per traduzioni esterne.\" \/>\n<meta name=\"robots\" content=\"index, follow, max-snippet:-1, max-image-preview:large, max-video-preview:-1\" \/>\n<link rel=\"canonical\" href=\"https:\/\/www.trustedtranslations.com\/it\/servizi\/human\/editing-correzione-di-bozze\" \/>\n<meta property=\"og:locale\" content=\"it_IT\" \/>\n<meta property=\"og:type\" content=\"article\" \/>\n<meta property=\"og:title\" content=\"Servizi di traduzione, editing e correzione di bozze - Trusted Translations, Inc.\" \/>\n<meta property=\"og:description\" content=\"Tutti i progetti di Trusted Translations, Inc. vengono sottoposti a processo TEP (traduzione, editing, correzione di bozze). Offriamo anche servizi di revisione ed editing per traduzioni esterne.\" \/>\n<meta property=\"og:url\" content=\"https:\/\/www.trustedtranslations.com\/it\/servizi\/human\/editing-correzione-di-bozze\" \/>\n<meta property=\"og:site_name\" content=\"Trusted Translations, Inc.\" \/>\n<meta property=\"article:publisher\" content=\"https:\/\/www.facebook.com\/Trusted.Translations\" \/>\n<meta property=\"article:modified_time\" content=\"2024-09-23T19:59:05+00:00\" \/>\n<meta property=\"og:image\" content=\"https:\/\/static.trustedtranslations.com\/wp-content\/uploads\/2024\/02\/TT-ICON_Translation-Editing-an.webp\" \/>\n\t<meta property=\"og:image:width\" content=\"150\" \/>\n\t<meta property=\"og:image:height\" content=\"151\" \/>\n\t<meta property=\"og:image:type\" content=\"image\/webp\" \/>\n<meta name=\"twitter:card\" content=\"summary_large_image\" \/>\n<meta name=\"twitter:site\" content=\"@TrustedT9ns\" \/>\n<script type=\"application\/ld+json\" class=\"yoast-schema-graph\">{\"@context\":\"https:\\\/\\\/schema.org\",\"@graph\":[{\"@type\":\"WebPage\",\"@id\":\"https:\\\/\\\/www.trustedtranslations.com\\\/it\\\/servizi\\\/human\\\/editing-correzione-di-bozze\",\"url\":\"https:\\\/\\\/www.trustedtranslations.com\\\/it\\\/servizi\\\/human\\\/editing-correzione-di-bozze\",\"name\":\"Servizi di traduzione, editing e correzione di bozze - Trusted Translations, Inc.\",\"isPartOf\":{\"@id\":\"https:\\\/\\\/www.trustedtranslations.com\\\/it\\\/#website\"},\"primaryImageOfPage\":{\"@id\":\"https:\\\/\\\/www.trustedtranslations.com\\\/it\\\/servizi\\\/human\\\/editing-correzione-di-bozze#primaryimage\"},\"image\":{\"@id\":\"https:\\\/\\\/www.trustedtranslations.com\\\/it\\\/servizi\\\/human\\\/editing-correzione-di-bozze#primaryimage\"},\"thumbnailUrl\":\"https:\\\/\\\/www.trustedtranslations.com\\\/wp-content\\\/uploads\\\/2024\\\/02\\\/TT-ICON_Translation-Editing-an.webp\",\"description\":\"Tutti i progetti di Trusted Translations, Inc. vengono sottoposti a processo TEP (traduzione, editing, correzione di bozze). Offriamo anche servizi di revisione ed editing per traduzioni esterne.\",\"breadcrumb\":{\"@id\":\"https:\\\/\\\/www.trustedtranslations.com\\\/it\\\/servizi\\\/human\\\/editing-correzione-di-bozze#breadcrumb\"},\"inLanguage\":\"it-IT\",\"potentialAction\":[{\"@type\":\"ReadAction\",\"target\":[\"https:\\\/\\\/www.trustedtranslations.com\\\/it\\\/servizi\\\/human\\\/editing-correzione-di-bozze\"]}]},{\"@type\":\"ImageObject\",\"inLanguage\":\"it-IT\",\"@id\":\"https:\\\/\\\/www.trustedtranslations.com\\\/it\\\/servizi\\\/human\\\/editing-correzione-di-bozze#primaryimage\",\"url\":\"https:\\\/\\\/www.trustedtranslations.com\\\/wp-content\\\/uploads\\\/2024\\\/02\\\/TT-ICON_Translation-Editing-an.webp\",\"contentUrl\":\"https:\\\/\\\/www.trustedtranslations.com\\\/wp-content\\\/uploads\\\/2024\\\/02\\\/TT-ICON_Translation-Editing-an.webp\",\"width\":150,\"height\":151,\"caption\":\"TT ICON Translation Editing an\"},{\"@type\":\"BreadcrumbList\",\"@id\":\"https:\\\/\\\/www.trustedtranslations.com\\\/it\\\/servizi\\\/human\\\/editing-correzione-di-bozze#breadcrumb\",\"itemListElement\":[{\"@type\":\"ListItem\",\"position\":1,\"name\":\"Home\",\"item\":\"https:\\\/\\\/www.trustedtranslations.com\\\/it\"},{\"@type\":\"ListItem\",\"position\":2,\"name\":\"Servizi\",\"item\":\"https:\\\/\\\/www.trustedtranslations.com\\\/it\\\/servizi\"},{\"@type\":\"ListItem\",\"position\":3,\"name\":\"Traduzione umana\",\"item\":\"https:\\\/\\\/www.trustedtranslations.com\\\/it\\\/servizi\\\/human\"},{\"@type\":\"ListItem\",\"position\":4,\"name\":\"Editing\\\/Correzione di bozze\"}]},{\"@type\":\"WebSite\",\"@id\":\"https:\\\/\\\/www.trustedtranslations.com\\\/it\\\/#website\",\"url\":\"https:\\\/\\\/www.trustedtranslations.com\\\/it\\\/\",\"name\":\"Trusted Translations, Inc.\",\"description\":\"Leader in translation and interpretation services.\",\"publisher\":{\"@id\":\"https:\\\/\\\/www.trustedtranslations.com\\\/it\\\/#organization\"},\"alternateName\":\"Trusted Translations\",\"potentialAction\":[{\"@type\":\"SearchAction\",\"target\":{\"@type\":\"EntryPoint\",\"urlTemplate\":\"https:\\\/\\\/www.trustedtranslations.com\\\/it\\\/?s={search_term_string}\"},\"query-input\":{\"@type\":\"PropertyValueSpecification\",\"valueRequired\":true,\"valueName\":\"search_term_string\"}}],\"inLanguage\":\"it-IT\"},{\"@type\":\"Organization\",\"@id\":\"https:\\\/\\\/www.trustedtranslations.com\\\/it\\\/#organization\",\"name\":\"Trusted Translations\",\"alternateName\":\"Trusted Translations, Inc.\",\"url\":\"https:\\\/\\\/www.trustedtranslations.com\\\/it\\\/\",\"logo\":{\"@type\":\"ImageObject\",\"inLanguage\":\"it-IT\",\"@id\":\"https:\\\/\\\/www.trustedtranslations.com\\\/it\\\/#\\\/schema\\\/logo\\\/image\\\/\",\"url\":\"https:\\\/\\\/static.trustedtranslations.com\\\/wp-content\\\/uploads\\\/2022\\\/01\\\/TT_logo_WSIColors-2.png\",\"contentUrl\":\"https:\\\/\\\/static.trustedtranslations.com\\\/wp-content\\\/uploads\\\/2022\\\/01\\\/TT_logo_WSIColors-2.png\",\"width\":500,\"height\":196,\"caption\":\"Trusted Translations\"},\"image\":{\"@id\":\"https:\\\/\\\/www.trustedtranslations.com\\\/it\\\/#\\\/schema\\\/logo\\\/image\\\/\"},\"sameAs\":[\"https:\\\/\\\/www.facebook.com\\\/Trusted.Translations\",\"https:\\\/\\\/x.com\\\/TrustedT9ns\",\"https:\\\/\\\/www.linkedin.com\\\/company\\\/trusted-translations\"]}]}<\/script>\n<!-- \/ Yoast SEO plugin. -->","yoast_head_json":{"title":"Servizi di traduzione, editing e correzione di bozze - Trusted Translations, Inc.","description":"Tutti i progetti di Trusted Translations, Inc. vengono sottoposti a processo TEP (traduzione, editing, correzione di bozze). Offriamo anche servizi di revisione ed editing per traduzioni esterne.","robots":{"index":"index","follow":"follow","max-snippet":"max-snippet:-1","max-image-preview":"max-image-preview:large","max-video-preview":"max-video-preview:-1"},"canonical":"https:\/\/www.trustedtranslations.com\/it\/servizi\/human\/editing-correzione-di-bozze","og_locale":"it_IT","og_type":"article","og_title":"Servizi di traduzione, editing e correzione di bozze - Trusted Translations, Inc.","og_description":"Tutti i progetti di Trusted Translations, Inc. vengono sottoposti a processo TEP (traduzione, editing, correzione di bozze). Offriamo anche servizi di revisione ed editing per traduzioni esterne.","og_url":"https:\/\/www.trustedtranslations.com\/it\/servizi\/human\/editing-correzione-di-bozze","og_site_name":"Trusted Translations, Inc.","article_publisher":"https:\/\/www.facebook.com\/Trusted.Translations","article_modified_time":"2024-09-23T19:59:05+00:00","og_image":[{"width":150,"height":151,"url":"https:\/\/static.trustedtranslations.com\/wp-content\/uploads\/2024\/02\/TT-ICON_Translation-Editing-an.webp","type":"image\/webp"}],"twitter_card":"summary_large_image","twitter_site":"@TrustedT9ns","schema":{"@context":"https:\/\/schema.org","@graph":[{"@type":"WebPage","@id":"https:\/\/www.trustedtranslations.com\/it\/servizi\/human\/editing-correzione-di-bozze","url":"https:\/\/www.trustedtranslations.com\/it\/servizi\/human\/editing-correzione-di-bozze","name":"Servizi di traduzione, editing e correzione di bozze - Trusted Translations, Inc.","isPartOf":{"@id":"https:\/\/www.trustedtranslations.com\/it\/#website"},"primaryImageOfPage":{"@id":"https:\/\/www.trustedtranslations.com\/it\/servizi\/human\/editing-correzione-di-bozze#primaryimage"},"image":{"@id":"https:\/\/www.trustedtranslations.com\/it\/servizi\/human\/editing-correzione-di-bozze#primaryimage"},"thumbnailUrl":"https:\/\/www.trustedtranslations.com\/wp-content\/uploads\/2024\/02\/TT-ICON_Translation-Editing-an.webp","description":"Tutti i progetti di Trusted Translations, Inc. vengono sottoposti a processo TEP (traduzione, editing, correzione di bozze). Offriamo anche servizi di revisione ed editing per traduzioni esterne.","breadcrumb":{"@id":"https:\/\/www.trustedtranslations.com\/it\/servizi\/human\/editing-correzione-di-bozze#breadcrumb"},"inLanguage":"it-IT","potentialAction":[{"@type":"ReadAction","target":["https:\/\/www.trustedtranslations.com\/it\/servizi\/human\/editing-correzione-di-bozze"]}]},{"@type":"ImageObject","inLanguage":"it-IT","@id":"https:\/\/www.trustedtranslations.com\/it\/servizi\/human\/editing-correzione-di-bozze#primaryimage","url":"https:\/\/www.trustedtranslations.com\/wp-content\/uploads\/2024\/02\/TT-ICON_Translation-Editing-an.webp","contentUrl":"https:\/\/www.trustedtranslations.com\/wp-content\/uploads\/2024\/02\/TT-ICON_Translation-Editing-an.webp","width":150,"height":151,"caption":"TT ICON Translation Editing an"},{"@type":"BreadcrumbList","@id":"https:\/\/www.trustedtranslations.com\/it\/servizi\/human\/editing-correzione-di-bozze#breadcrumb","itemListElement":[{"@type":"ListItem","position":1,"name":"Home","item":"https:\/\/www.trustedtranslations.com\/it"},{"@type":"ListItem","position":2,"name":"Servizi","item":"https:\/\/www.trustedtranslations.com\/it\/servizi"},{"@type":"ListItem","position":3,"name":"Traduzione umana","item":"https:\/\/www.trustedtranslations.com\/it\/servizi\/human"},{"@type":"ListItem","position":4,"name":"Editing\/Correzione di bozze"}]},{"@type":"WebSite","@id":"https:\/\/www.trustedtranslations.com\/it\/#website","url":"https:\/\/www.trustedtranslations.com\/it\/","name":"Trusted Translations, Inc.","description":"Leader in translation and interpretation services.","publisher":{"@id":"https:\/\/www.trustedtranslations.com\/it\/#organization"},"alternateName":"Trusted Translations","potentialAction":[{"@type":"SearchAction","target":{"@type":"EntryPoint","urlTemplate":"https:\/\/www.trustedtranslations.com\/it\/?s={search_term_string}"},"query-input":{"@type":"PropertyValueSpecification","valueRequired":true,"valueName":"search_term_string"}}],"inLanguage":"it-IT"},{"@type":"Organization","@id":"https:\/\/www.trustedtranslations.com\/it\/#organization","name":"Trusted Translations","alternateName":"Trusted Translations, Inc.","url":"https:\/\/www.trustedtranslations.com\/it\/","logo":{"@type":"ImageObject","inLanguage":"it-IT","@id":"https:\/\/www.trustedtranslations.com\/it\/#\/schema\/logo\/image\/","url":"https:\/\/static.trustedtranslations.com\/wp-content\/uploads\/2022\/01\/TT_logo_WSIColors-2.png","contentUrl":"https:\/\/static.trustedtranslations.com\/wp-content\/uploads\/2022\/01\/TT_logo_WSIColors-2.png","width":500,"height":196,"caption":"Trusted Translations"},"image":{"@id":"https:\/\/www.trustedtranslations.com\/it\/#\/schema\/logo\/image\/"},"sameAs":["https:\/\/www.facebook.com\/Trusted.Translations","https:\/\/x.com\/TrustedT9ns","https:\/\/www.linkedin.com\/company\/trusted-translations"]}]}},"toolset-meta":{"dyk":{"mensaje-1":{"type":"textfield","raw":"Offriamo servizi di traduzione per tutti i tipi di documenti, in tutti i formati, lunghezze e lingue."},"mensaje-2":{"type":"textfield","raw":"I nostri redattori esaminano non soltanto l\u2019accuratezza, ma anche il contesto culturale, lo stile e la leggibilit\u00e0."},"mensaje-3":{"type":"textfield","raw":"Un editing di alta qualit\u00e0 vi aiuter\u00e0 a evitare costosi errori o ristampe."},"mensaje-4":{"type":"textfield","raw":"Offriamo i tempi di consegna pi\u00f9 rapidi ai livelli di qualit\u00e0 pi\u00f9 elevati e ai prezzi migliori."},"mensaje-5":{"type":"textfield","raw":""},"mensaje-6":{"type":"textfield","raw":""}},"single-page-template-fields":{"imgs-temp":{"type":"image","raw":["https:\/\/static.trustedtranslations.com\/wp-content\/uploads\/2024\/06\/services-final-6-1.webp"],"repeatable":[{"raw":"https:\/\/static.trustedtranslations.com\/wp-content\/uploads\/2024\/06\/services-final-6-1.webp"}]},"imgs-temp-cel":{"type":"image","raw":[""],"repeatable":[{"raw":""}]},"img-temp-one-cel":{"type":"image","raw":"https:\/\/static.trustedtranslations.com\/wp-content\/uploads\/2024\/06\/AdobeStock_459902324-5-1.webp","attachment_id":null},"quotes":{"type":"textarea","raw":"<h1 style=\"margin-bottom: 12px;\">Servizi di traduzione, editing e correzione di bozze<\/h1>\r\nI prezzi per parola di <em>Trusted Translations<\/em> per un servizio di traduzione completo di alta qualit\u00e0 includono <strong>traduzione<\/strong>, <strong>editing<\/strong> e <strong>correzione di bozze<\/strong> (TEP) eseguiti da linguisti qualificati diversi. Oltre a questo servizio completo, offriamo anche altre opzioni personalizzate basate sugli scopi di usabilit\u00e0 specifici dei nostri clienti, sui tempi di consegna e sulle specifiche di budget.\r\n\r\nInoltre, possiamo anche fornire servizi di revisione e correzione di bozze per traduzioni completate da altre fonti.\r\n<div style=\"margin-top: 2.5vw;\"><a class=\"tt-btn-main-cta\" href=\"https:\/\/www.trustedtranslations.com\/it\/quote\">Richiedi un preventivo gratuito<\/a><\/div>"},"text-1":{"type":"textarea","raw":"<h2>Editing e revisione di documenti tradotti da altre fonti<\/h2>\r\nUn documento tradotto ben scritto e privo di errori pu\u00f2 fare la differenza, non solo nel trasmettere il messaggio corretto, ma anche nell\u2019aumentare la vostra reputazione.\r\n\r\n<em>Trusted Translations<\/em> pu\u00f2 lavorare anche a testi tradotti da altre fonti per garantire una maggiore qualit\u00e0 del prodotto finale. Che abbiate utilizzato un\u2019altra agenzia, una risorsa del personale interno o un amico, i nostri servizi di editing e correzione di bozze vi garantiranno la traduzione pi\u00f9 accurata, coerente, affidabile e grammaticalmente corretta possibile.\r\n<h2>Servizi di editing<\/h2>\r\nIl servizio di editing professionale di <em>Trusted Translations<\/em> \u00e8 progettato per rilevare e correggere gli errori nei materiali tradotti in precedenza. Che vogliate ricontrollare il testo tradotto o che non siate soddisfatti della traduzione originale, <em>Trusted Translations<\/em> dispone di editor esperti pronti a rivedere i vostri documenti.\r\n\r\nPrenderemo in considerazione anche nuovi input o considerazioni (come un nuovo mercato di riferimento) e forniremo un vero e proprio <a href=\"https:\/\/www.trustedtranslations.com\/it\/servizi\/human\/localizzazione\"><strong>servizio di localizzazione<\/strong><\/a> modificando il testo per adattarlo a un determinato mercato locale.\u00a0<em>Trusted Translations<\/em> condurr\u00e0 una revisione approfondita della documentazione per verificarne accuratezza, stile, punteggiatura, potenziali problemi culturali, coerenza, grammatica, leggibilit\u00e0 e altro ancora. I nostri servizi di editing sono progettati per aiutare i nostri clienti in ogni fase del progetto. Acconsentiamo inoltre a lavorare e coordinarci con altre agenzie in modo da offrire un prodotto finale pi\u00f9 accurato e affidabile possibile.\r\n\r\nNon correte il rischio di pubblicare un documento che potrebbe non essere pronto e di cui non sia stata verificata l\u2019accuratezza al 100%. Dover ristampare, ripubblicare e ridistribuire il testo \u00e8 costoso e pu\u00f2 danneggiare la credibilit\u00e0 nel mercato di riferimento, per non parlare della cospicua perdita di tempo che comporta.\r\n\r\n<em>Trusted Translations<\/em> vi fornir\u00e0 la sicurezza extra di cui avete bisogno prima di premere il pulsante \u201cStampa\u201d."},"shortcode-map":{"type":"textfield","raw":""},"dyk-shortcode":{"type":"textfield","raw":"[elementor-template id=\"146751\"]"},"text-2":{"type":"textarea","raw":"<h2>Servizi di correzione di bozze<\/h2>\r\nNoi di <em>Trusted Translations<\/em> offriamo il servizio di correzione di bozze pi\u00f9 completo disponibile sul mercato. Un\u2019attenta revisione del tono e della coerenza dei contenuti \u00e8 il fulcro del nostro servizio di correzione di bozze, che include l\u2019analisi dell\u2019organizzazione del contenuto, della coerenza, del tono e dello stile del testo. Controlliamo inoltre eventuali errori di ortografia, grammatica, punteggiatura e utilizzo di lettere maiuscole e minuscole.\r\n\r\nLa correzione di bozze \u00e8 diversa dall\u2019editing, in quanto comporta la revisione del documento esclusivamente nella lingua di destinazione e il confronto con il contenuto di origine solo nel caso in cui il significato non sembri abbastanza chiaro al lettore finale.\r\n\r\nSe avete domande sui servizi di editing o correzione di bozze di <em>Trusted Translations<\/em> o se non siete sicuri di quale dei due sia ci\u00f2 che state cercando, contattateci oggi stesso."},"state":{"type":"textfield","raw":""},"city":{"type":"textarea","raw":[]}}},"_links":{"self":[{"href":"https:\/\/www.trustedtranslations.com\/it\/wp-json\/wp\/v2\/pages\/123308","targetHints":{"allow":["GET"]}}],"collection":[{"href":"https:\/\/www.trustedtranslations.com\/it\/wp-json\/wp\/v2\/pages"}],"about":[{"href":"https:\/\/www.trustedtranslations.com\/it\/wp-json\/wp\/v2\/types\/page"}],"author":[{"embeddable":true,"href":"https:\/\/www.trustedtranslations.com\/it\/wp-json\/wp\/v2\/users\/1"}],"replies":[{"embeddable":true,"href":"https:\/\/www.trustedtranslations.com\/it\/wp-json\/wp\/v2\/comments?post=123308"}],"version-history":[{"count":0,"href":"https:\/\/www.trustedtranslations.com\/it\/wp-json\/wp\/v2\/pages\/123308\/revisions"}],"up":[{"embeddable":true,"href":"https:\/\/www.trustedtranslations.com\/it\/wp-json\/wp\/v2\/pages\/123306"}],"wp:featuredmedia":[{"embeddable":true,"href":"https:\/\/www.trustedtranslations.com\/it\/wp-json\/wp\/v2\/media\/235904"}],"wp:attachment":[{"href":"https:\/\/www.trustedtranslations.com\/it\/wp-json\/wp\/v2\/media?parent=123308"}],"curies":[{"name":"wp","href":"https:\/\/api.w.org\/{rel}","templated":true}]}}