{"id":123316,"date":"2019-10-16T15:00:37","date_gmt":"2019-10-16T15:00:37","guid":{"rendered":"https:\/\/www.trustedtranslations.com\/?page_id=123316"},"modified":"2024-09-02T18:34:07","modified_gmt":"2024-09-02T21:34:07","slug":"lectora","status":"publish","type":"page","link":"https:\/\/www.trustedtranslations.com\/it\/servizi\/formati-di-file\/lectora","title":{"rendered":"Lectora"},"content":{"rendered":"","protected":false},"excerpt":{"rendered":"","protected":false},"author":1,"featured_media":238250,"parent":123347,"menu_order":13,"comment_status":"closed","ping_status":"closed","template":"","meta":{"site-sidebar-layout":"default","site-content-layout":"default","ast-site-content-layout":"default","site-content-style":"default","site-sidebar-style":"default","ast-global-header-display":"","ast-banner-title-visibility":"","ast-main-header-display":"","ast-hfb-above-header-display":"","ast-hfb-below-header-display":"","ast-hfb-mobile-header-display":"","site-post-title":"disabled","ast-breadcrumbs-content":"","ast-featured-img":"","footer-sml-layout":"","ast-disable-related-posts":"","theme-transparent-header-meta":"default","adv-header-id-meta":"","stick-header-meta":"","header-above-stick-meta":"","header-main-stick-meta":"","header-below-stick-meta":"","astra-migrate-meta-layouts":"set","ast-page-background-enabled":"default","ast-page-background-meta":{"desktop":{"background-color":"var(--ast-global-color-4)","background-image":"","background-repeat":"repeat","background-position":"center center","background-size":"auto","background-attachment":"scroll","background-type":"","background-media":"","overlay-type":"","overlay-color":"","overlay-opacity":"","overlay-gradient":""},"tablet":{"background-color":"","background-image":"","background-repeat":"repeat","background-position":"center center","background-size":"auto","background-attachment":"scroll","background-type":"","background-media":"","overlay-type":"","overlay-color":"","overlay-opacity":"","overlay-gradient":""},"mobile":{"background-color":"","background-image":"","background-repeat":"repeat","background-position":"center center","background-size":"auto","background-attachment":"scroll","background-type":"","background-media":"","overlay-type":"","overlay-color":"","overlay-opacity":"","overlay-gradient":""}},"ast-content-background-meta":{"desktop":{"background-color":"var(--ast-global-color-5)","background-image":"","background-repeat":"repeat","background-position":"center center","background-size":"auto","background-attachment":"scroll","background-type":"","background-media":"","overlay-type":"","overlay-color":"","overlay-opacity":"","overlay-gradient":""},"tablet":{"background-color":"var(--ast-global-color-5)","background-image":"","background-repeat":"repeat","background-position":"center center","background-size":"auto","background-attachment":"scroll","background-type":"","background-media":"","overlay-type":"","overlay-color":"","overlay-opacity":"","overlay-gradient":""},"mobile":{"background-color":"var(--ast-global-color-5)","background-image":"","background-repeat":"repeat","background-position":"center center","background-size":"auto","background-attachment":"scroll","background-type":"","background-media":"","overlay-type":"","overlay-color":"","overlay-opacity":"","overlay-gradient":""}},"footnotes":""},"class_list":["post-123316","page","type-page","status-publish","has-post-thumbnail","hentry"],"yoast_head":"<!-- This site is optimized with the Yoast SEO plugin v27.5 - https:\/\/yoast.com\/product\/yoast-seo-wordpress\/ -->\n<title>Servizi di traduzione Lectora - Trusted Translations, Inc.<\/title>\n<meta name=\"description\" content=\"A Trusted Translations comprendiamo l&#039;importanza delle traduzioni Lectora per facilitare l&#039;e-learning e, a sua volta, per raggiungere un pubblico pi\u00f9 ampio.\" \/>\n<meta name=\"robots\" content=\"index, follow, max-snippet:-1, max-image-preview:large, max-video-preview:-1\" \/>\n<link rel=\"canonical\" href=\"https:\/\/www.trustedtranslations.com\/it\/servizi\/formati-di-file\/lectora\" \/>\n<meta property=\"og:locale\" content=\"it_IT\" \/>\n<meta property=\"og:type\" content=\"article\" \/>\n<meta property=\"og:title\" content=\"Servizi di traduzione Lectora - Trusted Translations, Inc.\" \/>\n<meta property=\"og:description\" content=\"A Trusted Translations comprendiamo l&#039;importanza delle traduzioni Lectora per facilitare l&#039;e-learning e, a sua volta, per raggiungere un pubblico pi\u00f9 ampio.\" \/>\n<meta property=\"og:url\" content=\"https:\/\/www.trustedtranslations.com\/it\/servizi\/formati-di-file\/lectora\" \/>\n<meta property=\"og:site_name\" content=\"Trusted Translations, Inc.\" \/>\n<meta property=\"article:publisher\" content=\"https:\/\/www.facebook.com\/Trusted.Translations\" \/>\n<meta property=\"article:modified_time\" content=\"2024-09-02T21:34:07+00:00\" \/>\n<meta property=\"og:image\" content=\"https:\/\/static.trustedtranslations.com\/wp-content\/uploads\/2024\/02\/tt-icon_Lectora-Translation-Serv.webp\" \/>\n\t<meta property=\"og:image:width\" content=\"151\" \/>\n\t<meta property=\"og:image:height\" content=\"151\" \/>\n\t<meta property=\"og:image:type\" content=\"image\/webp\" \/>\n<meta name=\"twitter:card\" content=\"summary_large_image\" \/>\n<meta name=\"twitter:site\" content=\"@TrustedT9ns\" \/>\n<script type=\"application\/ld+json\" class=\"yoast-schema-graph\">{\"@context\":\"https:\\\/\\\/schema.org\",\"@graph\":[{\"@type\":\"WebPage\",\"@id\":\"https:\\\/\\\/www.trustedtranslations.com\\\/it\\\/servizi\\\/formati-di-file\\\/lectora\",\"url\":\"https:\\\/\\\/www.trustedtranslations.com\\\/it\\\/servizi\\\/formati-di-file\\\/lectora\",\"name\":\"Servizi di traduzione Lectora - Trusted Translations, Inc.\",\"isPartOf\":{\"@id\":\"https:\\\/\\\/www.trustedtranslations.com\\\/it\\\/#website\"},\"primaryImageOfPage\":{\"@id\":\"https:\\\/\\\/www.trustedtranslations.com\\\/it\\\/servizi\\\/formati-di-file\\\/lectora#primaryimage\"},\"image\":{\"@id\":\"https:\\\/\\\/www.trustedtranslations.com\\\/it\\\/servizi\\\/formati-di-file\\\/lectora#primaryimage\"},\"thumbnailUrl\":\"https:\\\/\\\/www.trustedtranslations.com\\\/wp-content\\\/uploads\\\/2024\\\/02\\\/tt-icon_Lectora-Translation-Serv.webp\",\"description\":\"A Trusted Translations comprendiamo l'importanza delle traduzioni Lectora per facilitare l'e-learning e, a sua volta, per raggiungere un pubblico pi\u00f9 ampio.\",\"breadcrumb\":{\"@id\":\"https:\\\/\\\/www.trustedtranslations.com\\\/it\\\/servizi\\\/formati-di-file\\\/lectora#breadcrumb\"},\"inLanguage\":\"it-IT\",\"potentialAction\":[{\"@type\":\"ReadAction\",\"target\":[\"https:\\\/\\\/www.trustedtranslations.com\\\/it\\\/servizi\\\/formati-di-file\\\/lectora\"]}]},{\"@type\":\"ImageObject\",\"inLanguage\":\"it-IT\",\"@id\":\"https:\\\/\\\/www.trustedtranslations.com\\\/it\\\/servizi\\\/formati-di-file\\\/lectora#primaryimage\",\"url\":\"https:\\\/\\\/www.trustedtranslations.com\\\/wp-content\\\/uploads\\\/2024\\\/02\\\/tt-icon_Lectora-Translation-Serv.webp\",\"contentUrl\":\"https:\\\/\\\/www.trustedtranslations.com\\\/wp-content\\\/uploads\\\/2024\\\/02\\\/tt-icon_Lectora-Translation-Serv.webp\",\"width\":151,\"height\":151,\"caption\":\"tt icon Lectora Translation Serv\"},{\"@type\":\"BreadcrumbList\",\"@id\":\"https:\\\/\\\/www.trustedtranslations.com\\\/it\\\/servizi\\\/formati-di-file\\\/lectora#breadcrumb\",\"itemListElement\":[{\"@type\":\"ListItem\",\"position\":1,\"name\":\"Home\",\"item\":\"https:\\\/\\\/www.trustedtranslations.com\\\/it\"},{\"@type\":\"ListItem\",\"position\":2,\"name\":\"Servizi\",\"item\":\"https:\\\/\\\/www.trustedtranslations.com\\\/it\\\/servizi\"},{\"@type\":\"ListItem\",\"position\":3,\"name\":\"Formati di file\",\"item\":\"https:\\\/\\\/www.trustedtranslations.com\\\/it\\\/servizi\\\/formati-di-file\"},{\"@type\":\"ListItem\",\"position\":4,\"name\":\"Lectora\"}]},{\"@type\":\"WebSite\",\"@id\":\"https:\\\/\\\/www.trustedtranslations.com\\\/it\\\/#website\",\"url\":\"https:\\\/\\\/www.trustedtranslations.com\\\/it\\\/\",\"name\":\"Trusted Translations, Inc.\",\"description\":\"Leader in translation and interpretation services.\",\"publisher\":{\"@id\":\"https:\\\/\\\/www.trustedtranslations.com\\\/it\\\/#organization\"},\"alternateName\":\"Trusted Translations\",\"potentialAction\":[{\"@type\":\"SearchAction\",\"target\":{\"@type\":\"EntryPoint\",\"urlTemplate\":\"https:\\\/\\\/www.trustedtranslations.com\\\/it\\\/?s={search_term_string}\"},\"query-input\":{\"@type\":\"PropertyValueSpecification\",\"valueRequired\":true,\"valueName\":\"search_term_string\"}}],\"inLanguage\":\"it-IT\"},{\"@type\":\"Organization\",\"@id\":\"https:\\\/\\\/www.trustedtranslations.com\\\/it\\\/#organization\",\"name\":\"Trusted Translations\",\"alternateName\":\"Trusted Translations, Inc.\",\"url\":\"https:\\\/\\\/www.trustedtranslations.com\\\/it\\\/\",\"logo\":{\"@type\":\"ImageObject\",\"inLanguage\":\"it-IT\",\"@id\":\"https:\\\/\\\/www.trustedtranslations.com\\\/it\\\/#\\\/schema\\\/logo\\\/image\\\/\",\"url\":\"https:\\\/\\\/static.trustedtranslations.com\\\/wp-content\\\/uploads\\\/2022\\\/01\\\/TT_logo_WSIColors-2.png\",\"contentUrl\":\"https:\\\/\\\/static.trustedtranslations.com\\\/wp-content\\\/uploads\\\/2022\\\/01\\\/TT_logo_WSIColors-2.png\",\"width\":500,\"height\":196,\"caption\":\"Trusted Translations\"},\"image\":{\"@id\":\"https:\\\/\\\/www.trustedtranslations.com\\\/it\\\/#\\\/schema\\\/logo\\\/image\\\/\"},\"sameAs\":[\"https:\\\/\\\/www.facebook.com\\\/Trusted.Translations\",\"https:\\\/\\\/x.com\\\/TrustedT9ns\",\"https:\\\/\\\/www.linkedin.com\\\/company\\\/trusted-translations\"]}]}<\/script>\n<!-- \/ Yoast SEO plugin. -->","yoast_head_json":{"title":"Servizi di traduzione Lectora - Trusted Translations, Inc.","description":"A Trusted Translations comprendiamo l'importanza delle traduzioni Lectora per facilitare l'e-learning e, a sua volta, per raggiungere un pubblico pi\u00f9 ampio.","robots":{"index":"index","follow":"follow","max-snippet":"max-snippet:-1","max-image-preview":"max-image-preview:large","max-video-preview":"max-video-preview:-1"},"canonical":"https:\/\/www.trustedtranslations.com\/it\/servizi\/formati-di-file\/lectora","og_locale":"it_IT","og_type":"article","og_title":"Servizi di traduzione Lectora - Trusted Translations, Inc.","og_description":"A Trusted Translations comprendiamo l'importanza delle traduzioni Lectora per facilitare l'e-learning e, a sua volta, per raggiungere un pubblico pi\u00f9 ampio.","og_url":"https:\/\/www.trustedtranslations.com\/it\/servizi\/formati-di-file\/lectora","og_site_name":"Trusted Translations, Inc.","article_publisher":"https:\/\/www.facebook.com\/Trusted.Translations","article_modified_time":"2024-09-02T21:34:07+00:00","og_image":[{"width":151,"height":151,"url":"https:\/\/static.trustedtranslations.com\/wp-content\/uploads\/2024\/02\/tt-icon_Lectora-Translation-Serv.webp","type":"image\/webp"}],"twitter_card":"summary_large_image","twitter_site":"@TrustedT9ns","schema":{"@context":"https:\/\/schema.org","@graph":[{"@type":"WebPage","@id":"https:\/\/www.trustedtranslations.com\/it\/servizi\/formati-di-file\/lectora","url":"https:\/\/www.trustedtranslations.com\/it\/servizi\/formati-di-file\/lectora","name":"Servizi di traduzione Lectora - Trusted Translations, Inc.","isPartOf":{"@id":"https:\/\/www.trustedtranslations.com\/it\/#website"},"primaryImageOfPage":{"@id":"https:\/\/www.trustedtranslations.com\/it\/servizi\/formati-di-file\/lectora#primaryimage"},"image":{"@id":"https:\/\/www.trustedtranslations.com\/it\/servizi\/formati-di-file\/lectora#primaryimage"},"thumbnailUrl":"https:\/\/www.trustedtranslations.com\/wp-content\/uploads\/2024\/02\/tt-icon_Lectora-Translation-Serv.webp","description":"A Trusted Translations comprendiamo l'importanza delle traduzioni Lectora per facilitare l'e-learning e, a sua volta, per raggiungere un pubblico pi\u00f9 ampio.","breadcrumb":{"@id":"https:\/\/www.trustedtranslations.com\/it\/servizi\/formati-di-file\/lectora#breadcrumb"},"inLanguage":"it-IT","potentialAction":[{"@type":"ReadAction","target":["https:\/\/www.trustedtranslations.com\/it\/servizi\/formati-di-file\/lectora"]}]},{"@type":"ImageObject","inLanguage":"it-IT","@id":"https:\/\/www.trustedtranslations.com\/it\/servizi\/formati-di-file\/lectora#primaryimage","url":"https:\/\/www.trustedtranslations.com\/wp-content\/uploads\/2024\/02\/tt-icon_Lectora-Translation-Serv.webp","contentUrl":"https:\/\/www.trustedtranslations.com\/wp-content\/uploads\/2024\/02\/tt-icon_Lectora-Translation-Serv.webp","width":151,"height":151,"caption":"tt icon Lectora Translation Serv"},{"@type":"BreadcrumbList","@id":"https:\/\/www.trustedtranslations.com\/it\/servizi\/formati-di-file\/lectora#breadcrumb","itemListElement":[{"@type":"ListItem","position":1,"name":"Home","item":"https:\/\/www.trustedtranslations.com\/it"},{"@type":"ListItem","position":2,"name":"Servizi","item":"https:\/\/www.trustedtranslations.com\/it\/servizi"},{"@type":"ListItem","position":3,"name":"Formati di file","item":"https:\/\/www.trustedtranslations.com\/it\/servizi\/formati-di-file"},{"@type":"ListItem","position":4,"name":"Lectora"}]},{"@type":"WebSite","@id":"https:\/\/www.trustedtranslations.com\/it\/#website","url":"https:\/\/www.trustedtranslations.com\/it\/","name":"Trusted Translations, Inc.","description":"Leader in translation and interpretation services.","publisher":{"@id":"https:\/\/www.trustedtranslations.com\/it\/#organization"},"alternateName":"Trusted Translations","potentialAction":[{"@type":"SearchAction","target":{"@type":"EntryPoint","urlTemplate":"https:\/\/www.trustedtranslations.com\/it\/?s={search_term_string}"},"query-input":{"@type":"PropertyValueSpecification","valueRequired":true,"valueName":"search_term_string"}}],"inLanguage":"it-IT"},{"@type":"Organization","@id":"https:\/\/www.trustedtranslations.com\/it\/#organization","name":"Trusted Translations","alternateName":"Trusted Translations, Inc.","url":"https:\/\/www.trustedtranslations.com\/it\/","logo":{"@type":"ImageObject","inLanguage":"it-IT","@id":"https:\/\/www.trustedtranslations.com\/it\/#\/schema\/logo\/image\/","url":"https:\/\/static.trustedtranslations.com\/wp-content\/uploads\/2022\/01\/TT_logo_WSIColors-2.png","contentUrl":"https:\/\/static.trustedtranslations.com\/wp-content\/uploads\/2022\/01\/TT_logo_WSIColors-2.png","width":500,"height":196,"caption":"Trusted Translations"},"image":{"@id":"https:\/\/www.trustedtranslations.com\/it\/#\/schema\/logo\/image\/"},"sameAs":["https:\/\/www.facebook.com\/Trusted.Translations","https:\/\/x.com\/TrustedT9ns","https:\/\/www.linkedin.com\/company\/trusted-translations"]}]}},"toolset-meta":{"dyk":{"mensaje-1":{"type":"textfield","raw":"Disponiamo di abili traduzioni di webinar, corsi pratici e tutorial blog."},"mensaje-2":{"type":"textfield","raw":"Comprendiamo che l\u2019istruzione online \u00e8 un\u2019esperienza dinamica e interattiva."},"mensaje-3":{"type":"textfield","raw":"Convertite le vostre presentazioni PowerPoint in corsi di e-Learning attraverso Lectora."},"mensaje-4":{"type":"textfield","raw":"Vi aiuteremo ad attrarre un pubblico specifico e ad ampliare la portata degli e-learner."},"mensaje-5":{"type":"textfield","raw":""},"mensaje-6":{"type":"textfield","raw":""}},"single-page-template-fields":{"imgs-temp":{"type":"image","raw":["https:\/\/static.trustedtranslations.com\/wp-content\/uploads\/2024\/06\/lectora-final-1-1.webp"],"repeatable":[{"raw":"https:\/\/static.trustedtranslations.com\/wp-content\/uploads\/2024\/06\/lectora-final-1-1.webp"}]},"imgs-temp-cel":{"type":"image","raw":[""],"repeatable":[{"raw":""}]},"img-temp-one-cel":{"type":"image","raw":"https:\/\/static.trustedtranslations.com\/wp-content\/uploads\/2024\/03\/AdobeStock_385542563-2-1.webp","attachment_id":null},"quotes":{"type":"textarea","raw":"<h1 style=\"margin-bottom: 12px;\">Servizi di traduzione Lectora<\/h1>\r\nL\u2019innegabile importanza della formazione online \u00e8 diventata sempre pi\u00f9 evidente con la comparsa di nuove piattaforme di e-learning come Lectora. Noi di Trusted Translations comprendiamo l\u2019importanza di queste piattaforme e il nostro obiettivo \u00e8 quello di facilitare l\u2019e-learning per raggiungere un pubblico pi\u00f9 ampio attraverso la traduzione.\r\n<div style=\"margin-top: 2.5vw;\"><a class=\"tt-btn-main-cta\" href=\"\/it\/quote\">RICHIEDI UN PREVENTIVO GRATUITO<\/a><\/div>"},"text-1":{"type":"textarea","raw":"<h2>Traduzioni veloci e accurate per webinar, corsi e tutorial<\/h2>\r\nIl nostro team di esperti traduttori, redattori e desktop publisher si assicurer\u00e0 che il tuo messaggio sia tradotto in modo accurato e appropriato, riproducendolo perfettamente per raggiungere il tuo target di riferimento. Che tu stia cercando di tradurre un webinar, un corso di formazione o un tutorial sul blog,\u00a0<em>Trusted Translations<\/em>\u00a0\u00e8 la scelta migliore per traduzioni veloci e accurate.\r\n<h2>Processo di traduzione Lectora<\/h2>\r\nNoi di\u00a0<em>Trusted Translations<\/em>\u00a0capiamo che l\u2019educazione \u00e8 un\u2019esperienza dinamica e interattiva e che ci sono molti elementi da tenere a mente durante il processo di traduzione. Un formato di file come Lectora pu\u00f2 essere piuttosto complesso da tradurre per il fatto che spesso contiene molti elementi incorporati. Dopo aver ricevuto un progetto di traduzione in Lectora, estraiamo prima gli elementi incorporati e il loro testo in modo che siano compatibili con i nostri strumenti di traduzione assistita da computer (CAT Tool). Questo permette ai nostri traduttori di fornire una traduzione veloce e precisa. Dopo che il testo \u00e8 stato tradotto, viene sottoposto a una fase di desktop publishing post-traduzione in cui il nostro team di esperti di DTP reintegra il testo tradotto nel formato originale e ne regola il layout e il design in modo coerente. Il nostro team professionale di traduttori specifici del settore si assicurer\u00e0 che il tuo messaggio originale rimanga intatto, mentre il nostro team interno dedicato al desktop publishing si assicurer\u00e0 che tutti gli elementi del layout e del design rimangano preservati."},"shortcode-map":{"type":"textfield","raw":""},"dyk-shortcode":{"type":"textfield","raw":"[elementor-template id=\"146751\"]"},"text-2":{"type":"textarea","raw":"<h2>Conversione da PowerPoint a Lectora<\/h2>\r\nLectora \u00e8 uno strumento ottimale per convertire una presentazione PowerPoint in un corso di e-learning. Tra i vantaggi di lavorare con\u00a0<em>Trusted Translations<\/em>\u00a0c\u2019\u00e8 un elemento chiave: il nostro team di professionisti ha l\u2019esperienza e le risorse per incorporare le vostre presentazioni PowerPoint in Lectora. Se desideri importare diapositive PowerPoint nel tuo progetto Lectora, il nostro team interno di desktop publishing ti aiuter\u00e0 a creare una presentazione e-learning interattiva e coinvolgente. Il tuo file PowerPoint non sar\u00e0 solo tradotto in modo accurato dai nostri traduttori specifici del settore, ma sar\u00e0 perfettamente integrato in Lectora dal nostro team di desktop publishing per riprodurlo come se non fosse mai stato tradotto.\r\n\r\nChe tu stia cercando di attrarre un pubblico specifico, o stia semplicemente cercando di ampliare il tuo ambito di e-learning, i servizi di traduzione professionale di\u00a0<em>Trusted Translations<\/em>\u00a0ti permetteranno di espandere i confini della formazione online."},"state":{"type":"textfield","raw":""},"city":{"type":"textarea","raw":[]}}},"_links":{"self":[{"href":"https:\/\/www.trustedtranslations.com\/it\/wp-json\/wp\/v2\/pages\/123316","targetHints":{"allow":["GET"]}}],"collection":[{"href":"https:\/\/www.trustedtranslations.com\/it\/wp-json\/wp\/v2\/pages"}],"about":[{"href":"https:\/\/www.trustedtranslations.com\/it\/wp-json\/wp\/v2\/types\/page"}],"author":[{"embeddable":true,"href":"https:\/\/www.trustedtranslations.com\/it\/wp-json\/wp\/v2\/users\/1"}],"replies":[{"embeddable":true,"href":"https:\/\/www.trustedtranslations.com\/it\/wp-json\/wp\/v2\/comments?post=123316"}],"version-history":[{"count":0,"href":"https:\/\/www.trustedtranslations.com\/it\/wp-json\/wp\/v2\/pages\/123316\/revisions"}],"up":[{"embeddable":true,"href":"https:\/\/www.trustedtranslations.com\/it\/wp-json\/wp\/v2\/pages\/123347"}],"wp:featuredmedia":[{"embeddable":true,"href":"https:\/\/www.trustedtranslations.com\/it\/wp-json\/wp\/v2\/media\/238250"}],"wp:attachment":[{"href":"https:\/\/www.trustedtranslations.com\/it\/wp-json\/wp\/v2\/media?parent=123316"}],"curies":[{"name":"wp","href":"https:\/\/api.w.org\/{rel}","templated":true}]}}