{"id":123317,"date":"2019-10-16T15:00:29","date_gmt":"2019-10-16T15:00:29","guid":{"rendered":"https:\/\/www.trustedtranslations.com\/?page_id=123317"},"modified":"2024-09-02T18:33:30","modified_gmt":"2024-09-02T21:33:30","slug":"immagini","status":"publish","type":"page","link":"https:\/\/www.trustedtranslations.com\/it\/servizi\/formati-di-file\/immagini","title":{"rendered":"Illustrazioni e immagini"},"content":{"rendered":"","protected":false},"excerpt":{"rendered":"","protected":false},"author":1,"featured_media":238224,"parent":123347,"menu_order":11,"comment_status":"closed","ping_status":"closed","template":"","meta":{"site-sidebar-layout":"default","site-content-layout":"default","ast-site-content-layout":"default","site-content-style":"default","site-sidebar-style":"default","ast-global-header-display":"","ast-banner-title-visibility":"","ast-main-header-display":"","ast-hfb-above-header-display":"","ast-hfb-below-header-display":"","ast-hfb-mobile-header-display":"","site-post-title":"disabled","ast-breadcrumbs-content":"","ast-featured-img":"","footer-sml-layout":"","ast-disable-related-posts":"","theme-transparent-header-meta":"default","adv-header-id-meta":"","stick-header-meta":"","header-above-stick-meta":"","header-main-stick-meta":"","header-below-stick-meta":"","astra-migrate-meta-layouts":"set","ast-page-background-enabled":"default","ast-page-background-meta":{"desktop":{"background-color":"var(--ast-global-color-4)","background-image":"","background-repeat":"repeat","background-position":"center center","background-size":"auto","background-attachment":"scroll","background-type":"","background-media":"","overlay-type":"","overlay-color":"","overlay-opacity":"","overlay-gradient":""},"tablet":{"background-color":"","background-image":"","background-repeat":"repeat","background-position":"center center","background-size":"auto","background-attachment":"scroll","background-type":"","background-media":"","overlay-type":"","overlay-color":"","overlay-opacity":"","overlay-gradient":""},"mobile":{"background-color":"","background-image":"","background-repeat":"repeat","background-position":"center center","background-size":"auto","background-attachment":"scroll","background-type":"","background-media":"","overlay-type":"","overlay-color":"","overlay-opacity":"","overlay-gradient":""}},"ast-content-background-meta":{"desktop":{"background-color":"var(--ast-global-color-5)","background-image":"","background-repeat":"repeat","background-position":"center center","background-size":"auto","background-attachment":"scroll","background-type":"","background-media":"","overlay-type":"","overlay-color":"","overlay-opacity":"","overlay-gradient":""},"tablet":{"background-color":"var(--ast-global-color-5)","background-image":"","background-repeat":"repeat","background-position":"center center","background-size":"auto","background-attachment":"scroll","background-type":"","background-media":"","overlay-type":"","overlay-color":"","overlay-opacity":"","overlay-gradient":""},"mobile":{"background-color":"var(--ast-global-color-5)","background-image":"","background-repeat":"repeat","background-position":"center center","background-size":"auto","background-attachment":"scroll","background-type":"","background-media":"","overlay-type":"","overlay-color":"","overlay-opacity":"","overlay-gradient":""}},"footnotes":""},"class_list":["post-123317","page","type-page","status-publish","has-post-thumbnail","hentry"],"yoast_head":"<!-- This site is optimized with the Yoast SEO plugin v27.5 - https:\/\/yoast.com\/product\/yoast-seo-wordpress\/ -->\n<title>Servizi di traduzione di illustrazioni e immagini - Trusted Translations, Inc.<\/title>\n<meta name=\"description\" content=\"Noi di Trusted Translations lavoriamo con diversi formati di file immagine e traduciamo tutte le vostre immagini, anche se create con una grafica pesante o un design complesso.\" \/>\n<meta name=\"robots\" content=\"index, follow, max-snippet:-1, max-image-preview:large, max-video-preview:-1\" \/>\n<link rel=\"canonical\" href=\"https:\/\/www.trustedtranslations.com\/it\/servizi\/formati-di-file\/immagini\" \/>\n<meta property=\"og:locale\" content=\"it_IT\" \/>\n<meta property=\"og:type\" content=\"article\" \/>\n<meta property=\"og:title\" content=\"Servizi di traduzione di illustrazioni e immagini - Trusted Translations, Inc.\" \/>\n<meta property=\"og:description\" content=\"Noi di Trusted Translations lavoriamo con diversi formati di file immagine e traduciamo tutte le vostre immagini, anche se create con una grafica pesante o un design complesso.\" \/>\n<meta property=\"og:url\" content=\"https:\/\/www.trustedtranslations.com\/it\/servizi\/formati-di-file\/immagini\" \/>\n<meta property=\"og:site_name\" content=\"Trusted Translations, Inc.\" \/>\n<meta property=\"article:publisher\" content=\"https:\/\/www.facebook.com\/Trusted.Translations\" \/>\n<meta property=\"article:modified_time\" content=\"2024-09-02T21:33:30+00:00\" \/>\n<meta property=\"og:image\" content=\"https:\/\/static.trustedtranslations.com\/wp-content\/uploads\/2024\/02\/tt-icon_Illustrations-and-Image-.webp\" \/>\n\t<meta property=\"og:image:width\" content=\"151\" \/>\n\t<meta property=\"og:image:height\" content=\"151\" \/>\n\t<meta property=\"og:image:type\" content=\"image\/webp\" \/>\n<meta name=\"twitter:card\" content=\"summary_large_image\" \/>\n<meta name=\"twitter:site\" content=\"@TrustedT9ns\" \/>\n<script type=\"application\/ld+json\" class=\"yoast-schema-graph\">{\"@context\":\"https:\\\/\\\/schema.org\",\"@graph\":[{\"@type\":\"WebPage\",\"@id\":\"https:\\\/\\\/www.trustedtranslations.com\\\/it\\\/servizi\\\/formati-di-file\\\/immagini\",\"url\":\"https:\\\/\\\/www.trustedtranslations.com\\\/it\\\/servizi\\\/formati-di-file\\\/immagini\",\"name\":\"Servizi di traduzione di illustrazioni e immagini - Trusted Translations, Inc.\",\"isPartOf\":{\"@id\":\"https:\\\/\\\/www.trustedtranslations.com\\\/it\\\/#website\"},\"primaryImageOfPage\":{\"@id\":\"https:\\\/\\\/www.trustedtranslations.com\\\/it\\\/servizi\\\/formati-di-file\\\/immagini#primaryimage\"},\"image\":{\"@id\":\"https:\\\/\\\/www.trustedtranslations.com\\\/it\\\/servizi\\\/formati-di-file\\\/immagini#primaryimage\"},\"thumbnailUrl\":\"https:\\\/\\\/www.trustedtranslations.com\\\/wp-content\\\/uploads\\\/2024\\\/02\\\/tt-icon_Illustrations-and-Image-.webp\",\"description\":\"Noi di Trusted Translations lavoriamo con diversi formati di file immagine e traduciamo tutte le vostre immagini, anche se create con una grafica pesante o un design complesso.\",\"breadcrumb\":{\"@id\":\"https:\\\/\\\/www.trustedtranslations.com\\\/it\\\/servizi\\\/formati-di-file\\\/immagini#breadcrumb\"},\"inLanguage\":\"it-IT\",\"potentialAction\":[{\"@type\":\"ReadAction\",\"target\":[\"https:\\\/\\\/www.trustedtranslations.com\\\/it\\\/servizi\\\/formati-di-file\\\/immagini\"]}]},{\"@type\":\"ImageObject\",\"inLanguage\":\"it-IT\",\"@id\":\"https:\\\/\\\/www.trustedtranslations.com\\\/it\\\/servizi\\\/formati-di-file\\\/immagini#primaryimage\",\"url\":\"https:\\\/\\\/www.trustedtranslations.com\\\/wp-content\\\/uploads\\\/2024\\\/02\\\/tt-icon_Illustrations-and-Image-.webp\",\"contentUrl\":\"https:\\\/\\\/www.trustedtranslations.com\\\/wp-content\\\/uploads\\\/2024\\\/02\\\/tt-icon_Illustrations-and-Image-.webp\",\"width\":151,\"height\":151,\"caption\":\"tt icon Illustrations and Image\"},{\"@type\":\"BreadcrumbList\",\"@id\":\"https:\\\/\\\/www.trustedtranslations.com\\\/it\\\/servizi\\\/formati-di-file\\\/immagini#breadcrumb\",\"itemListElement\":[{\"@type\":\"ListItem\",\"position\":1,\"name\":\"Home\",\"item\":\"https:\\\/\\\/www.trustedtranslations.com\\\/it\"},{\"@type\":\"ListItem\",\"position\":2,\"name\":\"Servizi\",\"item\":\"https:\\\/\\\/www.trustedtranslations.com\\\/it\\\/servizi\"},{\"@type\":\"ListItem\",\"position\":3,\"name\":\"Formati di file\",\"item\":\"https:\\\/\\\/www.trustedtranslations.com\\\/it\\\/servizi\\\/formati-di-file\"},{\"@type\":\"ListItem\",\"position\":4,\"name\":\"Illustrazioni e immagini\"}]},{\"@type\":\"WebSite\",\"@id\":\"https:\\\/\\\/www.trustedtranslations.com\\\/it\\\/#website\",\"url\":\"https:\\\/\\\/www.trustedtranslations.com\\\/it\\\/\",\"name\":\"Trusted Translations, Inc.\",\"description\":\"Leader in translation and interpretation services.\",\"publisher\":{\"@id\":\"https:\\\/\\\/www.trustedtranslations.com\\\/it\\\/#organization\"},\"alternateName\":\"Trusted Translations\",\"potentialAction\":[{\"@type\":\"SearchAction\",\"target\":{\"@type\":\"EntryPoint\",\"urlTemplate\":\"https:\\\/\\\/www.trustedtranslations.com\\\/it\\\/?s={search_term_string}\"},\"query-input\":{\"@type\":\"PropertyValueSpecification\",\"valueRequired\":true,\"valueName\":\"search_term_string\"}}],\"inLanguage\":\"it-IT\"},{\"@type\":\"Organization\",\"@id\":\"https:\\\/\\\/www.trustedtranslations.com\\\/it\\\/#organization\",\"name\":\"Trusted Translations\",\"alternateName\":\"Trusted Translations, Inc.\",\"url\":\"https:\\\/\\\/www.trustedtranslations.com\\\/it\\\/\",\"logo\":{\"@type\":\"ImageObject\",\"inLanguage\":\"it-IT\",\"@id\":\"https:\\\/\\\/www.trustedtranslations.com\\\/it\\\/#\\\/schema\\\/logo\\\/image\\\/\",\"url\":\"https:\\\/\\\/static.trustedtranslations.com\\\/wp-content\\\/uploads\\\/2022\\\/01\\\/TT_logo_WSIColors-2.png\",\"contentUrl\":\"https:\\\/\\\/static.trustedtranslations.com\\\/wp-content\\\/uploads\\\/2022\\\/01\\\/TT_logo_WSIColors-2.png\",\"width\":500,\"height\":196,\"caption\":\"Trusted Translations\"},\"image\":{\"@id\":\"https:\\\/\\\/www.trustedtranslations.com\\\/it\\\/#\\\/schema\\\/logo\\\/image\\\/\"},\"sameAs\":[\"https:\\\/\\\/www.facebook.com\\\/Trusted.Translations\",\"https:\\\/\\\/x.com\\\/TrustedT9ns\",\"https:\\\/\\\/www.linkedin.com\\\/company\\\/trusted-translations\"]}]}<\/script>\n<!-- \/ Yoast SEO plugin. -->","yoast_head_json":{"title":"Servizi di traduzione di illustrazioni e immagini - Trusted Translations, Inc.","description":"Noi di Trusted Translations lavoriamo con diversi formati di file immagine e traduciamo tutte le vostre immagini, anche se create con una grafica pesante o un design complesso.","robots":{"index":"index","follow":"follow","max-snippet":"max-snippet:-1","max-image-preview":"max-image-preview:large","max-video-preview":"max-video-preview:-1"},"canonical":"https:\/\/www.trustedtranslations.com\/it\/servizi\/formati-di-file\/immagini","og_locale":"it_IT","og_type":"article","og_title":"Servizi di traduzione di illustrazioni e immagini - Trusted Translations, Inc.","og_description":"Noi di Trusted Translations lavoriamo con diversi formati di file immagine e traduciamo tutte le vostre immagini, anche se create con una grafica pesante o un design complesso.","og_url":"https:\/\/www.trustedtranslations.com\/it\/servizi\/formati-di-file\/immagini","og_site_name":"Trusted Translations, Inc.","article_publisher":"https:\/\/www.facebook.com\/Trusted.Translations","article_modified_time":"2024-09-02T21:33:30+00:00","og_image":[{"width":151,"height":151,"url":"https:\/\/static.trustedtranslations.com\/wp-content\/uploads\/2024\/02\/tt-icon_Illustrations-and-Image-.webp","type":"image\/webp"}],"twitter_card":"summary_large_image","twitter_site":"@TrustedT9ns","schema":{"@context":"https:\/\/schema.org","@graph":[{"@type":"WebPage","@id":"https:\/\/www.trustedtranslations.com\/it\/servizi\/formati-di-file\/immagini","url":"https:\/\/www.trustedtranslations.com\/it\/servizi\/formati-di-file\/immagini","name":"Servizi di traduzione di illustrazioni e immagini - Trusted Translations, Inc.","isPartOf":{"@id":"https:\/\/www.trustedtranslations.com\/it\/#website"},"primaryImageOfPage":{"@id":"https:\/\/www.trustedtranslations.com\/it\/servizi\/formati-di-file\/immagini#primaryimage"},"image":{"@id":"https:\/\/www.trustedtranslations.com\/it\/servizi\/formati-di-file\/immagini#primaryimage"},"thumbnailUrl":"https:\/\/www.trustedtranslations.com\/wp-content\/uploads\/2024\/02\/tt-icon_Illustrations-and-Image-.webp","description":"Noi di Trusted Translations lavoriamo con diversi formati di file immagine e traduciamo tutte le vostre immagini, anche se create con una grafica pesante o un design complesso.","breadcrumb":{"@id":"https:\/\/www.trustedtranslations.com\/it\/servizi\/formati-di-file\/immagini#breadcrumb"},"inLanguage":"it-IT","potentialAction":[{"@type":"ReadAction","target":["https:\/\/www.trustedtranslations.com\/it\/servizi\/formati-di-file\/immagini"]}]},{"@type":"ImageObject","inLanguage":"it-IT","@id":"https:\/\/www.trustedtranslations.com\/it\/servizi\/formati-di-file\/immagini#primaryimage","url":"https:\/\/www.trustedtranslations.com\/wp-content\/uploads\/2024\/02\/tt-icon_Illustrations-and-Image-.webp","contentUrl":"https:\/\/www.trustedtranslations.com\/wp-content\/uploads\/2024\/02\/tt-icon_Illustrations-and-Image-.webp","width":151,"height":151,"caption":"tt icon Illustrations and Image"},{"@type":"BreadcrumbList","@id":"https:\/\/www.trustedtranslations.com\/it\/servizi\/formati-di-file\/immagini#breadcrumb","itemListElement":[{"@type":"ListItem","position":1,"name":"Home","item":"https:\/\/www.trustedtranslations.com\/it"},{"@type":"ListItem","position":2,"name":"Servizi","item":"https:\/\/www.trustedtranslations.com\/it\/servizi"},{"@type":"ListItem","position":3,"name":"Formati di file","item":"https:\/\/www.trustedtranslations.com\/it\/servizi\/formati-di-file"},{"@type":"ListItem","position":4,"name":"Illustrazioni e immagini"}]},{"@type":"WebSite","@id":"https:\/\/www.trustedtranslations.com\/it\/#website","url":"https:\/\/www.trustedtranslations.com\/it\/","name":"Trusted Translations, Inc.","description":"Leader in translation and interpretation services.","publisher":{"@id":"https:\/\/www.trustedtranslations.com\/it\/#organization"},"alternateName":"Trusted Translations","potentialAction":[{"@type":"SearchAction","target":{"@type":"EntryPoint","urlTemplate":"https:\/\/www.trustedtranslations.com\/it\/?s={search_term_string}"},"query-input":{"@type":"PropertyValueSpecification","valueRequired":true,"valueName":"search_term_string"}}],"inLanguage":"it-IT"},{"@type":"Organization","@id":"https:\/\/www.trustedtranslations.com\/it\/#organization","name":"Trusted Translations","alternateName":"Trusted Translations, Inc.","url":"https:\/\/www.trustedtranslations.com\/it\/","logo":{"@type":"ImageObject","inLanguage":"it-IT","@id":"https:\/\/www.trustedtranslations.com\/it\/#\/schema\/logo\/image\/","url":"https:\/\/static.trustedtranslations.com\/wp-content\/uploads\/2022\/01\/TT_logo_WSIColors-2.png","contentUrl":"https:\/\/static.trustedtranslations.com\/wp-content\/uploads\/2022\/01\/TT_logo_WSIColors-2.png","width":500,"height":196,"caption":"Trusted Translations"},"image":{"@id":"https:\/\/www.trustedtranslations.com\/it\/#\/schema\/logo\/image\/"},"sameAs":["https:\/\/www.facebook.com\/Trusted.Translations","https:\/\/x.com\/TrustedT9ns","https:\/\/www.linkedin.com\/company\/trusted-translations"]}]}},"toolset-meta":{"dyk":{"mensaje-1":{"type":"textfield","raw":"Eliminiamo i problemi legati all\u2019assunzione di una societ\u00e0 di design separata per riformattare le immagini."},"mensaje-2":{"type":"textfield","raw":"Su richiesta, collaboreremo con il vostro team di desktop publishing."},"mensaje-3":{"type":"textfield","raw":"Ci assicuriamo che le traduzioni di immagini vi vengano consegnate pronte per l\u2019utilizzo immediato."},"mensaje-4":{"type":"textfield","raw":"Il nostro team di desktop publishing \u00e8 specializzato in servizi di progettazione relativi alla traduzione."},"mensaje-5":{"type":"textfield","raw":""},"mensaje-6":{"type":"textfield","raw":""}},"single-page-template-fields":{"imgs-temp":{"type":"image","raw":["https:\/\/static.trustedtranslations.com\/wp-content\/uploads\/2024\/06\/ilustration-final-1-1.webp"],"repeatable":[{"raw":"https:\/\/static.trustedtranslations.com\/wp-content\/uploads\/2024\/06\/ilustration-final-1-1.webp"}]},"imgs-temp-cel":{"type":"image","raw":[""],"repeatable":[{"raw":""}]},"img-temp-one-cel":{"type":"image","raw":"https:\/\/static.trustedtranslations.com\/wp-content\/uploads\/2024\/03\/AdobeStock_385542563-2-1.webp","attachment_id":null},"quotes":{"type":"textarea","raw":"<h1 style=\"margin-bottom: 12px;\">Servizi di traduzione di illustrazioni e immagini<\/h1>\r\n\u00c8 essenziale garantire l'accuratezza delle traduzioni delle immagini per raggiungere e coinvolgere un pubblico pi\u00f9 ampio. Poich\u00e9 un'immagine, come gli slogan aziendali, offre generalmente poco spazio per integrare grandi quantit\u00e0 di testo, \u00e8 di vitale importanza che la tua traduzione sia non solo accurata, ma anche appropriata per il tuo pubblico. Presso Trusted Translations, lavoriamo con numerosi formati di file immagine, tra cui JPEG, JPG, TIFF, BMP, PNG, EMF, GIF e molti altri.\r\n<div style=\"margin-top: 2.5vw;\"><a class=\"tt-btn-main-cta\" href=\"\/it\/quote\">RICHIEDI UN PREVENTIVO GRATUITO<\/a><\/div>"},"text-1":{"type":"textarea","raw":"<h2>Servizi di traduzione di immagini per qualsiasi formato di file da parte di esperti<\/h2>\r\nSia che il tuo progetto sia stato creato con Adobe Photoshop, Adobe Illustrator o qualsiasi altro formato di file, il team di esperti di\u00a0<em>Trusted Translations<\/em>\u00a0si assicurer\u00e0 che tutte le traduzioni delle tue immagini vengano consegnate pronte per l\u2019uso immediato.\r\n<h2>Processo di traduzione delle immagini<\/h2>\r\n<div class=\"pull-right tt-thumbnail hidden-xs\"><img src=\"https:\/\/www.trustedtranslations.com\/wp-content\/uploads\/img\/icons\/adobe-illustrator.png\" alt=\"Adobe Illustrator Icon\" \/><\/div>\r\nLa traduzione di un\u2019immagine comporta diverse fasi che richiedono l\u2019esperienza del nostro team professionale di traduttori e desktop publisher. A\u00a0<em>Trusted Translations<\/em>, i nostri traduttori esperti e desktop publisher sono pronti a soddisfare qualsiasi esigenza di traduzione di immagini, indipendentemente dalla loro complessit\u00e0. Non solo ci assicuriamo che la traduzione e il design siano della massima qualit\u00e0, ma teniamo conto anche dell\u2019importanza del tuo target di riferimento. Localizzeremo le tue immagini in modo da offrirti una portata pi\u00f9 ampia per raggiungere il pubblico corretto in modo appropriato. Quando riceviamo un\u2019immagine da tradurre, questa deve prima essere analizzata dal nostro team di esperti di desktop publishing per estrarre tutto il testo traducibile dalle immagini. Ci\u00f2 rende il testo compatibile con i nostri strumenti di traduzione assistita da computer (CAT Tool) che consentono una traduzione pi\u00f9 accurata del testo da parte dei nostri traduttori. Successivamente, il documento passa nuovamente attraverso il nostro team DTP per riadattare la formattazione delle immagini con il nuovo testo tradotto. Anche le immagini con grafica elaborata e design complessi saranno inviati pronti per l\u2019utilizzo immediato.\r\n<h2>Diversi tipi di immagini e illustrazioni<\/h2>\r\nNoi di\u00a0<em>Trusted Translations<\/em>\u00a0sappiamo che ogni tipo di traduzione di immagine \u00e8 unico \u2013 dalla fonte, al formato, al pubblico di destinazione. Per questo motivo ci preoccupiamo in modo particolare di assicurare che ogni traduzione di immagine sia sottoposta al processo pi\u00f9 vantaggioso per la sua destinazione finale. Ad esempio, uno scatto video subir\u00e0 un processo molto diverso da un\u2019illustrazione animata o da uno slogan aziendale. I nostri desktop publisher e traduttori specifici del settore garantiscono che ogni fase del processo sia eseguita in modo accurato, professionale e specifico per ogni singolo progetto di traduzione di immagini. Il nostro team di esperti \u00e8 in grado di determinare le misure da adottare per realizzare il prodotto finale pi\u00f9 efficace e vantaggioso, in modo da farti raggiungere il tuo target di riferimento ed espanderti a un pubblico ancora pi\u00f9 vasto."},"shortcode-map":{"type":"textfield","raw":""},"dyk-shortcode":{"type":"textfield","raw":"[elementor-template id=\"146751\"]"},"text-2":{"type":"textarea","raw":"<h2>Servizi di Desktop Publishing (DTP) per traduzioni di immagini<\/h2>\r\nA\u00a0<em>Trusted Translations<\/em>\u00a0siamo consapevoli che nel mondo del marketing, l\u2019immagine gioca un ruolo cruciale nell\u2019attrarre il tuo target di riferimento. Per questo motivo disponiamo di un team di desktop publishing dedicato, specializzato in servizi di progettazione legati alla traduzione di altissima qualit\u00e0 e con una velocit\u00e0 di consegna rapida. Una fase di desktop publishing \u00e8 sempre necessaria quando si tratta di traduzioni di immagini. In molti casi il documento deve passare attraverso il desktop publishing non una, ma due volte durante il processo di traduzione: prima della traduzione per estrarre il testo e dopo la traduzione per reintegrare il testo nelle immagini e riformattare il design. Tradurre un formato di file come Adobe Illustrator o Adobe Photoshop \u00e8 notoriamente complesso nell\u2019industria della traduzione; in primo luogo, questi formati di file non sono compatibili con i CAT Tool, quindi devono essere modificati manualmente da esperti di DTP estraendo il testo per poterlo tradurre. Allo stesso modo, il testo tradotto deve essere reincorporato nel formato originale per farlo sembrare come se non fosse mai stato tradotto. Una traduzione semplice pu\u00f2 diventare abbastanza ostica se si utilizzano fonti separate per traduzione e grafica. In questo caso,\u00a0<em>Trusted Translations<\/em>\u00a0\u00e8 la miglior soluzione completa. Non solo lavoriamo con i traduttori pi\u00f9 professionali ed esperti sul mercato, abbiamo anche a disposizione un team di desktop publishing con grande esperienza e specializzato in design legato al mondo delle traduzioni. Inoltre, possiamo collaborare con il team di progettazione della tua azienda, su richiesta.\r\n\r\nAffidandoti a\u00a0<em>Trusted Translations<\/em>, le tue immagini ti saranno restituite tradotte in modo professionale sempre nel loro formato e layout originale: non avrai bisogno di ulteriori passaggi."},"state":{"type":"textfield","raw":""},"city":{"type":"textarea","raw":[]}}},"_links":{"self":[{"href":"https:\/\/www.trustedtranslations.com\/it\/wp-json\/wp\/v2\/pages\/123317","targetHints":{"allow":["GET"]}}],"collection":[{"href":"https:\/\/www.trustedtranslations.com\/it\/wp-json\/wp\/v2\/pages"}],"about":[{"href":"https:\/\/www.trustedtranslations.com\/it\/wp-json\/wp\/v2\/types\/page"}],"author":[{"embeddable":true,"href":"https:\/\/www.trustedtranslations.com\/it\/wp-json\/wp\/v2\/users\/1"}],"replies":[{"embeddable":true,"href":"https:\/\/www.trustedtranslations.com\/it\/wp-json\/wp\/v2\/comments?post=123317"}],"version-history":[{"count":0,"href":"https:\/\/www.trustedtranslations.com\/it\/wp-json\/wp\/v2\/pages\/123317\/revisions"}],"up":[{"embeddable":true,"href":"https:\/\/www.trustedtranslations.com\/it\/wp-json\/wp\/v2\/pages\/123347"}],"wp:featuredmedia":[{"embeddable":true,"href":"https:\/\/www.trustedtranslations.com\/it\/wp-json\/wp\/v2\/media\/238224"}],"wp:attachment":[{"href":"https:\/\/www.trustedtranslations.com\/it\/wp-json\/wp\/v2\/media?parent=123317"}],"curies":[{"name":"wp","href":"https:\/\/api.w.org\/{rel}","templated":true}]}}