{"id":123322,"date":"2019-10-16T15:00:25","date_gmt":"2019-10-16T15:00:25","guid":{"rendered":"https:\/\/www.trustedtranslations.com\/?page_id=123322"},"modified":"2024-09-02T18:32:24","modified_gmt":"2024-09-02T21:32:24","slug":"autocad","status":"publish","type":"page","link":"https:\/\/www.trustedtranslations.com\/it\/servizi\/formati-di-file\/autocad","title":{"rendered":"AutoCAD"},"content":{"rendered":"","protected":false},"excerpt":{"rendered":"","protected":false},"author":1,"featured_media":238237,"parent":123347,"menu_order":12,"comment_status":"closed","ping_status":"closed","template":"","meta":{"site-sidebar-layout":"default","site-content-layout":"default","ast-site-content-layout":"default","site-content-style":"default","site-sidebar-style":"default","ast-global-header-display":"","ast-banner-title-visibility":"","ast-main-header-display":"","ast-hfb-above-header-display":"","ast-hfb-below-header-display":"","ast-hfb-mobile-header-display":"","site-post-title":"disabled","ast-breadcrumbs-content":"","ast-featured-img":"","footer-sml-layout":"","ast-disable-related-posts":"","theme-transparent-header-meta":"default","adv-header-id-meta":"","stick-header-meta":"","header-above-stick-meta":"","header-main-stick-meta":"","header-below-stick-meta":"","astra-migrate-meta-layouts":"set","ast-page-background-enabled":"default","ast-page-background-meta":{"desktop":{"background-color":"var(--ast-global-color-4)","background-image":"","background-repeat":"repeat","background-position":"center center","background-size":"auto","background-attachment":"scroll","background-type":"","background-media":"","overlay-type":"","overlay-color":"","overlay-opacity":"","overlay-gradient":""},"tablet":{"background-color":"","background-image":"","background-repeat":"repeat","background-position":"center center","background-size":"auto","background-attachment":"scroll","background-type":"","background-media":"","overlay-type":"","overlay-color":"","overlay-opacity":"","overlay-gradient":""},"mobile":{"background-color":"","background-image":"","background-repeat":"repeat","background-position":"center center","background-size":"auto","background-attachment":"scroll","background-type":"","background-media":"","overlay-type":"","overlay-color":"","overlay-opacity":"","overlay-gradient":""}},"ast-content-background-meta":{"desktop":{"background-color":"var(--ast-global-color-5)","background-image":"","background-repeat":"repeat","background-position":"center center","background-size":"auto","background-attachment":"scroll","background-type":"","background-media":"","overlay-type":"","overlay-color":"","overlay-opacity":"","overlay-gradient":""},"tablet":{"background-color":"var(--ast-global-color-5)","background-image":"","background-repeat":"repeat","background-position":"center center","background-size":"auto","background-attachment":"scroll","background-type":"","background-media":"","overlay-type":"","overlay-color":"","overlay-opacity":"","overlay-gradient":""},"mobile":{"background-color":"var(--ast-global-color-5)","background-image":"","background-repeat":"repeat","background-position":"center center","background-size":"auto","background-attachment":"scroll","background-type":"","background-media":"","overlay-type":"","overlay-color":"","overlay-opacity":"","overlay-gradient":""}},"footnotes":""},"class_list":["post-123322","page","type-page","status-publish","has-post-thumbnail","hentry"],"yoast_head":"<!-- This site is optimized with the Yoast SEO plugin v27.5 - https:\/\/yoast.com\/product\/yoast-seo-wordpress\/ -->\n<title>Servizi di traduzione AutoCAD - Trusted Translations, Inc.<\/title>\n<meta name=\"description\" content=\"Per le tue traduzioni di file in AutoCAD, Trusted Translations \u00e8 la soluzione completa per una traduzione accurata di file architettonici, di ingegneria o di costruzione.\" \/>\n<meta name=\"robots\" content=\"index, follow, max-snippet:-1, max-image-preview:large, max-video-preview:-1\" \/>\n<link rel=\"canonical\" href=\"https:\/\/www.trustedtranslations.com\/it\/servizi\/formati-di-file\/autocad\" \/>\n<meta property=\"og:locale\" content=\"it_IT\" \/>\n<meta property=\"og:type\" content=\"article\" \/>\n<meta property=\"og:title\" content=\"Servizi di traduzione AutoCAD - Trusted Translations, Inc.\" \/>\n<meta property=\"og:description\" content=\"Per le tue traduzioni di file in AutoCAD, Trusted Translations \u00e8 la soluzione completa per una traduzione accurata di file architettonici, di ingegneria o di costruzione.\" \/>\n<meta property=\"og:url\" content=\"https:\/\/www.trustedtranslations.com\/it\/servizi\/formati-di-file\/autocad\" \/>\n<meta property=\"og:site_name\" content=\"Trusted Translations, Inc.\" \/>\n<meta property=\"article:publisher\" content=\"https:\/\/www.facebook.com\/Trusted.Translations\" \/>\n<meta property=\"article:modified_time\" content=\"2024-09-02T21:32:24+00:00\" \/>\n<meta property=\"og:image\" content=\"https:\/\/static.trustedtranslations.com\/wp-content\/uploads\/2024\/02\/tt-icon_Translation-Services-for.webp\" \/>\n\t<meta property=\"og:image:width\" content=\"151\" \/>\n\t<meta property=\"og:image:height\" content=\"151\" \/>\n\t<meta property=\"og:image:type\" content=\"image\/webp\" \/>\n<meta name=\"twitter:card\" content=\"summary_large_image\" \/>\n<meta name=\"twitter:site\" content=\"@TrustedT9ns\" \/>\n<script type=\"application\/ld+json\" class=\"yoast-schema-graph\">{\"@context\":\"https:\\\/\\\/schema.org\",\"@graph\":[{\"@type\":\"WebPage\",\"@id\":\"https:\\\/\\\/www.trustedtranslations.com\\\/it\\\/servizi\\\/formati-di-file\\\/autocad\",\"url\":\"https:\\\/\\\/www.trustedtranslations.com\\\/it\\\/servizi\\\/formati-di-file\\\/autocad\",\"name\":\"Servizi di traduzione AutoCAD - Trusted Translations, Inc.\",\"isPartOf\":{\"@id\":\"https:\\\/\\\/www.trustedtranslations.com\\\/it\\\/#website\"},\"primaryImageOfPage\":{\"@id\":\"https:\\\/\\\/www.trustedtranslations.com\\\/it\\\/servizi\\\/formati-di-file\\\/autocad#primaryimage\"},\"image\":{\"@id\":\"https:\\\/\\\/www.trustedtranslations.com\\\/it\\\/servizi\\\/formati-di-file\\\/autocad#primaryimage\"},\"thumbnailUrl\":\"https:\\\/\\\/www.trustedtranslations.com\\\/wp-content\\\/uploads\\\/2024\\\/02\\\/tt-icon_Translation-Services-for.webp\",\"description\":\"Per le tue traduzioni di file in AutoCAD, Trusted Translations \u00e8 la soluzione completa per una traduzione accurata di file architettonici, di ingegneria o di costruzione.\",\"breadcrumb\":{\"@id\":\"https:\\\/\\\/www.trustedtranslations.com\\\/it\\\/servizi\\\/formati-di-file\\\/autocad#breadcrumb\"},\"inLanguage\":\"it-IT\",\"potentialAction\":[{\"@type\":\"ReadAction\",\"target\":[\"https:\\\/\\\/www.trustedtranslations.com\\\/it\\\/servizi\\\/formati-di-file\\\/autocad\"]}]},{\"@type\":\"ImageObject\",\"inLanguage\":\"it-IT\",\"@id\":\"https:\\\/\\\/www.trustedtranslations.com\\\/it\\\/servizi\\\/formati-di-file\\\/autocad#primaryimage\",\"url\":\"https:\\\/\\\/www.trustedtranslations.com\\\/wp-content\\\/uploads\\\/2024\\\/02\\\/tt-icon_Translation-Services-for.webp\",\"contentUrl\":\"https:\\\/\\\/www.trustedtranslations.com\\\/wp-content\\\/uploads\\\/2024\\\/02\\\/tt-icon_Translation-Services-for.webp\",\"width\":151,\"height\":151,\"caption\":\"tt icon Translation Services for\"},{\"@type\":\"BreadcrumbList\",\"@id\":\"https:\\\/\\\/www.trustedtranslations.com\\\/it\\\/servizi\\\/formati-di-file\\\/autocad#breadcrumb\",\"itemListElement\":[{\"@type\":\"ListItem\",\"position\":1,\"name\":\"Home\",\"item\":\"https:\\\/\\\/www.trustedtranslations.com\\\/it\"},{\"@type\":\"ListItem\",\"position\":2,\"name\":\"Servizi\",\"item\":\"https:\\\/\\\/www.trustedtranslations.com\\\/it\\\/servizi\"},{\"@type\":\"ListItem\",\"position\":3,\"name\":\"Formati di file\",\"item\":\"https:\\\/\\\/www.trustedtranslations.com\\\/it\\\/servizi\\\/formati-di-file\"},{\"@type\":\"ListItem\",\"position\":4,\"name\":\"AutoCAD\"}]},{\"@type\":\"WebSite\",\"@id\":\"https:\\\/\\\/www.trustedtranslations.com\\\/it\\\/#website\",\"url\":\"https:\\\/\\\/www.trustedtranslations.com\\\/it\\\/\",\"name\":\"Trusted Translations, Inc.\",\"description\":\"Leader in translation and interpretation services.\",\"publisher\":{\"@id\":\"https:\\\/\\\/www.trustedtranslations.com\\\/it\\\/#organization\"},\"alternateName\":\"Trusted Translations\",\"potentialAction\":[{\"@type\":\"SearchAction\",\"target\":{\"@type\":\"EntryPoint\",\"urlTemplate\":\"https:\\\/\\\/www.trustedtranslations.com\\\/it\\\/?s={search_term_string}\"},\"query-input\":{\"@type\":\"PropertyValueSpecification\",\"valueRequired\":true,\"valueName\":\"search_term_string\"}}],\"inLanguage\":\"it-IT\"},{\"@type\":\"Organization\",\"@id\":\"https:\\\/\\\/www.trustedtranslations.com\\\/it\\\/#organization\",\"name\":\"Trusted Translations\",\"alternateName\":\"Trusted Translations, Inc.\",\"url\":\"https:\\\/\\\/www.trustedtranslations.com\\\/it\\\/\",\"logo\":{\"@type\":\"ImageObject\",\"inLanguage\":\"it-IT\",\"@id\":\"https:\\\/\\\/www.trustedtranslations.com\\\/it\\\/#\\\/schema\\\/logo\\\/image\\\/\",\"url\":\"https:\\\/\\\/static.trustedtranslations.com\\\/wp-content\\\/uploads\\\/2022\\\/01\\\/TT_logo_WSIColors-2.png\",\"contentUrl\":\"https:\\\/\\\/static.trustedtranslations.com\\\/wp-content\\\/uploads\\\/2022\\\/01\\\/TT_logo_WSIColors-2.png\",\"width\":500,\"height\":196,\"caption\":\"Trusted Translations\"},\"image\":{\"@id\":\"https:\\\/\\\/www.trustedtranslations.com\\\/it\\\/#\\\/schema\\\/logo\\\/image\\\/\"},\"sameAs\":[\"https:\\\/\\\/www.facebook.com\\\/Trusted.Translations\",\"https:\\\/\\\/x.com\\\/TrustedT9ns\",\"https:\\\/\\\/www.linkedin.com\\\/company\\\/trusted-translations\"]}]}<\/script>\n<!-- \/ Yoast SEO plugin. -->","yoast_head_json":{"title":"Servizi di traduzione AutoCAD - Trusted Translations, Inc.","description":"Per le tue traduzioni di file in AutoCAD, Trusted Translations \u00e8 la soluzione completa per una traduzione accurata di file architettonici, di ingegneria o di costruzione.","robots":{"index":"index","follow":"follow","max-snippet":"max-snippet:-1","max-image-preview":"max-image-preview:large","max-video-preview":"max-video-preview:-1"},"canonical":"https:\/\/www.trustedtranslations.com\/it\/servizi\/formati-di-file\/autocad","og_locale":"it_IT","og_type":"article","og_title":"Servizi di traduzione AutoCAD - Trusted Translations, Inc.","og_description":"Per le tue traduzioni di file in AutoCAD, Trusted Translations \u00e8 la soluzione completa per una traduzione accurata di file architettonici, di ingegneria o di costruzione.","og_url":"https:\/\/www.trustedtranslations.com\/it\/servizi\/formati-di-file\/autocad","og_site_name":"Trusted Translations, Inc.","article_publisher":"https:\/\/www.facebook.com\/Trusted.Translations","article_modified_time":"2024-09-02T21:32:24+00:00","og_image":[{"width":151,"height":151,"url":"https:\/\/static.trustedtranslations.com\/wp-content\/uploads\/2024\/02\/tt-icon_Translation-Services-for.webp","type":"image\/webp"}],"twitter_card":"summary_large_image","twitter_site":"@TrustedT9ns","schema":{"@context":"https:\/\/schema.org","@graph":[{"@type":"WebPage","@id":"https:\/\/www.trustedtranslations.com\/it\/servizi\/formati-di-file\/autocad","url":"https:\/\/www.trustedtranslations.com\/it\/servizi\/formati-di-file\/autocad","name":"Servizi di traduzione AutoCAD - Trusted Translations, Inc.","isPartOf":{"@id":"https:\/\/www.trustedtranslations.com\/it\/#website"},"primaryImageOfPage":{"@id":"https:\/\/www.trustedtranslations.com\/it\/servizi\/formati-di-file\/autocad#primaryimage"},"image":{"@id":"https:\/\/www.trustedtranslations.com\/it\/servizi\/formati-di-file\/autocad#primaryimage"},"thumbnailUrl":"https:\/\/www.trustedtranslations.com\/wp-content\/uploads\/2024\/02\/tt-icon_Translation-Services-for.webp","description":"Per le tue traduzioni di file in AutoCAD, Trusted Translations \u00e8 la soluzione completa per una traduzione accurata di file architettonici, di ingegneria o di costruzione.","breadcrumb":{"@id":"https:\/\/www.trustedtranslations.com\/it\/servizi\/formati-di-file\/autocad#breadcrumb"},"inLanguage":"it-IT","potentialAction":[{"@type":"ReadAction","target":["https:\/\/www.trustedtranslations.com\/it\/servizi\/formati-di-file\/autocad"]}]},{"@type":"ImageObject","inLanguage":"it-IT","@id":"https:\/\/www.trustedtranslations.com\/it\/servizi\/formati-di-file\/autocad#primaryimage","url":"https:\/\/www.trustedtranslations.com\/wp-content\/uploads\/2024\/02\/tt-icon_Translation-Services-for.webp","contentUrl":"https:\/\/www.trustedtranslations.com\/wp-content\/uploads\/2024\/02\/tt-icon_Translation-Services-for.webp","width":151,"height":151,"caption":"tt icon Translation Services for"},{"@type":"BreadcrumbList","@id":"https:\/\/www.trustedtranslations.com\/it\/servizi\/formati-di-file\/autocad#breadcrumb","itemListElement":[{"@type":"ListItem","position":1,"name":"Home","item":"https:\/\/www.trustedtranslations.com\/it"},{"@type":"ListItem","position":2,"name":"Servizi","item":"https:\/\/www.trustedtranslations.com\/it\/servizi"},{"@type":"ListItem","position":3,"name":"Formati di file","item":"https:\/\/www.trustedtranslations.com\/it\/servizi\/formati-di-file"},{"@type":"ListItem","position":4,"name":"AutoCAD"}]},{"@type":"WebSite","@id":"https:\/\/www.trustedtranslations.com\/it\/#website","url":"https:\/\/www.trustedtranslations.com\/it\/","name":"Trusted Translations, Inc.","description":"Leader in translation and interpretation services.","publisher":{"@id":"https:\/\/www.trustedtranslations.com\/it\/#organization"},"alternateName":"Trusted Translations","potentialAction":[{"@type":"SearchAction","target":{"@type":"EntryPoint","urlTemplate":"https:\/\/www.trustedtranslations.com\/it\/?s={search_term_string}"},"query-input":{"@type":"PropertyValueSpecification","valueRequired":true,"valueName":"search_term_string"}}],"inLanguage":"it-IT"},{"@type":"Organization","@id":"https:\/\/www.trustedtranslations.com\/it\/#organization","name":"Trusted Translations","alternateName":"Trusted Translations, Inc.","url":"https:\/\/www.trustedtranslations.com\/it\/","logo":{"@type":"ImageObject","inLanguage":"it-IT","@id":"https:\/\/www.trustedtranslations.com\/it\/#\/schema\/logo\/image\/","url":"https:\/\/static.trustedtranslations.com\/wp-content\/uploads\/2022\/01\/TT_logo_WSIColors-2.png","contentUrl":"https:\/\/static.trustedtranslations.com\/wp-content\/uploads\/2022\/01\/TT_logo_WSIColors-2.png","width":500,"height":196,"caption":"Trusted Translations"},"image":{"@id":"https:\/\/www.trustedtranslations.com\/it\/#\/schema\/logo\/image\/"},"sameAs":["https:\/\/www.facebook.com\/Trusted.Translations","https:\/\/x.com\/TrustedT9ns","https:\/\/www.linkedin.com\/company\/trusted-translations"]}]}},"toolset-meta":{"dyk":{"mensaje-1":{"type":"textfield","raw":"Manteniamo il formato originale di tutti i progetti di traduzione AutoCAD."},"mensaje-2":{"type":"textfield","raw":"Traduciamo progetti di architettura, ingegneria e graphic design."},"mensaje-3":{"type":"textfield","raw":"Eliminiamo le barriere linguistiche in modo da poter condividere il vostro progetto AutoCAD a livello globale."},"mensaje-4":{"type":"textfield","raw":"Vi consegneremo i progetti di traduzione AutoCAD pronti per l\u2019utilizzo immediato."},"mensaje-5":{"type":"textfield","raw":""},"mensaje-6":{"type":"textfield","raw":""}},"single-page-template-fields":{"imgs-temp":{"type":"image","raw":["https:\/\/static.trustedtranslations.com\/wp-content\/uploads\/2024\/06\/autocad-final-1.webp","https:\/\/static.trustedtranslations.com\/wp-content\/uploads\/2024\/06\/autocad-final-3-1-1.webp"],"repeatable":[{"raw":"https:\/\/static.trustedtranslations.com\/wp-content\/uploads\/2024\/06\/autocad-final-1.webp"},{"raw":"https:\/\/static.trustedtranslations.com\/wp-content\/uploads\/2024\/06\/autocad-final-3-1-1.webp"}]},"imgs-temp-cel":{"type":"image","raw":[""],"repeatable":[{"raw":""}]},"img-temp-one-cel":{"type":"image","raw":"https:\/\/static.trustedtranslations.com\/wp-content\/uploads\/2024\/03\/document-final-5-1.webp","attachment_id":null},"quotes":{"type":"textarea","raw":"<h1 style=\"margin-bottom: 12px;\">Servizi di traduzione di file AutoCAD<\/h1>\r\nI documenti di AutoCAD sono tra i formati di file pi\u00f9 complessi da tradurre e il team di professionisti di Trusted Translations ha le conoscenze e le competenze necessarie per renderla un\u2019esperienza davvero perfetta per tutte le tue esigenze di traduzione in AutoCAD. Quando lavori con noi, ti garantiamo un prodotto accuratamente tradotto e progettato in modo da poter concentrarti sulle competenze chiave della vostra azienda, che si tratti di ingegneria, architettura o design grafico.\r\n<div style=\"margin-top: 2.5vw;\"><a class=\"tt-btn-main-cta\" href=\"\/it\/quote\">RICHIEDI UN PREVENTIVO GRATUITO<\/a><\/div>"},"text-1":{"type":"textarea","raw":"<h2>Servizi di traduzione completa AutoCAD<\/h2>\r\n<em>Trusted Translations<\/em>\u00a0\u00e8 la soluzione completa per tutte le tue esigenze di traduzione in AutoCAD, da traduttori specifici del settore a desktop publisher professionisti, il nostro team di esperti abbatter\u00e0 le barriere linguistiche in modo da poter condividere i tuoi progetti AutoCAD in qualsiasi lingua.\r\n<h2>Traduzioni per ingegneri, architetti e grafici<\/h2>\r\nNoi di\u00a0<em>Trusted Translations<\/em>\u00a0comprendiamo l\u2019importanza dell\u2019accuratezza e della precisione nell\u2019industria meccanica, architettonica e grafica. Ecco perch\u00e9 lavoriamo solo con i traduttori pi\u00f9 esperti del settore che aiutano a eliminare le barriere comunicative, in modo che tu possa condividere il tuo progetto AutoCAD con chiunque nel mondo. Forniamo le traduzioni pi\u00f9 precise per progetti di architettura, ingegneria e grafica in modo da essere certi che ogni dettaglio del tuo progetto sia comunicato con precisione. Non solo forniamo traduzioni di progetti AutoCAD di altissima qualit\u00e0 nel settore, ma offriamo anche i servizi del nostro team interno di desktop publishing in modo da poter fornire ai nostri clienti un progetto AutoCAD completamente tradotto, formattato e progettato, pronto per l\u2019uso immediato. Inoltre, potrai collaborare direttamente con il team di progettazione, su richiesta."},"shortcode-map":{"type":"textfield","raw":""},"dyk-shortcode":{"type":"textfield","raw":"[elementor-template id=\"146751\"]"},"text-2":{"type":"textarea","raw":"<h2>Processo di traduzione AutoCAD<\/h2>\r\nDopo aver ricevuto un progetto di traduzione in AutoCAD, il nostro team di desktop publishing estrae innanzitutto tutto il testo traducibile dal documento. Questo permette una traduzione pi\u00f9 accurata da parte dei nostri traduttori professionisti che sono in grado di utilizzare gli strumenti di traduzione assistita da computer (CAT Tool). Infine, il testo tradotto viene reincorporato nel documento originale dal nostro team di desktop publishing al fine di riadattare la formattazione e il layout per farlo sembrare come se non fosse mai stato tradotto. I nostri traduttori specifici del settore tradurranno accuratamente e professionalmente tutti i tuoi documenti AutoCAD, mentre il nostro team di desktop publishing si assicurer\u00e0 che il formato e il layout originale del tuo documento sia conservato.\r\n<h2>Traduzioni specifiche del settore dei file AutoCAD<\/h2>\r\nNoi di\u00a0<em>Trusted Translations<\/em>\u00a0comprendiamo l\u2019importanza della precisione e della traduzione specifica del settore. Questo \u00e8 il motivo per cui assegniamo ogni progetto di traduzione a esperti specifici del settore, in grado di fornire la traduzione pi\u00f9 accurata e professionale del settore. Assegniamo i progetti AutoCAD solo a traduttori che hanno esperienza di traduzioni tecniche e una conoscenza approfondita di AutoCAD, in modo da poter trasmettere il tuo messaggio nel modo pi\u00f9 preciso possibile nella lingua di destinazione. Il team di traduttori professionisti di\u00a0<em>Trusted Translations<\/em>\u00a0non lascia nessun dettaglio incustodito. Il nostro team comprende che nell\u2019industria meccanica e architettonica, la precisione di ogni unit\u00e0 e misura \u00e8 della massima importanza. Ecco perch\u00e9 i nostri traduttori si assicurano che le unit\u00e0 e le misure all\u2019interno del tuo progetto AutoCAD siano convertite nel modo pi\u00f9 preciso possibile. Questo ci permette di fornire ai nostri clienti una traduzione completa e accurata di AutoCAD pronta per l\u2019uso immediato."},"state":{"type":"textfield","raw":""},"city":{"type":"textarea","raw":[]}}},"_links":{"self":[{"href":"https:\/\/www.trustedtranslations.com\/it\/wp-json\/wp\/v2\/pages\/123322","targetHints":{"allow":["GET"]}}],"collection":[{"href":"https:\/\/www.trustedtranslations.com\/it\/wp-json\/wp\/v2\/pages"}],"about":[{"href":"https:\/\/www.trustedtranslations.com\/it\/wp-json\/wp\/v2\/types\/page"}],"author":[{"embeddable":true,"href":"https:\/\/www.trustedtranslations.com\/it\/wp-json\/wp\/v2\/users\/1"}],"replies":[{"embeddable":true,"href":"https:\/\/www.trustedtranslations.com\/it\/wp-json\/wp\/v2\/comments?post=123322"}],"version-history":[{"count":0,"href":"https:\/\/www.trustedtranslations.com\/it\/wp-json\/wp\/v2\/pages\/123322\/revisions"}],"up":[{"embeddable":true,"href":"https:\/\/www.trustedtranslations.com\/it\/wp-json\/wp\/v2\/pages\/123347"}],"wp:featuredmedia":[{"embeddable":true,"href":"https:\/\/www.trustedtranslations.com\/it\/wp-json\/wp\/v2\/media\/238237"}],"wp:attachment":[{"href":"https:\/\/www.trustedtranslations.com\/it\/wp-json\/wp\/v2\/media?parent=123322"}],"curies":[{"name":"wp","href":"https:\/\/api.w.org\/{rel}","templated":true}]}}