{"id":123323,"date":"2019-10-16T15:00:20","date_gmt":"2019-10-16T15:00:20","guid":{"rendered":"https:\/\/www.trustedtranslations.com\/?page_id=123323"},"modified":"2024-09-02T18:32:56","modified_gmt":"2024-09-02T21:32:56","slug":"coreldraw","status":"publish","type":"page","link":"https:\/\/www.trustedtranslations.com\/it\/servizi\/formati-di-file\/coreldraw","title":{"rendered":"Coreldraw"},"content":{"rendered":"","protected":false},"excerpt":{"rendered":"","protected":false},"author":1,"featured_media":238276,"parent":123347,"menu_order":16,"comment_status":"closed","ping_status":"closed","template":"","meta":{"site-sidebar-layout":"default","site-content-layout":"default","ast-site-content-layout":"default","site-content-style":"default","site-sidebar-style":"default","ast-global-header-display":"","ast-banner-title-visibility":"","ast-main-header-display":"","ast-hfb-above-header-display":"","ast-hfb-below-header-display":"","ast-hfb-mobile-header-display":"","site-post-title":"disabled","ast-breadcrumbs-content":"","ast-featured-img":"","footer-sml-layout":"","ast-disable-related-posts":"","theme-transparent-header-meta":"default","adv-header-id-meta":"","stick-header-meta":"","header-above-stick-meta":"","header-main-stick-meta":"","header-below-stick-meta":"","astra-migrate-meta-layouts":"set","ast-page-background-enabled":"default","ast-page-background-meta":{"desktop":{"background-color":"var(--ast-global-color-4)","background-image":"","background-repeat":"repeat","background-position":"center center","background-size":"auto","background-attachment":"scroll","background-type":"","background-media":"","overlay-type":"","overlay-color":"","overlay-opacity":"","overlay-gradient":""},"tablet":{"background-color":"","background-image":"","background-repeat":"repeat","background-position":"center center","background-size":"auto","background-attachment":"scroll","background-type":"","background-media":"","overlay-type":"","overlay-color":"","overlay-opacity":"","overlay-gradient":""},"mobile":{"background-color":"","background-image":"","background-repeat":"repeat","background-position":"center center","background-size":"auto","background-attachment":"scroll","background-type":"","background-media":"","overlay-type":"","overlay-color":"","overlay-opacity":"","overlay-gradient":""}},"ast-content-background-meta":{"desktop":{"background-color":"var(--ast-global-color-5)","background-image":"","background-repeat":"repeat","background-position":"center center","background-size":"auto","background-attachment":"scroll","background-type":"","background-media":"","overlay-type":"","overlay-color":"","overlay-opacity":"","overlay-gradient":""},"tablet":{"background-color":"var(--ast-global-color-5)","background-image":"","background-repeat":"repeat","background-position":"center center","background-size":"auto","background-attachment":"scroll","background-type":"","background-media":"","overlay-type":"","overlay-color":"","overlay-opacity":"","overlay-gradient":""},"mobile":{"background-color":"var(--ast-global-color-5)","background-image":"","background-repeat":"repeat","background-position":"center center","background-size":"auto","background-attachment":"scroll","background-type":"","background-media":"","overlay-type":"","overlay-color":"","overlay-opacity":"","overlay-gradient":""}},"footnotes":""},"class_list":["post-123323","page","type-page","status-publish","has-post-thumbnail","hentry"],"yoast_head":"<!-- This site is optimized with the Yoast SEO plugin v27.3 - https:\/\/yoast.com\/product\/yoast-seo-wordpress\/ -->\n<title>Servizi di traduzione CorelDRAW - Trusted Translations, Inc.<\/title>\n<meta name=\"description\" content=\"Il team di esperti di Trusted Translations tradurr\u00e0 e formatter\u00e0 le tue brochure, loghi, grafica web e altro ancora in CorelDRAW, in modo da poter raggiungere un pubblico globale.\" \/>\n<meta name=\"robots\" content=\"index, follow, max-snippet:-1, max-image-preview:large, max-video-preview:-1\" \/>\n<link rel=\"canonical\" href=\"https:\/\/www.trustedtranslations.com\/it\/servizi\/formati-di-file\/coreldraw\" \/>\n<meta property=\"og:locale\" content=\"it_IT\" \/>\n<meta property=\"og:type\" content=\"article\" \/>\n<meta property=\"og:title\" content=\"Servizi di traduzione CorelDRAW - Trusted Translations, Inc.\" \/>\n<meta property=\"og:description\" content=\"Il team di esperti di Trusted Translations tradurr\u00e0 e formatter\u00e0 le tue brochure, loghi, grafica web e altro ancora in CorelDRAW, in modo da poter raggiungere un pubblico globale.\" \/>\n<meta property=\"og:url\" content=\"https:\/\/www.trustedtranslations.com\/it\/servizi\/formati-di-file\/coreldraw\" \/>\n<meta property=\"og:site_name\" content=\"Trusted Translations, Inc.\" \/>\n<meta property=\"article:publisher\" content=\"https:\/\/www.facebook.com\/Trusted.Translations\" \/>\n<meta property=\"article:modified_time\" content=\"2024-09-02T21:32:56+00:00\" \/>\n<meta property=\"og:image\" content=\"https:\/\/static.trustedtranslations.com\/wp-content\/uploads\/2024\/02\/tt-icon_CorelDRAW-Translation-Se.webp\" \/>\n\t<meta property=\"og:image:width\" content=\"151\" \/>\n\t<meta property=\"og:image:height\" content=\"151\" \/>\n\t<meta property=\"og:image:type\" content=\"image\/webp\" \/>\n<meta name=\"twitter:card\" content=\"summary_large_image\" \/>\n<meta name=\"twitter:site\" content=\"@TrustedT9ns\" \/>\n<script type=\"application\/ld+json\" class=\"yoast-schema-graph\">{\"@context\":\"https:\\\/\\\/schema.org\",\"@graph\":[{\"@type\":\"WebPage\",\"@id\":\"https:\\\/\\\/www.trustedtranslations.com\\\/it\\\/servizi\\\/formati-di-file\\\/coreldraw\",\"url\":\"https:\\\/\\\/www.trustedtranslations.com\\\/it\\\/servizi\\\/formati-di-file\\\/coreldraw\",\"name\":\"Servizi di traduzione CorelDRAW - Trusted Translations, Inc.\",\"isPartOf\":{\"@id\":\"https:\\\/\\\/www.trustedtranslations.com\\\/it\\\/#website\"},\"primaryImageOfPage\":{\"@id\":\"https:\\\/\\\/www.trustedtranslations.com\\\/it\\\/servizi\\\/formati-di-file\\\/coreldraw#primaryimage\"},\"image\":{\"@id\":\"https:\\\/\\\/www.trustedtranslations.com\\\/it\\\/servizi\\\/formati-di-file\\\/coreldraw#primaryimage\"},\"thumbnailUrl\":\"https:\\\/\\\/www.trustedtranslations.com\\\/wp-content\\\/uploads\\\/2024\\\/02\\\/tt-icon_CorelDRAW-Translation-Se.webp\",\"description\":\"Il team di esperti di Trusted Translations tradurr\u00e0 e formatter\u00e0 le tue brochure, loghi, grafica web e altro ancora in CorelDRAW, in modo da poter raggiungere un pubblico globale.\",\"breadcrumb\":{\"@id\":\"https:\\\/\\\/www.trustedtranslations.com\\\/it\\\/servizi\\\/formati-di-file\\\/coreldraw#breadcrumb\"},\"inLanguage\":\"it-IT\",\"potentialAction\":[{\"@type\":\"ReadAction\",\"target\":[\"https:\\\/\\\/www.trustedtranslations.com\\\/it\\\/servizi\\\/formati-di-file\\\/coreldraw\"]}]},{\"@type\":\"ImageObject\",\"inLanguage\":\"it-IT\",\"@id\":\"https:\\\/\\\/www.trustedtranslations.com\\\/it\\\/servizi\\\/formati-di-file\\\/coreldraw#primaryimage\",\"url\":\"https:\\\/\\\/www.trustedtranslations.com\\\/wp-content\\\/uploads\\\/2024\\\/02\\\/tt-icon_CorelDRAW-Translation-Se.webp\",\"contentUrl\":\"https:\\\/\\\/www.trustedtranslations.com\\\/wp-content\\\/uploads\\\/2024\\\/02\\\/tt-icon_CorelDRAW-Translation-Se.webp\",\"width\":151,\"height\":151,\"caption\":\"tt icon CorelDRAW Translation Se\"},{\"@type\":\"BreadcrumbList\",\"@id\":\"https:\\\/\\\/www.trustedtranslations.com\\\/it\\\/servizi\\\/formati-di-file\\\/coreldraw#breadcrumb\",\"itemListElement\":[{\"@type\":\"ListItem\",\"position\":1,\"name\":\"Home\",\"item\":\"https:\\\/\\\/www.trustedtranslations.com\\\/it\"},{\"@type\":\"ListItem\",\"position\":2,\"name\":\"Servizi\",\"item\":\"https:\\\/\\\/www.trustedtranslations.com\\\/it\\\/servizi\"},{\"@type\":\"ListItem\",\"position\":3,\"name\":\"Formati di file\",\"item\":\"https:\\\/\\\/www.trustedtranslations.com\\\/it\\\/servizi\\\/formati-di-file\"},{\"@type\":\"ListItem\",\"position\":4,\"name\":\"Coreldraw\"}]},{\"@type\":\"WebSite\",\"@id\":\"https:\\\/\\\/www.trustedtranslations.com\\\/it\\\/#website\",\"url\":\"https:\\\/\\\/www.trustedtranslations.com\\\/it\\\/\",\"name\":\"Trusted Translations, Inc.\",\"description\":\"Leader in translation and interpretation services.\",\"publisher\":{\"@id\":\"https:\\\/\\\/www.trustedtranslations.com\\\/it\\\/#organization\"},\"alternateName\":\"Trusted Translations\",\"potentialAction\":[{\"@type\":\"SearchAction\",\"target\":{\"@type\":\"EntryPoint\",\"urlTemplate\":\"https:\\\/\\\/www.trustedtranslations.com\\\/it\\\/?s={search_term_string}\"},\"query-input\":{\"@type\":\"PropertyValueSpecification\",\"valueRequired\":true,\"valueName\":\"search_term_string\"}}],\"inLanguage\":\"it-IT\"},{\"@type\":\"Organization\",\"@id\":\"https:\\\/\\\/www.trustedtranslations.com\\\/it\\\/#organization\",\"name\":\"Trusted Translations\",\"alternateName\":\"Trusted Translations, Inc.\",\"url\":\"https:\\\/\\\/www.trustedtranslations.com\\\/it\\\/\",\"logo\":{\"@type\":\"ImageObject\",\"inLanguage\":\"it-IT\",\"@id\":\"https:\\\/\\\/www.trustedtranslations.com\\\/it\\\/#\\\/schema\\\/logo\\\/image\\\/\",\"url\":\"https:\\\/\\\/static.trustedtranslations.com\\\/wp-content\\\/uploads\\\/2022\\\/01\\\/TT_logo_WSIColors-2.png\",\"contentUrl\":\"https:\\\/\\\/static.trustedtranslations.com\\\/wp-content\\\/uploads\\\/2022\\\/01\\\/TT_logo_WSIColors-2.png\",\"width\":500,\"height\":196,\"caption\":\"Trusted Translations\"},\"image\":{\"@id\":\"https:\\\/\\\/www.trustedtranslations.com\\\/it\\\/#\\\/schema\\\/logo\\\/image\\\/\"},\"sameAs\":[\"https:\\\/\\\/www.facebook.com\\\/Trusted.Translations\",\"https:\\\/\\\/x.com\\\/TrustedT9ns\",\"https:\\\/\\\/www.linkedin.com\\\/company\\\/trusted-translations\"]}]}<\/script>\n<!-- \/ Yoast SEO plugin. -->","yoast_head_json":{"title":"Servizi di traduzione CorelDRAW - Trusted Translations, Inc.","description":"Il team di esperti di Trusted Translations tradurr\u00e0 e formatter\u00e0 le tue brochure, loghi, grafica web e altro ancora in CorelDRAW, in modo da poter raggiungere un pubblico globale.","robots":{"index":"index","follow":"follow","max-snippet":"max-snippet:-1","max-image-preview":"max-image-preview:large","max-video-preview":"max-video-preview:-1"},"canonical":"https:\/\/www.trustedtranslations.com\/it\/servizi\/formati-di-file\/coreldraw","og_locale":"it_IT","og_type":"article","og_title":"Servizi di traduzione CorelDRAW - Trusted Translations, Inc.","og_description":"Il team di esperti di Trusted Translations tradurr\u00e0 e formatter\u00e0 le tue brochure, loghi, grafica web e altro ancora in CorelDRAW, in modo da poter raggiungere un pubblico globale.","og_url":"https:\/\/www.trustedtranslations.com\/it\/servizi\/formati-di-file\/coreldraw","og_site_name":"Trusted Translations, Inc.","article_publisher":"https:\/\/www.facebook.com\/Trusted.Translations","article_modified_time":"2024-09-02T21:32:56+00:00","og_image":[{"width":151,"height":151,"url":"https:\/\/static.trustedtranslations.com\/wp-content\/uploads\/2024\/02\/tt-icon_CorelDRAW-Translation-Se.webp","type":"image\/webp"}],"twitter_card":"summary_large_image","twitter_site":"@TrustedT9ns","schema":{"@context":"https:\/\/schema.org","@graph":[{"@type":"WebPage","@id":"https:\/\/www.trustedtranslations.com\/it\/servizi\/formati-di-file\/coreldraw","url":"https:\/\/www.trustedtranslations.com\/it\/servizi\/formati-di-file\/coreldraw","name":"Servizi di traduzione CorelDRAW - Trusted Translations, Inc.","isPartOf":{"@id":"https:\/\/www.trustedtranslations.com\/it\/#website"},"primaryImageOfPage":{"@id":"https:\/\/www.trustedtranslations.com\/it\/servizi\/formati-di-file\/coreldraw#primaryimage"},"image":{"@id":"https:\/\/www.trustedtranslations.com\/it\/servizi\/formati-di-file\/coreldraw#primaryimage"},"thumbnailUrl":"https:\/\/www.trustedtranslations.com\/wp-content\/uploads\/2024\/02\/tt-icon_CorelDRAW-Translation-Se.webp","description":"Il team di esperti di Trusted Translations tradurr\u00e0 e formatter\u00e0 le tue brochure, loghi, grafica web e altro ancora in CorelDRAW, in modo da poter raggiungere un pubblico globale.","breadcrumb":{"@id":"https:\/\/www.trustedtranslations.com\/it\/servizi\/formati-di-file\/coreldraw#breadcrumb"},"inLanguage":"it-IT","potentialAction":[{"@type":"ReadAction","target":["https:\/\/www.trustedtranslations.com\/it\/servizi\/formati-di-file\/coreldraw"]}]},{"@type":"ImageObject","inLanguage":"it-IT","@id":"https:\/\/www.trustedtranslations.com\/it\/servizi\/formati-di-file\/coreldraw#primaryimage","url":"https:\/\/www.trustedtranslations.com\/wp-content\/uploads\/2024\/02\/tt-icon_CorelDRAW-Translation-Se.webp","contentUrl":"https:\/\/www.trustedtranslations.com\/wp-content\/uploads\/2024\/02\/tt-icon_CorelDRAW-Translation-Se.webp","width":151,"height":151,"caption":"tt icon CorelDRAW Translation Se"},{"@type":"BreadcrumbList","@id":"https:\/\/www.trustedtranslations.com\/it\/servizi\/formati-di-file\/coreldraw#breadcrumb","itemListElement":[{"@type":"ListItem","position":1,"name":"Home","item":"https:\/\/www.trustedtranslations.com\/it"},{"@type":"ListItem","position":2,"name":"Servizi","item":"https:\/\/www.trustedtranslations.com\/it\/servizi"},{"@type":"ListItem","position":3,"name":"Formati di file","item":"https:\/\/www.trustedtranslations.com\/it\/servizi\/formati-di-file"},{"@type":"ListItem","position":4,"name":"Coreldraw"}]},{"@type":"WebSite","@id":"https:\/\/www.trustedtranslations.com\/it\/#website","url":"https:\/\/www.trustedtranslations.com\/it\/","name":"Trusted Translations, Inc.","description":"Leader in translation and interpretation services.","publisher":{"@id":"https:\/\/www.trustedtranslations.com\/it\/#organization"},"alternateName":"Trusted Translations","potentialAction":[{"@type":"SearchAction","target":{"@type":"EntryPoint","urlTemplate":"https:\/\/www.trustedtranslations.com\/it\/?s={search_term_string}"},"query-input":{"@type":"PropertyValueSpecification","valueRequired":true,"valueName":"search_term_string"}}],"inLanguage":"it-IT"},{"@type":"Organization","@id":"https:\/\/www.trustedtranslations.com\/it\/#organization","name":"Trusted Translations","alternateName":"Trusted Translations, Inc.","url":"https:\/\/www.trustedtranslations.com\/it\/","logo":{"@type":"ImageObject","inLanguage":"it-IT","@id":"https:\/\/www.trustedtranslations.com\/it\/#\/schema\/logo\/image\/","url":"https:\/\/static.trustedtranslations.com\/wp-content\/uploads\/2022\/01\/TT_logo_WSIColors-2.png","contentUrl":"https:\/\/static.trustedtranslations.com\/wp-content\/uploads\/2022\/01\/TT_logo_WSIColors-2.png","width":500,"height":196,"caption":"Trusted Translations"},"image":{"@id":"https:\/\/www.trustedtranslations.com\/it\/#\/schema\/logo\/image\/"},"sameAs":["https:\/\/www.facebook.com\/Trusted.Translations","https:\/\/x.com\/TrustedT9ns","https:\/\/www.linkedin.com\/company\/trusted-translations"]}]}},"toolset-meta":{"dyk":{"mensaje-1":{"type":"textfield","raw":"Loghi privi di errori e altri materiali stampati sono essenziali per il marketing multilingue."},"mensaje-2":{"type":"textfield","raw":"I nostri desktop publisher sono esperti nella gestione della grafica di CorelDRAW."},"mensaje-3":{"type":"textfield","raw":"I nostri esperti sanno orientarsi tra le oltre 20 diverse versioni di CorelDRAW."},"mensaje-4":{"type":"textfield","raw":"Abbiamo lavorato a progetti di pubblicit\u00e0 su carta stampata e digitale per le migliori societ\u00e0 di marketing."},"mensaje-5":{"type":"textfield","raw":""},"mensaje-6":{"type":"textfield","raw":""}},"single-page-template-fields":{"imgs-temp":{"type":"image","raw":["https:\/\/static.trustedtranslations.com\/wp-content\/uploads\/2024\/06\/coreldraw-final-1-1.webp"],"repeatable":[{"raw":"https:\/\/static.trustedtranslations.com\/wp-content\/uploads\/2024\/06\/coreldraw-final-1-1.webp"}]},"imgs-temp-cel":{"type":"image","raw":[""],"repeatable":[{"raw":""}]},"img-temp-one-cel":{"type":"image","raw":"https:\/\/static.trustedtranslations.com\/wp-content\/uploads\/2024\/06\/AdobeStock_385542563-2-1.webp","attachment_id":null},"quotes":{"type":"textarea","raw":"<h1 style=\"margin-bottom: 12px;\">Servizi di traduzione CorelDRAW<\/h1>\r\nTrusted Translations \u00e8 una soluzione completa per tutti i vostri progetti di traduzione CorelDRAW. Se stai cercando di tradurre un logo aziendale, una brochure, una grafica web o annunci sui social media, non solo traduciamo e localizziamo professionalmente le tue creazioni originali, ma le riformattiamo e le progettiamo. La nostra soluzione completa aiuta a eliminare il problema di trovare e assumere una societ\u00e0 di progettazione separata per riformattare le immagini, potendo utilizzare immediatamente le immagini tradotte.\r\n<div style=\"margin-top: 2.5vw;\"><a class=\"tt-btn-main-cta\" href=\"\/it\/quote\">RICHIEDI UN PREVENTIVO GRATUITO<\/a><\/div>"},"text-1":{"type":"textarea","raw":"<h2>Metodo di traduzione dei file CorelDRAW<\/h2>\r\nSeguiamo una serie di passaggi quando lavoriamo su un progetto di traduzione CorelDRAW per garantire che il risultato sia della massima qualit\u00e0. Inoltre, lavoriamo con diversi formati tra cui .cdr, .cdx, .cdt e .cmx. Il primo passo che facciamo dopo aver ricevuto la tua creazione in CorelDRAW \u00e8 quello di consegnarlo al nostro team di esperti di desktop publishing in modo che possano estrarre tutto il testo traducibile. Ci\u00f2 permetter\u00e0 ai nostri traduttori di lavorare con i nostri strumenti di traduzione assistita da computer (CAT Tool), che permettono di conseguire la traduzione pi\u00f9 accurata ed efficace possibile. I nostri traduttori specializzati si accerteranno che il cliente riceva una traduzione e localizzazione professionali per qualsiasi creazione con CorelDRAW per raggiungere il tuo pubblico target con la pi\u00f9 alta precisione possibile. Successivamente, il documento passa attraverso una fase finale di desktop publishing per riadattare la formattazione e il layout con il nuovo testo tradotto. I nostri traduttori esperti non solo tradurranno, ma localizzeranno tutto, da loghi, brochure, grafica di siti web, pubblicit\u00e0 sui social media, solo per citarne alcuni, in modo da poter raggiungere il tuo target di riferimento e contemporaneamente raggiungere un pubblico pi\u00f9 ampio. Forniamo traduzioni di altissima qualit\u00e0 anche quando il progetto di traduzione comporta una grafica pesante o un layout di progettazione complesso; ogni traduzione sar\u00e0 consegnata progettata e pronta per l\u2019uso immediato.\r\n<h2>Lavorare con diverse versioni di CorelDRAW<\/h2>\r\nLa cronologia delle versioni di CorelDRAW \u00e8 lunga come con qualsiasi altro software consolidato, il che significa che ci sono diverse versioni (vale a dire 19) che possiamo incontrare per soddisfare le esigenze di traduzione dei nostri clienti. A\u00a0<em>Trusted Translations<\/em>\u00a0abbiamo gli strumenti e le competenze necessarie per lavorare con qualsiasi versione di CorelDRAW usata per i tuoi file. Il nostro team di desktop publishing affronter\u00e0 le sfide delle tue creazioni in CorelDRAW e le render\u00e0 il pi\u00f9 vicino possibile all\u2019originale, il tutto con la stessa versione di CorelDRAW del documento originale."},"shortcode-map":{"type":"textfield","raw":""},"dyk-shortcode":{"type":"textfield","raw":"[elementor-template id=\"146751\"]"},"text-2":{"type":"textarea","raw":"<h2>Servizi di Desktop Publishing (DTP) per traduzioni di CorelDRAW<\/h2>\r\n\u00c8 noto che un documento CorelDRAW viene utilizzato principalmente per la realizzazione di creazioni visive come loghi, poster, brochure, brochure, grafica web, ecc. Noi di\u00a0<em>Trusted Translations<\/em>\u00a0siamo consapevoli che nel mondo del marketing, l\u2019immagine gioca un ruolo cruciale nella comunicazione accurata del tuo messaggi al tuo target di riferimento. Per questo motivo il nostro team interno di desktop publishing, specializzato in servizi di progettazione legati alla traduzione di altissima qualit\u00e0.\r\n\r\nUna fase di desktop publishing \u00e8 sempre necessaria quando si tratta di progetti di traduzione di file CorelDRAW. In molti casi il documento deve passare attraverso il desktop publishing non una, ma due volte durante il processo di traduzione: prima della traduzione per estrarre il testo e dopo la traduzione per reintegrare il testo nelle immagini e riformattare il design. Tradurre un formato di file come CorelDRAW \u00e8 notoriamente complesso nell\u2019industria della traduzione; in primo luogo, i formati CorelDRAW non sono compatibili con i CAT Tool, quindi devono essere modificati manualmente da esperti di DTP estraendo il testo per poterlo tradurre. Allo stesso modo, il testo tradotto deve essere reincorporato nel formato originale per farlo sembrare come se non fosse mai stato tradotto. Una traduzione semplice pu\u00f2 diventare abbastanza ostica se si utilizzano fonti separate per traduzione e grafica. In questo caso,\u00a0<em>Trusted Translations<\/em>\u00a0\u00e8 la miglior soluzione completa. Non solo lavoriamo con i traduttori pi\u00f9 professionali ed esperti sul mercato, abbiamo anche a disposizione un team di desktop publishing con grande esperienza e specializzato in design legato al mondo delle traduzioni. Inoltre, possiamo collaborare con il team di progettazione della tua azienda, su richiesta."},"state":{"type":"textfield","raw":""},"city":{"type":"textarea","raw":[]}}},"_links":{"self":[{"href":"https:\/\/www.trustedtranslations.com\/it\/wp-json\/wp\/v2\/pages\/123323","targetHints":{"allow":["GET"]}}],"collection":[{"href":"https:\/\/www.trustedtranslations.com\/it\/wp-json\/wp\/v2\/pages"}],"about":[{"href":"https:\/\/www.trustedtranslations.com\/it\/wp-json\/wp\/v2\/types\/page"}],"author":[{"embeddable":true,"href":"https:\/\/www.trustedtranslations.com\/it\/wp-json\/wp\/v2\/users\/1"}],"replies":[{"embeddable":true,"href":"https:\/\/www.trustedtranslations.com\/it\/wp-json\/wp\/v2\/comments?post=123323"}],"version-history":[{"count":0,"href":"https:\/\/www.trustedtranslations.com\/it\/wp-json\/wp\/v2\/pages\/123323\/revisions"}],"up":[{"embeddable":true,"href":"https:\/\/www.trustedtranslations.com\/it\/wp-json\/wp\/v2\/pages\/123347"}],"wp:featuredmedia":[{"embeddable":true,"href":"https:\/\/www.trustedtranslations.com\/it\/wp-json\/wp\/v2\/media\/238276"}],"wp:attachment":[{"href":"https:\/\/www.trustedtranslations.com\/it\/wp-json\/wp\/v2\/media?parent=123323"}],"curies":[{"name":"wp","href":"https:\/\/api.w.org\/{rel}","templated":true}]}}