{"id":123341,"date":"2019-10-03T17:00:33","date_gmt":"2019-10-03T17:00:33","guid":{"rendered":"https:\/\/www.trustedtranslations.com\/?page_id=123341"},"modified":"2024-09-02T18:35:11","modified_gmt":"2024-09-02T21:35:11","slug":"project","status":"publish","type":"page","link":"https:\/\/www.trustedtranslations.com\/it\/servizi\/formati-di-file\/project","title":{"rendered":"Microsoft Project"},"content":{"rendered":"","protected":false},"excerpt":{"rendered":"","protected":false},"author":1,"featured_media":238122,"parent":123347,"menu_order":7,"comment_status":"closed","ping_status":"closed","template":"","meta":{"site-sidebar-layout":"default","site-content-layout":"default","ast-site-content-layout":"default","site-content-style":"default","site-sidebar-style":"default","ast-global-header-display":"","ast-banner-title-visibility":"","ast-main-header-display":"","ast-hfb-above-header-display":"","ast-hfb-below-header-display":"","ast-hfb-mobile-header-display":"","site-post-title":"disabled","ast-breadcrumbs-content":"","ast-featured-img":"","footer-sml-layout":"","ast-disable-related-posts":"","theme-transparent-header-meta":"default","adv-header-id-meta":"","stick-header-meta":"","header-above-stick-meta":"","header-main-stick-meta":"","header-below-stick-meta":"","astra-migrate-meta-layouts":"set","ast-page-background-enabled":"default","ast-page-background-meta":{"desktop":{"background-color":"var(--ast-global-color-4)","background-image":"","background-repeat":"repeat","background-position":"center center","background-size":"auto","background-attachment":"scroll","background-type":"","background-media":"","overlay-type":"","overlay-color":"","overlay-opacity":"","overlay-gradient":""},"tablet":{"background-color":"","background-image":"","background-repeat":"repeat","background-position":"center center","background-size":"auto","background-attachment":"scroll","background-type":"","background-media":"","overlay-type":"","overlay-color":"","overlay-opacity":"","overlay-gradient":""},"mobile":{"background-color":"","background-image":"","background-repeat":"repeat","background-position":"center center","background-size":"auto","background-attachment":"scroll","background-type":"","background-media":"","overlay-type":"","overlay-color":"","overlay-opacity":"","overlay-gradient":""}},"ast-content-background-meta":{"desktop":{"background-color":"var(--ast-global-color-5)","background-image":"","background-repeat":"repeat","background-position":"center center","background-size":"auto","background-attachment":"scroll","background-type":"","background-media":"","overlay-type":"","overlay-color":"","overlay-opacity":"","overlay-gradient":""},"tablet":{"background-color":"var(--ast-global-color-5)","background-image":"","background-repeat":"repeat","background-position":"center center","background-size":"auto","background-attachment":"scroll","background-type":"","background-media":"","overlay-type":"","overlay-color":"","overlay-opacity":"","overlay-gradient":""},"mobile":{"background-color":"var(--ast-global-color-5)","background-image":"","background-repeat":"repeat","background-position":"center center","background-size":"auto","background-attachment":"scroll","background-type":"","background-media":"","overlay-type":"","overlay-color":"","overlay-opacity":"","overlay-gradient":""}},"footnotes":""},"class_list":["post-123341","page","type-page","status-publish","has-post-thumbnail","hentry"],"yoast_head":"<!-- This site is optimized with the Yoast SEO plugin v27.3 - https:\/\/yoast.com\/product\/yoast-seo-wordpress\/ -->\n<title>Servizi di traduzione Microsoft Project - Trusted Translations, Inc.<\/title>\n<meta name=\"description\" content=\"Trusted Translations si occuper\u00e0 di tutti i tuoi progetti con Microsoft Project eliminando qualsiasi barriera linguistica.\" \/>\n<meta name=\"robots\" content=\"index, follow, max-snippet:-1, max-image-preview:large, max-video-preview:-1\" \/>\n<link rel=\"canonical\" href=\"https:\/\/www.trustedtranslations.com\/it\/servizi\/formati-di-file\/project\" \/>\n<meta property=\"og:locale\" content=\"it_IT\" \/>\n<meta property=\"og:type\" content=\"article\" \/>\n<meta property=\"og:title\" content=\"Servizi di traduzione Microsoft Project - Trusted Translations, Inc.\" \/>\n<meta property=\"og:description\" content=\"Trusted Translations si occuper\u00e0 di tutti i tuoi progetti con Microsoft Project eliminando qualsiasi barriera linguistica.\" \/>\n<meta property=\"og:url\" content=\"https:\/\/www.trustedtranslations.com\/it\/servizi\/formati-di-file\/project\" \/>\n<meta property=\"og:site_name\" content=\"Trusted Translations, Inc.\" \/>\n<meta property=\"article:publisher\" content=\"https:\/\/www.facebook.com\/Trusted.Translations\" \/>\n<meta property=\"article:modified_time\" content=\"2024-09-02T21:35:11+00:00\" \/>\n<meta property=\"og:image\" content=\"https:\/\/static.trustedtranslations.com\/wp-content\/uploads\/2024\/02\/tt-icon_Microsoft-Project-Transl.webp\" \/>\n\t<meta property=\"og:image:width\" content=\"151\" \/>\n\t<meta property=\"og:image:height\" content=\"151\" \/>\n\t<meta property=\"og:image:type\" content=\"image\/webp\" \/>\n<meta name=\"twitter:card\" content=\"summary_large_image\" \/>\n<meta name=\"twitter:site\" content=\"@TrustedT9ns\" \/>\n<script type=\"application\/ld+json\" class=\"yoast-schema-graph\">{\"@context\":\"https:\\\/\\\/schema.org\",\"@graph\":[{\"@type\":\"WebPage\",\"@id\":\"https:\\\/\\\/www.trustedtranslations.com\\\/it\\\/servizi\\\/formati-di-file\\\/project\",\"url\":\"https:\\\/\\\/www.trustedtranslations.com\\\/it\\\/servizi\\\/formati-di-file\\\/project\",\"name\":\"Servizi di traduzione Microsoft Project - Trusted Translations, Inc.\",\"isPartOf\":{\"@id\":\"https:\\\/\\\/www.trustedtranslations.com\\\/it\\\/#website\"},\"primaryImageOfPage\":{\"@id\":\"https:\\\/\\\/www.trustedtranslations.com\\\/it\\\/servizi\\\/formati-di-file\\\/project#primaryimage\"},\"image\":{\"@id\":\"https:\\\/\\\/www.trustedtranslations.com\\\/it\\\/servizi\\\/formati-di-file\\\/project#primaryimage\"},\"thumbnailUrl\":\"https:\\\/\\\/www.trustedtranslations.com\\\/wp-content\\\/uploads\\\/2024\\\/02\\\/tt-icon_Microsoft-Project-Transl.webp\",\"description\":\"Trusted Translations si occuper\u00e0 di tutti i tuoi progetti con Microsoft Project eliminando qualsiasi barriera linguistica.\",\"breadcrumb\":{\"@id\":\"https:\\\/\\\/www.trustedtranslations.com\\\/it\\\/servizi\\\/formati-di-file\\\/project#breadcrumb\"},\"inLanguage\":\"it-IT\",\"potentialAction\":[{\"@type\":\"ReadAction\",\"target\":[\"https:\\\/\\\/www.trustedtranslations.com\\\/it\\\/servizi\\\/formati-di-file\\\/project\"]}]},{\"@type\":\"ImageObject\",\"inLanguage\":\"it-IT\",\"@id\":\"https:\\\/\\\/www.trustedtranslations.com\\\/it\\\/servizi\\\/formati-di-file\\\/project#primaryimage\",\"url\":\"https:\\\/\\\/www.trustedtranslations.com\\\/wp-content\\\/uploads\\\/2024\\\/02\\\/tt-icon_Microsoft-Project-Transl.webp\",\"contentUrl\":\"https:\\\/\\\/www.trustedtranslations.com\\\/wp-content\\\/uploads\\\/2024\\\/02\\\/tt-icon_Microsoft-Project-Transl.webp\",\"width\":151,\"height\":151,\"caption\":\"tt icon Microsoft Project Transl\"},{\"@type\":\"BreadcrumbList\",\"@id\":\"https:\\\/\\\/www.trustedtranslations.com\\\/it\\\/servizi\\\/formati-di-file\\\/project#breadcrumb\",\"itemListElement\":[{\"@type\":\"ListItem\",\"position\":1,\"name\":\"Home\",\"item\":\"https:\\\/\\\/www.trustedtranslations.com\\\/it\"},{\"@type\":\"ListItem\",\"position\":2,\"name\":\"Servizi\",\"item\":\"https:\\\/\\\/www.trustedtranslations.com\\\/it\\\/servizi\"},{\"@type\":\"ListItem\",\"position\":3,\"name\":\"Formati di file\",\"item\":\"https:\\\/\\\/www.trustedtranslations.com\\\/it\\\/servizi\\\/formati-di-file\"},{\"@type\":\"ListItem\",\"position\":4,\"name\":\"Microsoft Project\"}]},{\"@type\":\"WebSite\",\"@id\":\"https:\\\/\\\/www.trustedtranslations.com\\\/it\\\/#website\",\"url\":\"https:\\\/\\\/www.trustedtranslations.com\\\/it\\\/\",\"name\":\"Trusted Translations, Inc.\",\"description\":\"Leader in translation and interpretation services.\",\"publisher\":{\"@id\":\"https:\\\/\\\/www.trustedtranslations.com\\\/it\\\/#organization\"},\"alternateName\":\"Trusted Translations\",\"potentialAction\":[{\"@type\":\"SearchAction\",\"target\":{\"@type\":\"EntryPoint\",\"urlTemplate\":\"https:\\\/\\\/www.trustedtranslations.com\\\/it\\\/?s={search_term_string}\"},\"query-input\":{\"@type\":\"PropertyValueSpecification\",\"valueRequired\":true,\"valueName\":\"search_term_string\"}}],\"inLanguage\":\"it-IT\"},{\"@type\":\"Organization\",\"@id\":\"https:\\\/\\\/www.trustedtranslations.com\\\/it\\\/#organization\",\"name\":\"Trusted Translations\",\"alternateName\":\"Trusted Translations, Inc.\",\"url\":\"https:\\\/\\\/www.trustedtranslations.com\\\/it\\\/\",\"logo\":{\"@type\":\"ImageObject\",\"inLanguage\":\"it-IT\",\"@id\":\"https:\\\/\\\/www.trustedtranslations.com\\\/it\\\/#\\\/schema\\\/logo\\\/image\\\/\",\"url\":\"https:\\\/\\\/static.trustedtranslations.com\\\/wp-content\\\/uploads\\\/2022\\\/01\\\/TT_logo_WSIColors-2.png\",\"contentUrl\":\"https:\\\/\\\/static.trustedtranslations.com\\\/wp-content\\\/uploads\\\/2022\\\/01\\\/TT_logo_WSIColors-2.png\",\"width\":500,\"height\":196,\"caption\":\"Trusted Translations\"},\"image\":{\"@id\":\"https:\\\/\\\/www.trustedtranslations.com\\\/it\\\/#\\\/schema\\\/logo\\\/image\\\/\"},\"sameAs\":[\"https:\\\/\\\/www.facebook.com\\\/Trusted.Translations\",\"https:\\\/\\\/x.com\\\/TrustedT9ns\",\"https:\\\/\\\/www.linkedin.com\\\/company\\\/trusted-translations\"]}]}<\/script>\n<!-- \/ Yoast SEO plugin. -->","yoast_head_json":{"title":"Servizi di traduzione Microsoft Project - Trusted Translations, Inc.","description":"Trusted Translations si occuper\u00e0 di tutti i tuoi progetti con Microsoft Project eliminando qualsiasi barriera linguistica.","robots":{"index":"index","follow":"follow","max-snippet":"max-snippet:-1","max-image-preview":"max-image-preview:large","max-video-preview":"max-video-preview:-1"},"canonical":"https:\/\/www.trustedtranslations.com\/it\/servizi\/formati-di-file\/project","og_locale":"it_IT","og_type":"article","og_title":"Servizi di traduzione Microsoft Project - Trusted Translations, Inc.","og_description":"Trusted Translations si occuper\u00e0 di tutti i tuoi progetti con Microsoft Project eliminando qualsiasi barriera linguistica.","og_url":"https:\/\/www.trustedtranslations.com\/it\/servizi\/formati-di-file\/project","og_site_name":"Trusted Translations, Inc.","article_publisher":"https:\/\/www.facebook.com\/Trusted.Translations","article_modified_time":"2024-09-02T21:35:11+00:00","og_image":[{"width":151,"height":151,"url":"https:\/\/static.trustedtranslations.com\/wp-content\/uploads\/2024\/02\/tt-icon_Microsoft-Project-Transl.webp","type":"image\/webp"}],"twitter_card":"summary_large_image","twitter_site":"@TrustedT9ns","schema":{"@context":"https:\/\/schema.org","@graph":[{"@type":"WebPage","@id":"https:\/\/www.trustedtranslations.com\/it\/servizi\/formati-di-file\/project","url":"https:\/\/www.trustedtranslations.com\/it\/servizi\/formati-di-file\/project","name":"Servizi di traduzione Microsoft Project - Trusted Translations, Inc.","isPartOf":{"@id":"https:\/\/www.trustedtranslations.com\/it\/#website"},"primaryImageOfPage":{"@id":"https:\/\/www.trustedtranslations.com\/it\/servizi\/formati-di-file\/project#primaryimage"},"image":{"@id":"https:\/\/www.trustedtranslations.com\/it\/servizi\/formati-di-file\/project#primaryimage"},"thumbnailUrl":"https:\/\/www.trustedtranslations.com\/wp-content\/uploads\/2024\/02\/tt-icon_Microsoft-Project-Transl.webp","description":"Trusted Translations si occuper\u00e0 di tutti i tuoi progetti con Microsoft Project eliminando qualsiasi barriera linguistica.","breadcrumb":{"@id":"https:\/\/www.trustedtranslations.com\/it\/servizi\/formati-di-file\/project#breadcrumb"},"inLanguage":"it-IT","potentialAction":[{"@type":"ReadAction","target":["https:\/\/www.trustedtranslations.com\/it\/servizi\/formati-di-file\/project"]}]},{"@type":"ImageObject","inLanguage":"it-IT","@id":"https:\/\/www.trustedtranslations.com\/it\/servizi\/formati-di-file\/project#primaryimage","url":"https:\/\/www.trustedtranslations.com\/wp-content\/uploads\/2024\/02\/tt-icon_Microsoft-Project-Transl.webp","contentUrl":"https:\/\/www.trustedtranslations.com\/wp-content\/uploads\/2024\/02\/tt-icon_Microsoft-Project-Transl.webp","width":151,"height":151,"caption":"tt icon Microsoft Project Transl"},{"@type":"BreadcrumbList","@id":"https:\/\/www.trustedtranslations.com\/it\/servizi\/formati-di-file\/project#breadcrumb","itemListElement":[{"@type":"ListItem","position":1,"name":"Home","item":"https:\/\/www.trustedtranslations.com\/it"},{"@type":"ListItem","position":2,"name":"Servizi","item":"https:\/\/www.trustedtranslations.com\/it\/servizi"},{"@type":"ListItem","position":3,"name":"Formati di file","item":"https:\/\/www.trustedtranslations.com\/it\/servizi\/formati-di-file"},{"@type":"ListItem","position":4,"name":"Microsoft Project"}]},{"@type":"WebSite","@id":"https:\/\/www.trustedtranslations.com\/it\/#website","url":"https:\/\/www.trustedtranslations.com\/it\/","name":"Trusted Translations, Inc.","description":"Leader in translation and interpretation services.","publisher":{"@id":"https:\/\/www.trustedtranslations.com\/it\/#organization"},"alternateName":"Trusted Translations","potentialAction":[{"@type":"SearchAction","target":{"@type":"EntryPoint","urlTemplate":"https:\/\/www.trustedtranslations.com\/it\/?s={search_term_string}"},"query-input":{"@type":"PropertyValueSpecification","valueRequired":true,"valueName":"search_term_string"}}],"inLanguage":"it-IT"},{"@type":"Organization","@id":"https:\/\/www.trustedtranslations.com\/it\/#organization","name":"Trusted Translations","alternateName":"Trusted Translations, Inc.","url":"https:\/\/www.trustedtranslations.com\/it\/","logo":{"@type":"ImageObject","inLanguage":"it-IT","@id":"https:\/\/www.trustedtranslations.com\/it\/#\/schema\/logo\/image\/","url":"https:\/\/static.trustedtranslations.com\/wp-content\/uploads\/2022\/01\/TT_logo_WSIColors-2.png","contentUrl":"https:\/\/static.trustedtranslations.com\/wp-content\/uploads\/2022\/01\/TT_logo_WSIColors-2.png","width":500,"height":196,"caption":"Trusted Translations"},"image":{"@id":"https:\/\/www.trustedtranslations.com\/it\/#\/schema\/logo\/image\/"},"sameAs":["https:\/\/www.facebook.com\/Trusted.Translations","https:\/\/x.com\/TrustedT9ns","https:\/\/www.linkedin.com\/company\/trusted-translations"]}]}},"toolset-meta":{"dyk":{"mensaje-1":{"type":"textfield","raw":"Possiamo tradurre le vostre collaborazioni MS Project da e in oltre 200 lingue."},"mensaje-2":{"type":"textfield","raw":"Vi aiuteremo a lanciare tutte le vostre idee MS Project a livello globale."},"mensaje-3":{"type":"textfield","raw":"Possiamo tradurre i vostri progetti in lingue non supportate da MS Project."},"mensaje-4":{"type":"textfield","raw":"Superate senza problemi le barriere linguistiche in tutte le collaborazioni MS Project."},"mensaje-5":{"type":"textfield","raw":""},"mensaje-6":{"type":"textfield","raw":""}},"single-page-template-fields":{"imgs-temp":{"type":"image","raw":["https:\/\/static.trustedtranslations.com\/wp-content\/uploads\/2024\/06\/project-final-2-1-1.webp"],"repeatable":[{"raw":"https:\/\/static.trustedtranslations.com\/wp-content\/uploads\/2024\/06\/project-final-2-1-1.webp"}]},"imgs-temp-cel":{"type":"image","raw":[""],"repeatable":[{"raw":""}]},"img-temp-one-cel":{"type":"image","raw":"https:\/\/static.trustedtranslations.com\/wp-content\/uploads\/2024\/03\/AdobeStock_385542563-2-1.webp","attachment_id":null},"quotes":{"type":"textarea","raw":"<h1 style=\"margin-bottom: 12px;\">Servizi di traduzione per Microsoft Project<\/h1>\r\nNoi di Trusted Translations comprendiamo perfettamente l\u2019importanza di utilizzare una piattaforma collaborativa come Microsoft Project per sviluppare piani, gestire budget, assegnare risorse ad attivit\u00e0, creare programmi, tracciare i progressi e per molte altre azioni. Sei un professionista del tuo campo e tieni sempre i tuoi progetti sotto controllo, ma cosa succede quando devi condividere informazioni con qualcuno che non parla la tua stessa lingua, come un collega o un\u2019azionista? \u00c8 qui che entrano in azione i professionisti di Trusted Translations.\r\n<div style=\"margin-top: 2.5vw;\"><a class=\"tt-btn-main-cta\" href=\"\/quote\">RICHIEDI UN PREVENTIVO GRATUITO<\/a><\/div>"},"text-1":{"type":"textarea","raw":"<h2>La soluzione completa per Microsoft Project<\/h2>\r\n<em>Trusted Translations<\/em>\u00a0offre una soluzione completa per tutte le tue necessit\u00e0 di traduzione di file MS Projects, in modo che tutte le persone coinvolte possano lavorare insieme avendo le informazioni necessarie per rendere il progetto un vero successo e a lanciarlo a livello globale. I nostri traduttori specializzati sono esperti nei loro rispettivi settori di competenza e non solo forniscono le traduzioni pi\u00f9 precise sul mercato, ma si accertano che la traduzione sia correttamente localizzata in modo che nessun dettaglio venga perso durante il processo. Tutte le informazioni contenute nel documento originale saranno comunicate con efficacia: dalle presentazioni alle tabelle di allocazione delle risorse, dalle finanze alle conversioni valutarie ai programmi e molto altro; ci accerteremo che tutti gli elementi vengano tenuti in considerazione ed elaborati in modo appropriato. Scegliendo\u00a0<em>Trusted Translations<\/em>\u00a0per le traduzioni di file di MS Project \u00e8 possibile assegnare attivit\u00e0 e risorse per offrire i risultati finali a qualsiasi utente in tutto il mondo. Inoltre, i nostri grafici si accerteranno che nessun dettaglio venga ignorato, assicurando la piena conformit\u00e0 del formato originale durante l\u2019inserimento del testo nella lingua di destinazione. Gli allegati che sono stati aggiunti agli elementi di lavoro, i file incorporati come un documento Word, un foglio di calcolo Excel, file PDF, audio, video, animazioni e altro ancora, saranno estratti dai nostri desktop publisher, gestiti individualmente e saranno sottoposti al processo di traduzione che corrisponde a ciascun elemento. Infine, il team di desktop publishing si accerter\u00e0 che ciascun elemento venga reintegrato nel file di MS Project e restituito pronto per l\u2019uso immediato."},"shortcode-map":{"type":"textfield","raw":""},"dyk-shortcode":{"type":"textfield","raw":"[elementor-template id=\"146751\"]"},"text-2":{"type":"textarea","raw":"<h2>Traduzione di lingue non supportate da Microsoft Project<\/h2>\r\nNella sua versione pi\u00f9 recente, Microsoft Project supporta 27 lingue, oltre all\u2019inglese. Non un numero particolarmente significativo, considerando che\u00a0<em>Trusted Translations<\/em>\u00a0lavora con pi\u00f9 di 200 lingue. Quindi, cosa succede quando riceviamo un progetto che deve essere tradotto in una lingua non supportata da Microsoft Project, come lo swahili, l\u2019uzbeco o l\u2019amarico? \u00c8 qui che entrano in azione i nostri esperti. Lavoriamo con traduttori con esperienza plurennuale competenti in un\u2019ampia gamma di lingue, in questo modo potrai lavorare senza alcuna barriera linguistica con tutti i tuoi collaboratori e azionisti. Inoltre, i nostri traduttori sono specializzati in diversi settori come finanze, governo, sanit\u00e0, costruzione e settore farmaceutico, solo per dirne alcuni, quindi \u00e8 garantita la ricezione della traduzione pi\u00f9 accurata possibile. Inoltre, grazie alla competenza dei nostri desktop publisher, riceverai un prodotto finale il pi\u00f9 vicino possibile all\u2019originale. Il nostro team DPT si accerter\u00e0 che tutti i testi tradotti si inseriscano senza problemi nel formato originale e nel layout del progetto per non perdere nessun dettaglio e caratteristica originale."},"state":{"type":"textfield","raw":""},"city":{"type":"textarea","raw":[]}}},"_links":{"self":[{"href":"https:\/\/www.trustedtranslations.com\/it\/wp-json\/wp\/v2\/pages\/123341","targetHints":{"allow":["GET"]}}],"collection":[{"href":"https:\/\/www.trustedtranslations.com\/it\/wp-json\/wp\/v2\/pages"}],"about":[{"href":"https:\/\/www.trustedtranslations.com\/it\/wp-json\/wp\/v2\/types\/page"}],"author":[{"embeddable":true,"href":"https:\/\/www.trustedtranslations.com\/it\/wp-json\/wp\/v2\/users\/1"}],"replies":[{"embeddable":true,"href":"https:\/\/www.trustedtranslations.com\/it\/wp-json\/wp\/v2\/comments?post=123341"}],"version-history":[{"count":0,"href":"https:\/\/www.trustedtranslations.com\/it\/wp-json\/wp\/v2\/pages\/123341\/revisions"}],"up":[{"embeddable":true,"href":"https:\/\/www.trustedtranslations.com\/it\/wp-json\/wp\/v2\/pages\/123347"}],"wp:featuredmedia":[{"embeddable":true,"href":"https:\/\/www.trustedtranslations.com\/it\/wp-json\/wp\/v2\/media\/238122"}],"wp:attachment":[{"href":"https:\/\/www.trustedtranslations.com\/it\/wp-json\/wp\/v2\/media?parent=123341"}],"curies":[{"name":"wp","href":"https:\/\/api.w.org\/{rel}","templated":true}]}}