{"id":123346,"date":"2019-10-03T16:58:12","date_gmt":"2019-10-03T16:58:12","guid":{"rendered":"https:\/\/www.trustedtranslations.com\/?page_id=123346"},"modified":"2024-09-02T17:19:53","modified_gmt":"2024-09-02T20:19:53","slug":"indesign","status":"publish","type":"page","link":"https:\/\/www.trustedtranslations.com\/it\/servizi\/formati-di-file\/indesign","title":{"rendered":"Adobe InDesign"},"content":{"rendered":"","protected":false},"excerpt":{"rendered":"","protected":false},"author":1,"featured_media":237994,"parent":123347,"menu_order":2,"comment_status":"closed","ping_status":"closed","template":"","meta":{"site-sidebar-layout":"default","site-content-layout":"default","ast-site-content-layout":"default","site-content-style":"default","site-sidebar-style":"default","ast-global-header-display":"","ast-banner-title-visibility":"","ast-main-header-display":"","ast-hfb-above-header-display":"","ast-hfb-below-header-display":"","ast-hfb-mobile-header-display":"","site-post-title":"disabled","ast-breadcrumbs-content":"","ast-featured-img":"","footer-sml-layout":"","ast-disable-related-posts":"","theme-transparent-header-meta":"default","adv-header-id-meta":"","stick-header-meta":"","header-above-stick-meta":"","header-main-stick-meta":"","header-below-stick-meta":"","astra-migrate-meta-layouts":"set","ast-page-background-enabled":"default","ast-page-background-meta":{"desktop":{"background-color":"var(--ast-global-color-4)","background-image":"","background-repeat":"repeat","background-position":"center center","background-size":"auto","background-attachment":"scroll","background-type":"","background-media":"","overlay-type":"","overlay-color":"","overlay-opacity":"","overlay-gradient":""},"tablet":{"background-color":"","background-image":"","background-repeat":"repeat","background-position":"center center","background-size":"auto","background-attachment":"scroll","background-type":"","background-media":"","overlay-type":"","overlay-color":"","overlay-opacity":"","overlay-gradient":""},"mobile":{"background-color":"","background-image":"","background-repeat":"repeat","background-position":"center center","background-size":"auto","background-attachment":"scroll","background-type":"","background-media":"","overlay-type":"","overlay-color":"","overlay-opacity":"","overlay-gradient":""}},"ast-content-background-meta":{"desktop":{"background-color":"var(--ast-global-color-5)","background-image":"","background-repeat":"repeat","background-position":"center center","background-size":"auto","background-attachment":"scroll","background-type":"","background-media":"","overlay-type":"","overlay-color":"","overlay-opacity":"","overlay-gradient":""},"tablet":{"background-color":"var(--ast-global-color-5)","background-image":"","background-repeat":"repeat","background-position":"center center","background-size":"auto","background-attachment":"scroll","background-type":"","background-media":"","overlay-type":"","overlay-color":"","overlay-opacity":"","overlay-gradient":""},"mobile":{"background-color":"var(--ast-global-color-5)","background-image":"","background-repeat":"repeat","background-position":"center center","background-size":"auto","background-attachment":"scroll","background-type":"","background-media":"","overlay-type":"","overlay-color":"","overlay-opacity":"","overlay-gradient":""}},"footnotes":""},"class_list":["post-123346","page","type-page","status-publish","has-post-thumbnail","hentry"],"yoast_head":"<!-- This site is optimized with the Yoast SEO plugin v27.5 - https:\/\/yoast.com\/product\/yoast-seo-wordpress\/ -->\n<title>Servizi di traduzione Adobe InDesign - Trusted Translations, Inc.<\/title>\n<meta name=\"description\" content=\"Affidati a Trusted Translations per le tue necessit\u00e0 di traduzione di file in Adobe InDesign: traduci brochure, quotidiani, e-book e qualsiasi altro materiale stampato o per la presentazione online\" \/>\n<meta name=\"robots\" content=\"index, follow, max-snippet:-1, max-image-preview:large, max-video-preview:-1\" \/>\n<link rel=\"canonical\" href=\"https:\/\/www.trustedtranslations.com\/it\/servizi\/formati-di-file\/indesign\" \/>\n<meta property=\"og:locale\" content=\"it_IT\" \/>\n<meta property=\"og:type\" content=\"article\" \/>\n<meta property=\"og:title\" content=\"Servizi di traduzione Adobe InDesign - Trusted Translations, Inc.\" \/>\n<meta property=\"og:description\" content=\"Affidati a Trusted Translations per le tue necessit\u00e0 di traduzione di file in Adobe InDesign: traduci brochure, quotidiani, e-book e qualsiasi altro materiale stampato o per la presentazione online\" \/>\n<meta property=\"og:url\" content=\"https:\/\/www.trustedtranslations.com\/it\/servizi\/formati-di-file\/indesign\" \/>\n<meta property=\"og:site_name\" content=\"Trusted Translations, Inc.\" \/>\n<meta property=\"article:publisher\" content=\"https:\/\/www.facebook.com\/Trusted.Translations\" \/>\n<meta property=\"article:modified_time\" content=\"2024-09-02T20:19:53+00:00\" \/>\n<meta property=\"og:image\" content=\"https:\/\/static.trustedtranslations.com\/wp-content\/uploads\/2024\/02\/tt-icon_Adobe-InDesign-Translati.webp\" \/>\n\t<meta property=\"og:image:width\" content=\"151\" \/>\n\t<meta property=\"og:image:height\" content=\"151\" \/>\n\t<meta property=\"og:image:type\" content=\"image\/webp\" \/>\n<meta name=\"twitter:card\" content=\"summary_large_image\" \/>\n<meta name=\"twitter:site\" content=\"@TrustedT9ns\" \/>\n<script type=\"application\/ld+json\" class=\"yoast-schema-graph\">{\"@context\":\"https:\\\/\\\/schema.org\",\"@graph\":[{\"@type\":\"WebPage\",\"@id\":\"https:\\\/\\\/www.trustedtranslations.com\\\/it\\\/servizi\\\/formati-di-file\\\/indesign\",\"url\":\"https:\\\/\\\/www.trustedtranslations.com\\\/it\\\/servizi\\\/formati-di-file\\\/indesign\",\"name\":\"Servizi di traduzione Adobe InDesign - Trusted Translations, Inc.\",\"isPartOf\":{\"@id\":\"https:\\\/\\\/www.trustedtranslations.com\\\/it\\\/#website\"},\"primaryImageOfPage\":{\"@id\":\"https:\\\/\\\/www.trustedtranslations.com\\\/it\\\/servizi\\\/formati-di-file\\\/indesign#primaryimage\"},\"image\":{\"@id\":\"https:\\\/\\\/www.trustedtranslations.com\\\/it\\\/servizi\\\/formati-di-file\\\/indesign#primaryimage\"},\"thumbnailUrl\":\"https:\\\/\\\/www.trustedtranslations.com\\\/wp-content\\\/uploads\\\/2024\\\/02\\\/tt-icon_Adobe-InDesign-Translati.webp\",\"description\":\"Affidati a Trusted Translations per le tue necessit\u00e0 di traduzione di file in Adobe InDesign: traduci brochure, quotidiani, e-book e qualsiasi altro materiale stampato o per la presentazione online\",\"breadcrumb\":{\"@id\":\"https:\\\/\\\/www.trustedtranslations.com\\\/it\\\/servizi\\\/formati-di-file\\\/indesign#breadcrumb\"},\"inLanguage\":\"it-IT\",\"potentialAction\":[{\"@type\":\"ReadAction\",\"target\":[\"https:\\\/\\\/www.trustedtranslations.com\\\/it\\\/servizi\\\/formati-di-file\\\/indesign\"]}]},{\"@type\":\"ImageObject\",\"inLanguage\":\"it-IT\",\"@id\":\"https:\\\/\\\/www.trustedtranslations.com\\\/it\\\/servizi\\\/formati-di-file\\\/indesign#primaryimage\",\"url\":\"https:\\\/\\\/www.trustedtranslations.com\\\/wp-content\\\/uploads\\\/2024\\\/02\\\/tt-icon_Adobe-InDesign-Translati.webp\",\"contentUrl\":\"https:\\\/\\\/www.trustedtranslations.com\\\/wp-content\\\/uploads\\\/2024\\\/02\\\/tt-icon_Adobe-InDesign-Translati.webp\",\"width\":151,\"height\":151,\"caption\":\"tt icon Adobe InDesign Translati\"},{\"@type\":\"BreadcrumbList\",\"@id\":\"https:\\\/\\\/www.trustedtranslations.com\\\/it\\\/servizi\\\/formati-di-file\\\/indesign#breadcrumb\",\"itemListElement\":[{\"@type\":\"ListItem\",\"position\":1,\"name\":\"Home\",\"item\":\"https:\\\/\\\/www.trustedtranslations.com\\\/it\"},{\"@type\":\"ListItem\",\"position\":2,\"name\":\"Servizi\",\"item\":\"https:\\\/\\\/www.trustedtranslations.com\\\/it\\\/servizi\"},{\"@type\":\"ListItem\",\"position\":3,\"name\":\"Formati di file\",\"item\":\"https:\\\/\\\/www.trustedtranslations.com\\\/it\\\/servizi\\\/formati-di-file\"},{\"@type\":\"ListItem\",\"position\":4,\"name\":\"Adobe InDesign\"}]},{\"@type\":\"WebSite\",\"@id\":\"https:\\\/\\\/www.trustedtranslations.com\\\/it\\\/#website\",\"url\":\"https:\\\/\\\/www.trustedtranslations.com\\\/it\\\/\",\"name\":\"Trusted Translations, Inc.\",\"description\":\"Leader in translation and interpretation services.\",\"publisher\":{\"@id\":\"https:\\\/\\\/www.trustedtranslations.com\\\/it\\\/#organization\"},\"alternateName\":\"Trusted Translations\",\"potentialAction\":[{\"@type\":\"SearchAction\",\"target\":{\"@type\":\"EntryPoint\",\"urlTemplate\":\"https:\\\/\\\/www.trustedtranslations.com\\\/it\\\/?s={search_term_string}\"},\"query-input\":{\"@type\":\"PropertyValueSpecification\",\"valueRequired\":true,\"valueName\":\"search_term_string\"}}],\"inLanguage\":\"it-IT\"},{\"@type\":\"Organization\",\"@id\":\"https:\\\/\\\/www.trustedtranslations.com\\\/it\\\/#organization\",\"name\":\"Trusted Translations\",\"alternateName\":\"Trusted Translations, Inc.\",\"url\":\"https:\\\/\\\/www.trustedtranslations.com\\\/it\\\/\",\"logo\":{\"@type\":\"ImageObject\",\"inLanguage\":\"it-IT\",\"@id\":\"https:\\\/\\\/www.trustedtranslations.com\\\/it\\\/#\\\/schema\\\/logo\\\/image\\\/\",\"url\":\"https:\\\/\\\/static.trustedtranslations.com\\\/wp-content\\\/uploads\\\/2022\\\/01\\\/TT_logo_WSIColors-2.png\",\"contentUrl\":\"https:\\\/\\\/static.trustedtranslations.com\\\/wp-content\\\/uploads\\\/2022\\\/01\\\/TT_logo_WSIColors-2.png\",\"width\":500,\"height\":196,\"caption\":\"Trusted Translations\"},\"image\":{\"@id\":\"https:\\\/\\\/www.trustedtranslations.com\\\/it\\\/#\\\/schema\\\/logo\\\/image\\\/\"},\"sameAs\":[\"https:\\\/\\\/www.facebook.com\\\/Trusted.Translations\",\"https:\\\/\\\/x.com\\\/TrustedT9ns\",\"https:\\\/\\\/www.linkedin.com\\\/company\\\/trusted-translations\"]}]}<\/script>\n<!-- \/ Yoast SEO plugin. -->","yoast_head_json":{"title":"Servizi di traduzione Adobe InDesign - Trusted Translations, Inc.","description":"Affidati a Trusted Translations per le tue necessit\u00e0 di traduzione di file in Adobe InDesign: traduci brochure, quotidiani, e-book e qualsiasi altro materiale stampato o per la presentazione online","robots":{"index":"index","follow":"follow","max-snippet":"max-snippet:-1","max-image-preview":"max-image-preview:large","max-video-preview":"max-video-preview:-1"},"canonical":"https:\/\/www.trustedtranslations.com\/it\/servizi\/formati-di-file\/indesign","og_locale":"it_IT","og_type":"article","og_title":"Servizi di traduzione Adobe InDesign - Trusted Translations, Inc.","og_description":"Affidati a Trusted Translations per le tue necessit\u00e0 di traduzione di file in Adobe InDesign: traduci brochure, quotidiani, e-book e qualsiasi altro materiale stampato o per la presentazione online","og_url":"https:\/\/www.trustedtranslations.com\/it\/servizi\/formati-di-file\/indesign","og_site_name":"Trusted Translations, Inc.","article_publisher":"https:\/\/www.facebook.com\/Trusted.Translations","article_modified_time":"2024-09-02T20:19:53+00:00","og_image":[{"width":151,"height":151,"url":"https:\/\/static.trustedtranslations.com\/wp-content\/uploads\/2024\/02\/tt-icon_Adobe-InDesign-Translati.webp","type":"image\/webp"}],"twitter_card":"summary_large_image","twitter_site":"@TrustedT9ns","schema":{"@context":"https:\/\/schema.org","@graph":[{"@type":"WebPage","@id":"https:\/\/www.trustedtranslations.com\/it\/servizi\/formati-di-file\/indesign","url":"https:\/\/www.trustedtranslations.com\/it\/servizi\/formati-di-file\/indesign","name":"Servizi di traduzione Adobe InDesign - Trusted Translations, Inc.","isPartOf":{"@id":"https:\/\/www.trustedtranslations.com\/it\/#website"},"primaryImageOfPage":{"@id":"https:\/\/www.trustedtranslations.com\/it\/servizi\/formati-di-file\/indesign#primaryimage"},"image":{"@id":"https:\/\/www.trustedtranslations.com\/it\/servizi\/formati-di-file\/indesign#primaryimage"},"thumbnailUrl":"https:\/\/www.trustedtranslations.com\/wp-content\/uploads\/2024\/02\/tt-icon_Adobe-InDesign-Translati.webp","description":"Affidati a Trusted Translations per le tue necessit\u00e0 di traduzione di file in Adobe InDesign: traduci brochure, quotidiani, e-book e qualsiasi altro materiale stampato o per la presentazione online","breadcrumb":{"@id":"https:\/\/www.trustedtranslations.com\/it\/servizi\/formati-di-file\/indesign#breadcrumb"},"inLanguage":"it-IT","potentialAction":[{"@type":"ReadAction","target":["https:\/\/www.trustedtranslations.com\/it\/servizi\/formati-di-file\/indesign"]}]},{"@type":"ImageObject","inLanguage":"it-IT","@id":"https:\/\/www.trustedtranslations.com\/it\/servizi\/formati-di-file\/indesign#primaryimage","url":"https:\/\/www.trustedtranslations.com\/wp-content\/uploads\/2024\/02\/tt-icon_Adobe-InDesign-Translati.webp","contentUrl":"https:\/\/www.trustedtranslations.com\/wp-content\/uploads\/2024\/02\/tt-icon_Adobe-InDesign-Translati.webp","width":151,"height":151,"caption":"tt icon Adobe InDesign Translati"},{"@type":"BreadcrumbList","@id":"https:\/\/www.trustedtranslations.com\/it\/servizi\/formati-di-file\/indesign#breadcrumb","itemListElement":[{"@type":"ListItem","position":1,"name":"Home","item":"https:\/\/www.trustedtranslations.com\/it"},{"@type":"ListItem","position":2,"name":"Servizi","item":"https:\/\/www.trustedtranslations.com\/it\/servizi"},{"@type":"ListItem","position":3,"name":"Formati di file","item":"https:\/\/www.trustedtranslations.com\/it\/servizi\/formati-di-file"},{"@type":"ListItem","position":4,"name":"Adobe InDesign"}]},{"@type":"WebSite","@id":"https:\/\/www.trustedtranslations.com\/it\/#website","url":"https:\/\/www.trustedtranslations.com\/it\/","name":"Trusted Translations, Inc.","description":"Leader in translation and interpretation services.","publisher":{"@id":"https:\/\/www.trustedtranslations.com\/it\/#organization"},"alternateName":"Trusted Translations","potentialAction":[{"@type":"SearchAction","target":{"@type":"EntryPoint","urlTemplate":"https:\/\/www.trustedtranslations.com\/it\/?s={search_term_string}"},"query-input":{"@type":"PropertyValueSpecification","valueRequired":true,"valueName":"search_term_string"}}],"inLanguage":"it-IT"},{"@type":"Organization","@id":"https:\/\/www.trustedtranslations.com\/it\/#organization","name":"Trusted Translations","alternateName":"Trusted Translations, Inc.","url":"https:\/\/www.trustedtranslations.com\/it\/","logo":{"@type":"ImageObject","inLanguage":"it-IT","@id":"https:\/\/www.trustedtranslations.com\/it\/#\/schema\/logo\/image\/","url":"https:\/\/static.trustedtranslations.com\/wp-content\/uploads\/2022\/01\/TT_logo_WSIColors-2.png","contentUrl":"https:\/\/static.trustedtranslations.com\/wp-content\/uploads\/2022\/01\/TT_logo_WSIColors-2.png","width":500,"height":196,"caption":"Trusted Translations"},"image":{"@id":"https:\/\/www.trustedtranslations.com\/it\/#\/schema\/logo\/image\/"},"sameAs":["https:\/\/www.facebook.com\/Trusted.Translations","https:\/\/x.com\/TrustedT9ns","https:\/\/www.linkedin.com\/company\/trusted-translations"]}]}},"toolset-meta":{"dyk":{"mensaje-1":{"type":"textfield","raw":"Traduciamo brochure, riviste, poster, e-book e qualsiasi altro media cartaceo od online."},"mensaje-2":{"type":"textfield","raw":"I nostri esperti effettueranno traduzioni professionali dei file multimediali in modo che possiate raggiungere un pubblico pi\u00f9 ampio."},"mensaje-3":{"type":"textfield","raw":"Il documento Adobe InDesign tradotto vi verr\u00e0 restituito nel formato e nel layout originali."},"mensaje-4":{"type":"textfield","raw":"Forniamo le traduzioni Adobe InDesign pi\u00f9 accurate, pronte per la stampa."},"mensaje-5":{"type":"textfield","raw":""},"mensaje-6":{"type":"textfield","raw":""}},"single-page-template-fields":{"imgs-temp":{"type":"image","raw":["https:\/\/static.trustedtranslations.com\/wp-content\/uploads\/2024\/06\/Group-150.webp"],"repeatable":[{"raw":"https:\/\/static.trustedtranslations.com\/wp-content\/uploads\/2024\/06\/Group-150.webp"}]},"imgs-temp-cel":{"type":"image","raw":[""],"repeatable":[{"raw":""}]},"img-temp-one-cel":{"type":"image","raw":"https:\/\/static.trustedtranslations.com\/wp-content\/uploads\/2024\/06\/AdobeStock_321775776_Editorial_U.webp","attachment_id":null},"quotes":{"type":"textarea","raw":"<h1 style=\"margin-bottom: 12px;\">Servizi di traduzione di Adobe InDesign<\/h1><p>Quando devi tradurre brochure, magazine, poster, quotidiani, e-book o qualsiasi altro materiale stampato o per l\u2019uso online, Trusted Translations \u00e8 la miglior scelta per traduzioni di file di Adobe InDesign professionali e con un ottimo design. I nostri traduttori specializzati si occuperanno di tutte le tue creazioni realizzate con Adobe InDesign: i testi saranno tradotti con professionalit\u00e0, mentre il nostro team grafico interno si accerter\u00e0 che il documento sia formattato alla perfezione per l\u2019uso immediato.<\/p><div style=\"margin-top: 2.5vw;\"><a class=\"tt-btn-main-cta\" href=\"\/it\/quote\">RICHIEDI UN PREVENTIVO GRATUITO<\/a><\/div>"},"text-1":{"type":"textarea","raw":"<h2>Processo di traduzione di file di Adobe InDesign<\/h2>\r\nLa traduzione di un documento creato con Adobe InDesign pu\u00f2 richiedere uno o due processi. La differenza dipende sostanzialmente dal tipo di documento che riceviamo: il formato del file, Adobe InDesign o PDF, determiner\u00e0 il processo al quale il file verr\u00e0 sottoposto.\r\n<h3>Traduzione di file InDesign<\/h3>\r\nIl primo metodo di traduzione, il pi\u00f9 semplice, inizia alla ricezione di un documento Adobe InDesign originale, accettato dai nostri strumenti di traduzione computerizzata assistita (Computer-Assisted Translation tools, CAT Tools). Ci\u00f2 elimina la necessit\u00e0 di effettuare fasi di pre-traduzione del documento e permette ai nostri traduttori professionisti di iniziare subito a lavorare sulla traduzione. I nostri traduttori specializzati si accerteranno che il cliente riceva una traduzione professionale per qualsiasi materiale da stampare o da pubblicare online per raggiungere un pubblico pi\u00f9 ampio. In seguito alla traduzione, il documento sar\u00e0 formattato e riprogettato a livello professionale dal nostro team di desktop publishing. Anche i documenti con grafica, immagini incorporate o design complessi saranno inviati al cliente pronti per l\u2019uso immediato."},"shortcode-map":{"type":"textfield","raw":""},"dyk-shortcode":{"type":"textfield","raw":"[elementor-template id=\"146751\"]"},"text-2":{"type":"textarea","raw":"<h3>Conversione dei PDF in InDesign<\/h3>\r\n\u00c8 piuttosto comune ricevere un documento di Adobe InDesign in formato PDF. Nel caso in cui non potessimo ricevere il documento in formato Adobe InDesign originale, il documento viene inviato automaticamente al nostro team interno di desktop publishing, che ricreer\u00e0 il documento PDF in formato Adobe InDesign. Il primo passaggio effettuato dal nostro team DTP sar\u00e0 estrarre il testo dal documento PDF. Ci\u00f2 permetter\u00e0 ai nostri traduttori di lavorare con i nostri strumenti di traduzione computerizzata assistita (Computer-Assisted Translation tools, CAT Tools), che permettono di conseguire una traduzione pi\u00f9 accurata. I nostri traduttori specializzati sono competenti in diverse aree per darti la possibilit\u00e0 di raggiungere il tuo pubblico specifico. Il testo tradotto viene poi restituito al nostro team di desktop publishing (DTP) per essere reincorporato senza intoppi nel layout originale e per farlo sembrare creato direttamente nella lingua di destinazione.\r\n<h2>Desktop Publishing (DTP) per Adobe InDesign<\/h2>\r\nNei progetti di traduzione di file di Adobe InDesign \u00e8 quasi sempre necessaria una fase dedicata al desktop publishing. In molti casi il documento deve passare attraverso il desktop publishing non una, ma due volte durante il processo di traduzione: prima della traduzione per estrarre il testo e dopo la traduzione per reintegrare il testo nelle immagini e riformattare il design. Una traduzione semplice pu\u00f2 diventare abbastanza ostica se si utilizzano fonti separate per traduzione e grafica. In questo caso,\u00a0<em>Trusted Translations<\/em>\u00a0\u00e8 la miglior soluzione. Non solo lavoriamo con i traduttori pi\u00f9 professionali ed esperti sul mercato, abbiamo anche a disposizione un team di desktop publishing con grande esperienza e specializzato in design per traduzioni. Ci\u00f2 permette di inviare ai nostri clienti una creazione in Adobe InDesign completamente pronta per l\u2019utilizzo o per la stampa. Affidandoti a\u00a0<em>Trusted Translations<\/em>\u00a0per un progetto di traduzione di file di Adobe InDesign riceverai non solo una traduzione professionale, ma un prodotto sottoposto a riprogettazione grafica e pronto per la stampa.\r\n<h2>InDesign pronto per la stampa<\/h2>\r\nQuando decidi di affidarti a\u00a0<em>Trusted Translations<\/em>\u00a0per un progetto di traduzione di file di Adobe InDesign sai che ogni fase del processo \u00e8 seguita da professionisti. Se desideri stampare la tua creazione con Adobe InDesign, i nostri grafici invieranno il documento PDF pi\u00f9 preciso e alla pi\u00f9 alta qualit\u00e0 possibile per la stampa immediata. Inoltre, su richiesta,\u00a0<em>Trusted Translations<\/em>\u00a0\u00e8 disposta a collaborare con i grafici del cliente.\r\n\r\nAffidandoti a\u00a0<em>Trusted Translations<\/em>, il tuo documento di Adobe InDesign tradotto sar\u00e0 restituito nel formato e con il layout originale, senza la necessit\u00e0 di affrontare ulteriori fasi di lavorazione."},"state":{"type":"textfield","raw":""},"city":{"type":"textarea","raw":[]}}},"_links":{"self":[{"href":"https:\/\/www.trustedtranslations.com\/it\/wp-json\/wp\/v2\/pages\/123346","targetHints":{"allow":["GET"]}}],"collection":[{"href":"https:\/\/www.trustedtranslations.com\/it\/wp-json\/wp\/v2\/pages"}],"about":[{"href":"https:\/\/www.trustedtranslations.com\/it\/wp-json\/wp\/v2\/types\/page"}],"author":[{"embeddable":true,"href":"https:\/\/www.trustedtranslations.com\/it\/wp-json\/wp\/v2\/users\/1"}],"replies":[{"embeddable":true,"href":"https:\/\/www.trustedtranslations.com\/it\/wp-json\/wp\/v2\/comments?post=123346"}],"version-history":[{"count":0,"href":"https:\/\/www.trustedtranslations.com\/it\/wp-json\/wp\/v2\/pages\/123346\/revisions"}],"up":[{"embeddable":true,"href":"https:\/\/www.trustedtranslations.com\/it\/wp-json\/wp\/v2\/pages\/123347"}],"wp:featuredmedia":[{"embeddable":true,"href":"https:\/\/www.trustedtranslations.com\/it\/wp-json\/wp\/v2\/media\/237994"}],"wp:attachment":[{"href":"https:\/\/www.trustedtranslations.com\/it\/wp-json\/wp\/v2\/media?parent=123346"}],"curies":[{"name":"wp","href":"https:\/\/api.w.org\/{rel}","templated":true}]}}