{"id":123348,"date":"2019-05-22T13:33:03","date_gmt":"2019-05-22T13:33:03","guid":{"rendered":"https:\/\/www.trustedtranslations.com\/?page_id=123348"},"modified":"2023-05-10T00:00:22","modified_gmt":"2023-05-10T03:00:22","slug":"clienti","status":"publish","type":"page","link":"https:\/\/www.trustedtranslations.com\/it\/chi-siamo\/clienti","title":{"rendered":"Clienti"},"content":{"rendered":"\t\t<div data-elementor-type=\"wp-page\" data-elementor-id=\"123348\" class=\"elementor elementor-123348 elementor-630\" data-elementor-post-type=\"page\">\n\t\t\t\t\t\t<section class=\"elementor-section elementor-top-section elementor-element elementor-element-48e6f6fd elementor-section-boxed elementor-section-height-default elementor-section-height-default\" data-id=\"48e6f6fd\" data-element_type=\"section\" data-e-type=\"section\">\n\t\t\t\t\t\t<div class=\"elementor-container elementor-column-gap-default\">\n\t\t\t\t\t<div class=\"elementor-column elementor-col-100 elementor-top-column elementor-element elementor-element-6c3e0b1d\" data-id=\"6c3e0b1d\" data-element_type=\"column\" data-e-type=\"column\">\n\t\t\t<div class=\"elementor-widget-wrap elementor-element-populated\">\n\t\t\t\t\t\t<div class=\"elementor-element elementor-element-5b8bb9a9 elementor-widget elementor-widget-text-editor\" data-id=\"5b8bb9a9\" data-element_type=\"widget\" data-e-type=\"widget\" data-widget_type=\"text-editor.default\">\n\t\t\t\t\t\t\t\t\t<p><\/p>\n<h1>Clienti<\/h1>\n<p><\/p>\n<p><\/p>\n<p>Da piccoli studi legali a grandi aziende multinazionali,\u00a0<em><em><em>Trusted Translations<\/em><\/em><\/em>\u00a0\u00e8 in grado di offrire alla vostra organizzazione una vasta esperienza. I seguenti sono alcuni tra i clienti con i quali il nostro team lavora:<\/p>\n<p><\/p>\n<p><\/p>\n<h2>Strutture Ricettive E Di Ristorazione (settore Alberghiero)<\/h2>\n<p><\/p>\n<p><\/p>\n<ul>\n<li>Hilton Hotels Corporation<\/li>\n<li>Dave And Buster&#8217;s, Inc.<\/li>\n<li>MGM Mirage<\/li>\n<li>Wendy&#8217;s<\/li>\n<li>Tristar Hotel Management Company<\/li>\n<\/ul>\n<p><\/p>\n<p><\/p>\n<h2>Arti, Intrattenimento E Ricreazione<\/h2>\n<p><\/p>\n<p><\/p>\n<ul>\n<li>ESPN, Inc.<\/li>\n<li>FIFA &#8211; F\u00e9d\u00e9ration Internationale De Football Association<\/li>\n<li>Houston Rockets<\/li>\n<li>PlanetOut, Inc.<\/li>\n<li>Ticketmaster<\/li>\n<\/ul>\n<p><\/p>\n<p><\/p>\n<h2>Costruzioni \u2013 Agenzie Immobiliari<\/h2>\n<p><\/p>\n<p><\/p>\n<ul>\n<li>Illinois Association Of Realtors<\/li>\n<li>NCCER (The National Center For Construction Education And Research)<\/li>\n<li>BYK<\/li>\n<li>Tile Outlets Of America<\/li>\n<li>National Association Of Home Builders (NAHB)<\/li>\n<\/ul>\n<p><\/p>\n<p><\/p>\n<h2>Istruzione<\/h2>\n<p><\/p>\n<p><\/p>\n<ul>\n<li>Fordham University<\/li>\n<li>Cornell University<\/li>\n<li>Williams College<\/li>\n<li>Association Of Texas Professional Educators<\/li>\n<li>Public Education Network (PEN)<\/li>\n<\/ul>\n<p><\/p>\n<p><\/p>\n<h2>Finanza E Assicurazioni<\/h2>\n<p><\/p>\n<p><\/p>\n<ul>\n<li>ABN AMRO Incorporated<\/li>\n<li>AIG<\/li>\n<li>Banco Santander Central Hispano<\/li>\n<li>Bank Of America Corporation<\/li>\n<li>Citibank (Banamex USA)<\/li>\n<li>Humana Inc.<\/li>\n<li>John Hancock Financial Services, Inc.<\/li>\n<li>Merrill Lynch &amp; Co., Inc.<\/li>\n<li>Metlife, Inc.<\/li>\n<li>Morgan Stanley<\/li>\n<li>PricewaterhouseCoopers, LLP<\/li>\n<li>Stanford Group Company<\/li>\n<li>SunTrust Banks<\/li>\n<li>Wells Fargo Insurance Services<\/li>\n<\/ul>\n<p><\/p>\n<p><\/p>\n<h2>Ristorazione<\/h2>\n<p><\/p>\n<p><\/p>\n<ul>\n<li>HERO Products Group<\/li>\n<li>The Coca-Cola Enterprises Inc.<\/li>\n<li>Standard Nutrition Company<\/li>\n<li>International Dairy Products<\/li>\n<li>Lasco Foods, Inc.<\/li>\n<\/ul>\n<p><\/p>\n<p><\/p>\n<h2>Assistenza Sanitaria E Sociale<\/h2>\n<p><\/p>\n<p><\/p>\n<ul>\n<li>American Society Of Plastic Surgeons<\/li>\n<li>BASF<\/li>\n<li>Baxco Pharmaceutical<\/li>\n<li>GProbe<\/li>\n<li>Herbalife International Of America, Inc.<\/li>\n<li>Journal Of Bone And Joint Surgery<\/li>\n<li>Synthon Pharmaceuticals<\/li>\n<\/ul>\n<p><\/p>\n<p><\/p>\n<h2>Informazione E Comunicazione<\/h2>\n<p><\/p>\n<p><\/p>\n<ul>\n<li>Booz, Allen &amp; Hamilton<\/li>\n<li>The Washington Post<\/li>\n<li>Yahoo! Inc.<\/li>\n<li>Hispanic Communications Network<\/li>\n<li>Burlington Books<\/li>\n<\/ul>\n<p><\/p>\n<p><\/p>\n<h2>Servizi Legali<\/h2>\n<p><\/p>\n<p><\/p>\n<ul>\n<li>Baker &amp; McKenzie<\/li>\n<li>Greenberg Traurig<\/li>\n<li>Hunton &amp; Williams<\/li>\n<li>Young &amp; Rubicam<\/li>\n<li>Crowell &amp; Moring<\/li>\n<\/ul>\n<p><\/p>\n<p><\/p>\n<h2>Produzione<\/h2>\n<p><\/p>\n<p><\/p>\n<ul>\n<li>Avon<\/li>\n<li>Brown Electric Company, Inc.<\/li>\n<li>Fenner Dunlop Americas<\/li>\n<li>GE Appliances<\/li>\n<li>Goodman Global, Inc.<\/li>\n<li>GoPro<\/li>\n<li>Honda<\/li>\n<li>Huawei Technologies Co., Ltd. (Shenzhen, China)<\/li>\n<li>International Business Machines (IBM)<\/li>\n<li>Kyocera Mita America, Inc.<\/li>\n<li>Nissan<\/li>\n<li>Quiksilver, Inc.<\/li>\n<li>Siemens<\/li>\n<li>Sony Electronics, Inc.<\/li>\n<li>Toyota<\/li>\n<li>Tucows, Inc.<\/li>\n<li>Ty-Crop Manufacturing<\/li>\n<\/ul>\n<p><\/p>\n<p><\/p>\n<h2>Industria Mineraria E Combustibile &#8211; Energia<\/h2>\n<p><\/p>\n<p><\/p>\n<ul>\n<li>British Petroleum (BP)<\/li>\n<li>U.S. Gas &amp; Electric, Inc.<\/li>\n<li>Drilling Oil And Gas Wells<\/li>\n<li>Sunburst Chemicals<\/li>\n<li>Powell Industries, Inc.<\/li>\n<\/ul>\n<p><\/p>\n<p><\/p>\n<h2>Organizzazioni Senza Scopo Di Lucro<\/h2>\n<p><\/p>\n<p><\/p>\n<ul>\n<li>The Salvation Army<\/li>\n<li>UNDP HIV\/AIDS Liaison Unit<\/li>\n<li>Veterans Of Foreign Wars Of The US National Headquarters<\/li>\n<li>AMIGOS De Las Am\u00e9ricas<\/li>\n<li>Self Reliance Foundation<\/li>\n<\/ul>\n<p><\/p>\n<p><\/p>\n<h2>Pubblica Amministrazione<\/h2>\n<p><\/p>\n<p><\/p>\n<ul>\n<li>Greater Miami Chamber Of Commerce<\/li>\n<li>NASA<\/li>\n<li>Florida Department Of Law Enforcement<\/li>\n<li>United Nations (UNDP HIV\/AIDS Liason Unit)<\/li>\n<li>Habeas Corpus Resource Center<\/li>\n<\/ul>\n<p><\/p>\n<p><\/p>\n<h2>Commercio al Dettaglio<\/h2>\n<p><\/p>\n<p><\/p>\n<ul>\n<li>A|X Armani Exchange<\/li>\n<li>Airbus<\/li>\n<li>Sears Holdings<\/li>\n<li>Toys R Us, Inc.<\/li>\n<li>Quiksilver, Inc.<\/li>\n<li>Sleepy\u2019s: The Mattress Professionals<\/li>\n<\/ul>\n<p><\/p>\n<p><\/p>\n<h2>Trasporti E Stoccaggio<\/h2>\n<p><\/p>\n<p><\/p>\n<ul>\n<li>Delta Airlines<\/li>\n<li>FedEx Corporation<\/li>\n<li>Lockheed Martin Corporation<\/li>\n<li>American Trucking Association<\/li>\n<li>Siemens Transportation Systems<\/li>\n<\/ul>\n<p><\/p>\t\t\t\t\t\t\t\t<\/div>\n\t\t\t\t\t<\/div>\n\t\t<\/div>\n\t\t\t\t\t<\/div>\n\t\t<\/section>\n\t\t\t\t<\/div>\n\t\t","protected":false},"excerpt":{"rendered":"Clienti Da piccoli studi legali a grandi aziende multinazionali,\u00a0Trusted Translations\u00a0\u00e8 in grado di offrire alla vostra organizzazione una vasta esperienza. I seguenti sono alcuni tra i clienti con i quali\u2026\n","protected":false},"author":1,"featured_media":139629,"parent":123362,"menu_order":0,"comment_status":"closed","ping_status":"closed","template":"","meta":{"site-sidebar-layout":"default","site-content-layout":"default","ast-site-content-layout":"default","site-content-style":"default","site-sidebar-style":"default","ast-global-header-display":"","ast-banner-title-visibility":"","ast-main-header-display":"","ast-hfb-above-header-display":"","ast-hfb-below-header-display":"","ast-hfb-mobile-header-display":"","site-post-title":"disabled","ast-breadcrumbs-content":"","ast-featured-img":"","footer-sml-layout":"","ast-disable-related-posts":"","theme-transparent-header-meta":"","adv-header-id-meta":null,"stick-header-meta":null,"header-above-stick-meta":null,"header-main-stick-meta":null,"header-below-stick-meta":null,"astra-migrate-meta-layouts":"default","ast-page-background-enabled":"default","ast-page-background-meta":{"desktop":{"background-color":"var(--ast-global-color-4)","background-image":"","background-repeat":"repeat","background-position":"center center","background-size":"auto","background-attachment":"scroll","background-type":"","background-media":"","overlay-type":"","overlay-color":"","overlay-opacity":"","overlay-gradient":""},"tablet":{"background-color":"","background-image":"","background-repeat":"repeat","background-position":"center center","background-size":"auto","background-attachment":"scroll","background-type":"","background-media":"","overlay-type":"","overlay-color":"","overlay-opacity":"","overlay-gradient":""},"mobile":{"background-color":"","background-image":"","background-repeat":"repeat","background-position":"center center","background-size":"auto","background-attachment":"scroll","background-type":"","background-media":"","overlay-type":"","overlay-color":"","overlay-opacity":"","overlay-gradient":""}},"ast-content-background-meta":{"desktop":{"background-color":"var(--ast-global-color-5)","background-image":"","background-repeat":"repeat","background-position":"center center","background-size":"auto","background-attachment":"scroll","background-type":"","background-media":"","overlay-type":"","overlay-color":"","overlay-opacity":"","overlay-gradient":""},"tablet":{"background-color":"var(--ast-global-color-5)","background-image":"","background-repeat":"repeat","background-position":"center center","background-size":"auto","background-attachment":"scroll","background-type":"","background-media":"","overlay-type":"","overlay-color":"","overlay-opacity":"","overlay-gradient":""},"mobile":{"background-color":"var(--ast-global-color-5)","background-image":"","background-repeat":"repeat","background-position":"center center","background-size":"auto","background-attachment":"scroll","background-type":"","background-media":"","overlay-type":"","overlay-color":"","overlay-opacity":"","overlay-gradient":""}},"footnotes":""},"class_list":["post-123348","page","type-page","status-publish","has-post-thumbnail","hentry"],"yoast_head":"<!-- This site is optimized with the Yoast SEO plugin v27.5 - https:\/\/yoast.com\/product\/yoast-seo-wordpress\/ -->\n<title>Clienti serviti dal team di Trusted Translations.<\/title>\n<meta name=\"description\" content=\"I seguenti sono alcuni dei clienti di Trusted Translations. Dai piccoli studi legali alle grandi aziende internazionali, Trusted Translations \u00e8 in grado di mettere a disposizione della vostra organizzazione una vasta esperienza.\" \/>\n<meta name=\"robots\" content=\"index, follow, max-snippet:-1, max-image-preview:large, max-video-preview:-1\" \/>\n<link rel=\"canonical\" href=\"https:\/\/www.trustedtranslations.com\/it\/chi-siamo\/clienti\" \/>\n<meta property=\"og:locale\" content=\"it_IT\" \/>\n<meta property=\"og:type\" content=\"article\" \/>\n<meta property=\"og:title\" content=\"Clienti serviti dal team di Trusted Translations.\" \/>\n<meta property=\"og:description\" content=\"I seguenti sono alcuni dei clienti di Trusted Translations. Dai piccoli studi legali alle grandi aziende internazionali, Trusted Translations \u00e8 in grado di mettere a disposizione della vostra organizzazione una vasta esperienza.\" \/>\n<meta property=\"og:url\" content=\"https:\/\/www.trustedtranslations.com\/it\/chi-siamo\/clienti\" \/>\n<meta property=\"og:site_name\" content=\"Trusted Translations, Inc.\" \/>\n<meta property=\"article:publisher\" content=\"https:\/\/www.facebook.com\/Trusted.Translations\" \/>\n<meta property=\"article:modified_time\" content=\"2023-05-10T03:00:22+00:00\" \/>\n<meta property=\"og:image\" content=\"https:\/\/static.trustedtranslations.com\/wp-content\/uploads\/2022\/03\/TT_NEW_FB-1.png\" \/>\n\t<meta property=\"og:image:width\" content=\"1038\" \/>\n\t<meta property=\"og:image:height\" content=\"1038\" \/>\n\t<meta property=\"og:image:type\" content=\"image\/png\" \/>\n<meta name=\"twitter:card\" content=\"summary_large_image\" \/>\n<meta name=\"twitter:site\" content=\"@TrustedT9ns\" \/>\n<script type=\"application\/ld+json\" class=\"yoast-schema-graph\">{\"@context\":\"https:\\\/\\\/schema.org\",\"@graph\":[{\"@type\":\"WebPage\",\"@id\":\"https:\\\/\\\/www.trustedtranslations.com\\\/it\\\/chi-siamo\\\/clienti\",\"url\":\"https:\\\/\\\/www.trustedtranslations.com\\\/it\\\/chi-siamo\\\/clienti\",\"name\":\"Clienti serviti dal team di Trusted Translations.\",\"isPartOf\":{\"@id\":\"https:\\\/\\\/www.trustedtranslations.com\\\/it\\\/#website\"},\"primaryImageOfPage\":{\"@id\":\"https:\\\/\\\/www.trustedtranslations.com\\\/it\\\/chi-siamo\\\/clienti#primaryimage\"},\"image\":{\"@id\":\"https:\\\/\\\/www.trustedtranslations.com\\\/it\\\/chi-siamo\\\/clienti#primaryimage\"},\"thumbnailUrl\":\"https:\\\/\\\/www.trustedtranslations.com\\\/wp-content\\\/uploads\\\/2022\\\/03\\\/TT_NEW_FB-1.png\",\"description\":\"I seguenti sono alcuni dei clienti di Trusted Translations. Dai piccoli studi legali alle grandi aziende internazionali, Trusted Translations \u00e8 in grado di mettere a disposizione della vostra organizzazione una vasta esperienza.\",\"breadcrumb\":{\"@id\":\"https:\\\/\\\/www.trustedtranslations.com\\\/it\\\/chi-siamo\\\/clienti#breadcrumb\"},\"inLanguage\":\"it-IT\",\"potentialAction\":[{\"@type\":\"ReadAction\",\"target\":[\"https:\\\/\\\/www.trustedtranslations.com\\\/it\\\/chi-siamo\\\/clienti\"]}]},{\"@type\":\"ImageObject\",\"inLanguage\":\"it-IT\",\"@id\":\"https:\\\/\\\/www.trustedtranslations.com\\\/it\\\/chi-siamo\\\/clienti#primaryimage\",\"url\":\"https:\\\/\\\/www.trustedtranslations.com\\\/wp-content\\\/uploads\\\/2022\\\/03\\\/TT_NEW_FB-1.png\",\"contentUrl\":\"https:\\\/\\\/www.trustedtranslations.com\\\/wp-content\\\/uploads\\\/2022\\\/03\\\/TT_NEW_FB-1.png\",\"width\":1038,\"height\":1038,\"caption\":\"TT NEW FB 1\"},{\"@type\":\"BreadcrumbList\",\"@id\":\"https:\\\/\\\/www.trustedtranslations.com\\\/it\\\/chi-siamo\\\/clienti#breadcrumb\",\"itemListElement\":[{\"@type\":\"ListItem\",\"position\":1,\"name\":\"Home\",\"item\":\"https:\\\/\\\/www.trustedtranslations.com\\\/it\"},{\"@type\":\"ListItem\",\"position\":2,\"name\":\"Chi siamo\",\"item\":\"https:\\\/\\\/www.trustedtranslations.com\\\/it\\\/chi-siamo\"},{\"@type\":\"ListItem\",\"position\":3,\"name\":\"Clienti\"}]},{\"@type\":\"WebSite\",\"@id\":\"https:\\\/\\\/www.trustedtranslations.com\\\/it\\\/#website\",\"url\":\"https:\\\/\\\/www.trustedtranslations.com\\\/it\\\/\",\"name\":\"Trusted Translations, Inc.\",\"description\":\"Leader in translation and interpretation services.\",\"publisher\":{\"@id\":\"https:\\\/\\\/www.trustedtranslations.com\\\/it\\\/#organization\"},\"alternateName\":\"Trusted Translations\",\"potentialAction\":[{\"@type\":\"SearchAction\",\"target\":{\"@type\":\"EntryPoint\",\"urlTemplate\":\"https:\\\/\\\/www.trustedtranslations.com\\\/it\\\/?s={search_term_string}\"},\"query-input\":{\"@type\":\"PropertyValueSpecification\",\"valueRequired\":true,\"valueName\":\"search_term_string\"}}],\"inLanguage\":\"it-IT\"},{\"@type\":\"Organization\",\"@id\":\"https:\\\/\\\/www.trustedtranslations.com\\\/it\\\/#organization\",\"name\":\"Trusted Translations\",\"alternateName\":\"Trusted Translations, Inc.\",\"url\":\"https:\\\/\\\/www.trustedtranslations.com\\\/it\\\/\",\"logo\":{\"@type\":\"ImageObject\",\"inLanguage\":\"it-IT\",\"@id\":\"https:\\\/\\\/www.trustedtranslations.com\\\/it\\\/#\\\/schema\\\/logo\\\/image\\\/\",\"url\":\"https:\\\/\\\/static.trustedtranslations.com\\\/wp-content\\\/uploads\\\/2022\\\/01\\\/TT_logo_WSIColors-2.png\",\"contentUrl\":\"https:\\\/\\\/static.trustedtranslations.com\\\/wp-content\\\/uploads\\\/2022\\\/01\\\/TT_logo_WSIColors-2.png\",\"width\":500,\"height\":196,\"caption\":\"Trusted Translations\"},\"image\":{\"@id\":\"https:\\\/\\\/www.trustedtranslations.com\\\/it\\\/#\\\/schema\\\/logo\\\/image\\\/\"},\"sameAs\":[\"https:\\\/\\\/www.facebook.com\\\/Trusted.Translations\",\"https:\\\/\\\/x.com\\\/TrustedT9ns\",\"https:\\\/\\\/www.linkedin.com\\\/company\\\/trusted-translations\"]}]}<\/script>\n<!-- \/ Yoast SEO plugin. -->","yoast_head_json":{"title":"Clienti serviti dal team di Trusted Translations.","description":"I seguenti sono alcuni dei clienti di Trusted Translations. Dai piccoli studi legali alle grandi aziende internazionali, Trusted Translations \u00e8 in grado di mettere a disposizione della vostra organizzazione una vasta esperienza.","robots":{"index":"index","follow":"follow","max-snippet":"max-snippet:-1","max-image-preview":"max-image-preview:large","max-video-preview":"max-video-preview:-1"},"canonical":"https:\/\/www.trustedtranslations.com\/it\/chi-siamo\/clienti","og_locale":"it_IT","og_type":"article","og_title":"Clienti serviti dal team di Trusted Translations.","og_description":"I seguenti sono alcuni dei clienti di Trusted Translations. Dai piccoli studi legali alle grandi aziende internazionali, Trusted Translations \u00e8 in grado di mettere a disposizione della vostra organizzazione una vasta esperienza.","og_url":"https:\/\/www.trustedtranslations.com\/it\/chi-siamo\/clienti","og_site_name":"Trusted Translations, Inc.","article_publisher":"https:\/\/www.facebook.com\/Trusted.Translations","article_modified_time":"2023-05-10T03:00:22+00:00","og_image":[{"width":1038,"height":1038,"url":"https:\/\/static.trustedtranslations.com\/wp-content\/uploads\/2022\/03\/TT_NEW_FB-1.png","type":"image\/png"}],"twitter_card":"summary_large_image","twitter_site":"@TrustedT9ns","schema":{"@context":"https:\/\/schema.org","@graph":[{"@type":"WebPage","@id":"https:\/\/www.trustedtranslations.com\/it\/chi-siamo\/clienti","url":"https:\/\/www.trustedtranslations.com\/it\/chi-siamo\/clienti","name":"Clienti serviti dal team di Trusted Translations.","isPartOf":{"@id":"https:\/\/www.trustedtranslations.com\/it\/#website"},"primaryImageOfPage":{"@id":"https:\/\/www.trustedtranslations.com\/it\/chi-siamo\/clienti#primaryimage"},"image":{"@id":"https:\/\/www.trustedtranslations.com\/it\/chi-siamo\/clienti#primaryimage"},"thumbnailUrl":"https:\/\/www.trustedtranslations.com\/wp-content\/uploads\/2022\/03\/TT_NEW_FB-1.png","description":"I seguenti sono alcuni dei clienti di Trusted Translations. Dai piccoli studi legali alle grandi aziende internazionali, Trusted Translations \u00e8 in grado di mettere a disposizione della vostra organizzazione una vasta esperienza.","breadcrumb":{"@id":"https:\/\/www.trustedtranslations.com\/it\/chi-siamo\/clienti#breadcrumb"},"inLanguage":"it-IT","potentialAction":[{"@type":"ReadAction","target":["https:\/\/www.trustedtranslations.com\/it\/chi-siamo\/clienti"]}]},{"@type":"ImageObject","inLanguage":"it-IT","@id":"https:\/\/www.trustedtranslations.com\/it\/chi-siamo\/clienti#primaryimage","url":"https:\/\/www.trustedtranslations.com\/wp-content\/uploads\/2022\/03\/TT_NEW_FB-1.png","contentUrl":"https:\/\/www.trustedtranslations.com\/wp-content\/uploads\/2022\/03\/TT_NEW_FB-1.png","width":1038,"height":1038,"caption":"TT NEW FB 1"},{"@type":"BreadcrumbList","@id":"https:\/\/www.trustedtranslations.com\/it\/chi-siamo\/clienti#breadcrumb","itemListElement":[{"@type":"ListItem","position":1,"name":"Home","item":"https:\/\/www.trustedtranslations.com\/it"},{"@type":"ListItem","position":2,"name":"Chi siamo","item":"https:\/\/www.trustedtranslations.com\/it\/chi-siamo"},{"@type":"ListItem","position":3,"name":"Clienti"}]},{"@type":"WebSite","@id":"https:\/\/www.trustedtranslations.com\/it\/#website","url":"https:\/\/www.trustedtranslations.com\/it\/","name":"Trusted Translations, Inc.","description":"Leader in translation and interpretation services.","publisher":{"@id":"https:\/\/www.trustedtranslations.com\/it\/#organization"},"alternateName":"Trusted Translations","potentialAction":[{"@type":"SearchAction","target":{"@type":"EntryPoint","urlTemplate":"https:\/\/www.trustedtranslations.com\/it\/?s={search_term_string}"},"query-input":{"@type":"PropertyValueSpecification","valueRequired":true,"valueName":"search_term_string"}}],"inLanguage":"it-IT"},{"@type":"Organization","@id":"https:\/\/www.trustedtranslations.com\/it\/#organization","name":"Trusted Translations","alternateName":"Trusted Translations, Inc.","url":"https:\/\/www.trustedtranslations.com\/it\/","logo":{"@type":"ImageObject","inLanguage":"it-IT","@id":"https:\/\/www.trustedtranslations.com\/it\/#\/schema\/logo\/image\/","url":"https:\/\/static.trustedtranslations.com\/wp-content\/uploads\/2022\/01\/TT_logo_WSIColors-2.png","contentUrl":"https:\/\/static.trustedtranslations.com\/wp-content\/uploads\/2022\/01\/TT_logo_WSIColors-2.png","width":500,"height":196,"caption":"Trusted Translations"},"image":{"@id":"https:\/\/www.trustedtranslations.com\/it\/#\/schema\/logo\/image\/"},"sameAs":["https:\/\/www.facebook.com\/Trusted.Translations","https:\/\/x.com\/TrustedT9ns","https:\/\/www.linkedin.com\/company\/trusted-translations"]}]}},"toolset-meta":{"dyk":{"mensaje-1":{"type":"textfield","raw":"Trusted Translations vanta oltre 5.000 clienti soddisfatti negli Stati Uniti e all\u2019estero."},"mensaje-2":{"type":"textfield","raw":"Il governo degli Stati Uniti e altre organizzazioni con i pi\u00f9 alti standard di qualit\u00e0 utilizzano i nostri servizi."},"mensaje-3":{"type":"textfield","raw":"Trusted Translations pu\u00f2 fornire traduzioni in oltre 150 lingue e dialetti."},"mensaje-4":{"type":"textfield","raw":"Oltre 500.000 persone e aziende visitano i nostri siti per consigli sulla lingua spagnola."},"mensaje-5":{"type":"textfield","raw":""},"mensaje-6":{"type":"textfield","raw":""}},"single-page-template-fields":{"imgs-temp":{"type":"image","raw":[],"repeatable":[]},"imgs-temp-cel":{"type":"image","raw":[],"repeatable":[]},"img-temp-one-cel":{"type":"image","raw":"","attachment_id":null},"quotes":{"type":"textarea","raw":"<h1 style=\"margin-bottom: 12px;\">Insert Title<\/h1>Lorem ipsum dolor sit amet consectetur adipisicing elit. Illum quod minima, reprehenderit sequi totam sunt, eos voluptatem nemo maiores nesciunt porro inventore tenetur tempore ratione officia cupiditate, at quam eaque! <div style=\"margin-top: 2.5vw;\"><a class=\"tt-btn-main-cta\" href=\"\/quote\">Request a free quote<\/a><\/div>"},"text-1":{"type":"textarea","raw":"<h2 style=\"margin-top: -10px;\">Text 1<\/h2>Lorem ipsum dolor sit amet consectetur adipisicing elit. Illum quod minima, reprehenderit sequi totam sunt, eos voluptatem nemo maiores nesciunt porro inventore tenetur tempore ratione officia cupiditate, at quam eaque!"},"shortcode-map":{"type":"textfield","raw":""},"dyk-shortcode":{"type":"textfield","raw":""},"text-2":{"type":"textarea","raw":"<h2>Text 2<\/h2>Lorem ipsum dolor sit amet consectetur adipisicing elit. Illum quod minima, reprehenderit sequi totam sunt, eos voluptatem nemo maiores nesciunt porro inventore tenetur tempore ratione officia cupiditate, at quam eaque!"},"state":{"type":"textfield","raw":""},"city":{"type":"textarea","raw":[]}}},"_links":{"self":[{"href":"https:\/\/www.trustedtranslations.com\/it\/wp-json\/wp\/v2\/pages\/123348","targetHints":{"allow":["GET"]}}],"collection":[{"href":"https:\/\/www.trustedtranslations.com\/it\/wp-json\/wp\/v2\/pages"}],"about":[{"href":"https:\/\/www.trustedtranslations.com\/it\/wp-json\/wp\/v2\/types\/page"}],"author":[{"embeddable":true,"href":"https:\/\/www.trustedtranslations.com\/it\/wp-json\/wp\/v2\/users\/1"}],"replies":[{"embeddable":true,"href":"https:\/\/www.trustedtranslations.com\/it\/wp-json\/wp\/v2\/comments?post=123348"}],"version-history":[{"count":0,"href":"https:\/\/www.trustedtranslations.com\/it\/wp-json\/wp\/v2\/pages\/123348\/revisions"}],"up":[{"embeddable":true,"href":"https:\/\/www.trustedtranslations.com\/it\/wp-json\/wp\/v2\/pages\/123362"}],"wp:featuredmedia":[{"embeddable":true,"href":"https:\/\/www.trustedtranslations.com\/it\/wp-json\/wp\/v2\/media\/139629"}],"wp:attachment":[{"href":"https:\/\/www.trustedtranslations.com\/it\/wp-json\/wp\/v2\/media?parent=123348"}],"curies":[{"name":"wp","href":"https:\/\/api.w.org\/{rel}","templated":true}]}}