{"id":123355,"date":"2018-12-27T11:30:54","date_gmt":"2018-12-27T11:30:54","guid":{"rendered":"https:\/\/www.trustedtranslations.com\/?page_id=123355"},"modified":"2024-09-18T18:23:54","modified_gmt":"2024-09-18T21:23:54","slug":"blockchain","status":"publish","type":"page","link":"https:\/\/www.trustedtranslations.com\/it\/industrie\/blockchain","title":{"rendered":"Blockchain"},"content":{"rendered":"","protected":false},"excerpt":{"rendered":"","protected":false},"author":1,"featured_media":139629,"parent":123363,"menu_order":0,"comment_status":"closed","ping_status":"closed","template":"","meta":{"site-sidebar-layout":"default","site-content-layout":"default","ast-site-content-layout":"default","site-content-style":"default","site-sidebar-style":"default","ast-global-header-display":"","ast-banner-title-visibility":"","ast-main-header-display":"","ast-hfb-above-header-display":"","ast-hfb-below-header-display":"","ast-hfb-mobile-header-display":"","site-post-title":"disabled","ast-breadcrumbs-content":"","ast-featured-img":"","footer-sml-layout":"","ast-disable-related-posts":"","theme-transparent-header-meta":"default","adv-header-id-meta":"","stick-header-meta":"","header-above-stick-meta":"","header-main-stick-meta":"","header-below-stick-meta":"","astra-migrate-meta-layouts":"set","ast-page-background-enabled":"default","ast-page-background-meta":{"desktop":{"background-color":"var(--ast-global-color-4)","background-image":"","background-repeat":"repeat","background-position":"center center","background-size":"auto","background-attachment":"scroll","background-type":"","background-media":"","overlay-type":"","overlay-color":"","overlay-opacity":"","overlay-gradient":""},"tablet":{"background-color":"","background-image":"","background-repeat":"repeat","background-position":"center center","background-size":"auto","background-attachment":"scroll","background-type":"","background-media":"","overlay-type":"","overlay-color":"","overlay-opacity":"","overlay-gradient":""},"mobile":{"background-color":"","background-image":"","background-repeat":"repeat","background-position":"center center","background-size":"auto","background-attachment":"scroll","background-type":"","background-media":"","overlay-type":"","overlay-color":"","overlay-opacity":"","overlay-gradient":""}},"ast-content-background-meta":{"desktop":{"background-color":"var(--ast-global-color-5)","background-image":"","background-repeat":"repeat","background-position":"center center","background-size":"auto","background-attachment":"scroll","background-type":"","background-media":"","overlay-type":"","overlay-color":"","overlay-opacity":"","overlay-gradient":""},"tablet":{"background-color":"var(--ast-global-color-5)","background-image":"","background-repeat":"repeat","background-position":"center center","background-size":"auto","background-attachment":"scroll","background-type":"","background-media":"","overlay-type":"","overlay-color":"","overlay-opacity":"","overlay-gradient":""},"mobile":{"background-color":"var(--ast-global-color-5)","background-image":"","background-repeat":"repeat","background-position":"center center","background-size":"auto","background-attachment":"scroll","background-type":"","background-media":"","overlay-type":"","overlay-color":"","overlay-opacity":"","overlay-gradient":""}},"footnotes":""},"class_list":["post-123355","page","type-page","status-publish","has-post-thumbnail","hentry"],"yoast_head":"<!-- This site is optimized with the Yoast SEO plugin v27.5 - https:\/\/yoast.com\/product\/yoast-seo-wordpress\/ -->\n<title>Servizi di traduzione per il settore Blockchain e criptovalute - Trusted Translations, Inc.<\/title>\n<meta name=\"description\" content=\"Trusted Translations, Inc. fornisce servizi di traduzione accurati e affidabili per tutti i tipi di materiali relativi alla tecnologia Blockchain.\" \/>\n<meta name=\"robots\" content=\"index, follow, max-snippet:-1, max-image-preview:large, max-video-preview:-1\" \/>\n<link rel=\"canonical\" href=\"https:\/\/www.trustedtranslations.com\/it\/industrie\/blockchain\" \/>\n<meta property=\"og:locale\" content=\"it_IT\" \/>\n<meta property=\"og:type\" content=\"article\" \/>\n<meta property=\"og:title\" content=\"Servizi di traduzione per il settore Blockchain e criptovalute - Trusted Translations, Inc.\" \/>\n<meta property=\"og:description\" content=\"Trusted Translations, Inc. fornisce servizi di traduzione accurati e affidabili per tutti i tipi di materiali relativi alla tecnologia Blockchain.\" \/>\n<meta property=\"og:url\" content=\"https:\/\/www.trustedtranslations.com\/it\/industrie\/blockchain\" \/>\n<meta property=\"og:site_name\" content=\"Trusted Translations, Inc.\" \/>\n<meta property=\"article:publisher\" content=\"https:\/\/www.facebook.com\/Trusted.Translations\" \/>\n<meta property=\"article:modified_time\" content=\"2024-09-18T21:23:54+00:00\" \/>\n<meta property=\"og:image\" content=\"https:\/\/static.trustedtranslations.com\/wp-content\/uploads\/2022\/03\/TT_NEW_FB-1.png\" \/>\n\t<meta property=\"og:image:width\" content=\"1038\" \/>\n\t<meta property=\"og:image:height\" content=\"1038\" \/>\n\t<meta property=\"og:image:type\" content=\"image\/png\" \/>\n<meta name=\"twitter:card\" content=\"summary_large_image\" \/>\n<meta name=\"twitter:site\" content=\"@TrustedT9ns\" \/>\n<script type=\"application\/ld+json\" class=\"yoast-schema-graph\">{\"@context\":\"https:\\\/\\\/schema.org\",\"@graph\":[{\"@type\":\"WebPage\",\"@id\":\"https:\\\/\\\/www.trustedtranslations.com\\\/it\\\/industrie\\\/blockchain\",\"url\":\"https:\\\/\\\/www.trustedtranslations.com\\\/it\\\/industrie\\\/blockchain\",\"name\":\"Servizi di traduzione per il settore Blockchain e criptovalute - Trusted Translations, Inc.\",\"isPartOf\":{\"@id\":\"https:\\\/\\\/www.trustedtranslations.com\\\/it\\\/#website\"},\"primaryImageOfPage\":{\"@id\":\"https:\\\/\\\/www.trustedtranslations.com\\\/it\\\/industrie\\\/blockchain#primaryimage\"},\"image\":{\"@id\":\"https:\\\/\\\/www.trustedtranslations.com\\\/it\\\/industrie\\\/blockchain#primaryimage\"},\"thumbnailUrl\":\"https:\\\/\\\/www.trustedtranslations.com\\\/wp-content\\\/uploads\\\/2022\\\/03\\\/TT_NEW_FB-1.png\",\"description\":\"Trusted Translations, Inc. fornisce servizi di traduzione accurati e affidabili per tutti i tipi di materiali relativi alla tecnologia Blockchain.\",\"breadcrumb\":{\"@id\":\"https:\\\/\\\/www.trustedtranslations.com\\\/it\\\/industrie\\\/blockchain#breadcrumb\"},\"inLanguage\":\"it-IT\",\"potentialAction\":[{\"@type\":\"ReadAction\",\"target\":[\"https:\\\/\\\/www.trustedtranslations.com\\\/it\\\/industrie\\\/blockchain\"]}]},{\"@type\":\"ImageObject\",\"inLanguage\":\"it-IT\",\"@id\":\"https:\\\/\\\/www.trustedtranslations.com\\\/it\\\/industrie\\\/blockchain#primaryimage\",\"url\":\"https:\\\/\\\/www.trustedtranslations.com\\\/wp-content\\\/uploads\\\/2022\\\/03\\\/TT_NEW_FB-1.png\",\"contentUrl\":\"https:\\\/\\\/www.trustedtranslations.com\\\/wp-content\\\/uploads\\\/2022\\\/03\\\/TT_NEW_FB-1.png\",\"width\":1038,\"height\":1038,\"caption\":\"TT NEW FB 1\"},{\"@type\":\"BreadcrumbList\",\"@id\":\"https:\\\/\\\/www.trustedtranslations.com\\\/it\\\/industrie\\\/blockchain#breadcrumb\",\"itemListElement\":[{\"@type\":\"ListItem\",\"position\":1,\"name\":\"Home\",\"item\":\"https:\\\/\\\/www.trustedtranslations.com\\\/it\"},{\"@type\":\"ListItem\",\"position\":2,\"name\":\"Competenza nel settore\",\"item\":\"https:\\\/\\\/www.trustedtranslations.com\\\/it\\\/industrie\"},{\"@type\":\"ListItem\",\"position\":3,\"name\":\"Blockchain\"}]},{\"@type\":\"WebSite\",\"@id\":\"https:\\\/\\\/www.trustedtranslations.com\\\/it\\\/#website\",\"url\":\"https:\\\/\\\/www.trustedtranslations.com\\\/it\\\/\",\"name\":\"Trusted Translations, Inc.\",\"description\":\"Leader in translation and interpretation services.\",\"publisher\":{\"@id\":\"https:\\\/\\\/www.trustedtranslations.com\\\/it\\\/#organization\"},\"alternateName\":\"Trusted Translations\",\"potentialAction\":[{\"@type\":\"SearchAction\",\"target\":{\"@type\":\"EntryPoint\",\"urlTemplate\":\"https:\\\/\\\/www.trustedtranslations.com\\\/it\\\/?s={search_term_string}\"},\"query-input\":{\"@type\":\"PropertyValueSpecification\",\"valueRequired\":true,\"valueName\":\"search_term_string\"}}],\"inLanguage\":\"it-IT\"},{\"@type\":\"Organization\",\"@id\":\"https:\\\/\\\/www.trustedtranslations.com\\\/it\\\/#organization\",\"name\":\"Trusted Translations\",\"alternateName\":\"Trusted Translations, Inc.\",\"url\":\"https:\\\/\\\/www.trustedtranslations.com\\\/it\\\/\",\"logo\":{\"@type\":\"ImageObject\",\"inLanguage\":\"it-IT\",\"@id\":\"https:\\\/\\\/www.trustedtranslations.com\\\/it\\\/#\\\/schema\\\/logo\\\/image\\\/\",\"url\":\"https:\\\/\\\/static.trustedtranslations.com\\\/wp-content\\\/uploads\\\/2022\\\/01\\\/TT_logo_WSIColors-2.png\",\"contentUrl\":\"https:\\\/\\\/static.trustedtranslations.com\\\/wp-content\\\/uploads\\\/2022\\\/01\\\/TT_logo_WSIColors-2.png\",\"width\":500,\"height\":196,\"caption\":\"Trusted Translations\"},\"image\":{\"@id\":\"https:\\\/\\\/www.trustedtranslations.com\\\/it\\\/#\\\/schema\\\/logo\\\/image\\\/\"},\"sameAs\":[\"https:\\\/\\\/www.facebook.com\\\/Trusted.Translations\",\"https:\\\/\\\/x.com\\\/TrustedT9ns\",\"https:\\\/\\\/www.linkedin.com\\\/company\\\/trusted-translations\"]}]}<\/script>\n<!-- \/ Yoast SEO plugin. -->","yoast_head_json":{"title":"Servizi di traduzione per il settore Blockchain e criptovalute - Trusted Translations, Inc.","description":"Trusted Translations, Inc. fornisce servizi di traduzione accurati e affidabili per tutti i tipi di materiali relativi alla tecnologia Blockchain.","robots":{"index":"index","follow":"follow","max-snippet":"max-snippet:-1","max-image-preview":"max-image-preview:large","max-video-preview":"max-video-preview:-1"},"canonical":"https:\/\/www.trustedtranslations.com\/it\/industrie\/blockchain","og_locale":"it_IT","og_type":"article","og_title":"Servizi di traduzione per il settore Blockchain e criptovalute - Trusted Translations, Inc.","og_description":"Trusted Translations, Inc. fornisce servizi di traduzione accurati e affidabili per tutti i tipi di materiali relativi alla tecnologia Blockchain.","og_url":"https:\/\/www.trustedtranslations.com\/it\/industrie\/blockchain","og_site_name":"Trusted Translations, Inc.","article_publisher":"https:\/\/www.facebook.com\/Trusted.Translations","article_modified_time":"2024-09-18T21:23:54+00:00","og_image":[{"width":1038,"height":1038,"url":"https:\/\/static.trustedtranslations.com\/wp-content\/uploads\/2022\/03\/TT_NEW_FB-1.png","type":"image\/png"}],"twitter_card":"summary_large_image","twitter_site":"@TrustedT9ns","schema":{"@context":"https:\/\/schema.org","@graph":[{"@type":"WebPage","@id":"https:\/\/www.trustedtranslations.com\/it\/industrie\/blockchain","url":"https:\/\/www.trustedtranslations.com\/it\/industrie\/blockchain","name":"Servizi di traduzione per il settore Blockchain e criptovalute - Trusted Translations, Inc.","isPartOf":{"@id":"https:\/\/www.trustedtranslations.com\/it\/#website"},"primaryImageOfPage":{"@id":"https:\/\/www.trustedtranslations.com\/it\/industrie\/blockchain#primaryimage"},"image":{"@id":"https:\/\/www.trustedtranslations.com\/it\/industrie\/blockchain#primaryimage"},"thumbnailUrl":"https:\/\/www.trustedtranslations.com\/wp-content\/uploads\/2022\/03\/TT_NEW_FB-1.png","description":"Trusted Translations, Inc. fornisce servizi di traduzione accurati e affidabili per tutti i tipi di materiali relativi alla tecnologia Blockchain.","breadcrumb":{"@id":"https:\/\/www.trustedtranslations.com\/it\/industrie\/blockchain#breadcrumb"},"inLanguage":"it-IT","potentialAction":[{"@type":"ReadAction","target":["https:\/\/www.trustedtranslations.com\/it\/industrie\/blockchain"]}]},{"@type":"ImageObject","inLanguage":"it-IT","@id":"https:\/\/www.trustedtranslations.com\/it\/industrie\/blockchain#primaryimage","url":"https:\/\/www.trustedtranslations.com\/wp-content\/uploads\/2022\/03\/TT_NEW_FB-1.png","contentUrl":"https:\/\/www.trustedtranslations.com\/wp-content\/uploads\/2022\/03\/TT_NEW_FB-1.png","width":1038,"height":1038,"caption":"TT NEW FB 1"},{"@type":"BreadcrumbList","@id":"https:\/\/www.trustedtranslations.com\/it\/industrie\/blockchain#breadcrumb","itemListElement":[{"@type":"ListItem","position":1,"name":"Home","item":"https:\/\/www.trustedtranslations.com\/it"},{"@type":"ListItem","position":2,"name":"Competenza nel settore","item":"https:\/\/www.trustedtranslations.com\/it\/industrie"},{"@type":"ListItem","position":3,"name":"Blockchain"}]},{"@type":"WebSite","@id":"https:\/\/www.trustedtranslations.com\/it\/#website","url":"https:\/\/www.trustedtranslations.com\/it\/","name":"Trusted Translations, Inc.","description":"Leader in translation and interpretation services.","publisher":{"@id":"https:\/\/www.trustedtranslations.com\/it\/#organization"},"alternateName":"Trusted Translations","potentialAction":[{"@type":"SearchAction","target":{"@type":"EntryPoint","urlTemplate":"https:\/\/www.trustedtranslations.com\/it\/?s={search_term_string}"},"query-input":{"@type":"PropertyValueSpecification","valueRequired":true,"valueName":"search_term_string"}}],"inLanguage":"it-IT"},{"@type":"Organization","@id":"https:\/\/www.trustedtranslations.com\/it\/#organization","name":"Trusted Translations","alternateName":"Trusted Translations, Inc.","url":"https:\/\/www.trustedtranslations.com\/it\/","logo":{"@type":"ImageObject","inLanguage":"it-IT","@id":"https:\/\/www.trustedtranslations.com\/it\/#\/schema\/logo\/image\/","url":"https:\/\/static.trustedtranslations.com\/wp-content\/uploads\/2022\/01\/TT_logo_WSIColors-2.png","contentUrl":"https:\/\/static.trustedtranslations.com\/wp-content\/uploads\/2022\/01\/TT_logo_WSIColors-2.png","width":500,"height":196,"caption":"Trusted Translations"},"image":{"@id":"https:\/\/www.trustedtranslations.com\/it\/#\/schema\/logo\/image\/"},"sameAs":["https:\/\/www.facebook.com\/Trusted.Translations","https:\/\/x.com\/TrustedT9ns","https:\/\/www.linkedin.com\/company\/trusted-translations"]}]}},"toolset-meta":{"dyk":{"mensaje-1":{"type":"textfield","raw":"Trusted Translations ha esperienza di traduzioni di documentazione ICO in diverse lingue."},"mensaje-2":{"type":"textfield","raw":"Abbiamo aiutato numerose startup Blockchain a presentare i propri white paper agli investitori nella loro lingua madre."},"mensaje-3":{"type":"textfield","raw":"Trusted Translations fornisce traduzioni in pi\u00f9 formati di file, pronte per l\u2019utilizzo immediato."},"mensaje-4":{"type":"textfield","raw":"Siamo stati in prima linea nelle traduzioni per il settore Blockchain sin dal suo esordio."},"mensaje-5":{"type":"textfield","raw":""},"mensaje-6":{"type":"textfield","raw":""}},"single-page-template-fields":{"imgs-temp":{"type":"image","raw":["https:\/\/static.trustedtranslations.com\/wp-content\/uploads\/2024\/05\/blockchain-final-1.webp"],"repeatable":[{"raw":"https:\/\/static.trustedtranslations.com\/wp-content\/uploads\/2024\/05\/blockchain-final-1.webp"}]},"imgs-temp-cel":{"type":"image","raw":[""],"repeatable":[{"raw":""}]},"img-temp-one-cel":{"type":"image","raw":"https:\/\/static.trustedtranslations.com\/wp-content\/uploads\/2024\/05\/AdobeStock_192635639-1.webp","attachment_id":null},"quotes":{"type":"textarea","raw":"<h1 style=\"margin-bottom: 12px;\">Servizi di traduzione Blockchain<\/h1>Le criptovalute e le tecnologie Blockchain hanno acquisito un grande slancio e sono sulla buona strada per raggiungere il loro pieno potenziale. Al momento, nessun singolo attore del settore \u00e8 emerso in modo preminente, quindi il successo di tali progetti dipender\u00e0 dalla loro capacit\u00e0 di raccogliere fondi attraverso ICO, da una buona adozione delle tecnologie e da casi d\u2019uso convincenti.<div style=\"margin-top: 2.5vw;\"><a class=\"tt-btn-main-cta\" href=\"\/it\/quote\">RICHIEDI UN PREVENTIVO GRATUITO<\/a><\/div>"},"text-1":{"type":"textarea","raw":"<h2>Servizi di traduzione per Blockchain e criptovalute<\/h2>\r\nE data la natura globale intrinseca delle criptovalute e i potenziali utilizzi delle tecnologie Blockchain a livello internazionale, \u00e8 fondamentale disporre di traduzioni impeccabili e affidabili di white paper, documentazione ICO, materiali di marketing e altre informazioni tecniche.<em><em> Trusted Translations<\/em><\/em> \u00e8 stata in prima linea nelle traduzioni per questo settore anche prima del suo periodo di massimo splendore, aiutando gli operatori del settore ad attingere alle risorse di sviluppo finanziario e tecnologico globale.\r\n<h2 style=\"margin-bottom:20px\">Leader riconosciuto nelle traduzioni nel settore delle criptovalute<\/h2>\r\nAttualmente i principali progetti e organizzazioni Blockchain si affidano a <em><em>Trusted Translations<\/em><\/em> per ogni aspetto delle proprie esigenze di traduzione, come documentazione e divulgazioni ICO (Initial Coin Offer), white paper tecnici, materiali di marketing, traduzioni di siti web, materiali relativi al software, etc. <em><em>Trusted Translations<\/em><\/em> ha oltre 15 anni di esperienza nella fornitura di traduzioni finanziarie, tecnologiche e di software; la sua competenza non ha eguali."},"shortcode-map":{"type":"textfield","raw":""},"dyk-shortcode":{"type":"textfield","raw":"[elementor-template id=\"146751\"]"},"text-2":{"type":"textarea","raw":"<h2 style=\"margin-bottom:20px\">Scegliere un\u2019azienda linguistica che comprenda le cripto<\/h2>\r\n<em><em>Trusted Translations<\/em><\/em> forma i propri account manager affinch\u00e9 siano esperti in ci\u00f2 che le tecnologie Blockchain rappresentano per la nostra attivit\u00e0. I nostri manager e ingegneri software partecipano a tutte le principali conferenze di questo settore per stare al passo con il suo lessico dinamico e in costante crescita. Infatti, <em><em>Trusted Translations<\/em><\/em> dispone di uno dei glossari specifici Blockchain pi\u00f9 completi e accurati del settore, compilato nel corso di vari anni di lavoro su questo tipo di progetti, inclusa la traduzione della documentazione di Bitcoin Core e dei documenti di supporto di Ethereum.\r\n<h2 style=\"margin-bottom:20px\">Soluzioni di traduzione Blockchain a cui affidarsi<\/h2>\r\n<em><em>Trusted Translations<\/em><\/em> ha esperienza nella traduzione di:\r\n<ul>\r\n \t<li>documentazione ICO e pre-ICO e white paper;<\/li>\r\n \t<li>app decentralizzate basate su Blockchain;<\/li>\r\n \t<li>smart contract multilingue;<\/li>\r\n \t<li>materiali relativi alle criptovalute;<\/li>\r\n \t<li>siti web di startup basate su Blockchain;<\/li>\r\n \t<li>materiali di marketing per conferenze Blockchain.<\/li>\r\n<\/ul>\r\nA prescindere dal tipo di documento, dal formato del file e dalla combinazione linguistica, disponiamo delle capacit\u00e0 interne per\r\ngestire il vostro progetto. Inoltre, ci sforziamo di incorporare le tecnologie pi\u00f9 recenti in ambito neurale e\r\ndi traduzione automatica personalizzata per rendere il vostro progetto scalabile e pi\u00f9 conveniente. Forniamo gratuitamente\r\npreventivi e gestione dei progetti anche per i progetti pi\u00f9 complessi. Non esitate a contattarci\r\noggi stesso."},"state":{"type":"textfield","raw":""},"city":{"type":"textarea","raw":[]}}},"_links":{"self":[{"href":"https:\/\/www.trustedtranslations.com\/it\/wp-json\/wp\/v2\/pages\/123355","targetHints":{"allow":["GET"]}}],"collection":[{"href":"https:\/\/www.trustedtranslations.com\/it\/wp-json\/wp\/v2\/pages"}],"about":[{"href":"https:\/\/www.trustedtranslations.com\/it\/wp-json\/wp\/v2\/types\/page"}],"author":[{"embeddable":true,"href":"https:\/\/www.trustedtranslations.com\/it\/wp-json\/wp\/v2\/users\/1"}],"replies":[{"embeddable":true,"href":"https:\/\/www.trustedtranslations.com\/it\/wp-json\/wp\/v2\/comments?post=123355"}],"version-history":[{"count":0,"href":"https:\/\/www.trustedtranslations.com\/it\/wp-json\/wp\/v2\/pages\/123355\/revisions"}],"up":[{"embeddable":true,"href":"https:\/\/www.trustedtranslations.com\/it\/wp-json\/wp\/v2\/pages\/123363"}],"wp:featuredmedia":[{"embeddable":true,"href":"https:\/\/www.trustedtranslations.com\/it\/wp-json\/wp\/v2\/media\/139629"}],"wp:attachment":[{"href":"https:\/\/www.trustedtranslations.com\/it\/wp-json\/wp\/v2\/media?parent=123355"}],"curies":[{"name":"wp","href":"https:\/\/api.w.org\/{rel}","templated":true}]}}