{"id":153892,"date":"2022-06-22T15:32:56","date_gmt":"2022-06-22T15:32:56","guid":{"rendered":"https:\/\/www.trustedtranslations.com\/servizi\/interpretazione\/interpretation-2"},"modified":"2025-12-09T18:21:44","modified_gmt":"2025-12-09T21:21:44","slug":"simultanea","status":"publish","type":"page","link":"https:\/\/www.trustedtranslations.com\/it\/servizi\/interpretariato-in-loco\/simultanea","title":{"rendered":"Simultanea"},"content":{"rendered":"","protected":false},"excerpt":{"rendered":"","protected":false},"author":1,"featured_media":177437,"parent":123301,"menu_order":0,"comment_status":"closed","ping_status":"closed","template":"","meta":{"site-sidebar-layout":"default","site-content-layout":"default","ast-site-content-layout":"default","site-content-style":"default","site-sidebar-style":"default","ast-global-header-display":"","ast-banner-title-visibility":"","ast-main-header-display":"","ast-hfb-above-header-display":"","ast-hfb-below-header-display":"","ast-hfb-mobile-header-display":"","site-post-title":"disabled","ast-breadcrumbs-content":"","ast-featured-img":"","footer-sml-layout":"","ast-disable-related-posts":"","theme-transparent-header-meta":"default","adv-header-id-meta":"","stick-header-meta":"","header-above-stick-meta":"","header-main-stick-meta":"","header-below-stick-meta":"","astra-migrate-meta-layouts":"set","ast-page-background-enabled":"default","ast-page-background-meta":{"desktop":{"background-color":"var(--ast-global-color-4)","background-image":"","background-repeat":"repeat","background-position":"center center","background-size":"auto","background-attachment":"scroll","background-type":"","background-media":"","overlay-type":"","overlay-color":"","overlay-opacity":"","overlay-gradient":""},"tablet":{"background-color":"","background-image":"","background-repeat":"repeat","background-position":"center center","background-size":"auto","background-attachment":"scroll","background-type":"","background-media":"","overlay-type":"","overlay-color":"","overlay-opacity":"","overlay-gradient":""},"mobile":{"background-color":"","background-image":"","background-repeat":"repeat","background-position":"center center","background-size":"auto","background-attachment":"scroll","background-type":"","background-media":"","overlay-type":"","overlay-color":"","overlay-opacity":"","overlay-gradient":""}},"ast-content-background-meta":{"desktop":{"background-color":"var(--ast-global-color-5)","background-image":"","background-repeat":"repeat","background-position":"center center","background-size":"auto","background-attachment":"scroll","background-type":"","background-media":"","overlay-type":"","overlay-color":"","overlay-opacity":"","overlay-gradient":""},"tablet":{"background-color":"var(--ast-global-color-5)","background-image":"","background-repeat":"repeat","background-position":"center center","background-size":"auto","background-attachment":"scroll","background-type":"","background-media":"","overlay-type":"","overlay-color":"","overlay-opacity":"","overlay-gradient":""},"mobile":{"background-color":"var(--ast-global-color-5)","background-image":"","background-repeat":"repeat","background-position":"center center","background-size":"auto","background-attachment":"scroll","background-type":"","background-media":"","overlay-type":"","overlay-color":"","overlay-opacity":"","overlay-gradient":""}},"footnotes":""},"class_list":["post-153892","page","type-page","status-publish","has-post-thumbnail","hentry"],"yoast_head":"<!-- This site is optimized with the Yoast SEO plugin v27.5 - https:\/\/yoast.com\/product\/yoast-seo-wordpress\/ -->\n<title>Servizi di interpretariato in simultanea - Trusted Translations, Inc.<\/title>\n<meta name=\"description\" content=\"Servizi professionali di interpretariato simultaneo in loco per conferenze ed eventi di grande portata. Interpreti specializzati assicurano comunicazione immediata e precisa.\" \/>\n<meta name=\"robots\" content=\"index, follow, max-snippet:-1, max-image-preview:large, max-video-preview:-1\" \/>\n<link rel=\"canonical\" href=\"https:\/\/www.trustedtranslations.com\/it\/servizi\/interpretariato-in-loco\/simultanea\" \/>\n<meta property=\"og:locale\" content=\"it_IT\" \/>\n<meta property=\"og:type\" content=\"article\" \/>\n<meta property=\"og:title\" content=\"Servizi di interpretariato in simultanea - Trusted Translations, Inc.\" \/>\n<meta property=\"og:description\" content=\"Servizi professionali di interpretariato simultaneo in loco per conferenze ed eventi di grande portata. Interpreti specializzati assicurano comunicazione immediata e precisa.\" \/>\n<meta property=\"og:url\" content=\"https:\/\/www.trustedtranslations.com\/it\/servizi\/interpretariato-in-loco\/simultanea\" \/>\n<meta property=\"og:site_name\" content=\"Trusted Translations, Inc.\" \/>\n<meta property=\"article:publisher\" content=\"https:\/\/www.facebook.com\/Trusted.Translations\" \/>\n<meta property=\"article:modified_time\" content=\"2025-12-09T21:21:44+00:00\" \/>\n<meta property=\"og:image\" content=\"https:\/\/www.trustedtranslations.com\/wp-content\/uploads\/2022\/06\/tt-logo-2-1.webp\" \/>\n\t<meta property=\"og:image:width\" content=\"216\" \/>\n\t<meta property=\"og:image:height\" content=\"94\" \/>\n\t<meta property=\"og:image:type\" content=\"image\/webp\" \/>\n<meta name=\"twitter:card\" content=\"summary_large_image\" \/>\n<meta name=\"twitter:site\" content=\"@TrustedT9ns\" \/>\n<script type=\"application\/ld+json\" class=\"yoast-schema-graph\">{\"@context\":\"https:\\\/\\\/schema.org\",\"@graph\":[{\"@type\":\"WebPage\",\"@id\":\"https:\\\/\\\/www.trustedtranslations.com\\\/it\\\/servizi\\\/interpretariato-in-loco\\\/simultanea\",\"url\":\"https:\\\/\\\/www.trustedtranslations.com\\\/it\\\/servizi\\\/interpretariato-in-loco\\\/simultanea\",\"name\":\"Servizi di interpretariato in simultanea - Trusted Translations, Inc.\",\"isPartOf\":{\"@id\":\"https:\\\/\\\/www.trustedtranslations.com\\\/it\\\/#website\"},\"primaryImageOfPage\":{\"@id\":\"https:\\\/\\\/www.trustedtranslations.com\\\/it\\\/servizi\\\/interpretariato-in-loco\\\/simultanea#primaryimage\"},\"image\":{\"@id\":\"https:\\\/\\\/www.trustedtranslations.com\\\/it\\\/servizi\\\/interpretariato-in-loco\\\/simultanea#primaryimage\"},\"thumbnailUrl\":\"\",\"description\":\"Servizi professionali di interpretariato simultaneo in loco per conferenze ed eventi di grande portata. Interpreti specializzati assicurano comunicazione immediata e precisa.\",\"breadcrumb\":{\"@id\":\"https:\\\/\\\/www.trustedtranslations.com\\\/it\\\/servizi\\\/interpretariato-in-loco\\\/simultanea#breadcrumb\"},\"inLanguage\":\"it-IT\",\"potentialAction\":[{\"@type\":\"ReadAction\",\"target\":[\"https:\\\/\\\/www.trustedtranslations.com\\\/it\\\/servizi\\\/interpretariato-in-loco\\\/simultanea\"]}]},{\"@type\":\"ImageObject\",\"inLanguage\":\"it-IT\",\"@id\":\"https:\\\/\\\/www.trustedtranslations.com\\\/it\\\/servizi\\\/interpretariato-in-loco\\\/simultanea#primaryimage\",\"url\":\"\",\"contentUrl\":\"\"},{\"@type\":\"BreadcrumbList\",\"@id\":\"https:\\\/\\\/www.trustedtranslations.com\\\/it\\\/servizi\\\/interpretariato-in-loco\\\/simultanea#breadcrumb\",\"itemListElement\":[{\"@type\":\"ListItem\",\"position\":1,\"name\":\"Home\",\"item\":\"https:\\\/\\\/www.trustedtranslations.com\\\/it\"},{\"@type\":\"ListItem\",\"position\":2,\"name\":\"Servizi\",\"item\":\"https:\\\/\\\/www.trustedtranslations.com\\\/it\\\/servizi\"},{\"@type\":\"ListItem\",\"position\":3,\"name\":\"Interpretariato in loco\",\"item\":\"https:\\\/\\\/www.trustedtranslations.com\\\/it\\\/servizi\\\/interpretariato-in-loco\"},{\"@type\":\"ListItem\",\"position\":4,\"name\":\"Simultanea\"}]},{\"@type\":\"WebSite\",\"@id\":\"https:\\\/\\\/www.trustedtranslations.com\\\/it\\\/#website\",\"url\":\"https:\\\/\\\/www.trustedtranslations.com\\\/it\\\/\",\"name\":\"Trusted Translations, Inc.\",\"description\":\"Leader in translation and interpretation services.\",\"publisher\":{\"@id\":\"https:\\\/\\\/www.trustedtranslations.com\\\/it\\\/#organization\"},\"alternateName\":\"Trusted Translations\",\"potentialAction\":[{\"@type\":\"SearchAction\",\"target\":{\"@type\":\"EntryPoint\",\"urlTemplate\":\"https:\\\/\\\/www.trustedtranslations.com\\\/it\\\/?s={search_term_string}\"},\"query-input\":{\"@type\":\"PropertyValueSpecification\",\"valueRequired\":true,\"valueName\":\"search_term_string\"}}],\"inLanguage\":\"it-IT\"},{\"@type\":\"Organization\",\"@id\":\"https:\\\/\\\/www.trustedtranslations.com\\\/it\\\/#organization\",\"name\":\"Trusted Translations\",\"alternateName\":\"Trusted Translations, Inc.\",\"url\":\"https:\\\/\\\/www.trustedtranslations.com\\\/it\\\/\",\"logo\":{\"@type\":\"ImageObject\",\"inLanguage\":\"it-IT\",\"@id\":\"https:\\\/\\\/www.trustedtranslations.com\\\/it\\\/#\\\/schema\\\/logo\\\/image\\\/\",\"url\":\"https:\\\/\\\/static.trustedtranslations.com\\\/wp-content\\\/uploads\\\/2022\\\/01\\\/TT_logo_WSIColors-2.png\",\"contentUrl\":\"https:\\\/\\\/static.trustedtranslations.com\\\/wp-content\\\/uploads\\\/2022\\\/01\\\/TT_logo_WSIColors-2.png\",\"width\":500,\"height\":196,\"caption\":\"Trusted Translations\"},\"image\":{\"@id\":\"https:\\\/\\\/www.trustedtranslations.com\\\/it\\\/#\\\/schema\\\/logo\\\/image\\\/\"},\"sameAs\":[\"https:\\\/\\\/www.facebook.com\\\/Trusted.Translations\",\"https:\\\/\\\/x.com\\\/TrustedT9ns\",\"https:\\\/\\\/www.linkedin.com\\\/company\\\/trusted-translations\"]}]}<\/script>\n<!-- \/ Yoast SEO plugin. -->","yoast_head_json":{"title":"Servizi di interpretariato in simultanea - Trusted Translations, Inc.","description":"Servizi professionali di interpretariato simultaneo in loco per conferenze ed eventi di grande portata. Interpreti specializzati assicurano comunicazione immediata e precisa.","robots":{"index":"index","follow":"follow","max-snippet":"max-snippet:-1","max-image-preview":"max-image-preview:large","max-video-preview":"max-video-preview:-1"},"canonical":"https:\/\/www.trustedtranslations.com\/it\/servizi\/interpretariato-in-loco\/simultanea","og_locale":"it_IT","og_type":"article","og_title":"Servizi di interpretariato in simultanea - Trusted Translations, Inc.","og_description":"Servizi professionali di interpretariato simultaneo in loco per conferenze ed eventi di grande portata. Interpreti specializzati assicurano comunicazione immediata e precisa.","og_url":"https:\/\/www.trustedtranslations.com\/it\/servizi\/interpretariato-in-loco\/simultanea","og_site_name":"Trusted Translations, Inc.","article_publisher":"https:\/\/www.facebook.com\/Trusted.Translations","article_modified_time":"2025-12-09T21:21:44+00:00","og_image":[{"width":216,"height":94,"url":"https:\/\/www.trustedtranslations.com\/wp-content\/uploads\/2022\/06\/tt-logo-2-1.webp","type":"image\/webp"}],"twitter_card":"summary_large_image","twitter_site":"@TrustedT9ns","schema":{"@context":"https:\/\/schema.org","@graph":[{"@type":"WebPage","@id":"https:\/\/www.trustedtranslations.com\/it\/servizi\/interpretariato-in-loco\/simultanea","url":"https:\/\/www.trustedtranslations.com\/it\/servizi\/interpretariato-in-loco\/simultanea","name":"Servizi di interpretariato in simultanea - Trusted Translations, Inc.","isPartOf":{"@id":"https:\/\/www.trustedtranslations.com\/it\/#website"},"primaryImageOfPage":{"@id":"https:\/\/www.trustedtranslations.com\/it\/servizi\/interpretariato-in-loco\/simultanea#primaryimage"},"image":{"@id":"https:\/\/www.trustedtranslations.com\/it\/servizi\/interpretariato-in-loco\/simultanea#primaryimage"},"thumbnailUrl":"","description":"Servizi professionali di interpretariato simultaneo in loco per conferenze ed eventi di grande portata. Interpreti specializzati assicurano comunicazione immediata e precisa.","breadcrumb":{"@id":"https:\/\/www.trustedtranslations.com\/it\/servizi\/interpretariato-in-loco\/simultanea#breadcrumb"},"inLanguage":"it-IT","potentialAction":[{"@type":"ReadAction","target":["https:\/\/www.trustedtranslations.com\/it\/servizi\/interpretariato-in-loco\/simultanea"]}]},{"@type":"ImageObject","inLanguage":"it-IT","@id":"https:\/\/www.trustedtranslations.com\/it\/servizi\/interpretariato-in-loco\/simultanea#primaryimage","url":"","contentUrl":""},{"@type":"BreadcrumbList","@id":"https:\/\/www.trustedtranslations.com\/it\/servizi\/interpretariato-in-loco\/simultanea#breadcrumb","itemListElement":[{"@type":"ListItem","position":1,"name":"Home","item":"https:\/\/www.trustedtranslations.com\/it"},{"@type":"ListItem","position":2,"name":"Servizi","item":"https:\/\/www.trustedtranslations.com\/it\/servizi"},{"@type":"ListItem","position":3,"name":"Interpretariato in loco","item":"https:\/\/www.trustedtranslations.com\/it\/servizi\/interpretariato-in-loco"},{"@type":"ListItem","position":4,"name":"Simultanea"}]},{"@type":"WebSite","@id":"https:\/\/www.trustedtranslations.com\/it\/#website","url":"https:\/\/www.trustedtranslations.com\/it\/","name":"Trusted Translations, Inc.","description":"Leader in translation and interpretation services.","publisher":{"@id":"https:\/\/www.trustedtranslations.com\/it\/#organization"},"alternateName":"Trusted Translations","potentialAction":[{"@type":"SearchAction","target":{"@type":"EntryPoint","urlTemplate":"https:\/\/www.trustedtranslations.com\/it\/?s={search_term_string}"},"query-input":{"@type":"PropertyValueSpecification","valueRequired":true,"valueName":"search_term_string"}}],"inLanguage":"it-IT"},{"@type":"Organization","@id":"https:\/\/www.trustedtranslations.com\/it\/#organization","name":"Trusted Translations","alternateName":"Trusted Translations, Inc.","url":"https:\/\/www.trustedtranslations.com\/it\/","logo":{"@type":"ImageObject","inLanguage":"it-IT","@id":"https:\/\/www.trustedtranslations.com\/it\/#\/schema\/logo\/image\/","url":"https:\/\/static.trustedtranslations.com\/wp-content\/uploads\/2022\/01\/TT_logo_WSIColors-2.png","contentUrl":"https:\/\/static.trustedtranslations.com\/wp-content\/uploads\/2022\/01\/TT_logo_WSIColors-2.png","width":500,"height":196,"caption":"Trusted Translations"},"image":{"@id":"https:\/\/www.trustedtranslations.com\/it\/#\/schema\/logo\/image\/"},"sameAs":["https:\/\/www.facebook.com\/Trusted.Translations","https:\/\/x.com\/TrustedT9ns","https:\/\/www.linkedin.com\/company\/trusted-translations"]}]}},"toolset-meta":{"dyk":{"mensaje-1":{"type":"textfield","raw":"La legge federale degli Stati Uniti richiede interpreti sia nei tribunali penali che in quelli civili."},"mensaje-2":{"type":"textfield","raw":"Gli interpreti professionisti lavorano spesso in coppia poich\u00e9 l\u2019interpretariato \u00e8 molto impegnativo dal punto di vista mentale."},"mensaje-3":{"type":"textfield","raw":"Interpreti qualificati possono ridurre gli errori di comunicazione medica fino al 75%."},"mensaje-4":{"type":"textfield","raw":"La legge statunitense richiede agli ospedali di fornire interpreti qualificati ai pazienti."},"mensaje-5":{"type":"textfield","raw":""},"mensaje-6":{"type":"textfield","raw":""}},"single-page-template-fields":{"imgs-temp":{"type":"image","raw":["https:\/\/static.trustedtranslations.com\/wp-content\/uploads\/2024\/07\/onsite-1-1.webp"],"repeatable":[{"raw":"https:\/\/static.trustedtranslations.com\/wp-content\/uploads\/2024\/07\/onsite-1-1.webp"}]},"imgs-temp-cel":{"type":"image","raw":[""],"repeatable":[{"raw":""}]},"img-temp-one-cel":{"type":"image","raw":"https:\/\/static.trustedtranslations.com\/wp-content\/uploads\/2024\/07\/speaker-business-conference-2-1.webp","attachment_id":null},"quotes":{"type":"textarea","raw":"<h1 style=\"margin-bottom: 12px;\">Servizi di interpretariato in simultanea in loco<\/h1>\r\nUna delle forme pi\u00f9 note di interpretariato in loco \u00e8 l\u2019interpretariato in simultanea o in tempo reale. Dalle convenzioni aziendali internazionali alle aule di tribunale, <em>Trusted Translations<\/em> fornisce i migliori interpreti in simultanea al mondo, fornendo l\u2019interpretariato pi\u00f9 affidabile per le comunicazioni pi\u00f9 importanti.\r\n<div style=\"margin-top: 2.5vw;\"><a class=\"tt-btn-main-cta\" href=\"https:\/\/www.trustedtranslations.com\/it\/quote\">Richiedi un preventivo gratuito<\/a><\/div>"},"text-1":{"type":"textarea","raw":"<h2>Interpretariato per un pubblico vasto<\/h2>\r\nNell\u2019interpretariato in simultanea, l\u2019interprete (o, spesso, un team di due o pi\u00f9 interpreti) traduce da una postazione vicina o da una cabina chiusa creando un\u2019esperienza di comunicazione praticamente in tempo reale. Ideale per eventi multilingue su larga scala, come le conferenze, questo \u00e8 il tipo di interpretazione dal vivo che si pu\u00f2 osservare nelle riunioni delle Nazioni Unite, nei discorsi presidenziali trasmessi in tutto il mondo o durante eventi sportivi internazionali come le Olimpiadi.\r\n<h2>Interpretariato in tempo reale<\/h2>\r\nGli incarichi di interpretariato in simultanea sono pi\u00f9 complessi della traduzione consecutiva: gli interpreti devono agire alla velocit\u00e0 della luce per recepire e interpretare la lingua di partenza e fornire agevolmente una traduzione orale nella lingua di destinazione. Poich\u00e9 gli interpreti in simultanea devono interpretare ci\u00f2 che ascoltano nel contesto, piuttosto che un\u2019approssimazione di base parola per parola, non esiste tecnologia o software in grado di approssimare anche solo la met\u00e0 dell\u2019affidabilit\u00e0 di un vero interprete in loco.\r\n\r\nLa rapidit\u00e0 e la fluidit\u00e0 dell\u2019interpretariato in simultanea richiedono agli interpreti una vasta esperienza e credenziali impeccabili. Il nostro team include interpreti in simultanea che hanno lavorato con le organizzazioni pi\u00f9 rinomate della comunit\u00e0 internazionale, comprese le Nazioni Unite. In quanto tali, hanno gi\u00e0 familiarit\u00e0 con standard rigorosi per la qualit\u00e0 dell\u2019interpretariato e con argomenti ad alto rischio.\r\n\r\nL\u2019interpretariato in simultanea in loco si basa anche su alcune apparecchiature specializzate, che forniscono sia all\u2019interprete che al pubblico un audio chiaro e di qualit\u00e0. Ad esempio, gli interpreti in simultanea utilizzano spesso cabine insonorizzate appositamente progettate, cuffie wireless, monitor televisivi e microfoni di prima qualit\u00e0. Per ottenere i migliori risultati \u00e8 importante lavorare con un team in grado di fornire l\u2019attrezzatura appropriata realizzata da produttori affidabili."},"shortcode-map":{"type":"textfield","raw":""},"dyk-shortcode":{"type":"textfield","raw":"[elementor-template id=\"146751\"]"},"text-2":{"type":"textarea","raw":"<h2>Perch\u00e9 scegliere l\u2019interpretariato in simultanea<\/h2>\r\nPoich\u00e9 l\u2019interpretariato in simultanea avviene in tempo reale, consente anche di risparmiare tempo, rendendolo ideale per conferenze e riunioni con molte persone o per conferenze che coinvolgono quantit\u00e0 significative di informazioni. Per eventi con un gran numero di partecipanti e pi\u00f9 lingue in gioco, l\u2019interpretariato in simultanea \u00e8 l\u2019opzione pi\u00f9 efficiente: non \u00e8 necessario attendere che il discorso di ogni oratore venga tradotto in decine o centinaia di lingue diverse.\r\n\r\nIn termini di riunioni multilingue di natura pi\u00f9 delicata, come in contesti legali, diplomatici o aziendali, l\u2019interpretariato in simultanea svolge un ruolo fondamentale facilitando una comunicazione accurata, spesso delicata e ricca di sfumature, tra tutti gli interlocutori. Inoltre, poich\u00e9 l\u2019aumento degli eventi virtuali o ibridi durante la pandemia ha ampliato il pubblico a nuove lingue e localit\u00e0, acquisire servizi di interpretariato in consecutiva per eventi futuri \u00e8 pi\u00f9 importante che mai.\r\n\r\n<em>Trusted Translations<\/em> \u00e8 dotata sia della tecnologia specializzata che dei migliori interpreti per soddisfare le vostre esigenze di interpretariato in simultanea. I nostri interpreti sono altamente qualificati e specificamente formati in questo tipo di interpretariato. Contattateci per scoprire le nostre soluzioni convenienti per le vostre necessit\u00e0 di interpretariato in simultanea in loco."},"state":{"type":"textfield","raw":""},"city":{"type":"textarea","raw":[""]}}},"_links":{"self":[{"href":"https:\/\/www.trustedtranslations.com\/it\/wp-json\/wp\/v2\/pages\/153892","targetHints":{"allow":["GET"]}}],"collection":[{"href":"https:\/\/www.trustedtranslations.com\/it\/wp-json\/wp\/v2\/pages"}],"about":[{"href":"https:\/\/www.trustedtranslations.com\/it\/wp-json\/wp\/v2\/types\/page"}],"author":[{"embeddable":true,"href":"https:\/\/www.trustedtranslations.com\/it\/wp-json\/wp\/v2\/users\/1"}],"replies":[{"embeddable":true,"href":"https:\/\/www.trustedtranslations.com\/it\/wp-json\/wp\/v2\/comments?post=153892"}],"version-history":[{"count":0,"href":"https:\/\/www.trustedtranslations.com\/it\/wp-json\/wp\/v2\/pages\/153892\/revisions"}],"up":[{"embeddable":true,"href":"https:\/\/www.trustedtranslations.com\/it\/wp-json\/wp\/v2\/pages\/123301"}],"wp:featuredmedia":[{"embeddable":true,"href":"https:\/\/www.trustedtranslations.com\/it\/wp-json\/"}],"wp:attachment":[{"href":"https:\/\/www.trustedtranslations.com\/it\/wp-json\/wp\/v2\/media?parent=153892"}],"curies":[{"name":"wp","href":"https:\/\/api.w.org\/{rel}","templated":true}]}}