{"id":154044,"date":"2022-06-22T15:40:41","date_gmt":"2022-06-22T15:40:41","guid":{"rendered":"https:\/\/www.trustedtranslations.com\/servizi\/interpretazione\/equipment"},"modified":"2024-09-06T16:09:38","modified_gmt":"2024-09-06T19:09:38","slug":"attrezzatura","status":"publish","type":"page","link":"https:\/\/www.trustedtranslations.com\/it\/servizi\/interpretariato-in-loco\/attrezzatura","title":{"rendered":"Attrezzatura"},"content":{"rendered":"","protected":false},"excerpt":{"rendered":"","protected":false},"author":1,"featured_media":177437,"parent":123301,"menu_order":0,"comment_status":"closed","ping_status":"closed","template":"","meta":{"site-sidebar-layout":"default","site-content-layout":"default","ast-site-content-layout":"default","site-content-style":"default","site-sidebar-style":"default","ast-global-header-display":"","ast-banner-title-visibility":"","ast-main-header-display":"","ast-hfb-above-header-display":"","ast-hfb-below-header-display":"","ast-hfb-mobile-header-display":"","site-post-title":"disabled","ast-breadcrumbs-content":"","ast-featured-img":"","footer-sml-layout":"","ast-disable-related-posts":"","theme-transparent-header-meta":"default","adv-header-id-meta":"","stick-header-meta":"","header-above-stick-meta":"","header-main-stick-meta":"","header-below-stick-meta":"","astra-migrate-meta-layouts":"set","ast-page-background-enabled":"default","ast-page-background-meta":{"desktop":{"background-color":"var(--ast-global-color-4)","background-image":"","background-repeat":"repeat","background-position":"center center","background-size":"auto","background-attachment":"scroll","background-type":"","background-media":"","overlay-type":"","overlay-color":"","overlay-opacity":"","overlay-gradient":""},"tablet":{"background-color":"","background-image":"","background-repeat":"repeat","background-position":"center center","background-size":"auto","background-attachment":"scroll","background-type":"","background-media":"","overlay-type":"","overlay-color":"","overlay-opacity":"","overlay-gradient":""},"mobile":{"background-color":"","background-image":"","background-repeat":"repeat","background-position":"center center","background-size":"auto","background-attachment":"scroll","background-type":"","background-media":"","overlay-type":"","overlay-color":"","overlay-opacity":"","overlay-gradient":""}},"ast-content-background-meta":{"desktop":{"background-color":"var(--ast-global-color-5)","background-image":"","background-repeat":"repeat","background-position":"center center","background-size":"auto","background-attachment":"scroll","background-type":"","background-media":"","overlay-type":"","overlay-color":"","overlay-opacity":"","overlay-gradient":""},"tablet":{"background-color":"var(--ast-global-color-5)","background-image":"","background-repeat":"repeat","background-position":"center center","background-size":"auto","background-attachment":"scroll","background-type":"","background-media":"","overlay-type":"","overlay-color":"","overlay-opacity":"","overlay-gradient":""},"mobile":{"background-color":"var(--ast-global-color-5)","background-image":"","background-repeat":"repeat","background-position":"center center","background-size":"auto","background-attachment":"scroll","background-type":"","background-media":"","overlay-type":"","overlay-color":"","overlay-opacity":"","overlay-gradient":""}},"footnotes":""},"class_list":["post-154044","page","type-page","status-publish","has-post-thumbnail","hentry"],"yoast_head":"<!-- This site is optimized with the Yoast SEO plugin v27.5 - https:\/\/yoast.com\/product\/yoast-seo-wordpress\/ -->\n<title>Attrezzatura per l\u2019interpretariato - Trusted Translations, Inc.<\/title>\n<meta name=\"description\" content=\"Trusted Translations \u00e8 leader nei servizi di interpretariato in consecutiva e in simultanea in loco. Chiamateci per richiedere un preventivo o una consulenza gratuita\" \/>\n<meta name=\"robots\" content=\"index, follow, max-snippet:-1, max-image-preview:large, max-video-preview:-1\" \/>\n<link rel=\"canonical\" href=\"https:\/\/www.trustedtranslations.com\/it\/servizi\/interpretariato-in-loco\/attrezzatura\" \/>\n<meta property=\"og:locale\" content=\"it_IT\" \/>\n<meta property=\"og:type\" content=\"article\" \/>\n<meta property=\"og:title\" content=\"Attrezzatura per l\u2019interpretariato - Trusted Translations, Inc.\" \/>\n<meta property=\"og:description\" content=\"Trusted Translations \u00e8 leader nei servizi di interpretariato in consecutiva e in simultanea in loco. Chiamateci per richiedere un preventivo o una consulenza gratuita\" \/>\n<meta property=\"og:url\" content=\"https:\/\/www.trustedtranslations.com\/it\/servizi\/interpretariato-in-loco\/attrezzatura\" \/>\n<meta property=\"og:site_name\" content=\"Trusted Translations, Inc.\" \/>\n<meta property=\"article:publisher\" content=\"https:\/\/www.facebook.com\/Trusted.Translations\" \/>\n<meta property=\"article:modified_time\" content=\"2024-09-06T19:09:38+00:00\" \/>\n<meta property=\"og:image\" content=\"https:\/\/www.trustedtranslations.com\/wp-content\/uploads\/2022\/06\/tt-logo-2-1.webp\" \/>\n\t<meta property=\"og:image:width\" content=\"216\" \/>\n\t<meta property=\"og:image:height\" content=\"94\" \/>\n\t<meta property=\"og:image:type\" content=\"image\/webp\" \/>\n<meta name=\"twitter:card\" content=\"summary_large_image\" \/>\n<meta name=\"twitter:site\" content=\"@TrustedT9ns\" \/>\n<script type=\"application\/ld+json\" class=\"yoast-schema-graph\">{\"@context\":\"https:\\\/\\\/schema.org\",\"@graph\":[{\"@type\":\"WebPage\",\"@id\":\"https:\\\/\\\/www.trustedtranslations.com\\\/it\\\/servizi\\\/interpretariato-in-loco\\\/attrezzatura\",\"url\":\"https:\\\/\\\/www.trustedtranslations.com\\\/it\\\/servizi\\\/interpretariato-in-loco\\\/attrezzatura\",\"name\":\"Attrezzatura per l\u2019interpretariato - Trusted Translations, Inc.\",\"isPartOf\":{\"@id\":\"https:\\\/\\\/www.trustedtranslations.com\\\/it\\\/#website\"},\"primaryImageOfPage\":{\"@id\":\"https:\\\/\\\/www.trustedtranslations.com\\\/it\\\/servizi\\\/interpretariato-in-loco\\\/attrezzatura#primaryimage\"},\"image\":{\"@id\":\"https:\\\/\\\/www.trustedtranslations.com\\\/it\\\/servizi\\\/interpretariato-in-loco\\\/attrezzatura#primaryimage\"},\"thumbnailUrl\":\"\",\"description\":\"Trusted Translations \u00e8 leader nei servizi di interpretariato in consecutiva e in simultanea in loco. Chiamateci per richiedere un preventivo o una consulenza gratuita\",\"breadcrumb\":{\"@id\":\"https:\\\/\\\/www.trustedtranslations.com\\\/it\\\/servizi\\\/interpretariato-in-loco\\\/attrezzatura#breadcrumb\"},\"inLanguage\":\"it-IT\",\"potentialAction\":[{\"@type\":\"ReadAction\",\"target\":[\"https:\\\/\\\/www.trustedtranslations.com\\\/it\\\/servizi\\\/interpretariato-in-loco\\\/attrezzatura\"]}]},{\"@type\":\"ImageObject\",\"inLanguage\":\"it-IT\",\"@id\":\"https:\\\/\\\/www.trustedtranslations.com\\\/it\\\/servizi\\\/interpretariato-in-loco\\\/attrezzatura#primaryimage\",\"url\":\"\",\"contentUrl\":\"\"},{\"@type\":\"BreadcrumbList\",\"@id\":\"https:\\\/\\\/www.trustedtranslations.com\\\/it\\\/servizi\\\/interpretariato-in-loco\\\/attrezzatura#breadcrumb\",\"itemListElement\":[{\"@type\":\"ListItem\",\"position\":1,\"name\":\"Home\",\"item\":\"https:\\\/\\\/www.trustedtranslations.com\\\/it\"},{\"@type\":\"ListItem\",\"position\":2,\"name\":\"Servizi\",\"item\":\"https:\\\/\\\/www.trustedtranslations.com\\\/it\\\/servizi\"},{\"@type\":\"ListItem\",\"position\":3,\"name\":\"Interpretariato in loco\",\"item\":\"https:\\\/\\\/www.trustedtranslations.com\\\/it\\\/servizi\\\/interpretariato-in-loco\"},{\"@type\":\"ListItem\",\"position\":4,\"name\":\"Attrezzatura\"}]},{\"@type\":\"WebSite\",\"@id\":\"https:\\\/\\\/www.trustedtranslations.com\\\/it\\\/#website\",\"url\":\"https:\\\/\\\/www.trustedtranslations.com\\\/it\\\/\",\"name\":\"Trusted Translations, Inc.\",\"description\":\"Leader in translation and interpretation services.\",\"publisher\":{\"@id\":\"https:\\\/\\\/www.trustedtranslations.com\\\/it\\\/#organization\"},\"alternateName\":\"Trusted Translations\",\"potentialAction\":[{\"@type\":\"SearchAction\",\"target\":{\"@type\":\"EntryPoint\",\"urlTemplate\":\"https:\\\/\\\/www.trustedtranslations.com\\\/it\\\/?s={search_term_string}\"},\"query-input\":{\"@type\":\"PropertyValueSpecification\",\"valueRequired\":true,\"valueName\":\"search_term_string\"}}],\"inLanguage\":\"it-IT\"},{\"@type\":\"Organization\",\"@id\":\"https:\\\/\\\/www.trustedtranslations.com\\\/it\\\/#organization\",\"name\":\"Trusted Translations\",\"alternateName\":\"Trusted Translations, Inc.\",\"url\":\"https:\\\/\\\/www.trustedtranslations.com\\\/it\\\/\",\"logo\":{\"@type\":\"ImageObject\",\"inLanguage\":\"it-IT\",\"@id\":\"https:\\\/\\\/www.trustedtranslations.com\\\/it\\\/#\\\/schema\\\/logo\\\/image\\\/\",\"url\":\"https:\\\/\\\/static.trustedtranslations.com\\\/wp-content\\\/uploads\\\/2022\\\/01\\\/TT_logo_WSIColors-2.png\",\"contentUrl\":\"https:\\\/\\\/static.trustedtranslations.com\\\/wp-content\\\/uploads\\\/2022\\\/01\\\/TT_logo_WSIColors-2.png\",\"width\":500,\"height\":196,\"caption\":\"Trusted Translations\"},\"image\":{\"@id\":\"https:\\\/\\\/www.trustedtranslations.com\\\/it\\\/#\\\/schema\\\/logo\\\/image\\\/\"},\"sameAs\":[\"https:\\\/\\\/www.facebook.com\\\/Trusted.Translations\",\"https:\\\/\\\/x.com\\\/TrustedT9ns\",\"https:\\\/\\\/www.linkedin.com\\\/company\\\/trusted-translations\"]}]}<\/script>\n<!-- \/ Yoast SEO plugin. -->","yoast_head_json":{"title":"Attrezzatura per l\u2019interpretariato - Trusted Translations, Inc.","description":"Trusted Translations \u00e8 leader nei servizi di interpretariato in consecutiva e in simultanea in loco. Chiamateci per richiedere un preventivo o una consulenza gratuita","robots":{"index":"index","follow":"follow","max-snippet":"max-snippet:-1","max-image-preview":"max-image-preview:large","max-video-preview":"max-video-preview:-1"},"canonical":"https:\/\/www.trustedtranslations.com\/it\/servizi\/interpretariato-in-loco\/attrezzatura","og_locale":"it_IT","og_type":"article","og_title":"Attrezzatura per l\u2019interpretariato - Trusted Translations, Inc.","og_description":"Trusted Translations \u00e8 leader nei servizi di interpretariato in consecutiva e in simultanea in loco. Chiamateci per richiedere un preventivo o una consulenza gratuita","og_url":"https:\/\/www.trustedtranslations.com\/it\/servizi\/interpretariato-in-loco\/attrezzatura","og_site_name":"Trusted Translations, Inc.","article_publisher":"https:\/\/www.facebook.com\/Trusted.Translations","article_modified_time":"2024-09-06T19:09:38+00:00","og_image":[{"width":216,"height":94,"url":"https:\/\/www.trustedtranslations.com\/wp-content\/uploads\/2022\/06\/tt-logo-2-1.webp","type":"image\/webp"}],"twitter_card":"summary_large_image","twitter_site":"@TrustedT9ns","schema":{"@context":"https:\/\/schema.org","@graph":[{"@type":"WebPage","@id":"https:\/\/www.trustedtranslations.com\/it\/servizi\/interpretariato-in-loco\/attrezzatura","url":"https:\/\/www.trustedtranslations.com\/it\/servizi\/interpretariato-in-loco\/attrezzatura","name":"Attrezzatura per l\u2019interpretariato - Trusted Translations, Inc.","isPartOf":{"@id":"https:\/\/www.trustedtranslations.com\/it\/#website"},"primaryImageOfPage":{"@id":"https:\/\/www.trustedtranslations.com\/it\/servizi\/interpretariato-in-loco\/attrezzatura#primaryimage"},"image":{"@id":"https:\/\/www.trustedtranslations.com\/it\/servizi\/interpretariato-in-loco\/attrezzatura#primaryimage"},"thumbnailUrl":"","description":"Trusted Translations \u00e8 leader nei servizi di interpretariato in consecutiva e in simultanea in loco. Chiamateci per richiedere un preventivo o una consulenza gratuita","breadcrumb":{"@id":"https:\/\/www.trustedtranslations.com\/it\/servizi\/interpretariato-in-loco\/attrezzatura#breadcrumb"},"inLanguage":"it-IT","potentialAction":[{"@type":"ReadAction","target":["https:\/\/www.trustedtranslations.com\/it\/servizi\/interpretariato-in-loco\/attrezzatura"]}]},{"@type":"ImageObject","inLanguage":"it-IT","@id":"https:\/\/www.trustedtranslations.com\/it\/servizi\/interpretariato-in-loco\/attrezzatura#primaryimage","url":"","contentUrl":""},{"@type":"BreadcrumbList","@id":"https:\/\/www.trustedtranslations.com\/it\/servizi\/interpretariato-in-loco\/attrezzatura#breadcrumb","itemListElement":[{"@type":"ListItem","position":1,"name":"Home","item":"https:\/\/www.trustedtranslations.com\/it"},{"@type":"ListItem","position":2,"name":"Servizi","item":"https:\/\/www.trustedtranslations.com\/it\/servizi"},{"@type":"ListItem","position":3,"name":"Interpretariato in loco","item":"https:\/\/www.trustedtranslations.com\/it\/servizi\/interpretariato-in-loco"},{"@type":"ListItem","position":4,"name":"Attrezzatura"}]},{"@type":"WebSite","@id":"https:\/\/www.trustedtranslations.com\/it\/#website","url":"https:\/\/www.trustedtranslations.com\/it\/","name":"Trusted Translations, Inc.","description":"Leader in translation and interpretation services.","publisher":{"@id":"https:\/\/www.trustedtranslations.com\/it\/#organization"},"alternateName":"Trusted Translations","potentialAction":[{"@type":"SearchAction","target":{"@type":"EntryPoint","urlTemplate":"https:\/\/www.trustedtranslations.com\/it\/?s={search_term_string}"},"query-input":{"@type":"PropertyValueSpecification","valueRequired":true,"valueName":"search_term_string"}}],"inLanguage":"it-IT"},{"@type":"Organization","@id":"https:\/\/www.trustedtranslations.com\/it\/#organization","name":"Trusted Translations","alternateName":"Trusted Translations, Inc.","url":"https:\/\/www.trustedtranslations.com\/it\/","logo":{"@type":"ImageObject","inLanguage":"it-IT","@id":"https:\/\/www.trustedtranslations.com\/it\/#\/schema\/logo\/image\/","url":"https:\/\/static.trustedtranslations.com\/wp-content\/uploads\/2022\/01\/TT_logo_WSIColors-2.png","contentUrl":"https:\/\/static.trustedtranslations.com\/wp-content\/uploads\/2022\/01\/TT_logo_WSIColors-2.png","width":500,"height":196,"caption":"Trusted Translations"},"image":{"@id":"https:\/\/www.trustedtranslations.com\/it\/#\/schema\/logo\/image\/"},"sameAs":["https:\/\/www.facebook.com\/Trusted.Translations","https:\/\/x.com\/TrustedT9ns","https:\/\/www.linkedin.com\/company\/trusted-translations"]}]}},"toolset-meta":{"dyk":{"mensaje-1":{"type":"textfield","raw":"Gli standard delle apparecchiature sono regolati dall\u2019ISO, con input da oltre 160 paesi."},"mensaje-2":{"type":"textfield","raw":"Le sole Nazioni Unite organizzano ogni anno oltre 5.000 riunioni ed eventi che richiedono l\u2019assistenza di interpreti."},"mensaje-3":{"type":"textfield","raw":"Le apparecchiature di trasmissione a infrarossi (IR) sono immuni alle interferenze radio."},"mensaje-4":{"type":"textfield","raw":"Le apparecchiature radio FM a lungo raggio hanno una portata di oltre 300 metri."},"mensaje-5":{"type":"textfield","raw":""},"mensaje-6":{"type":"textfield","raw":""}},"single-page-template-fields":{"imgs-temp":{"type":"image","raw":["https:\/\/static.trustedtranslations.com\/wp-content\/uploads\/2024\/07\/onsite-2-1.webp"],"repeatable":[{"raw":"https:\/\/static.trustedtranslations.com\/wp-content\/uploads\/2024\/07\/onsite-2-1.webp"}]},"imgs-temp-cel":{"type":"image","raw":[""],"repeatable":[{"raw":""}]},"img-temp-one-cel":{"type":"image","raw":"https:\/\/static.trustedtranslations.com\/wp-content\/uploads\/2024\/07\/close-up-microphone-stand-confer.webp","attachment_id":null},"quotes":{"type":"textarea","raw":"<h1 style=\"margin-bottom: 12px;\">Attrezzatura per l\u2019interpretariato in simultanea<\/h1>\r\nL\u2019interpretariato in simultanea spesso richiede l\u2019utilizzo di tecnologie specializzate per creare un\u2019esperienza di comunicazione \u201cin tempo reale\u201d. Ci\u00f2 si ottiene utilizzando un sistema di comunicazione chiuso wireless con microfoni, cuffie e apparecchiature di trasmissione speciali.\r\n<div style=\"margin-top: 2.5vw;\"><a class=\"tt-btn-main-cta\" href=\"https:\/\/www.trustedtranslations.com\/it\/quote\">Richiedi un preventivo gratuito<\/a><\/div>"},"text-1":{"type":"textarea","raw":"<img class=\"alignright wp-image-144863\" src=\"https:\/\/static.trustedtranslations.com\/wp-content\/uploads\/2022\/03\/customer-support-agent-greeting-his-clients-via-video-call-300x294.jpg\" alt=\"\" width=\"400\" height=\"393\" \/>\r\n\r\nIn quanto forma complessa di interpretazione in loco, l\u2019interpretariato in simultanea richiede tecnologie molto specifiche, a seconda dell\u2019ambiente fisico e della natura riservata delle informazioni. Come si pu\u00f2 vedere nelle convention aziendali delle Nazioni Unite o delle multinazionali, la maggior parte degli interpreti in simultanea fa uso di cabine insonorizzate, trasmettitori specializzati, cuffie wireless e microfoni di alta qualit\u00e0.\r\n\r\nDue tecnologie principali vengono utilizzate nell\u2019interpretariato in simultanea: FM\/RF e IR. La tecnologia FM, a volte indicato come apparecchiatura RF (per \u201cradiofrequenza\u201d), \u00e8 una tecnologia simile a quella utilizzata dalle stazioni radio. I trasmettitori FM possono trasmettere la traduzione su grandi distanze, decine o anche centinaia di metri, a seconda della portata, e penetrare le pareti. Le pi\u00f9 potenti apparecchiature FM per la traduzione possono anche annullare le interferenze radio e fornire una qualit\u00e0 del suono molto elevata. I sistemi FM offrono vari livelli di portabilit\u00e0 e mobilit\u00e0 per soddisfare le esigenze dei vostri eventi.\r\n\r\nL\u2019altro tipo di tecnologia sfruttato nell\u2019interpretariato in simultanea utilizza i raggi infrarossi. La tecnologia IR viene normalmente utilizzata in ambienti interni pi\u00f9 piccoli, per comunicazioni pi\u00f9 sicure e riservate, meno suscettibili alle interferenze. A differenza della tecnologia FM, la tecnologia IR richiede normalmente la linea di vista, cio\u00e8 una connessione libera tra il trasmettitore e il dispositivo ricevente (simile alla tecnologia dei telecomandi per televisori). I dispositivi IR sono particolarmente noti per la qualit\u00e0 del suono."},"shortcode-map":{"type":"textfield","raw":""},"dyk-shortcode":{"type":"textfield","raw":"[elementor-template id=\"146751\"]"},"text-2":{"type":"textarea","raw":"<h2>Scegliere la giusta attrezzatura per le necessit\u00e0 di interpretariato<\/h2>\r\nPer decidere se \u00e8 meglio affidarsi ad attrezzatura FM o IR per le proprie esigenze di interpretariato in simultanea, i fattori da considerare sono il numero di partecipanti, la disposizione della sede dell\u2019evento e la copertura necessaria, il numero di lingue necessario, la portabilit\u00e0 e il budget dell\u2019evento.\r\n\r\nAd esempio, le apparecchiature IR sono pi\u00f9 suscettibili alle interferenze luminose, rendendo la tecnologia FM una scelta pi\u00f9 affidabile per eventi all\u2019aperto o che si spostano tra diverse stanze, come visite guidate alle strutture. D\u2019altra parte, i trasmettitori IR sono considerati pi\u00f9 ottimali per eventi con pi\u00f9 di 6-8 lingue nella stessa stanza o per riunioni pi\u00f9 riservate. \u00c8 necessario anche valutare se per gli interpreti sono pi\u00f9 appropriate cabine audio completamente isolate o postazioni portatili da tavolo.\r\n\r\nQualunque attrezzatura scegliate, \u00e8 fondamentale procurarsela da un produttore ben qualificato. I requisiti per le apparecchiature per l\u2019interpretariato in simultanea sono rigorosamente controllati dall\u2019Organizzazione internazionale per la standardizzazione (ISO). Con il contributo degli organismi di standardizzazione in oltre 160 paesi, l\u2019ISO disciplina attentamente i requisiti di accessibilit\u00e0, arredamento e funzionamento dei sistemi relativi alla trasmissione del suono e alle cabine degli interpreti.\r\n\r\nCon cos\u00ec tanti elementi da prendere in considerazione nella selezione dell\u2019attrezzatura appropriata per le esigenze della vostra azienda od organizzazione, sar\u00e0 pi\u00f9 semplice ed economico affidarsi a esperti affermati per una consulenza.\r\n\r\nBasandosi su anni di esperienza nel campo dell\u2019interpretariato linguistico, competenze in materia in numerosi settori e intuizioni professionali dei migliori interpreti, <em>Trusted Translations<\/em> lavorer\u00e0 con il vostro team per determinare la migliore tecnologia per le vostre esigenze di interpretariato. Non esitate a contattarci per qualsiasi domanda relativa alla giusta tecnologia e attrezzatura per l\u2019interpretariato."},"state":{"type":"textfield","raw":""},"city":{"type":"textarea","raw":[]}}},"_links":{"self":[{"href":"https:\/\/www.trustedtranslations.com\/it\/wp-json\/wp\/v2\/pages\/154044","targetHints":{"allow":["GET"]}}],"collection":[{"href":"https:\/\/www.trustedtranslations.com\/it\/wp-json\/wp\/v2\/pages"}],"about":[{"href":"https:\/\/www.trustedtranslations.com\/it\/wp-json\/wp\/v2\/types\/page"}],"author":[{"embeddable":true,"href":"https:\/\/www.trustedtranslations.com\/it\/wp-json\/wp\/v2\/users\/1"}],"replies":[{"embeddable":true,"href":"https:\/\/www.trustedtranslations.com\/it\/wp-json\/wp\/v2\/comments?post=154044"}],"version-history":[{"count":0,"href":"https:\/\/www.trustedtranslations.com\/it\/wp-json\/wp\/v2\/pages\/154044\/revisions"}],"up":[{"embeddable":true,"href":"https:\/\/www.trustedtranslations.com\/it\/wp-json\/wp\/v2\/pages\/123301"}],"wp:featuredmedia":[{"embeddable":true,"href":"https:\/\/www.trustedtranslations.com\/it\/wp-json\/"}],"wp:attachment":[{"href":"https:\/\/www.trustedtranslations.com\/it\/wp-json\/wp\/v2\/media?parent=154044"}],"curies":[{"name":"wp","href":"https:\/\/api.w.org\/{rel}","templated":true}]}}