{"id":160952,"date":"2022-07-15T16:30:03","date_gmt":"2022-07-15T16:30:03","guid":{"rendered":"https:\/\/www.trustedtranslations.com\/servizi\/app\/android"},"modified":"2024-09-09T12:43:41","modified_gmt":"2024-09-09T15:43:41","slug":"android","status":"publish","type":"page","link":"https:\/\/www.trustedtranslations.com\/it\/servizi\/localizzazione-di-app\/android","title":{"rendered":"Android"},"content":{"rendered":"","protected":false},"excerpt":{"rendered":"","protected":false},"author":1,"featured_media":222933,"parent":123259,"menu_order":0,"comment_status":"closed","ping_status":"closed","template":"","meta":{"site-sidebar-layout":"default","site-content-layout":"default","ast-site-content-layout":"default","site-content-style":"default","site-sidebar-style":"default","ast-global-header-display":"","ast-banner-title-visibility":"","ast-main-header-display":"","ast-hfb-above-header-display":"","ast-hfb-below-header-display":"","ast-hfb-mobile-header-display":"","site-post-title":"disabled","ast-breadcrumbs-content":"","ast-featured-img":"","footer-sml-layout":"","ast-disable-related-posts":"","theme-transparent-header-meta":"default","adv-header-id-meta":"","stick-header-meta":"","header-above-stick-meta":"","header-main-stick-meta":"","header-below-stick-meta":"","astra-migrate-meta-layouts":"set","ast-page-background-enabled":"default","ast-page-background-meta":{"desktop":{"background-color":"var(--ast-global-color-4)","background-image":"","background-repeat":"repeat","background-position":"center center","background-size":"auto","background-attachment":"scroll","background-type":"","background-media":"","overlay-type":"","overlay-color":"","overlay-opacity":"","overlay-gradient":""},"tablet":{"background-color":"","background-image":"","background-repeat":"repeat","background-position":"center center","background-size":"auto","background-attachment":"scroll","background-type":"","background-media":"","overlay-type":"","overlay-color":"","overlay-opacity":"","overlay-gradient":""},"mobile":{"background-color":"","background-image":"","background-repeat":"repeat","background-position":"center center","background-size":"auto","background-attachment":"scroll","background-type":"","background-media":"","overlay-type":"","overlay-color":"","overlay-opacity":"","overlay-gradient":""}},"ast-content-background-meta":{"desktop":{"background-color":"var(--ast-global-color-5)","background-image":"","background-repeat":"repeat","background-position":"center center","background-size":"auto","background-attachment":"scroll","background-type":"","background-media":"","overlay-type":"","overlay-color":"","overlay-opacity":"","overlay-gradient":""},"tablet":{"background-color":"var(--ast-global-color-5)","background-image":"","background-repeat":"repeat","background-position":"center center","background-size":"auto","background-attachment":"scroll","background-type":"","background-media":"","overlay-type":"","overlay-color":"","overlay-opacity":"","overlay-gradient":""},"mobile":{"background-color":"var(--ast-global-color-5)","background-image":"","background-repeat":"repeat","background-position":"center center","background-size":"auto","background-attachment":"scroll","background-type":"","background-media":"","overlay-type":"","overlay-color":"","overlay-opacity":"","overlay-gradient":""}},"footnotes":""},"class_list":["post-160952","page","type-page","status-publish","has-post-thumbnail","hentry"],"yoast_head":"<!-- This site is optimized with the Yoast SEO plugin v27.5 - https:\/\/yoast.com\/product\/yoast-seo-wordpress\/ -->\n<title>Localizzazione di app Android - Trusted Translations, Inc.<\/title>\n<meta name=\"description\" content=\"Trusted Translations \u00e8 un fornitore leader di servizi di localizzazione di app Android. Localizziamo e traduciamo qualsiasi app mobile, virtualmente per qualsiasi mercato e dispositivo.\" \/>\n<meta name=\"robots\" content=\"index, follow, max-snippet:-1, max-image-preview:large, max-video-preview:-1\" \/>\n<link rel=\"canonical\" href=\"https:\/\/www.trustedtranslations.com\/it\/servizi\/localizzazione-di-app\/android\" \/>\n<meta property=\"og:locale\" content=\"it_IT\" \/>\n<meta property=\"og:type\" content=\"article\" \/>\n<meta property=\"og:title\" content=\"Localizzazione di app Android - Trusted Translations, Inc.\" \/>\n<meta property=\"og:description\" content=\"Trusted Translations \u00e8 un fornitore leader di servizi di localizzazione di app Android. Localizziamo e traduciamo qualsiasi app mobile, virtualmente per qualsiasi mercato e dispositivo.\" \/>\n<meta property=\"og:url\" content=\"https:\/\/www.trustedtranslations.com\/it\/servizi\/localizzazione-di-app\/android\" \/>\n<meta property=\"og:site_name\" content=\"Trusted Translations, Inc.\" \/>\n<meta property=\"article:publisher\" content=\"https:\/\/www.facebook.com\/Trusted.Translations\" \/>\n<meta property=\"article:modified_time\" content=\"2024-09-09T15:43:41+00:00\" \/>\n<meta property=\"og:image\" content=\"https:\/\/static.trustedtranslations.com\/wp-content\/uploads\/2022\/08\/TT_NEW_FB-1.png\" \/>\n\t<meta property=\"og:image:width\" content=\"1\" \/>\n\t<meta property=\"og:image:height\" content=\"1\" \/>\n\t<meta property=\"og:image:type\" content=\"image\/jpeg\" \/>\n<meta name=\"twitter:card\" content=\"summary_large_image\" \/>\n<meta name=\"twitter:site\" content=\"@TrustedT9ns\" \/>\n<script type=\"application\/ld+json\" class=\"yoast-schema-graph\">{\"@context\":\"https:\\\/\\\/schema.org\",\"@graph\":[{\"@type\":\"WebPage\",\"@id\":\"https:\\\/\\\/www.trustedtranslations.com\\\/it\\\/servizi\\\/localizzazione-di-app\\\/android\",\"url\":\"https:\\\/\\\/www.trustedtranslations.com\\\/it\\\/servizi\\\/localizzazione-di-app\\\/android\",\"name\":\"Localizzazione di app Android - Trusted Translations, Inc.\",\"isPartOf\":{\"@id\":\"https:\\\/\\\/www.trustedtranslations.com\\\/it\\\/#website\"},\"primaryImageOfPage\":{\"@id\":\"https:\\\/\\\/www.trustedtranslations.com\\\/it\\\/servizi\\\/localizzazione-di-app\\\/android#primaryimage\"},\"image\":{\"@id\":\"https:\\\/\\\/www.trustedtranslations.com\\\/it\\\/servizi\\\/localizzazione-di-app\\\/android#primaryimage\"},\"thumbnailUrl\":\"https:\\\/\\\/www.trustedtranslations.com\\\/wp-content\\\/uploads\\\/2022\\\/08\\\/TT_NEW_FB-1.png\",\"description\":\"Trusted Translations \u00e8 un fornitore leader di servizi di localizzazione di app Android. Localizziamo e traduciamo qualsiasi app mobile, virtualmente per qualsiasi mercato e dispositivo.\",\"breadcrumb\":{\"@id\":\"https:\\\/\\\/www.trustedtranslations.com\\\/it\\\/servizi\\\/localizzazione-di-app\\\/android#breadcrumb\"},\"inLanguage\":\"it-IT\",\"potentialAction\":[{\"@type\":\"ReadAction\",\"target\":[\"https:\\\/\\\/www.trustedtranslations.com\\\/it\\\/servizi\\\/localizzazione-di-app\\\/android\"]}]},{\"@type\":\"ImageObject\",\"inLanguage\":\"it-IT\",\"@id\":\"https:\\\/\\\/www.trustedtranslations.com\\\/it\\\/servizi\\\/localizzazione-di-app\\\/android#primaryimage\",\"url\":\"https:\\\/\\\/www.trustedtranslations.com\\\/wp-content\\\/uploads\\\/2022\\\/08\\\/TT_NEW_FB-1.png\",\"contentUrl\":\"https:\\\/\\\/www.trustedtranslations.com\\\/wp-content\\\/uploads\\\/2022\\\/08\\\/TT_NEW_FB-1.png\",\"caption\":\"TT NEW FB 1\"},{\"@type\":\"BreadcrumbList\",\"@id\":\"https:\\\/\\\/www.trustedtranslations.com\\\/it\\\/servizi\\\/localizzazione-di-app\\\/android#breadcrumb\",\"itemListElement\":[{\"@type\":\"ListItem\",\"position\":1,\"name\":\"Home\",\"item\":\"https:\\\/\\\/www.trustedtranslations.com\\\/it\"},{\"@type\":\"ListItem\",\"position\":2,\"name\":\"Servizi\",\"item\":\"https:\\\/\\\/www.trustedtranslations.com\\\/it\\\/servizi\"},{\"@type\":\"ListItem\",\"position\":3,\"name\":\"Localizzazione di app\",\"item\":\"https:\\\/\\\/www.trustedtranslations.com\\\/it\\\/servizi\\\/localizzazione-di-app\"},{\"@type\":\"ListItem\",\"position\":4,\"name\":\"Android\"}]},{\"@type\":\"WebSite\",\"@id\":\"https:\\\/\\\/www.trustedtranslations.com\\\/it\\\/#website\",\"url\":\"https:\\\/\\\/www.trustedtranslations.com\\\/it\\\/\",\"name\":\"Trusted Translations, Inc.\",\"description\":\"Leader in translation and interpretation services.\",\"publisher\":{\"@id\":\"https:\\\/\\\/www.trustedtranslations.com\\\/it\\\/#organization\"},\"alternateName\":\"Trusted Translations\",\"potentialAction\":[{\"@type\":\"SearchAction\",\"target\":{\"@type\":\"EntryPoint\",\"urlTemplate\":\"https:\\\/\\\/www.trustedtranslations.com\\\/it\\\/?s={search_term_string}\"},\"query-input\":{\"@type\":\"PropertyValueSpecification\",\"valueRequired\":true,\"valueName\":\"search_term_string\"}}],\"inLanguage\":\"it-IT\"},{\"@type\":\"Organization\",\"@id\":\"https:\\\/\\\/www.trustedtranslations.com\\\/it\\\/#organization\",\"name\":\"Trusted Translations\",\"alternateName\":\"Trusted Translations, Inc.\",\"url\":\"https:\\\/\\\/www.trustedtranslations.com\\\/it\\\/\",\"logo\":{\"@type\":\"ImageObject\",\"inLanguage\":\"it-IT\",\"@id\":\"https:\\\/\\\/www.trustedtranslations.com\\\/it\\\/#\\\/schema\\\/logo\\\/image\\\/\",\"url\":\"https:\\\/\\\/static.trustedtranslations.com\\\/wp-content\\\/uploads\\\/2022\\\/01\\\/TT_logo_WSIColors-2.png\",\"contentUrl\":\"https:\\\/\\\/static.trustedtranslations.com\\\/wp-content\\\/uploads\\\/2022\\\/01\\\/TT_logo_WSIColors-2.png\",\"width\":500,\"height\":196,\"caption\":\"Trusted Translations\"},\"image\":{\"@id\":\"https:\\\/\\\/www.trustedtranslations.com\\\/it\\\/#\\\/schema\\\/logo\\\/image\\\/\"},\"sameAs\":[\"https:\\\/\\\/www.facebook.com\\\/Trusted.Translations\",\"https:\\\/\\\/x.com\\\/TrustedT9ns\",\"https:\\\/\\\/www.linkedin.com\\\/company\\\/trusted-translations\"]}]}<\/script>\n<!-- \/ Yoast SEO plugin. -->","yoast_head_json":{"title":"Localizzazione di app Android - Trusted Translations, Inc.","description":"Trusted Translations \u00e8 un fornitore leader di servizi di localizzazione di app Android. Localizziamo e traduciamo qualsiasi app mobile, virtualmente per qualsiasi mercato e dispositivo.","robots":{"index":"index","follow":"follow","max-snippet":"max-snippet:-1","max-image-preview":"max-image-preview:large","max-video-preview":"max-video-preview:-1"},"canonical":"https:\/\/www.trustedtranslations.com\/it\/servizi\/localizzazione-di-app\/android","og_locale":"it_IT","og_type":"article","og_title":"Localizzazione di app Android - Trusted Translations, Inc.","og_description":"Trusted Translations \u00e8 un fornitore leader di servizi di localizzazione di app Android. Localizziamo e traduciamo qualsiasi app mobile, virtualmente per qualsiasi mercato e dispositivo.","og_url":"https:\/\/www.trustedtranslations.com\/it\/servizi\/localizzazione-di-app\/android","og_site_name":"Trusted Translations, Inc.","article_publisher":"https:\/\/www.facebook.com\/Trusted.Translations","article_modified_time":"2024-09-09T15:43:41+00:00","og_image":[{"url":"https:\/\/static.trustedtranslations.com\/wp-content\/uploads\/2022\/08\/TT_NEW_FB-1.png","width":1,"height":1,"type":"image\/jpeg"}],"twitter_card":"summary_large_image","twitter_site":"@TrustedT9ns","schema":{"@context":"https:\/\/schema.org","@graph":[{"@type":"WebPage","@id":"https:\/\/www.trustedtranslations.com\/it\/servizi\/localizzazione-di-app\/android","url":"https:\/\/www.trustedtranslations.com\/it\/servizi\/localizzazione-di-app\/android","name":"Localizzazione di app Android - Trusted Translations, Inc.","isPartOf":{"@id":"https:\/\/www.trustedtranslations.com\/it\/#website"},"primaryImageOfPage":{"@id":"https:\/\/www.trustedtranslations.com\/it\/servizi\/localizzazione-di-app\/android#primaryimage"},"image":{"@id":"https:\/\/www.trustedtranslations.com\/it\/servizi\/localizzazione-di-app\/android#primaryimage"},"thumbnailUrl":"https:\/\/www.trustedtranslations.com\/wp-content\/uploads\/2022\/08\/TT_NEW_FB-1.png","description":"Trusted Translations \u00e8 un fornitore leader di servizi di localizzazione di app Android. Localizziamo e traduciamo qualsiasi app mobile, virtualmente per qualsiasi mercato e dispositivo.","breadcrumb":{"@id":"https:\/\/www.trustedtranslations.com\/it\/servizi\/localizzazione-di-app\/android#breadcrumb"},"inLanguage":"it-IT","potentialAction":[{"@type":"ReadAction","target":["https:\/\/www.trustedtranslations.com\/it\/servizi\/localizzazione-di-app\/android"]}]},{"@type":"ImageObject","inLanguage":"it-IT","@id":"https:\/\/www.trustedtranslations.com\/it\/servizi\/localizzazione-di-app\/android#primaryimage","url":"https:\/\/www.trustedtranslations.com\/wp-content\/uploads\/2022\/08\/TT_NEW_FB-1.png","contentUrl":"https:\/\/www.trustedtranslations.com\/wp-content\/uploads\/2022\/08\/TT_NEW_FB-1.png","caption":"TT NEW FB 1"},{"@type":"BreadcrumbList","@id":"https:\/\/www.trustedtranslations.com\/it\/servizi\/localizzazione-di-app\/android#breadcrumb","itemListElement":[{"@type":"ListItem","position":1,"name":"Home","item":"https:\/\/www.trustedtranslations.com\/it"},{"@type":"ListItem","position":2,"name":"Servizi","item":"https:\/\/www.trustedtranslations.com\/it\/servizi"},{"@type":"ListItem","position":3,"name":"Localizzazione di app","item":"https:\/\/www.trustedtranslations.com\/it\/servizi\/localizzazione-di-app"},{"@type":"ListItem","position":4,"name":"Android"}]},{"@type":"WebSite","@id":"https:\/\/www.trustedtranslations.com\/it\/#website","url":"https:\/\/www.trustedtranslations.com\/it\/","name":"Trusted Translations, Inc.","description":"Leader in translation and interpretation services.","publisher":{"@id":"https:\/\/www.trustedtranslations.com\/it\/#organization"},"alternateName":"Trusted Translations","potentialAction":[{"@type":"SearchAction","target":{"@type":"EntryPoint","urlTemplate":"https:\/\/www.trustedtranslations.com\/it\/?s={search_term_string}"},"query-input":{"@type":"PropertyValueSpecification","valueRequired":true,"valueName":"search_term_string"}}],"inLanguage":"it-IT"},{"@type":"Organization","@id":"https:\/\/www.trustedtranslations.com\/it\/#organization","name":"Trusted Translations","alternateName":"Trusted Translations, Inc.","url":"https:\/\/www.trustedtranslations.com\/it\/","logo":{"@type":"ImageObject","inLanguage":"it-IT","@id":"https:\/\/www.trustedtranslations.com\/it\/#\/schema\/logo\/image\/","url":"https:\/\/static.trustedtranslations.com\/wp-content\/uploads\/2022\/01\/TT_logo_WSIColors-2.png","contentUrl":"https:\/\/static.trustedtranslations.com\/wp-content\/uploads\/2022\/01\/TT_logo_WSIColors-2.png","width":500,"height":196,"caption":"Trusted Translations"},"image":{"@id":"https:\/\/www.trustedtranslations.com\/it\/#\/schema\/logo\/image\/"},"sameAs":["https:\/\/www.facebook.com\/Trusted.Translations","https:\/\/x.com\/TrustedT9ns","https:\/\/www.linkedin.com\/company\/trusted-translations"]}]}},"toolset-meta":{"dyk":{"mensaje-1":{"type":"textfield","raw":"Il mercato dei giochi in America Latina \u00e8 dominato dai giochi per dispositivi mobili."},"mensaje-2":{"type":"textfield","raw":"Android \u00e8 il sistema per smartphone pi\u00f9 diffuso al mondo."},"mensaje-3":{"type":"textfield","raw":"I consumatori in oltre una dozzina di mercati in tutto il mondo trascorrono 4-5 ore al giorno utilizzando app mobili."},"mensaje-4":{"type":"textfield","raw":"Si prevede che gli utenti spenderanno 60 miliardi di dollari nel Google Play Store entro il 2023."},"mensaje-5":{"type":"textfield","raw":""},"mensaje-6":{"type":"textfield","raw":""}},"single-page-template-fields":{"imgs-temp":{"type":"image","raw":["https:\/\/static.trustedtranslations.com\/wp-content\/uploads\/2024\/05\/android-apps-3-1.webp","https:\/\/static.trustedtranslations.com\/wp-content\/uploads\/2024\/07\/ios-localizatioon-2-1.webp"],"repeatable":[{"raw":"https:\/\/static.trustedtranslations.com\/wp-content\/uploads\/2024\/05\/android-apps-3-1.webp"},{"raw":"https:\/\/static.trustedtranslations.com\/wp-content\/uploads\/2024\/07\/ios-localizatioon-2-1.webp"}]},"imgs-temp-cel":{"type":"image","raw":[""],"repeatable":[{"raw":""}]},"img-temp-one-cel":{"type":"image","raw":"https:\/\/static.trustedtranslations.com\/wp-content\/uploads\/2024\/05\/shutterstock_1391584058-2-1.webp","attachment_id":null},"quotes":{"type":"textarea","raw":"<h1 style=\"margin-bottom: 12px;\">Localizzazione di app Android<\/h1>\r\nPronti a portare la vostra app Android al livello successivo? Lasciate che <em>Trusted Translations<\/em> vi aiuti a localizzare la vostra app per raggiungere un pubblico di utenti pi\u00f9 ampio e vario in tutto il mondo.\r\n<div style=\"margin-top: 2.5vw;\"><a class=\"tt-btn-main-cta\" href=\"https:\/\/www.trustedtranslations.com\/it\/quote\">Richiedi un preventivo gratuito<\/a><\/div>"},"text-1":{"type":"textarea","raw":"<h2>Trusted Translations: uno dei tre fornitori di servizi esperti per la traduzione di app tramite Google Play Console<\/h2><em>Trusted Translations<\/em> \u00e8 uno dei soli tre fornitori di servizi di localizzazione (LSP) a offrire traduzioni di app tramite la Console per gli sviluppatori di Google Play. Che per voi l\u2019idea di localizzare le app Android sia una completa novit\u00e0 o che siate gi\u00e0 esperti e in cerca di nuove idee, abbiamo ci\u00f2 che fa per voi.\r\n<h2>Perch\u00e9 la localizzazione delle app Android \u00e8 importante<\/h2>\r\nNon accontentatevi di una fetta della \u201c<a href=\"https:\/\/www.trustedtranslations.com\/it\/servizi\/localizzazione-di-app\/ios\" target=\"_blank\" rel=\"noopener\">mela<\/a>\u201d: Android controlla una parte molto pi\u00f9 grande del mercato. Grazie al suo sistema operativo mobile open source disponibile su vari dispositivi e in molte regioni, Android \u00e8 il sistema per smartphone pi\u00f9 popolare al mondo, con una quota di mercato superiore al 70%. \u00c8 inoltre supportato dal pi\u00f9 grande app store del mondo, Google Play Store, che offre oltre 3,4 milioni di app.\r\n\r\nCome pu\u00f2 un\u2019azienda distinguere le proprie app dalla concorrenza in un campo di gioco cos\u00ec ampio? La risposta: <a href=\"https:\/\/www.trustedtranslations.com\/it\/servizi\/localizzazione-di-app\" target=\"_blank\" rel=\"noopener\">localizzazione delle app<\/a>.\r\n\r\nPer sfruttare la crescente popolarit\u00e0 globale di Android, le vostre app devono essere localizzate in regioni specifiche. Ad esempio, l\u2019America Latina \u00e8 un mercato di giochi \u201cmobile first\u201d che vale 3,5 miliardi di dollari di entrate, un mercato in cui la maggior parte degli utenti accede ai giochi tramite i propri smartphone.\r\n\r\nIn effetti, le ricerche hanno dimostrato che la maggior parte dei consumatori preferisce effettuare acquisti nella propria lingua, soprattutto quando le aziende si sforzano di aggiungere funzionalit\u00e0 localizzate come valuta e supporto specifico per paese. Per le app localizzate diligentemente, mercati come questi rappresentano un\u2019opportunit\u00e0 incredibile.\r\n<h2>Come funziona la localizzazione delle app<\/h2>\r\nIn che modo la localizzazione \u00e8 diversa dalla normale traduzione? \u00c8 il passo che fa il miglio in pi\u00f9 (o chilometro, a seconda del paese).\r\n\r\nLa localizzazione \u00e8 il processo di adattamento dell\u2019app alle sfumature di lingua, cultura e usabilit\u00e0 di una regione specifica. \u00c8 fondamentale per prevenire errori di utilizzo da parte dell\u2019utente e ottenere una base di clienti fedeli. Ad esempio, se siete abituati a date scritte nel formato \u201cgiorno-mese\u201d, \u00e8 probabile che non acquisterete un\u2019app di una compagnia aerea che utilizzi solo \u201cmese-giorno\u201d.\r\n\r\n<img class=\"alignleft wp-image-157687\" src=\"https:\/\/static.trustedtranslations.com\/wp-content\/uploads\/2022\/08\/android-operating-system-logo-with-3d-smartphone-1-1-1.jpg\" alt=\"\" width=\"550\" height=\"430\" \/>Android offre checklist specifiche per la localizzazione per aiutarvi a massimizzare il potenziale di distribuzione dell\u2019app. Come si pu\u00f2 vedere, la localizzazione coinvolge contenuto testuale, file audio e video, sistemi di misurazione, formati data-ora, valute, grafica, risorse dell\u2019app predefinite, stringhe di testo e altro ancora. L\u2019obiettivo \u00e8 rendere ogni funzionalit\u00e0 della vostra app, dal contenuto all\u2019interfaccia al supporto utente, perfetta per il nuovo mercato in questione.\r\n\r\nLa localizzazione \u00e8 anche un\u2019impresa in pi\u00f9 fasi, dalla ricerca delle lingue e delle impostazioni locali di destinazione, alla progettazione e alla gestione delle stringhe dell\u2019interfaccia utente, fino alla traduzione, al test e al lancio. \u00c8 particolarmente importante elaborare una strategia linguistica basata sulla strategia di mercato; <em>Trusted Translations<\/em> pu\u00f2 valutare quali lingue sono fondamentali per la vostra regione di destinazione e in che modo le tendenze del mercato possono influenzare il processo di localizzazione.\r\n\r\nPoich\u00e9 la localizzazione \u00e8 un processo complesso, dovrebbe essere continuo, ovvero aver luogo durante l\u2019intero ciclo di progettazione, sviluppo, consegna e test. Grazie a <em>Trusted Translations<\/em>, non \u00e8 necessario che siate sviluppatori web o linguisti di livello mondiale per produrre app eccezionali. I nostri esperti sono pronti a guidarvi attraverso ogni fase di questo processo multistrato."},"shortcode-map":{"type":"textfield","raw":""},"dyk-shortcode":{"type":"textfield","raw":"[elementor-template id=\"146751\"]"},"text-2":{"type":"textarea","raw":"<h2>Traduzione umana e localizzazione di app<\/h2>\r\nMentre gli strumenti di traduzione automatica come Google Translate funzionano bene con alcuni tipi di materiale, i testi dell\u2019interfaccia utente (UI) dipendono fortemente dal contesto. Senza un linguista umano che parli fluentemente la lingua e conosca approfonditamente la cultura di destinazione, \u00e8 difficile ottenere accuratezza; e senza di essa non si pu\u00f2 offrire una buona usabilit\u00e0 dell\u2019app.\r\n\r\nLa localizzazione aggiunge il tocco umano, che \u00e8 la chiave del successo. Una parola in tedesco si trasforma in cinque parole in inglese, esaurendo improvvisamente lo spazio sullo schermo? Uno scherzo nato in Spagna offende terribilmente i messicani? \u00c8 necessario un team umano che combini la fluidit\u00e0 linguistica con le competenze culturali e di settore, soprattutto per le regioni in cui la lingua si differenzia in numerose varianti, come l\u2019America Latina.\r\n<h2>Servizi di localizzazione di <em>Trusted Translations<\/em><\/h2>\r\n<em><a href=\"https:\/\/trustedtranslations.com\/it\" rel=\"noopener\">Trusted Translations<\/a><\/em> pu\u00f2 assistervi in ogni fase del processo, dalle stringhe alle schede dello store fino all\u2019acquisto di prodotti in-app. Indipendentemente dalle dimensioni della vostra azienda, disponiamo del comprovato know-how linguistico e tecnico per localizzare la vostra app in centinaia di lingue.\r\n\r\n<em>Trusted Translations<\/em> si distingue per i servizi specializzati che offriamo al di l\u00e0 della semplice localizzazione, dall\u2019inizio alla fine del lancio di un\u2019app di successo.\r\n\r\nAd esempio, mentre sviluppate la vostra strategia di localizzazione e prodotto, inizieremo condividendo la nostra vasta esperienza nello sviluppo di app e nelle ricerche di mercato. Quindi, vi prepareremo per il successo conducendo test di usabilit\u00e0 nel paese di destinazione, oltre alla convalida dell\u2019app. Testare la vostra app localizzata per diversi mercati vi consentir\u00e0 di risolvere eventuali problemi prima del lancio ufficiale, risparmiando tempo e denaro.\r\n\r\n<img class=\"wp-image-157702 alignright\" src=\"https:\/\/static.trustedtranslations.com\/wp-content\/uploads\/2022\/08\/business-hand-with-mobile-phone-1-1-300x200.jpg\" alt=\"\" width=\"500\" height=\"334\" \/>Miriamo inoltre a fornire un processo di localizzazione continuo che non si esaurisca il giorno del lancio. Come parte di tale processo, forniamo anche il monitoraggio dei bug e il supporto per le versioni di spedizione simultanea (simship). Con una versione \u201csimship\u201d lancerete il vostro prodotto in tutti i mercati target contemporaneamente, sia nel vostro paese che nel resto del mondo, nelle lingue appropriate. <em>Trusted Translations<\/em> pu\u00f2 garantire che le pubblicazioni siano coerenti su tutti i mercati e piattaforme, generando maggiori entrate globali.\r\n\r\nInfine, possiamo aiutarvi a localizzare i contenuti non adatti alla Google Console, come documenti aggiuntivi o comunicazioni di marketing. Qualunque sia il vostro progetto, <em>Trusted Translations<\/em> \u00e8 pronta ad attingere alla propria esperienza in numerose aree, come contenuti web, sottotitoli e doppiaggio e altri contenuti multimediali.\r\n\r\nIl nostro team versatile e completo creer\u00e0 soluzioni di alta qualit\u00e0 per tutte le vostre esigenze di <a href=\"https:\/\/www.trustedtranslations.com\/it\/servizi\/localizzazione-di-app\" target=\"_blank\" rel=\"noopener\">localizzazione di app<\/a> Android. Contattate <em>Trusted Translations<\/em> oggi stesso per saperne di pi\u00f9."},"state":{"type":"textfield","raw":""},"city":{"type":"textarea","raw":[]}}},"_links":{"self":[{"href":"https:\/\/www.trustedtranslations.com\/it\/wp-json\/wp\/v2\/pages\/160952","targetHints":{"allow":["GET"]}}],"collection":[{"href":"https:\/\/www.trustedtranslations.com\/it\/wp-json\/wp\/v2\/pages"}],"about":[{"href":"https:\/\/www.trustedtranslations.com\/it\/wp-json\/wp\/v2\/types\/page"}],"author":[{"embeddable":true,"href":"https:\/\/www.trustedtranslations.com\/it\/wp-json\/wp\/v2\/users\/1"}],"replies":[{"embeddable":true,"href":"https:\/\/www.trustedtranslations.com\/it\/wp-json\/wp\/v2\/comments?post=160952"}],"version-history":[{"count":0,"href":"https:\/\/www.trustedtranslations.com\/it\/wp-json\/wp\/v2\/pages\/160952\/revisions"}],"up":[{"embeddable":true,"href":"https:\/\/www.trustedtranslations.com\/it\/wp-json\/wp\/v2\/pages\/123259"}],"wp:featuredmedia":[{"embeddable":true,"href":"https:\/\/www.trustedtranslations.com\/it\/wp-json\/wp\/v2\/media\/222933"}],"wp:attachment":[{"href":"https:\/\/www.trustedtranslations.com\/it\/wp-json\/wp\/v2\/media?parent=160952"}],"curies":[{"name":"wp","href":"https:\/\/api.w.org\/{rel}","templated":true}]}}