{"id":161774,"date":"2022-10-18T00:34:36","date_gmt":"2022-10-18T00:34:36","guid":{"rendered":"https:\/\/www.trustedtranslations.com\/?page_id=161774"},"modified":"2024-09-03T17:00:32","modified_gmt":"2024-09-03T20:00:32","slug":"contenuti-multilingue","status":"publish","type":"page","link":"https:\/\/www.trustedtranslations.com\/it\/servizi\/contenuti-multilingue","title":{"rendered":"Contenuti multilingue"},"content":{"rendered":"","protected":false},"excerpt":{"rendered":"","protected":false},"author":1,"featured_media":177437,"parent":123364,"menu_order":0,"comment_status":"closed","ping_status":"closed","template":"","meta":{"site-sidebar-layout":"default","site-content-layout":"default","ast-site-content-layout":"default","site-content-style":"default","site-sidebar-style":"default","ast-global-header-display":"","ast-banner-title-visibility":"","ast-main-header-display":"","ast-hfb-above-header-display":"","ast-hfb-below-header-display":"","ast-hfb-mobile-header-display":"","site-post-title":"disabled","ast-breadcrumbs-content":"","ast-featured-img":"","footer-sml-layout":"","ast-disable-related-posts":"","theme-transparent-header-meta":"default","adv-header-id-meta":"","stick-header-meta":"","header-above-stick-meta":"","header-main-stick-meta":"","header-below-stick-meta":"","astra-migrate-meta-layouts":"set","ast-page-background-enabled":"default","ast-page-background-meta":{"desktop":{"background-color":"var(--ast-global-color-4)","background-image":"","background-repeat":"repeat","background-position":"center center","background-size":"auto","background-attachment":"scroll","background-type":"","background-media":"","overlay-type":"","overlay-color":"","overlay-opacity":"","overlay-gradient":""},"tablet":{"background-color":"","background-image":"","background-repeat":"repeat","background-position":"center center","background-size":"auto","background-attachment":"scroll","background-type":"","background-media":"","overlay-type":"","overlay-color":"","overlay-opacity":"","overlay-gradient":""},"mobile":{"background-color":"","background-image":"","background-repeat":"repeat","background-position":"center center","background-size":"auto","background-attachment":"scroll","background-type":"","background-media":"","overlay-type":"","overlay-color":"","overlay-opacity":"","overlay-gradient":""}},"ast-content-background-meta":{"desktop":{"background-color":"var(--ast-global-color-5)","background-image":"","background-repeat":"repeat","background-position":"center center","background-size":"auto","background-attachment":"scroll","background-type":"","background-media":"","overlay-type":"","overlay-color":"","overlay-opacity":"","overlay-gradient":""},"tablet":{"background-color":"var(--ast-global-color-5)","background-image":"","background-repeat":"repeat","background-position":"center center","background-size":"auto","background-attachment":"scroll","background-type":"","background-media":"","overlay-type":"","overlay-color":"","overlay-opacity":"","overlay-gradient":""},"mobile":{"background-color":"var(--ast-global-color-5)","background-image":"","background-repeat":"repeat","background-position":"center center","background-size":"auto","background-attachment":"scroll","background-type":"","background-media":"","overlay-type":"","overlay-color":"","overlay-opacity":"","overlay-gradient":""}},"footnotes":""},"class_list":["post-161774","page","type-page","status-publish","has-post-thumbnail","hentry"],"yoast_head":"<!-- This site is optimized with the Yoast SEO plugin v27.5 - https:\/\/yoast.com\/product\/yoast-seo-wordpress\/ -->\n<title>Servizi di traduzione di contenuti multilingue - Trusted Translations, Inc.<\/title>\n<meta name=\"description\" content=\"I contenuti multilingue sono fondamentali per le aziende che cercano di espandersi nei mercati internazionali. Trusted Translations \u00e8 specializzata nella generazione di contenuti di alta qualit\u00e0 che informano e coinvolgono i lettori in un\u2019ampia gamma di lingue.\" \/>\n<meta name=\"robots\" content=\"index, follow, max-snippet:-1, max-image-preview:large, max-video-preview:-1\" \/>\n<link rel=\"canonical\" href=\"https:\/\/www.trustedtranslations.com\/it\/servizi\/contenuti-multilingue\" \/>\n<meta property=\"og:locale\" content=\"it_IT\" \/>\n<meta property=\"og:type\" content=\"article\" \/>\n<meta property=\"og:title\" content=\"Servizi di traduzione di contenuti multilingue - Trusted Translations, Inc.\" \/>\n<meta property=\"og:description\" content=\"I contenuti multilingue sono fondamentali per le aziende che cercano di espandersi nei mercati internazionali. Trusted Translations \u00e8 specializzata nella generazione di contenuti di alta qualit\u00e0 che informano e coinvolgono i lettori in un\u2019ampia gamma di lingue.\" \/>\n<meta property=\"og:url\" content=\"https:\/\/www.trustedtranslations.com\/it\/servizi\/contenuti-multilingue\" \/>\n<meta property=\"og:site_name\" content=\"Trusted Translations, Inc.\" \/>\n<meta property=\"article:publisher\" content=\"https:\/\/www.facebook.com\/Trusted.Translations\" \/>\n<meta property=\"article:modified_time\" content=\"2024-09-03T20:00:32+00:00\" \/>\n<meta property=\"og:image\" content=\"https:\/\/www.trustedtranslations.com\/wp-content\/uploads\/2022\/06\/tt-logo-2-1.webp\" \/>\n\t<meta property=\"og:image:width\" content=\"216\" \/>\n\t<meta property=\"og:image:height\" content=\"94\" \/>\n\t<meta property=\"og:image:type\" content=\"image\/webp\" \/>\n<meta name=\"twitter:card\" content=\"summary_large_image\" \/>\n<meta name=\"twitter:site\" content=\"@TrustedT9ns\" \/>\n<script type=\"application\/ld+json\" class=\"yoast-schema-graph\">{\"@context\":\"https:\\\/\\\/schema.org\",\"@graph\":[{\"@type\":\"WebPage\",\"@id\":\"https:\\\/\\\/www.trustedtranslations.com\\\/it\\\/servizi\\\/contenuti-multilingue\",\"url\":\"https:\\\/\\\/www.trustedtranslations.com\\\/it\\\/servizi\\\/contenuti-multilingue\",\"name\":\"Servizi di traduzione di contenuti multilingue - Trusted Translations, Inc.\",\"isPartOf\":{\"@id\":\"https:\\\/\\\/www.trustedtranslations.com\\\/it\\\/#website\"},\"primaryImageOfPage\":{\"@id\":\"https:\\\/\\\/www.trustedtranslations.com\\\/it\\\/servizi\\\/contenuti-multilingue#primaryimage\"},\"image\":{\"@id\":\"https:\\\/\\\/www.trustedtranslations.com\\\/it\\\/servizi\\\/contenuti-multilingue#primaryimage\"},\"thumbnailUrl\":\"\",\"description\":\"I contenuti multilingue sono fondamentali per le aziende che cercano di espandersi nei mercati internazionali. Trusted Translations \u00e8 specializzata nella generazione di contenuti di alta qualit\u00e0 che informano e coinvolgono i lettori in un\u2019ampia gamma di lingue.\",\"breadcrumb\":{\"@id\":\"https:\\\/\\\/www.trustedtranslations.com\\\/it\\\/servizi\\\/contenuti-multilingue#breadcrumb\"},\"inLanguage\":\"it-IT\",\"potentialAction\":[{\"@type\":\"ReadAction\",\"target\":[\"https:\\\/\\\/www.trustedtranslations.com\\\/it\\\/servizi\\\/contenuti-multilingue\"]}]},{\"@type\":\"ImageObject\",\"inLanguage\":\"it-IT\",\"@id\":\"https:\\\/\\\/www.trustedtranslations.com\\\/it\\\/servizi\\\/contenuti-multilingue#primaryimage\",\"url\":\"\",\"contentUrl\":\"\"},{\"@type\":\"BreadcrumbList\",\"@id\":\"https:\\\/\\\/www.trustedtranslations.com\\\/it\\\/servizi\\\/contenuti-multilingue#breadcrumb\",\"itemListElement\":[{\"@type\":\"ListItem\",\"position\":1,\"name\":\"Home\",\"item\":\"https:\\\/\\\/www.trustedtranslations.com\\\/it\"},{\"@type\":\"ListItem\",\"position\":2,\"name\":\"Servizi\",\"item\":\"https:\\\/\\\/www.trustedtranslations.com\\\/it\\\/servizi\"},{\"@type\":\"ListItem\",\"position\":3,\"name\":\"Contenuti multilingue\"}]},{\"@type\":\"WebSite\",\"@id\":\"https:\\\/\\\/www.trustedtranslations.com\\\/it\\\/#website\",\"url\":\"https:\\\/\\\/www.trustedtranslations.com\\\/it\\\/\",\"name\":\"Trusted Translations, Inc.\",\"description\":\"Leader in translation and interpretation services.\",\"publisher\":{\"@id\":\"https:\\\/\\\/www.trustedtranslations.com\\\/it\\\/#organization\"},\"alternateName\":\"Trusted Translations\",\"potentialAction\":[{\"@type\":\"SearchAction\",\"target\":{\"@type\":\"EntryPoint\",\"urlTemplate\":\"https:\\\/\\\/www.trustedtranslations.com\\\/it\\\/?s={search_term_string}\"},\"query-input\":{\"@type\":\"PropertyValueSpecification\",\"valueRequired\":true,\"valueName\":\"search_term_string\"}}],\"inLanguage\":\"it-IT\"},{\"@type\":\"Organization\",\"@id\":\"https:\\\/\\\/www.trustedtranslations.com\\\/it\\\/#organization\",\"name\":\"Trusted Translations\",\"alternateName\":\"Trusted Translations, Inc.\",\"url\":\"https:\\\/\\\/www.trustedtranslations.com\\\/it\\\/\",\"logo\":{\"@type\":\"ImageObject\",\"inLanguage\":\"it-IT\",\"@id\":\"https:\\\/\\\/www.trustedtranslations.com\\\/it\\\/#\\\/schema\\\/logo\\\/image\\\/\",\"url\":\"https:\\\/\\\/static.trustedtranslations.com\\\/wp-content\\\/uploads\\\/2022\\\/01\\\/TT_logo_WSIColors-2.png\",\"contentUrl\":\"https:\\\/\\\/static.trustedtranslations.com\\\/wp-content\\\/uploads\\\/2022\\\/01\\\/TT_logo_WSIColors-2.png\",\"width\":500,\"height\":196,\"caption\":\"Trusted Translations\"},\"image\":{\"@id\":\"https:\\\/\\\/www.trustedtranslations.com\\\/it\\\/#\\\/schema\\\/logo\\\/image\\\/\"},\"sameAs\":[\"https:\\\/\\\/www.facebook.com\\\/Trusted.Translations\",\"https:\\\/\\\/x.com\\\/TrustedT9ns\",\"https:\\\/\\\/www.linkedin.com\\\/company\\\/trusted-translations\"]}]}<\/script>\n<!-- \/ Yoast SEO plugin. -->","yoast_head_json":{"title":"Servizi di traduzione di contenuti multilingue - Trusted Translations, Inc.","description":"I contenuti multilingue sono fondamentali per le aziende che cercano di espandersi nei mercati internazionali. Trusted Translations \u00e8 specializzata nella generazione di contenuti di alta qualit\u00e0 che informano e coinvolgono i lettori in un\u2019ampia gamma di lingue.","robots":{"index":"index","follow":"follow","max-snippet":"max-snippet:-1","max-image-preview":"max-image-preview:large","max-video-preview":"max-video-preview:-1"},"canonical":"https:\/\/www.trustedtranslations.com\/it\/servizi\/contenuti-multilingue","og_locale":"it_IT","og_type":"article","og_title":"Servizi di traduzione di contenuti multilingue - Trusted Translations, Inc.","og_description":"I contenuti multilingue sono fondamentali per le aziende che cercano di espandersi nei mercati internazionali. Trusted Translations \u00e8 specializzata nella generazione di contenuti di alta qualit\u00e0 che informano e coinvolgono i lettori in un\u2019ampia gamma di lingue.","og_url":"https:\/\/www.trustedtranslations.com\/it\/servizi\/contenuti-multilingue","og_site_name":"Trusted Translations, Inc.","article_publisher":"https:\/\/www.facebook.com\/Trusted.Translations","article_modified_time":"2024-09-03T20:00:32+00:00","og_image":[{"width":216,"height":94,"url":"https:\/\/www.trustedtranslations.com\/wp-content\/uploads\/2022\/06\/tt-logo-2-1.webp","type":"image\/webp"}],"twitter_card":"summary_large_image","twitter_site":"@TrustedT9ns","schema":{"@context":"https:\/\/schema.org","@graph":[{"@type":"WebPage","@id":"https:\/\/www.trustedtranslations.com\/it\/servizi\/contenuti-multilingue","url":"https:\/\/www.trustedtranslations.com\/it\/servizi\/contenuti-multilingue","name":"Servizi di traduzione di contenuti multilingue - Trusted Translations, Inc.","isPartOf":{"@id":"https:\/\/www.trustedtranslations.com\/it\/#website"},"primaryImageOfPage":{"@id":"https:\/\/www.trustedtranslations.com\/it\/servizi\/contenuti-multilingue#primaryimage"},"image":{"@id":"https:\/\/www.trustedtranslations.com\/it\/servizi\/contenuti-multilingue#primaryimage"},"thumbnailUrl":"","description":"I contenuti multilingue sono fondamentali per le aziende che cercano di espandersi nei mercati internazionali. Trusted Translations \u00e8 specializzata nella generazione di contenuti di alta qualit\u00e0 che informano e coinvolgono i lettori in un\u2019ampia gamma di lingue.","breadcrumb":{"@id":"https:\/\/www.trustedtranslations.com\/it\/servizi\/contenuti-multilingue#breadcrumb"},"inLanguage":"it-IT","potentialAction":[{"@type":"ReadAction","target":["https:\/\/www.trustedtranslations.com\/it\/servizi\/contenuti-multilingue"]}]},{"@type":"ImageObject","inLanguage":"it-IT","@id":"https:\/\/www.trustedtranslations.com\/it\/servizi\/contenuti-multilingue#primaryimage","url":"","contentUrl":""},{"@type":"BreadcrumbList","@id":"https:\/\/www.trustedtranslations.com\/it\/servizi\/contenuti-multilingue#breadcrumb","itemListElement":[{"@type":"ListItem","position":1,"name":"Home","item":"https:\/\/www.trustedtranslations.com\/it"},{"@type":"ListItem","position":2,"name":"Servizi","item":"https:\/\/www.trustedtranslations.com\/it\/servizi"},{"@type":"ListItem","position":3,"name":"Contenuti multilingue"}]},{"@type":"WebSite","@id":"https:\/\/www.trustedtranslations.com\/it\/#website","url":"https:\/\/www.trustedtranslations.com\/it\/","name":"Trusted Translations, Inc.","description":"Leader in translation and interpretation services.","publisher":{"@id":"https:\/\/www.trustedtranslations.com\/it\/#organization"},"alternateName":"Trusted Translations","potentialAction":[{"@type":"SearchAction","target":{"@type":"EntryPoint","urlTemplate":"https:\/\/www.trustedtranslations.com\/it\/?s={search_term_string}"},"query-input":{"@type":"PropertyValueSpecification","valueRequired":true,"valueName":"search_term_string"}}],"inLanguage":"it-IT"},{"@type":"Organization","@id":"https:\/\/www.trustedtranslations.com\/it\/#organization","name":"Trusted Translations","alternateName":"Trusted Translations, Inc.","url":"https:\/\/www.trustedtranslations.com\/it\/","logo":{"@type":"ImageObject","inLanguage":"it-IT","@id":"https:\/\/www.trustedtranslations.com\/it\/#\/schema\/logo\/image\/","url":"https:\/\/static.trustedtranslations.com\/wp-content\/uploads\/2022\/01\/TT_logo_WSIColors-2.png","contentUrl":"https:\/\/static.trustedtranslations.com\/wp-content\/uploads\/2022\/01\/TT_logo_WSIColors-2.png","width":500,"height":196,"caption":"Trusted Translations"},"image":{"@id":"https:\/\/www.trustedtranslations.com\/it\/#\/schema\/logo\/image\/"},"sameAs":["https:\/\/www.facebook.com\/Trusted.Translations","https:\/\/x.com\/TrustedT9ns","https:\/\/www.linkedin.com\/company\/trusted-translations"]}]}},"toolset-meta":{"dyk":{"mensaje-1":{"type":"textfield","raw":"Il 76% degli acquirenti online cerca prodotti nella propria lingua."},"mensaje-2":{"type":"textfield","raw":"La maggior parte dei consumatori preferisce i brand nella propria lingua madre."},"mensaje-3":{"type":"textfield","raw":"Pi\u00f9 della met\u00e0 di tutte le query di Google viene effettuata in lingue diverse dall\u2019inglese."},"mensaje-4":{"type":"textfield","raw":"Il SEO multilingue pu\u00f2 aiutarvi a portare pi\u00f9 traffico al vostro sito."},"mensaje-5":{"type":"textfield","raw":""},"mensaje-6":{"type":"textfield","raw":""}},"single-page-template-fields":{"imgs-temp":{"type":"image","raw":["https:\/\/static.trustedtranslations.com\/wp-content\/uploads\/2024\/05\/Group-141.webp"],"repeatable":[{"raw":"https:\/\/static.trustedtranslations.com\/wp-content\/uploads\/2024\/05\/Group-141.webp"}]},"imgs-temp-cel":{"type":"image","raw":[""],"repeatable":[{"raw":""}]},"img-temp-one-cel":{"type":"image","raw":"https:\/\/static.trustedtranslations.com\/wp-content\/uploads\/2024\/05\/Group-1-2-1.webp","attachment_id":null},"quotes":{"type":"textarea","raw":"<h1 style=\"margin-bottom: 12px>Contenuti multilingue<\/h1>I contenuti multilingue sono fondamentali per le aziende che cercano di espandersi nei mercati internazionali. Creando contenuti su misura per persone che parlano lingue diverse, la vostra azienda pu\u00f2 aumentare la sua portata, crearsi un pubblico dedicato in tutto il mondo e aumentare il traffico online e la propria valutazione. Indipendentemente dalla complessit\u00e0, Trusted Translations lavorer\u00e0 con voi per produrre contenuti accattivanti e di alta qualit\u00e0 che informino e coinvolgano i lettori in un\u2019ampia gamma di lingue.<div style=\"margin-top: 2.5vw;\"><a class=\"tt-btn-main-cta\" href=\"\/it\/quote\">RICHIEDI UN PREVENTIVO GRATUITO<\/a><\/div>"},"text-1":{"type":"textarea","raw":"<h2 style=\"padding-bottom: 20px\">\u00a0Servizi di traduzione di contenuti multilingue<\/h2>La maggior parte delle persone che parlano diverse lingue naviga sul web, effettua acquisti e cerca informazioni esclusivamente nella propria lingua madre. Investendo in contenuti multilingue che si rivolgono direttamente a questi clienti, la vostra azienda sar\u00e0 all\u2019avanguardia nel raggiungere nuovi mercati pieni di potenziali clienti.\r\n\r\nUna strategia di realizzazione di contenuti multilingue vi consente di andare oltre la localizzazione del materiale in altre lingue per creare con efficacia contenuti originali in pi\u00f9 lingue. Rispetto alla traduzione di contenuti preesistenti, la creazione di contenuti multilingue d\u00e0 la priorit\u00e0 al pubblico di destinazione fin dall\u2019inizio. Trusted Translations vi aiuter\u00e0 a risparmiare tempo, energia e costi del processo di localizzazione, assicurandovi anche che i contenuti inviino un messaggio che attiri il pubblico giusto, nei modi giusti e fin dall\u2019inizio. \r\n<h2 style=\"padding-bottom: 20px\">Vantaggi dei contenuti multilingue <\/h2>Nell\u2019ambiente online frenetico di oggi, i consumatori elaborano migliaia di informazioni in pochi click sul web. Alla luce di questo fatto, \u00e8 essenziale disporre di contenuti che si distinguano dalla marea di dichiarazioni generali e pubblicit\u00e0 generiche. \r\n\r\nContenuti unici e autentici in pi\u00f9 lingue sono fondamentali per creare fiducia e fedelt\u00e0 dei clienti tra i madrelingua. Pi\u00f9 per i clienti risulta facile capire, connettersi e condividere un contenuto, pi\u00f9 organicamente crescer\u00e0 la reputazione del vostro marchio su tale mercato. \r\n\r\nI contenuti multilingue aiutano i materiali a distinguersi anche quando si parla di ranking sul web. I contenuti di prim\u2019ordine sono accuratamente calibrati sulle frasi e le parole chiave ricercate di frequente nella lingua utilizzata, piuttosto che semplicemente tradurle da un materiale che non \u00e8 stato originariamente creato pensando a tale lingua. Di conseguenza, un contenuto multilingue raffinato pu\u00f2 aumentare rapidamente il traffico verso il vostro sito web e portare a un posizionamento pi\u00f9 elevato sui motori di ricerca."},"shortcode-map":{"type":"textfield","raw":""},"dyk-shortcode":{"type":"textfield","raw":"[elementor-template id=\"146751\"]"},"text-2":{"type":"textarea","raw":"<h2 style=\"padding-bottom: 20px\">Tipi di contenuto multilingue <\/h2>I contenuti multilingue possono assumere pi\u00f9 forme, inclusa la scrittura di contenuti, la scrittura di testi, la scrittura creativa e la transcreazione. Spesso le aziende trovano che una combinazione di queste modalit\u00e0 sia l\u2019approccio migliore per raggiungere un pubblico pi\u00f9 ampio possibile. Pertanto, quando si costruisce una solida strategia per i contenuti, \u00e8 importante lavorare con un team completo sufficientemente flessibile da spostarsi facilmente tra questi moduli. \r\n<h2 style=\"padding-bottom: 20px\">I nostri servizi<\/h2>Trusted Translations fornisce un team di autori di contenuti multilingue collaudati. I nostri autori sono esperti in tutte le diverse modalit\u00e0 di scrittura necessarie per creare contenuti multilingue di alto livello, dalla scrittura di contenuti al copywriting e alla scrittura creativa. Combinano capacit\u00e0 di scrittura professionale con una comprensione delle lingue a livello nativo, producendo contenuti naturali ed efficaci supportati dall\u2019esperienza nel settore. \r\n\r\nTutto il lavoro dei nostri autori passa attraverso una rigorosa fase di editing finale per garantire risultati di alta qualit\u00e0. Diamo la priorit\u00e0 all\u2019accuratezza, alla riservatezza e all\u2019autenticit\u00e0 nei nostri servizi di realizzazione di contenuti. In qualit\u00e0 di partner fidato di oltre 5.000 clienti in tutto il mondo, tra cui organizzazioni governative, societ\u00e0 Fortune 500, studi legali e organizzazioni non profit, Trusted Translations \u00e8 la soluzione affidabile ed economica per tutte le vostre esigenze di realizzazione di contenuto multilingue."},"state":{"type":"textfield","raw":""},"city":{"type":"textarea","raw":[]}}},"_links":{"self":[{"href":"https:\/\/www.trustedtranslations.com\/it\/wp-json\/wp\/v2\/pages\/161774","targetHints":{"allow":["GET"]}}],"collection":[{"href":"https:\/\/www.trustedtranslations.com\/it\/wp-json\/wp\/v2\/pages"}],"about":[{"href":"https:\/\/www.trustedtranslations.com\/it\/wp-json\/wp\/v2\/types\/page"}],"author":[{"embeddable":true,"href":"https:\/\/www.trustedtranslations.com\/it\/wp-json\/wp\/v2\/users\/1"}],"replies":[{"embeddable":true,"href":"https:\/\/www.trustedtranslations.com\/it\/wp-json\/wp\/v2\/comments?post=161774"}],"version-history":[{"count":0,"href":"https:\/\/www.trustedtranslations.com\/it\/wp-json\/wp\/v2\/pages\/161774\/revisions"}],"up":[{"embeddable":true,"href":"https:\/\/www.trustedtranslations.com\/it\/wp-json\/wp\/v2\/pages\/123364"}],"wp:featuredmedia":[{"embeddable":true,"href":"https:\/\/www.trustedtranslations.com\/it\/wp-json\/"}],"wp:attachment":[{"href":"https:\/\/www.trustedtranslations.com\/it\/wp-json\/wp\/v2\/media?parent=161774"}],"curies":[{"name":"wp","href":"https:\/\/api.w.org\/{rel}","templated":true}]}}