{"id":161776,"date":"2022-10-18T00:35:07","date_gmt":"2022-10-18T00:35:07","guid":{"rendered":"https:\/\/www.trustedtranslations.com\/?page_id=161776"},"modified":"2024-09-09T13:04:19","modified_gmt":"2024-09-09T16:04:19","slug":"copywriting","status":"publish","type":"page","link":"https:\/\/www.trustedtranslations.com\/it\/servizi\/contenuti-multilingue\/copywriting","title":{"rendered":"Copywriting"},"content":{"rendered":"","protected":false},"excerpt":{"rendered":"","protected":false},"author":1,"featured_media":177437,"parent":161774,"menu_order":0,"comment_status":"closed","ping_status":"closed","template":"","meta":{"site-sidebar-layout":"default","site-content-layout":"default","ast-site-content-layout":"default","site-content-style":"default","site-sidebar-style":"default","ast-global-header-display":"","ast-banner-title-visibility":"","ast-main-header-display":"","ast-hfb-above-header-display":"","ast-hfb-below-header-display":"","ast-hfb-mobile-header-display":"","site-post-title":"disabled","ast-breadcrumbs-content":"","ast-featured-img":"","footer-sml-layout":"","theme-transparent-header-meta":"default","adv-header-id-meta":"","stick-header-meta":"","header-above-stick-meta":"","header-main-stick-meta":"","header-below-stick-meta":"","astra-migrate-meta-layouts":"set","ast-page-background-enabled":"default","ast-page-background-meta":{"desktop":{"background-color":"var(--ast-global-color-4)","background-image":"","background-repeat":"repeat","background-position":"center center","background-size":"auto","background-attachment":"scroll","background-type":"","background-media":"","overlay-type":"","overlay-color":"","overlay-opacity":"","overlay-gradient":""},"tablet":{"background-color":"","background-image":"","background-repeat":"repeat","background-position":"center center","background-size":"auto","background-attachment":"scroll","background-type":"","background-media":"","overlay-type":"","overlay-color":"","overlay-opacity":"","overlay-gradient":""},"mobile":{"background-color":"","background-image":"","background-repeat":"repeat","background-position":"center center","background-size":"auto","background-attachment":"scroll","background-type":"","background-media":"","overlay-type":"","overlay-color":"","overlay-opacity":"","overlay-gradient":""}},"ast-content-background-meta":{"desktop":{"background-color":"var(--ast-global-color-5)","background-image":"","background-repeat":"repeat","background-position":"center center","background-size":"auto","background-attachment":"scroll","background-type":"","background-media":"","overlay-type":"","overlay-color":"","overlay-opacity":"","overlay-gradient":""},"tablet":{"background-color":"var(--ast-global-color-5)","background-image":"","background-repeat":"repeat","background-position":"center center","background-size":"auto","background-attachment":"scroll","background-type":"","background-media":"","overlay-type":"","overlay-color":"","overlay-opacity":"","overlay-gradient":""},"mobile":{"background-color":"var(--ast-global-color-5)","background-image":"","background-repeat":"repeat","background-position":"center center","background-size":"auto","background-attachment":"scroll","background-type":"","background-media":"","overlay-type":"","overlay-color":"","overlay-opacity":"","overlay-gradient":""}},"footnotes":""},"class_list":["post-161776","page","type-page","status-publish","has-post-thumbnail","hentry"],"yoast_head":"<!-- This site is optimized with the Yoast SEO plugin v27.5 - https:\/\/yoast.com\/product\/yoast-seo-wordpress\/ -->\n<title>Copywriting multilingue - Trusted Translations, Inc.<\/title>\n<meta name=\"description\" content=\"Il team di redazione di Trusted Translations vi aiuter\u00e0 a sviluppare testi multilingue che convertono i visitatori in acquirenti e i click in vendite.\" \/>\n<meta name=\"robots\" content=\"index, follow, max-snippet:-1, max-image-preview:large, max-video-preview:-1\" \/>\n<link rel=\"canonical\" href=\"https:\/\/www.trustedtranslations.com\/it\/servizi\/contenuti-multilingue\/copywriting\" \/>\n<meta property=\"og:locale\" content=\"it_IT\" \/>\n<meta property=\"og:type\" content=\"article\" \/>\n<meta property=\"og:title\" content=\"Copywriting multilingue - Trusted Translations, Inc.\" \/>\n<meta property=\"og:description\" content=\"Il team di redazione di Trusted Translations vi aiuter\u00e0 a sviluppare testi multilingue che convertono i visitatori in acquirenti e i click in vendite.\" \/>\n<meta property=\"og:url\" content=\"https:\/\/www.trustedtranslations.com\/it\/servizi\/contenuti-multilingue\/copywriting\" \/>\n<meta property=\"og:site_name\" content=\"Trusted Translations, Inc.\" \/>\n<meta property=\"article:publisher\" content=\"https:\/\/www.facebook.com\/Trusted.Translations\" \/>\n<meta property=\"article:modified_time\" content=\"2024-09-09T16:04:19+00:00\" \/>\n<meta property=\"og:image\" content=\"https:\/\/www.trustedtranslations.com\/wp-content\/uploads\/2022\/06\/tt-logo-2-1.webp\" \/>\n\t<meta property=\"og:image:width\" content=\"216\" \/>\n\t<meta property=\"og:image:height\" content=\"94\" \/>\n\t<meta property=\"og:image:type\" content=\"image\/webp\" \/>\n<meta name=\"twitter:card\" content=\"summary_large_image\" \/>\n<meta name=\"twitter:site\" content=\"@TrustedT9ns\" \/>\n<script type=\"application\/ld+json\" class=\"yoast-schema-graph\">{\"@context\":\"https:\\\/\\\/schema.org\",\"@graph\":[{\"@type\":\"WebPage\",\"@id\":\"https:\\\/\\\/www.trustedtranslations.com\\\/it\\\/servizi\\\/contenuti-multilingue\\\/copywriting\",\"url\":\"https:\\\/\\\/www.trustedtranslations.com\\\/it\\\/servizi\\\/contenuti-multilingue\\\/copywriting\",\"name\":\"Copywriting multilingue - Trusted Translations, Inc.\",\"isPartOf\":{\"@id\":\"https:\\\/\\\/www.trustedtranslations.com\\\/it\\\/#website\"},\"primaryImageOfPage\":{\"@id\":\"https:\\\/\\\/www.trustedtranslations.com\\\/it\\\/servizi\\\/contenuti-multilingue\\\/copywriting#primaryimage\"},\"image\":{\"@id\":\"https:\\\/\\\/www.trustedtranslations.com\\\/it\\\/servizi\\\/contenuti-multilingue\\\/copywriting#primaryimage\"},\"thumbnailUrl\":\"\",\"description\":\"Il team di redazione di Trusted Translations vi aiuter\u00e0 a sviluppare testi multilingue che convertono i visitatori in acquirenti e i click in vendite.\",\"breadcrumb\":{\"@id\":\"https:\\\/\\\/www.trustedtranslations.com\\\/it\\\/servizi\\\/contenuti-multilingue\\\/copywriting#breadcrumb\"},\"inLanguage\":\"it-IT\",\"potentialAction\":[{\"@type\":\"ReadAction\",\"target\":[\"https:\\\/\\\/www.trustedtranslations.com\\\/it\\\/servizi\\\/contenuti-multilingue\\\/copywriting\"]}]},{\"@type\":\"ImageObject\",\"inLanguage\":\"it-IT\",\"@id\":\"https:\\\/\\\/www.trustedtranslations.com\\\/it\\\/servizi\\\/contenuti-multilingue\\\/copywriting#primaryimage\",\"url\":\"\",\"contentUrl\":\"\"},{\"@type\":\"BreadcrumbList\",\"@id\":\"https:\\\/\\\/www.trustedtranslations.com\\\/it\\\/servizi\\\/contenuti-multilingue\\\/copywriting#breadcrumb\",\"itemListElement\":[{\"@type\":\"ListItem\",\"position\":1,\"name\":\"Home\",\"item\":\"https:\\\/\\\/www.trustedtranslations.com\\\/it\"},{\"@type\":\"ListItem\",\"position\":2,\"name\":\"Servizi\",\"item\":\"https:\\\/\\\/www.trustedtranslations.com\\\/it\\\/servizi\"},{\"@type\":\"ListItem\",\"position\":3,\"name\":\"Contenuti multilingue\",\"item\":\"https:\\\/\\\/www.trustedtranslations.com\\\/it\\\/servizi\\\/contenuti-multilingue\"},{\"@type\":\"ListItem\",\"position\":4,\"name\":\"Copywriting\"}]},{\"@type\":\"WebSite\",\"@id\":\"https:\\\/\\\/www.trustedtranslations.com\\\/it\\\/#website\",\"url\":\"https:\\\/\\\/www.trustedtranslations.com\\\/it\\\/\",\"name\":\"Trusted Translations, Inc.\",\"description\":\"Leader in translation and interpretation services.\",\"publisher\":{\"@id\":\"https:\\\/\\\/www.trustedtranslations.com\\\/it\\\/#organization\"},\"alternateName\":\"Trusted Translations\",\"potentialAction\":[{\"@type\":\"SearchAction\",\"target\":{\"@type\":\"EntryPoint\",\"urlTemplate\":\"https:\\\/\\\/www.trustedtranslations.com\\\/it\\\/?s={search_term_string}\"},\"query-input\":{\"@type\":\"PropertyValueSpecification\",\"valueRequired\":true,\"valueName\":\"search_term_string\"}}],\"inLanguage\":\"it-IT\"},{\"@type\":\"Organization\",\"@id\":\"https:\\\/\\\/www.trustedtranslations.com\\\/it\\\/#organization\",\"name\":\"Trusted Translations\",\"alternateName\":\"Trusted Translations, Inc.\",\"url\":\"https:\\\/\\\/www.trustedtranslations.com\\\/it\\\/\",\"logo\":{\"@type\":\"ImageObject\",\"inLanguage\":\"it-IT\",\"@id\":\"https:\\\/\\\/www.trustedtranslations.com\\\/it\\\/#\\\/schema\\\/logo\\\/image\\\/\",\"url\":\"https:\\\/\\\/static.trustedtranslations.com\\\/wp-content\\\/uploads\\\/2022\\\/01\\\/TT_logo_WSIColors-2.png\",\"contentUrl\":\"https:\\\/\\\/static.trustedtranslations.com\\\/wp-content\\\/uploads\\\/2022\\\/01\\\/TT_logo_WSIColors-2.png\",\"width\":500,\"height\":196,\"caption\":\"Trusted Translations\"},\"image\":{\"@id\":\"https:\\\/\\\/www.trustedtranslations.com\\\/it\\\/#\\\/schema\\\/logo\\\/image\\\/\"},\"sameAs\":[\"https:\\\/\\\/www.facebook.com\\\/Trusted.Translations\",\"https:\\\/\\\/x.com\\\/TrustedT9ns\",\"https:\\\/\\\/www.linkedin.com\\\/company\\\/trusted-translations\"]}]}<\/script>\n<!-- \/ Yoast SEO plugin. -->","yoast_head_json":{"title":"Copywriting multilingue - Trusted Translations, Inc.","description":"Il team di redazione di Trusted Translations vi aiuter\u00e0 a sviluppare testi multilingue che convertono i visitatori in acquirenti e i click in vendite.","robots":{"index":"index","follow":"follow","max-snippet":"max-snippet:-1","max-image-preview":"max-image-preview:large","max-video-preview":"max-video-preview:-1"},"canonical":"https:\/\/www.trustedtranslations.com\/it\/servizi\/contenuti-multilingue\/copywriting","og_locale":"it_IT","og_type":"article","og_title":"Copywriting multilingue - Trusted Translations, Inc.","og_description":"Il team di redazione di Trusted Translations vi aiuter\u00e0 a sviluppare testi multilingue che convertono i visitatori in acquirenti e i click in vendite.","og_url":"https:\/\/www.trustedtranslations.com\/it\/servizi\/contenuti-multilingue\/copywriting","og_site_name":"Trusted Translations, Inc.","article_publisher":"https:\/\/www.facebook.com\/Trusted.Translations","article_modified_time":"2024-09-09T16:04:19+00:00","og_image":[{"width":216,"height":94,"url":"https:\/\/www.trustedtranslations.com\/wp-content\/uploads\/2022\/06\/tt-logo-2-1.webp","type":"image\/webp"}],"twitter_card":"summary_large_image","twitter_site":"@TrustedT9ns","schema":{"@context":"https:\/\/schema.org","@graph":[{"@type":"WebPage","@id":"https:\/\/www.trustedtranslations.com\/it\/servizi\/contenuti-multilingue\/copywriting","url":"https:\/\/www.trustedtranslations.com\/it\/servizi\/contenuti-multilingue\/copywriting","name":"Copywriting multilingue - Trusted Translations, Inc.","isPartOf":{"@id":"https:\/\/www.trustedtranslations.com\/it\/#website"},"primaryImageOfPage":{"@id":"https:\/\/www.trustedtranslations.com\/it\/servizi\/contenuti-multilingue\/copywriting#primaryimage"},"image":{"@id":"https:\/\/www.trustedtranslations.com\/it\/servizi\/contenuti-multilingue\/copywriting#primaryimage"},"thumbnailUrl":"","description":"Il team di redazione di Trusted Translations vi aiuter\u00e0 a sviluppare testi multilingue che convertono i visitatori in acquirenti e i click in vendite.","breadcrumb":{"@id":"https:\/\/www.trustedtranslations.com\/it\/servizi\/contenuti-multilingue\/copywriting#breadcrumb"},"inLanguage":"it-IT","potentialAction":[{"@type":"ReadAction","target":["https:\/\/www.trustedtranslations.com\/it\/servizi\/contenuti-multilingue\/copywriting"]}]},{"@type":"ImageObject","inLanguage":"it-IT","@id":"https:\/\/www.trustedtranslations.com\/it\/servizi\/contenuti-multilingue\/copywriting#primaryimage","url":"","contentUrl":""},{"@type":"BreadcrumbList","@id":"https:\/\/www.trustedtranslations.com\/it\/servizi\/contenuti-multilingue\/copywriting#breadcrumb","itemListElement":[{"@type":"ListItem","position":1,"name":"Home","item":"https:\/\/www.trustedtranslations.com\/it"},{"@type":"ListItem","position":2,"name":"Servizi","item":"https:\/\/www.trustedtranslations.com\/it\/servizi"},{"@type":"ListItem","position":3,"name":"Contenuti multilingue","item":"https:\/\/www.trustedtranslations.com\/it\/servizi\/contenuti-multilingue"},{"@type":"ListItem","position":4,"name":"Copywriting"}]},{"@type":"WebSite","@id":"https:\/\/www.trustedtranslations.com\/it\/#website","url":"https:\/\/www.trustedtranslations.com\/it\/","name":"Trusted Translations, Inc.","description":"Leader in translation and interpretation services.","publisher":{"@id":"https:\/\/www.trustedtranslations.com\/it\/#organization"},"alternateName":"Trusted Translations","potentialAction":[{"@type":"SearchAction","target":{"@type":"EntryPoint","urlTemplate":"https:\/\/www.trustedtranslations.com\/it\/?s={search_term_string}"},"query-input":{"@type":"PropertyValueSpecification","valueRequired":true,"valueName":"search_term_string"}}],"inLanguage":"it-IT"},{"@type":"Organization","@id":"https:\/\/www.trustedtranslations.com\/it\/#organization","name":"Trusted Translations","alternateName":"Trusted Translations, Inc.","url":"https:\/\/www.trustedtranslations.com\/it\/","logo":{"@type":"ImageObject","inLanguage":"it-IT","@id":"https:\/\/www.trustedtranslations.com\/it\/#\/schema\/logo\/image\/","url":"https:\/\/static.trustedtranslations.com\/wp-content\/uploads\/2022\/01\/TT_logo_WSIColors-2.png","contentUrl":"https:\/\/static.trustedtranslations.com\/wp-content\/uploads\/2022\/01\/TT_logo_WSIColors-2.png","width":500,"height":196,"caption":"Trusted Translations"},"image":{"@id":"https:\/\/www.trustedtranslations.com\/it\/#\/schema\/logo\/image\/"},"sameAs":["https:\/\/www.facebook.com\/Trusted.Translations","https:\/\/x.com\/TrustedT9ns","https:\/\/www.linkedin.com\/company\/trusted-translations"]}]}},"toolset-meta":{"dyk":{"mensaje-1":{"type":"textfield","raw":"Il 74% degli utenti web presta attenzione all\u2019ortografia e alla grammatica del testo."},"mensaje-2":{"type":"textfield","raw":"Quasi tre quarti degli utenti Internet preferisce scorrere i contenuti lunghi."},"mensaje-3":{"type":"textfield","raw":"In media, i lettori trascorrono solo 54 secondi a guardare una pagina web."},"mensaje-4":{"type":"textfield","raw":"Call-to-action d\u2019impatto possono aumentare le conversioni di oltre il 200%."},"mensaje-5":{"type":"textfield","raw":""},"mensaje-6":{"type":"textfield","raw":""}},"single-page-template-fields":{"imgs-temp":{"type":"image","raw":["https:\/\/static.trustedtranslations.com\/wp-content\/uploads\/2024\/07\/content-writing-2-1.webp"],"repeatable":[{"raw":"https:\/\/static.trustedtranslations.com\/wp-content\/uploads\/2024\/07\/content-writing-2-1.webp"}]},"imgs-temp-cel":{"type":"image","raw":[""],"repeatable":[{"raw":""}]},"img-temp-one-cel":{"type":"image","raw":"https:\/\/static.trustedtranslations.com\/wp-content\/uploads\/2024\/07\/woman-using-computer-laptop-2-1.webp","attachment_id":null},"quotes":{"type":"textarea","raw":"<h1 style=\"margin-bottom: 12px;\">Copywriting multilingue<\/h1>\r\nIl copywriting \u00e8 una forma di contenuto che mira a persuadere, vendere e promuovere. Il team di redazione di <em>Trusted Translations<\/em> vi aiuter\u00e0 a sviluppare testi multilingue che convertono i visitatori in acquirenti e i click in vendite.\r\n<div style=\"margin-top: 2.5vw;\"><a class=\"tt-btn-main-cta\" href=\"https:\/\/www.trustedtranslations.com\/it\/quote\">Richiedi un preventivo gratuito<\/a><\/div>"},"text-1":{"type":"textarea","raw":"<h2>Una scrittura che vende<\/h2>\r\nSe avete effettuato acquisti seguendo una pubblicit\u00e0 o avete aperto un\u2019email del vostro marchio preferito, avete provato in prima persona la potente influenza del copywriting. Che si tratti di materiali digitali o cartacei, le numerose forme di copywriting includono descrizioni di prodotti, campagne di email marketing, didascalie e slogan, spot pubblicitari, comunicati stampa, annunci sui social network, landing page e altro ancora.\r\n<h2>In che modo il copywriting si differenzia dalla scrittura di contenuti?<\/h2>\r\nSebbene il copywriting possa essere considerato un sottoinsieme della scrittura di contenuti, il suo ambito e lo stile sono molto diversi da ci\u00f2 che viene solitamente definito scrittura di contenuti. La scrittura dei contenuti tende a produrre testi pi\u00f9 lunghi, poich\u00e9 cerca di informare, educare e intrattenere i lettori con una strategia a lungo termine, costruendo un pubblico nel tempo. In effetti, un post di un blog o un articolo potrebbero non menzionare nemmeno un particolare prodotto o includere un link di vendita esplicito.\r\n\r\nIl copywriting, d\u2019altra parte, si caratterizza per uno stile pi\u00f9 rapido, aggressivo e concentrato sulla vendita. L'obiettivo del copywriting \u00e8 attirare l\u2019attenzione e incoraggiare i lettori ad agire sul momento, il che porta direttamente a un aumento delle vendite, delle percentuali di click (CTR) e delle conversioni.\r\n\r\nIndipendentemente dal formato, il miglior copywriting affronta abilmente la necessit\u00e0 di ottenere un grande impatto con un piccolo spazio. I copywriter esperti hanno bisogno solo di una manciata di parole, spesso meno di cento, per creare slogan accattivanti, una selezione di parole efficace e inviti all\u2019azione (CTA, call to action) convincenti."},"shortcode-map":{"type":"textfield","raw":""},"dyk-shortcode":{"type":"textfield","raw":"[elementor-template id=\"146751\"]"},"text-2":{"type":"textarea","raw":"<h2>In che modo il copywriting multilingue pu\u00f2 aiutare la vostra azienda?<\/h2>\r\nL'obiettivo del copywriting \u00e8 lasciare una traccia e il miglior copywriting crea impressioni che possono durare anni e anni. Dopotutto, quante persone riescono ancora a recitare perfettamente i jingle pubblicitari pi\u00f9 accattivanti della loro infanzia?\r\n\r\nUna solida strategia di copywriting \u00e8 anche conveniente. Quando gli slot pubblicitari costano milioni al secondo in pi\u00f9 o alla pagina in pi\u00f9, un copywriter in grado di ottenere risultati in modo conciso \u00e8 un investimento prezioso per qualsiasi organizzazione. Allo stesso tempo, i copywriter sono anche esperti nell\u2019ottimizzazione per i motori di ricerca (SEO), che utilizza strategicamente le parole chiave per far apparire la vostra attivit\u00e0 pi\u00f9 in alto tra i risultati dei motori di ricerca.\r\n\r\nAnche se il copywriting tende a presentarsi in forma breve, \u00e8 comunque un processo rigoroso che richiede una buona scrittura e un\u2019ottima ricerca. I migliori copywriter hanno una profonda comprensione non solo dei dettagli di una scrittura di successo, ma anche della psicologia del consumatore, delle ricerche di mercato e della conoscenza del settore. Lavoreranno con la vostra organizzazione per comprendere le risposte emotive, i bisogni e i cosiddetti \u201cpunti deboli\u201d dei potenziali acquirenti, problemi relativi alla nicchia a cui la vostra azienda pu\u00f2 offrire una soluzione.\r\n\r\nQuando ci si espande nei mercati multilingue, questi elementi di copywriting sono fondamentali per acquisire nuovi clienti. Poich\u00e9 nel copywriting ogni parola \u00e8 importante, \u00e8 anche essenziale lavorare con professionisti con una conoscenza eccezionale della lingua e della cultura del mercato di destinazione. I copywriter di <em>Trusted Translations<\/em> sono in grado di fornire qualsiasi tipo di testo con un elevato standard di scrittura e accuratezza linguistica. Contattate <em>Trusted Translations<\/em> oggi stesso per scoprire come possiamo soddisfare le vostre esigenze di copywriting multilingue."},"state":{"type":"textfield","raw":""},"city":{"type":"textarea","raw":[]}}},"_links":{"self":[{"href":"https:\/\/www.trustedtranslations.com\/it\/wp-json\/wp\/v2\/pages\/161776","targetHints":{"allow":["GET"]}}],"collection":[{"href":"https:\/\/www.trustedtranslations.com\/it\/wp-json\/wp\/v2\/pages"}],"about":[{"href":"https:\/\/www.trustedtranslations.com\/it\/wp-json\/wp\/v2\/types\/page"}],"author":[{"embeddable":true,"href":"https:\/\/www.trustedtranslations.com\/it\/wp-json\/wp\/v2\/users\/1"}],"replies":[{"embeddable":true,"href":"https:\/\/www.trustedtranslations.com\/it\/wp-json\/wp\/v2\/comments?post=161776"}],"version-history":[{"count":0,"href":"https:\/\/www.trustedtranslations.com\/it\/wp-json\/wp\/v2\/pages\/161776\/revisions"}],"up":[{"embeddable":true,"href":"https:\/\/www.trustedtranslations.com\/it\/wp-json\/wp\/v2\/pages\/161774"}],"wp:featuredmedia":[{"embeddable":true,"href":"https:\/\/www.trustedtranslations.com\/it\/wp-json\/"}],"wp:attachment":[{"href":"https:\/\/www.trustedtranslations.com\/it\/wp-json\/wp\/v2\/media?parent=161776"}],"curies":[{"name":"wp","href":"https:\/\/api.w.org\/{rel}","templated":true}]}}