{"id":161778,"date":"2022-10-18T00:35:26","date_gmt":"2022-10-18T00:35:26","guid":{"rendered":"https:\/\/www.trustedtranslations.com\/?page_id=161778"},"modified":"2024-09-09T14:53:26","modified_gmt":"2024-09-09T17:53:26","slug":"scrittura-creativa","status":"publish","type":"page","link":"https:\/\/www.trustedtranslations.com\/it\/servizi\/contenuti-multilingue\/scrittura-creativa","title":{"rendered":"Scrittura creativa"},"content":{"rendered":"","protected":false},"excerpt":{"rendered":"","protected":false},"author":1,"featured_media":177437,"parent":161774,"menu_order":0,"comment_status":"closed","ping_status":"closed","template":"","meta":{"site-sidebar-layout":"default","site-content-layout":"default","ast-site-content-layout":"default","site-content-style":"default","site-sidebar-style":"default","ast-global-header-display":"","ast-banner-title-visibility":"","ast-main-header-display":"","ast-hfb-above-header-display":"","ast-hfb-below-header-display":"","ast-hfb-mobile-header-display":"","site-post-title":"disabled","ast-breadcrumbs-content":"","ast-featured-img":"","footer-sml-layout":"","theme-transparent-header-meta":"default","adv-header-id-meta":"","stick-header-meta":"","header-above-stick-meta":"","header-main-stick-meta":"","header-below-stick-meta":"","astra-migrate-meta-layouts":"set","ast-page-background-enabled":"default","ast-page-background-meta":{"desktop":{"background-color":"var(--ast-global-color-4)","background-image":"","background-repeat":"repeat","background-position":"center center","background-size":"auto","background-attachment":"scroll","background-type":"","background-media":"","overlay-type":"","overlay-color":"","overlay-opacity":"","overlay-gradient":""},"tablet":{"background-color":"","background-image":"","background-repeat":"repeat","background-position":"center center","background-size":"auto","background-attachment":"scroll","background-type":"","background-media":"","overlay-type":"","overlay-color":"","overlay-opacity":"","overlay-gradient":""},"mobile":{"background-color":"","background-image":"","background-repeat":"repeat","background-position":"center center","background-size":"auto","background-attachment":"scroll","background-type":"","background-media":"","overlay-type":"","overlay-color":"","overlay-opacity":"","overlay-gradient":""}},"ast-content-background-meta":{"desktop":{"background-color":"var(--ast-global-color-5)","background-image":"","background-repeat":"repeat","background-position":"center center","background-size":"auto","background-attachment":"scroll","background-type":"","background-media":"","overlay-type":"","overlay-color":"","overlay-opacity":"","overlay-gradient":""},"tablet":{"background-color":"var(--ast-global-color-5)","background-image":"","background-repeat":"repeat","background-position":"center center","background-size":"auto","background-attachment":"scroll","background-type":"","background-media":"","overlay-type":"","overlay-color":"","overlay-opacity":"","overlay-gradient":""},"mobile":{"background-color":"var(--ast-global-color-5)","background-image":"","background-repeat":"repeat","background-position":"center center","background-size":"auto","background-attachment":"scroll","background-type":"","background-media":"","overlay-type":"","overlay-color":"","overlay-opacity":"","overlay-gradient":""}},"footnotes":""},"class_list":["post-161778","page","type-page","status-publish","has-post-thumbnail","hentry"],"yoast_head":"<!-- This site is optimized with the Yoast SEO plugin v27.5 - https:\/\/yoast.com\/product\/yoast-seo-wordpress\/ -->\n<title>Scrittura creativa multilingue - Trusted Translations, Inc.<\/title>\n<meta name=\"description\" content=\"Gli esperti scrittori di Trusted Translations forniscono scrittura creativa in pi\u00f9 generi e lingue.\" \/>\n<meta name=\"robots\" content=\"index, follow, max-snippet:-1, max-image-preview:large, max-video-preview:-1\" \/>\n<link rel=\"canonical\" href=\"https:\/\/www.trustedtranslations.com\/it\/servizi\/contenuti-multilingue\/scrittura-creativa\" \/>\n<meta property=\"og:locale\" content=\"it_IT\" \/>\n<meta property=\"og:type\" content=\"article\" \/>\n<meta property=\"og:title\" content=\"Scrittura creativa multilingue - Trusted Translations, Inc.\" \/>\n<meta property=\"og:description\" content=\"Gli esperti scrittori di Trusted Translations forniscono scrittura creativa in pi\u00f9 generi e lingue.\" \/>\n<meta property=\"og:url\" content=\"https:\/\/www.trustedtranslations.com\/it\/servizi\/contenuti-multilingue\/scrittura-creativa\" \/>\n<meta property=\"og:site_name\" content=\"Trusted Translations, Inc.\" \/>\n<meta property=\"article:publisher\" content=\"https:\/\/www.facebook.com\/Trusted.Translations\" \/>\n<meta property=\"article:modified_time\" content=\"2024-09-09T17:53:26+00:00\" \/>\n<meta property=\"og:image\" content=\"https:\/\/www.trustedtranslations.com\/wp-content\/uploads\/2022\/06\/tt-logo-2-1.webp\" \/>\n\t<meta property=\"og:image:width\" content=\"216\" \/>\n\t<meta property=\"og:image:height\" content=\"94\" \/>\n\t<meta property=\"og:image:type\" content=\"image\/webp\" \/>\n<meta name=\"twitter:card\" content=\"summary_large_image\" \/>\n<meta name=\"twitter:site\" content=\"@TrustedT9ns\" \/>\n<script type=\"application\/ld+json\" class=\"yoast-schema-graph\">{\"@context\":\"https:\\\/\\\/schema.org\",\"@graph\":[{\"@type\":\"WebPage\",\"@id\":\"https:\\\/\\\/www.trustedtranslations.com\\\/it\\\/servizi\\\/contenuti-multilingue\\\/scrittura-creativa\",\"url\":\"https:\\\/\\\/www.trustedtranslations.com\\\/it\\\/servizi\\\/contenuti-multilingue\\\/scrittura-creativa\",\"name\":\"Scrittura creativa multilingue - Trusted Translations, Inc.\",\"isPartOf\":{\"@id\":\"https:\\\/\\\/www.trustedtranslations.com\\\/it\\\/#website\"},\"primaryImageOfPage\":{\"@id\":\"https:\\\/\\\/www.trustedtranslations.com\\\/it\\\/servizi\\\/contenuti-multilingue\\\/scrittura-creativa#primaryimage\"},\"image\":{\"@id\":\"https:\\\/\\\/www.trustedtranslations.com\\\/it\\\/servizi\\\/contenuti-multilingue\\\/scrittura-creativa#primaryimage\"},\"thumbnailUrl\":\"\",\"description\":\"Gli esperti scrittori di Trusted Translations forniscono scrittura creativa in pi\u00f9 generi e lingue.\",\"breadcrumb\":{\"@id\":\"https:\\\/\\\/www.trustedtranslations.com\\\/it\\\/servizi\\\/contenuti-multilingue\\\/scrittura-creativa#breadcrumb\"},\"inLanguage\":\"it-IT\",\"potentialAction\":[{\"@type\":\"ReadAction\",\"target\":[\"https:\\\/\\\/www.trustedtranslations.com\\\/it\\\/servizi\\\/contenuti-multilingue\\\/scrittura-creativa\"]}]},{\"@type\":\"ImageObject\",\"inLanguage\":\"it-IT\",\"@id\":\"https:\\\/\\\/www.trustedtranslations.com\\\/it\\\/servizi\\\/contenuti-multilingue\\\/scrittura-creativa#primaryimage\",\"url\":\"\",\"contentUrl\":\"\"},{\"@type\":\"BreadcrumbList\",\"@id\":\"https:\\\/\\\/www.trustedtranslations.com\\\/it\\\/servizi\\\/contenuti-multilingue\\\/scrittura-creativa#breadcrumb\",\"itemListElement\":[{\"@type\":\"ListItem\",\"position\":1,\"name\":\"Home\",\"item\":\"https:\\\/\\\/www.trustedtranslations.com\\\/it\"},{\"@type\":\"ListItem\",\"position\":2,\"name\":\"Servizi\",\"item\":\"https:\\\/\\\/www.trustedtranslations.com\\\/it\\\/servizi\"},{\"@type\":\"ListItem\",\"position\":3,\"name\":\"Contenuti multilingue\",\"item\":\"https:\\\/\\\/www.trustedtranslations.com\\\/it\\\/servizi\\\/contenuti-multilingue\"},{\"@type\":\"ListItem\",\"position\":4,\"name\":\"Scrittura creativa\"}]},{\"@type\":\"WebSite\",\"@id\":\"https:\\\/\\\/www.trustedtranslations.com\\\/it\\\/#website\",\"url\":\"https:\\\/\\\/www.trustedtranslations.com\\\/it\\\/\",\"name\":\"Trusted Translations, Inc.\",\"description\":\"Leader in translation and interpretation services.\",\"publisher\":{\"@id\":\"https:\\\/\\\/www.trustedtranslations.com\\\/it\\\/#organization\"},\"alternateName\":\"Trusted Translations\",\"potentialAction\":[{\"@type\":\"SearchAction\",\"target\":{\"@type\":\"EntryPoint\",\"urlTemplate\":\"https:\\\/\\\/www.trustedtranslations.com\\\/it\\\/?s={search_term_string}\"},\"query-input\":{\"@type\":\"PropertyValueSpecification\",\"valueRequired\":true,\"valueName\":\"search_term_string\"}}],\"inLanguage\":\"it-IT\"},{\"@type\":\"Organization\",\"@id\":\"https:\\\/\\\/www.trustedtranslations.com\\\/it\\\/#organization\",\"name\":\"Trusted Translations\",\"alternateName\":\"Trusted Translations, Inc.\",\"url\":\"https:\\\/\\\/www.trustedtranslations.com\\\/it\\\/\",\"logo\":{\"@type\":\"ImageObject\",\"inLanguage\":\"it-IT\",\"@id\":\"https:\\\/\\\/www.trustedtranslations.com\\\/it\\\/#\\\/schema\\\/logo\\\/image\\\/\",\"url\":\"https:\\\/\\\/static.trustedtranslations.com\\\/wp-content\\\/uploads\\\/2022\\\/01\\\/TT_logo_WSIColors-2.png\",\"contentUrl\":\"https:\\\/\\\/static.trustedtranslations.com\\\/wp-content\\\/uploads\\\/2022\\\/01\\\/TT_logo_WSIColors-2.png\",\"width\":500,\"height\":196,\"caption\":\"Trusted Translations\"},\"image\":{\"@id\":\"https:\\\/\\\/www.trustedtranslations.com\\\/it\\\/#\\\/schema\\\/logo\\\/image\\\/\"},\"sameAs\":[\"https:\\\/\\\/www.facebook.com\\\/Trusted.Translations\",\"https:\\\/\\\/x.com\\\/TrustedT9ns\",\"https:\\\/\\\/www.linkedin.com\\\/company\\\/trusted-translations\"]}]}<\/script>\n<!-- \/ Yoast SEO plugin. -->","yoast_head_json":{"title":"Scrittura creativa multilingue - Trusted Translations, Inc.","description":"Gli esperti scrittori di Trusted Translations forniscono scrittura creativa in pi\u00f9 generi e lingue.","robots":{"index":"index","follow":"follow","max-snippet":"max-snippet:-1","max-image-preview":"max-image-preview:large","max-video-preview":"max-video-preview:-1"},"canonical":"https:\/\/www.trustedtranslations.com\/it\/servizi\/contenuti-multilingue\/scrittura-creativa","og_locale":"it_IT","og_type":"article","og_title":"Scrittura creativa multilingue - Trusted Translations, Inc.","og_description":"Gli esperti scrittori di Trusted Translations forniscono scrittura creativa in pi\u00f9 generi e lingue.","og_url":"https:\/\/www.trustedtranslations.com\/it\/servizi\/contenuti-multilingue\/scrittura-creativa","og_site_name":"Trusted Translations, Inc.","article_publisher":"https:\/\/www.facebook.com\/Trusted.Translations","article_modified_time":"2024-09-09T17:53:26+00:00","og_image":[{"width":216,"height":94,"url":"https:\/\/www.trustedtranslations.com\/wp-content\/uploads\/2022\/06\/tt-logo-2-1.webp","type":"image\/webp"}],"twitter_card":"summary_large_image","twitter_site":"@TrustedT9ns","schema":{"@context":"https:\/\/schema.org","@graph":[{"@type":"WebPage","@id":"https:\/\/www.trustedtranslations.com\/it\/servizi\/contenuti-multilingue\/scrittura-creativa","url":"https:\/\/www.trustedtranslations.com\/it\/servizi\/contenuti-multilingue\/scrittura-creativa","name":"Scrittura creativa multilingue - Trusted Translations, Inc.","isPartOf":{"@id":"https:\/\/www.trustedtranslations.com\/it\/#website"},"primaryImageOfPage":{"@id":"https:\/\/www.trustedtranslations.com\/it\/servizi\/contenuti-multilingue\/scrittura-creativa#primaryimage"},"image":{"@id":"https:\/\/www.trustedtranslations.com\/it\/servizi\/contenuti-multilingue\/scrittura-creativa#primaryimage"},"thumbnailUrl":"","description":"Gli esperti scrittori di Trusted Translations forniscono scrittura creativa in pi\u00f9 generi e lingue.","breadcrumb":{"@id":"https:\/\/www.trustedtranslations.com\/it\/servizi\/contenuti-multilingue\/scrittura-creativa#breadcrumb"},"inLanguage":"it-IT","potentialAction":[{"@type":"ReadAction","target":["https:\/\/www.trustedtranslations.com\/it\/servizi\/contenuti-multilingue\/scrittura-creativa"]}]},{"@type":"ImageObject","inLanguage":"it-IT","@id":"https:\/\/www.trustedtranslations.com\/it\/servizi\/contenuti-multilingue\/scrittura-creativa#primaryimage","url":"","contentUrl":""},{"@type":"BreadcrumbList","@id":"https:\/\/www.trustedtranslations.com\/it\/servizi\/contenuti-multilingue\/scrittura-creativa#breadcrumb","itemListElement":[{"@type":"ListItem","position":1,"name":"Home","item":"https:\/\/www.trustedtranslations.com\/it"},{"@type":"ListItem","position":2,"name":"Servizi","item":"https:\/\/www.trustedtranslations.com\/it\/servizi"},{"@type":"ListItem","position":3,"name":"Contenuti multilingue","item":"https:\/\/www.trustedtranslations.com\/it\/servizi\/contenuti-multilingue"},{"@type":"ListItem","position":4,"name":"Scrittura creativa"}]},{"@type":"WebSite","@id":"https:\/\/www.trustedtranslations.com\/it\/#website","url":"https:\/\/www.trustedtranslations.com\/it\/","name":"Trusted Translations, Inc.","description":"Leader in translation and interpretation services.","publisher":{"@id":"https:\/\/www.trustedtranslations.com\/it\/#organization"},"alternateName":"Trusted Translations","potentialAction":[{"@type":"SearchAction","target":{"@type":"EntryPoint","urlTemplate":"https:\/\/www.trustedtranslations.com\/it\/?s={search_term_string}"},"query-input":{"@type":"PropertyValueSpecification","valueRequired":true,"valueName":"search_term_string"}}],"inLanguage":"it-IT"},{"@type":"Organization","@id":"https:\/\/www.trustedtranslations.com\/it\/#organization","name":"Trusted Translations","alternateName":"Trusted Translations, Inc.","url":"https:\/\/www.trustedtranslations.com\/it\/","logo":{"@type":"ImageObject","inLanguage":"it-IT","@id":"https:\/\/www.trustedtranslations.com\/it\/#\/schema\/logo\/image\/","url":"https:\/\/static.trustedtranslations.com\/wp-content\/uploads\/2022\/01\/TT_logo_WSIColors-2.png","contentUrl":"https:\/\/static.trustedtranslations.com\/wp-content\/uploads\/2022\/01\/TT_logo_WSIColors-2.png","width":500,"height":196,"caption":"Trusted Translations"},"image":{"@id":"https:\/\/www.trustedtranslations.com\/it\/#\/schema\/logo\/image\/"},"sameAs":["https:\/\/www.facebook.com\/Trusted.Translations","https:\/\/x.com\/TrustedT9ns","https:\/\/www.linkedin.com\/company\/trusted-translations"]}]}},"toolset-meta":{"dyk":{"mensaje-1":{"type":"textfield","raw":"Le capacit\u00e0 di scrittura di sceneggiature sono fondamentali per il successo del marketing video."},"mensaje-2":{"type":"textfield","raw":"Pi\u00f9 della met\u00e0 dei clienti \u00e8 maggiormente propensa ad acquistare prodotti con una forte componente di narrazione."},"mensaje-3":{"type":"textfield","raw":"Una buona storia del brand pu\u00f2 aumentare i tassi di conversione dei clienti del 30%."},"mensaje-4":{"type":"textfield","raw":"Si hanno circa 22 volte pi\u00f9 probabilit\u00e0 di ricordare fatti basati su storie."},"mensaje-5":{"type":"textfield","raw":""},"mensaje-6":{"type":"textfield","raw":""}},"single-page-template-fields":{"imgs-temp":{"type":"image","raw":["https:\/\/static.trustedtranslations.com\/wp-content\/uploads\/2024\/07\/creative-writing-1.webp"],"repeatable":[{"raw":"https:\/\/static.trustedtranslations.com\/wp-content\/uploads\/2024\/07\/creative-writing-1.webp"}]},"imgs-temp-cel":{"type":"image","raw":[""],"repeatable":[{"raw":""}]},"img-temp-one-cel":{"type":"image","raw":"https:\/\/static.trustedtranslations.com\/wp-content\/uploads\/2024\/07\/contemplating-businesswoman-sitt.webp","attachment_id":null},"quotes":{"type":"textarea","raw":"<h1 style=\"margin-bottom: 12px;\">Scrittura creativa multilingue<\/h1>\r\nLa scrittura creativa \u00e8 spesso considerata l'apice della scrittura, sia nella sua complessit\u00e0 che nella sua capacit\u00e0 di affascinare il pubblico. Gli esperti scrittori di <em>Trusted Translations<\/em> forniscono scrittura creativa in pi\u00f9 generi e lingue.\r\n<div style=\"margin-top: 2.5vw;\"><a class=\"tt-btn-main-cta\" href=\"https:\/\/www.trustedtranslations.com\/it\/quote\">Richiedi un preventivo gratuito<\/a><\/div>"},"text-1":{"type":"textarea","raw":"<h2>Scrittura che ispira e trasporta<\/h2>\r\nRomanzi, saggi persuasivi, rappresentazioni teatrali, testi di canzoni: non c'\u00e8 praticamente limite ai modi in cui la scrittura creativa si manifesta in tutto il mondo. Sebbene le opere creative, in generale, non cerchino direttamente di vendere un prodotto, intrattengono e coinvolgono i lettori con la loro voce unica, personaggi indimenticabili e prospettive affascinanti.\r\n<h2>In che modo la scrittura creativa \u00e8 preziosa per un\u2019azienda?<\/h2>\r\nNarrativa, saggistica, poesia e drammaturgia tendono ad essere i generi pi\u00f9 immediati che vengono in mente riguardo alle opere creative. In questo contesto, \u00e8 facile presumere che ci sia una distinzione tra questo tipo di scrittura creativa e il mondo della scrittura professionale, dove generi come la creazione di contenuti e il copywriting sono pi\u00f9 familiari.\r\n\r\nTuttavia, la scrittura creativa comprende anche sceneggiature di film e televisione, radio e podcast, giornalismo, libri di cucina, guide di viaggio e molto altro. A seconda dei servizi e degli obiettivi della vostra organizzazione, potreste trovarvi a dover affrontare necessit\u00e0 di scrittura creativa in momenti inaspettati.\u00a0Allo stesso tempo, l\u2019utilizzo di scrittori creativi come parte della vostra strategia di creazione di contenuti pu\u00f2 aiutarvi a distinguervi dalle altre aziende.\r\n\r\n\u00c8 anche importante non trascurare la gamma di modi in cui la scrittura creativa e tutti gli altri ambiti del mondo professionale interagiscono frequentemente. Dalle organizzazioni governative e no-profit ai giornali e agli organi di informazione di fama mondiale, o anche solo per una campagna email unica incentrata sulla pubblicazione di poesie settimanali, gli scrittori creativi interagiscono e influiscono regolarmente su tutti i settori e i mercati in tutto di mondo."},"shortcode-map":{"type":"textfield","raw":""},"dyk-shortcode":{"type":"textfield","raw":"[elementor-template id=\"146751\"]"},"text-2":{"type":"textarea","raw":"<h2>Perch\u00e9 investire nella scrittura creativa multilingue?<\/h2>\r\nLa scrittura creativa \u00e8 una forma d\u2019arte che fonde espressioni liriche, immagini vivide, narrazioni emozionanti e temi stimolanti. Che si concentrino sulla produzione di letteratura, film, audio o altro, gli scrittori creativi devono essere completamente immersi nelle sfumature dei campi prescelti. Per affrontare la complessit\u00e0 del lavoro creativo, molti scrittori hanno affinato le proprie competenze specialistiche attraverso master (MFA), residenze artistiche, workshop professionali e numerose pubblicazioni, nonch\u00e9 lavorando in una serie di settori creativi.\r\n\r\nQuando si tratta dello sviluppo di una strategia di contenuti multilingue, l\u2019adattabilit\u00e0 degli scrittori creativi all\u2019utilizzo della lingua, del contesto e della cultura li rende collaboratori naturali anche per il lavoro in pi\u00f9 lingue. I migliori traduttori al mondo spesso contribuiscono alla creazione di materiali di altissima qualit\u00e0 per le migliori aziende con le stesse competenze utilizzate per tradurre le opere letterarie vincitrici del Premio Nobel. Se il vostro obiettivo \u00e8 rivolgersi ai mercati internazionali in modo naturale e affascinante, rimanendo al contempo sensibili alle sfumature e al contesto, la scrittura creativa offre una buona strada per catturare l\u2019attenzione di nuovi lettori.\r\n\r\nPoich\u00e9 la scrittura creativa richiede un livello molto elevato di abilit\u00e0 di scrittura, originalit\u00e0 e familiarit\u00e0 con il genere, cercare scrittori esperti \u00e8 l\u2019unica strada da percorrere, soprattutto se intendete espandervi in pi\u00f9 mercati in diverse lingue. Mettetevi in contatto con <em>Trusted Translations<\/em> oggi stesso per discutere di come il nostro team pu\u00f2 supportare le vostre esigenze di scrittura creativa."},"state":{"type":"textfield","raw":""},"city":{"type":"textarea","raw":[]}}},"_links":{"self":[{"href":"https:\/\/www.trustedtranslations.com\/it\/wp-json\/wp\/v2\/pages\/161778","targetHints":{"allow":["GET"]}}],"collection":[{"href":"https:\/\/www.trustedtranslations.com\/it\/wp-json\/wp\/v2\/pages"}],"about":[{"href":"https:\/\/www.trustedtranslations.com\/it\/wp-json\/wp\/v2\/types\/page"}],"author":[{"embeddable":true,"href":"https:\/\/www.trustedtranslations.com\/it\/wp-json\/wp\/v2\/users\/1"}],"replies":[{"embeddable":true,"href":"https:\/\/www.trustedtranslations.com\/it\/wp-json\/wp\/v2\/comments?post=161778"}],"version-history":[{"count":0,"href":"https:\/\/www.trustedtranslations.com\/it\/wp-json\/wp\/v2\/pages\/161778\/revisions"}],"up":[{"embeddable":true,"href":"https:\/\/www.trustedtranslations.com\/it\/wp-json\/wp\/v2\/pages\/161774"}],"wp:featuredmedia":[{"embeddable":true,"href":"https:\/\/www.trustedtranslations.com\/it\/wp-json\/"}],"wp:attachment":[{"href":"https:\/\/www.trustedtranslations.com\/it\/wp-json\/wp\/v2\/media?parent=161778"}],"curies":[{"name":"wp","href":"https:\/\/api.w.org\/{rel}","templated":true}]}}