{"id":161780,"date":"2022-10-18T00:36:20","date_gmt":"2022-10-18T00:36:20","guid":{"rendered":"https:\/\/www.trustedtranslations.com\/?page_id=161780"},"modified":"2024-09-09T17:30:04","modified_gmt":"2024-09-09T20:30:04","slug":"scrittura-di-contenuti","status":"publish","type":"page","link":"https:\/\/www.trustedtranslations.com\/it\/servizi\/contenuti-multilingue\/scrittura-di-contenuti","title":{"rendered":"Scrittura di contenuti"},"content":{"rendered":"","protected":false},"excerpt":{"rendered":"","protected":false},"author":1,"featured_media":177437,"parent":161774,"menu_order":0,"comment_status":"closed","ping_status":"closed","template":"","meta":{"site-sidebar-layout":"default","site-content-layout":"default","ast-site-content-layout":"default","site-content-style":"default","site-sidebar-style":"default","ast-global-header-display":"","ast-banner-title-visibility":"","ast-main-header-display":"","ast-hfb-above-header-display":"","ast-hfb-below-header-display":"","ast-hfb-mobile-header-display":"","site-post-title":"disabled","ast-breadcrumbs-content":"","ast-featured-img":"","footer-sml-layout":"","ast-disable-related-posts":"","theme-transparent-header-meta":"default","adv-header-id-meta":"","stick-header-meta":"","header-above-stick-meta":"","header-main-stick-meta":"","header-below-stick-meta":"","astra-migrate-meta-layouts":"set","ast-page-background-enabled":"default","ast-page-background-meta":{"desktop":{"background-color":"var(--ast-global-color-4)","background-image":"","background-repeat":"repeat","background-position":"center center","background-size":"auto","background-attachment":"scroll","background-type":"","background-media":"","overlay-type":"","overlay-color":"","overlay-opacity":"","overlay-gradient":""},"tablet":{"background-color":"","background-image":"","background-repeat":"repeat","background-position":"center center","background-size":"auto","background-attachment":"scroll","background-type":"","background-media":"","overlay-type":"","overlay-color":"","overlay-opacity":"","overlay-gradient":""},"mobile":{"background-color":"","background-image":"","background-repeat":"repeat","background-position":"center center","background-size":"auto","background-attachment":"scroll","background-type":"","background-media":"","overlay-type":"","overlay-color":"","overlay-opacity":"","overlay-gradient":""}},"ast-content-background-meta":{"desktop":{"background-color":"var(--ast-global-color-5)","background-image":"","background-repeat":"repeat","background-position":"center center","background-size":"auto","background-attachment":"scroll","background-type":"","background-media":"","overlay-type":"","overlay-color":"","overlay-opacity":"","overlay-gradient":""},"tablet":{"background-color":"var(--ast-global-color-5)","background-image":"","background-repeat":"repeat","background-position":"center center","background-size":"auto","background-attachment":"scroll","background-type":"","background-media":"","overlay-type":"","overlay-color":"","overlay-opacity":"","overlay-gradient":""},"mobile":{"background-color":"var(--ast-global-color-5)","background-image":"","background-repeat":"repeat","background-position":"center center","background-size":"auto","background-attachment":"scroll","background-type":"","background-media":"","overlay-type":"","overlay-color":"","overlay-opacity":"","overlay-gradient":""}},"footnotes":""},"class_list":["post-161780","page","type-page","status-publish","has-post-thumbnail","hentry"],"yoast_head":"<!-- This site is optimized with the Yoast SEO plugin v27.5 - https:\/\/yoast.com\/product\/yoast-seo-wordpress\/ -->\n<title>Scrittura di contenuti multilingue - Trusted Translations, Inc.<\/title>\n<meta name=\"description\" content=\"\u00a0Gli autori di Trusted Translations producono contenuti di marketing che migliorano il profilo della vostra azienda e vi aiutano a costruire una base di clienti duratura.\" \/>\n<meta name=\"robots\" content=\"index, follow, max-snippet:-1, max-image-preview:large, max-video-preview:-1\" \/>\n<link rel=\"canonical\" href=\"https:\/\/www.trustedtranslations.com\/it\/servizi\/contenuti-multilingue\/scrittura-di-contenuti\" \/>\n<meta property=\"og:locale\" content=\"it_IT\" \/>\n<meta property=\"og:type\" content=\"article\" \/>\n<meta property=\"og:title\" content=\"Scrittura di contenuti multilingue - Trusted Translations, Inc.\" \/>\n<meta property=\"og:description\" content=\"\u00a0Gli autori di Trusted Translations producono contenuti di marketing che migliorano il profilo della vostra azienda e vi aiutano a costruire una base di clienti duratura.\" \/>\n<meta property=\"og:url\" content=\"https:\/\/www.trustedtranslations.com\/it\/servizi\/contenuti-multilingue\/scrittura-di-contenuti\" \/>\n<meta property=\"og:site_name\" content=\"Trusted Translations, Inc.\" \/>\n<meta property=\"article:publisher\" content=\"https:\/\/www.facebook.com\/Trusted.Translations\" \/>\n<meta property=\"article:modified_time\" content=\"2024-09-09T20:30:04+00:00\" \/>\n<meta property=\"og:image\" content=\"https:\/\/www.trustedtranslations.com\/wp-content\/uploads\/2022\/06\/tt-logo-2-1.webp\" \/>\n\t<meta property=\"og:image:width\" content=\"216\" \/>\n\t<meta property=\"og:image:height\" content=\"94\" \/>\n\t<meta property=\"og:image:type\" content=\"image\/webp\" \/>\n<meta name=\"twitter:card\" content=\"summary_large_image\" \/>\n<meta name=\"twitter:site\" content=\"@TrustedT9ns\" \/>\n<script type=\"application\/ld+json\" class=\"yoast-schema-graph\">{\"@context\":\"https:\\\/\\\/schema.org\",\"@graph\":[{\"@type\":\"WebPage\",\"@id\":\"https:\\\/\\\/www.trustedtranslations.com\\\/it\\\/servizi\\\/contenuti-multilingue\\\/scrittura-di-contenuti\",\"url\":\"https:\\\/\\\/www.trustedtranslations.com\\\/it\\\/servizi\\\/contenuti-multilingue\\\/scrittura-di-contenuti\",\"name\":\"Scrittura di contenuti multilingue - Trusted Translations, Inc.\",\"isPartOf\":{\"@id\":\"https:\\\/\\\/www.trustedtranslations.com\\\/it\\\/#website\"},\"primaryImageOfPage\":{\"@id\":\"https:\\\/\\\/www.trustedtranslations.com\\\/it\\\/servizi\\\/contenuti-multilingue\\\/scrittura-di-contenuti#primaryimage\"},\"image\":{\"@id\":\"https:\\\/\\\/www.trustedtranslations.com\\\/it\\\/servizi\\\/contenuti-multilingue\\\/scrittura-di-contenuti#primaryimage\"},\"thumbnailUrl\":\"\",\"description\":\"\u00a0Gli autori di Trusted Translations producono contenuti di marketing che migliorano il profilo della vostra azienda e vi aiutano a costruire una base di clienti duratura.\",\"breadcrumb\":{\"@id\":\"https:\\\/\\\/www.trustedtranslations.com\\\/it\\\/servizi\\\/contenuti-multilingue\\\/scrittura-di-contenuti#breadcrumb\"},\"inLanguage\":\"it-IT\",\"potentialAction\":[{\"@type\":\"ReadAction\",\"target\":[\"https:\\\/\\\/www.trustedtranslations.com\\\/it\\\/servizi\\\/contenuti-multilingue\\\/scrittura-di-contenuti\"]}]},{\"@type\":\"ImageObject\",\"inLanguage\":\"it-IT\",\"@id\":\"https:\\\/\\\/www.trustedtranslations.com\\\/it\\\/servizi\\\/contenuti-multilingue\\\/scrittura-di-contenuti#primaryimage\",\"url\":\"\",\"contentUrl\":\"\"},{\"@type\":\"BreadcrumbList\",\"@id\":\"https:\\\/\\\/www.trustedtranslations.com\\\/it\\\/servizi\\\/contenuti-multilingue\\\/scrittura-di-contenuti#breadcrumb\",\"itemListElement\":[{\"@type\":\"ListItem\",\"position\":1,\"name\":\"Home\",\"item\":\"https:\\\/\\\/www.trustedtranslations.com\\\/it\"},{\"@type\":\"ListItem\",\"position\":2,\"name\":\"Servizi\",\"item\":\"https:\\\/\\\/www.trustedtranslations.com\\\/it\\\/servizi\"},{\"@type\":\"ListItem\",\"position\":3,\"name\":\"Contenuti multilingue\",\"item\":\"https:\\\/\\\/www.trustedtranslations.com\\\/it\\\/servizi\\\/contenuti-multilingue\"},{\"@type\":\"ListItem\",\"position\":4,\"name\":\"Scrittura di contenuti\"}]},{\"@type\":\"WebSite\",\"@id\":\"https:\\\/\\\/www.trustedtranslations.com\\\/it\\\/#website\",\"url\":\"https:\\\/\\\/www.trustedtranslations.com\\\/it\\\/\",\"name\":\"Trusted Translations, Inc.\",\"description\":\"Leader in translation and interpretation services.\",\"publisher\":{\"@id\":\"https:\\\/\\\/www.trustedtranslations.com\\\/it\\\/#organization\"},\"alternateName\":\"Trusted Translations\",\"potentialAction\":[{\"@type\":\"SearchAction\",\"target\":{\"@type\":\"EntryPoint\",\"urlTemplate\":\"https:\\\/\\\/www.trustedtranslations.com\\\/it\\\/?s={search_term_string}\"},\"query-input\":{\"@type\":\"PropertyValueSpecification\",\"valueRequired\":true,\"valueName\":\"search_term_string\"}}],\"inLanguage\":\"it-IT\"},{\"@type\":\"Organization\",\"@id\":\"https:\\\/\\\/www.trustedtranslations.com\\\/it\\\/#organization\",\"name\":\"Trusted Translations\",\"alternateName\":\"Trusted Translations, Inc.\",\"url\":\"https:\\\/\\\/www.trustedtranslations.com\\\/it\\\/\",\"logo\":{\"@type\":\"ImageObject\",\"inLanguage\":\"it-IT\",\"@id\":\"https:\\\/\\\/www.trustedtranslations.com\\\/it\\\/#\\\/schema\\\/logo\\\/image\\\/\",\"url\":\"https:\\\/\\\/static.trustedtranslations.com\\\/wp-content\\\/uploads\\\/2022\\\/01\\\/TT_logo_WSIColors-2.png\",\"contentUrl\":\"https:\\\/\\\/static.trustedtranslations.com\\\/wp-content\\\/uploads\\\/2022\\\/01\\\/TT_logo_WSIColors-2.png\",\"width\":500,\"height\":196,\"caption\":\"Trusted Translations\"},\"image\":{\"@id\":\"https:\\\/\\\/www.trustedtranslations.com\\\/it\\\/#\\\/schema\\\/logo\\\/image\\\/\"},\"sameAs\":[\"https:\\\/\\\/www.facebook.com\\\/Trusted.Translations\",\"https:\\\/\\\/x.com\\\/TrustedT9ns\",\"https:\\\/\\\/www.linkedin.com\\\/company\\\/trusted-translations\"]}]}<\/script>\n<!-- \/ Yoast SEO plugin. -->","yoast_head_json":{"title":"Scrittura di contenuti multilingue - Trusted Translations, Inc.","description":"\u00a0Gli autori di Trusted Translations producono contenuti di marketing che migliorano il profilo della vostra azienda e vi aiutano a costruire una base di clienti duratura.","robots":{"index":"index","follow":"follow","max-snippet":"max-snippet:-1","max-image-preview":"max-image-preview:large","max-video-preview":"max-video-preview:-1"},"canonical":"https:\/\/www.trustedtranslations.com\/it\/servizi\/contenuti-multilingue\/scrittura-di-contenuti","og_locale":"it_IT","og_type":"article","og_title":"Scrittura di contenuti multilingue - Trusted Translations, Inc.","og_description":"\u00a0Gli autori di Trusted Translations producono contenuti di marketing che migliorano il profilo della vostra azienda e vi aiutano a costruire una base di clienti duratura.","og_url":"https:\/\/www.trustedtranslations.com\/it\/servizi\/contenuti-multilingue\/scrittura-di-contenuti","og_site_name":"Trusted Translations, Inc.","article_publisher":"https:\/\/www.facebook.com\/Trusted.Translations","article_modified_time":"2024-09-09T20:30:04+00:00","og_image":[{"width":216,"height":94,"url":"https:\/\/www.trustedtranslations.com\/wp-content\/uploads\/2022\/06\/tt-logo-2-1.webp","type":"image\/webp"}],"twitter_card":"summary_large_image","twitter_site":"@TrustedT9ns","schema":{"@context":"https:\/\/schema.org","@graph":[{"@type":"WebPage","@id":"https:\/\/www.trustedtranslations.com\/it\/servizi\/contenuti-multilingue\/scrittura-di-contenuti","url":"https:\/\/www.trustedtranslations.com\/it\/servizi\/contenuti-multilingue\/scrittura-di-contenuti","name":"Scrittura di contenuti multilingue - Trusted Translations, Inc.","isPartOf":{"@id":"https:\/\/www.trustedtranslations.com\/it\/#website"},"primaryImageOfPage":{"@id":"https:\/\/www.trustedtranslations.com\/it\/servizi\/contenuti-multilingue\/scrittura-di-contenuti#primaryimage"},"image":{"@id":"https:\/\/www.trustedtranslations.com\/it\/servizi\/contenuti-multilingue\/scrittura-di-contenuti#primaryimage"},"thumbnailUrl":"","description":"\u00a0Gli autori di Trusted Translations producono contenuti di marketing che migliorano il profilo della vostra azienda e vi aiutano a costruire una base di clienti duratura.","breadcrumb":{"@id":"https:\/\/www.trustedtranslations.com\/it\/servizi\/contenuti-multilingue\/scrittura-di-contenuti#breadcrumb"},"inLanguage":"it-IT","potentialAction":[{"@type":"ReadAction","target":["https:\/\/www.trustedtranslations.com\/it\/servizi\/contenuti-multilingue\/scrittura-di-contenuti"]}]},{"@type":"ImageObject","inLanguage":"it-IT","@id":"https:\/\/www.trustedtranslations.com\/it\/servizi\/contenuti-multilingue\/scrittura-di-contenuti#primaryimage","url":"","contentUrl":""},{"@type":"BreadcrumbList","@id":"https:\/\/www.trustedtranslations.com\/it\/servizi\/contenuti-multilingue\/scrittura-di-contenuti#breadcrumb","itemListElement":[{"@type":"ListItem","position":1,"name":"Home","item":"https:\/\/www.trustedtranslations.com\/it"},{"@type":"ListItem","position":2,"name":"Servizi","item":"https:\/\/www.trustedtranslations.com\/it\/servizi"},{"@type":"ListItem","position":3,"name":"Contenuti multilingue","item":"https:\/\/www.trustedtranslations.com\/it\/servizi\/contenuti-multilingue"},{"@type":"ListItem","position":4,"name":"Scrittura di contenuti"}]},{"@type":"WebSite","@id":"https:\/\/www.trustedtranslations.com\/it\/#website","url":"https:\/\/www.trustedtranslations.com\/it\/","name":"Trusted Translations, Inc.","description":"Leader in translation and interpretation services.","publisher":{"@id":"https:\/\/www.trustedtranslations.com\/it\/#organization"},"alternateName":"Trusted Translations","potentialAction":[{"@type":"SearchAction","target":{"@type":"EntryPoint","urlTemplate":"https:\/\/www.trustedtranslations.com\/it\/?s={search_term_string}"},"query-input":{"@type":"PropertyValueSpecification","valueRequired":true,"valueName":"search_term_string"}}],"inLanguage":"it-IT"},{"@type":"Organization","@id":"https:\/\/www.trustedtranslations.com\/it\/#organization","name":"Trusted Translations","alternateName":"Trusted Translations, Inc.","url":"https:\/\/www.trustedtranslations.com\/it\/","logo":{"@type":"ImageObject","inLanguage":"it-IT","@id":"https:\/\/www.trustedtranslations.com\/it\/#\/schema\/logo\/image\/","url":"https:\/\/static.trustedtranslations.com\/wp-content\/uploads\/2022\/01\/TT_logo_WSIColors-2.png","contentUrl":"https:\/\/static.trustedtranslations.com\/wp-content\/uploads\/2022\/01\/TT_logo_WSIColors-2.png","width":500,"height":196,"caption":"Trusted Translations"},"image":{"@id":"https:\/\/www.trustedtranslations.com\/it\/#\/schema\/logo\/image\/"},"sameAs":["https:\/\/www.facebook.com\/Trusted.Translations","https:\/\/x.com\/TrustedT9ns","https:\/\/www.linkedin.com\/company\/trusted-translations"]}]}},"toolset-meta":{"dyk":{"mensaje-1":{"type":"textfield","raw":"Gli esperti di marketing che danno la priorit\u00e0 ai blog hanno maggiori probabilit\u00e0 di ottenere un ROI positivo."},"mensaje-2":{"type":"textfield","raw":"La scrittura di contenuti di qualit\u00e0 \u00e8 un fattore importante nella costruzione della credibilit\u00e0 del brand."},"mensaje-3":{"type":"textfield","raw":"Il 72% degli esperti di marketing ritiene che la creazione di contenuti aumenti il coinvolgimento dei clienti."},"mensaje-4":{"type":"textfield","raw":"Oltre il 75% degli utenti internet legge regolarmente contenuti blog."},"mensaje-5":{"type":"textfield","raw":""},"mensaje-6":{"type":"textfield","raw":""}},"single-page-template-fields":{"imgs-temp":{"type":"image","raw":["https:\/\/static.trustedtranslations.com\/wp-content\/uploads\/2024\/07\/content-writing-1.webp"],"repeatable":[{"raw":"https:\/\/static.trustedtranslations.com\/wp-content\/uploads\/2024\/07\/content-writing-1.webp"}]},"imgs-temp-cel":{"type":"image","raw":[""],"repeatable":[{"raw":""}]},"img-temp-one-cel":{"type":"image","raw":"https:\/\/static.trustedtranslations.com\/wp-content\/uploads\/2024\/07\/medium-shot-woman-with-laptop-wr.webp","attachment_id":null},"quotes":{"type":"textarea","raw":"<h1 style=\"margin-bottom: 12px;\">Scrittura di contenuti multilingue<\/h1>\r\nUna strategia per i contenuti multilingue richiede innanzitutto contenuti eccellenti. Da blog e articoli a white paper ed e-book, gli autori di <em>Trusted Translations<\/em> producono contenuti di marketing che migliorano il profilo della vostra azienda e vi aiutano a costruire una base di clienti duratura.\r\n<div style=\"margin-top: 2.5vw;\"><a class=\"tt-btn-main-cta\" href=\"https:\/\/www.trustedtranslations.com\/it\/quote\">Richiedi un preventivo gratuito<\/a><\/div>"},"text-1":{"type":"textarea","raw":"<h2>Contenuti che informano e coinvolgono<\/h2>\r\nLa scrittura dei contenuti \u00e8 la pietra angolare di qualsiasi strategia di marketing a lungo termine. Progettata per informare, intrattenere e coinvolgere i lettori, la scrittura di contenuti aiuta a generare lead organici, aumentare il coinvolgimento e la fedelt\u00e0 al marchio e stabilire l\u2019autorit\u00e0 della vostra azienda su un argomento specifico o in un determinato settore.\r\n\r\nSebbene i post su blog siano una delle forme pi\u00f9 note di scrittura di contenuti, questi materiali coprono un\u2019ampia gamma di formati, inclusi articoli, white paper, e-book, post sui social network di lunga durata, newsletter, case study e altro ancora. Un portafoglio diversificato di tipi di contenuto offre modi unici per entrare in contatto con potenziali clienti attraverso ogni pubblicazione.\r\n<h2>In che modo la scrittura di contenuti multilingue pu\u00f2 aiutare la vostra azienda?<\/h2>\r\nPasso dopo passo, la scrittura dei contenuti crea una connessione duratura, genera la fedelt\u00e0 dei clienti e aiuta a creare la voce originale della vostra organizzazione. Pertanto, la scrittura di contenuti \u00e8 l\u2019approccio perfetto per conquistare i clienti che preferiscono conoscere da vicino un\u2019azienda prima di investire tempo e denaro. Articoli con informazioni interessanti, storie personali e post di blog autorevoli appaiono pi\u00f9 genuini di una vendita rapida e impersonale; questo tipo di contenuto fa appello al desiderio dei lettori di fare le proprie ricerche e valutare le proprie opzioni prima di effettuare un acquisto.\r\n\r\nLa scrittura di contenuti offre anche un\u2019ampia riserva di contenuti utilizzabili per la vostra attivit\u00e0, che possono quindi essere utilizzati in una variet\u00e0 di modi creativi per il marketing. Ad esempio, molte organizzazioni utilizzano i propri siti web per offrire materiali gratuiti, come un white paper, un e-book o un case study, a cui i visitatori possono accedere iscrivendosi a una mailing list. Altre aziende sfruttano citazioni ed estratti dai post sul blog per campagne sui social network. Nel frattempo, i team di progettazione grafica possono trasformare i contenuti in un video, un\u2019infografica o un altro elemento visivo accattivante. In altre parole, una singola pubblicazione scritta pu\u00f2 produrre un valore significativo ben dopo la sua prima pubblicazione."},"shortcode-map":{"type":"textfield","raw":""},"dyk-shortcode":{"type":"textfield","raw":"[elementor-template id=\"146751\"]"},"text-2":{"type":"textarea","raw":"<h2>Contenuti per il potenziamento del SEO<\/h2>\r\nI contenuti realizzati da esperti utilizzeranno anche l\u2019ottimizzazione per i motori di ricerca (SEO) per migliorare il posizionamento della vostra organizzazione nei motori di ricerca online. La scrittura di contenuti \u00e8 quindi un modo conveniente per creare conversazioni sui propri prodotti o servizi. Pi\u00f9 un contenuto viene visualizzato e condiviso, pi\u00f9 marketing organico gratuito otterrete dal passaparola digitale: i vostri contenuti potrebbero persino diventare virali. Data l\u2019immensa portata e la popolarit\u00e0 dei social network in tutto il mondo, questo \u00e8 un modo fondamentale per distinguersi dalla massa.\r\n<h2>Strategia multilingue<\/h2>\r\nQuando si cerca di entrare in nuovi mercati in nuove lingue, \u00e8 ancora pi\u00f9 importante disporre di contenuti che si rivolgano con accuratezza e originalit\u00e0 al nuovo pubblico.\u00a0Poich\u00e9 la competitivit\u00e0 del mercato globale aumenta di anno in anno, una solida strategia di creazione di contenuti multilingue \u00e8 la chiave per un successo sostenibile.\r\n\r\nIl team di <em>Trusted Translations<\/em> offre scrittura di contenuti di alta qualit\u00e0 attraverso l\u2019intera gamma di tipi di materiali, combinata con conoscenze specifiche del settore e competenze linguistiche eccezionali. Contattateci per scoprire le nostre soluzioni alle vostre esigenze di creazione di contenuti multilingue."},"state":{"type":"textfield","raw":""},"city":{"type":"textarea","raw":[]}}},"_links":{"self":[{"href":"https:\/\/www.trustedtranslations.com\/it\/wp-json\/wp\/v2\/pages\/161780","targetHints":{"allow":["GET"]}}],"collection":[{"href":"https:\/\/www.trustedtranslations.com\/it\/wp-json\/wp\/v2\/pages"}],"about":[{"href":"https:\/\/www.trustedtranslations.com\/it\/wp-json\/wp\/v2\/types\/page"}],"author":[{"embeddable":true,"href":"https:\/\/www.trustedtranslations.com\/it\/wp-json\/wp\/v2\/users\/1"}],"replies":[{"embeddable":true,"href":"https:\/\/www.trustedtranslations.com\/it\/wp-json\/wp\/v2\/comments?post=161780"}],"version-history":[{"count":0,"href":"https:\/\/www.trustedtranslations.com\/it\/wp-json\/wp\/v2\/pages\/161780\/revisions"}],"up":[{"embeddable":true,"href":"https:\/\/www.trustedtranslations.com\/it\/wp-json\/wp\/v2\/pages\/161774"}],"wp:featuredmedia":[{"embeddable":true,"href":"https:\/\/www.trustedtranslations.com\/it\/wp-json\/"}],"wp:attachment":[{"href":"https:\/\/www.trustedtranslations.com\/it\/wp-json\/wp\/v2\/media?parent=161780"}],"curies":[{"name":"wp","href":"https:\/\/api.w.org\/{rel}","templated":true}]}}