{"id":181401,"date":"2023-02-01T18:18:20","date_gmt":"2023-02-01T21:18:20","guid":{"rendered":"https:\/\/www.trustedtranslations.com\/?page_id=181401"},"modified":"2024-09-23T17:08:21","modified_gmt":"2024-09-23T20:08:21","slug":"spagnolo-castigliano","status":"publish","type":"page","link":"https:\/\/www.trustedtranslations.com\/it\/lingua\/spagnolo\/caratteristiche\/spagnolo-castigliano","title":{"rendered":"Spagnolo castigliano"},"content":{"rendered":"","protected":false},"excerpt":{"rendered":"","protected":false},"author":1,"featured_media":160117,"parent":181411,"menu_order":0,"comment_status":"closed","ping_status":"closed","template":"","meta":{"site-sidebar-layout":"default","site-content-layout":"default","ast-site-content-layout":"default","site-content-style":"default","site-sidebar-style":"default","ast-global-header-display":"","ast-banner-title-visibility":"","ast-main-header-display":"","ast-hfb-above-header-display":"","ast-hfb-below-header-display":"","ast-hfb-mobile-header-display":"","site-post-title":"disabled","ast-breadcrumbs-content":"","ast-featured-img":"","footer-sml-layout":"","ast-disable-related-posts":"","theme-transparent-header-meta":"default","adv-header-id-meta":"","stick-header-meta":"","header-above-stick-meta":"","header-main-stick-meta":"","header-below-stick-meta":"","astra-migrate-meta-layouts":"set","ast-page-background-enabled":"default","ast-page-background-meta":{"desktop":{"background-color":"var(--ast-global-color-4)","background-image":"","background-repeat":"repeat","background-position":"center center","background-size":"auto","background-attachment":"scroll","background-type":"","background-media":"","overlay-type":"","overlay-color":"","overlay-opacity":"","overlay-gradient":""},"tablet":{"background-color":"","background-image":"","background-repeat":"repeat","background-position":"center center","background-size":"auto","background-attachment":"scroll","background-type":"","background-media":"","overlay-type":"","overlay-color":"","overlay-opacity":"","overlay-gradient":""},"mobile":{"background-color":"","background-image":"","background-repeat":"repeat","background-position":"center center","background-size":"auto","background-attachment":"scroll","background-type":"","background-media":"","overlay-type":"","overlay-color":"","overlay-opacity":"","overlay-gradient":""}},"ast-content-background-meta":{"desktop":{"background-color":"var(--ast-global-color-5)","background-image":"","background-repeat":"repeat","background-position":"center center","background-size":"auto","background-attachment":"scroll","background-type":"","background-media":"","overlay-type":"","overlay-color":"","overlay-opacity":"","overlay-gradient":""},"tablet":{"background-color":"var(--ast-global-color-5)","background-image":"","background-repeat":"repeat","background-position":"center center","background-size":"auto","background-attachment":"scroll","background-type":"","background-media":"","overlay-type":"","overlay-color":"","overlay-opacity":"","overlay-gradient":""},"mobile":{"background-color":"var(--ast-global-color-5)","background-image":"","background-repeat":"repeat","background-position":"center center","background-size":"auto","background-attachment":"scroll","background-type":"","background-media":"","overlay-type":"","overlay-color":"","overlay-opacity":"","overlay-gradient":""}},"footnotes":""},"class_list":["post-181401","page","type-page","status-publish","has-post-thumbnail","hentry"],"yoast_head":"<!-- This site is optimized with the Yoast SEO plugin v27.5 - https:\/\/yoast.com\/product\/yoast-seo-wordpress\/ -->\n<title>Lingua spagnola castigliana: traduzione in spagnolo per l\u2019Europa<\/title>\n<meta name=\"description\" content=\"Trusted Translations offre servizi di traduzione in spagnolo europeo su misura per le vostre esigenze. Richiedete un preventivo gratuito.\" \/>\n<meta name=\"robots\" content=\"index, follow, max-snippet:-1, max-image-preview:large, max-video-preview:-1\" \/>\n<link rel=\"canonical\" href=\"https:\/\/www.trustedtranslations.com\/it\/lingua\/spagnolo\/caratteristiche\/spagnolo-castigliano\" \/>\n<meta property=\"og:locale\" content=\"it_IT\" \/>\n<meta property=\"og:type\" content=\"article\" \/>\n<meta property=\"og:title\" content=\"Lingua spagnola castigliana: traduzione in spagnolo per l\u2019Europa\" \/>\n<meta property=\"og:description\" content=\"Trusted Translations offre servizi di traduzione in spagnolo europeo su misura per le vostre esigenze. Richiedete un preventivo gratuito.\" \/>\n<meta property=\"og:url\" content=\"https:\/\/www.trustedtranslations.com\/it\/lingua\/spagnolo\/caratteristiche\/spagnolo-castigliano\" \/>\n<meta property=\"og:site_name\" content=\"Trusted Translations, Inc.\" \/>\n<meta property=\"article:publisher\" content=\"https:\/\/www.facebook.com\/Trusted.Translations\" \/>\n<meta property=\"article:modified_time\" content=\"2024-09-23T20:08:21+00:00\" \/>\n<meta property=\"og:image\" content=\"https:\/\/static.trustedtranslations.com\/wp-content\/uploads\/2022\/08\/TT_NEW_FB-1.png\" \/>\n\t<meta property=\"og:image:width\" content=\"1\" \/>\n\t<meta property=\"og:image:height\" content=\"1\" \/>\n\t<meta property=\"og:image:type\" content=\"image\/jpeg\" \/>\n<meta name=\"twitter:card\" content=\"summary_large_image\" \/>\n<meta name=\"twitter:site\" content=\"@TrustedT9ns\" \/>\n<script type=\"application\/ld+json\" class=\"yoast-schema-graph\">{\"@context\":\"https:\\\/\\\/schema.org\",\"@graph\":[{\"@type\":\"WebPage\",\"@id\":\"https:\\\/\\\/www.trustedtranslations.com\\\/it\\\/lingua\\\/spagnolo\\\/caratteristiche\\\/spagnolo-castigliano\",\"url\":\"https:\\\/\\\/www.trustedtranslations.com\\\/it\\\/lingua\\\/spagnolo\\\/caratteristiche\\\/spagnolo-castigliano\",\"name\":\"Lingua spagnola castigliana: traduzione in spagnolo per l\u2019Europa\",\"isPartOf\":{\"@id\":\"https:\\\/\\\/www.trustedtranslations.com\\\/it\\\/#website\"},\"primaryImageOfPage\":{\"@id\":\"https:\\\/\\\/www.trustedtranslations.com\\\/it\\\/lingua\\\/spagnolo\\\/caratteristiche\\\/spagnolo-castigliano#primaryimage\"},\"image\":{\"@id\":\"https:\\\/\\\/www.trustedtranslations.com\\\/it\\\/lingua\\\/spagnolo\\\/caratteristiche\\\/spagnolo-castigliano#primaryimage\"},\"thumbnailUrl\":\"https:\\\/\\\/www.trustedtranslations.com\\\/wp-content\\\/uploads\\\/2022\\\/08\\\/TT_NEW_FB-1.png\",\"description\":\"Trusted Translations offre servizi di traduzione in spagnolo europeo su misura per le vostre esigenze. Richiedete un preventivo gratuito.\",\"breadcrumb\":{\"@id\":\"https:\\\/\\\/www.trustedtranslations.com\\\/it\\\/lingua\\\/spagnolo\\\/caratteristiche\\\/spagnolo-castigliano#breadcrumb\"},\"inLanguage\":\"it-IT\",\"potentialAction\":[{\"@type\":\"ReadAction\",\"target\":[\"https:\\\/\\\/www.trustedtranslations.com\\\/it\\\/lingua\\\/spagnolo\\\/caratteristiche\\\/spagnolo-castigliano\"]}]},{\"@type\":\"ImageObject\",\"inLanguage\":\"it-IT\",\"@id\":\"https:\\\/\\\/www.trustedtranslations.com\\\/it\\\/lingua\\\/spagnolo\\\/caratteristiche\\\/spagnolo-castigliano#primaryimage\",\"url\":\"https:\\\/\\\/www.trustedtranslations.com\\\/wp-content\\\/uploads\\\/2022\\\/08\\\/TT_NEW_FB-1.png\",\"contentUrl\":\"https:\\\/\\\/www.trustedtranslations.com\\\/wp-content\\\/uploads\\\/2022\\\/08\\\/TT_NEW_FB-1.png\",\"caption\":\"TT NEW FB 1\"},{\"@type\":\"BreadcrumbList\",\"@id\":\"https:\\\/\\\/www.trustedtranslations.com\\\/it\\\/lingua\\\/spagnolo\\\/caratteristiche\\\/spagnolo-castigliano#breadcrumb\",\"itemListElement\":[{\"@type\":\"ListItem\",\"position\":1,\"name\":\"Home\",\"item\":\"https:\\\/\\\/www.trustedtranslations.com\\\/it\"},{\"@type\":\"ListItem\",\"position\":2,\"name\":\"Lingue\",\"item\":\"https:\\\/\\\/www.trustedtranslations.com\\\/it\\\/lingua\"},{\"@type\":\"ListItem\",\"position\":3,\"name\":\"Spagnolo\",\"item\":\"https:\\\/\\\/www.trustedtranslations.com\\\/it\\\/lingua\\\/spagnolo\"},{\"@type\":\"ListItem\",\"position\":4,\"name\":\"Caratteristiche dello spagnolo\",\"item\":\"https:\\\/\\\/www.trustedtranslations.com\\\/it\\\/lingua\\\/spagnolo\\\/caratteristiche\"},{\"@type\":\"ListItem\",\"position\":5,\"name\":\"Spagnolo castigliano\"}]},{\"@type\":\"WebSite\",\"@id\":\"https:\\\/\\\/www.trustedtranslations.com\\\/it\\\/#website\",\"url\":\"https:\\\/\\\/www.trustedtranslations.com\\\/it\\\/\",\"name\":\"Trusted Translations, Inc.\",\"description\":\"Leader in translation and interpretation services.\",\"publisher\":{\"@id\":\"https:\\\/\\\/www.trustedtranslations.com\\\/it\\\/#organization\"},\"alternateName\":\"Trusted Translations\",\"potentialAction\":[{\"@type\":\"SearchAction\",\"target\":{\"@type\":\"EntryPoint\",\"urlTemplate\":\"https:\\\/\\\/www.trustedtranslations.com\\\/it\\\/?s={search_term_string}\"},\"query-input\":{\"@type\":\"PropertyValueSpecification\",\"valueRequired\":true,\"valueName\":\"search_term_string\"}}],\"inLanguage\":\"it-IT\"},{\"@type\":\"Organization\",\"@id\":\"https:\\\/\\\/www.trustedtranslations.com\\\/it\\\/#organization\",\"name\":\"Trusted Translations\",\"alternateName\":\"Trusted Translations, Inc.\",\"url\":\"https:\\\/\\\/www.trustedtranslations.com\\\/it\\\/\",\"logo\":{\"@type\":\"ImageObject\",\"inLanguage\":\"it-IT\",\"@id\":\"https:\\\/\\\/www.trustedtranslations.com\\\/it\\\/#\\\/schema\\\/logo\\\/image\\\/\",\"url\":\"https:\\\/\\\/static.trustedtranslations.com\\\/wp-content\\\/uploads\\\/2022\\\/01\\\/TT_logo_WSIColors-2.png\",\"contentUrl\":\"https:\\\/\\\/static.trustedtranslations.com\\\/wp-content\\\/uploads\\\/2022\\\/01\\\/TT_logo_WSIColors-2.png\",\"width\":500,\"height\":196,\"caption\":\"Trusted Translations\"},\"image\":{\"@id\":\"https:\\\/\\\/www.trustedtranslations.com\\\/it\\\/#\\\/schema\\\/logo\\\/image\\\/\"},\"sameAs\":[\"https:\\\/\\\/www.facebook.com\\\/Trusted.Translations\",\"https:\\\/\\\/x.com\\\/TrustedT9ns\",\"https:\\\/\\\/www.linkedin.com\\\/company\\\/trusted-translations\"]}]}<\/script>\n<!-- \/ Yoast SEO plugin. -->","yoast_head_json":{"title":"Lingua spagnola castigliana: traduzione in spagnolo per l\u2019Europa","description":"Trusted Translations offre servizi di traduzione in spagnolo europeo su misura per le vostre esigenze. Richiedete un preventivo gratuito.","robots":{"index":"index","follow":"follow","max-snippet":"max-snippet:-1","max-image-preview":"max-image-preview:large","max-video-preview":"max-video-preview:-1"},"canonical":"https:\/\/www.trustedtranslations.com\/it\/lingua\/spagnolo\/caratteristiche\/spagnolo-castigliano","og_locale":"it_IT","og_type":"article","og_title":"Lingua spagnola castigliana: traduzione in spagnolo per l\u2019Europa","og_description":"Trusted Translations offre servizi di traduzione in spagnolo europeo su misura per le vostre esigenze. Richiedete un preventivo gratuito.","og_url":"https:\/\/www.trustedtranslations.com\/it\/lingua\/spagnolo\/caratteristiche\/spagnolo-castigliano","og_site_name":"Trusted Translations, Inc.","article_publisher":"https:\/\/www.facebook.com\/Trusted.Translations","article_modified_time":"2024-09-23T20:08:21+00:00","og_image":[{"url":"https:\/\/static.trustedtranslations.com\/wp-content\/uploads\/2022\/08\/TT_NEW_FB-1.png","width":1,"height":1,"type":"image\/jpeg"}],"twitter_card":"summary_large_image","twitter_site":"@TrustedT9ns","schema":{"@context":"https:\/\/schema.org","@graph":[{"@type":"WebPage","@id":"https:\/\/www.trustedtranslations.com\/it\/lingua\/spagnolo\/caratteristiche\/spagnolo-castigliano","url":"https:\/\/www.trustedtranslations.com\/it\/lingua\/spagnolo\/caratteristiche\/spagnolo-castigliano","name":"Lingua spagnola castigliana: traduzione in spagnolo per l\u2019Europa","isPartOf":{"@id":"https:\/\/www.trustedtranslations.com\/it\/#website"},"primaryImageOfPage":{"@id":"https:\/\/www.trustedtranslations.com\/it\/lingua\/spagnolo\/caratteristiche\/spagnolo-castigliano#primaryimage"},"image":{"@id":"https:\/\/www.trustedtranslations.com\/it\/lingua\/spagnolo\/caratteristiche\/spagnolo-castigliano#primaryimage"},"thumbnailUrl":"https:\/\/www.trustedtranslations.com\/wp-content\/uploads\/2022\/08\/TT_NEW_FB-1.png","description":"Trusted Translations offre servizi di traduzione in spagnolo europeo su misura per le vostre esigenze. Richiedete un preventivo gratuito.","breadcrumb":{"@id":"https:\/\/www.trustedtranslations.com\/it\/lingua\/spagnolo\/caratteristiche\/spagnolo-castigliano#breadcrumb"},"inLanguage":"it-IT","potentialAction":[{"@type":"ReadAction","target":["https:\/\/www.trustedtranslations.com\/it\/lingua\/spagnolo\/caratteristiche\/spagnolo-castigliano"]}]},{"@type":"ImageObject","inLanguage":"it-IT","@id":"https:\/\/www.trustedtranslations.com\/it\/lingua\/spagnolo\/caratteristiche\/spagnolo-castigliano#primaryimage","url":"https:\/\/www.trustedtranslations.com\/wp-content\/uploads\/2022\/08\/TT_NEW_FB-1.png","contentUrl":"https:\/\/www.trustedtranslations.com\/wp-content\/uploads\/2022\/08\/TT_NEW_FB-1.png","caption":"TT NEW FB 1"},{"@type":"BreadcrumbList","@id":"https:\/\/www.trustedtranslations.com\/it\/lingua\/spagnolo\/caratteristiche\/spagnolo-castigliano#breadcrumb","itemListElement":[{"@type":"ListItem","position":1,"name":"Home","item":"https:\/\/www.trustedtranslations.com\/it"},{"@type":"ListItem","position":2,"name":"Lingue","item":"https:\/\/www.trustedtranslations.com\/it\/lingua"},{"@type":"ListItem","position":3,"name":"Spagnolo","item":"https:\/\/www.trustedtranslations.com\/it\/lingua\/spagnolo"},{"@type":"ListItem","position":4,"name":"Caratteristiche dello spagnolo","item":"https:\/\/www.trustedtranslations.com\/it\/lingua\/spagnolo\/caratteristiche"},{"@type":"ListItem","position":5,"name":"Spagnolo castigliano"}]},{"@type":"WebSite","@id":"https:\/\/www.trustedtranslations.com\/it\/#website","url":"https:\/\/www.trustedtranslations.com\/it\/","name":"Trusted Translations, Inc.","description":"Leader in translation and interpretation services.","publisher":{"@id":"https:\/\/www.trustedtranslations.com\/it\/#organization"},"alternateName":"Trusted Translations","potentialAction":[{"@type":"SearchAction","target":{"@type":"EntryPoint","urlTemplate":"https:\/\/www.trustedtranslations.com\/it\/?s={search_term_string}"},"query-input":{"@type":"PropertyValueSpecification","valueRequired":true,"valueName":"search_term_string"}}],"inLanguage":"it-IT"},{"@type":"Organization","@id":"https:\/\/www.trustedtranslations.com\/it\/#organization","name":"Trusted Translations","alternateName":"Trusted Translations, Inc.","url":"https:\/\/www.trustedtranslations.com\/it\/","logo":{"@type":"ImageObject","inLanguage":"it-IT","@id":"https:\/\/www.trustedtranslations.com\/it\/#\/schema\/logo\/image\/","url":"https:\/\/static.trustedtranslations.com\/wp-content\/uploads\/2022\/01\/TT_logo_WSIColors-2.png","contentUrl":"https:\/\/static.trustedtranslations.com\/wp-content\/uploads\/2022\/01\/TT_logo_WSIColors-2.png","width":500,"height":196,"caption":"Trusted Translations"},"image":{"@id":"https:\/\/www.trustedtranslations.com\/it\/#\/schema\/logo\/image\/"},"sameAs":["https:\/\/www.facebook.com\/Trusted.Translations","https:\/\/x.com\/TrustedT9ns","https:\/\/www.linkedin.com\/company\/trusted-translations"]}]}},"toolset-meta":{"dyk":{"mensaje-1":{"type":"textfield","raw":"C\u2019\u00e8 una notevole differenza tra lo spagnolo parlato a Citt\u00e0 del Messico o a Madrid."},"mensaje-2":{"type":"textfield","raw":"Lo spagnolo castigliano \u00e8 la lingua ufficiale pi\u00f9 parlata in Spagna."},"mensaje-3":{"type":"textfield","raw":"La Real Academia Espa\u00f1ola \u00e8 stata fondata nel 1713 per aiutare a preservare lo spagnolo castigliano."},"mensaje-4":{"type":"textfield","raw":"Lo spagnolo castigliano si \u00e8 evoluto da un dialetto del latino volgare parlato nella Spagna del XIII secolo."},"mensaje-5":{"type":"textfield","raw":""},"mensaje-6":{"type":"textfield","raw":""}},"single-page-template-fields":{"imgs-temp":{"type":"image","raw":["https:\/\/static.trustedtranslations.com\/wp-content\/uploads\/2024\/06\/castilian-1.webp"],"repeatable":[{"raw":"https:\/\/static.trustedtranslations.com\/wp-content\/uploads\/2024\/06\/castilian-1.webp"}]},"imgs-temp-cel":{"type":"image","raw":[""],"repeatable":[{"raw":""}]},"img-temp-one-cel":{"type":"image","raw":"https:\/\/static.trustedtranslations.com\/wp-content\/uploads\/2024\/06\/AdobeStock_504054687-2-1.webp","attachment_id":null},"quotes":{"type":"textarea","raw":"<h1 style=\"margin-bottom: 12px;\">Traduzione in spagnolo castigliano<\/h1>\r\nSe avete intenzione di espandervi nei mercati in Spagna, \u00e8 essenziale capire cosa comporta lo spagnolo castigliano, noto anche come spagnolo per la Spagna.\r\n<div style=\"margin-top: 2.5vw;\"><a class=\"tt-btn-main-cta\" href=\"https:\/\/www.trustedtranslations.com\/it\/quote\">Richiedi un preventivo gratuito<\/a><\/div>"},"text-1":{"type":"textarea","raw":"<h2>Comprendere le varianti di spagnolo: Informazioni fondamentali sullo spagnolo castigliano per traduzioni accurate<\/h2>Prima di iniziare qualsiasi progetto di traduzione in spagnolo, \u00e8 estremamente importante comprendere le diverse varianti dello spagnolo utilizzate nel mondo.\r\n\r\nInfatti, anche il significato di alcuni termini nel campo della traduzione e delle lingue del mondo pu\u00f2 variare a seconda del contesto.\r\nQui delineiamo alcune delle caratteristiche fondamentali dello spagnolo castigliano, in modo che possiate prendere una decisione informata sulle vostre esigenze di traduzione.\r\n<h2>Cos\u2019\u00e8 lo spagnolo castigliano?<\/h2>\r\nIl termine \u201cspagnolo castigliano\u201d viene comunemente usato per riferirsi allo spagnolo parlato in Spagna, noto anche come \u201cspagnolo europeo\u201d o \u201cspagnolo per la Spagna\u201d. Il nome si riferisce alla provincia storica di Castiglia, nella Spagna centrale, dove si dice abbia avuto origine lo spagnolo e dove la lingua fu presto designata come standard o spagnolo del re.\r\n\r\nIn alcuni paesi, il termine <em>castellano<\/em> viene usato in modo intercambiabile con, o al posto di, <em>espa\u00f1ol<\/em> come nome generico per la lingua spagnola. Allo stesso tempo, \u201cspagnolo castigliano\u201d descrive in modo pi\u00f9 specifico il dialetto parlato nella Spagna centrale e settentrionale (a volte noto come \u201cspagnolo peninsulare\u201d).\r\n\r\nDa un altro punto di vista ancora, alcune organizzazioni e persone utilizzano la dicitura \u201cspagnolo castigliano\u201d per riferirsi a una forma di spagnolo \u201cpuro\u201d o alla lingua spagnola in generale, in una forma compresa in tutti i paesi di lingua spagnola.\r\n\r\nSe questa moltitudine di termini crea confusione, ecco una panoramica dei tipi di spagnolo che lo \u201cspagnolo castigliano\u201d \u00e8 spesso usato per descrivere:\r\n<ul>\r\n \t<li>lo standard centro-settentrionale dello spagnolo, in contrasto con lo spagnolo parlato in altre regioni, come nel sud (andaluso);<\/li>\r\n \t<li>la lingua comune dello stato spagnolo in relazione alle altre lingue co-ufficiali presenti nei vari territori autonomi (catalano, galiziano, basco), secondo l\u2019<a href=\"https:\/\/www.rae.es\/dpd\/espa%C3%B1ol\" target=\"_blank\" rel=\"noopener\">Accademia reale spagnola<\/a> (Real Academia Espa\u00f1ola, o RAE);<\/li>\r\n \t<li>un tipo di spagnolo neutro spesso indicato come spagnolo \u201cpuro\u201d, mantenuto dall\u2019Accademia Reale Spagnola;<\/li>\r\n \t<li>lo spagnolo della Spagna, in contrasto con lo spagnolo parlato in Centro e Sud America.<\/li>\r\n<\/ul>\r\nCome potete vedere da questo elenco, \u00e8 abbastanza comune per i parlanti fare riferimento a questo tipo di spagnolo con significati molto diversi. Tuttavia, potrebbe essere pi\u00f9 efficace pensare al castigliano\/spagnolo europeo come allo \u201cspagnolo per la Spagna\u201d, soprattutto se il vostro obiettivo \u00e8 raggiungere potenziali clienti in Spagna."},"shortcode-map":{"type":"textfield","raw":""},"dyk-shortcode":{"type":"textfield","raw":"[elementor-template id=\"146751\"]"},"text-2":{"type":"textarea","raw":"<h2>Opzioni di traduzione in spagnolo<\/h2>\r\nIn che modo ci\u00f2 influisce sui vostri progetti di traduzione? Noi di <em>Trusted Translations<\/em> normalmente raccomandiamo che le traduzioni in spagnolo vengano redatte in uno spagnolo neutro, ampiamente compreso in tutti i mercati di lingua spagnola. Inoltre, a seconda delle esigenze di ogni cliente, offriamo anche traduzioni in spagnolo per il mercato spagnolo (Spagna), cos\u00ec come per l\u2019America Latina, per gli Stati Uniti o per qualsiasi variante locale dello spagnolo latinoamericano.\r\n\r\nIn breve, possiamo aiutarvi a selezionare le sottigliezze regionali e linguistiche descritte in precedenza per identificare il tipo o i tipi di spagnolo pi\u00f9 adatti ai vostri obiettivi.\r\n<h2>Localizzazione in spagnolo castigliano<\/h2>\r\nSe l\u2019obiettivo principale della vostra organizzazione \u00e8 raggiungere la popolazione di lingua spagnola in Spagna, \u00e8 fondamentale prendere in considerazione la localizzazione dei contenuti in spagnolo castigliano.\r\n\r\nPoich\u00e9 lo spagnolo castigliano non \u00e8 uguale allo spagnolo parlato altrove, la localizzazione \u00e8 importante anche per i contenuti gi\u00e0 presenti in spagnolo.\u00a0Ad esempio, ecco solo alcune delle caratteristiche fondamentali che contraddistinguono lo spagnolo castigliano, ma non tutti gli altri tipi di spagnolo:\r\n<ul>\r\n \t<li>lo spagnolo castigliano ha due opzioni per il pronome della seconda persona plurale, <em>vosotros<\/em> e<\/li>\r\n \t<li>lo spagnolo castigliano preferisce usare il presente perfetto (<em>pret\u00e9rito perfecto<\/em>) per riferirsi a un evento recente, mentre i parlanti latinoamericani tendono a utilizzare il passato semplice.<\/li>\r\n \t<li>nello spagnolo castigliano si tende a pronunciare le lettere <em>z<\/em> e <em>c<\/em> (prima di una <em>e<\/em> o <em>i<\/em>) in modo pi\u00f9 simile alla \u201cth\u201d morbida rispetto ad altre varianti spagnole. Ci\u00f2 crea il suono distintivo a volte stereotipato come \u201clisp\u201d, sebbene questo termine venga considerato un modo inappropriato di caratterizzare quella che \u00e8 una variazione linguistica unica.<\/li>\r\n \t<li>lo spagnolo in altri paesi ha un vocabolario nettamente diverso dallo spagnolo in Spagna. Senza la giusta localizzazione, \u00e8 fin troppo facile creare fraintendimenti involontari o, peggio ancora, offendere gravemente.<\/li>\r\n<\/ul>\r\n\u00c8 anche importante notare che alcuni spagnoli considerano lo spagnolo parlato e scritto al di fuori della Spagna una versione meno \u201cpura\u201d o meno standard della propria lingua. Lavorare con traduttori esperti elimina il rischio di ricevere recensioni negative o di produrre quella che potrebbe essere considerata una traduzione scadente.\r\n\r\n<em>Trusted Translations<\/em> utilizza madrelingua spagnoli provenienti dalla Spagna per modificare i vostri contenuti in spagnolo in modo che rispondano perfettamente alle tendenze e alle sfumature dei mercati locali in Spagna al momento attuale. Con il nostro aiuto, un piccolo investimento nella traduzione in spagnolo castigliano pu\u00f2 fare la differenza per aiutare la vostra organizzazione ad avere successo nel mercato spagnolo europeo."},"state":{"type":"textfield","raw":""},"city":{"type":"textarea","raw":[]}}},"_links":{"self":[{"href":"https:\/\/www.trustedtranslations.com\/it\/wp-json\/wp\/v2\/pages\/181401","targetHints":{"allow":["GET"]}}],"collection":[{"href":"https:\/\/www.trustedtranslations.com\/it\/wp-json\/wp\/v2\/pages"}],"about":[{"href":"https:\/\/www.trustedtranslations.com\/it\/wp-json\/wp\/v2\/types\/page"}],"author":[{"embeddable":true,"href":"https:\/\/www.trustedtranslations.com\/it\/wp-json\/wp\/v2\/users\/1"}],"replies":[{"embeddable":true,"href":"https:\/\/www.trustedtranslations.com\/it\/wp-json\/wp\/v2\/comments?post=181401"}],"version-history":[{"count":0,"href":"https:\/\/www.trustedtranslations.com\/it\/wp-json\/wp\/v2\/pages\/181401\/revisions"}],"up":[{"embeddable":true,"href":"https:\/\/www.trustedtranslations.com\/it\/wp-json\/wp\/v2\/pages\/181411"}],"wp:featuredmedia":[{"embeddable":true,"href":"https:\/\/www.trustedtranslations.com\/it\/wp-json\/wp\/v2\/media\/160117"}],"wp:attachment":[{"href":"https:\/\/www.trustedtranslations.com\/it\/wp-json\/wp\/v2\/media?parent=181401"}],"curies":[{"name":"wp","href":"https:\/\/api.w.org\/{rel}","templated":true}]}}