{"id":181405,"date":"2023-02-01T18:18:37","date_gmt":"2023-02-01T21:18:37","guid":{"rendered":"https:\/\/www.trustedtranslations.com\/?page_id=181405"},"modified":"2024-09-23T17:08:29","modified_gmt":"2024-09-23T20:08:29","slug":"spagnolo-americano","status":"publish","type":"page","link":"https:\/\/www.trustedtranslations.com\/it\/lingua\/spagnolo\/caratteristiche\/spagnolo-americano","title":{"rendered":"Spagnolo americano"},"content":{"rendered":"","protected":false},"excerpt":{"rendered":"","protected":false},"author":1,"featured_media":160117,"parent":181411,"menu_order":0,"comment_status":"closed","ping_status":"closed","template":"","meta":{"site-sidebar-layout":"default","site-content-layout":"default","ast-site-content-layout":"default","site-content-style":"default","site-sidebar-style":"default","ast-global-header-display":"","ast-banner-title-visibility":"","ast-main-header-display":"","ast-hfb-above-header-display":"","ast-hfb-below-header-display":"","ast-hfb-mobile-header-display":"","site-post-title":"disabled","ast-breadcrumbs-content":"","ast-featured-img":"","footer-sml-layout":"","ast-disable-related-posts":"","theme-transparent-header-meta":"default","adv-header-id-meta":"","stick-header-meta":"","header-above-stick-meta":"","header-main-stick-meta":"","header-below-stick-meta":"","astra-migrate-meta-layouts":"set","ast-page-background-enabled":"default","ast-page-background-meta":{"desktop":{"background-color":"var(--ast-global-color-4)","background-image":"","background-repeat":"repeat","background-position":"center center","background-size":"auto","background-attachment":"scroll","background-type":"","background-media":"","overlay-type":"","overlay-color":"","overlay-opacity":"","overlay-gradient":""},"tablet":{"background-color":"","background-image":"","background-repeat":"repeat","background-position":"center center","background-size":"auto","background-attachment":"scroll","background-type":"","background-media":"","overlay-type":"","overlay-color":"","overlay-opacity":"","overlay-gradient":""},"mobile":{"background-color":"","background-image":"","background-repeat":"repeat","background-position":"center center","background-size":"auto","background-attachment":"scroll","background-type":"","background-media":"","overlay-type":"","overlay-color":"","overlay-opacity":"","overlay-gradient":""}},"ast-content-background-meta":{"desktop":{"background-color":"var(--ast-global-color-5)","background-image":"","background-repeat":"repeat","background-position":"center center","background-size":"auto","background-attachment":"scroll","background-type":"","background-media":"","overlay-type":"","overlay-color":"","overlay-opacity":"","overlay-gradient":""},"tablet":{"background-color":"var(--ast-global-color-5)","background-image":"","background-repeat":"repeat","background-position":"center center","background-size":"auto","background-attachment":"scroll","background-type":"","background-media":"","overlay-type":"","overlay-color":"","overlay-opacity":"","overlay-gradient":""},"mobile":{"background-color":"var(--ast-global-color-5)","background-image":"","background-repeat":"repeat","background-position":"center center","background-size":"auto","background-attachment":"scroll","background-type":"","background-media":"","overlay-type":"","overlay-color":"","overlay-opacity":"","overlay-gradient":""}},"footnotes":""},"class_list":["post-181405","page","type-page","status-publish","has-post-thumbnail","hentry"],"yoast_head":"<!-- This site is optimized with the Yoast SEO plugin v27.3 - https:\/\/yoast.com\/product\/yoast-seo-wordpress\/ -->\n<title>Traduzioni in spagnolo americano - Trusted Translations, Inc.<\/title>\n<meta name=\"description\" content=\"Scoprite le caratteristiche uniche dello spagnolo americano con Trusted Translations. Scoprite le sfumature linguistiche e le influenze culturali. Richiedete un preventivo gratuito.\" \/>\n<meta name=\"robots\" content=\"index, follow, max-snippet:-1, max-image-preview:large, max-video-preview:-1\" \/>\n<link rel=\"canonical\" href=\"https:\/\/www.trustedtranslations.com\/it\/lingua\/spagnolo\/caratteristiche\/spagnolo-americano\" \/>\n<meta property=\"og:locale\" content=\"it_IT\" \/>\n<meta property=\"og:type\" content=\"article\" \/>\n<meta property=\"og:title\" content=\"Traduzioni in spagnolo americano - Trusted Translations, Inc.\" \/>\n<meta property=\"og:description\" content=\"Scoprite le caratteristiche uniche dello spagnolo americano con Trusted Translations. Scoprite le sfumature linguistiche e le influenze culturali. Richiedete un preventivo gratuito.\" \/>\n<meta property=\"og:url\" content=\"https:\/\/www.trustedtranslations.com\/it\/lingua\/spagnolo\/caratteristiche\/spagnolo-americano\" \/>\n<meta property=\"og:site_name\" content=\"Trusted Translations, Inc.\" \/>\n<meta property=\"article:publisher\" content=\"https:\/\/www.facebook.com\/Trusted.Translations\" \/>\n<meta property=\"article:modified_time\" content=\"2024-09-23T20:08:29+00:00\" \/>\n<meta property=\"og:image\" content=\"https:\/\/static.trustedtranslations.com\/wp-content\/uploads\/2022\/08\/TT_NEW_FB-1.png\" \/>\n\t<meta property=\"og:image:width\" content=\"1\" \/>\n\t<meta property=\"og:image:height\" content=\"1\" \/>\n\t<meta property=\"og:image:type\" content=\"image\/jpeg\" \/>\n<meta name=\"twitter:card\" content=\"summary_large_image\" \/>\n<meta name=\"twitter:site\" content=\"@TrustedT9ns\" \/>\n<script type=\"application\/ld+json\" class=\"yoast-schema-graph\">{\"@context\":\"https:\\\/\\\/schema.org\",\"@graph\":[{\"@type\":\"WebPage\",\"@id\":\"https:\\\/\\\/www.trustedtranslations.com\\\/it\\\/lingua\\\/spagnolo\\\/caratteristiche\\\/spagnolo-americano\",\"url\":\"https:\\\/\\\/www.trustedtranslations.com\\\/it\\\/lingua\\\/spagnolo\\\/caratteristiche\\\/spagnolo-americano\",\"name\":\"Traduzioni in spagnolo americano - Trusted Translations, Inc.\",\"isPartOf\":{\"@id\":\"https:\\\/\\\/www.trustedtranslations.com\\\/it\\\/#website\"},\"primaryImageOfPage\":{\"@id\":\"https:\\\/\\\/www.trustedtranslations.com\\\/it\\\/lingua\\\/spagnolo\\\/caratteristiche\\\/spagnolo-americano#primaryimage\"},\"image\":{\"@id\":\"https:\\\/\\\/www.trustedtranslations.com\\\/it\\\/lingua\\\/spagnolo\\\/caratteristiche\\\/spagnolo-americano#primaryimage\"},\"thumbnailUrl\":\"https:\\\/\\\/www.trustedtranslations.com\\\/wp-content\\\/uploads\\\/2022\\\/08\\\/TT_NEW_FB-1.png\",\"description\":\"Scoprite le caratteristiche uniche dello spagnolo americano con Trusted Translations. Scoprite le sfumature linguistiche e le influenze culturali. Richiedete un preventivo gratuito.\",\"breadcrumb\":{\"@id\":\"https:\\\/\\\/www.trustedtranslations.com\\\/it\\\/lingua\\\/spagnolo\\\/caratteristiche\\\/spagnolo-americano#breadcrumb\"},\"inLanguage\":\"it-IT\",\"potentialAction\":[{\"@type\":\"ReadAction\",\"target\":[\"https:\\\/\\\/www.trustedtranslations.com\\\/it\\\/lingua\\\/spagnolo\\\/caratteristiche\\\/spagnolo-americano\"]}]},{\"@type\":\"ImageObject\",\"inLanguage\":\"it-IT\",\"@id\":\"https:\\\/\\\/www.trustedtranslations.com\\\/it\\\/lingua\\\/spagnolo\\\/caratteristiche\\\/spagnolo-americano#primaryimage\",\"url\":\"https:\\\/\\\/www.trustedtranslations.com\\\/wp-content\\\/uploads\\\/2022\\\/08\\\/TT_NEW_FB-1.png\",\"contentUrl\":\"https:\\\/\\\/www.trustedtranslations.com\\\/wp-content\\\/uploads\\\/2022\\\/08\\\/TT_NEW_FB-1.png\",\"caption\":\"TT NEW FB 1\"},{\"@type\":\"BreadcrumbList\",\"@id\":\"https:\\\/\\\/www.trustedtranslations.com\\\/it\\\/lingua\\\/spagnolo\\\/caratteristiche\\\/spagnolo-americano#breadcrumb\",\"itemListElement\":[{\"@type\":\"ListItem\",\"position\":1,\"name\":\"Home\",\"item\":\"https:\\\/\\\/www.trustedtranslations.com\\\/it\"},{\"@type\":\"ListItem\",\"position\":2,\"name\":\"Lingue\",\"item\":\"https:\\\/\\\/www.trustedtranslations.com\\\/it\\\/lingua\"},{\"@type\":\"ListItem\",\"position\":3,\"name\":\"Spagnolo\",\"item\":\"https:\\\/\\\/www.trustedtranslations.com\\\/it\\\/lingua\\\/spagnolo\"},{\"@type\":\"ListItem\",\"position\":4,\"name\":\"Caratteristiche dello spagnolo\",\"item\":\"https:\\\/\\\/www.trustedtranslations.com\\\/it\\\/lingua\\\/spagnolo\\\/caratteristiche\"},{\"@type\":\"ListItem\",\"position\":5,\"name\":\"Spagnolo americano\"}]},{\"@type\":\"WebSite\",\"@id\":\"https:\\\/\\\/www.trustedtranslations.com\\\/it\\\/#website\",\"url\":\"https:\\\/\\\/www.trustedtranslations.com\\\/it\\\/\",\"name\":\"Trusted Translations, Inc.\",\"description\":\"Leader in translation and interpretation services.\",\"publisher\":{\"@id\":\"https:\\\/\\\/www.trustedtranslations.com\\\/it\\\/#organization\"},\"alternateName\":\"Trusted Translations\",\"potentialAction\":[{\"@type\":\"SearchAction\",\"target\":{\"@type\":\"EntryPoint\",\"urlTemplate\":\"https:\\\/\\\/www.trustedtranslations.com\\\/it\\\/?s={search_term_string}\"},\"query-input\":{\"@type\":\"PropertyValueSpecification\",\"valueRequired\":true,\"valueName\":\"search_term_string\"}}],\"inLanguage\":\"it-IT\"},{\"@type\":\"Organization\",\"@id\":\"https:\\\/\\\/www.trustedtranslations.com\\\/it\\\/#organization\",\"name\":\"Trusted Translations\",\"alternateName\":\"Trusted Translations, Inc.\",\"url\":\"https:\\\/\\\/www.trustedtranslations.com\\\/it\\\/\",\"logo\":{\"@type\":\"ImageObject\",\"inLanguage\":\"it-IT\",\"@id\":\"https:\\\/\\\/www.trustedtranslations.com\\\/it\\\/#\\\/schema\\\/logo\\\/image\\\/\",\"url\":\"https:\\\/\\\/static.trustedtranslations.com\\\/wp-content\\\/uploads\\\/2022\\\/01\\\/TT_logo_WSIColors-2.png\",\"contentUrl\":\"https:\\\/\\\/static.trustedtranslations.com\\\/wp-content\\\/uploads\\\/2022\\\/01\\\/TT_logo_WSIColors-2.png\",\"width\":500,\"height\":196,\"caption\":\"Trusted Translations\"},\"image\":{\"@id\":\"https:\\\/\\\/www.trustedtranslations.com\\\/it\\\/#\\\/schema\\\/logo\\\/image\\\/\"},\"sameAs\":[\"https:\\\/\\\/www.facebook.com\\\/Trusted.Translations\",\"https:\\\/\\\/x.com\\\/TrustedT9ns\",\"https:\\\/\\\/www.linkedin.com\\\/company\\\/trusted-translations\"]}]}<\/script>\n<!-- \/ Yoast SEO plugin. -->","yoast_head_json":{"title":"Traduzioni in spagnolo americano - Trusted Translations, Inc.","description":"Scoprite le caratteristiche uniche dello spagnolo americano con Trusted Translations. Scoprite le sfumature linguistiche e le influenze culturali. Richiedete un preventivo gratuito.","robots":{"index":"index","follow":"follow","max-snippet":"max-snippet:-1","max-image-preview":"max-image-preview:large","max-video-preview":"max-video-preview:-1"},"canonical":"https:\/\/www.trustedtranslations.com\/it\/lingua\/spagnolo\/caratteristiche\/spagnolo-americano","og_locale":"it_IT","og_type":"article","og_title":"Traduzioni in spagnolo americano - Trusted Translations, Inc.","og_description":"Scoprite le caratteristiche uniche dello spagnolo americano con Trusted Translations. Scoprite le sfumature linguistiche e le influenze culturali. Richiedete un preventivo gratuito.","og_url":"https:\/\/www.trustedtranslations.com\/it\/lingua\/spagnolo\/caratteristiche\/spagnolo-americano","og_site_name":"Trusted Translations, Inc.","article_publisher":"https:\/\/www.facebook.com\/Trusted.Translations","article_modified_time":"2024-09-23T20:08:29+00:00","og_image":[{"url":"https:\/\/static.trustedtranslations.com\/wp-content\/uploads\/2022\/08\/TT_NEW_FB-1.png","width":1,"height":1,"type":"image\/jpeg"}],"twitter_card":"summary_large_image","twitter_site":"@TrustedT9ns","schema":{"@context":"https:\/\/schema.org","@graph":[{"@type":"WebPage","@id":"https:\/\/www.trustedtranslations.com\/it\/lingua\/spagnolo\/caratteristiche\/spagnolo-americano","url":"https:\/\/www.trustedtranslations.com\/it\/lingua\/spagnolo\/caratteristiche\/spagnolo-americano","name":"Traduzioni in spagnolo americano - Trusted Translations, Inc.","isPartOf":{"@id":"https:\/\/www.trustedtranslations.com\/it\/#website"},"primaryImageOfPage":{"@id":"https:\/\/www.trustedtranslations.com\/it\/lingua\/spagnolo\/caratteristiche\/spagnolo-americano#primaryimage"},"image":{"@id":"https:\/\/www.trustedtranslations.com\/it\/lingua\/spagnolo\/caratteristiche\/spagnolo-americano#primaryimage"},"thumbnailUrl":"https:\/\/www.trustedtranslations.com\/wp-content\/uploads\/2022\/08\/TT_NEW_FB-1.png","description":"Scoprite le caratteristiche uniche dello spagnolo americano con Trusted Translations. Scoprite le sfumature linguistiche e le influenze culturali. Richiedete un preventivo gratuito.","breadcrumb":{"@id":"https:\/\/www.trustedtranslations.com\/it\/lingua\/spagnolo\/caratteristiche\/spagnolo-americano#breadcrumb"},"inLanguage":"it-IT","potentialAction":[{"@type":"ReadAction","target":["https:\/\/www.trustedtranslations.com\/it\/lingua\/spagnolo\/caratteristiche\/spagnolo-americano"]}]},{"@type":"ImageObject","inLanguage":"it-IT","@id":"https:\/\/www.trustedtranslations.com\/it\/lingua\/spagnolo\/caratteristiche\/spagnolo-americano#primaryimage","url":"https:\/\/www.trustedtranslations.com\/wp-content\/uploads\/2022\/08\/TT_NEW_FB-1.png","contentUrl":"https:\/\/www.trustedtranslations.com\/wp-content\/uploads\/2022\/08\/TT_NEW_FB-1.png","caption":"TT NEW FB 1"},{"@type":"BreadcrumbList","@id":"https:\/\/www.trustedtranslations.com\/it\/lingua\/spagnolo\/caratteristiche\/spagnolo-americano#breadcrumb","itemListElement":[{"@type":"ListItem","position":1,"name":"Home","item":"https:\/\/www.trustedtranslations.com\/it"},{"@type":"ListItem","position":2,"name":"Lingue","item":"https:\/\/www.trustedtranslations.com\/it\/lingua"},{"@type":"ListItem","position":3,"name":"Spagnolo","item":"https:\/\/www.trustedtranslations.com\/it\/lingua\/spagnolo"},{"@type":"ListItem","position":4,"name":"Caratteristiche dello spagnolo","item":"https:\/\/www.trustedtranslations.com\/it\/lingua\/spagnolo\/caratteristiche"},{"@type":"ListItem","position":5,"name":"Spagnolo americano"}]},{"@type":"WebSite","@id":"https:\/\/www.trustedtranslations.com\/it\/#website","url":"https:\/\/www.trustedtranslations.com\/it\/","name":"Trusted Translations, Inc.","description":"Leader in translation and interpretation services.","publisher":{"@id":"https:\/\/www.trustedtranslations.com\/it\/#organization"},"alternateName":"Trusted Translations","potentialAction":[{"@type":"SearchAction","target":{"@type":"EntryPoint","urlTemplate":"https:\/\/www.trustedtranslations.com\/it\/?s={search_term_string}"},"query-input":{"@type":"PropertyValueSpecification","valueRequired":true,"valueName":"search_term_string"}}],"inLanguage":"it-IT"},{"@type":"Organization","@id":"https:\/\/www.trustedtranslations.com\/it\/#organization","name":"Trusted Translations","alternateName":"Trusted Translations, Inc.","url":"https:\/\/www.trustedtranslations.com\/it\/","logo":{"@type":"ImageObject","inLanguage":"it-IT","@id":"https:\/\/www.trustedtranslations.com\/it\/#\/schema\/logo\/image\/","url":"https:\/\/static.trustedtranslations.com\/wp-content\/uploads\/2022\/01\/TT_logo_WSIColors-2.png","contentUrl":"https:\/\/static.trustedtranslations.com\/wp-content\/uploads\/2022\/01\/TT_logo_WSIColors-2.png","width":500,"height":196,"caption":"Trusted Translations"},"image":{"@id":"https:\/\/www.trustedtranslations.com\/it\/#\/schema\/logo\/image\/"},"sameAs":["https:\/\/www.facebook.com\/Trusted.Translations","https:\/\/x.com\/TrustedT9ns","https:\/\/www.linkedin.com\/company\/trusted-translations"]}]}},"toolset-meta":{"dyk":{"mensaje-1":{"type":"textfield","raw":"L\u201988% degli ispanici residenti negli Stati Uniti apprezza le aziende che si rivolgono loro in spagnolo."},"mensaje-2":{"type":"textfield","raw":"Secondo le previsioni, entro il 2050 negli Stati Uniti una persona su tre parler\u00e0 spagnolo."},"mensaje-3":{"type":"textfield","raw":"Lo spagnolo parlato negli Stati Uniti include molte parole prese in prestito dai media inglesi e dalla cultura pop."},"mensaje-4":{"type":"textfield","raw":"Il mercato spagnolo ha dieci volte pi\u00f9 probabilit\u00e0 di reagire a un sito ben tradotto."},"mensaje-5":{"type":"textfield","raw":""},"mensaje-6":{"type":"textfield","raw":""}},"single-page-template-fields":{"imgs-temp":{"type":"image","raw":["https:\/\/static.trustedtranslations.com\/wp-content\/uploads\/2023\/01\/us-spanish-1.jpg"],"repeatable":[{"raw":"https:\/\/static.trustedtranslations.com\/wp-content\/uploads\/2023\/01\/us-spanish-1.jpg"}]},"imgs-temp-cel":{"type":"image","raw":[""],"repeatable":[{"raw":""}]},"img-temp-one-cel":{"type":"image","raw":"https:\/\/static.trustedtranslations.com\/wp-content\/uploads\/2023\/01\/us-spanish-2-1.jpg","attachment_id":null},"quotes":{"type":"textarea","raw":"<h1 style=\"margin-bottom: 12px;\">Servizi di traduzione in spagnolo americano<\/h1>\r\nDate le dimensioni e l\u2019enorme potere d'acquisto, il mercato ispanico degli Stati Uniti rappresenta un\u2019opportunit\u00e0 che non pu\u00f2 essere ignorata. Il successo in questo mercato richiede la comprensione dei dettagli della lingua spagnola utilizzata negli Stati Uniti.\r\n<div style=\"margin-top: 2.5vw;\"><a class=\"tt-btn-main-cta\" href=\"https:\/\/www.trustedtranslations.com\/it\/quote\">Richiedi un preventivo gratuito<\/a><\/div>"},"text-1":{"type":"textarea","raw":"<h2>Raggiungere il mercato ispanico degli Stati Uniti: la necessit\u00e0 di traduzioni spagnole pertinenti dal punto di vista culturale<\/h2>Nessuna azienda utilizzerebbe contenuti culturalmente specifici per l\u2019Inghilterra, il Canada o l\u2019Australia per rivolgersi agli americani. Perch\u00e9 il mercato ispanico degli Stati Uniti dovrebbe essere diverso, soprattutto considerandone le dimensioni e l\u2019importanza in termini di potere d\u2019acquisto?\r\n\r\nSecondo <a href=\"https:\/\/www.adweek.com\/sponsored\/the-power-of-the-u-s-hispanic-consumer\/\" target=\"_blank\" rel=\"noopener\">studi recenti<\/a>, l\u201988% degli ispanici residenti negli Stati Uniti afferma di apprezzare le aziende che parlano con loro in spagnolo e l\u201987% ritiene che le aziende che si impegnano in modo sincero per investire nelle loro comunit\u00e0 meritino la loro lealt\u00e0. Per essere tra queste aziende e avere successo nel mercato ispanico degli Stati Uniti avete bisogno di traduzioni che possano rivolgersi direttamente a tale pubblico.\r\n<h2>Spagnolo ispanico<\/h2>\r\nCosa significa \u201cispanico\u201d dal punto di vista storico e linguistico? Il termine \u00e8 stato reso popolare per la prima volta nel 1980 dal Censimento degli Stati Uniti, che lo ha utilizzato nel tentativo di classificare i latinoamericani residenti in questo paese. Pi\u00f9 specificamente, il censimento <a href=\"https:\/\/www.pewresearch.org\/fact-tank\/2021\/09\/23\/who-is-hispanic\/\" target=\"_blank\" rel=\"noopener\">cercava di classificare<\/a> \u201cgli americani che si identificano come di origine ispanica e tracciano la loro origine o discendenza da Messico, Porto Rico, Cuba, Centro e Sud America e altri paesi di lingua spagnola\u201d.\r\n\r\nPoich\u00e9 lo spagnolo latinoamericano \u00e8 molto diverso dallo spagnolo della Spagna, questo gruppo demografico parlava gi\u00e0 una tipologia di spagnolo con caratteristiche uniche. Da allora, spagnolo \u201cispanico\u201d \u00e8 diventato un termine generico che indica un mix di varianti linguistiche e culture di oltre venti paesi dell\u2019America Latina.\r\n<h2>Ispanici o latini?<\/h2>\r\nPotreste anche aver sentito gli americani di lingua spagnola usare il termine \u201clatino\u201d o \u201clatina\u201d per descriversi. Anche se alcuni usano \u201cispanico\u201d e \u201clatino\u201d in modo intercambiabile, il termine \u201cispanico\u201d <a href=\"https:\/\/www.cbsnews.com\/news\/hispanic-heritage-month-latino-latinx-terms\/\" target=\"_blank\" rel=\"noopener\">generalmente definisce<\/a> le persone che provengono da paesi di lingua spagnola, mentre \u201clatino\u201d definisce le persone originarie dei paesi dell\u2019America Latina (ma non della Spagna, e non necessariamente di lingua spagnola). Anche se vi concentrate esclusivamente sul mercato ispanico degli Stati Uniti, \u00e8 essenziale essere consapevoli di come questi termini evolvono e cambiano."},"shortcode-map":{"type":"textfield","raw":""},"dyk-shortcode":{"type":"textfield","raw":"[elementor-template id=\"146751\"]"},"text-2":{"type":"textarea","raw":"<h2>La lingua spagnola negli Stati Uniti<\/h2>\r\nLa popolazione di lingua spagnola negli Stati Uniti \u00e8 cresciuta ben oltre gli immigrati di prima generazione provenienti da tutta l\u2019America Latina. Sulla base di un sondaggio del 2020 condotto dallo U.S. Census Bureau, oltre il <a href=\"https:\/\/www.census.gov\/acs\/www\/about\/why-we-ask-each-question\/language\/\" target=\"_blank\" rel=\"noopener\">13,2% dei residenti<\/a> negli Stati Uniti parla spagnolo nel nucleo familiare; tradotto in cifre ci\u00f2 include oltre 41,8 milioni di persone dai cinque anni in su. Si prevede che entro il 2050 una persona su tre negli Stati Uniti parler\u00e0 spagnolo. Da un punto di vista culturale, la lingua spagnola continua a essere una forma essenziale di comunicazione con gli Stati Uniti, anche per i non ispanici e per coloro che potrebbero aver vissuto negli Stati Uniti per tutta la vita.\r\n\r\nLo spagnolo ispanico degli Stati Uniti, come lo spagnolo latinoamericano, differisce dallo spagnolo europeo (Spagna) in diversi modi. Ad esempio, negli Stati Uniti, in spagnolo non si usa la seconda persona plurale <em>vosotros<\/em>, si preferisce il passato semplice al passato prossimo e la lingua \u00e8 fortemente influenzata dall\u2019inglese.\r\n\r\nTuttavia, lo spagnolo degli Stati Uniti \u00e8 anche fortemente influenzato dai media, non solo dai tradizionali media statunitensi in inglese, ma anche dalle principali societ\u00e0 di media in lingua spagnola, come Univision e Telemundo. Lo spagnolo degli Stati Uniti mostra anche un alto livello di mescolanza e variazione dialettale, specialmente nelle grandi citt\u00e0 con molti contatti tra diversi gruppi di immigrati di lingua spagnola.\r\n\r\nTutti questi aspetti vanno presi in considerazione quando si traduce per il mercato ispanico. In parole povere, sarebbe un grave errore di marketing cercare di applicare i contenuti per il mercato spagnolo (cio\u00e8 la Spagna) ai consumatori ispanici piuttosto che adattare il materiale alle loro esigenze distintive.\r\n<h2>Raggiungere il mercato ispanico degli Stati Uniti<\/h2>\r\nA volte \u00e8 necessario localizzare ulteriormente i contenuti per rivolgersi a una particolare regione della popolazione di lingua spagnola negli Stati Uniti.\r\n\r\nIl movimento e la concentrazione di persone di origine latinoamericana negli Stati Uniti sono fenomeni complessi e diversificati, pertanto la soluzione non \u00e8 un approccio uguale per tutti. Ad esempio, gli ispanofoni che vivono a Los Angeles hanno una forte influenza messicana, mentre molti ispanofoni residenti a New York City hanno radici portoricane. Allo stesso modo, un approccio pubblicitario nelle grandi citt\u00e0 come Miami, dove il 90% degli ispanici parla spagnolo nel proprio nucleo familiare, dovr\u00e0 essere diverso da quello utilizzato nelle citt\u00e0 pi\u00f9 piccole o nelle aree rurali\/suburbane.\r\n\r\nInoltre, per i progetti di traduzione \u00e8 meglio lavorare con un team che conosca le tendenze specifiche del mercato ispanico negli Stati Uniti. Ad esempio, i consumatori ispanici sono in <a href=\"https:\/\/www.nielsen.com\/insights\/2014\/digital-es-universal-how-us-hispanics-are-driving-growth-in-digital\/\">prima linea nella crescita digitale<\/a> e nel mercato mobile-first, superando altri settori demografici nel possesso di smartphone e trovandosi in prima linea nell\u2019utilizzo dei social network. \u00c8 anche pi\u00f9 probabile che le decisioni di acquisto degli utenti non ispanici siano influenzate dalla famiglia.\r\n<h2>La necessit\u00e0 di traduzioni spagnole di qualit\u00e0<\/h2>\r\nLa traduzione in spagnolo non \u00e8 pi\u00f9 qualcosa di carino da offrire, bens\u00ec un must. Dopotutto, per i milioni di parlanti spagnoli negli Stati Uniti, traduzioni accurate in spagnolo svolgono un ruolo fondamentale non solo nella vita quotidiana, ma anche nelle comunicazioni relative a sicurezza, salute, settore legale, servizio pubblico e governo. In alcuni casi, come al pronto soccorso, traduzioni corrette possono fare la differenza tra la vita e la morte.\r\n\r\nGli esperti traduttori di lingua spagnola di <em>Trusted Translations<\/em> sono pronti ad aiutarvi a comprendere le tendenze e le sottigliezze linguistiche necessarie per avere successo nel mercato ispanico degli Stati Uniti. Contattateci per saperne di pi\u00f9 sui nostri servizi di traduzione in spagnolo."},"state":{"type":"textfield","raw":""},"city":{"type":"textarea","raw":[]}}},"_links":{"self":[{"href":"https:\/\/www.trustedtranslations.com\/it\/wp-json\/wp\/v2\/pages\/181405","targetHints":{"allow":["GET"]}}],"collection":[{"href":"https:\/\/www.trustedtranslations.com\/it\/wp-json\/wp\/v2\/pages"}],"about":[{"href":"https:\/\/www.trustedtranslations.com\/it\/wp-json\/wp\/v2\/types\/page"}],"author":[{"embeddable":true,"href":"https:\/\/www.trustedtranslations.com\/it\/wp-json\/wp\/v2\/users\/1"}],"replies":[{"embeddable":true,"href":"https:\/\/www.trustedtranslations.com\/it\/wp-json\/wp\/v2\/comments?post=181405"}],"version-history":[{"count":0,"href":"https:\/\/www.trustedtranslations.com\/it\/wp-json\/wp\/v2\/pages\/181405\/revisions"}],"up":[{"embeddable":true,"href":"https:\/\/www.trustedtranslations.com\/it\/wp-json\/wp\/v2\/pages\/181411"}],"wp:featuredmedia":[{"embeddable":true,"href":"https:\/\/www.trustedtranslations.com\/it\/wp-json\/wp\/v2\/media\/160117"}],"wp:attachment":[{"href":"https:\/\/www.trustedtranslations.com\/it\/wp-json\/wp\/v2\/media?parent=181405"}],"curies":[{"name":"wp","href":"https:\/\/api.w.org\/{rel}","templated":true}]}}