{"id":181407,"date":"2023-02-01T18:18:28","date_gmt":"2023-02-01T21:18:28","guid":{"rendered":"https:\/\/www.trustedtranslations.com\/?page_id=181407"},"modified":"2024-09-06T15:46:07","modified_gmt":"2024-09-06T18:46:07","slug":"spagnolo-neutro","status":"publish","type":"page","link":"https:\/\/www.trustedtranslations.com\/it\/lingua\/spagnolo\/caratteristiche\/spagnolo-neutro","title":{"rendered":"Spagnolo neutro"},"content":{"rendered":"","protected":false},"excerpt":{"rendered":"","protected":false},"author":1,"featured_media":160117,"parent":181411,"menu_order":0,"comment_status":"closed","ping_status":"closed","template":"","meta":{"site-sidebar-layout":"default","site-content-layout":"default","ast-site-content-layout":"default","site-content-style":"default","site-sidebar-style":"default","ast-global-header-display":"","ast-banner-title-visibility":"","ast-main-header-display":"","ast-hfb-above-header-display":"","ast-hfb-below-header-display":"","ast-hfb-mobile-header-display":"","site-post-title":"disabled","ast-breadcrumbs-content":"","ast-featured-img":"","footer-sml-layout":"","ast-disable-related-posts":"","theme-transparent-header-meta":"default","adv-header-id-meta":"","stick-header-meta":"","header-above-stick-meta":"","header-main-stick-meta":"","header-below-stick-meta":"","astra-migrate-meta-layouts":"set","ast-page-background-enabled":"default","ast-page-background-meta":{"desktop":{"background-color":"var(--ast-global-color-4)","background-image":"","background-repeat":"repeat","background-position":"center center","background-size":"auto","background-attachment":"scroll","background-type":"","background-media":"","overlay-type":"","overlay-color":"","overlay-opacity":"","overlay-gradient":""},"tablet":{"background-color":"","background-image":"","background-repeat":"repeat","background-position":"center center","background-size":"auto","background-attachment":"scroll","background-type":"","background-media":"","overlay-type":"","overlay-color":"","overlay-opacity":"","overlay-gradient":""},"mobile":{"background-color":"","background-image":"","background-repeat":"repeat","background-position":"center center","background-size":"auto","background-attachment":"scroll","background-type":"","background-media":"","overlay-type":"","overlay-color":"","overlay-opacity":"","overlay-gradient":""}},"ast-content-background-meta":{"desktop":{"background-color":"var(--ast-global-color-5)","background-image":"","background-repeat":"repeat","background-position":"center center","background-size":"auto","background-attachment":"scroll","background-type":"","background-media":"","overlay-type":"","overlay-color":"","overlay-opacity":"","overlay-gradient":""},"tablet":{"background-color":"var(--ast-global-color-5)","background-image":"","background-repeat":"repeat","background-position":"center center","background-size":"auto","background-attachment":"scroll","background-type":"","background-media":"","overlay-type":"","overlay-color":"","overlay-opacity":"","overlay-gradient":""},"mobile":{"background-color":"var(--ast-global-color-5)","background-image":"","background-repeat":"repeat","background-position":"center center","background-size":"auto","background-attachment":"scroll","background-type":"","background-media":"","overlay-type":"","overlay-color":"","overlay-opacity":"","overlay-gradient":""}},"footnotes":""},"class_list":["post-181407","page","type-page","status-publish","has-post-thumbnail","hentry"],"yoast_head":"<!-- This site is optimized with the Yoast SEO plugin v27.5 - https:\/\/yoast.com\/product\/yoast-seo-wordpress\/ -->\n<title>Traduzioni in spagnolo standard - Trusted Translations, Inc.<\/title>\n<meta name=\"description\" content=\"Trusted Translations, Inc. comprende tutte le sfumature dell\u2019utilizzo dello spagnolo neutro. Vi aiuteremo a decidere quando utilizzare lo spagnolo neutro e quando localizzare in spagnolo per un mercato specifico.\" \/>\n<meta name=\"robots\" content=\"index, follow, max-snippet:-1, max-image-preview:large, max-video-preview:-1\" \/>\n<link rel=\"canonical\" href=\"https:\/\/www.trustedtranslations.com\/it\/lingua\/spagnolo\/caratteristiche\/spagnolo-neutro\" \/>\n<meta property=\"og:locale\" content=\"it_IT\" \/>\n<meta property=\"og:type\" content=\"article\" \/>\n<meta property=\"og:title\" content=\"Traduzioni in spagnolo standard - Trusted Translations, Inc.\" \/>\n<meta property=\"og:description\" content=\"Trusted Translations, Inc. comprende tutte le sfumature dell\u2019utilizzo dello spagnolo neutro. Vi aiuteremo a decidere quando utilizzare lo spagnolo neutro e quando localizzare in spagnolo per un mercato specifico.\" \/>\n<meta property=\"og:url\" content=\"https:\/\/www.trustedtranslations.com\/it\/lingua\/spagnolo\/caratteristiche\/spagnolo-neutro\" \/>\n<meta property=\"og:site_name\" content=\"Trusted Translations, Inc.\" \/>\n<meta property=\"article:publisher\" content=\"https:\/\/www.facebook.com\/Trusted.Translations\" \/>\n<meta property=\"article:modified_time\" content=\"2024-09-06T18:46:07+00:00\" \/>\n<meta property=\"og:image\" content=\"https:\/\/static.trustedtranslations.com\/wp-content\/uploads\/2022\/08\/TT_NEW_FB-1.png\" \/>\n\t<meta property=\"og:image:width\" content=\"1\" \/>\n\t<meta property=\"og:image:height\" content=\"1\" \/>\n\t<meta property=\"og:image:type\" content=\"image\/jpeg\" \/>\n<meta name=\"twitter:card\" content=\"summary_large_image\" \/>\n<meta name=\"twitter:site\" content=\"@TrustedT9ns\" \/>\n<script type=\"application\/ld+json\" class=\"yoast-schema-graph\">{\"@context\":\"https:\\\/\\\/schema.org\",\"@graph\":[{\"@type\":\"WebPage\",\"@id\":\"https:\\\/\\\/www.trustedtranslations.com\\\/it\\\/lingua\\\/spagnolo\\\/caratteristiche\\\/spagnolo-neutro\",\"url\":\"https:\\\/\\\/www.trustedtranslations.com\\\/it\\\/lingua\\\/spagnolo\\\/caratteristiche\\\/spagnolo-neutro\",\"name\":\"Traduzioni in spagnolo standard - Trusted Translations, Inc.\",\"isPartOf\":{\"@id\":\"https:\\\/\\\/www.trustedtranslations.com\\\/it\\\/#website\"},\"primaryImageOfPage\":{\"@id\":\"https:\\\/\\\/www.trustedtranslations.com\\\/it\\\/lingua\\\/spagnolo\\\/caratteristiche\\\/spagnolo-neutro#primaryimage\"},\"image\":{\"@id\":\"https:\\\/\\\/www.trustedtranslations.com\\\/it\\\/lingua\\\/spagnolo\\\/caratteristiche\\\/spagnolo-neutro#primaryimage\"},\"thumbnailUrl\":\"https:\\\/\\\/www.trustedtranslations.com\\\/wp-content\\\/uploads\\\/2022\\\/08\\\/TT_NEW_FB-1.png\",\"description\":\"Trusted Translations, Inc. comprende tutte le sfumature dell\u2019utilizzo dello spagnolo neutro. Vi aiuteremo a decidere quando utilizzare lo spagnolo neutro e quando localizzare in spagnolo per un mercato specifico.\",\"breadcrumb\":{\"@id\":\"https:\\\/\\\/www.trustedtranslations.com\\\/it\\\/lingua\\\/spagnolo\\\/caratteristiche\\\/spagnolo-neutro#breadcrumb\"},\"inLanguage\":\"it-IT\",\"potentialAction\":[{\"@type\":\"ReadAction\",\"target\":[\"https:\\\/\\\/www.trustedtranslations.com\\\/it\\\/lingua\\\/spagnolo\\\/caratteristiche\\\/spagnolo-neutro\"]}]},{\"@type\":\"ImageObject\",\"inLanguage\":\"it-IT\",\"@id\":\"https:\\\/\\\/www.trustedtranslations.com\\\/it\\\/lingua\\\/spagnolo\\\/caratteristiche\\\/spagnolo-neutro#primaryimage\",\"url\":\"https:\\\/\\\/www.trustedtranslations.com\\\/wp-content\\\/uploads\\\/2022\\\/08\\\/TT_NEW_FB-1.png\",\"contentUrl\":\"https:\\\/\\\/www.trustedtranslations.com\\\/wp-content\\\/uploads\\\/2022\\\/08\\\/TT_NEW_FB-1.png\",\"caption\":\"TT NEW FB 1\"},{\"@type\":\"BreadcrumbList\",\"@id\":\"https:\\\/\\\/www.trustedtranslations.com\\\/it\\\/lingua\\\/spagnolo\\\/caratteristiche\\\/spagnolo-neutro#breadcrumb\",\"itemListElement\":[{\"@type\":\"ListItem\",\"position\":1,\"name\":\"Home\",\"item\":\"https:\\\/\\\/www.trustedtranslations.com\\\/it\"},{\"@type\":\"ListItem\",\"position\":2,\"name\":\"Lingue\",\"item\":\"https:\\\/\\\/www.trustedtranslations.com\\\/it\\\/lingua\"},{\"@type\":\"ListItem\",\"position\":3,\"name\":\"Spagnolo\",\"item\":\"https:\\\/\\\/www.trustedtranslations.com\\\/it\\\/lingua\\\/spagnolo\"},{\"@type\":\"ListItem\",\"position\":4,\"name\":\"Caratteristiche dello spagnolo\",\"item\":\"https:\\\/\\\/www.trustedtranslations.com\\\/it\\\/lingua\\\/spagnolo\\\/caratteristiche\"},{\"@type\":\"ListItem\",\"position\":5,\"name\":\"Spagnolo neutro\"}]},{\"@type\":\"WebSite\",\"@id\":\"https:\\\/\\\/www.trustedtranslations.com\\\/it\\\/#website\",\"url\":\"https:\\\/\\\/www.trustedtranslations.com\\\/it\\\/\",\"name\":\"Trusted Translations, Inc.\",\"description\":\"Leader in translation and interpretation services.\",\"publisher\":{\"@id\":\"https:\\\/\\\/www.trustedtranslations.com\\\/it\\\/#organization\"},\"alternateName\":\"Trusted Translations\",\"potentialAction\":[{\"@type\":\"SearchAction\",\"target\":{\"@type\":\"EntryPoint\",\"urlTemplate\":\"https:\\\/\\\/www.trustedtranslations.com\\\/it\\\/?s={search_term_string}\"},\"query-input\":{\"@type\":\"PropertyValueSpecification\",\"valueRequired\":true,\"valueName\":\"search_term_string\"}}],\"inLanguage\":\"it-IT\"},{\"@type\":\"Organization\",\"@id\":\"https:\\\/\\\/www.trustedtranslations.com\\\/it\\\/#organization\",\"name\":\"Trusted Translations\",\"alternateName\":\"Trusted Translations, Inc.\",\"url\":\"https:\\\/\\\/www.trustedtranslations.com\\\/it\\\/\",\"logo\":{\"@type\":\"ImageObject\",\"inLanguage\":\"it-IT\",\"@id\":\"https:\\\/\\\/www.trustedtranslations.com\\\/it\\\/#\\\/schema\\\/logo\\\/image\\\/\",\"url\":\"https:\\\/\\\/static.trustedtranslations.com\\\/wp-content\\\/uploads\\\/2022\\\/01\\\/TT_logo_WSIColors-2.png\",\"contentUrl\":\"https:\\\/\\\/static.trustedtranslations.com\\\/wp-content\\\/uploads\\\/2022\\\/01\\\/TT_logo_WSIColors-2.png\",\"width\":500,\"height\":196,\"caption\":\"Trusted Translations\"},\"image\":{\"@id\":\"https:\\\/\\\/www.trustedtranslations.com\\\/it\\\/#\\\/schema\\\/logo\\\/image\\\/\"},\"sameAs\":[\"https:\\\/\\\/www.facebook.com\\\/Trusted.Translations\",\"https:\\\/\\\/x.com\\\/TrustedT9ns\",\"https:\\\/\\\/www.linkedin.com\\\/company\\\/trusted-translations\"]}]}<\/script>\n<!-- \/ Yoast SEO plugin. -->","yoast_head_json":{"title":"Traduzioni in spagnolo standard - Trusted Translations, Inc.","description":"Trusted Translations, Inc. comprende tutte le sfumature dell\u2019utilizzo dello spagnolo neutro. Vi aiuteremo a decidere quando utilizzare lo spagnolo neutro e quando localizzare in spagnolo per un mercato specifico.","robots":{"index":"index","follow":"follow","max-snippet":"max-snippet:-1","max-image-preview":"max-image-preview:large","max-video-preview":"max-video-preview:-1"},"canonical":"https:\/\/www.trustedtranslations.com\/it\/lingua\/spagnolo\/caratteristiche\/spagnolo-neutro","og_locale":"it_IT","og_type":"article","og_title":"Traduzioni in spagnolo standard - Trusted Translations, Inc.","og_description":"Trusted Translations, Inc. comprende tutte le sfumature dell\u2019utilizzo dello spagnolo neutro. Vi aiuteremo a decidere quando utilizzare lo spagnolo neutro e quando localizzare in spagnolo per un mercato specifico.","og_url":"https:\/\/www.trustedtranslations.com\/it\/lingua\/spagnolo\/caratteristiche\/spagnolo-neutro","og_site_name":"Trusted Translations, Inc.","article_publisher":"https:\/\/www.facebook.com\/Trusted.Translations","article_modified_time":"2024-09-06T18:46:07+00:00","og_image":[{"url":"https:\/\/static.trustedtranslations.com\/wp-content\/uploads\/2022\/08\/TT_NEW_FB-1.png","width":1,"height":1,"type":"image\/jpeg"}],"twitter_card":"summary_large_image","twitter_site":"@TrustedT9ns","schema":{"@context":"https:\/\/schema.org","@graph":[{"@type":"WebPage","@id":"https:\/\/www.trustedtranslations.com\/it\/lingua\/spagnolo\/caratteristiche\/spagnolo-neutro","url":"https:\/\/www.trustedtranslations.com\/it\/lingua\/spagnolo\/caratteristiche\/spagnolo-neutro","name":"Traduzioni in spagnolo standard - Trusted Translations, Inc.","isPartOf":{"@id":"https:\/\/www.trustedtranslations.com\/it\/#website"},"primaryImageOfPage":{"@id":"https:\/\/www.trustedtranslations.com\/it\/lingua\/spagnolo\/caratteristiche\/spagnolo-neutro#primaryimage"},"image":{"@id":"https:\/\/www.trustedtranslations.com\/it\/lingua\/spagnolo\/caratteristiche\/spagnolo-neutro#primaryimage"},"thumbnailUrl":"https:\/\/www.trustedtranslations.com\/wp-content\/uploads\/2022\/08\/TT_NEW_FB-1.png","description":"Trusted Translations, Inc. comprende tutte le sfumature dell\u2019utilizzo dello spagnolo neutro. Vi aiuteremo a decidere quando utilizzare lo spagnolo neutro e quando localizzare in spagnolo per un mercato specifico.","breadcrumb":{"@id":"https:\/\/www.trustedtranslations.com\/it\/lingua\/spagnolo\/caratteristiche\/spagnolo-neutro#breadcrumb"},"inLanguage":"it-IT","potentialAction":[{"@type":"ReadAction","target":["https:\/\/www.trustedtranslations.com\/it\/lingua\/spagnolo\/caratteristiche\/spagnolo-neutro"]}]},{"@type":"ImageObject","inLanguage":"it-IT","@id":"https:\/\/www.trustedtranslations.com\/it\/lingua\/spagnolo\/caratteristiche\/spagnolo-neutro#primaryimage","url":"https:\/\/www.trustedtranslations.com\/wp-content\/uploads\/2022\/08\/TT_NEW_FB-1.png","contentUrl":"https:\/\/www.trustedtranslations.com\/wp-content\/uploads\/2022\/08\/TT_NEW_FB-1.png","caption":"TT NEW FB 1"},{"@type":"BreadcrumbList","@id":"https:\/\/www.trustedtranslations.com\/it\/lingua\/spagnolo\/caratteristiche\/spagnolo-neutro#breadcrumb","itemListElement":[{"@type":"ListItem","position":1,"name":"Home","item":"https:\/\/www.trustedtranslations.com\/it"},{"@type":"ListItem","position":2,"name":"Lingue","item":"https:\/\/www.trustedtranslations.com\/it\/lingua"},{"@type":"ListItem","position":3,"name":"Spagnolo","item":"https:\/\/www.trustedtranslations.com\/it\/lingua\/spagnolo"},{"@type":"ListItem","position":4,"name":"Caratteristiche dello spagnolo","item":"https:\/\/www.trustedtranslations.com\/it\/lingua\/spagnolo\/caratteristiche"},{"@type":"ListItem","position":5,"name":"Spagnolo neutro"}]},{"@type":"WebSite","@id":"https:\/\/www.trustedtranslations.com\/it\/#website","url":"https:\/\/www.trustedtranslations.com\/it\/","name":"Trusted Translations, Inc.","description":"Leader in translation and interpretation services.","publisher":{"@id":"https:\/\/www.trustedtranslations.com\/it\/#organization"},"alternateName":"Trusted Translations","potentialAction":[{"@type":"SearchAction","target":{"@type":"EntryPoint","urlTemplate":"https:\/\/www.trustedtranslations.com\/it\/?s={search_term_string}"},"query-input":{"@type":"PropertyValueSpecification","valueRequired":true,"valueName":"search_term_string"}}],"inLanguage":"it-IT"},{"@type":"Organization","@id":"https:\/\/www.trustedtranslations.com\/it\/#organization","name":"Trusted Translations","alternateName":"Trusted Translations, Inc.","url":"https:\/\/www.trustedtranslations.com\/it\/","logo":{"@type":"ImageObject","inLanguage":"it-IT","@id":"https:\/\/www.trustedtranslations.com\/it\/#\/schema\/logo\/image\/","url":"https:\/\/static.trustedtranslations.com\/wp-content\/uploads\/2022\/01\/TT_logo_WSIColors-2.png","contentUrl":"https:\/\/static.trustedtranslations.com\/wp-content\/uploads\/2022\/01\/TT_logo_WSIColors-2.png","width":500,"height":196,"caption":"Trusted Translations"},"image":{"@id":"https:\/\/www.trustedtranslations.com\/it\/#\/schema\/logo\/image\/"},"sameAs":["https:\/\/www.facebook.com\/Trusted.Translations","https:\/\/x.com\/TrustedT9ns","https:\/\/www.linkedin.com\/company\/trusted-translations"]}]}},"toolset-meta":{"dyk":{"mensaje-1":{"type":"textfield","raw":"Lo spagnolo neutro viene utilizzato per consentire alla maggior parte degli utenti di lingua spagnola di comprendere il messaggio."},"mensaje-2":{"type":"textfield","raw":"Le traduzioni in spagnolo neutro ampiamente utilizzabili sono un\u2019opzione conveniente."},"mensaje-3":{"type":"textfield","raw":"Lo spagnolo neutro viene spesso utilizzato per contenuti tecnici e documentazione software."},"mensaje-4":{"type":"textfield","raw":"Lo spagnolo neutro evita i regionalismi e si attiene alle forme pi\u00f9 condivise della grammatica spagnola."},"mensaje-5":{"type":"textfield","raw":""},"mensaje-6":{"type":"textfield","raw":""}},"single-page-template-fields":{"imgs-temp":{"type":"image","raw":["https:\/\/static.trustedtranslations.com\/wp-content\/uploads\/2024\/08\/neutral-spanish-1.webp"],"repeatable":[{"raw":"https:\/\/static.trustedtranslations.com\/wp-content\/uploads\/2024\/08\/neutral-spanish-1.webp"}]},"imgs-temp-cel":{"type":"image","raw":[""],"repeatable":[{"raw":""}]},"img-temp-one-cel":{"type":"image","raw":"https:\/\/static.trustedtranslations.com\/wp-content\/uploads\/2024\/08\/neutral-spanish.webp","attachment_id":null},"quotes":{"type":"textarea","raw":"<h1 style=\"margin-bottom: 12px;\">Traduzione in spagnolo standard<\/h1><p>Se intendete rivolgervi a un pubblico pi\u00f9 ampio di madrelingua spagnoli, <em>Trusted Translations<\/em> pu\u00f2 aiutarvi a utilizzare uno spagnolo neutro accettato e compreso dall\u2019intera popolazione di lingua spagnola.<\/p><div style=\"margin-top: 2.5vw;\"><a class=\"tt-btn-main-cta\" href=\"https:\/\/www.trustedtranslations.com\/it\/quote\">Richiedi un preventivo gratuito<\/a><\/div>"},"text-1":{"type":"textarea","raw":"<h2>Spagnolo standard o variante mirata per una comunicazione efficace<\/h2>Lo spagnolo si \u00e8 evoluto nel corso di migliaia di anni in diversi continenti. Di conseguenza, sono emerse molte varianti e \u201cdialetti\u201d in uso in tutto il mondo, inclusi i 21 paesi in cui lo spagnolo \u00e8 una lingua ufficiale o nazionale. Ci\u00f2 presenta una situazione interessante per chiunque cerchi di rivolgersi al mercato di lingua spagnola.\r\n\r\nDa un lato, si ha l\u2019opportunit\u00e0 di personalizzare (o localizzare) una particolare traduzione per un gruppo, un paese o una regione molto specifici, rendendo pi\u00f9 efficace la comunicazione. D\u2019altra parte, se l\u2019intenzione \u00e8 quella di rivolgersi a un pubblico pi\u00f9 ampio, potrebbe essere preferibile usare uno spagnolo neutro accettato e compreso dall\u2019intera popolazione di lingua spagnola.\r\n<h2>Cos\u2019\u00e8 lo spagnolo neutro?<\/h2>\r\nComunemente indicato come spagnolo standard, spagnolo globale o spagnolo universale, lo \u201cspagnolo neutro\u201d \u00e8 un tipo di spagnolo in cui il maggior numero possibile di termini culturalmente specifici \u00e8 stato rimosso. Riducendo al minimo frasi idiomatiche, variazioni regionali o neologismi (parole appena coniate), lo spagnolo neutro consente al maggior numero di parlanti spagnoli in tutto il mondo di comprendere il messaggio.\r\n\r\nLo spagnolo neutro non \u00e8 esattamente una lingua a s\u00e9 stante; piuttosto, \u00e8 prodotto dai diligenti tentativi di traduttori professionisti di selezionare termini comprensibili alla maggior parte degli ispanofoni in un vasto mercato. Pertanto, \u00e8 importante lavorare con traduttori altamente qualificati e sensibili all\u2019idoneit\u00e0 di ogni parola per un pubblico vasto."},"shortcode-map":{"type":"textfield","raw":""},"dyk-shortcode":{"type":"textfield","raw":"[elementor-template id=\"146751\"]"},"text-2":{"type":"textarea","raw":"<h2>Quando usare lo spagnolo neutro<\/h2>\r\nUna forma universale di spagnolo funziona bene per contenuti che devono raggiungere un pubblico globale, come giornalismo, trasmissioni televisive e altre forme di mass media. In un mondo sempre pi\u00f9 digitalizzato, un numero crescente di organizzazioni presume che i propri contenuti pi\u00f9 critici arriveranno pi\u00f9 lontano che mai.\r\n\r\nLo spagnolo neutro \u00e8 anche particolarmente ideale per contenuti tecnici o scientifici di grandi dimensioni, come manuali o documentazione software. Scritto in un linguaggio semplice e diretto senza molte stranezze culturali, in primo luogo questo tipo di materiale non contiene un numero elevato di espressioni colloquiali o gergali. In effetti, le principali aziende tecnologiche, come Microsoft, hanno investito a lungo in <a href=\"https:\/\/docs.microsoft.com\/en-us\/globalization\/localization\/ministyleguides\/mini-style-guide-spanish-neutral\" target=\"_blank\" rel=\"noopener\">linee guida e glossari per lo spagnolo neutro<\/a>, riconoscendo questo stile come un solido compromesso tra chiarezza diffusa e localizzazione completa.\r\n\r\nInfine, dal punto di vista commerciale, lo spagnolo neutro pu\u00f2 costituire un vantaggio per organizzazioni o singoli soggetti agli esordi. Produrre e testare una traduzione in spagnolo neutro potrebbe essere pi\u00f9 conveniente per la vostra azienda rispetto alla spesa per localizzare il testo per adattarlo a pi\u00f9 paesi di destinazione. Si tratta anche di un ottimo primo passo se intendete localizzare i vostri contenuti in un secondo momento.\r\n<h2>Lo spagnolo neutro \u00e8 la soluzione giusta?<\/h2>\r\nNon esiste una forma perfetta di spagnolo che sia adatta a tutte le situazioni e lo spagnolo neutro non fa eccezione.\r\n\r\nPoich\u00e9 la maggior parte dei suoi regionalismi e idiomi vengono rimossi, alcuni hanno descritto lo spagnolo neutro come piatto, arido o dal tono attenuato. Pubblicit\u00e0 e altri tipi di contenuti di marketing, cos\u00ec come opere creative come film o programmi televisivi, si basano sul suscitare emozioni specifiche nel pubblico; pertanto, lo spagnolo neutro probabilmente non \u00e8 la soluzione migliore per questi progetti. Invece, i contenuti localizzati per un pubblico iper-specifico possono apparire pi\u00f9 personali e significativi.\r\n\r\nSe non siete sicuri che la traduzione in spagnolo neutro sia adatta alle vostre esigenze, <em>Trusted Translations<\/em> pu\u00f2 chiarire i vostri dubbi. A volte forniamo alle aziende prima una traduzione in spagnolo neutro; quindi, a seconda delle esigenze del cliente, possiamo anche aiutarvi a localizzare i contenuti in mercati specifici.\r\n\r\nContattateci per saperne di pi\u00f9 sui nostri servizi di traduzione in spagnolo completi ed economici."},"state":{"type":"textfield","raw":""},"city":{"type":"textarea","raw":[]}}},"_links":{"self":[{"href":"https:\/\/www.trustedtranslations.com\/it\/wp-json\/wp\/v2\/pages\/181407","targetHints":{"allow":["GET"]}}],"collection":[{"href":"https:\/\/www.trustedtranslations.com\/it\/wp-json\/wp\/v2\/pages"}],"about":[{"href":"https:\/\/www.trustedtranslations.com\/it\/wp-json\/wp\/v2\/types\/page"}],"author":[{"embeddable":true,"href":"https:\/\/www.trustedtranslations.com\/it\/wp-json\/wp\/v2\/users\/1"}],"replies":[{"embeddable":true,"href":"https:\/\/www.trustedtranslations.com\/it\/wp-json\/wp\/v2\/comments?post=181407"}],"version-history":[{"count":0,"href":"https:\/\/www.trustedtranslations.com\/it\/wp-json\/wp\/v2\/pages\/181407\/revisions"}],"up":[{"embeddable":true,"href":"https:\/\/www.trustedtranslations.com\/it\/wp-json\/wp\/v2\/pages\/181411"}],"wp:featuredmedia":[{"embeddable":true,"href":"https:\/\/www.trustedtranslations.com\/it\/wp-json\/wp\/v2\/media\/160117"}],"wp:attachment":[{"href":"https:\/\/www.trustedtranslations.com\/it\/wp-json\/wp\/v2\/media?parent=181407"}],"curies":[{"name":"wp","href":"https:\/\/api.w.org\/{rel}","templated":true}]}}