{"id":181409,"date":"2023-02-01T18:18:25","date_gmt":"2023-02-01T21:18:25","guid":{"rendered":"https:\/\/www.trustedtranslations.com\/?page_id=181409"},"modified":"2024-09-23T16:57:19","modified_gmt":"2024-09-23T19:57:19","slug":"latino-americano-spagnolo","status":"publish","type":"page","link":"https:\/\/www.trustedtranslations.com\/it\/lingua\/spagnolo\/caratteristiche\/latino-americano-spagnolo","title":{"rendered":"Spagnolo latinoamericano"},"content":{"rendered":"","protected":false},"excerpt":{"rendered":"","protected":false},"author":1,"featured_media":160117,"parent":181411,"menu_order":0,"comment_status":"closed","ping_status":"closed","template":"","meta":{"site-sidebar-layout":"default","site-content-layout":"default","ast-site-content-layout":"default","site-content-style":"default","site-sidebar-style":"default","ast-global-header-display":"","ast-banner-title-visibility":"","ast-main-header-display":"","ast-hfb-above-header-display":"","ast-hfb-below-header-display":"","ast-hfb-mobile-header-display":"","site-post-title":"disabled","ast-breadcrumbs-content":"","ast-featured-img":"","footer-sml-layout":"","ast-disable-related-posts":"","theme-transparent-header-meta":"default","adv-header-id-meta":"","stick-header-meta":"","header-above-stick-meta":"","header-main-stick-meta":"","header-below-stick-meta":"","astra-migrate-meta-layouts":"set","ast-page-background-enabled":"default","ast-page-background-meta":{"desktop":{"background-color":"var(--ast-global-color-4)","background-image":"","background-repeat":"repeat","background-position":"center center","background-size":"auto","background-attachment":"scroll","background-type":"","background-media":"","overlay-type":"","overlay-color":"","overlay-opacity":"","overlay-gradient":""},"tablet":{"background-color":"","background-image":"","background-repeat":"repeat","background-position":"center center","background-size":"auto","background-attachment":"scroll","background-type":"","background-media":"","overlay-type":"","overlay-color":"","overlay-opacity":"","overlay-gradient":""},"mobile":{"background-color":"","background-image":"","background-repeat":"repeat","background-position":"center center","background-size":"auto","background-attachment":"scroll","background-type":"","background-media":"","overlay-type":"","overlay-color":"","overlay-opacity":"","overlay-gradient":""}},"ast-content-background-meta":{"desktop":{"background-color":"var(--ast-global-color-5)","background-image":"","background-repeat":"repeat","background-position":"center center","background-size":"auto","background-attachment":"scroll","background-type":"","background-media":"","overlay-type":"","overlay-color":"","overlay-opacity":"","overlay-gradient":""},"tablet":{"background-color":"var(--ast-global-color-5)","background-image":"","background-repeat":"repeat","background-position":"center center","background-size":"auto","background-attachment":"scroll","background-type":"","background-media":"","overlay-type":"","overlay-color":"","overlay-opacity":"","overlay-gradient":""},"mobile":{"background-color":"var(--ast-global-color-5)","background-image":"","background-repeat":"repeat","background-position":"center center","background-size":"auto","background-attachment":"scroll","background-type":"","background-media":"","overlay-type":"","overlay-color":"","overlay-opacity":"","overlay-gradient":""}},"footnotes":""},"class_list":["post-181409","page","type-page","status-publish","has-post-thumbnail","hentry"],"yoast_head":"<!-- This site is optimized with the Yoast SEO plugin v27.5 - https:\/\/yoast.com\/product\/yoast-seo-wordpress\/ -->\n<title>Traduzioni in spagnolo latinoamericano - Trusted Translations, inc.<\/title>\n<meta name=\"description\" content=\"Trusted Translations, Inc. \u00e8 specializzata in servizi di traduzione in spagnolo latinoamericano. Richiedi un preventivo o una consulenza gratuita.\" \/>\n<meta name=\"robots\" content=\"index, follow, max-snippet:-1, max-image-preview:large, max-video-preview:-1\" \/>\n<link rel=\"canonical\" href=\"https:\/\/www.trustedtranslations.com\/it\/lingua\/spagnolo\/caratteristiche\/latino-americano-spagnolo\" \/>\n<meta property=\"og:locale\" content=\"it_IT\" \/>\n<meta property=\"og:type\" content=\"article\" \/>\n<meta property=\"og:title\" content=\"Traduzioni in spagnolo latinoamericano - Trusted Translations, inc.\" \/>\n<meta property=\"og:description\" content=\"Trusted Translations, Inc. \u00e8 specializzata in servizi di traduzione in spagnolo latinoamericano. Richiedi un preventivo o una consulenza gratuita.\" \/>\n<meta property=\"og:url\" content=\"https:\/\/www.trustedtranslations.com\/it\/lingua\/spagnolo\/caratteristiche\/latino-americano-spagnolo\" \/>\n<meta property=\"og:site_name\" content=\"Trusted Translations, Inc.\" \/>\n<meta property=\"article:publisher\" content=\"https:\/\/www.facebook.com\/Trusted.Translations\" \/>\n<meta property=\"article:modified_time\" content=\"2024-09-23T19:57:19+00:00\" \/>\n<meta property=\"og:image\" content=\"https:\/\/static.trustedtranslations.com\/wp-content\/uploads\/2022\/08\/TT_NEW_FB-1.png\" \/>\n\t<meta property=\"og:image:width\" content=\"1\" \/>\n\t<meta property=\"og:image:height\" content=\"1\" \/>\n\t<meta property=\"og:image:type\" content=\"image\/jpeg\" \/>\n<meta name=\"twitter:card\" content=\"summary_large_image\" \/>\n<meta name=\"twitter:site\" content=\"@TrustedT9ns\" \/>\n<script type=\"application\/ld+json\" class=\"yoast-schema-graph\">{\"@context\":\"https:\\\/\\\/schema.org\",\"@graph\":[{\"@type\":\"WebPage\",\"@id\":\"https:\\\/\\\/www.trustedtranslations.com\\\/it\\\/lingua\\\/spagnolo\\\/caratteristiche\\\/latino-americano-spagnolo\",\"url\":\"https:\\\/\\\/www.trustedtranslations.com\\\/it\\\/lingua\\\/spagnolo\\\/caratteristiche\\\/latino-americano-spagnolo\",\"name\":\"Traduzioni in spagnolo latinoamericano - Trusted Translations, inc.\",\"isPartOf\":{\"@id\":\"https:\\\/\\\/www.trustedtranslations.com\\\/it\\\/#website\"},\"primaryImageOfPage\":{\"@id\":\"https:\\\/\\\/www.trustedtranslations.com\\\/it\\\/lingua\\\/spagnolo\\\/caratteristiche\\\/latino-americano-spagnolo#primaryimage\"},\"image\":{\"@id\":\"https:\\\/\\\/www.trustedtranslations.com\\\/it\\\/lingua\\\/spagnolo\\\/caratteristiche\\\/latino-americano-spagnolo#primaryimage\"},\"thumbnailUrl\":\"https:\\\/\\\/www.trustedtranslations.com\\\/wp-content\\\/uploads\\\/2022\\\/08\\\/TT_NEW_FB-1.png\",\"description\":\"Trusted Translations, Inc. \u00e8 specializzata in servizi di traduzione in spagnolo latinoamericano. Richiedi un preventivo o una consulenza gratuita.\",\"breadcrumb\":{\"@id\":\"https:\\\/\\\/www.trustedtranslations.com\\\/it\\\/lingua\\\/spagnolo\\\/caratteristiche\\\/latino-americano-spagnolo#breadcrumb\"},\"inLanguage\":\"it-IT\",\"potentialAction\":[{\"@type\":\"ReadAction\",\"target\":[\"https:\\\/\\\/www.trustedtranslations.com\\\/it\\\/lingua\\\/spagnolo\\\/caratteristiche\\\/latino-americano-spagnolo\"]}]},{\"@type\":\"ImageObject\",\"inLanguage\":\"it-IT\",\"@id\":\"https:\\\/\\\/www.trustedtranslations.com\\\/it\\\/lingua\\\/spagnolo\\\/caratteristiche\\\/latino-americano-spagnolo#primaryimage\",\"url\":\"https:\\\/\\\/www.trustedtranslations.com\\\/wp-content\\\/uploads\\\/2022\\\/08\\\/TT_NEW_FB-1.png\",\"contentUrl\":\"https:\\\/\\\/www.trustedtranslations.com\\\/wp-content\\\/uploads\\\/2022\\\/08\\\/TT_NEW_FB-1.png\",\"caption\":\"TT NEW FB 1\"},{\"@type\":\"BreadcrumbList\",\"@id\":\"https:\\\/\\\/www.trustedtranslations.com\\\/it\\\/lingua\\\/spagnolo\\\/caratteristiche\\\/latino-americano-spagnolo#breadcrumb\",\"itemListElement\":[{\"@type\":\"ListItem\",\"position\":1,\"name\":\"Home\",\"item\":\"https:\\\/\\\/www.trustedtranslations.com\\\/it\"},{\"@type\":\"ListItem\",\"position\":2,\"name\":\"Lingue\",\"item\":\"https:\\\/\\\/www.trustedtranslations.com\\\/it\\\/lingua\"},{\"@type\":\"ListItem\",\"position\":3,\"name\":\"Spagnolo\",\"item\":\"https:\\\/\\\/www.trustedtranslations.com\\\/it\\\/lingua\\\/spagnolo\"},{\"@type\":\"ListItem\",\"position\":4,\"name\":\"Caratteristiche dello spagnolo\",\"item\":\"https:\\\/\\\/www.trustedtranslations.com\\\/it\\\/lingua\\\/spagnolo\\\/caratteristiche\"},{\"@type\":\"ListItem\",\"position\":5,\"name\":\"Spagnolo latinoamericano\"}]},{\"@type\":\"WebSite\",\"@id\":\"https:\\\/\\\/www.trustedtranslations.com\\\/it\\\/#website\",\"url\":\"https:\\\/\\\/www.trustedtranslations.com\\\/it\\\/\",\"name\":\"Trusted Translations, Inc.\",\"description\":\"Leader in translation and interpretation services.\",\"publisher\":{\"@id\":\"https:\\\/\\\/www.trustedtranslations.com\\\/it\\\/#organization\"},\"alternateName\":\"Trusted Translations\",\"potentialAction\":[{\"@type\":\"SearchAction\",\"target\":{\"@type\":\"EntryPoint\",\"urlTemplate\":\"https:\\\/\\\/www.trustedtranslations.com\\\/it\\\/?s={search_term_string}\"},\"query-input\":{\"@type\":\"PropertyValueSpecification\",\"valueRequired\":true,\"valueName\":\"search_term_string\"}}],\"inLanguage\":\"it-IT\"},{\"@type\":\"Organization\",\"@id\":\"https:\\\/\\\/www.trustedtranslations.com\\\/it\\\/#organization\",\"name\":\"Trusted Translations\",\"alternateName\":\"Trusted Translations, Inc.\",\"url\":\"https:\\\/\\\/www.trustedtranslations.com\\\/it\\\/\",\"logo\":{\"@type\":\"ImageObject\",\"inLanguage\":\"it-IT\",\"@id\":\"https:\\\/\\\/www.trustedtranslations.com\\\/it\\\/#\\\/schema\\\/logo\\\/image\\\/\",\"url\":\"https:\\\/\\\/static.trustedtranslations.com\\\/wp-content\\\/uploads\\\/2022\\\/01\\\/TT_logo_WSIColors-2.png\",\"contentUrl\":\"https:\\\/\\\/static.trustedtranslations.com\\\/wp-content\\\/uploads\\\/2022\\\/01\\\/TT_logo_WSIColors-2.png\",\"width\":500,\"height\":196,\"caption\":\"Trusted Translations\"},\"image\":{\"@id\":\"https:\\\/\\\/www.trustedtranslations.com\\\/it\\\/#\\\/schema\\\/logo\\\/image\\\/\"},\"sameAs\":[\"https:\\\/\\\/www.facebook.com\\\/Trusted.Translations\",\"https:\\\/\\\/x.com\\\/TrustedT9ns\",\"https:\\\/\\\/www.linkedin.com\\\/company\\\/trusted-translations\"]}]}<\/script>\n<!-- \/ Yoast SEO plugin. -->","yoast_head_json":{"title":"Traduzioni in spagnolo latinoamericano - Trusted Translations, inc.","description":"Trusted Translations, Inc. \u00e8 specializzata in servizi di traduzione in spagnolo latinoamericano. Richiedi un preventivo o una consulenza gratuita.","robots":{"index":"index","follow":"follow","max-snippet":"max-snippet:-1","max-image-preview":"max-image-preview:large","max-video-preview":"max-video-preview:-1"},"canonical":"https:\/\/www.trustedtranslations.com\/it\/lingua\/spagnolo\/caratteristiche\/latino-americano-spagnolo","og_locale":"it_IT","og_type":"article","og_title":"Traduzioni in spagnolo latinoamericano - Trusted Translations, inc.","og_description":"Trusted Translations, Inc. \u00e8 specializzata in servizi di traduzione in spagnolo latinoamericano. Richiedi un preventivo o una consulenza gratuita.","og_url":"https:\/\/www.trustedtranslations.com\/it\/lingua\/spagnolo\/caratteristiche\/latino-americano-spagnolo","og_site_name":"Trusted Translations, Inc.","article_publisher":"https:\/\/www.facebook.com\/Trusted.Translations","article_modified_time":"2024-09-23T19:57:19+00:00","og_image":[{"url":"https:\/\/static.trustedtranslations.com\/wp-content\/uploads\/2022\/08\/TT_NEW_FB-1.png","width":1,"height":1,"type":"image\/jpeg"}],"twitter_card":"summary_large_image","twitter_site":"@TrustedT9ns","schema":{"@context":"https:\/\/schema.org","@graph":[{"@type":"WebPage","@id":"https:\/\/www.trustedtranslations.com\/it\/lingua\/spagnolo\/caratteristiche\/latino-americano-spagnolo","url":"https:\/\/www.trustedtranslations.com\/it\/lingua\/spagnolo\/caratteristiche\/latino-americano-spagnolo","name":"Traduzioni in spagnolo latinoamericano - Trusted Translations, inc.","isPartOf":{"@id":"https:\/\/www.trustedtranslations.com\/it\/#website"},"primaryImageOfPage":{"@id":"https:\/\/www.trustedtranslations.com\/it\/lingua\/spagnolo\/caratteristiche\/latino-americano-spagnolo#primaryimage"},"image":{"@id":"https:\/\/www.trustedtranslations.com\/it\/lingua\/spagnolo\/caratteristiche\/latino-americano-spagnolo#primaryimage"},"thumbnailUrl":"https:\/\/www.trustedtranslations.com\/wp-content\/uploads\/2022\/08\/TT_NEW_FB-1.png","description":"Trusted Translations, Inc. \u00e8 specializzata in servizi di traduzione in spagnolo latinoamericano. Richiedi un preventivo o una consulenza gratuita.","breadcrumb":{"@id":"https:\/\/www.trustedtranslations.com\/it\/lingua\/spagnolo\/caratteristiche\/latino-americano-spagnolo#breadcrumb"},"inLanguage":"it-IT","potentialAction":[{"@type":"ReadAction","target":["https:\/\/www.trustedtranslations.com\/it\/lingua\/spagnolo\/caratteristiche\/latino-americano-spagnolo"]}]},{"@type":"ImageObject","inLanguage":"it-IT","@id":"https:\/\/www.trustedtranslations.com\/it\/lingua\/spagnolo\/caratteristiche\/latino-americano-spagnolo#primaryimage","url":"https:\/\/www.trustedtranslations.com\/wp-content\/uploads\/2022\/08\/TT_NEW_FB-1.png","contentUrl":"https:\/\/www.trustedtranslations.com\/wp-content\/uploads\/2022\/08\/TT_NEW_FB-1.png","caption":"TT NEW FB 1"},{"@type":"BreadcrumbList","@id":"https:\/\/www.trustedtranslations.com\/it\/lingua\/spagnolo\/caratteristiche\/latino-americano-spagnolo#breadcrumb","itemListElement":[{"@type":"ListItem","position":1,"name":"Home","item":"https:\/\/www.trustedtranslations.com\/it"},{"@type":"ListItem","position":2,"name":"Lingue","item":"https:\/\/www.trustedtranslations.com\/it\/lingua"},{"@type":"ListItem","position":3,"name":"Spagnolo","item":"https:\/\/www.trustedtranslations.com\/it\/lingua\/spagnolo"},{"@type":"ListItem","position":4,"name":"Caratteristiche dello spagnolo","item":"https:\/\/www.trustedtranslations.com\/it\/lingua\/spagnolo\/caratteristiche"},{"@type":"ListItem","position":5,"name":"Spagnolo latinoamericano"}]},{"@type":"WebSite","@id":"https:\/\/www.trustedtranslations.com\/it\/#website","url":"https:\/\/www.trustedtranslations.com\/it\/","name":"Trusted Translations, Inc.","description":"Leader in translation and interpretation services.","publisher":{"@id":"https:\/\/www.trustedtranslations.com\/it\/#organization"},"alternateName":"Trusted Translations","potentialAction":[{"@type":"SearchAction","target":{"@type":"EntryPoint","urlTemplate":"https:\/\/www.trustedtranslations.com\/it\/?s={search_term_string}"},"query-input":{"@type":"PropertyValueSpecification","valueRequired":true,"valueName":"search_term_string"}}],"inLanguage":"it-IT"},{"@type":"Organization","@id":"https:\/\/www.trustedtranslations.com\/it\/#organization","name":"Trusted Translations","alternateName":"Trusted Translations, Inc.","url":"https:\/\/www.trustedtranslations.com\/it\/","logo":{"@type":"ImageObject","inLanguage":"it-IT","@id":"https:\/\/www.trustedtranslations.com\/it\/#\/schema\/logo\/image\/","url":"https:\/\/static.trustedtranslations.com\/wp-content\/uploads\/2022\/01\/TT_logo_WSIColors-2.png","contentUrl":"https:\/\/static.trustedtranslations.com\/wp-content\/uploads\/2022\/01\/TT_logo_WSIColors-2.png","width":500,"height":196,"caption":"Trusted Translations"},"image":{"@id":"https:\/\/www.trustedtranslations.com\/it\/#\/schema\/logo\/image\/"},"sameAs":["https:\/\/www.facebook.com\/Trusted.Translations","https:\/\/x.com\/TrustedT9ns","https:\/\/www.linkedin.com\/company\/trusted-translations"]}]}},"toolset-meta":{"dyk":{"mensaje-1":{"type":"textfield","raw":"Lo spagnolo parlato in America Latina \u00e8 influenzato dai media inglesi e dalle lingue indigene."},"mensaje-2":{"type":"textfield","raw":"In molti paesi latinoamericani ci si rivolge agli altri con vos anzich\u00e9 t\u00fa."},"mensaje-3":{"type":"textfield","raw":"Gli esploratori andalusi hanno influenzato la pronuncia dello spagnolo latinoamericano."},"mensaje-4":{"type":"textfield","raw":"In America Latina sono presenti almeno 12 varianti principali dello spagnolo."},"mensaje-5":{"type":"textfield","raw":""},"mensaje-6":{"type":"textfield","raw":""}},"single-page-template-fields":{"imgs-temp":{"type":"image","raw":["https:\/\/static.trustedtranslations.com\/wp-content\/uploads\/2024\/07\/latin-american-1.webp"],"repeatable":[{"raw":"https:\/\/static.trustedtranslations.com\/wp-content\/uploads\/2024\/07\/latin-american-1.webp"}]},"imgs-temp-cel":{"type":"image","raw":[""],"repeatable":[{"raw":""}]},"img-temp-one-cel":{"type":"image","raw":"https:\/\/static.trustedtranslations.com\/wp-content\/uploads\/2024\/07\/latin-american-1res.webp","attachment_id":null},"quotes":{"type":"textarea","raw":"<h1 style=\"margin-bottom: 12px;\">Traduzione in spagnolo latinoamericano<\/h1><p>Conoscere le differenze tra spagnolo latinoamericano e castigliano \u00e8 fondamentale per avere successo nei mercati emergenti dell\u2019America Latina. <em>Trusted Translations\u00a0<\/em>offre traduttori madrelingua latinoamericani di lingua spagnola per soddisfare tutte le vostre esigenze di traduzione.<\/p><div style=\"margin-top: 2.5vw;\"><a class=\"tt-btn-main-cta\" href=\"https:\/\/www.trustedtranslations.com\/it\/quote\">Richiedi un preventivo gratuito<\/a><\/div>"},"text-1":{"type":"textarea","raw":"<h2>La necessit\u00e0 di traduzioni in spagnolo mirate nei mercati emergenti<\/h2>L\u2019America Latina \u00e8 stata descritta come una delle \u201cfrontiere di crescita\u201d pi\u00f9 promettenti al mondo, una regione ricca di mercati emergenti che detengono un enorme potenziale per gli investimenti e le imprese globali.\r\n\r\nAd esempio, l\u2019America Latina ospita il Mercosur, un blocco commerciale composto da Argentina, Paraguay, Brasile e Uruguay che costituisce la <a href=\"https:\/\/www.mercosur.int\/en\/\" target=\"_blank\" rel=\"noopener\">quinta economia pi\u00f9 grande al mondo<\/a> e che ha registrato un PIL di circa 4,6 trilioni di dollari USD nel 2019. Essendo la <a href=\"https:\/\/news.crunchbase.com\/startups\/latin-america-venture-growth-startups-2021-monthly-recap\/\" target=\"_blank\" rel=\"noopener\">regione in pi\u00f9 rapida crescita al mondo per le startup<\/a>, l\u2019America Latina offre anche mercati in rapida crescita in settori come tecnologia finanziaria, giochi mobili, e-commerce, sanit\u00e0 e molto altro ancora.\r\n\r\nAncora pi\u00f9 importante, degli oltre 500 milioni di persone in tutto il mondo che parlano spagnolo come lingua madre, pi\u00f9 di 300 milioni risiedono in America Latina. Per raggiungere questi mercati emergenti \u00e8 necessaria una traduzione accurata in spagnolo latinoamericano.\r\n<h2>Cos\u2019\u00e8 lo spagnolo latinoamericano?<\/h2>\r\nPer cominciare, \u201cspagnolo latinoamericano\u201d \u00e8 il termine ampio e un po' arbitrario utilizzato per indicare le molte variet\u00e0 di spagnolo utilizzate in tutto il Sudamerica, ognuna con le proprie espressioni idiomatiche e un lessico specifico. Il termine viene spesso utilizzato per differenziare lo spagnolo latinoamericano dallo spagnolo castigliano, cio\u00e8 la principale forma di spagnolo usata in Spagna.\r\n\r\nCosa rende diverso lo spagnolo latinoamericano? Ecco tre degli aspetti principali che potrebbero influenzare maggiormente i progetti di traduzione in spagnolo per l\u2019America Latina.\r\n<h2>Uso dei mass media<\/h2>\r\nSebbene lo spagnolo latinoamericano e lo spagnolo castigliano siano mutuamente intelligibili, proprio come gli anglofoni negli Stati Uniti e gli anglofoni britannici possono capirsi a vicenda, il loro utilizzo nei settori dei media \u00e8 diverso. Ad esempio, lo \u201cstandard\u201d latinoamericano si discosta dal registro \u201cstandard\u201d castigliano generalmente utilizzato in televisione e, in particolare, nel settore del <a href=\"https:\/\/www.trustedtranslations.com\/it\/servizi\/human\/multimedia\" target=\"_blank\" rel=\"noopener\">doppiaggio<\/a> video. Dovrete conoscere le norme pi\u00f9 aggiornate per il vostro specifico settore e il tipo di traduzione desiderato.\r\n<h2>Grammatica e pronuncia<\/h2>\r\nLa ricca storia dell\u2019America Latina nel corso dei secoli, con la colonizzazione post-spagnola, ha portato a numerose differenze linguistiche tra queste regioni. Ad esempio, lo spagnolo latinoamericano non usa il pronome plurale di seconda persona <em>vosotros<\/em>, comunemente utilizzato in Spagna.\r\n\r\nAl contrario, i parlanti latinoamericani (a seconda del paese) usano <em>vos<\/em> come pronome singolare di seconda persona, invece di <em>t<\/em><em>\u00fa<\/em>. Questo fenomeno, denominato <em>voseo<\/em>, \u00e8 diffuso in Argentina, Uruguay, Paraguay, El Salvador e altri paesi, dove \u00e8 la norma non solo nelle conversazioni ma anche nella pubblicit\u00e0, nella stampa e altrove."},"shortcode-map":{"type":"textfield","raw":""},"dyk-shortcode":{"type":"textfield","raw":"[elementor-template id=\"146751\"]"},"text-2":{"type":"textarea","raw":"<h2>Differenze lessicali<\/h2>\r\nL\u2019influenza dell\u2019inglese \u00e8 particolarmente evidente nelle differenze lessicali tra lo spagnolo latinoamericano e lo spagnolo castigliano. In America Latina sono comuni i prestiti linguistici, ovvero parole prese direttamente dall\u2019inglese senza tradurre o adattare l\u2019ortografia alle norme linguistiche tradizionali.\r\n\r\nPer le organizzazioni che lavorano su traduzioni tecniche, queste modifiche possono avere un impatto significativo, soprattutto per i termini tecnici adottati di recente. Ad esempio, gli spagnoli latinoamericani useranno la parola email o e-mail, anzich\u00e9 la traduzione pi\u00f9 letterale, <em>correo electr\u00f3nico<\/em>, usata in Spagna. Allo stesso modo, in America Latina, un oratore direbbe <em>la computadora<\/em> (computer); in Spagna, questa parola verrebbe tradotta come <em>el ordenador<\/em>. Ogni traduzione apparirebbe bizzarra agli utenti dell\u2019altra regione.\r\n\r\n\u00c8 necessario prestare attenzione anche quando l\u2019inglese non \u00e8 la causa di una differenza di vocabolario: varie parole ordinarie in un tipo di spagnolo hanno connotazioni altamente offensive in altri! Per evitare errori accidentali o terribili passi falsi, lavorate con traduttori fluenti nel gergo, nello slang e negli idiomi culturali della vostra regione di destinazione.\r\n<h2>Diversi tipi di spagnolo latinoamericano<\/h2>\r\nLo spagnolo \u00e8 una lingua ufficiale o nazionale in 21 paesi in tutto il mondo, con una notevole variet\u00e0 ben evidenziata nella diversit\u00e0 in America Latina. La differenza tra lo spagnolo parlato a Citt\u00e0 del Messico e lo spagnolo parlato a Buenos Aires \u00e8 significativa tanto quanto le differenze tra lo spagnolo di entrambi i paesi e quello parlato a Madrid.\r\n\r\nInoltre, ogni paese latinoamericano presenta variazioni interne di accento e dialetto, ognuna influenzata dalla storia, dalla geografia e dalla cultura, incluso il contatto con le lingue indigene oltre che con l\u2019inglese. Pertanto, \u00e8 essenziale comprendere il pubblico di destinazione dei propri contenuti e utilizzare madrelingua spagnoli latinoamericani per i propri progetti di traduzione.\r\n<h2>Scegliere la giusta localizzazione in spagnolo<\/h2>\r\nQuindi, come si fa a identificare la localizzazione in spagnolo pi\u00f9 adatta per la propria azienda? I traduttori di <em>Trusted Translations<\/em> conoscono a fondo le sfumature della traduzione di contenuti in spagnolo latinoamericano.\r\n\r\nCome parte del nostro processo di valutazione iniziale, i nostri esperti vi aiuteranno a scegliere la miglior variante di spagnolo in base alle vostre particolari esigenze di comunicazione, all\u2019obiettivo dell\u2019azienda, al budget e al pubblico a cui desiderate rivolgervi. Si potrebbe iniziare con una traduzione in spagnolo neutro che risulti comprensibile in tutta l\u2019America Latina; potremo quindi lavorare con voi alla localizzazione in regioni pi\u00f9 specifiche.\r\n\r\nCon una vasta rete di traduttori spagnoli latinoamericani bilingue in loco, <em>Trusted Translations<\/em> \u00e8 il partner di traduzione scelto dalle pi\u00f9 prestigiose organizzazioni di tutto il mondo. Contattateci oggi stesso per saperne di pi\u00f9 sulle nostre soluzioni economiche per la traduzione in spagnolo latinoamericano."},"state":{"type":"textfield","raw":""},"city":{"type":"textarea","raw":[]}}},"_links":{"self":[{"href":"https:\/\/www.trustedtranslations.com\/it\/wp-json\/wp\/v2\/pages\/181409","targetHints":{"allow":["GET"]}}],"collection":[{"href":"https:\/\/www.trustedtranslations.com\/it\/wp-json\/wp\/v2\/pages"}],"about":[{"href":"https:\/\/www.trustedtranslations.com\/it\/wp-json\/wp\/v2\/types\/page"}],"author":[{"embeddable":true,"href":"https:\/\/www.trustedtranslations.com\/it\/wp-json\/wp\/v2\/users\/1"}],"replies":[{"embeddable":true,"href":"https:\/\/www.trustedtranslations.com\/it\/wp-json\/wp\/v2\/comments?post=181409"}],"version-history":[{"count":0,"href":"https:\/\/www.trustedtranslations.com\/it\/wp-json\/wp\/v2\/pages\/181409\/revisions"}],"up":[{"embeddable":true,"href":"https:\/\/www.trustedtranslations.com\/it\/wp-json\/wp\/v2\/pages\/181411"}],"wp:featuredmedia":[{"embeddable":true,"href":"https:\/\/www.trustedtranslations.com\/it\/wp-json\/wp\/v2\/media\/160117"}],"wp:attachment":[{"href":"https:\/\/www.trustedtranslations.com\/it\/wp-json\/wp\/v2\/media?parent=181409"}],"curies":[{"name":"wp","href":"https:\/\/api.w.org\/{rel}","templated":true}]}}