{"id":181413,"date":"2023-02-01T18:18:45","date_gmt":"2023-02-01T21:18:45","guid":{"rendered":"https:\/\/www.trustedtranslations.com\/?page_id=181413"},"modified":"2024-09-23T17:08:03","modified_gmt":"2024-09-23T20:08:03","slug":"traduttori-in-lingua-spagnola","status":"publish","type":"page","link":"https:\/\/www.trustedtranslations.com\/it\/lingua\/spagnolo\/traduttori-in-lingua-spagnola","title":{"rendered":"Traduttori in lingua spagnola"},"content":{"rendered":"","protected":false},"excerpt":{"rendered":"","protected":false},"author":1,"featured_media":160117,"parent":123258,"menu_order":0,"comment_status":"closed","ping_status":"closed","template":"","meta":{"site-sidebar-layout":"default","site-content-layout":"default","ast-site-content-layout":"default","site-content-style":"default","site-sidebar-style":"default","ast-global-header-display":"","ast-banner-title-visibility":"","ast-main-header-display":"","ast-hfb-above-header-display":"","ast-hfb-below-header-display":"","ast-hfb-mobile-header-display":"","site-post-title":"disabled","ast-breadcrumbs-content":"","ast-featured-img":"","footer-sml-layout":"","ast-disable-related-posts":"","theme-transparent-header-meta":"default","adv-header-id-meta":"","stick-header-meta":"","header-above-stick-meta":"","header-main-stick-meta":"","header-below-stick-meta":"","astra-migrate-meta-layouts":"set","ast-page-background-enabled":"default","ast-page-background-meta":{"desktop":{"background-color":"var(--ast-global-color-4)","background-image":"","background-repeat":"repeat","background-position":"center center","background-size":"auto","background-attachment":"scroll","background-type":"","background-media":"","overlay-type":"","overlay-color":"","overlay-opacity":"","overlay-gradient":""},"tablet":{"background-color":"","background-image":"","background-repeat":"repeat","background-position":"center center","background-size":"auto","background-attachment":"scroll","background-type":"","background-media":"","overlay-type":"","overlay-color":"","overlay-opacity":"","overlay-gradient":""},"mobile":{"background-color":"","background-image":"","background-repeat":"repeat","background-position":"center center","background-size":"auto","background-attachment":"scroll","background-type":"","background-media":"","overlay-type":"","overlay-color":"","overlay-opacity":"","overlay-gradient":""}},"ast-content-background-meta":{"desktop":{"background-color":"var(--ast-global-color-5)","background-image":"","background-repeat":"repeat","background-position":"center center","background-size":"auto","background-attachment":"scroll","background-type":"","background-media":"","overlay-type":"","overlay-color":"","overlay-opacity":"","overlay-gradient":""},"tablet":{"background-color":"var(--ast-global-color-5)","background-image":"","background-repeat":"repeat","background-position":"center center","background-size":"auto","background-attachment":"scroll","background-type":"","background-media":"","overlay-type":"","overlay-color":"","overlay-opacity":"","overlay-gradient":""},"mobile":{"background-color":"var(--ast-global-color-5)","background-image":"","background-repeat":"repeat","background-position":"center center","background-size":"auto","background-attachment":"scroll","background-type":"","background-media":"","overlay-type":"","overlay-color":"","overlay-opacity":"","overlay-gradient":""}},"footnotes":""},"class_list":["post-181413","page","type-page","status-publish","has-post-thumbnail","hentry"],"yoast_head":"<!-- This site is optimized with the Yoast SEO plugin v27.5 - https:\/\/yoast.com\/product\/yoast-seo-wordpress\/ -->\n<title>Traduttori spagnoli madrelingua - Trusted Translations, Inc.<\/title>\n<meta name=\"description\" content=\"Trusted Translations offre servizi di traduzione professionale in spagnolo. I traduttori madrelingua forniscono traduzioni accurate e rilevanti dal punto di vista culturale. Richiedete un preventivo gratuito.\" \/>\n<meta name=\"robots\" content=\"index, follow, max-snippet:-1, max-image-preview:large, max-video-preview:-1\" \/>\n<link rel=\"canonical\" href=\"https:\/\/www.trustedtranslations.com\/it\/lingua\/spagnolo\/traduttori-in-lingua-spagnola\" \/>\n<meta property=\"og:locale\" content=\"it_IT\" \/>\n<meta property=\"og:type\" content=\"article\" \/>\n<meta property=\"og:title\" content=\"Traduttori spagnoli madrelingua - Trusted Translations, Inc.\" \/>\n<meta property=\"og:description\" content=\"Trusted Translations offre servizi di traduzione professionale in spagnolo. I traduttori madrelingua forniscono traduzioni accurate e rilevanti dal punto di vista culturale. Richiedete un preventivo gratuito.\" \/>\n<meta property=\"og:url\" content=\"https:\/\/www.trustedtranslations.com\/it\/lingua\/spagnolo\/traduttori-in-lingua-spagnola\" \/>\n<meta property=\"og:site_name\" content=\"Trusted Translations, Inc.\" \/>\n<meta property=\"article:publisher\" content=\"https:\/\/www.facebook.com\/Trusted.Translations\" \/>\n<meta property=\"article:modified_time\" content=\"2024-09-23T20:08:03+00:00\" \/>\n<meta property=\"og:image\" content=\"https:\/\/static.trustedtranslations.com\/wp-content\/uploads\/2022\/08\/TT_NEW_FB-1.png\" \/>\n\t<meta property=\"og:image:width\" content=\"1\" \/>\n\t<meta property=\"og:image:height\" content=\"1\" \/>\n\t<meta property=\"og:image:type\" content=\"image\/jpeg\" \/>\n<meta name=\"twitter:card\" content=\"summary_large_image\" \/>\n<meta name=\"twitter:site\" content=\"@TrustedT9ns\" \/>\n<script type=\"application\/ld+json\" class=\"yoast-schema-graph\">{\"@context\":\"https:\\\/\\\/schema.org\",\"@graph\":[{\"@type\":\"WebPage\",\"@id\":\"https:\\\/\\\/www.trustedtranslations.com\\\/it\\\/lingua\\\/spagnolo\\\/traduttori-in-lingua-spagnola\",\"url\":\"https:\\\/\\\/www.trustedtranslations.com\\\/it\\\/lingua\\\/spagnolo\\\/traduttori-in-lingua-spagnola\",\"name\":\"Traduttori spagnoli madrelingua - Trusted Translations, Inc.\",\"isPartOf\":{\"@id\":\"https:\\\/\\\/www.trustedtranslations.com\\\/it\\\/#website\"},\"primaryImageOfPage\":{\"@id\":\"https:\\\/\\\/www.trustedtranslations.com\\\/it\\\/lingua\\\/spagnolo\\\/traduttori-in-lingua-spagnola#primaryimage\"},\"image\":{\"@id\":\"https:\\\/\\\/www.trustedtranslations.com\\\/it\\\/lingua\\\/spagnolo\\\/traduttori-in-lingua-spagnola#primaryimage\"},\"thumbnailUrl\":\"https:\\\/\\\/www.trustedtranslations.com\\\/wp-content\\\/uploads\\\/2022\\\/08\\\/TT_NEW_FB-1.png\",\"description\":\"Trusted Translations offre servizi di traduzione professionale in spagnolo. I traduttori madrelingua forniscono traduzioni accurate e rilevanti dal punto di vista culturale. Richiedete un preventivo gratuito.\",\"breadcrumb\":{\"@id\":\"https:\\\/\\\/www.trustedtranslations.com\\\/it\\\/lingua\\\/spagnolo\\\/traduttori-in-lingua-spagnola#breadcrumb\"},\"inLanguage\":\"it-IT\",\"potentialAction\":[{\"@type\":\"ReadAction\",\"target\":[\"https:\\\/\\\/www.trustedtranslations.com\\\/it\\\/lingua\\\/spagnolo\\\/traduttori-in-lingua-spagnola\"]}]},{\"@type\":\"ImageObject\",\"inLanguage\":\"it-IT\",\"@id\":\"https:\\\/\\\/www.trustedtranslations.com\\\/it\\\/lingua\\\/spagnolo\\\/traduttori-in-lingua-spagnola#primaryimage\",\"url\":\"https:\\\/\\\/www.trustedtranslations.com\\\/wp-content\\\/uploads\\\/2022\\\/08\\\/TT_NEW_FB-1.png\",\"contentUrl\":\"https:\\\/\\\/www.trustedtranslations.com\\\/wp-content\\\/uploads\\\/2022\\\/08\\\/TT_NEW_FB-1.png\",\"caption\":\"TT NEW FB 1\"},{\"@type\":\"BreadcrumbList\",\"@id\":\"https:\\\/\\\/www.trustedtranslations.com\\\/it\\\/lingua\\\/spagnolo\\\/traduttori-in-lingua-spagnola#breadcrumb\",\"itemListElement\":[{\"@type\":\"ListItem\",\"position\":1,\"name\":\"Home\",\"item\":\"https:\\\/\\\/www.trustedtranslations.com\\\/it\"},{\"@type\":\"ListItem\",\"position\":2,\"name\":\"Lingue\",\"item\":\"https:\\\/\\\/www.trustedtranslations.com\\\/it\\\/lingua\"},{\"@type\":\"ListItem\",\"position\":3,\"name\":\"Spagnolo\",\"item\":\"https:\\\/\\\/www.trustedtranslations.com\\\/it\\\/lingua\\\/spagnolo\"},{\"@type\":\"ListItem\",\"position\":4,\"name\":\"Traduttori in lingua spagnola\"}]},{\"@type\":\"WebSite\",\"@id\":\"https:\\\/\\\/www.trustedtranslations.com\\\/it\\\/#website\",\"url\":\"https:\\\/\\\/www.trustedtranslations.com\\\/it\\\/\",\"name\":\"Trusted Translations, Inc.\",\"description\":\"Leader in translation and interpretation services.\",\"publisher\":{\"@id\":\"https:\\\/\\\/www.trustedtranslations.com\\\/it\\\/#organization\"},\"alternateName\":\"Trusted Translations\",\"potentialAction\":[{\"@type\":\"SearchAction\",\"target\":{\"@type\":\"EntryPoint\",\"urlTemplate\":\"https:\\\/\\\/www.trustedtranslations.com\\\/it\\\/?s={search_term_string}\"},\"query-input\":{\"@type\":\"PropertyValueSpecification\",\"valueRequired\":true,\"valueName\":\"search_term_string\"}}],\"inLanguage\":\"it-IT\"},{\"@type\":\"Organization\",\"@id\":\"https:\\\/\\\/www.trustedtranslations.com\\\/it\\\/#organization\",\"name\":\"Trusted Translations\",\"alternateName\":\"Trusted Translations, Inc.\",\"url\":\"https:\\\/\\\/www.trustedtranslations.com\\\/it\\\/\",\"logo\":{\"@type\":\"ImageObject\",\"inLanguage\":\"it-IT\",\"@id\":\"https:\\\/\\\/www.trustedtranslations.com\\\/it\\\/#\\\/schema\\\/logo\\\/image\\\/\",\"url\":\"https:\\\/\\\/static.trustedtranslations.com\\\/wp-content\\\/uploads\\\/2022\\\/01\\\/TT_logo_WSIColors-2.png\",\"contentUrl\":\"https:\\\/\\\/static.trustedtranslations.com\\\/wp-content\\\/uploads\\\/2022\\\/01\\\/TT_logo_WSIColors-2.png\",\"width\":500,\"height\":196,\"caption\":\"Trusted Translations\"},\"image\":{\"@id\":\"https:\\\/\\\/www.trustedtranslations.com\\\/it\\\/#\\\/schema\\\/logo\\\/image\\\/\"},\"sameAs\":[\"https:\\\/\\\/www.facebook.com\\\/Trusted.Translations\",\"https:\\\/\\\/x.com\\\/TrustedT9ns\",\"https:\\\/\\\/www.linkedin.com\\\/company\\\/trusted-translations\"]}]}<\/script>\n<!-- \/ Yoast SEO plugin. -->","yoast_head_json":{"title":"Traduttori spagnoli madrelingua - Trusted Translations, Inc.","description":"Trusted Translations offre servizi di traduzione professionale in spagnolo. I traduttori madrelingua forniscono traduzioni accurate e rilevanti dal punto di vista culturale. Richiedete un preventivo gratuito.","robots":{"index":"index","follow":"follow","max-snippet":"max-snippet:-1","max-image-preview":"max-image-preview:large","max-video-preview":"max-video-preview:-1"},"canonical":"https:\/\/www.trustedtranslations.com\/it\/lingua\/spagnolo\/traduttori-in-lingua-spagnola","og_locale":"it_IT","og_type":"article","og_title":"Traduttori spagnoli madrelingua - Trusted Translations, Inc.","og_description":"Trusted Translations offre servizi di traduzione professionale in spagnolo. I traduttori madrelingua forniscono traduzioni accurate e rilevanti dal punto di vista culturale. Richiedete un preventivo gratuito.","og_url":"https:\/\/www.trustedtranslations.com\/it\/lingua\/spagnolo\/traduttori-in-lingua-spagnola","og_site_name":"Trusted Translations, Inc.","article_publisher":"https:\/\/www.facebook.com\/Trusted.Translations","article_modified_time":"2024-09-23T20:08:03+00:00","og_image":[{"url":"https:\/\/static.trustedtranslations.com\/wp-content\/uploads\/2022\/08\/TT_NEW_FB-1.png","width":1,"height":1,"type":"image\/jpeg"}],"twitter_card":"summary_large_image","twitter_site":"@TrustedT9ns","schema":{"@context":"https:\/\/schema.org","@graph":[{"@type":"WebPage","@id":"https:\/\/www.trustedtranslations.com\/it\/lingua\/spagnolo\/traduttori-in-lingua-spagnola","url":"https:\/\/www.trustedtranslations.com\/it\/lingua\/spagnolo\/traduttori-in-lingua-spagnola","name":"Traduttori spagnoli madrelingua - Trusted Translations, Inc.","isPartOf":{"@id":"https:\/\/www.trustedtranslations.com\/it\/#website"},"primaryImageOfPage":{"@id":"https:\/\/www.trustedtranslations.com\/it\/lingua\/spagnolo\/traduttori-in-lingua-spagnola#primaryimage"},"image":{"@id":"https:\/\/www.trustedtranslations.com\/it\/lingua\/spagnolo\/traduttori-in-lingua-spagnola#primaryimage"},"thumbnailUrl":"https:\/\/www.trustedtranslations.com\/wp-content\/uploads\/2022\/08\/TT_NEW_FB-1.png","description":"Trusted Translations offre servizi di traduzione professionale in spagnolo. I traduttori madrelingua forniscono traduzioni accurate e rilevanti dal punto di vista culturale. Richiedete un preventivo gratuito.","breadcrumb":{"@id":"https:\/\/www.trustedtranslations.com\/it\/lingua\/spagnolo\/traduttori-in-lingua-spagnola#breadcrumb"},"inLanguage":"it-IT","potentialAction":[{"@type":"ReadAction","target":["https:\/\/www.trustedtranslations.com\/it\/lingua\/spagnolo\/traduttori-in-lingua-spagnola"]}]},{"@type":"ImageObject","inLanguage":"it-IT","@id":"https:\/\/www.trustedtranslations.com\/it\/lingua\/spagnolo\/traduttori-in-lingua-spagnola#primaryimage","url":"https:\/\/www.trustedtranslations.com\/wp-content\/uploads\/2022\/08\/TT_NEW_FB-1.png","contentUrl":"https:\/\/www.trustedtranslations.com\/wp-content\/uploads\/2022\/08\/TT_NEW_FB-1.png","caption":"TT NEW FB 1"},{"@type":"BreadcrumbList","@id":"https:\/\/www.trustedtranslations.com\/it\/lingua\/spagnolo\/traduttori-in-lingua-spagnola#breadcrumb","itemListElement":[{"@type":"ListItem","position":1,"name":"Home","item":"https:\/\/www.trustedtranslations.com\/it"},{"@type":"ListItem","position":2,"name":"Lingue","item":"https:\/\/www.trustedtranslations.com\/it\/lingua"},{"@type":"ListItem","position":3,"name":"Spagnolo","item":"https:\/\/www.trustedtranslations.com\/it\/lingua\/spagnolo"},{"@type":"ListItem","position":4,"name":"Traduttori in lingua spagnola"}]},{"@type":"WebSite","@id":"https:\/\/www.trustedtranslations.com\/it\/#website","url":"https:\/\/www.trustedtranslations.com\/it\/","name":"Trusted Translations, Inc.","description":"Leader in translation and interpretation services.","publisher":{"@id":"https:\/\/www.trustedtranslations.com\/it\/#organization"},"alternateName":"Trusted Translations","potentialAction":[{"@type":"SearchAction","target":{"@type":"EntryPoint","urlTemplate":"https:\/\/www.trustedtranslations.com\/it\/?s={search_term_string}"},"query-input":{"@type":"PropertyValueSpecification","valueRequired":true,"valueName":"search_term_string"}}],"inLanguage":"it-IT"},{"@type":"Organization","@id":"https:\/\/www.trustedtranslations.com\/it\/#organization","name":"Trusted Translations","alternateName":"Trusted Translations, Inc.","url":"https:\/\/www.trustedtranslations.com\/it\/","logo":{"@type":"ImageObject","inLanguage":"it-IT","@id":"https:\/\/www.trustedtranslations.com\/it\/#\/schema\/logo\/image\/","url":"https:\/\/static.trustedtranslations.com\/wp-content\/uploads\/2022\/01\/TT_logo_WSIColors-2.png","contentUrl":"https:\/\/static.trustedtranslations.com\/wp-content\/uploads\/2022\/01\/TT_logo_WSIColors-2.png","width":500,"height":196,"caption":"Trusted Translations"},"image":{"@id":"https:\/\/www.trustedtranslations.com\/it\/#\/schema\/logo\/image\/"},"sameAs":["https:\/\/www.facebook.com\/Trusted.Translations","https:\/\/x.com\/TrustedT9ns","https:\/\/www.linkedin.com\/company\/trusted-translations"]}]}},"toolset-meta":{"dyk":{"mensaje-1":{"type":"textfield","raw":"Trusted Translations dispone di oltre 5.000 traduttori ed esperti in lingua spagnola testati nel proprio staff."},"mensaje-2":{"type":"textfield","raw":"I nostri traduttori in spagnolo possono localizzare il vostro progetto per specifiche aree di lingua spagnola."},"mensaje-3":{"type":"textfield","raw":"Offriamo anche la correzione di bozze in spagnolo per traduzioni prodotte da altre fonti."},"mensaje-4":{"type":"textfield","raw":"I nostri traduttori possono aiutarvi a identificare il tipo di spagnolo che meglio si adatta al vostro progetto."},"mensaje-5":{"type":"textfield","raw":""},"mensaje-6":{"type":"textfield","raw":""}},"single-page-template-fields":{"imgs-temp":{"type":"image","raw":["https:\/\/static.trustedtranslations.com\/wp-content\/uploads\/2024\/06\/spanish-translator-1.webp"],"repeatable":[{"raw":"https:\/\/static.trustedtranslations.com\/wp-content\/uploads\/2024\/06\/spanish-translator-1.webp"}]},"imgs-temp-cel":{"type":"image","raw":[""],"repeatable":[{"raw":""}]},"img-temp-one-cel":{"type":"image","raw":"https:\/\/static.trustedtranslations.com\/wp-content\/uploads\/2024\/06\/spanish-translator-res.webp","attachment_id":null},"quotes":{"type":"textarea","raw":"<h1 style=\"margin-bottom: 12px;\">Team di traduzione madrelingua spagnola<\/h1>I traduttori madrelingua spagnoli sono un must per garantire che le vostre traduzioni vengano comprese chiaramente dal pubblico desiderato. Trusted Translations offre traduttori di lingua spagnola professionisti di alta qualit\u00e0 ai prezzi pi\u00f9 vantaggiosi del settore.<div style=\"margin-top: 2.5vw;\"><a class=\"tt-btn-main-cta\" href=\"\/it\/quote\">RICHIEDI UN PREVENTIVO GRATUITO<\/a><\/div>"},"text-1":{"type":"textarea","raw":"<h2>Perch\u00e9 la traduzione in spagnolo a livello madrelingua \u00e8 essenziale per il successo globale<\/h2><p>In tutto il mondo, i consumatori preferiscono fortemente acquistare prodotti e servizi pubblicizzati nella loro lingua madre e lo spagnolo non fa eccezione. Quando si tratta della lingua spagnola, la sua diffusa popolarit\u00e0 globale e le sue diverse varianti richiedono traduttori con padronanza madrelingua.<\/p><p>I vostri progetti di traduzione hanno bisogno di traduttori che non solo soddisfino questo livello di competenza linguistica, ma abbiano anche familiarit\u00e0 con gli standard di settore, nonch\u00e9 con le sfumature culturali dei vostri mercati di riferimento.<\/p><p>Ciascuno dei traduttori professionisti in lingua spagnola\u00a0di Trusted Translations \u00e8 specializzato in una o pi\u00f9 varianti linguistiche e possiede competenze specifiche del settore. Inoltre, poich\u00e9 i nostri traduttori lavorano internamente, forniscono un lavoro di qualit\u00e0 a prezzi competitivi.<\/p><h2 style=\"margin-bottom:20px\">Traduttori inglese-spagnolo<\/h2><p>I nostri team di traduttori professionisti inglese-spagnolo sono specializzati in traduzioni inglese-spagnolo complesse e voluminose. In qualit\u00e0 di traduttori di altissimo livello, il loro lavoro soddisfa e supera gli standard di qualit\u00e0 ISO. Allo stesso tempo, indipendentemente dal tipo di contenuto o dall\u2019argomento, i nostri traduttori inglese-spagnolo mettono in campo un patrimonio di conoscenze ed esperienze specifiche del settore.<\/p><p>Ci\u00f2 include competenze nelle seguenti aree: finanza, tecnologia dell\u2019informazione (IT), vendite, marketing, media, diritto, viaggi, software, affari, telecomunicazioni, aziendale, tecnico, pubbliche relazioni (PR), medicina, governo e assicurazioni, tra gli altri.<\/p><h2 style=\"margin-bottom:20px\">Team di traduzione a servizio completo<\/h2><p>I nostri traduttori sono ai massimi livelli nei propri campi e sono accuratamente selezionati, altamente accreditati e ben testati. <em>Trusted Translations<\/em> si spinge ancora oltre assegnando ogni progetto a un traduttore di lingua spagnola specifico del settore per garantire l\u2019accuratezza. Inoltre, ogni traduzione viene revisionata e corretta da un esperto di traduzione in lingua spagnola indipendente, senza costi aggiuntivi, per garantire la qualit\u00e0 di ogni traduzione.<\/p><p>Questo processo a tre livelli offre qualit\u00e0 e precisione indipendentemente dalle dimensioni e dalla complessit\u00e0 del progetto o dell\u2019azienda. Come ulteriore vantaggio, disponiamo anche di esperti di desktop publishing e project manager di lingua spagnola nello staff che fungono da risorse per ogni progetto.<\/p><p><em>Trusted Translations<\/em>\u00a0punta a essere la vostra soluzione unica per le traduzioni in spagnolo. Tenendo a mente questo obiettivo, i nostri team di traduttori esperti offrono anche servizi di correzione di bozze in spagnolo per traduzioni effettuate da terzi.<\/p>"},"shortcode-map":{"type":"textfield","raw":""},"dyk-shortcode":{"type":"textfield","raw":"[elementor-template id=\"146751\"]"},"text-2":{"type":"textarea","raw":"<h2 style=\"margin-bottom:20px\">Traduttori professionisti esperti di riservatezza<\/h2>\r\nTutti i traduttori di <em>Trusted Translations<\/em> sono vincolati da un accordo di riservatezza commerciale e di non divulgazione aziendale.\u00a0Prendiamo molto sul serio i problemi di riservatezza e sicurezza. I nostri traduttori sono consapevoli della natura sensibile di alcuni tipi di contenuti e rispetteranno sempre la privacy di ogni cliente.\r\n<h2 style=\"margin-bottom:20px\">Traduttori specializzati nella localizzazione in lingua spagnola<\/h2>\r\nI team di traduttori in lingua spagnola professionisti <em>di Trusted Translations<\/em> sono esperti nella traduzione in spagnolo neutro applicata e utilizzata in quasi tutti i paesi di lingua spagnola. S tratta di un\u2019opzione eccellente per prodotti o aziende agli esordi, che stanno testando le acque in un nuovo segmento di mercato o che lavorano con un budget limitato.\r\n\r\nTuttavia, se desiderate rivolgervi direttamente a un pubblico specifico, come il Messico o la comunit\u00e0 ispanica degli Stati Uniti, potreste voler \u201clocalizzare\u201d la lingua nella variante di spagnolo locale. <em>Trusted Translations<\/em> \u00e8 orgogliosa di offrire competenza in materia e familiarit\u00e0 del mercato in quest\u2019area, oltre alla padronanza linguistica. Inoltre, se siete incerti su quale sia la soluzione giusta per il vostro progetto, i nostri esperti traduttori inglese-spagnolo vi aiuteranno a prendere una decisione informata.\r\n\r\nIl nostro dipartimento di traduzione in spagnolo \u00e8 composto da team di professionisti che includono: traduttori argentini, traduttori boliviani, traduttori colombiani, traduttori costaricani, traduttori cileni, traduttori cubani, traduttori dominicani, traduttori ecuadoregni, traduttori salvadoregni, traduttori guatemaltechi, traduttori honduregni, traduttori messicani, traduttori nicaraguensi, traduttori panamensi, traduttori paraguaiani, traduttori peruviani, traduttori portoricani, traduttori spagnoli (per la Spagna), traduttori uruguaiani, traduttori venezuelani e team di traduttori statunitensi.\r\n\r\n<em>Trusted Translations<\/em> \u00e8 orgogliosa di servire i clienti offrendo loro il gold standard dei team di traduzione in spagnolo. Contattateci oggi stesso per saperne di pi\u00f9 su come possiamo soddisfare le vostre esigenze di traduzione in spagnolo."},"state":{"type":"textfield","raw":""},"city":{"type":"textarea","raw":[]}}},"_links":{"self":[{"href":"https:\/\/www.trustedtranslations.com\/it\/wp-json\/wp\/v2\/pages\/181413","targetHints":{"allow":["GET"]}}],"collection":[{"href":"https:\/\/www.trustedtranslations.com\/it\/wp-json\/wp\/v2\/pages"}],"about":[{"href":"https:\/\/www.trustedtranslations.com\/it\/wp-json\/wp\/v2\/types\/page"}],"author":[{"embeddable":true,"href":"https:\/\/www.trustedtranslations.com\/it\/wp-json\/wp\/v2\/users\/1"}],"replies":[{"embeddable":true,"href":"https:\/\/www.trustedtranslations.com\/it\/wp-json\/wp\/v2\/comments?post=181413"}],"version-history":[{"count":0,"href":"https:\/\/www.trustedtranslations.com\/it\/wp-json\/wp\/v2\/pages\/181413\/revisions"}],"up":[{"embeddable":true,"href":"https:\/\/www.trustedtranslations.com\/it\/wp-json\/wp\/v2\/pages\/123258"}],"wp:featuredmedia":[{"embeddable":true,"href":"https:\/\/www.trustedtranslations.com\/it\/wp-json\/wp\/v2\/media\/160117"}],"wp:attachment":[{"href":"https:\/\/www.trustedtranslations.com\/it\/wp-json\/wp\/v2\/media?parent=181413"}],"curies":[{"name":"wp","href":"https:\/\/api.w.org\/{rel}","templated":true}]}}