{"id":181415,"date":"2023-02-01T18:18:59","date_gmt":"2023-02-01T21:18:59","guid":{"rendered":"https:\/\/www.trustedtranslations.com\/?page_id=181415"},"modified":"2024-09-06T14:16:52","modified_gmt":"2024-09-06T17:16:52","slug":"servizi-di-traduzione-in-spagnolo","status":"publish","type":"page","link":"https:\/\/www.trustedtranslations.com\/it\/lingua\/spagnolo\/servizi-di-traduzione-in-spagnolo","title":{"rendered":"Servizi di traduzione in spagnolo"},"content":{"rendered":"","protected":false},"excerpt":{"rendered":"","protected":false},"author":1,"featured_media":160117,"parent":123258,"menu_order":0,"comment_status":"closed","ping_status":"closed","template":"","meta":{"site-sidebar-layout":"default","site-content-layout":"default","ast-site-content-layout":"default","site-content-style":"default","site-sidebar-style":"default","ast-global-header-display":"","ast-banner-title-visibility":"","ast-main-header-display":"","ast-hfb-above-header-display":"","ast-hfb-below-header-display":"","ast-hfb-mobile-header-display":"","site-post-title":"disabled","ast-breadcrumbs-content":"","ast-featured-img":"","footer-sml-layout":"","ast-disable-related-posts":"","theme-transparent-header-meta":"default","adv-header-id-meta":"","stick-header-meta":"","header-above-stick-meta":"","header-main-stick-meta":"","header-below-stick-meta":"","astra-migrate-meta-layouts":"set","ast-page-background-enabled":"default","ast-page-background-meta":{"desktop":{"background-color":"var(--ast-global-color-4)","background-image":"","background-repeat":"repeat","background-position":"center center","background-size":"auto","background-attachment":"scroll","background-type":"","background-media":"","overlay-type":"","overlay-color":"","overlay-opacity":"","overlay-gradient":""},"tablet":{"background-color":"","background-image":"","background-repeat":"repeat","background-position":"center center","background-size":"auto","background-attachment":"scroll","background-type":"","background-media":"","overlay-type":"","overlay-color":"","overlay-opacity":"","overlay-gradient":""},"mobile":{"background-color":"","background-image":"","background-repeat":"repeat","background-position":"center center","background-size":"auto","background-attachment":"scroll","background-type":"","background-media":"","overlay-type":"","overlay-color":"","overlay-opacity":"","overlay-gradient":""}},"ast-content-background-meta":{"desktop":{"background-color":"var(--ast-global-color-5)","background-image":"","background-repeat":"repeat","background-position":"center center","background-size":"auto","background-attachment":"scroll","background-type":"","background-media":"","overlay-type":"","overlay-color":"","overlay-opacity":"","overlay-gradient":""},"tablet":{"background-color":"var(--ast-global-color-5)","background-image":"","background-repeat":"repeat","background-position":"center center","background-size":"auto","background-attachment":"scroll","background-type":"","background-media":"","overlay-type":"","overlay-color":"","overlay-opacity":"","overlay-gradient":""},"mobile":{"background-color":"var(--ast-global-color-5)","background-image":"","background-repeat":"repeat","background-position":"center center","background-size":"auto","background-attachment":"scroll","background-type":"","background-media":"","overlay-type":"","overlay-color":"","overlay-opacity":"","overlay-gradient":""}},"footnotes":""},"class_list":["post-181415","page","type-page","status-publish","has-post-thumbnail","hentry"],"yoast_head":"<!-- This site is optimized with the Yoast SEO plugin v27.6 - https:\/\/yoast.com\/product\/yoast-seo-wordpress\/ -->\n<title>Servizi di traduzione da e verso lo spagnolo - Trusted Translations, Inc.<\/title>\n<meta name=\"description\" content=\"Forniamo servizi di traduzione professionale in spagnolo di altissima qualit\u00e0 alle migliori tariffe. Clicca qui per richiedere un preventivo gratuito.\" \/>\n<meta name=\"robots\" content=\"index, follow, max-snippet:-1, max-image-preview:large, max-video-preview:-1\" \/>\n<link rel=\"canonical\" href=\"https:\/\/www.trustedtranslations.com\/it\/lingua\/spagnolo\/servizi-di-traduzione-in-spagnolo\" \/>\n<meta property=\"og:locale\" content=\"it_IT\" \/>\n<meta property=\"og:type\" content=\"article\" \/>\n<meta property=\"og:title\" content=\"Servizi di traduzione da e verso lo spagnolo - Trusted Translations, Inc.\" \/>\n<meta property=\"og:description\" content=\"Forniamo servizi di traduzione professionale in spagnolo di altissima qualit\u00e0 alle migliori tariffe. Clicca qui per richiedere un preventivo gratuito.\" \/>\n<meta property=\"og:url\" content=\"https:\/\/www.trustedtranslations.com\/it\/lingua\/spagnolo\/servizi-di-traduzione-in-spagnolo\" \/>\n<meta property=\"og:site_name\" content=\"Trusted Translations, Inc.\" \/>\n<meta property=\"article:publisher\" content=\"https:\/\/www.facebook.com\/Trusted.Translations\" \/>\n<meta property=\"article:modified_time\" content=\"2024-09-06T17:16:52+00:00\" \/>\n<meta property=\"og:image\" content=\"https:\/\/static.trustedtranslations.com\/wp-content\/uploads\/2022\/08\/TT_NEW_FB-1.png\" \/>\n\t<meta property=\"og:image:width\" content=\"1\" \/>\n\t<meta property=\"og:image:height\" content=\"1\" \/>\n\t<meta property=\"og:image:type\" content=\"image\/jpeg\" \/>\n<meta name=\"twitter:card\" content=\"summary_large_image\" \/>\n<meta name=\"twitter:site\" content=\"@TrustedT9ns\" \/>\n<script type=\"application\/ld+json\" class=\"yoast-schema-graph\">{\"@context\":\"https:\\\/\\\/schema.org\",\"@graph\":[{\"@type\":\"WebPage\",\"@id\":\"https:\\\/\\\/www.trustedtranslations.com\\\/it\\\/lingua\\\/spagnolo\\\/servizi-di-traduzione-in-spagnolo\",\"url\":\"https:\\\/\\\/www.trustedtranslations.com\\\/it\\\/lingua\\\/spagnolo\\\/servizi-di-traduzione-in-spagnolo\",\"name\":\"Servizi di traduzione da e verso lo spagnolo - Trusted Translations, Inc.\",\"isPartOf\":{\"@id\":\"https:\\\/\\\/www.trustedtranslations.com\\\/it\\\/#website\"},\"primaryImageOfPage\":{\"@id\":\"https:\\\/\\\/www.trustedtranslations.com\\\/it\\\/lingua\\\/spagnolo\\\/servizi-di-traduzione-in-spagnolo#primaryimage\"},\"image\":{\"@id\":\"https:\\\/\\\/www.trustedtranslations.com\\\/it\\\/lingua\\\/spagnolo\\\/servizi-di-traduzione-in-spagnolo#primaryimage\"},\"thumbnailUrl\":\"https:\\\/\\\/www.trustedtranslations.com\\\/wp-content\\\/uploads\\\/2022\\\/08\\\/TT_NEW_FB-1.png\",\"description\":\"Forniamo servizi di traduzione professionale in spagnolo di altissima qualit\u00e0 alle migliori tariffe. Clicca qui per richiedere un preventivo gratuito.\",\"breadcrumb\":{\"@id\":\"https:\\\/\\\/www.trustedtranslations.com\\\/it\\\/lingua\\\/spagnolo\\\/servizi-di-traduzione-in-spagnolo#breadcrumb\"},\"inLanguage\":\"it-IT\",\"potentialAction\":[{\"@type\":\"ReadAction\",\"target\":[\"https:\\\/\\\/www.trustedtranslations.com\\\/it\\\/lingua\\\/spagnolo\\\/servizi-di-traduzione-in-spagnolo\"]}]},{\"@type\":\"ImageObject\",\"inLanguage\":\"it-IT\",\"@id\":\"https:\\\/\\\/www.trustedtranslations.com\\\/it\\\/lingua\\\/spagnolo\\\/servizi-di-traduzione-in-spagnolo#primaryimage\",\"url\":\"https:\\\/\\\/www.trustedtranslations.com\\\/wp-content\\\/uploads\\\/2022\\\/08\\\/TT_NEW_FB-1.png\",\"contentUrl\":\"https:\\\/\\\/www.trustedtranslations.com\\\/wp-content\\\/uploads\\\/2022\\\/08\\\/TT_NEW_FB-1.png\",\"caption\":\"TT NEW FB 1\"},{\"@type\":\"BreadcrumbList\",\"@id\":\"https:\\\/\\\/www.trustedtranslations.com\\\/it\\\/lingua\\\/spagnolo\\\/servizi-di-traduzione-in-spagnolo#breadcrumb\",\"itemListElement\":[{\"@type\":\"ListItem\",\"position\":1,\"name\":\"Home\",\"item\":\"https:\\\/\\\/www.trustedtranslations.com\\\/it\"},{\"@type\":\"ListItem\",\"position\":2,\"name\":\"Lingue\",\"item\":\"https:\\\/\\\/www.trustedtranslations.com\\\/it\\\/lingua\"},{\"@type\":\"ListItem\",\"position\":3,\"name\":\"Spagnolo\",\"item\":\"https:\\\/\\\/www.trustedtranslations.com\\\/it\\\/lingua\\\/spagnolo\"},{\"@type\":\"ListItem\",\"position\":4,\"name\":\"Servizi di traduzione in spagnolo\"}]},{\"@type\":\"WebSite\",\"@id\":\"https:\\\/\\\/www.trustedtranslations.com\\\/it\\\/#website\",\"url\":\"https:\\\/\\\/www.trustedtranslations.com\\\/it\\\/\",\"name\":\"Trusted Translations, Inc.\",\"description\":\"Leader in translation and interpretation services.\",\"publisher\":{\"@id\":\"https:\\\/\\\/www.trustedtranslations.com\\\/it\\\/#organization\"},\"alternateName\":\"Trusted Translations\",\"potentialAction\":[{\"@type\":\"SearchAction\",\"target\":{\"@type\":\"EntryPoint\",\"urlTemplate\":\"https:\\\/\\\/www.trustedtranslations.com\\\/it\\\/?s={search_term_string}\"},\"query-input\":{\"@type\":\"PropertyValueSpecification\",\"valueRequired\":true,\"valueName\":\"search_term_string\"}}],\"inLanguage\":\"it-IT\"},{\"@type\":\"Organization\",\"@id\":\"https:\\\/\\\/www.trustedtranslations.com\\\/it\\\/#organization\",\"name\":\"Trusted Translations\",\"alternateName\":\"Trusted Translations, Inc.\",\"url\":\"https:\\\/\\\/www.trustedtranslations.com\\\/it\\\/\",\"logo\":{\"@type\":\"ImageObject\",\"inLanguage\":\"it-IT\",\"@id\":\"https:\\\/\\\/www.trustedtranslations.com\\\/it\\\/#\\\/schema\\\/logo\\\/image\\\/\",\"url\":\"https:\\\/\\\/static.trustedtranslations.com\\\/wp-content\\\/uploads\\\/2022\\\/01\\\/TT_logo_WSIColors-2.png\",\"contentUrl\":\"https:\\\/\\\/static.trustedtranslations.com\\\/wp-content\\\/uploads\\\/2022\\\/01\\\/TT_logo_WSIColors-2.png\",\"width\":500,\"height\":196,\"caption\":\"Trusted Translations\"},\"image\":{\"@id\":\"https:\\\/\\\/www.trustedtranslations.com\\\/it\\\/#\\\/schema\\\/logo\\\/image\\\/\"},\"sameAs\":[\"https:\\\/\\\/www.facebook.com\\\/Trusted.Translations\",\"https:\\\/\\\/x.com\\\/TrustedT9ns\",\"https:\\\/\\\/www.linkedin.com\\\/company\\\/trusted-translations\"]}]}<\/script>\n<!-- \/ Yoast SEO plugin. -->","yoast_head_json":{"title":"Servizi di traduzione da e verso lo spagnolo - Trusted Translations, Inc.","description":"Forniamo servizi di traduzione professionale in spagnolo di altissima qualit\u00e0 alle migliori tariffe. Clicca qui per richiedere un preventivo gratuito.","robots":{"index":"index","follow":"follow","max-snippet":"max-snippet:-1","max-image-preview":"max-image-preview:large","max-video-preview":"max-video-preview:-1"},"canonical":"https:\/\/www.trustedtranslations.com\/it\/lingua\/spagnolo\/servizi-di-traduzione-in-spagnolo","og_locale":"it_IT","og_type":"article","og_title":"Servizi di traduzione da e verso lo spagnolo - Trusted Translations, Inc.","og_description":"Forniamo servizi di traduzione professionale in spagnolo di altissima qualit\u00e0 alle migliori tariffe. Clicca qui per richiedere un preventivo gratuito.","og_url":"https:\/\/www.trustedtranslations.com\/it\/lingua\/spagnolo\/servizi-di-traduzione-in-spagnolo","og_site_name":"Trusted Translations, Inc.","article_publisher":"https:\/\/www.facebook.com\/Trusted.Translations","article_modified_time":"2024-09-06T17:16:52+00:00","og_image":[{"url":"https:\/\/static.trustedtranslations.com\/wp-content\/uploads\/2022\/08\/TT_NEW_FB-1.png","width":1,"height":1,"type":"image\/jpeg"}],"twitter_card":"summary_large_image","twitter_site":"@TrustedT9ns","schema":{"@context":"https:\/\/schema.org","@graph":[{"@type":"WebPage","@id":"https:\/\/www.trustedtranslations.com\/it\/lingua\/spagnolo\/servizi-di-traduzione-in-spagnolo","url":"https:\/\/www.trustedtranslations.com\/it\/lingua\/spagnolo\/servizi-di-traduzione-in-spagnolo","name":"Servizi di traduzione da e verso lo spagnolo - Trusted Translations, Inc.","isPartOf":{"@id":"https:\/\/www.trustedtranslations.com\/it\/#website"},"primaryImageOfPage":{"@id":"https:\/\/www.trustedtranslations.com\/it\/lingua\/spagnolo\/servizi-di-traduzione-in-spagnolo#primaryimage"},"image":{"@id":"https:\/\/www.trustedtranslations.com\/it\/lingua\/spagnolo\/servizi-di-traduzione-in-spagnolo#primaryimage"},"thumbnailUrl":"https:\/\/www.trustedtranslations.com\/wp-content\/uploads\/2022\/08\/TT_NEW_FB-1.png","description":"Forniamo servizi di traduzione professionale in spagnolo di altissima qualit\u00e0 alle migliori tariffe. Clicca qui per richiedere un preventivo gratuito.","breadcrumb":{"@id":"https:\/\/www.trustedtranslations.com\/it\/lingua\/spagnolo\/servizi-di-traduzione-in-spagnolo#breadcrumb"},"inLanguage":"it-IT","potentialAction":[{"@type":"ReadAction","target":["https:\/\/www.trustedtranslations.com\/it\/lingua\/spagnolo\/servizi-di-traduzione-in-spagnolo"]}]},{"@type":"ImageObject","inLanguage":"it-IT","@id":"https:\/\/www.trustedtranslations.com\/it\/lingua\/spagnolo\/servizi-di-traduzione-in-spagnolo#primaryimage","url":"https:\/\/www.trustedtranslations.com\/wp-content\/uploads\/2022\/08\/TT_NEW_FB-1.png","contentUrl":"https:\/\/www.trustedtranslations.com\/wp-content\/uploads\/2022\/08\/TT_NEW_FB-1.png","caption":"TT NEW FB 1"},{"@type":"BreadcrumbList","@id":"https:\/\/www.trustedtranslations.com\/it\/lingua\/spagnolo\/servizi-di-traduzione-in-spagnolo#breadcrumb","itemListElement":[{"@type":"ListItem","position":1,"name":"Home","item":"https:\/\/www.trustedtranslations.com\/it"},{"@type":"ListItem","position":2,"name":"Lingue","item":"https:\/\/www.trustedtranslations.com\/it\/lingua"},{"@type":"ListItem","position":3,"name":"Spagnolo","item":"https:\/\/www.trustedtranslations.com\/it\/lingua\/spagnolo"},{"@type":"ListItem","position":4,"name":"Servizi di traduzione in spagnolo"}]},{"@type":"WebSite","@id":"https:\/\/www.trustedtranslations.com\/it\/#website","url":"https:\/\/www.trustedtranslations.com\/it\/","name":"Trusted Translations, Inc.","description":"Leader in translation and interpretation services.","publisher":{"@id":"https:\/\/www.trustedtranslations.com\/it\/#organization"},"alternateName":"Trusted Translations","potentialAction":[{"@type":"SearchAction","target":{"@type":"EntryPoint","urlTemplate":"https:\/\/www.trustedtranslations.com\/it\/?s={search_term_string}"},"query-input":{"@type":"PropertyValueSpecification","valueRequired":true,"valueName":"search_term_string"}}],"inLanguage":"it-IT"},{"@type":"Organization","@id":"https:\/\/www.trustedtranslations.com\/it\/#organization","name":"Trusted Translations","alternateName":"Trusted Translations, Inc.","url":"https:\/\/www.trustedtranslations.com\/it\/","logo":{"@type":"ImageObject","inLanguage":"it-IT","@id":"https:\/\/www.trustedtranslations.com\/it\/#\/schema\/logo\/image\/","url":"https:\/\/static.trustedtranslations.com\/wp-content\/uploads\/2022\/01\/TT_logo_WSIColors-2.png","contentUrl":"https:\/\/static.trustedtranslations.com\/wp-content\/uploads\/2022\/01\/TT_logo_WSIColors-2.png","width":500,"height":196,"caption":"Trusted Translations"},"image":{"@id":"https:\/\/www.trustedtranslations.com\/it\/#\/schema\/logo\/image\/"},"sameAs":["https:\/\/www.facebook.com\/Trusted.Translations","https:\/\/x.com\/TrustedT9ns","https:\/\/www.linkedin.com\/company\/trusted-translations"]}]}},"toolset-meta":{"dyk":{"mensaje-1":{"type":"textfield","raw":"Trusted Translations \u00e8 il principale fornitore di servizi di traduzione in spagnolo negli Stati Uniti."},"mensaje-2":{"type":"textfield","raw":"Offriamo servizi di traduzione per tutti i tipi di documenti in tutti i formati e lingue."},"mensaje-3":{"type":"textfield","raw":"I nostri servizi spaziano da semplici traduzioni di documenti a complesse localizzazioni di siti web."},"mensaje-4":{"type":"textfield","raw":"Disponendo di traduttori interni, offriamo un lavoro di qualit\u00e0 a tariffe convenienti."},"mensaje-5":{"type":"textfield","raw":""},"mensaje-6":{"type":"textfield","raw":""}},"single-page-template-fields":{"imgs-temp":{"type":"image","raw":["https:\/\/static.trustedtranslations.com\/wp-content\/uploads\/2024\/05\/sts-1.webp"],"repeatable":[{"raw":"https:\/\/static.trustedtranslations.com\/wp-content\/uploads\/2024\/05\/sts-1.webp"}]},"imgs-temp-cel":{"type":"image","raw":[""],"repeatable":[{"raw":""}]},"img-temp-one-cel":{"type":"image","raw":"https:\/\/static.trustedtranslations.com\/wp-content\/uploads\/2024\/05\/sts1.webp","attachment_id":null},"quotes":{"type":"textarea","raw":"<h1 style=\"margin-bottom: 12px;\">Leader nei servizi di traduzione in spagnolo<\/h1>Con oltre 10.000 clienti soddisfatti in tutto il mondo e oltre vent\u2019anni di esperienza nella traduzione in spagnolo, Trusted Translations \u00e8 un\u2019autorit\u00e0 riconosciuta a livello internazionale nel settore e fornitore di servizi di traduzione in spagnolo.<div style=\"margin-top: 2.5vw;\"><a class=\"tt-btn-main-cta\" href=\"\/it\/quote\">RICHIEDI UN PREVENTIVO GRATUITO<\/a><\/div>"},"text-1":{"type":"textarea","raw":"<h2>Leader del settore nella traduzione in spagnolo di alta qualit\u00e0 a prezzi competitivi<\/h2><p><em>Trusted Translations<\/em> \u00e8 l\u2019agenzia di traduzione leader nel settore della lingua spagnola. Ci avvaliamo di risorse esperte interne ed esterne, garantendo la qualit\u00e0 di ogni traduzione in spagnolo e fornendo i prezzi pi\u00f9 competitivi in circolazione. Con uffici negli Stati Uniti, in America Latina e in Europa, il nostro team \u00e8 progettato per soddisfare le esigenze di praticamente qualsiasi cliente, indipendentemente dalle dimensioni e dalla complessit\u00e0 del progetto.<\/p><h2 style=\"margin-bottom:20px\">Servizio di traduzione inglese \u2013 spagnolo<\/h2><p>Poich\u00e9 siamo specializzati in <a href=\"\/it\/lingua\/spagnolo\/traduzione-dallinglese-allo-spagnolo\" target=\"_blank\" rel=\"noopener\">traduzioni inglese-spagnolo<\/a>, disponiamo di oltre 10.000 linguisti in questa combinazione linguistica nello staff, ben collaudati e certificati per i nostri clienti. Oltre ad essere linguisti competenti, questi traduttori sono anche esperti del settore, questi traduttori sono anche esperti del settore, molti dei quali in possesso di diplomi post-laurea sull\u2019argomento. Ci\u00f2 fornisce loro le conoscenze specialistiche necessarie per tradurre i vostri progetti con velocit\u00e0 e precisione.<\/p><p>Forniamo traduzioni inglese-spagnolo ad alcune delle principali aziende e organizzazioni del mondo, come Coca-Cola, IBM, Nazioni Unite, NASA e migliaia di altre. Le nostre ampie aree di <a href=\"https:\/\/www.trustedtranslations.com\/it\/industrie\" target=\"_blank\" rel=\"noopener\">competenza nel settore<\/a> includono pubblicit\u00e0, blockchain, affari, difesa, eLearning, intrattenimento, finanza, governo, legge, produzione, assistenza sanitaria, marketing, media, software, tecnici, manuali utente e molto altro ancora.<\/p><h2 style=\"margin-bottom:20px\">Comprovata esperienza nella traduzione in spagnolo<\/h2><p>Diverse qualit\u00e0 aggiuntive distinguono <em>Trusted Translations<\/em> dalla massa. Ad esempio, il nostro staff include avvocati bilingue (inglese\/spagnolo) autorizzati negli Stati Uniti, che assicurano che ogni documento che traduciamo aderisca agli standard legali corretti; possono anche fornire certificazioni legali notarili che dimostrano l\u2019accuratezza delle nostre traduzioni. Disponiamo anche di personale medico bilingue con anni di esperienza in contenuti medici e sanitari. Il nostro impegno per la competenza in materia ci consente di fornire traduzioni puntuali, con una qualit\u00e0 eccezionale e ai prezzi pi\u00f9 competitivi del settore.<\/p><p>Inoltre, <em>Trusted Translations<\/em> ha oltre 25 anni di esperienza linguistica nel mercato ispanico, che ci ha fatto ottenere <a href=\"https:\/\/www.trustedtranslations.com\/fr\/entreprise\/certifications\" target=\"_blank\" rel=\"noopener\">numerosi premi e certificazioni<\/a> nel corso del tempo. Questa vasta esperienza diretta ci consente di fornire molto pi\u00f9 che semplici servizi di traduzione. A seconda delle esigenze del cliente, il nostro team fornir\u00e0 anche una preziosa guida e approfondimenti sulle tendenze del mercato, la localizzazione, l\u2019ottimizzazione web e altro ancora.<\/p>"},"shortcode-map":{"type":"textfield","raw":""},"dyk-shortcode":{"type":"textfield","raw":"[elementor-template id=\"146751\"]"},"text-2":{"type":"textarea","raw":"<h2 style=\"margin-bottom:20px\">Agenzia di traduzione in spagnolo a servizio completo<\/h2>\r\n<em>Trusted Translations<\/em> \u00e8 unica per la natura completa e l\u2019ampiezza dei propri servizi. Offriamo traduzioni in lingua spagnola di tutti i tipi di documenti, in tutti i formati e lunghezze. Forniamo anche un\u2019ampia gamma di servizi personalizzati a valore aggiunto per soddisfare le vostre esigenze specifiche, come la post-produzione in spagnolo, il desktop publishing in spagnolo, il marketing online in spagnolo, l\u2019ottimizzazione web e altro ancora.\r\n\r\nEcco alcuni dei servizi professionali di lingua spagnola che forniamo regolarmente:\r\n<h2 style=\"margin-bottom:20px; text-align: center;\">Servizi di lingua spagnola<\/h2>\r\n<p style=\"text-align: center;\">Forniamo regolarmente i seguenti servizi professionali di lingua spagnola:<\/p>\r\n\r\n<div class=\"elearning-container\">\r\n    <div>\r\n        <i class=\"fa fa-universal-access\" aria-hidden=\"true\"><\/i>\r\n        <h4 style=\"text-align: center\">Standard di accessibilit\u00e0<\/h4>\r\n    <\/div>\r\n    <div>\r\n        <i class=\"fa fa-mobile\" aria-hidden=\"true\"><\/i>\r\n        <h4 style=\"text-align: center\">Localizzazione di app<\/h4>\r\n    <\/div>\r\n    <div>\r\n        <i class=\"fa fa-sign-language\" aria-hidden=\"true\"><\/i>\r\n        <h4 style=\"text-align: center\">ASL \u2013 Linguaggio dei segni<\/h4>\r\n    <\/div>\r\n    <div>\r\n        <i class=\"fa fa-check\" aria-hidden=\"true\"><\/i>\r\n        <h4 style=\"text-align: center\">Traduzioni certificate<\/h4>\r\n    <\/div>\r\n    <div>\r\n        <i class=\"fa fa-desktop\" aria-hidden=\"true\"><\/i>\r\n        <h4 style=\"text-align: center\">Desktop Publishing<\/h4>\r\n    <\/div>\r\n    <div>\r\n        <i class=\"fa fa-pencil-square-o\" aria-hidden=\"true\"><\/i>\r\n        <h4 style=\"text-align: center\">Modifica e correzione di bozze<\/h4>\r\n    <\/div>\r\n<\/div>\r\n\r\n<div class=\"elearning-container\">\r\n    <div>\r\n        <i class=\"fa fa-file-pdf-o\" aria-hidden=\"true\"><\/i>\r\n        <h4 style=\"text-align: center\">Formati di file<\/h4>\r\n    <\/div>\r\n    <div>\r\n        <i class=\"fa fa-globe\" aria-hidden=\"true\"><\/i>\r\n        <h4 style=\"text-align: center\">Globalizzazione<\/h4>\r\n    <\/div>\r\n    <div>\r\n        <i class=\"fa fa-users\" aria-hidden=\"true\"><\/i>\r\n        <h4 style=\"text-align: center\">Traduzione umana<\/h4>\r\n    <\/div>\r\n    <div>\r\n        <i class=\"fa fa-file-text\" aria-hidden=\"true\"><\/i>\r\n        <h4 style=\"text-align: center\">Interpretariato<\/h4>\r\n    <\/div>\r\n    <div>\r\n        <i class=\"fa fa-location-arrow\" aria-hidden=\"true\"><\/i>\r\n        <h4 style=\"text-align: center\">Localizzazione<\/h4>\r\n    <\/div>\r\n    <div>\r\n        <i class=\"fa fa-wrench\" aria-hidden=\"true\"><\/i>\r\n        <h4 style=\"text-align: center\">Traduzione automatica<\/h4>\r\n    <\/div>\r\n<\/div>\r\n\r\n<div class=\"elearning-container\">\r\n    <div>\r\n        <i class=\"fa fa-file-o\" aria-hidden=\"true\"><\/i>\r\n        <h4 style=\"text-align: center\">Servizi multimediali<\/h4>\r\n    <\/div>\r\n    <div>\r\n        <i class=\"fa fa-bullhorn\" aria-hidden=\"true\"><\/i>\r\n        <h4 style=\"text-align: center\">Marketing online<\/h4>\r\n    <\/div>\r\n    <div>\r\n        <i class=\"fa fa-volume-control-phone\" aria-hidden=\"true\"><\/i>\r\n        <h4 style=\"text-align: center\">Interpretariato telefonico<\/h4>\r\n    <\/div>\r\n    <div>\r\n        <i class=\"fa fa-user-plus\" aria-hidden=\"true\"><\/i>\r\n        <h4 style=\"text-align: center\">Transcreazione<\/h4>\r\n    <\/div>\r\n    <div>\r\n        <i class=\"fa fa-pencil\" aria-hidden=\"true\"><\/i>\r\n        <h4 style=\"text-align: center\">Trascrizione<\/h4>\r\n    <\/div>\r\n    <div>\r\n        <i class=\"fa fa-check-square-o\" aria-hidden=\"true\"><\/i>\r\n        <h4 style=\"text-align: center\">Qualit\u00e0 della traduzione<\/h4>\r\n    <\/div>\r\n<\/div>"},"state":{"type":"textfield","raw":""},"city":{"type":"textarea","raw":[]}}},"_links":{"self":[{"href":"https:\/\/www.trustedtranslations.com\/it\/wp-json\/wp\/v2\/pages\/181415","targetHints":{"allow":["GET"]}}],"collection":[{"href":"https:\/\/www.trustedtranslations.com\/it\/wp-json\/wp\/v2\/pages"}],"about":[{"href":"https:\/\/www.trustedtranslations.com\/it\/wp-json\/wp\/v2\/types\/page"}],"author":[{"embeddable":true,"href":"https:\/\/www.trustedtranslations.com\/it\/wp-json\/wp\/v2\/users\/1"}],"replies":[{"embeddable":true,"href":"https:\/\/www.trustedtranslations.com\/it\/wp-json\/wp\/v2\/comments?post=181415"}],"version-history":[{"count":0,"href":"https:\/\/www.trustedtranslations.com\/it\/wp-json\/wp\/v2\/pages\/181415\/revisions"}],"up":[{"embeddable":true,"href":"https:\/\/www.trustedtranslations.com\/it\/wp-json\/wp\/v2\/pages\/123258"}],"wp:featuredmedia":[{"embeddable":true,"href":"https:\/\/www.trustedtranslations.com\/it\/wp-json\/wp\/v2\/media\/160117"}],"wp:attachment":[{"href":"https:\/\/www.trustedtranslations.com\/it\/wp-json\/wp\/v2\/media?parent=181415"}],"curies":[{"name":"wp","href":"https:\/\/api.w.org\/{rel}","templated":true}]}}