{"id":181566,"date":"2023-02-01T18:18:50","date_gmt":"2023-02-01T21:18:50","guid":{"rendered":"https:\/\/www.trustedtranslations.com\/?page_id=181566"},"modified":"2024-09-03T17:12:30","modified_gmt":"2024-09-03T20:12:30","slug":"sport","status":"publish","type":"page","link":"https:\/\/www.trustedtranslations.com\/it\/industrie\/sport","title":{"rendered":"Sport"},"content":{"rendered":"","protected":false},"excerpt":{"rendered":"","protected":false},"author":1,"featured_media":160117,"parent":123363,"menu_order":0,"comment_status":"closed","ping_status":"closed","template":"","meta":{"site-sidebar-layout":"default","site-content-layout":"default","ast-site-content-layout":"default","site-content-style":"default","site-sidebar-style":"default","ast-global-header-display":"","ast-banner-title-visibility":"","ast-main-header-display":"","ast-hfb-above-header-display":"","ast-hfb-below-header-display":"","ast-hfb-mobile-header-display":"","site-post-title":"disabled","ast-breadcrumbs-content":"","ast-featured-img":"","footer-sml-layout":"","ast-disable-related-posts":"","theme-transparent-header-meta":"default","adv-header-id-meta":"","stick-header-meta":"","header-above-stick-meta":"","header-main-stick-meta":"","header-below-stick-meta":"","astra-migrate-meta-layouts":"set","ast-page-background-enabled":"default","ast-page-background-meta":{"desktop":{"background-color":"var(--ast-global-color-4)","background-image":"","background-repeat":"repeat","background-position":"center center","background-size":"auto","background-attachment":"scroll","background-type":"","background-media":"","overlay-type":"","overlay-color":"","overlay-opacity":"","overlay-gradient":""},"tablet":{"background-color":"","background-image":"","background-repeat":"repeat","background-position":"center center","background-size":"auto","background-attachment":"scroll","background-type":"","background-media":"","overlay-type":"","overlay-color":"","overlay-opacity":"","overlay-gradient":""},"mobile":{"background-color":"","background-image":"","background-repeat":"repeat","background-position":"center center","background-size":"auto","background-attachment":"scroll","background-type":"","background-media":"","overlay-type":"","overlay-color":"","overlay-opacity":"","overlay-gradient":""}},"ast-content-background-meta":{"desktop":{"background-color":"var(--ast-global-color-5)","background-image":"","background-repeat":"repeat","background-position":"center center","background-size":"auto","background-attachment":"scroll","background-type":"","background-media":"","overlay-type":"","overlay-color":"","overlay-opacity":"","overlay-gradient":""},"tablet":{"background-color":"var(--ast-global-color-5)","background-image":"","background-repeat":"repeat","background-position":"center center","background-size":"auto","background-attachment":"scroll","background-type":"","background-media":"","overlay-type":"","overlay-color":"","overlay-opacity":"","overlay-gradient":""},"mobile":{"background-color":"var(--ast-global-color-5)","background-image":"","background-repeat":"repeat","background-position":"center center","background-size":"auto","background-attachment":"scroll","background-type":"","background-media":"","overlay-type":"","overlay-color":"","overlay-opacity":"","overlay-gradient":""}},"footnotes":""},"class_list":["post-181566","page","type-page","status-publish","has-post-thumbnail","hentry"],"yoast_head":"<!-- This site is optimized with the Yoast SEO plugin v27.5 - https:\/\/yoast.com\/product\/yoast-seo-wordpress\/ -->\n<title>Traduzione sportiva<\/title>\n<meta name=\"description\" content=\"Trusted Translations conosce e comprende il settore dello sport. Forniamo traduzioni sportive specializzate per soddisfare i vostri progetti.\" \/>\n<meta name=\"robots\" content=\"index, follow, max-snippet:-1, max-image-preview:large, max-video-preview:-1\" \/>\n<link rel=\"canonical\" href=\"https:\/\/www.trustedtranslations.com\/it\/industrie\/sport\" \/>\n<meta property=\"og:locale\" content=\"it_IT\" \/>\n<meta property=\"og:type\" content=\"article\" \/>\n<meta property=\"og:title\" content=\"Traduzione sportiva\" \/>\n<meta property=\"og:description\" content=\"Trusted Translations conosce e comprende il settore dello sport. Forniamo traduzioni sportive specializzate per soddisfare i vostri progetti.\" \/>\n<meta property=\"og:url\" content=\"https:\/\/www.trustedtranslations.com\/it\/industrie\/sport\" \/>\n<meta property=\"og:site_name\" content=\"Trusted Translations, Inc.\" \/>\n<meta property=\"article:publisher\" content=\"https:\/\/www.facebook.com\/Trusted.Translations\" \/>\n<meta property=\"article:modified_time\" content=\"2024-09-03T20:12:30+00:00\" \/>\n<meta property=\"og:image\" content=\"https:\/\/static.trustedtranslations.com\/wp-content\/uploads\/2022\/08\/TT_NEW_FB-1.png\" \/>\n\t<meta property=\"og:image:width\" content=\"1\" \/>\n\t<meta property=\"og:image:height\" content=\"1\" \/>\n\t<meta property=\"og:image:type\" content=\"image\/jpeg\" \/>\n<meta name=\"twitter:card\" content=\"summary_large_image\" \/>\n<meta name=\"twitter:site\" content=\"@TrustedT9ns\" \/>\n<script type=\"application\/ld+json\" class=\"yoast-schema-graph\">{\"@context\":\"https:\\\/\\\/schema.org\",\"@graph\":[{\"@type\":\"WebPage\",\"@id\":\"https:\\\/\\\/www.trustedtranslations.com\\\/it\\\/industrie\\\/sport\",\"url\":\"https:\\\/\\\/www.trustedtranslations.com\\\/it\\\/industrie\\\/sport\",\"name\":\"Traduzione sportiva\",\"isPartOf\":{\"@id\":\"https:\\\/\\\/www.trustedtranslations.com\\\/it\\\/#website\"},\"primaryImageOfPage\":{\"@id\":\"https:\\\/\\\/www.trustedtranslations.com\\\/it\\\/industrie\\\/sport#primaryimage\"},\"image\":{\"@id\":\"https:\\\/\\\/www.trustedtranslations.com\\\/it\\\/industrie\\\/sport#primaryimage\"},\"thumbnailUrl\":\"https:\\\/\\\/www.trustedtranslations.com\\\/wp-content\\\/uploads\\\/2022\\\/08\\\/TT_NEW_FB-1.png\",\"description\":\"Trusted Translations conosce e comprende il settore dello sport. Forniamo traduzioni sportive specializzate per soddisfare i vostri progetti.\",\"breadcrumb\":{\"@id\":\"https:\\\/\\\/www.trustedtranslations.com\\\/it\\\/industrie\\\/sport#breadcrumb\"},\"inLanguage\":\"it-IT\",\"potentialAction\":[{\"@type\":\"ReadAction\",\"target\":[\"https:\\\/\\\/www.trustedtranslations.com\\\/it\\\/industrie\\\/sport\"]}]},{\"@type\":\"ImageObject\",\"inLanguage\":\"it-IT\",\"@id\":\"https:\\\/\\\/www.trustedtranslations.com\\\/it\\\/industrie\\\/sport#primaryimage\",\"url\":\"https:\\\/\\\/www.trustedtranslations.com\\\/wp-content\\\/uploads\\\/2022\\\/08\\\/TT_NEW_FB-1.png\",\"contentUrl\":\"https:\\\/\\\/www.trustedtranslations.com\\\/wp-content\\\/uploads\\\/2022\\\/08\\\/TT_NEW_FB-1.png\",\"caption\":\"TT NEW FB 1\"},{\"@type\":\"BreadcrumbList\",\"@id\":\"https:\\\/\\\/www.trustedtranslations.com\\\/it\\\/industrie\\\/sport#breadcrumb\",\"itemListElement\":[{\"@type\":\"ListItem\",\"position\":1,\"name\":\"Home\",\"item\":\"https:\\\/\\\/www.trustedtranslations.com\\\/it\"},{\"@type\":\"ListItem\",\"position\":2,\"name\":\"Competenza nel settore\",\"item\":\"https:\\\/\\\/www.trustedtranslations.com\\\/it\\\/industrie\"},{\"@type\":\"ListItem\",\"position\":3,\"name\":\"Sport\"}]},{\"@type\":\"WebSite\",\"@id\":\"https:\\\/\\\/www.trustedtranslations.com\\\/it\\\/#website\",\"url\":\"https:\\\/\\\/www.trustedtranslations.com\\\/it\\\/\",\"name\":\"Trusted Translations, Inc.\",\"description\":\"Leader in translation and interpretation services.\",\"publisher\":{\"@id\":\"https:\\\/\\\/www.trustedtranslations.com\\\/it\\\/#organization\"},\"alternateName\":\"Trusted Translations\",\"potentialAction\":[{\"@type\":\"SearchAction\",\"target\":{\"@type\":\"EntryPoint\",\"urlTemplate\":\"https:\\\/\\\/www.trustedtranslations.com\\\/it\\\/?s={search_term_string}\"},\"query-input\":{\"@type\":\"PropertyValueSpecification\",\"valueRequired\":true,\"valueName\":\"search_term_string\"}}],\"inLanguage\":\"it-IT\"},{\"@type\":\"Organization\",\"@id\":\"https:\\\/\\\/www.trustedtranslations.com\\\/it\\\/#organization\",\"name\":\"Trusted Translations\",\"alternateName\":\"Trusted Translations, Inc.\",\"url\":\"https:\\\/\\\/www.trustedtranslations.com\\\/it\\\/\",\"logo\":{\"@type\":\"ImageObject\",\"inLanguage\":\"it-IT\",\"@id\":\"https:\\\/\\\/www.trustedtranslations.com\\\/it\\\/#\\\/schema\\\/logo\\\/image\\\/\",\"url\":\"https:\\\/\\\/static.trustedtranslations.com\\\/wp-content\\\/uploads\\\/2022\\\/01\\\/TT_logo_WSIColors-2.png\",\"contentUrl\":\"https:\\\/\\\/static.trustedtranslations.com\\\/wp-content\\\/uploads\\\/2022\\\/01\\\/TT_logo_WSIColors-2.png\",\"width\":500,\"height\":196,\"caption\":\"Trusted Translations\"},\"image\":{\"@id\":\"https:\\\/\\\/www.trustedtranslations.com\\\/it\\\/#\\\/schema\\\/logo\\\/image\\\/\"},\"sameAs\":[\"https:\\\/\\\/www.facebook.com\\\/Trusted.Translations\",\"https:\\\/\\\/x.com\\\/TrustedT9ns\",\"https:\\\/\\\/www.linkedin.com\\\/company\\\/trusted-translations\"]}]}<\/script>\n<!-- \/ Yoast SEO plugin. -->","yoast_head_json":{"title":"Traduzione sportiva","description":"Trusted Translations conosce e comprende il settore dello sport. Forniamo traduzioni sportive specializzate per soddisfare i vostri progetti.","robots":{"index":"index","follow":"follow","max-snippet":"max-snippet:-1","max-image-preview":"max-image-preview:large","max-video-preview":"max-video-preview:-1"},"canonical":"https:\/\/www.trustedtranslations.com\/it\/industrie\/sport","og_locale":"it_IT","og_type":"article","og_title":"Traduzione sportiva","og_description":"Trusted Translations conosce e comprende il settore dello sport. Forniamo traduzioni sportive specializzate per soddisfare i vostri progetti.","og_url":"https:\/\/www.trustedtranslations.com\/it\/industrie\/sport","og_site_name":"Trusted Translations, Inc.","article_publisher":"https:\/\/www.facebook.com\/Trusted.Translations","article_modified_time":"2024-09-03T20:12:30+00:00","og_image":[{"url":"https:\/\/static.trustedtranslations.com\/wp-content\/uploads\/2022\/08\/TT_NEW_FB-1.png","width":1,"height":1,"type":"image\/jpeg"}],"twitter_card":"summary_large_image","twitter_site":"@TrustedT9ns","schema":{"@context":"https:\/\/schema.org","@graph":[{"@type":"WebPage","@id":"https:\/\/www.trustedtranslations.com\/it\/industrie\/sport","url":"https:\/\/www.trustedtranslations.com\/it\/industrie\/sport","name":"Traduzione sportiva","isPartOf":{"@id":"https:\/\/www.trustedtranslations.com\/it\/#website"},"primaryImageOfPage":{"@id":"https:\/\/www.trustedtranslations.com\/it\/industrie\/sport#primaryimage"},"image":{"@id":"https:\/\/www.trustedtranslations.com\/it\/industrie\/sport#primaryimage"},"thumbnailUrl":"https:\/\/www.trustedtranslations.com\/wp-content\/uploads\/2022\/08\/TT_NEW_FB-1.png","description":"Trusted Translations conosce e comprende il settore dello sport. Forniamo traduzioni sportive specializzate per soddisfare i vostri progetti.","breadcrumb":{"@id":"https:\/\/www.trustedtranslations.com\/it\/industrie\/sport#breadcrumb"},"inLanguage":"it-IT","potentialAction":[{"@type":"ReadAction","target":["https:\/\/www.trustedtranslations.com\/it\/industrie\/sport"]}]},{"@type":"ImageObject","inLanguage":"it-IT","@id":"https:\/\/www.trustedtranslations.com\/it\/industrie\/sport#primaryimage","url":"https:\/\/www.trustedtranslations.com\/wp-content\/uploads\/2022\/08\/TT_NEW_FB-1.png","contentUrl":"https:\/\/www.trustedtranslations.com\/wp-content\/uploads\/2022\/08\/TT_NEW_FB-1.png","caption":"TT NEW FB 1"},{"@type":"BreadcrumbList","@id":"https:\/\/www.trustedtranslations.com\/it\/industrie\/sport#breadcrumb","itemListElement":[{"@type":"ListItem","position":1,"name":"Home","item":"https:\/\/www.trustedtranslations.com\/it"},{"@type":"ListItem","position":2,"name":"Competenza nel settore","item":"https:\/\/www.trustedtranslations.com\/it\/industrie"},{"@type":"ListItem","position":3,"name":"Sport"}]},{"@type":"WebSite","@id":"https:\/\/www.trustedtranslations.com\/it\/#website","url":"https:\/\/www.trustedtranslations.com\/it\/","name":"Trusted Translations, Inc.","description":"Leader in translation and interpretation services.","publisher":{"@id":"https:\/\/www.trustedtranslations.com\/it\/#organization"},"alternateName":"Trusted Translations","potentialAction":[{"@type":"SearchAction","target":{"@type":"EntryPoint","urlTemplate":"https:\/\/www.trustedtranslations.com\/it\/?s={search_term_string}"},"query-input":{"@type":"PropertyValueSpecification","valueRequired":true,"valueName":"search_term_string"}}],"inLanguage":"it-IT"},{"@type":"Organization","@id":"https:\/\/www.trustedtranslations.com\/it\/#organization","name":"Trusted Translations","alternateName":"Trusted Translations, Inc.","url":"https:\/\/www.trustedtranslations.com\/it\/","logo":{"@type":"ImageObject","inLanguage":"it-IT","@id":"https:\/\/www.trustedtranslations.com\/it\/#\/schema\/logo\/image\/","url":"https:\/\/static.trustedtranslations.com\/wp-content\/uploads\/2022\/01\/TT_logo_WSIColors-2.png","contentUrl":"https:\/\/static.trustedtranslations.com\/wp-content\/uploads\/2022\/01\/TT_logo_WSIColors-2.png","width":500,"height":196,"caption":"Trusted Translations"},"image":{"@id":"https:\/\/www.trustedtranslations.com\/it\/#\/schema\/logo\/image\/"},"sameAs":["https:\/\/www.facebook.com\/Trusted.Translations","https:\/\/x.com\/TrustedT9ns","https:\/\/www.linkedin.com\/company\/trusted-translations"]}]}},"toolset-meta":{"dyk":{"mensaje-1":{"type":"textfield","raw":"The Coca-Cola Enterprises - Change Leadership Office - Food & Beverage."},"mensaje-2":{"type":"textfield","raw":"Forniamo traduzioni alle aziende Fortune 500 a tariffe inferiori del 25-50% rispetto al mercato."},"mensaje-3":{"type":"textfield","raw":"Ogni traduzione eseguita dai nostri team di esperti \u00e8 supportata dai Lloyd\u2019s di Londra."},"mensaje-4":{"type":"textfield","raw":"Trusted Translations \u00e8 un orgoglioso sostenitore del St. Jude Children\u2019s Research Hospital."},"mensaje-5":{"type":"textfield","raw":"Siamo stati nominati tra le \u201c500 migliori attivit\u00e0 di propriet\u00e0 ispano-americana\u201d negli Stati Uniti."},"mensaje-6":{"type":"textfield","raw":""}},"single-page-template-fields":{"imgs-temp":{"type":"image","raw":["https:\/\/static.trustedtranslations.com\/wp-content\/uploads\/2024\/06\/sports-1.webp"],"repeatable":[{"raw":"https:\/\/static.trustedtranslations.com\/wp-content\/uploads\/2024\/06\/sports-1.webp"}]},"imgs-temp-cel":{"type":"image","raw":[""],"repeatable":[{"raw":""}]},"img-temp-one-cel":{"type":"image","raw":"https:\/\/static.trustedtranslations.com\/wp-content\/uploads\/2024\/06\/sports-2.webp","attachment_id":null},"quotes":{"type":"textarea","raw":"<h1 style=\"margin-bottom: 12px;\">Servizi di traduzione sportiva<\/h1>Che siate tifosi sfegatati di calcio o spettatori occasionali delle Olimpiadi, la natura sempre pi\u00f9 internazionale dello sport comporta l\u2019esigenza fondamentale di traduzioni sportive di alta qualit\u00e0. Dalla traduzione nel settore dello sport, come la traduzione di documenti e la sottotitolazione, ai contenuti che raggiungono milioni di appassionati di sport in tutto il mondo, Trusted Translations fornisce servizi di traduzione sportiva specializzati adatti ai vostri progetti.<div style=\"margin-top: 2.5vw;\"><a class=\"tt-btn-main-cta\" href=\"\/it\/quote\">RICHIEDI UN PREVENTIVO GRATUITO<\/a><\/div>"},"text-1":{"type":"textarea","raw":"<h2 style=\"margin-bottom: 20px\">Fornitore esperto di traduzioni sportive per i top player del mercato<\/h2>\r\nLa natura complessa e in continua evoluzione della terminologia sportiva richiede traduttori specializzati con una conoscenza approfondita del settore. Con oltre vent\u2019anni di comprovata esperienza nel campo della traduzione e dell\u2019interpretariato, <em>Trusted Translations<\/em> \u00e8 partner di importanti organizzazioni e reti televisive legate allo sport, nonch\u00e9 di societ\u00e0 multinazionali, tra cui la pi\u00f9 grande azienda mondiale di abbigliamento sportivo, Nike, e di atleti di livello GOAT come Neymar Jr. Nel 2017 siamo stati <a href=\"https:\/\/www.trustedtranslations.com\/blog\/nike-trusted-translations-neymar\">assunti da Nike per fornire servizi di interpretariato a Neymar Jr.<\/a> mentre si trovava a Los Angeles durante un tour de force promozionale che includeva la partecipazione al <em>Jimmy Kimmel Live!<\/em> Abbiamo anche fornito servizi di traduzione sportiva di alta qualit\u00e0 a: FIFA, Harlem Globetrotters, Houston Rockets, Texas Rangers e Anaheim Ducks, solo per citarne alcuni.\r\n\r\nLa traduzione sportiva richiede anche particolare attenzione alla conformit\u00e0 alla sicurezza, agli standard internazionali di qualit\u00e0 e alla riservatezza. <em>Trusted Translations<\/em> soddisfa e supera gli standard di qualit\u00e0 ISO nei servizi di traduzione e interpretariato e i nostri traduttori sono esperti nel mantenere la riservatezza e la sicurezza di tutti i materiali.\r\n<h2 style=\"margin-bottom: 20px\">In tutto il mondo<\/h2>\r\nLo sport \u00e8 stato definito un vero e proprio \u201clinguaggio universale\u201d che unisce persone di tutte le et\u00e0, background e provenienza. Tuttavia, affinch\u00e9 questo linguaggio universale raggiunga un pubblico multilingue in tutto il mondo, \u00e8 necessaria una grande quantit\u00e0 di supporto linguistico. Prendiamo ad esempio le Olimpiadi di Tokyo del 2021, che si sono affidate a 100 interpreti di alto livello per fornire contenuti in oltre 11 lingue.\r\n\r\nPoich\u00e9 gli eventi sportivi continuano a diffondersi in nuovi mercati in tutto il mondo, le traduzioni sportive di alta qualit\u00e0 sono fondamentali per aiutare la vostra organizzazione ad avere successo in questo settore globale in forte espansione."},"shortcode-map":{"type":"textfield","raw":""},"dyk-shortcode":{"type":"textfield","raw":"[elementor-template id=\"146751\"]"},"text-2":{"type":"textarea","raw":"<h2 style=\"margin-bottom: 20px\">Vantaggi delle traduzioni sportive di alto livello<\/h2>\r\nQuando si tratta di realizzare profitti, il settore sportivo \u00e8 tra i migliori. Secondo un recente rapporto di mercato, il mercato sportivo globale dovrebbe crescere di valore fino a quasi 600 miliardi di dollari (USD) entro il 2025.\r\n\r\nDi conseguenza, la traduzione \u00e8 pi\u00f9 cruciale che mai per le organizzazioni sportive globali che cercano di far crescere il loro pubblico di intrattenimento e streaming. FIFA+, ad esempio, una piattaforma digitale che fornisce accesso a oltre 40.000 partite di calcio in diretta da tutto il mondo, ha investito in contenuti localizzati in dieci lingue, tra cui inglese, francese, spagnolo, tedesco, portoghese, indonesiano, italiano, giapponese, coreano e arabo.\r\n\r\nAnche i servizi di traduzione sportiva sono diventati sempre pi\u00f9 importanti per le leghe sportive professionistiche. Nel 2016, ad esempio, la Major League Baseball (MLB) ha richiesto a ciascuna squadra di baseball di assumere un interprete professionista dallo spagnolo all\u2019inglese per supportare i giocatori della lega, quasi il 30% dei quali proviene dall\u2019America Latina. Poich\u00e9 sempre pi\u00f9 giocatori viaggiano in tutto il mondo per praticare sport a livello professionale, le aziende hanno nuove, grandi opportunit\u00e0 di raggiungere un nuovo pubblico di lingua straniera.\r\n\r\nAllo stesso tempo, avviare attivit\u00e0 commerciali in un settore cos\u00ec specializzato richiede traduzioni attente per garantire che il brand, i prodotti, i termini tecnici e la documentazione siano corretti nelle diverse lingue.\r\n<h2 style=\"margin-bottom: 20px\">Tipi di traduzione sportiva<\/h2>\r\nData la variet\u00e0 di settori all\u2019interno dell\u2019ampio settore dello sport, ci sono molti diversi tipi di servizi di traduzione sportiva che potreste valutare per soddisfare le vostre esigenze.\r\n<h3>Traduzione di documenti<\/h3>\r\nLa documentazione accuratamente tradotta \u00e8 una priorit\u00e0 assoluta, sia per proteggere l\u2019integrit\u00e0 del brand sia per ampliare il pubblico. Che abbiate bisogno di tradurre accordi di sponsorizzazione, diritti di trasmissione, contratti di giocatori, note di pubbliche relazioni, manuali di attrezzature, materiali legali locali o altri tipi di documentazione, <em>Trusted Translations<\/em> offre un rigoroso processo di traduzione di documenti sportivi che garantisce precisione, tempi di consegna rapidi ed efficacia dei costi.\r\n<h3>Sottotitolazione<\/h3>\r\nEsistono due tipi generali di sottotitoli sportivi: in tempo reale e asincroni. La sottotitolazione di un evento sportivo in tempo reale richiede un\u2019eccezionale attenzione ai dettagli e una vasta esperienza in materia; i \u201csottotitolatori\u201d devono passare rapidamente tra eventi play-by-play, commenti in tempo reale e statistiche. La sottotitolazione di un replay, anche se con tempi ridotti, richiede una conoscenza approfondita del gergo sportivo, dei regolamenti e dei requisiti internazionali per i sottotitoli. Pertanto, \u00e8 meglio lavorare con traduttori che hanno gi\u00e0 molta <a href=\"https:\/\/www.trustedtranslations.com\/it\/servizi\/human\/multimedia\">esperienza con i sottotitoli<\/a>.\r\n<h3>Social network e pubblicit\u00e0<\/h3>\r\nLa pubblicit\u00e0 \u00e8 una parte enorme del settore sportivo: basta considerare come i principali brand competono per accaparrarsi slot commerciali in prima serata durante eventi come il Super Bowl o la Coppa del Mondo FIFA. Anche le squadre sportive, le leghe professionistiche e le societ\u00e0 sportive hanno aumentato in modo significativo l\u2019utilizzo dei social network per attrarre le generazioni pi\u00f9 giovani ed esperte di Internet. Brochure, pubblicit\u00e0, post sui social network e altre forme di contenuti di marketing necessitano di una traduzione che personalizzi il loro messaggio per attrarre fasce di pubblico diverse.\r\n<h3>eLearning per lo sport<\/h3>\r\nSempre pi\u00f9 organizzazioni sportive utilizzano <a href=\"https:\/\/www.trustedtranslations.com\/it\/industrie\/elearning-and-localization\">piattaforme di eLearning<\/a> per fornire formazione video, coaching da remoto e feedback ai professionisti di vari sport, come ginnastica, basket o tennis. Le aziende hanno anche sviluppato corsi di formazione eLearning per allenatori, trainer, analisti sportivi e altri ruoli specializzati all\u2019interno del settore. Una traduzione sportiva di qualit\u00e0 garantisce che questi corsi comunichino le lezioni in modo efficace a un attore globale e a una base di dipendenti.\r\n<h3>Prodotti sportivi\/Merchandising<\/h3>\r\nInnumerevoli linee di prodotti fisici per fan e giocatori riempiono i negozi di tutto il mondo. La merce viene fornita con l\u2019imballaggio e il branding che devono essere opportunamente tradotti e localizzati per i vari mercati. Inoltre, quando si tratta di attrezzature da palestra e abbigliamento sportivo, una traduzione accurata dei manuali e delle istruzioni di sicurezza pu\u00f2 risultare non solo importante, ma potenzialmente salvavita.\r\n\r\nContattateci oggi stesso per saperne di pi\u00f9 su come <em>Trusted Translations<\/em> pu\u00f2 fornire soluzioni convenienti per le vostre esigenze di traduzione sportiva."},"state":{"type":"textfield","raw":""},"city":{"type":"textarea","raw":[]}}},"_links":{"self":[{"href":"https:\/\/www.trustedtranslations.com\/it\/wp-json\/wp\/v2\/pages\/181566","targetHints":{"allow":["GET"]}}],"collection":[{"href":"https:\/\/www.trustedtranslations.com\/it\/wp-json\/wp\/v2\/pages"}],"about":[{"href":"https:\/\/www.trustedtranslations.com\/it\/wp-json\/wp\/v2\/types\/page"}],"author":[{"embeddable":true,"href":"https:\/\/www.trustedtranslations.com\/it\/wp-json\/wp\/v2\/users\/1"}],"replies":[{"embeddable":true,"href":"https:\/\/www.trustedtranslations.com\/it\/wp-json\/wp\/v2\/comments?post=181566"}],"version-history":[{"count":0,"href":"https:\/\/www.trustedtranslations.com\/it\/wp-json\/wp\/v2\/pages\/181566\/revisions"}],"up":[{"embeddable":true,"href":"https:\/\/www.trustedtranslations.com\/it\/wp-json\/wp\/v2\/pages\/123363"}],"wp:featuredmedia":[{"embeddable":true,"href":"https:\/\/www.trustedtranslations.com\/it\/wp-json\/wp\/v2\/media\/160117"}],"wp:attachment":[{"href":"https:\/\/www.trustedtranslations.com\/it\/wp-json\/wp\/v2\/media?parent=181566"}],"curies":[{"name":"wp","href":"https:\/\/api.w.org\/{rel}","templated":true}]}}